{"id":472,"date":"2009-07-06T23:12:28","date_gmt":"2009-07-06T21:12:28","guid":{"rendered":"https:\/\/f2h.app\/golfclub-weitra\/"},"modified":"2025-09-01T11:22:51","modified_gmt":"2025-09-01T09:22:51","slug":"golfclub-weitra","status":"publish","type":"page","link":"https:\/\/fairway2hotel.at\/cs\/golfclubs\/niederoesterreich\/golfclub-weitra\/","title":{"rendered":"GC Weitra"},"content":{"rendered":"<h2>GC Weitra \u2013 Golf, Freizeit, Genuss<\/h2>\n<p>Der Golfclub Weitra ist wahrlich eine Reise wert. Inmitten der wundersch\u00f6nen Waldviertler Landschaft bietet er auf vielen Spielbahnen einen atemberaubenden Blick auf Schloss Weitra. Der Golfplatz z\u00e4hlt zu den sch\u00f6nsten und gepflegtesten Pl\u00e4tzen des Oberen Waldviertels. Der 18 Loch Championship Kurs gilt als mittelschwer und bietet sowohl f\u00fcr Anf\u00e4nger als auch f\u00fcr Fortgeschrittene eine attraktive Herausforderung. Die Fairways sind in die abwechslungsreiche Landschaft eingebettet und trotz der Bunker und Wasserhindernisse sowie des h\u00fcgeligen Gel\u00e4ndes moderat und werden von Golfern jeder Spielst\u00e4rke gesch\u00e4tzt. Dank den neuesten Ger\u00e4ten f\u00fcr die Pflege der Anlage erwarten Sie in Weitra ideale Bedingungen f\u00fcr eine perfekte Golfrunde.<br \/>\nAn hei\u00dfen Sommertagen sorgt der nahegelegene Badeteich nach der Golfrunde f\u00fcr Abk\u00fchlung und die clubeigene Liegewiese bietet die M\u00f6glichkeit zum Entspannen. Kulinarisch versorgt Sie das Team des Restaurant-Hotel Hausschachen mit regionaler K\u00fcche.<\/p>\n<h2>GC Weitra &#8211; Golf, leisure, pleasure<\/h2>\n<p>The Weitra Golf Club is truly worth a visit. Surrounded by the beautiful Waldviertel countryside, it offers a breathtaking view of Weitra Castle on many holes. The golf course is one of the most beautiful and well-kept courses in the Upper Waldviertel. The 18-hole championship course is considered moderately difficult and offers an attractive challenge for both beginners and advanced players. The fairways are embedded in the varied landscape and, despite the bunkers and water hazards as well as the hilly terrain, are moderate and appreciated by golfers of all levels. Thanks to the latest equipment for maintaining the course, you can expect ideal conditions for a perfect round of golf in Weitra.<br \/>\nOn hot summer days, the nearby bathing pond provides refreshment after a round of golf and the club&#8217;s own sunbathing lawn offers the opportunity to relax. The team at the Restaurant-Hotel Hausschachen will provide you with regional culinary delights.<\/p>\n<p>&nbsp;<\/p>\n<p>&nbsp;<\/p>\n","protected":false},"excerpt":{"rendered":"<p>GC Weitra \u2013 Golf, Freizeit, Genuss Der Golfclub Weitra ist wahrlich eine Reise wert. Inmitten der wundersch\u00f6nen Waldviertler Landschaft bietet er auf vielen Spielbahnen einen atemberaubenden Blick auf Schloss Weitra. Der Golfplatz z\u00e4hlt zu den sch\u00f6nsten und gepflegtesten Pl\u00e4tzen des Oberen Waldviertels. Der 18 Loch Championship Kurs gilt als mittelschwer und bietet sowohl f\u00fcr Anf\u00e4nger [&hellip;]<\/p>\n","protected":false},"author":1,"featured_media":0,"parent":1448,"menu_order":19,"comment_status":"closed","ping_status":"closed","template":"page-partner.php","meta":{"_acf_changed":false,"footnotes":""},"class_list":["post-472","page","type-page","status-publish","hentry"],"acf":{"partner_infobox":"<strong>Adresse:\u00a0<\/strong>Hausschachen 313, 3970 Weitra\r\n\r\n<strong>Tel:<\/strong>\u00a0+43 2856\/20 58\r\n\r\n<strong>Fax:\u00a0<\/strong>+43 2856\/20 58-4\r\n\r\n<strong>Web: <\/strong><a href=\"http:\/\/www.golfweitra.at\" target=\"_blank\" rel=\"nofollow noopener noreferrer\">www.golfweitra.at<\/a>\r\n\r\n<strong>E-Mail:<\/strong> <a href=\"mailto:gcweitra@golf.at\">gcweitra@golf.at<\/a>\r\n\r\n<strong>Spielbahnen\/Par: <\/strong>18\/72\r\n\r\n<strong>La\u0308nge:\r\n<\/strong>gelb: 5.800 m\/rot: 5.158 m \/ blau: 5.581 m\/orange: 4.967 m\r\n\r\n<strong>Bedingungen:<\/strong>\r\nGutscheine g\u00fcltig\u00a0von Mo bis Fr ganzt\u00e4gig,\r\nSa, So, Feiertage ab 13:00 Uhr\r\n\r\n<strong>Anfahrt:\r\n<\/strong>A 1 Salzburg \u2192 bis Knoten Linz \u2192 auf A 7 \u2192 Linz \u2192 Freistadt, von dort auf B 38 \u2192 Karlstift \u2192 auf B 41 \u2192 Weitravon Wien: A 22 Stockerau \u2192 aufB 4 \u2192 Schrems. In Schrems \u2192 auf B 41 \u2192 Gm\u00fcnd \u2192 Weitra: Golfplatz","partner_logo":47212,"partner_gallery":[47220,47214,47216,47218,47222,47224],"partner_lat":48.69256,"partner_long":14.89023,"partner_type":"golfclub","partner_openings":["1","2","3","4","5","6","7"],"montag_von_bis":"00:00 - 24:00","dienstag_von_bis":"00:00 - 24:00","mittwoch_von_bis":"00:00 - 24:00","donnerstag_von_bis":"00:00 - 24:00","freitag_von_bis":"00:00 - 24:00","samstag_von_bis":"13:00 - 24:00","sonntag_von_bis":"13:00 - 24:00","partner_adresse":"Hausschachen 313, 3970 Weitra","partner_land_bundesland":"Nieder\u00f6sterreich","partner_tel_1":"0043 2856 20 584","partner_tel_2":"0043 2856 20 58","partner_web":"https:\/\/hausschachen.at\/golf\/","partner_mail":"gcweitra@hausschachen.at","partner_spielbahnen_par":"18\/72","partner_laenge":"gelb: 5.800 m\/rot: 5.158 m \/ blau: 5.581 m\/orange: 4.967 m","partner_bedingungen":"Gutscheine g\u00fcltig\u00a0von Mo bis Fr ganzt\u00e4gig, Sa, So, Feiertage ab 13:00 Uhr. Regul\u00e4res Greenfee \u20ac 90,--\r\nVouchers valid from Mon to Fri all day, Sat, Sun, public holidays after 1.00 p.m. regular Greenfee \u20ac 90,--","partner_anfahrt":"A 1 Salzburg \u2192 bis Knoten Linz \u2192 auf A 7 \u2192 Linz \u2192 Freistadt, von dort auf B 38 \u2192 Karlstift \u2192 auf B 41 \u2192 Weitravon Wien: A 22 Stockerau \u2192 aufB 4 \u2192 Schrems. In Schrems \u2192 auf B 41 \u2192 Gm\u00fcnd \u2192 Weitra: Golfplatz","partner_misc":null,"additional_css_classes":""},"yoast_head":"<!-- This site is optimized with the Yoast SEO plugin v26.8 - https:\/\/yoast.com\/product\/yoast-seo-wordpress\/ -->\n<title>GC Weitra - Fairway 2 Hotel<\/title>\n<meta name=\"robots\" content=\"index, follow, max-snippet:-1, max-image-preview:large, max-video-preview:-1\" \/>\n<link rel=\"canonical\" href=\"https:\/\/fairway2hotel.at\/cs\/golfclubs\/niederoesterreich\/golfclub-weitra\/\" \/>\n<meta property=\"og:locale\" content=\"cs_CZ\" \/>\n<meta property=\"og:type\" content=\"article\" \/>\n<meta property=\"og:title\" content=\"GC Weitra - Fairway 2 Hotel\" \/>\n<meta property=\"og:description\" content=\"GC Weitra \u2013 Golf, Freizeit, Genuss Der Golfclub Weitra ist wahrlich eine Reise wert. Inmitten der wundersch\u00f6nen Waldviertler Landschaft bietet er auf vielen Spielbahnen einen atemberaubenden Blick auf Schloss Weitra. Der Golfplatz z\u00e4hlt zu den sch\u00f6nsten und gepflegtesten Pl\u00e4tzen des Oberen Waldviertels. Der 18 Loch Championship Kurs gilt als mittelschwer und bietet sowohl f\u00fcr Anf\u00e4nger [&hellip;]\" \/>\n<meta property=\"og:url\" content=\"https:\/\/fairway2hotel.at\/cs\/golfclubs\/niederoesterreich\/golfclub-weitra\/\" \/>\n<meta property=\"og:site_name\" content=\"Fairway 2 Hotel\" \/>\n<meta property=\"article:modified_time\" content=\"2025-09-01T09:22:51+00:00\" \/>\n<meta name=\"twitter:card\" content=\"summary_large_image\" \/>\n<meta name=\"twitter:label1\" content=\"Odhadovan\u00e1 doba \u010dten\u00ed\" \/>\n\t<meta name=\"twitter:data1\" content=\"2 minuty\" \/>\n<script type=\"application\/ld+json\" class=\"yoast-schema-graph\">{\"@context\":\"https:\/\/schema.org\",\"@graph\":[{\"@type\":\"WebPage\",\"@id\":\"https:\/\/fairway2hotel.at\/cs\/golfclubs\/niederoesterreich\/golfclub-weitra\/\",\"url\":\"https:\/\/fairway2hotel.at\/cs\/golfclubs\/niederoesterreich\/golfclub-weitra\/\",\"name\":\"GC Weitra - Fairway 2 Hotel\",\"isPartOf\":{\"@id\":\"https:\/\/fairway2hotel.at\/cs\/#website\"},\"datePublished\":\"2009-07-06T21:12:28+00:00\",\"dateModified\":\"2025-09-01T09:22:51+00:00\",\"breadcrumb\":{\"@id\":\"https:\/\/fairway2hotel.at\/cs\/golfclubs\/niederoesterreich\/golfclub-weitra\/#breadcrumb\"},\"inLanguage\":\"cs\",\"potentialAction\":[{\"@type\":\"ReadAction\",\"target\":[\"https:\/\/fairway2hotel.at\/cs\/golfclubs\/niederoesterreich\/golfclub-weitra\/\"]}]},{\"@type\":\"BreadcrumbList\",\"@id\":\"https:\/\/fairway2hotel.at\/cs\/golfclubs\/niederoesterreich\/golfclub-weitra\/#breadcrumb\",\"itemListElement\":[{\"@type\":\"ListItem\",\"position\":1,\"name\":\"Home\",\"item\":\"https:\/\/fairway2hotel.at\/cs\/\"},{\"@type\":\"ListItem\",\"position\":2,\"name\":\"Golfclubs\",\"item\":\"https:\/\/fairway2hotel.at\/cs\/golfclubs\/\"},{\"@type\":\"ListItem\",\"position\":3,\"name\":\"Golfclubs Nieder\u00f6sterreich\",\"item\":\"https:\/\/fairway2hotel.at\/cs\/golfclubs\/niederoesterreich\/\"},{\"@type\":\"ListItem\",\"position\":4,\"name\":\"GC Weitra\"}]},{\"@type\":\"WebSite\",\"@id\":\"https:\/\/fairway2hotel.at\/cs\/#website\",\"url\":\"https:\/\/fairway2hotel.at\/cs\/\",\"name\":\"Fairway 2 Hotel\",\"description\":\"Golf zum halben Preis! 2 spielen - 1 zahlt\",\"potentialAction\":[{\"@type\":\"SearchAction\",\"target\":{\"@type\":\"EntryPoint\",\"urlTemplate\":\"https:\/\/fairway2hotel.at\/cs\/?s={search_term_string}\"},\"query-input\":{\"@type\":\"PropertyValueSpecification\",\"valueRequired\":true,\"valueName\":\"search_term_string\"}}],\"inLanguage\":\"cs\"}]}<\/script>\n<!-- \/ Yoast SEO plugin. -->","yoast_head_json":{"title":"GC Weitra - Fairway 2 Hotel","robots":{"index":"index","follow":"follow","max-snippet":"max-snippet:-1","max-image-preview":"max-image-preview:large","max-video-preview":"max-video-preview:-1"},"canonical":"https:\/\/fairway2hotel.at\/cs\/golfclubs\/niederoesterreich\/golfclub-weitra\/","og_locale":"cs_CZ","og_type":"article","og_title":"GC Weitra - Fairway 2 Hotel","og_description":"GC Weitra \u2013 Golf, Freizeit, Genuss Der Golfclub Weitra ist wahrlich eine Reise wert. Inmitten der wundersch\u00f6nen Waldviertler Landschaft bietet er auf vielen Spielbahnen einen atemberaubenden Blick auf Schloss Weitra. Der Golfplatz z\u00e4hlt zu den sch\u00f6nsten und gepflegtesten Pl\u00e4tzen des Oberen Waldviertels. Der 18 Loch Championship Kurs gilt als mittelschwer und bietet sowohl f\u00fcr Anf\u00e4nger [&hellip;]","og_url":"https:\/\/fairway2hotel.at\/cs\/golfclubs\/niederoesterreich\/golfclub-weitra\/","og_site_name":"Fairway 2 Hotel","article_modified_time":"2025-09-01T09:22:51+00:00","twitter_card":"summary_large_image","twitter_misc":{"Odhadovan\u00e1 doba \u010dten\u00ed":"2 minuty"},"schema":{"@context":"https:\/\/schema.org","@graph":[{"@type":"WebPage","@id":"https:\/\/fairway2hotel.at\/cs\/golfclubs\/niederoesterreich\/golfclub-weitra\/","url":"https:\/\/fairway2hotel.at\/cs\/golfclubs\/niederoesterreich\/golfclub-weitra\/","name":"GC Weitra - Fairway 2 Hotel","isPartOf":{"@id":"https:\/\/fairway2hotel.at\/cs\/#website"},"datePublished":"2009-07-06T21:12:28+00:00","dateModified":"2025-09-01T09:22:51+00:00","breadcrumb":{"@id":"https:\/\/fairway2hotel.at\/cs\/golfclubs\/niederoesterreich\/golfclub-weitra\/#breadcrumb"},"inLanguage":"cs","potentialAction":[{"@type":"ReadAction","target":["https:\/\/fairway2hotel.at\/cs\/golfclubs\/niederoesterreich\/golfclub-weitra\/"]}]},{"@type":"BreadcrumbList","@id":"https:\/\/fairway2hotel.at\/cs\/golfclubs\/niederoesterreich\/golfclub-weitra\/#breadcrumb","itemListElement":[{"@type":"ListItem","position":1,"name":"Home","item":"https:\/\/fairway2hotel.at\/cs\/"},{"@type":"ListItem","position":2,"name":"Golfclubs","item":"https:\/\/fairway2hotel.at\/cs\/golfclubs\/"},{"@type":"ListItem","position":3,"name":"Golfclubs Nieder\u00f6sterreich","item":"https:\/\/fairway2hotel.at\/cs\/golfclubs\/niederoesterreich\/"},{"@type":"ListItem","position":4,"name":"GC Weitra"}]},{"@type":"WebSite","@id":"https:\/\/fairway2hotel.at\/cs\/#website","url":"https:\/\/fairway2hotel.at\/cs\/","name":"Fairway 2 Hotel","description":"Golf zum halben Preis! 2 spielen - 1 zahlt","potentialAction":[{"@type":"SearchAction","target":{"@type":"EntryPoint","urlTemplate":"https:\/\/fairway2hotel.at\/cs\/?s={search_term_string}"},"query-input":{"@type":"PropertyValueSpecification","valueRequired":true,"valueName":"search_term_string"}}],"inLanguage":"cs"}]}},"_links":{"self":[{"href":"https:\/\/fairway2hotel.at\/cs\/wp-json\/wp\/v2\/pages\/472","targetHints":{"allow":["GET"]}}],"collection":[{"href":"https:\/\/fairway2hotel.at\/cs\/wp-json\/wp\/v2\/pages"}],"about":[{"href":"https:\/\/fairway2hotel.at\/cs\/wp-json\/wp\/v2\/types\/page"}],"author":[{"embeddable":true,"href":"https:\/\/fairway2hotel.at\/cs\/wp-json\/wp\/v2\/users\/1"}],"replies":[{"embeddable":true,"href":"https:\/\/fairway2hotel.at\/cs\/wp-json\/wp\/v2\/comments?post=472"}],"version-history":[{"count":18,"href":"https:\/\/fairway2hotel.at\/cs\/wp-json\/wp\/v2\/pages\/472\/revisions"}],"predecessor-version":[{"id":49036,"href":"https:\/\/fairway2hotel.at\/cs\/wp-json\/wp\/v2\/pages\/472\/revisions\/49036"}],"up":[{"embeddable":true,"href":"https:\/\/fairway2hotel.at\/cs\/wp-json\/wp\/v2\/pages\/1448"}],"acf:attachment":[{"embeddable":true,"href":"https:\/\/fairway2hotel.at\/cs\/wp-json\/wp\/v2\/media\/47224"},{"embeddable":true,"href":"https:\/\/fairway2hotel.at\/cs\/wp-json\/wp\/v2\/media\/47222"},{"embeddable":true,"href":"https:\/\/fairway2hotel.at\/cs\/wp-json\/wp\/v2\/media\/47218"},{"embeddable":true,"href":"https:\/\/fairway2hotel.at\/cs\/wp-json\/wp\/v2\/media\/47216"},{"embeddable":true,"href":"https:\/\/fairway2hotel.at\/cs\/wp-json\/wp\/v2\/media\/47214"},{"embeddable":true,"href":"https:\/\/fairway2hotel.at\/cs\/wp-json\/wp\/v2\/media\/47220"}],"wp:attachment":[{"href":"https:\/\/fairway2hotel.at\/cs\/wp-json\/wp\/v2\/media?parent=472"}],"curies":[{"name":"wp","href":"https:\/\/api.w.org\/{rel}","templated":true}]}}