{"id":48461,"date":"2025-05-20T11:59:48","date_gmt":"2025-05-20T09:59:48","guid":{"rendered":"https:\/\/fairway2hotel.at\/?page_id=48461"},"modified":"2026-02-23T16:34:07","modified_gmt":"2026-02-23T15:34:07","slug":"gc-tirrenia","status":"publish","type":"page","link":"https:\/\/fairway2hotel.at\/cs\/golfclubs\/italien\/gc-tirrenia\/","title":{"rendered":"GC Tirrenia"},"content":{"rendered":"<h2>Golf Club Tirrenia-Ein unvergessliches Erlebnis zwischen Sport, Natur und Entspannung<\/h2>\n<p>Der Golf Club Tirrenia bietet einen einzigartigen Golfplatz, eingebettet in die Ruhe eines jahrhundertealten Pinienwaldes und der \u00fcppigen mediterranen Macchia des Naturparks San Rossore.<br \/>\nDer 1967 vom britischen Architekten Ken Cotton entworfene 9-Loch-Platz erstreckt sich \u00fcber mehr als 3.000 Meter und vereint Technik, Sch\u00f6nheit und sportliche Herausforderung auf harmonische Weise. Vom Magazin Golf Digest als bester 9-Loch-Platz Italiens ausgezeichnet, ist er der ideale Ort, um Golf in einer entspannenden und zugleich inspirierenden Umgebung zu genie\u00dfen.<br \/>\nDas milde Klima von Tirrenia sowie die gesch\u00fctzte Lage \u2013 windgesch\u00fctzt im Winter, angenehm luftig im Sommer \u2013 erm\u00f6glichen das Golfspiel das ganze Jahr \u00fcber. Der Platz steht allen Mitgliedern des italienischen Golfverbands (FIG) sowie gleichgestellten ausl\u00e4ndischen Verb\u00e4nden offen und ist zudem haustierfreundlich. Der Club zeichnet sich durch seine herzliche Atmosph\u00e4re und professionelle Leitung aus und bietet den G\u00e4sten ein hochwertiges Erlebnis. Zus\u00e4tzlich steht ein 6 km langer Fitnesspfad im Herzen des mediterranen Waldes zur Verf\u00fcgung \u2013 ideal f\u00fcr erholsame Spazierg\u00e4nge. Das elegante Clubhaus, umgeben vom Gr\u00fcn, beherbergt eine Bar, einen Lesesaal und ein renommiertes Restaurant mit Blick auf das Fairway von Loch 1.<\/p>\n<h2>Golf Club Tirrenia-A Unique Golfing Experience in the Heart of Tuscany<\/h2>\n<p>Get ready for an unforgetable experience on the greens of our golf course, the ideal spot to challenge yourself while enjoying the beauty of nature and the environment. The course was designed by the English architect Ken Cotton and superbly laid out in 1967 amidst the splendid greenery of a centuries-old pinewood and lush Mediterranean scrub. Today it is part of the San Rossore Natural Park. A few years ago it was voted the best course in Italy by Golf Digest magazine. A garden where sport and relaxation have found their home. Its nine holes, with a total length of 3.030 mt kept in superb conditions all year round and provide a fair test for players of every level.<br \/>\nAmong the unique features of this fantastic golf destination, a 6 km life path carved in the lush Mediterranean woodland where visitors can enjoy a regenerating walk.<br \/>\nExperience and professionalism have always characterised the management of all the Club&#8217;s sporting activities. Its atmosphere is pleasant and welcoming. Tee Times are free (no booking needed )except on tournament days. Guests and tourists are welcome; players registered with the Italian Golf Federation or similar foreign affiliations are allowed access to the course, which is pet friendly too. The elegant Club House sits in the lush green surroundings of the Golf Club. It overlooks the start of Hole 1, whose fairway can be viewed from the spacious and bright terrace . At the club&#8217;s restaurant, which has always been renowned for its seafood dishes, the customers will have the opportunity to taste the authentic Tuscan culinary tradition, matched with the best selection of local wines. The location of this place is also special: just 15 km from one of the seven a world wonders, the leaning tower of Pisa; 10 km from Pisa International Airport; 10 km from Livorno Cruise Terminal; 5 km from A12 Motorway exit.<\/p>\n<p>&nbsp;<\/p>\n","protected":false},"excerpt":{"rendered":"<p>Golf Club Tirrenia-Ein unvergessliches Erlebnis zwischen Sport, Natur und Entspannung Der Golf Club Tirrenia bietet einen einzigartigen Golfplatz, eingebettet in die Ruhe eines jahrhundertealten Pinienwaldes und der \u00fcppigen mediterranen Macchia des Naturparks San Rossore. Der 1967 vom britischen Architekten Ken Cotton entworfene 9-Loch-Platz erstreckt sich \u00fcber mehr als 3.000 Meter und vereint Technik, Sch\u00f6nheit und [&hellip;]<\/p>\n","protected":false},"author":24,"featured_media":0,"parent":1657,"menu_order":0,"comment_status":"closed","ping_status":"closed","template":"page-partner.php","meta":{"_acf_changed":false,"footnotes":""},"class_list":["post-48461","page","type-page","status-publish","hentry"],"acf":{"partner_infobox":"<strong>Adresse:\u00a0<\/strong>Via Valerina 29, I - 23010 Caiolo\r\n\r\n<strong>Tel:\u00a0<\/strong>+39 0342 354009\r\n\r\n<strong>Web: <\/strong><a href=\"https:\/\/www.valtellinagolf.com\" target=\"_blank\" rel=\"nofollow noopener noreferrer\">www.valtellinagolf.com<\/a>\r\n\r\n<strong>E-Mail:<\/strong> <a href=\"mailto:info@valtellinagolf.com\">info@valtellinagolf.com<\/a>","partner_logo":null,"partner_gallery":[48466,48464,48462,48468],"partner_lat":43.62675950678548,"partner_long":10.300484714008462,"partner_type":"golfclub","partner_openings":["1","2","3","4","5","6","7"],"montag_von_bis":"00:00 - 24:00","dienstag_von_bis":"00:00 - 24:00","mittwoch_von_bis":"00:00 - 24:00","donnerstag_von_bis":"00:00 - 24:00","freitag_von_bis":"00:00 - 24:00","samstag_von_bis":"00:00 - 24:00","sonntag_von_bis":"00:00 - 24:00","partner_adresse":"Viale San Guido, I-56018 Tirrenia (Pisa)","partner_land_bundesland":"Italien","partner_tel_1":"+39 050 37518","partner_tel_2":"","partner_web":"https:\/\/www.golftirrenia.it","partner_mail":"info@golftirrenia.it","partner_spielbahnen_par":"9\/36","partner_laenge":"","partner_bedingungen":"","partner_anfahrt":"","partner_misc":null,"additional_css_classes":""},"yoast_head":"<!-- This site is optimized with the Yoast SEO plugin v26.8 - https:\/\/yoast.com\/product\/yoast-seo-wordpress\/ -->\n<title>GC Tirrenia - Fairway 2 Hotel<\/title>\n<meta name=\"robots\" content=\"index, follow, max-snippet:-1, max-image-preview:large, max-video-preview:-1\" \/>\n<link rel=\"canonical\" href=\"https:\/\/fairway2hotel.at\/cs\/golfclubs\/italien\/gc-tirrenia\/\" \/>\n<meta property=\"og:locale\" content=\"cs_CZ\" \/>\n<meta property=\"og:type\" content=\"article\" \/>\n<meta property=\"og:title\" content=\"GC Tirrenia - Fairway 2 Hotel\" \/>\n<meta property=\"og:description\" content=\"Golf Club Tirrenia-Ein unvergessliches Erlebnis zwischen Sport, Natur und Entspannung Der Golf Club Tirrenia bietet einen einzigartigen Golfplatz, eingebettet in die Ruhe eines jahrhundertealten Pinienwaldes und der \u00fcppigen mediterranen Macchia des Naturparks San Rossore. Der 1967 vom britischen Architekten Ken Cotton entworfene 9-Loch-Platz erstreckt sich \u00fcber mehr als 3.000 Meter und vereint Technik, Sch\u00f6nheit und [&hellip;]\" \/>\n<meta property=\"og:url\" content=\"https:\/\/fairway2hotel.at\/cs\/golfclubs\/italien\/gc-tirrenia\/\" \/>\n<meta property=\"og:site_name\" content=\"Fairway 2 Hotel\" \/>\n<meta property=\"article:modified_time\" content=\"2026-02-23T15:34:07+00:00\" \/>\n<meta name=\"twitter:card\" content=\"summary_large_image\" \/>\n<meta name=\"twitter:label1\" content=\"Odhadovan\u00e1 doba \u010dten\u00ed\" \/>\n\t<meta name=\"twitter:data1\" content=\"3 minuty\" \/>\n<script type=\"application\/ld+json\" class=\"yoast-schema-graph\">{\"@context\":\"https:\/\/schema.org\",\"@graph\":[{\"@type\":\"WebPage\",\"@id\":\"https:\/\/fairway2hotel.at\/cs\/golfclubs\/italien\/gc-tirrenia\/\",\"url\":\"https:\/\/fairway2hotel.at\/cs\/golfclubs\/italien\/gc-tirrenia\/\",\"name\":\"GC Tirrenia - Fairway 2 Hotel\",\"isPartOf\":{\"@id\":\"https:\/\/fairway2hotel.at\/cs\/#website\"},\"datePublished\":\"2025-05-20T09:59:48+00:00\",\"dateModified\":\"2026-02-23T15:34:07+00:00\",\"breadcrumb\":{\"@id\":\"https:\/\/fairway2hotel.at\/cs\/golfclubs\/italien\/gc-tirrenia\/#breadcrumb\"},\"inLanguage\":\"cs\",\"potentialAction\":[{\"@type\":\"ReadAction\",\"target\":[\"https:\/\/fairway2hotel.at\/cs\/golfclubs\/italien\/gc-tirrenia\/\"]}]},{\"@type\":\"BreadcrumbList\",\"@id\":\"https:\/\/fairway2hotel.at\/cs\/golfclubs\/italien\/gc-tirrenia\/#breadcrumb\",\"itemListElement\":[{\"@type\":\"ListItem\",\"position\":1,\"name\":\"Home\",\"item\":\"https:\/\/fairway2hotel.at\/cs\/\"},{\"@type\":\"ListItem\",\"position\":2,\"name\":\"Golfclubs\",\"item\":\"https:\/\/fairway2hotel.at\/cs\/golfclubs\/\"},{\"@type\":\"ListItem\",\"position\":3,\"name\":\"Golfclubs Italien\",\"item\":\"https:\/\/fairway2hotel.at\/cs\/golfclubs\/italien\/\"},{\"@type\":\"ListItem\",\"position\":4,\"name\":\"GC Tirrenia\"}]},{\"@type\":\"WebSite\",\"@id\":\"https:\/\/fairway2hotel.at\/cs\/#website\",\"url\":\"https:\/\/fairway2hotel.at\/cs\/\",\"name\":\"Fairway 2 Hotel\",\"description\":\"Golf zum halben Preis! 2 spielen - 1 zahlt\",\"potentialAction\":[{\"@type\":\"SearchAction\",\"target\":{\"@type\":\"EntryPoint\",\"urlTemplate\":\"https:\/\/fairway2hotel.at\/cs\/?s={search_term_string}\"},\"query-input\":{\"@type\":\"PropertyValueSpecification\",\"valueRequired\":true,\"valueName\":\"search_term_string\"}}],\"inLanguage\":\"cs\"}]}<\/script>\n<!-- \/ Yoast SEO plugin. -->","yoast_head_json":{"title":"GC Tirrenia - Fairway 2 Hotel","robots":{"index":"index","follow":"follow","max-snippet":"max-snippet:-1","max-image-preview":"max-image-preview:large","max-video-preview":"max-video-preview:-1"},"canonical":"https:\/\/fairway2hotel.at\/cs\/golfclubs\/italien\/gc-tirrenia\/","og_locale":"cs_CZ","og_type":"article","og_title":"GC Tirrenia - Fairway 2 Hotel","og_description":"Golf Club Tirrenia-Ein unvergessliches Erlebnis zwischen Sport, Natur und Entspannung Der Golf Club Tirrenia bietet einen einzigartigen Golfplatz, eingebettet in die Ruhe eines jahrhundertealten Pinienwaldes und der \u00fcppigen mediterranen Macchia des Naturparks San Rossore. Der 1967 vom britischen Architekten Ken Cotton entworfene 9-Loch-Platz erstreckt sich \u00fcber mehr als 3.000 Meter und vereint Technik, Sch\u00f6nheit und [&hellip;]","og_url":"https:\/\/fairway2hotel.at\/cs\/golfclubs\/italien\/gc-tirrenia\/","og_site_name":"Fairway 2 Hotel","article_modified_time":"2026-02-23T15:34:07+00:00","twitter_card":"summary_large_image","twitter_misc":{"Odhadovan\u00e1 doba \u010dten\u00ed":"3 minuty"},"schema":{"@context":"https:\/\/schema.org","@graph":[{"@type":"WebPage","@id":"https:\/\/fairway2hotel.at\/cs\/golfclubs\/italien\/gc-tirrenia\/","url":"https:\/\/fairway2hotel.at\/cs\/golfclubs\/italien\/gc-tirrenia\/","name":"GC Tirrenia - Fairway 2 Hotel","isPartOf":{"@id":"https:\/\/fairway2hotel.at\/cs\/#website"},"datePublished":"2025-05-20T09:59:48+00:00","dateModified":"2026-02-23T15:34:07+00:00","breadcrumb":{"@id":"https:\/\/fairway2hotel.at\/cs\/golfclubs\/italien\/gc-tirrenia\/#breadcrumb"},"inLanguage":"cs","potentialAction":[{"@type":"ReadAction","target":["https:\/\/fairway2hotel.at\/cs\/golfclubs\/italien\/gc-tirrenia\/"]}]},{"@type":"BreadcrumbList","@id":"https:\/\/fairway2hotel.at\/cs\/golfclubs\/italien\/gc-tirrenia\/#breadcrumb","itemListElement":[{"@type":"ListItem","position":1,"name":"Home","item":"https:\/\/fairway2hotel.at\/cs\/"},{"@type":"ListItem","position":2,"name":"Golfclubs","item":"https:\/\/fairway2hotel.at\/cs\/golfclubs\/"},{"@type":"ListItem","position":3,"name":"Golfclubs Italien","item":"https:\/\/fairway2hotel.at\/cs\/golfclubs\/italien\/"},{"@type":"ListItem","position":4,"name":"GC Tirrenia"}]},{"@type":"WebSite","@id":"https:\/\/fairway2hotel.at\/cs\/#website","url":"https:\/\/fairway2hotel.at\/cs\/","name":"Fairway 2 Hotel","description":"Golf zum halben Preis! 2 spielen - 1 zahlt","potentialAction":[{"@type":"SearchAction","target":{"@type":"EntryPoint","urlTemplate":"https:\/\/fairway2hotel.at\/cs\/?s={search_term_string}"},"query-input":{"@type":"PropertyValueSpecification","valueRequired":true,"valueName":"search_term_string"}}],"inLanguage":"cs"}]}},"_links":{"self":[{"href":"https:\/\/fairway2hotel.at\/cs\/wp-json\/wp\/v2\/pages\/48461","targetHints":{"allow":["GET"]}}],"collection":[{"href":"https:\/\/fairway2hotel.at\/cs\/wp-json\/wp\/v2\/pages"}],"about":[{"href":"https:\/\/fairway2hotel.at\/cs\/wp-json\/wp\/v2\/types\/page"}],"author":[{"embeddable":true,"href":"https:\/\/fairway2hotel.at\/cs\/wp-json\/wp\/v2\/users\/24"}],"replies":[{"embeddable":true,"href":"https:\/\/fairway2hotel.at\/cs\/wp-json\/wp\/v2\/comments?post=48461"}],"version-history":[{"count":8,"href":"https:\/\/fairway2hotel.at\/cs\/wp-json\/wp\/v2\/pages\/48461\/revisions"}],"predecessor-version":[{"id":52780,"href":"https:\/\/fairway2hotel.at\/cs\/wp-json\/wp\/v2\/pages\/48461\/revisions\/52780"}],"up":[{"embeddable":true,"href":"https:\/\/fairway2hotel.at\/cs\/wp-json\/wp\/v2\/pages\/1657"}],"acf:attachment":[{"embeddable":true,"href":"https:\/\/fairway2hotel.at\/cs\/wp-json\/wp\/v2\/media\/48468"},{"embeddable":true,"href":"https:\/\/fairway2hotel.at\/cs\/wp-json\/wp\/v2\/media\/48462"},{"embeddable":true,"href":"https:\/\/fairway2hotel.at\/cs\/wp-json\/wp\/v2\/media\/48464"},{"embeddable":true,"href":"https:\/\/fairway2hotel.at\/cs\/wp-json\/wp\/v2\/media\/48466"}],"wp:attachment":[{"href":"https:\/\/fairway2hotel.at\/cs\/wp-json\/wp\/v2\/media?parent=48461"}],"curies":[{"name":"wp","href":"https:\/\/api.w.org\/{rel}","templated":true}]}}