{"id":48564,"date":"2025-06-04T17:31:18","date_gmt":"2025-06-04T15:31:18","guid":{"rendered":"https:\/\/fairway2hotel.at\/?page_id=48564"},"modified":"2025-06-05T14:55:31","modified_gmt":"2025-06-05T12:55:31","slug":"seegasthof-hotel-hoisnwirt","status":"publish","type":"page","link":"https:\/\/fairway2hotel.at\/cs\/hotels\/oberoesterreich\/seegasthof-hotel-hoisnwirt\/","title":{"rendered":"Seegasthof &#038; Hotel**** Hois\u00b4nwirt"},"content":{"rendered":"<h2>Ein malerisches Platzerl im Salzkammergut<\/h2>\n<p>Im Jahre 1896 hat Johann Schallmeiner genau gewusst, warum er dieses \u201eFleckerl\u201c auf der Sonnenseite des Traunsees f\u00fcr sein Wirtshaus, mit den ger\u00e4umigen Seeblick-Zimmern, ausgesucht hat. Tradition ist f\u00fcr uns die Verpflichtung unser Haus im Sinne des Gr\u00fcnders, Hans Schallmeiner, welcher vor mehr als 100 Jahren den Grundstein f\u00fcr G\u00e4steverbundenheit, bodenst\u00e4ndige K\u00fcche und eine famili\u00e4re Atmosph\u00e4re legte, weiterzuf\u00fchren. Ein Grundsatz der von den heutigen Wirtsleuten, Rosi und Hans Schallmeiner, sowie deren Tochter Johanna und ihrem Ehemann Christian, ebenso gepflegt wird wie von allen Mitarbeitern.<\/p>\n<p>Das ausgewogene Zusammenarbeiten der Generationen schl\u00e4gt sich in einem stetig wachsenden und aktualisierten Betrieb nieder, der seine Wurzeln auf liebevolle Art und Weise pflegt, um dem Gast \u00fcber Jahre hinweg alle Annehmlichkeiten bei dennoch vertrauter Umgebung zu bieten.<\/p>\n<p>In unserem gem\u00fctlichen Restaurant oder im Gastgarten, unter den schattenspendenden Kastanienb\u00e4umen, l\u00e4sst sich die Salzkammergut K\u00fcche mit fangfrischen Fischen und regionalen Produkten probieren und edle Tropfen genie\u00dfen.<\/p>\n<h2>A picturesque spot in the Salzkammergut<\/h2>\n<p>In 1896, Johann Schallmeiner knew exactly why he had chosen this \u2018spot\u2019 on the sunny side of Lake Traunsee for his inn, with its spacious rooms overlooking the lake. For us, tradition is the obligation to continue our house in the spirit of the founder, Hans Schallmeiner, who laid the foundation for guest loyalty, down-to-earth cuisine and a family atmosphere more than 100 years ago. A principle that is upheld by today&#8217;s landlords, Rosi and Hans Schallmeiner, their daughter Johanna and her husband Christian, as well as by all the staff.<\/p>\n<p>The balanced co-operation between the generations is reflected in a constantly growing and updated business that lovingly cultivates its roots in order to offer guests all the comforts of home in familiar surroundings.<\/p>\n<p>In our cosy restaurant or in the guest garden, under the shady chestnut trees, you can sample Salzkammergut cuisine with freshly caught fish and regional products and enjoy fine wines.<\/p>\n<p>&nbsp;<\/p>\n","protected":false},"excerpt":{"rendered":"<p>Ein malerisches Platzerl im Salzkammergut Im Jahre 1896 hat Johann Schallmeiner genau gewusst, warum er dieses \u201eFleckerl\u201c auf der Sonnenseite des Traunsees f\u00fcr sein Wirtshaus, mit den ger\u00e4umigen Seeblick-Zimmern, ausgesucht hat. Tradition ist f\u00fcr uns die Verpflichtung unser Haus im Sinne des Gr\u00fcnders, Hans Schallmeiner, welcher vor mehr als 100 Jahren den Grundstein f\u00fcr G\u00e4steverbundenheit, [&hellip;]<\/p>\n","protected":false},"author":24,"featured_media":0,"parent":2113,"menu_order":25,"comment_status":"closed","ping_status":"closed","template":"page-partner.php","meta":{"_acf_changed":false,"footnotes":""},"class_list":["post-48564","page","type-page","status-publish","hentry"],"acf":{"partner_infobox":"<strong>Adresse:\u00a0<\/strong>Stadtplatz 36, 4400 Steyr\r\n\r\n<strong>Tel:\u00a0<\/strong>+43 7252\/53 3 58-0\r\n\r\n<strong>Fax:\u00a0<\/strong>+43 7253\/53 3 58-6\r\n\r\n<strong>Web: <\/strong><a href=\"http:\/\/www.mader.at\" target=\"_blank\" rel=\"nofollow noopener noreferrer\">www.mader.at<\/a>\r\n\r\n<strong>E-Mail:<\/strong> <a href=\"mailto:mader@mader.at\">mader@mader.at<\/a>\r\n\r\n<strong>Bedingungen: <\/strong>2 \u00dcN - 1 \u00dcN bezahlen\r\n1 \u00dcN - 2 Personen zum Einzelzimmerpreis\r\n\r\n<strong>Golfclubs in der N\u00e4he:\r\n<\/strong>Golfpark Metzenhof (15 Automin.)\r\nGolfclub Linz (20 Automin.)\r\nGolfclub Herzog Tassilo (25 Automin.) - unser Heimatgolfclub\r\nGolfclub Staerk (30 Automin.)\r\nGolfclub Wels (40 Automin.)\r\n\r\n<strong>Anfahrt:\r\n<\/strong>siehe <a href=\"https:\/\/www.mader.at\/anreise-info\/\" target=\"_blank\" rel=\"noopener\">www.mader.at\/de\/anreise<\/a>","partner_logo":null,"partner_gallery":[48577,48565,48567,48569,48571,48573,48575,48579,48581,48583,48585],"partner_lat":47.880967274906496,"partner_long":13.8115359777643,"partner_type":"hotel","partner_openings":["1","2","3","4","5","6","7"],"montag_von_bis":"00:00 - 24:00","dienstag_von_bis":"00:00 - 24:00","mittwoch_von_bis":"00:00 - 24:00","donnerstag_von_bis":"00:00 - 24:00","freitag_von_bis":"00:00 - 24:00","samstag_von_bis":"00:00 - 24:00","sonntag_von_bis":"00:00 - 24:00","partner_adresse":"Traunsteinstrasse 277, 4810 Gmunden","partner_land_bundesland":"","partner_tel_1":"+43 7612 77 333","partner_tel_2":"","partner_web":"https:\/\/www.hoisnwirt.at","partner_mail":"reception@hoisnwirt.at","partner_spielbahnen_par":"","partner_laenge":"","partner_bedingungen":"Gutschein kann auch f\u00fcr mehrere aufeinanderfolgende N\u00e4chte eingel\u00f6st werden, Reservierung fr\u00fchestens 2 Wochen vor der Ankunft m\u00f6glich.\r\nVoucher can also be redeemed for several consecutive nights, reservation possible at the earliest 2 weeks before arrival.\r\n","partner_anfahrt":"","partner_misc":null,"additional_css_classes":""},"yoast_head":"<!-- This site is optimized with the Yoast SEO plugin v26.8 - https:\/\/yoast.com\/product\/yoast-seo-wordpress\/ -->\n<title>Seegasthof &amp; Hotel**** Hois\u00b4nwirt - Fairway 2 Hotel<\/title>\n<meta name=\"robots\" content=\"index, follow, max-snippet:-1, max-image-preview:large, max-video-preview:-1\" \/>\n<link rel=\"canonical\" href=\"https:\/\/fairway2hotel.at\/cs\/hotels\/oberoesterreich\/seegasthof-hotel-hoisnwirt\/\" \/>\n<meta property=\"og:locale\" content=\"cs_CZ\" \/>\n<meta property=\"og:type\" content=\"article\" \/>\n<meta property=\"og:title\" content=\"Seegasthof &amp; Hotel**** Hois\u00b4nwirt - Fairway 2 Hotel\" \/>\n<meta property=\"og:description\" content=\"Ein malerisches Platzerl im Salzkammergut Im Jahre 1896 hat Johann Schallmeiner genau gewusst, warum er dieses \u201eFleckerl\u201c auf der Sonnenseite des Traunsees f\u00fcr sein Wirtshaus, mit den ger\u00e4umigen Seeblick-Zimmern, ausgesucht hat. Tradition ist f\u00fcr uns die Verpflichtung unser Haus im Sinne des Gr\u00fcnders, Hans Schallmeiner, welcher vor mehr als 100 Jahren den Grundstein f\u00fcr G\u00e4steverbundenheit, [&hellip;]\" \/>\n<meta property=\"og:url\" content=\"https:\/\/fairway2hotel.at\/cs\/hotels\/oberoesterreich\/seegasthof-hotel-hoisnwirt\/\" \/>\n<meta property=\"og:site_name\" content=\"Fairway 2 Hotel\" \/>\n<meta property=\"article:modified_time\" content=\"2025-06-05T12:55:31+00:00\" \/>\n<meta name=\"twitter:card\" content=\"summary_large_image\" \/>\n<meta name=\"twitter:label1\" content=\"Odhadovan\u00e1 doba \u010dten\u00ed\" \/>\n\t<meta name=\"twitter:data1\" content=\"2 minuty\" \/>\n<script type=\"application\/ld+json\" class=\"yoast-schema-graph\">{\"@context\":\"https:\/\/schema.org\",\"@graph\":[{\"@type\":\"WebPage\",\"@id\":\"https:\/\/fairway2hotel.at\/cs\/hotels\/oberoesterreich\/seegasthof-hotel-hoisnwirt\/\",\"url\":\"https:\/\/fairway2hotel.at\/cs\/hotels\/oberoesterreich\/seegasthof-hotel-hoisnwirt\/\",\"name\":\"Seegasthof & Hotel**** Hois\u00b4nwirt - Fairway 2 Hotel\",\"isPartOf\":{\"@id\":\"https:\/\/fairway2hotel.at\/cs\/#website\"},\"datePublished\":\"2025-06-04T15:31:18+00:00\",\"dateModified\":\"2025-06-05T12:55:31+00:00\",\"breadcrumb\":{\"@id\":\"https:\/\/fairway2hotel.at\/cs\/hotels\/oberoesterreich\/seegasthof-hotel-hoisnwirt\/#breadcrumb\"},\"inLanguage\":\"cs\",\"potentialAction\":[{\"@type\":\"ReadAction\",\"target\":[\"https:\/\/fairway2hotel.at\/cs\/hotels\/oberoesterreich\/seegasthof-hotel-hoisnwirt\/\"]}]},{\"@type\":\"BreadcrumbList\",\"@id\":\"https:\/\/fairway2hotel.at\/cs\/hotels\/oberoesterreich\/seegasthof-hotel-hoisnwirt\/#breadcrumb\",\"itemListElement\":[{\"@type\":\"ListItem\",\"position\":1,\"name\":\"Home\",\"item\":\"https:\/\/fairway2hotel.at\/cs\/\"},{\"@type\":\"ListItem\",\"position\":2,\"name\":\"Hotels\",\"item\":\"https:\/\/fairway2hotel.at\/cs\/hotels\/\"},{\"@type\":\"ListItem\",\"position\":3,\"name\":\"Hotels Ober\u00f6sterreich\",\"item\":\"https:\/\/fairway2hotel.at\/cs\/hotels\/oberoesterreich\/\"},{\"@type\":\"ListItem\",\"position\":4,\"name\":\"Seegasthof &#038; Hotel**** Hois\u00b4nwirt\"}]},{\"@type\":\"WebSite\",\"@id\":\"https:\/\/fairway2hotel.at\/cs\/#website\",\"url\":\"https:\/\/fairway2hotel.at\/cs\/\",\"name\":\"Fairway 2 Hotel\",\"description\":\"Golf zum halben Preis! 2 spielen - 1 zahlt\",\"potentialAction\":[{\"@type\":\"SearchAction\",\"target\":{\"@type\":\"EntryPoint\",\"urlTemplate\":\"https:\/\/fairway2hotel.at\/cs\/?s={search_term_string}\"},\"query-input\":{\"@type\":\"PropertyValueSpecification\",\"valueRequired\":true,\"valueName\":\"search_term_string\"}}],\"inLanguage\":\"cs\"}]}<\/script>\n<!-- \/ Yoast SEO plugin. -->","yoast_head_json":{"title":"Seegasthof & Hotel**** Hois\u00b4nwirt - Fairway 2 Hotel","robots":{"index":"index","follow":"follow","max-snippet":"max-snippet:-1","max-image-preview":"max-image-preview:large","max-video-preview":"max-video-preview:-1"},"canonical":"https:\/\/fairway2hotel.at\/cs\/hotels\/oberoesterreich\/seegasthof-hotel-hoisnwirt\/","og_locale":"cs_CZ","og_type":"article","og_title":"Seegasthof & Hotel**** Hois\u00b4nwirt - Fairway 2 Hotel","og_description":"Ein malerisches Platzerl im Salzkammergut Im Jahre 1896 hat Johann Schallmeiner genau gewusst, warum er dieses \u201eFleckerl\u201c auf der Sonnenseite des Traunsees f\u00fcr sein Wirtshaus, mit den ger\u00e4umigen Seeblick-Zimmern, ausgesucht hat. Tradition ist f\u00fcr uns die Verpflichtung unser Haus im Sinne des Gr\u00fcnders, Hans Schallmeiner, welcher vor mehr als 100 Jahren den Grundstein f\u00fcr G\u00e4steverbundenheit, [&hellip;]","og_url":"https:\/\/fairway2hotel.at\/cs\/hotels\/oberoesterreich\/seegasthof-hotel-hoisnwirt\/","og_site_name":"Fairway 2 Hotel","article_modified_time":"2025-06-05T12:55:31+00:00","twitter_card":"summary_large_image","twitter_misc":{"Odhadovan\u00e1 doba \u010dten\u00ed":"2 minuty"},"schema":{"@context":"https:\/\/schema.org","@graph":[{"@type":"WebPage","@id":"https:\/\/fairway2hotel.at\/cs\/hotels\/oberoesterreich\/seegasthof-hotel-hoisnwirt\/","url":"https:\/\/fairway2hotel.at\/cs\/hotels\/oberoesterreich\/seegasthof-hotel-hoisnwirt\/","name":"Seegasthof & Hotel**** Hois\u00b4nwirt - Fairway 2 Hotel","isPartOf":{"@id":"https:\/\/fairway2hotel.at\/cs\/#website"},"datePublished":"2025-06-04T15:31:18+00:00","dateModified":"2025-06-05T12:55:31+00:00","breadcrumb":{"@id":"https:\/\/fairway2hotel.at\/cs\/hotels\/oberoesterreich\/seegasthof-hotel-hoisnwirt\/#breadcrumb"},"inLanguage":"cs","potentialAction":[{"@type":"ReadAction","target":["https:\/\/fairway2hotel.at\/cs\/hotels\/oberoesterreich\/seegasthof-hotel-hoisnwirt\/"]}]},{"@type":"BreadcrumbList","@id":"https:\/\/fairway2hotel.at\/cs\/hotels\/oberoesterreich\/seegasthof-hotel-hoisnwirt\/#breadcrumb","itemListElement":[{"@type":"ListItem","position":1,"name":"Home","item":"https:\/\/fairway2hotel.at\/cs\/"},{"@type":"ListItem","position":2,"name":"Hotels","item":"https:\/\/fairway2hotel.at\/cs\/hotels\/"},{"@type":"ListItem","position":3,"name":"Hotels Ober\u00f6sterreich","item":"https:\/\/fairway2hotel.at\/cs\/hotels\/oberoesterreich\/"},{"@type":"ListItem","position":4,"name":"Seegasthof &#038; Hotel**** Hois\u00b4nwirt"}]},{"@type":"WebSite","@id":"https:\/\/fairway2hotel.at\/cs\/#website","url":"https:\/\/fairway2hotel.at\/cs\/","name":"Fairway 2 Hotel","description":"Golf zum halben Preis! 2 spielen - 1 zahlt","potentialAction":[{"@type":"SearchAction","target":{"@type":"EntryPoint","urlTemplate":"https:\/\/fairway2hotel.at\/cs\/?s={search_term_string}"},"query-input":{"@type":"PropertyValueSpecification","valueRequired":true,"valueName":"search_term_string"}}],"inLanguage":"cs"}]}},"_links":{"self":[{"href":"https:\/\/fairway2hotel.at\/cs\/wp-json\/wp\/v2\/pages\/48564","targetHints":{"allow":["GET"]}}],"collection":[{"href":"https:\/\/fairway2hotel.at\/cs\/wp-json\/wp\/v2\/pages"}],"about":[{"href":"https:\/\/fairway2hotel.at\/cs\/wp-json\/wp\/v2\/types\/page"}],"author":[{"embeddable":true,"href":"https:\/\/fairway2hotel.at\/cs\/wp-json\/wp\/v2\/users\/24"}],"replies":[{"embeddable":true,"href":"https:\/\/fairway2hotel.at\/cs\/wp-json\/wp\/v2\/comments?post=48564"}],"version-history":[{"count":3,"href":"https:\/\/fairway2hotel.at\/cs\/wp-json\/wp\/v2\/pages\/48564\/revisions"}],"predecessor-version":[{"id":48629,"href":"https:\/\/fairway2hotel.at\/cs\/wp-json\/wp\/v2\/pages\/48564\/revisions\/48629"}],"up":[{"embeddable":true,"href":"https:\/\/fairway2hotel.at\/cs\/wp-json\/wp\/v2\/pages\/2113"}],"acf:attachment":[{"embeddable":true,"href":"https:\/\/fairway2hotel.at\/cs\/wp-json\/wp\/v2\/media\/48585"},{"embeddable":true,"href":"https:\/\/fairway2hotel.at\/cs\/wp-json\/wp\/v2\/media\/48583"},{"embeddable":true,"href":"https:\/\/fairway2hotel.at\/cs\/wp-json\/wp\/v2\/media\/48581"},{"embeddable":true,"href":"https:\/\/fairway2hotel.at\/cs\/wp-json\/wp\/v2\/media\/48579"},{"embeddable":true,"href":"https:\/\/fairway2hotel.at\/cs\/wp-json\/wp\/v2\/media\/48575"},{"embeddable":true,"href":"https:\/\/fairway2hotel.at\/cs\/wp-json\/wp\/v2\/media\/48573"},{"embeddable":true,"href":"https:\/\/fairway2hotel.at\/cs\/wp-json\/wp\/v2\/media\/48571"},{"embeddable":true,"href":"https:\/\/fairway2hotel.at\/cs\/wp-json\/wp\/v2\/media\/48569"},{"embeddable":true,"href":"https:\/\/fairway2hotel.at\/cs\/wp-json\/wp\/v2\/media\/48567"},{"embeddable":true,"href":"https:\/\/fairway2hotel.at\/cs\/wp-json\/wp\/v2\/media\/48565"},{"embeddable":true,"href":"https:\/\/fairway2hotel.at\/cs\/wp-json\/wp\/v2\/media\/48577"}],"wp:attachment":[{"href":"https:\/\/fairway2hotel.at\/cs\/wp-json\/wp\/v2\/media?parent=48564"}],"curies":[{"name":"wp","href":"https:\/\/api.w.org\/{rel}","templated":true}]}}