{"id":48591,"date":"2025-06-05T11:54:47","date_gmt":"2025-06-05T09:54:47","guid":{"rendered":"https:\/\/fairway2hotel.at\/?page_id=48591"},"modified":"2025-06-06T09:57:53","modified_gmt":"2025-06-06T07:57:53","slug":"guesthouse-im-bechyne-golf-resort","status":"publish","type":"page","link":"https:\/\/fairway2hotel.at\/cs\/hotels\/tschechien\/guesthouse-im-bechyne-golf-resort\/","title":{"rendered":"Guesthouse im Bechyne Golf Resort"},"content":{"rendered":"<h2>Pension \u010cernick\u00e1 obora &amp; Glamping Tents im Golfresort Bechyne<\/h2>\n<p>Lassen Sie sich von der Unterkunft im G\u00e4stehaus verzaubern, das direkt neben unserem wundersch\u00f6nen Golfplatz liegt. Das Penzion \u010cernick\u00e1 obora ist bei Ausfl\u00fcglern und allen, die einen aktiven Urlaub oder perfekte Erholung suchen, sehr beliebt. Es befindet sich direkt an Radwegen und Wanderwegen. Gerne geben wir Ihnen Tipps f\u00fcr Ausfl\u00fcge, empfehlen die sch\u00f6nsten Orte in der Umgebung und, wenn m\u00f6glich, teilen wir mit Ihnen geheime Orte, an denen Pilze und Blaubeeren wachsen.<\/p>\n<p>Mitten im \u00e4ltesten Golfplatz S\u00fcdb\u00f6hmens und den bezaubernden W\u00e4ldern der \u010cernick\u00e1 Obora befinden sich nun versteckte Glamping-Zelte. Diese Zelte wirken auf den ersten Blick gew\u00f6hnlich, bieten jedoch einen Raum f\u00fcr vollkommenen und ungest\u00f6rten Ruhe. Im Inneren des Zeltes finden Sie ein Doppelbett und eine Sitzecke, drau\u00dfen gibt es zum Beispiel eine H\u00e4ngematte \u2013 alles unter den Baumkronen.<\/p>\n<p>Die Zelte befinden sich im Zentrum der Golfanlage in der N\u00e4he des Penzion \u010cernick\u00e1 Obora. Die Umgebung bietet unz\u00e4hlige M\u00f6glichkeiten f\u00fcr Wander- und Radtouren, Spazierg\u00e4nge oder einfach Entspannung auf einer Picknickdecke. Ab und zu h\u00f6ren Sie das Ger\u00e4usch eines Golfballs, wenn ein Golfer seine F\u00e4higkeiten trainiert, und zu anderen Zeiten werden Sie von dem Gesang der V\u00f6gel verw\u00f6hnt.<\/p>\n<p>Beachten Sie auch die Greenfee Gutscheine in dieser App vom Golfresort!<\/p>\n<p>&nbsp;<\/p>\n<p>&nbsp;<\/p>\n<h2>Pension \u010cernick\u00e1 obora &amp; Glamping Tents im Golfresort Bechyne<\/h2>\n<p>Discover the charm of accommodation in the guesthouse \u010cernick\u00e1 obora, located right next to our beautiful golf course. This place is popular with everyone looking for an active holiday or relaxation in nature. The guesthouse is situated right on the cycling and hiking trails, making it the ideal starting point for your adventures.<\/p>\n<p>We&#8217;ll be happy to recommend excursions to the most beautiful places in the area and, weather permitting, share our secret spots for mushrooms and blueberries. Come and enjoy the nature and tranquillity of the \u010cernick\u00e9 obora!<\/p>\n<p>In the heart of the oldest South Bohemian golf course and the enchanting forests of \u010cernick\u00e1 obora, hidden glamping tents have recently been added. At first glance, these tents may seem ordinary, but they actually provide a perfect and serene retreat. Inside each tent, you&#8217;ll find a double bed and a cozy seating area, while outside, amenities like a hammock await\u2014all set beneath the canopy of trees.<\/p>\n<p>The tents are located in the center of the golf resort, near the \u010cernick\u00e1 obora guesthouse. The surrounding area offers countless opportunities for hiking, cycling, leisurely strolls, or simply relaxing on a picnic blanket. Occasionally, you might hear the sound of a golf ball as a player hones their skills, while at other times, the soothing song of birds will uplift your spirit.<\/p>\n<p>Please also note the green fee vouchers in this app from the golf resort!<\/p>\n","protected":false},"excerpt":{"rendered":"<p>Pension \u010cernick\u00e1 obora &amp; Glamping Tents im Golfresort Bechyne Lassen Sie sich von der Unterkunft im G\u00e4stehaus verzaubern, das direkt neben unserem wundersch\u00f6nen Golfplatz liegt. Das Penzion \u010cernick\u00e1 obora ist bei Ausfl\u00fcglern und allen, die einen aktiven Urlaub oder perfekte Erholung suchen, sehr beliebt. Es befindet sich direkt an Radwegen und Wanderwegen. Gerne geben wir [&hellip;]<\/p>\n","protected":false},"author":24,"featured_media":0,"parent":2234,"menu_order":0,"comment_status":"closed","ping_status":"closed","template":"page-partner.php","meta":{"_acf_changed":false,"footnotes":""},"class_list":["post-48591","page","type-page","status-publish","hentry"],"acf":{"partner_infobox":"<strong>Adresse:\u00a0<\/strong>Sokolska 1339, 373 41 Hluboka nad Vltavou\r\n\r\n<strong>Tel:\r\n<\/strong>+420 387 008 800\r\n+420 725 395 195\r\n\r\n<strong>Fax:\u00a0<\/strong>+420 387 008 810\r\n\r\n<strong>Web: <\/strong><a href=\"http:\/\/www.hoteldiamant.cz\" rel=\"nofollow\">www.hoteldiamant.cz<\/a>\r\n\r\n<strong>E-Mail:<\/strong> <a href=\"mailto:reception@hoteldiamant.cz\" rel=\"alternate\">reception@hoteldiamant.cz<\/a>\r\n\r\n<em><strong>Bedingungen:\r\n<\/strong>Buchung erst 48 Stunden vor Anreise m\u00f6glich.<\/em>\r\n\r\n<strong>Golfclubs in der N\u00e4he:\r\n<\/strong>Golf Club Hluboka nad Vltavou 500m\r\n\r\n<strong>Anfahrt:\r\n<\/strong>GPS: 49\u00b03\u20180.45\u201cN 14\u00b026\u201812.81\u201cE\r\noder siehe unsere Webseite!","partner_logo":48606,"partner_gallery":[48610,48618,48608,48616,48614,48612,48623],"partner_lat":49.290779003626,"partner_long":14.5622927953026,"partner_type":"hotel","partner_openings":["1","2","3","4"],"montag_von_bis":"00:00 - 24:00","dienstag_von_bis":"00:00 - 24:00","mittwoch_von_bis":"00:00 - 24:00","donnerstag_von_bis":"00:00 - 24:00","freitag_von_bis":"00:00 - 24:00","samstag_von_bis":"00:00 - 24:00","sonntag_von_bis":"00:00 - 24:00","partner_adresse":"Sudom\u011b\u0159ice u Bechyn\u011b 43, 391 65 Bechyn\u011b ","partner_land_bundesland":"","partner_tel_1":"+420 734 448 388","partner_tel_2":"","partner_web":"https:\/\/resort-bechyne.cz\/de","partner_mail":"info@golf-bechyne.cz","partner_spielbahnen_par":"","partner_laenge":"","partner_bedingungen":"GS g\u00fcltig f\u00fcr 1 N\u00e4chtigung mit Fr\u00fchst\u00fcck von MO-DO. Genie\u00dfen Sie auch bei den Greenfeegutscheinen in der App: Bechyne Golfresort \r\nVoucher valid for 1 night including breakfast from Mon-Thu. Enjoy also with our greenfee vouchers of the App: Bechyne Golf Resort","partner_anfahrt":"","partner_misc":null,"additional_css_classes":""},"yoast_head":"<!-- This site is optimized with the Yoast SEO plugin v26.8 - https:\/\/yoast.com\/product\/yoast-seo-wordpress\/ -->\n<title>Guesthouse im Bechyne Golf Resort - Fairway 2 Hotel<\/title>\n<meta name=\"robots\" content=\"index, follow, max-snippet:-1, max-image-preview:large, max-video-preview:-1\" \/>\n<link rel=\"canonical\" href=\"https:\/\/fairway2hotel.at\/cs\/hotels\/tschechien\/guesthouse-im-bechyne-golf-resort\/\" \/>\n<meta property=\"og:locale\" content=\"cs_CZ\" \/>\n<meta property=\"og:type\" content=\"article\" \/>\n<meta property=\"og:title\" content=\"Guesthouse im Bechyne Golf Resort - Fairway 2 Hotel\" \/>\n<meta property=\"og:description\" content=\"Pension \u010cernick\u00e1 obora &amp; Glamping Tents im Golfresort Bechyne Lassen Sie sich von der Unterkunft im G\u00e4stehaus verzaubern, das direkt neben unserem wundersch\u00f6nen Golfplatz liegt. Das Penzion \u010cernick\u00e1 obora ist bei Ausfl\u00fcglern und allen, die einen aktiven Urlaub oder perfekte Erholung suchen, sehr beliebt. Es befindet sich direkt an Radwegen und Wanderwegen. Gerne geben wir [&hellip;]\" \/>\n<meta property=\"og:url\" content=\"https:\/\/fairway2hotel.at\/cs\/hotels\/tschechien\/guesthouse-im-bechyne-golf-resort\/\" \/>\n<meta property=\"og:site_name\" content=\"Fairway 2 Hotel\" \/>\n<meta property=\"article:modified_time\" content=\"2025-06-06T07:57:53+00:00\" \/>\n<meta name=\"twitter:card\" content=\"summary_large_image\" \/>\n<meta name=\"twitter:label1\" content=\"Odhadovan\u00e1 doba \u010dten\u00ed\" \/>\n\t<meta name=\"twitter:data1\" content=\"3 minuty\" \/>\n<script type=\"application\/ld+json\" class=\"yoast-schema-graph\">{\"@context\":\"https:\/\/schema.org\",\"@graph\":[{\"@type\":\"WebPage\",\"@id\":\"https:\/\/fairway2hotel.at\/cs\/hotels\/tschechien\/guesthouse-im-bechyne-golf-resort\/\",\"url\":\"https:\/\/fairway2hotel.at\/cs\/hotels\/tschechien\/guesthouse-im-bechyne-golf-resort\/\",\"name\":\"Guesthouse im Bechyne Golf Resort - Fairway 2 Hotel\",\"isPartOf\":{\"@id\":\"https:\/\/fairway2hotel.at\/cs\/#website\"},\"datePublished\":\"2025-06-05T09:54:47+00:00\",\"dateModified\":\"2025-06-06T07:57:53+00:00\",\"breadcrumb\":{\"@id\":\"https:\/\/fairway2hotel.at\/cs\/hotels\/tschechien\/guesthouse-im-bechyne-golf-resort\/#breadcrumb\"},\"inLanguage\":\"cs\",\"potentialAction\":[{\"@type\":\"ReadAction\",\"target\":[\"https:\/\/fairway2hotel.at\/cs\/hotels\/tschechien\/guesthouse-im-bechyne-golf-resort\/\"]}]},{\"@type\":\"BreadcrumbList\",\"@id\":\"https:\/\/fairway2hotel.at\/cs\/hotels\/tschechien\/guesthouse-im-bechyne-golf-resort\/#breadcrumb\",\"itemListElement\":[{\"@type\":\"ListItem\",\"position\":1,\"name\":\"Home\",\"item\":\"https:\/\/fairway2hotel.at\/cs\/\"},{\"@type\":\"ListItem\",\"position\":2,\"name\":\"Hotels\",\"item\":\"https:\/\/fairway2hotel.at\/cs\/hotels\/\"},{\"@type\":\"ListItem\",\"position\":3,\"name\":\"Hotels Tschechien\",\"item\":\"https:\/\/fairway2hotel.at\/cs\/hotels\/tschechien\/\"},{\"@type\":\"ListItem\",\"position\":4,\"name\":\"Guesthouse im Bechyne Golf Resort\"}]},{\"@type\":\"WebSite\",\"@id\":\"https:\/\/fairway2hotel.at\/cs\/#website\",\"url\":\"https:\/\/fairway2hotel.at\/cs\/\",\"name\":\"Fairway 2 Hotel\",\"description\":\"Golf zum halben Preis! 2 spielen - 1 zahlt\",\"potentialAction\":[{\"@type\":\"SearchAction\",\"target\":{\"@type\":\"EntryPoint\",\"urlTemplate\":\"https:\/\/fairway2hotel.at\/cs\/?s={search_term_string}\"},\"query-input\":{\"@type\":\"PropertyValueSpecification\",\"valueRequired\":true,\"valueName\":\"search_term_string\"}}],\"inLanguage\":\"cs\"}]}<\/script>\n<!-- \/ Yoast SEO plugin. -->","yoast_head_json":{"title":"Guesthouse im Bechyne Golf Resort - Fairway 2 Hotel","robots":{"index":"index","follow":"follow","max-snippet":"max-snippet:-1","max-image-preview":"max-image-preview:large","max-video-preview":"max-video-preview:-1"},"canonical":"https:\/\/fairway2hotel.at\/cs\/hotels\/tschechien\/guesthouse-im-bechyne-golf-resort\/","og_locale":"cs_CZ","og_type":"article","og_title":"Guesthouse im Bechyne Golf Resort - Fairway 2 Hotel","og_description":"Pension \u010cernick\u00e1 obora &amp; Glamping Tents im Golfresort Bechyne Lassen Sie sich von der Unterkunft im G\u00e4stehaus verzaubern, das direkt neben unserem wundersch\u00f6nen Golfplatz liegt. Das Penzion \u010cernick\u00e1 obora ist bei Ausfl\u00fcglern und allen, die einen aktiven Urlaub oder perfekte Erholung suchen, sehr beliebt. Es befindet sich direkt an Radwegen und Wanderwegen. Gerne geben wir [&hellip;]","og_url":"https:\/\/fairway2hotel.at\/cs\/hotels\/tschechien\/guesthouse-im-bechyne-golf-resort\/","og_site_name":"Fairway 2 Hotel","article_modified_time":"2025-06-06T07:57:53+00:00","twitter_card":"summary_large_image","twitter_misc":{"Odhadovan\u00e1 doba \u010dten\u00ed":"3 minuty"},"schema":{"@context":"https:\/\/schema.org","@graph":[{"@type":"WebPage","@id":"https:\/\/fairway2hotel.at\/cs\/hotels\/tschechien\/guesthouse-im-bechyne-golf-resort\/","url":"https:\/\/fairway2hotel.at\/cs\/hotels\/tschechien\/guesthouse-im-bechyne-golf-resort\/","name":"Guesthouse im Bechyne Golf Resort - Fairway 2 Hotel","isPartOf":{"@id":"https:\/\/fairway2hotel.at\/cs\/#website"},"datePublished":"2025-06-05T09:54:47+00:00","dateModified":"2025-06-06T07:57:53+00:00","breadcrumb":{"@id":"https:\/\/fairway2hotel.at\/cs\/hotels\/tschechien\/guesthouse-im-bechyne-golf-resort\/#breadcrumb"},"inLanguage":"cs","potentialAction":[{"@type":"ReadAction","target":["https:\/\/fairway2hotel.at\/cs\/hotels\/tschechien\/guesthouse-im-bechyne-golf-resort\/"]}]},{"@type":"BreadcrumbList","@id":"https:\/\/fairway2hotel.at\/cs\/hotels\/tschechien\/guesthouse-im-bechyne-golf-resort\/#breadcrumb","itemListElement":[{"@type":"ListItem","position":1,"name":"Home","item":"https:\/\/fairway2hotel.at\/cs\/"},{"@type":"ListItem","position":2,"name":"Hotels","item":"https:\/\/fairway2hotel.at\/cs\/hotels\/"},{"@type":"ListItem","position":3,"name":"Hotels Tschechien","item":"https:\/\/fairway2hotel.at\/cs\/hotels\/tschechien\/"},{"@type":"ListItem","position":4,"name":"Guesthouse im Bechyne Golf Resort"}]},{"@type":"WebSite","@id":"https:\/\/fairway2hotel.at\/cs\/#website","url":"https:\/\/fairway2hotel.at\/cs\/","name":"Fairway 2 Hotel","description":"Golf zum halben Preis! 2 spielen - 1 zahlt","potentialAction":[{"@type":"SearchAction","target":{"@type":"EntryPoint","urlTemplate":"https:\/\/fairway2hotel.at\/cs\/?s={search_term_string}"},"query-input":{"@type":"PropertyValueSpecification","valueRequired":true,"valueName":"search_term_string"}}],"inLanguage":"cs"}]}},"_links":{"self":[{"href":"https:\/\/fairway2hotel.at\/cs\/wp-json\/wp\/v2\/pages\/48591","targetHints":{"allow":["GET"]}}],"collection":[{"href":"https:\/\/fairway2hotel.at\/cs\/wp-json\/wp\/v2\/pages"}],"about":[{"href":"https:\/\/fairway2hotel.at\/cs\/wp-json\/wp\/v2\/types\/page"}],"author":[{"embeddable":true,"href":"https:\/\/fairway2hotel.at\/cs\/wp-json\/wp\/v2\/users\/24"}],"replies":[{"embeddable":true,"href":"https:\/\/fairway2hotel.at\/cs\/wp-json\/wp\/v2\/comments?post=48591"}],"version-history":[{"count":3,"href":"https:\/\/fairway2hotel.at\/cs\/wp-json\/wp\/v2\/pages\/48591\/revisions"}],"predecessor-version":[{"id":48632,"href":"https:\/\/fairway2hotel.at\/cs\/wp-json\/wp\/v2\/pages\/48591\/revisions\/48632"}],"up":[{"embeddable":true,"href":"https:\/\/fairway2hotel.at\/cs\/wp-json\/wp\/v2\/pages\/2234"}],"acf:attachment":[{"embeddable":true,"href":"https:\/\/fairway2hotel.at\/cs\/wp-json\/wp\/v2\/media\/48623"},{"embeddable":true,"href":"https:\/\/fairway2hotel.at\/cs\/wp-json\/wp\/v2\/media\/48612"},{"embeddable":true,"href":"https:\/\/fairway2hotel.at\/cs\/wp-json\/wp\/v2\/media\/48614"},{"embeddable":true,"href":"https:\/\/fairway2hotel.at\/cs\/wp-json\/wp\/v2\/media\/48616"},{"embeddable":true,"href":"https:\/\/fairway2hotel.at\/cs\/wp-json\/wp\/v2\/media\/48608"},{"embeddable":true,"href":"https:\/\/fairway2hotel.at\/cs\/wp-json\/wp\/v2\/media\/48618"},{"embeddable":true,"href":"https:\/\/fairway2hotel.at\/cs\/wp-json\/wp\/v2\/media\/48610"}],"wp:attachment":[{"href":"https:\/\/fairway2hotel.at\/cs\/wp-json\/wp\/v2\/media?parent=48591"}],"curies":[{"name":"wp","href":"https:\/\/api.w.org\/{rel}","templated":true}]}}