{"id":48920,"date":"2025-08-02T14:35:16","date_gmt":"2025-08-02T12:35:16","guid":{"rendered":"https:\/\/fairway2hotel.at\/?page_id=48920"},"modified":"2025-08-02T14:47:44","modified_gmt":"2025-08-02T12:47:44","slug":"gc-molino-del-pero","status":"publish","type":"page","link":"https:\/\/fairway2hotel.at\/cs\/golfclubs\/italien\/gc-molino-del-pero\/","title":{"rendered":"GC Molino del Pero"},"content":{"rendered":"<h2>Golf im H\u00fcgelland von Bologna<\/h2>\n<p>Der Golfplatz des Golf Club Molino del Pero, nur wenige Minuten von Bologna entfernt, ist technisch anspruchsvoll, liegt 300 Meter \u00fcber dem Meeresspiegel und erstreckt sich \u00fcber 5.450 Meter mit 18 L\u00f6chern und 70 Par. Dar\u00fcber hinaus erm\u00f6glichen die gesch\u00fctzte Lage und die geringe H\u00f6he das ganze Jahr \u00fcber Golfspielen.<\/p>\n<p>Die kleinen, teilweise t\u00fcckischen Gr\u00fcns machen den Platz trotz der breiten Fairways recht anspruchsvoll. Die ersten 9 L\u00f6cher zeichnen sich durch st\u00e4ndige Steigungen und Gef\u00e4lle, gut verteidigte Gr\u00fcns und ausgepr\u00e4gte Neigungen aus. Unter diesen ist das Wahrzeichen des Golfclubs Molino del Pero das Loch 1, das im Savena-Tal beginnt. Es ist vor allem f\u00fcr seine starke Neigung bekannt und wurde in internationalen Golfmagazinen oft als \u201eThe stairway to Heaven\u201d bezeichnet. Die zweiten 9 L\u00f6cher sind l\u00e4nger und schwieriger, was vor allem auf die nat\u00fcrlichen Hindernisse entlang des Platzes zur\u00fcckzuf\u00fchren ist. All diese Eigenschaften machen den Platz sowohl f\u00fcr Experten als auch f\u00fcr Anf\u00e4nger \u00e4u\u00dferst unterhaltsam.<\/p>\n<p>Das Restaurant des Golfclubs wurde im ehemaligen \u201eMahlraum\u201c eingerichtet und ist mit den Mechanismen der M\u00fchle ausgestattet, die in ausgezeichnetem Zustand erhalten sind.<\/p>\n<p>Zwei gem\u00fctliche und bis ins Detail gepflegte S\u00e4le tragen zu einer angenehmen und entspannten Atmosph\u00e4re bei, die perfekt ist, um einen Abend im Zeichen der guten K\u00fcche zu verbringen. Es ist auch der ideale Ort f\u00fcr Gesch\u00e4ftsessen. Es bietet Platz f\u00fcr 60 Personen und ist von Dienstag bis Sonntag f\u00fcr Mitglieder und alle Besucher ge\u00f6ffnet.<\/p>\n<h2>Golf in the hills of Bologna<\/h2>\n<p>The Molino del Pero Golf Club course, situated a few minutes from Bologna, \u00a0is exquisitely technical, located 300 metres above sea level and stretching for 5,450 metres with 18 holes and a par of 70. What&#8217;s more, its sheltered location and low altitude mean that it can be played all year round.<\/p>\n<p>The small greens, which can be tricky in places, make the course quite challenging despite the wide fairways. The first 9 holes are characterised by continuous ups and downs, well-defended greens and steep slopes. Among these, the icon of the Molino del Pero Golf Club is hole 1, which starts from the Savena valley. It is known to most for its steep slope and has often been referred to in international golf magazines as \u201cThe stairway to Heaven\u201d. The second 9 holes are longer and more difficult, mainly due to the natural obstacles along the course. All these features make the course extremely enjoyable for both experts and beginners.<\/p>\n<p>The Golf Club Restaurant has been created in the old \u2018mill room\u2019 and is furnished with the mill&#8217;s mechanisms, which have been preserved in excellent condition.<\/p>\n<p>Two cosy rooms, with attention to every detail, help to create a pleasant and relaxing atmosphere, perfect for spending an evening enjoying good food. It is also an ideal location for business lunches and dinners. It has a capacity of 60 seats and is open to members and all visitors from Tuesday to Sunday.<\/p>\n","protected":false},"excerpt":{"rendered":"<p>Golf im H\u00fcgelland von Bologna Der Golfplatz des Golf Club Molino del Pero, nur wenige Minuten von Bologna entfernt, ist technisch anspruchsvoll, liegt 300 Meter \u00fcber dem Meeresspiegel und erstreckt sich \u00fcber 5.450 Meter mit 18 L\u00f6chern und 70 Par. Dar\u00fcber hinaus erm\u00f6glichen die gesch\u00fctzte Lage und die geringe H\u00f6he das ganze Jahr \u00fcber Golfspielen. [&hellip;]<\/p>\n","protected":false},"author":24,"featured_media":0,"parent":1657,"menu_order":0,"comment_status":"closed","ping_status":"closed","template":"page-partner.php","meta":{"_acf_changed":false,"footnotes":""},"class_list":["post-48920","page","type-page","status-publish","hentry"],"acf":{"partner_infobox":"<strong>Adresse:\u00a0<\/strong>Via Valerina 29, I - 23010 Caiolo\r\n\r\n<strong>Tel:\u00a0<\/strong>+39 0342 354009\r\n\r\n<strong>Web: <\/strong><a href=\"https:\/\/www.valtellinagolf.com\" target=\"_blank\" rel=\"nofollow noopener noreferrer\">www.valtellinagolf.com<\/a>\r\n\r\n<strong>E-Mail:<\/strong> <a href=\"mailto:info@valtellinagolf.com\">info@valtellinagolf.com<\/a>","partner_logo":null,"partner_gallery":[48925,48935,48921,48923,48927,48929,48931,48933],"partner_lat":44.270580571966555,"partner_long":11.291003012266767,"partner_type":"golfclub","partner_openings":["2","3","4","5","6","7"],"montag_von_bis":"00:00 - 24:00","dienstag_von_bis":"00:00 - 24:00","mittwoch_von_bis":"00:00 - 24:00","donnerstag_von_bis":"00:00 - 24:00","freitag_von_bis":"00:00 - 24:00","samstag_von_bis":"00:00 - 24:00","sonntag_von_bis":"00:00 - 24:00","partner_adresse":"Via Molino del Pero, 323, I-40036 Monzuno","partner_land_bundesland":"Italien","partner_tel_1":"+39 051 677 0506","partner_tel_2":"","partner_web":"https:\/\/www.golfmolinodelpero.it","partner_mail":"info@golfmolinodelpero.it","partner_spielbahnen_par":"18\/70","partner_laenge":"","partner_bedingungen":"Gs einl\u00f6sbar von DI-SO\r\nvouchers redeemable from TUE-SUN","partner_anfahrt":"","partner_misc":null,"additional_css_classes":""},"yoast_head":"<!-- This site is optimized with the Yoast SEO plugin v26.8 - https:\/\/yoast.com\/product\/yoast-seo-wordpress\/ -->\n<title>GC Molino del Pero - Fairway 2 Hotel<\/title>\n<meta name=\"robots\" content=\"index, follow, max-snippet:-1, max-image-preview:large, max-video-preview:-1\" \/>\n<link rel=\"canonical\" href=\"https:\/\/fairway2hotel.at\/cs\/golfclubs\/italien\/gc-molino-del-pero\/\" \/>\n<meta property=\"og:locale\" content=\"cs_CZ\" \/>\n<meta property=\"og:type\" content=\"article\" \/>\n<meta property=\"og:title\" content=\"GC Molino del Pero - Fairway 2 Hotel\" \/>\n<meta property=\"og:description\" content=\"Golf im H\u00fcgelland von Bologna Der Golfplatz des Golf Club Molino del Pero, nur wenige Minuten von Bologna entfernt, ist technisch anspruchsvoll, liegt 300 Meter \u00fcber dem Meeresspiegel und erstreckt sich \u00fcber 5.450 Meter mit 18 L\u00f6chern und 70 Par. Dar\u00fcber hinaus erm\u00f6glichen die gesch\u00fctzte Lage und die geringe H\u00f6he das ganze Jahr \u00fcber Golfspielen. [&hellip;]\" \/>\n<meta property=\"og:url\" content=\"https:\/\/fairway2hotel.at\/cs\/golfclubs\/italien\/gc-molino-del-pero\/\" \/>\n<meta property=\"og:site_name\" content=\"Fairway 2 Hotel\" \/>\n<meta property=\"article:modified_time\" content=\"2025-08-02T12:47:44+00:00\" \/>\n<meta name=\"twitter:card\" content=\"summary_large_image\" \/>\n<meta name=\"twitter:label1\" content=\"Odhadovan\u00e1 doba \u010dten\u00ed\" \/>\n\t<meta name=\"twitter:data1\" content=\"3 minuty\" \/>\n<script type=\"application\/ld+json\" class=\"yoast-schema-graph\">{\"@context\":\"https:\/\/schema.org\",\"@graph\":[{\"@type\":\"WebPage\",\"@id\":\"https:\/\/fairway2hotel.at\/cs\/golfclubs\/italien\/gc-molino-del-pero\/\",\"url\":\"https:\/\/fairway2hotel.at\/cs\/golfclubs\/italien\/gc-molino-del-pero\/\",\"name\":\"GC Molino del Pero - Fairway 2 Hotel\",\"isPartOf\":{\"@id\":\"https:\/\/fairway2hotel.at\/cs\/#website\"},\"datePublished\":\"2025-08-02T12:35:16+00:00\",\"dateModified\":\"2025-08-02T12:47:44+00:00\",\"breadcrumb\":{\"@id\":\"https:\/\/fairway2hotel.at\/cs\/golfclubs\/italien\/gc-molino-del-pero\/#breadcrumb\"},\"inLanguage\":\"cs\",\"potentialAction\":[{\"@type\":\"ReadAction\",\"target\":[\"https:\/\/fairway2hotel.at\/cs\/golfclubs\/italien\/gc-molino-del-pero\/\"]}]},{\"@type\":\"BreadcrumbList\",\"@id\":\"https:\/\/fairway2hotel.at\/cs\/golfclubs\/italien\/gc-molino-del-pero\/#breadcrumb\",\"itemListElement\":[{\"@type\":\"ListItem\",\"position\":1,\"name\":\"Home\",\"item\":\"https:\/\/fairway2hotel.at\/cs\/\"},{\"@type\":\"ListItem\",\"position\":2,\"name\":\"Golfclubs\",\"item\":\"https:\/\/fairway2hotel.at\/cs\/golfclubs\/\"},{\"@type\":\"ListItem\",\"position\":3,\"name\":\"Golfclubs Italien\",\"item\":\"https:\/\/fairway2hotel.at\/cs\/golfclubs\/italien\/\"},{\"@type\":\"ListItem\",\"position\":4,\"name\":\"GC Molino del Pero\"}]},{\"@type\":\"WebSite\",\"@id\":\"https:\/\/fairway2hotel.at\/cs\/#website\",\"url\":\"https:\/\/fairway2hotel.at\/cs\/\",\"name\":\"Fairway 2 Hotel\",\"description\":\"Golf zum halben Preis! 2 spielen - 1 zahlt\",\"potentialAction\":[{\"@type\":\"SearchAction\",\"target\":{\"@type\":\"EntryPoint\",\"urlTemplate\":\"https:\/\/fairway2hotel.at\/cs\/?s={search_term_string}\"},\"query-input\":{\"@type\":\"PropertyValueSpecification\",\"valueRequired\":true,\"valueName\":\"search_term_string\"}}],\"inLanguage\":\"cs\"}]}<\/script>\n<!-- \/ Yoast SEO plugin. -->","yoast_head_json":{"title":"GC Molino del Pero - Fairway 2 Hotel","robots":{"index":"index","follow":"follow","max-snippet":"max-snippet:-1","max-image-preview":"max-image-preview:large","max-video-preview":"max-video-preview:-1"},"canonical":"https:\/\/fairway2hotel.at\/cs\/golfclubs\/italien\/gc-molino-del-pero\/","og_locale":"cs_CZ","og_type":"article","og_title":"GC Molino del Pero - Fairway 2 Hotel","og_description":"Golf im H\u00fcgelland von Bologna Der Golfplatz des Golf Club Molino del Pero, nur wenige Minuten von Bologna entfernt, ist technisch anspruchsvoll, liegt 300 Meter \u00fcber dem Meeresspiegel und erstreckt sich \u00fcber 5.450 Meter mit 18 L\u00f6chern und 70 Par. Dar\u00fcber hinaus erm\u00f6glichen die gesch\u00fctzte Lage und die geringe H\u00f6he das ganze Jahr \u00fcber Golfspielen. [&hellip;]","og_url":"https:\/\/fairway2hotel.at\/cs\/golfclubs\/italien\/gc-molino-del-pero\/","og_site_name":"Fairway 2 Hotel","article_modified_time":"2025-08-02T12:47:44+00:00","twitter_card":"summary_large_image","twitter_misc":{"Odhadovan\u00e1 doba \u010dten\u00ed":"3 minuty"},"schema":{"@context":"https:\/\/schema.org","@graph":[{"@type":"WebPage","@id":"https:\/\/fairway2hotel.at\/cs\/golfclubs\/italien\/gc-molino-del-pero\/","url":"https:\/\/fairway2hotel.at\/cs\/golfclubs\/italien\/gc-molino-del-pero\/","name":"GC Molino del Pero - Fairway 2 Hotel","isPartOf":{"@id":"https:\/\/fairway2hotel.at\/cs\/#website"},"datePublished":"2025-08-02T12:35:16+00:00","dateModified":"2025-08-02T12:47:44+00:00","breadcrumb":{"@id":"https:\/\/fairway2hotel.at\/cs\/golfclubs\/italien\/gc-molino-del-pero\/#breadcrumb"},"inLanguage":"cs","potentialAction":[{"@type":"ReadAction","target":["https:\/\/fairway2hotel.at\/cs\/golfclubs\/italien\/gc-molino-del-pero\/"]}]},{"@type":"BreadcrumbList","@id":"https:\/\/fairway2hotel.at\/cs\/golfclubs\/italien\/gc-molino-del-pero\/#breadcrumb","itemListElement":[{"@type":"ListItem","position":1,"name":"Home","item":"https:\/\/fairway2hotel.at\/cs\/"},{"@type":"ListItem","position":2,"name":"Golfclubs","item":"https:\/\/fairway2hotel.at\/cs\/golfclubs\/"},{"@type":"ListItem","position":3,"name":"Golfclubs Italien","item":"https:\/\/fairway2hotel.at\/cs\/golfclubs\/italien\/"},{"@type":"ListItem","position":4,"name":"GC Molino del Pero"}]},{"@type":"WebSite","@id":"https:\/\/fairway2hotel.at\/cs\/#website","url":"https:\/\/fairway2hotel.at\/cs\/","name":"Fairway 2 Hotel","description":"Golf zum halben Preis! 2 spielen - 1 zahlt","potentialAction":[{"@type":"SearchAction","target":{"@type":"EntryPoint","urlTemplate":"https:\/\/fairway2hotel.at\/cs\/?s={search_term_string}"},"query-input":{"@type":"PropertyValueSpecification","valueRequired":true,"valueName":"search_term_string"}}],"inLanguage":"cs"}]}},"_links":{"self":[{"href":"https:\/\/fairway2hotel.at\/cs\/wp-json\/wp\/v2\/pages\/48920","targetHints":{"allow":["GET"]}}],"collection":[{"href":"https:\/\/fairway2hotel.at\/cs\/wp-json\/wp\/v2\/pages"}],"about":[{"href":"https:\/\/fairway2hotel.at\/cs\/wp-json\/wp\/v2\/types\/page"}],"author":[{"embeddable":true,"href":"https:\/\/fairway2hotel.at\/cs\/wp-json\/wp\/v2\/users\/24"}],"replies":[{"embeddable":true,"href":"https:\/\/fairway2hotel.at\/cs\/wp-json\/wp\/v2\/comments?post=48920"}],"version-history":[{"count":1,"href":"https:\/\/fairway2hotel.at\/cs\/wp-json\/wp\/v2\/pages\/48920\/revisions"}],"predecessor-version":[{"id":48937,"href":"https:\/\/fairway2hotel.at\/cs\/wp-json\/wp\/v2\/pages\/48920\/revisions\/48937"}],"up":[{"embeddable":true,"href":"https:\/\/fairway2hotel.at\/cs\/wp-json\/wp\/v2\/pages\/1657"}],"acf:attachment":[{"embeddable":true,"href":"https:\/\/fairway2hotel.at\/cs\/wp-json\/wp\/v2\/media\/48933"},{"embeddable":true,"href":"https:\/\/fairway2hotel.at\/cs\/wp-json\/wp\/v2\/media\/48931"},{"embeddable":true,"href":"https:\/\/fairway2hotel.at\/cs\/wp-json\/wp\/v2\/media\/48929"},{"embeddable":true,"href":"https:\/\/fairway2hotel.at\/cs\/wp-json\/wp\/v2\/media\/48927"},{"embeddable":true,"href":"https:\/\/fairway2hotel.at\/cs\/wp-json\/wp\/v2\/media\/48923"},{"embeddable":true,"href":"https:\/\/fairway2hotel.at\/cs\/wp-json\/wp\/v2\/media\/48921"},{"embeddable":true,"href":"https:\/\/fairway2hotel.at\/cs\/wp-json\/wp\/v2\/media\/48935"},{"embeddable":true,"href":"https:\/\/fairway2hotel.at\/cs\/wp-json\/wp\/v2\/media\/48925"}],"wp:attachment":[{"href":"https:\/\/fairway2hotel.at\/cs\/wp-json\/wp\/v2\/media?parent=48920"}],"curies":[{"name":"wp","href":"https:\/\/api.w.org\/{rel}","templated":true}]}}