{"id":49301,"date":"2025-10-21T16:11:16","date_gmt":"2025-10-21T14:11:16","guid":{"rendered":"https:\/\/fairway2hotel.at\/?page_id=49301"},"modified":"2025-11-09T18:19:04","modified_gmt":"2025-11-09T17:19:04","slug":"gc-golfpark-schlossgut-lenzfried","status":"publish","type":"page","link":"https:\/\/fairway2hotel.at\/cs\/golfclubs\/deutschland\/gc-golfpark-schlossgut-lenzfried\/","title":{"rendered":"GC Golfpark Schlo\u00dfgut Lenzfried"},"content":{"rendered":"<h2>Nat\u00fcrlich Golfen mitten in Kempten!<\/h2>\n<p>Zentrale Lage kombiniert mit einem herrlichen Ausblick\u00a0in die Allg\u00e4uer Alpen.<br \/>\nHerzlich Willkommen im Golfpark Schlo\u00dfgut Lenzfried! Der 9-Loch-Golfplatz im Stadtteil Lenzfried von Kempten verbindet Zentrumsn\u00e4he mit atemberaubender Natur und einem einzigartigen Blick auf die Allg\u00e4uer Alpenlandschaft. Ob eine Trainingsstunde in der Mittagspause, eine Feierabendrunde mit Freunden oder eine gem\u00fctliche Partie Golf am Wochenende, genie\u00dfen Sie unseren nat\u00fcrlichen Golfplatz, ganz nach Ihren Bed\u00fcrfnissen. Die 9 abwechslungsreichen Bahnen mit ihren modellierten Gr\u00fcns f\u00fcgen sich harmonisch in die Landschaft ein und bieten einen hohen Erholungswert unweit der Stadtmitte. Die \u00dcbungseinrichtungen haben alles, um das Golfspiel verbessern zu k\u00f6nnen. Die Drivingrange bietet 25 Abschlagpl\u00e4tze, 6 davon sind \u00fcberdacht. So kann auch bei schlechtem Wetter jederzeit am Golfschwung gefeilt werden. Das Putting- und Chippinggreen sowie die gro\u00dfz\u00fcgig angelegte Pitchingarea mit ihrem \u00dcbungsbunker, runden die idealen Trainingsm\u00f6glichkeiten f\u00fcr das Golfspiel ab. Golfsport \u2013 Interessenten k\u00f6nnen Golfschl\u00e4ger ausleihen und in entspannter, famili\u00e4rer Atmosph\u00e4re in den Golfsport hineinschnuppern.Unsere Professionals bieten passende Kursangebote f\u00fcr Einsteiger, aber auch Einzelunterricht f\u00fcr fortgeschrittene Golfer.<\/p>\n<p>F\u00fcr das leibliche Wohl ist gesorgt. Unser gem\u00fctliches Bistro mit Sonnenterrasse und der kleine Biergarten laden zum Verweilen ein. Egal ob als Halfway-Station oder als gem\u00fctlicher \u201eHock\u201c zum Abschluss einer Golfrunde. Schauen Sie vorbei und lassen Sie sich von unserem naturbelassenen und \u201etricky\u201c zu spielenden Golfplatz im Herzen von Kempten begeistern, inklusive einem fast 360\u00b0 Ausblick in die Allg\u00e4uer Bergwelt.<\/p>\n<p>&nbsp;<\/p>\n<h2>Golfing in the heart of Kempten!<\/h2>\n<p>A central location combined with a magnificent view of the Allg\u00e4u Alps. Welcome to the Schlo\u00dfgut Lenzfried Golf Park! The 9-hole golf course in the Lenzfried district of Kempten combines proximity to the city centre with breathtaking nature and a unique view of the Allg\u00e4u Alpine landscape. Whether it&#8217;s a training session during your lunch break, a round with friends after work or a leisurely game of golf at the weekend, enjoy our natural golf course according to your needs. The nine varied holes with their contoured greens blend harmoniously into the landscape and offer a high recreational value not far from the city centre. The practice facilities have everything you need to improve your golf game. The driving range offers 25 tees, six of which are covered. This means you can work on your golf swing at any time, even in bad weather. The practice facilities have everything you need to improve your golf game. The driving range offers 25 tees, 6 of which are covered. This means you can work on your golf swing at any time, even in bad weather. The putting and chipping green and the spacious pitching area with its practice bunker round off the ideal training facilities for golf. Golf enthusiasts can hire golf clubs and try their hand at golf in a relaxed, friendly atmosphere. Our professionals offer suitable courses for beginners as well as individual lessons for advanced golfers.<\/p>\n<p>Refreshments are available. Our cosy bistro with sun terrace and small beer garden invite you to linger, whether as a halfway stop or a cosy place to relax at the end of a round of golf. Come and visit us and be inspired by our natural and challenging golf course in the heart of Kempten, which offers an almost 360\u00b0 view of the Allg\u00e4u mountains.<\/p>\n<p>&nbsp;<\/p>\n","protected":false},"excerpt":{"rendered":"<p>Nat\u00fcrlich Golfen mitten in Kempten! Zentrale Lage kombiniert mit einem herrlichen Ausblick\u00a0in die Allg\u00e4uer Alpen. Herzlich Willkommen im Golfpark Schlo\u00dfgut Lenzfried! Der 9-Loch-Golfplatz im Stadtteil Lenzfried von Kempten verbindet Zentrumsn\u00e4he mit atemberaubender Natur und einem einzigartigen Blick auf die Allg\u00e4uer Alpenlandschaft. Ob eine Trainingsstunde in der Mittagspause, eine Feierabendrunde mit Freunden oder eine gem\u00fctliche Partie [&hellip;]<\/p>\n","protected":false},"author":24,"featured_media":0,"parent":1607,"menu_order":75,"comment_status":"closed","ping_status":"closed","template":"page-partner.php","meta":{"_acf_changed":false,"footnotes":""},"class_list":["post-49301","page","type-page","status-publish","hentry"],"acf":{"partner_infobox":"<strong>Adresse: <\/strong>Krumenauerstr. 1, D-85049 Ingolstadt\r\n\r\n<strong>Tel:\u00a0<\/strong>+49 841 85778\r\n\r\n<strong>Web: <\/strong><a href=\"https:\/\/www.golf-ingolstadt.de\/\" target=\"_blank\" rel=\"nofollow noopener noreferrer\">www.golf-ingolstadt.de<\/a>\r\n\r\n<strong>E-Mail:<\/strong> <a href=\"mailto:info@golf-ingolstadt.de\">info@golf-ingolstadt.de<\/a>\r\n\r\n<strong>Bedingungen: <\/strong>Gutscheine einl\u00f6sbar von Mo-Fr\r\n\r\n<strong>Spielbahnen\/Par: <\/strong>\r\n\r\n<strong>La\u0308nge: <\/strong>\r\n\r\n<strong>Anfahrt:\r\n<\/strong>","partner_logo":49302,"partner_gallery":[49308,49304,49306,49310],"partner_lat":47.72626248173601,"partner_long":10.340948410571503,"partner_type":"golfclub","partner_openings":["1","2","3","4","5","6","7"],"montag_von_bis":"00:00 - 24:00","dienstag_von_bis":"00:00 - 24:00","mittwoch_von_bis":"00:00 - 24:00","donnerstag_von_bis":"00:00 - 24:00","freitag_von_bis":"00:00 - 24:00","samstag_von_bis":"00:00 - 24:00","sonntag_von_bis":"00:00 - 24:00","partner_adresse":"Friedensweg 4, D-87437 Kempten","partner_land_bundesland":"Deutschland","partner_tel_1":"+49 831 5129550","partner_tel_2":"","partner_web":"https:\/\/golfparklenzfried.de","partner_mail":"info@golfparklenzfried.de","partner_spielbahnen_par":"9\/34","partner_laenge":"","partner_bedingungen":"","partner_anfahrt":"","partner_misc":null,"additional_css_classes":""},"yoast_head":"<!-- This site is optimized with the Yoast SEO plugin v26.8 - https:\/\/yoast.com\/product\/yoast-seo-wordpress\/ -->\n<title>GC Golfpark Schlo\u00dfgut Lenzfried - Fairway 2 Hotel<\/title>\n<meta name=\"robots\" content=\"index, follow, max-snippet:-1, max-image-preview:large, max-video-preview:-1\" \/>\n<link rel=\"canonical\" href=\"https:\/\/fairway2hotel.at\/cs\/golfclubs\/deutschland\/gc-golfpark-schlossgut-lenzfried\/\" \/>\n<meta property=\"og:locale\" content=\"cs_CZ\" \/>\n<meta property=\"og:type\" content=\"article\" \/>\n<meta property=\"og:title\" content=\"GC Golfpark Schlo\u00dfgut Lenzfried - Fairway 2 Hotel\" \/>\n<meta property=\"og:description\" content=\"Nat\u00fcrlich Golfen mitten in Kempten! Zentrale Lage kombiniert mit einem herrlichen Ausblick\u00a0in die Allg\u00e4uer Alpen. Herzlich Willkommen im Golfpark Schlo\u00dfgut Lenzfried! Der 9-Loch-Golfplatz im Stadtteil Lenzfried von Kempten verbindet Zentrumsn\u00e4he mit atemberaubender Natur und einem einzigartigen Blick auf die Allg\u00e4uer Alpenlandschaft. Ob eine Trainingsstunde in der Mittagspause, eine Feierabendrunde mit Freunden oder eine gem\u00fctliche Partie [&hellip;]\" \/>\n<meta property=\"og:url\" content=\"https:\/\/fairway2hotel.at\/cs\/golfclubs\/deutschland\/gc-golfpark-schlossgut-lenzfried\/\" \/>\n<meta property=\"og:site_name\" content=\"Fairway 2 Hotel\" \/>\n<meta property=\"article:modified_time\" content=\"2025-11-09T17:19:04+00:00\" \/>\n<meta name=\"twitter:card\" content=\"summary_large_image\" \/>\n<meta name=\"twitter:label1\" content=\"Odhadovan\u00e1 doba \u010dten\u00ed\" \/>\n\t<meta name=\"twitter:data1\" content=\"3 minuty\" \/>\n<script type=\"application\/ld+json\" class=\"yoast-schema-graph\">{\"@context\":\"https:\/\/schema.org\",\"@graph\":[{\"@type\":\"WebPage\",\"@id\":\"https:\/\/fairway2hotel.at\/cs\/golfclubs\/deutschland\/gc-golfpark-schlossgut-lenzfried\/\",\"url\":\"https:\/\/fairway2hotel.at\/cs\/golfclubs\/deutschland\/gc-golfpark-schlossgut-lenzfried\/\",\"name\":\"GC Golfpark Schlo\u00dfgut Lenzfried - Fairway 2 Hotel\",\"isPartOf\":{\"@id\":\"https:\/\/fairway2hotel.at\/cs\/#website\"},\"datePublished\":\"2025-10-21T14:11:16+00:00\",\"dateModified\":\"2025-11-09T17:19:04+00:00\",\"breadcrumb\":{\"@id\":\"https:\/\/fairway2hotel.at\/cs\/golfclubs\/deutschland\/gc-golfpark-schlossgut-lenzfried\/#breadcrumb\"},\"inLanguage\":\"cs\",\"potentialAction\":[{\"@type\":\"ReadAction\",\"target\":[\"https:\/\/fairway2hotel.at\/cs\/golfclubs\/deutschland\/gc-golfpark-schlossgut-lenzfried\/\"]}]},{\"@type\":\"BreadcrumbList\",\"@id\":\"https:\/\/fairway2hotel.at\/cs\/golfclubs\/deutschland\/gc-golfpark-schlossgut-lenzfried\/#breadcrumb\",\"itemListElement\":[{\"@type\":\"ListItem\",\"position\":1,\"name\":\"Home\",\"item\":\"https:\/\/fairway2hotel.at\/cs\/\"},{\"@type\":\"ListItem\",\"position\":2,\"name\":\"Golfclubs\",\"item\":\"https:\/\/fairway2hotel.at\/cs\/golfclubs\/\"},{\"@type\":\"ListItem\",\"position\":3,\"name\":\"Golfclubs Deutschland\",\"item\":\"https:\/\/fairway2hotel.at\/cs\/golfclubs\/deutschland\/\"},{\"@type\":\"ListItem\",\"position\":4,\"name\":\"GC Golfpark Schlo\u00dfgut Lenzfried\"}]},{\"@type\":\"WebSite\",\"@id\":\"https:\/\/fairway2hotel.at\/cs\/#website\",\"url\":\"https:\/\/fairway2hotel.at\/cs\/\",\"name\":\"Fairway 2 Hotel\",\"description\":\"Golf zum halben Preis! 2 spielen - 1 zahlt\",\"potentialAction\":[{\"@type\":\"SearchAction\",\"target\":{\"@type\":\"EntryPoint\",\"urlTemplate\":\"https:\/\/fairway2hotel.at\/cs\/?s={search_term_string}\"},\"query-input\":{\"@type\":\"PropertyValueSpecification\",\"valueRequired\":true,\"valueName\":\"search_term_string\"}}],\"inLanguage\":\"cs\"}]}<\/script>\n<!-- \/ Yoast SEO plugin. -->","yoast_head_json":{"title":"GC Golfpark Schlo\u00dfgut Lenzfried - Fairway 2 Hotel","robots":{"index":"index","follow":"follow","max-snippet":"max-snippet:-1","max-image-preview":"max-image-preview:large","max-video-preview":"max-video-preview:-1"},"canonical":"https:\/\/fairway2hotel.at\/cs\/golfclubs\/deutschland\/gc-golfpark-schlossgut-lenzfried\/","og_locale":"cs_CZ","og_type":"article","og_title":"GC Golfpark Schlo\u00dfgut Lenzfried - Fairway 2 Hotel","og_description":"Nat\u00fcrlich Golfen mitten in Kempten! Zentrale Lage kombiniert mit einem herrlichen Ausblick\u00a0in die Allg\u00e4uer Alpen. Herzlich Willkommen im Golfpark Schlo\u00dfgut Lenzfried! Der 9-Loch-Golfplatz im Stadtteil Lenzfried von Kempten verbindet Zentrumsn\u00e4he mit atemberaubender Natur und einem einzigartigen Blick auf die Allg\u00e4uer Alpenlandschaft. Ob eine Trainingsstunde in der Mittagspause, eine Feierabendrunde mit Freunden oder eine gem\u00fctliche Partie [&hellip;]","og_url":"https:\/\/fairway2hotel.at\/cs\/golfclubs\/deutschland\/gc-golfpark-schlossgut-lenzfried\/","og_site_name":"Fairway 2 Hotel","article_modified_time":"2025-11-09T17:19:04+00:00","twitter_card":"summary_large_image","twitter_misc":{"Odhadovan\u00e1 doba \u010dten\u00ed":"3 minuty"},"schema":{"@context":"https:\/\/schema.org","@graph":[{"@type":"WebPage","@id":"https:\/\/fairway2hotel.at\/cs\/golfclubs\/deutschland\/gc-golfpark-schlossgut-lenzfried\/","url":"https:\/\/fairway2hotel.at\/cs\/golfclubs\/deutschland\/gc-golfpark-schlossgut-lenzfried\/","name":"GC Golfpark Schlo\u00dfgut Lenzfried - Fairway 2 Hotel","isPartOf":{"@id":"https:\/\/fairway2hotel.at\/cs\/#website"},"datePublished":"2025-10-21T14:11:16+00:00","dateModified":"2025-11-09T17:19:04+00:00","breadcrumb":{"@id":"https:\/\/fairway2hotel.at\/cs\/golfclubs\/deutschland\/gc-golfpark-schlossgut-lenzfried\/#breadcrumb"},"inLanguage":"cs","potentialAction":[{"@type":"ReadAction","target":["https:\/\/fairway2hotel.at\/cs\/golfclubs\/deutschland\/gc-golfpark-schlossgut-lenzfried\/"]}]},{"@type":"BreadcrumbList","@id":"https:\/\/fairway2hotel.at\/cs\/golfclubs\/deutschland\/gc-golfpark-schlossgut-lenzfried\/#breadcrumb","itemListElement":[{"@type":"ListItem","position":1,"name":"Home","item":"https:\/\/fairway2hotel.at\/cs\/"},{"@type":"ListItem","position":2,"name":"Golfclubs","item":"https:\/\/fairway2hotel.at\/cs\/golfclubs\/"},{"@type":"ListItem","position":3,"name":"Golfclubs Deutschland","item":"https:\/\/fairway2hotel.at\/cs\/golfclubs\/deutschland\/"},{"@type":"ListItem","position":4,"name":"GC Golfpark Schlo\u00dfgut Lenzfried"}]},{"@type":"WebSite","@id":"https:\/\/fairway2hotel.at\/cs\/#website","url":"https:\/\/fairway2hotel.at\/cs\/","name":"Fairway 2 Hotel","description":"Golf zum halben Preis! 2 spielen - 1 zahlt","potentialAction":[{"@type":"SearchAction","target":{"@type":"EntryPoint","urlTemplate":"https:\/\/fairway2hotel.at\/cs\/?s={search_term_string}"},"query-input":{"@type":"PropertyValueSpecification","valueRequired":true,"valueName":"search_term_string"}}],"inLanguage":"cs"}]}},"_links":{"self":[{"href":"https:\/\/fairway2hotel.at\/cs\/wp-json\/wp\/v2\/pages\/49301","targetHints":{"allow":["GET"]}}],"collection":[{"href":"https:\/\/fairway2hotel.at\/cs\/wp-json\/wp\/v2\/pages"}],"about":[{"href":"https:\/\/fairway2hotel.at\/cs\/wp-json\/wp\/v2\/types\/page"}],"author":[{"embeddable":true,"href":"https:\/\/fairway2hotel.at\/cs\/wp-json\/wp\/v2\/users\/24"}],"replies":[{"embeddable":true,"href":"https:\/\/fairway2hotel.at\/cs\/wp-json\/wp\/v2\/comments?post=49301"}],"version-history":[{"count":1,"href":"https:\/\/fairway2hotel.at\/cs\/wp-json\/wp\/v2\/pages\/49301\/revisions"}],"predecessor-version":[{"id":49312,"href":"https:\/\/fairway2hotel.at\/cs\/wp-json\/wp\/v2\/pages\/49301\/revisions\/49312"}],"up":[{"embeddable":true,"href":"https:\/\/fairway2hotel.at\/cs\/wp-json\/wp\/v2\/pages\/1607"}],"acf:attachment":[{"embeddable":true,"href":"https:\/\/fairway2hotel.at\/cs\/wp-json\/wp\/v2\/media\/49310"},{"embeddable":true,"href":"https:\/\/fairway2hotel.at\/cs\/wp-json\/wp\/v2\/media\/49306"},{"embeddable":true,"href":"https:\/\/fairway2hotel.at\/cs\/wp-json\/wp\/v2\/media\/49304"},{"embeddable":true,"href":"https:\/\/fairway2hotel.at\/cs\/wp-json\/wp\/v2\/media\/49308"}],"wp:attachment":[{"href":"https:\/\/fairway2hotel.at\/cs\/wp-json\/wp\/v2\/media?parent=49301"}],"curies":[{"name":"wp","href":"https:\/\/api.w.org\/{rel}","templated":true}]}}