{"id":49314,"date":"2025-10-21T16:58:06","date_gmt":"2025-10-21T14:58:06","guid":{"rendered":"https:\/\/fairway2hotel.at\/?page_id=49314"},"modified":"2025-11-09T18:21:06","modified_gmt":"2025-11-09T17:21:06","slug":"gc-golf-pordenone","status":"publish","type":"page","link":"https:\/\/fairway2hotel.at\/cs\/golfclubs\/italien\/gc-golf-pordenone\/","title":{"rendered":"GC Golf Pordenone"},"content":{"rendered":"<h2>Willkommen im Golf Pordenone<\/h2>\n<p>Der Golfplatz Pordenone in Castel d&#8217;Aviano (PN), eingebettet in die \u00fcppige Alpenlandschaft am Fu\u00dfe des Ferienortes Piancavallo, zelebriert den Golfsport mit einem 18-Loch-Platz im historischen Park der Villa Policreti. Der Spieler kann seine F\u00e4higkeiten auf einer Vielzahl von Terrains unter Beweis stellen, die sich vom Abschlag bis zum Gr\u00fcn erstrecken und mit verschiedenen H\u00f6henunterschieden und Hindernissen den Spieler auf die Probe stellen, wodurch das Spiel unterhaltsam und wettbewerbsorientiert wird. Die Lage dieses Ortes bietet zudem einen unvergleichlichen Aufenthalt mit Blick auf ein wundersch\u00f6nes Bergpanorama. Der Platz erstreckt sich \u00fcber eine L\u00e4nge von 5.980 Metern und wird durch drei Wasserfl\u00e4chen, kleine W\u00e4lder und gr\u00fcne H\u00fcgel bereichert, die ein entspanntes und angenehmes Spielerlebnis garantieren. Gleichzeitig k\u00f6nnen diejenigen, die keine Angst haben, das Loch mit einem Bogey abzuschlie\u00dfen, mehr Zeit genie\u00dfen, um die nat\u00fcrliche Umgebung und Landschaft zu bewundern, in die sich der Platz harmonisch einf\u00fcgt.<\/p>\n<p>Das Restaurant Clubhouse des Golf Pordenone ist ein k\u00fcrzlich renoviertes Lokal, das f\u00fcr alle ge\u00f6ffnet ist und in dem man typische Gerichte der lokalen Tradition genie\u00dfen kann. Ein einladendes und vielseitiges Ambiente, von dessen Fenstern und Terrassen mit Blick auf den Golfplatz man ein herrliches Panorama bewundern kann.<\/p>\n<h2>Welcome at Golf Pordenone<\/h2>\n<p>The Pordenone Golf Course in Castel d&#8217;Aviano (PN), nestled in the lush Alpine landscape at the foot of the Piancavallo resort, celebrates the sport of golf with an 18-hole course in the historic park of Villa Policreti. Players can test their skills on a variety of terrains, stretching from the tee to the green, with different elevation changes and obstacles that challenge players, making the game entertaining and competitive. The location of this venue also offers an unparalleled stay with views of a beautiful mountain panorama. The course stretches over a length of 5,980 metres and is enriched by three water features, small woods and green hills, guaranteeing a relaxed and enjoyable playing experience. At the same time, those who are not afraid to finish the hole with a bogey can enjoy more time to admire the natural environment and landscape into which the course blends harmoniously.<\/p>\n<p>The Golf Pordenone Clubhouse restaurant is a recently renovated venue open to all, where you can enjoy typical dishes of the local tradition. An inviting and versatile environment, from whose windows and terraces overlooking the golf course you can admire a magnificent panorama.<\/p>\n<p>&nbsp;<\/p>\n","protected":false},"excerpt":{"rendered":"<p>Willkommen im Golf Pordenone Der Golfplatz Pordenone in Castel d&#8217;Aviano (PN), eingebettet in die \u00fcppige Alpenlandschaft am Fu\u00dfe des Ferienortes Piancavallo, zelebriert den Golfsport mit einem 18-Loch-Platz im historischen Park der Villa Policreti. Der Spieler kann seine F\u00e4higkeiten auf einer Vielzahl von Terrains unter Beweis stellen, die sich vom Abschlag bis zum Gr\u00fcn erstrecken und [&hellip;]<\/p>\n","protected":false},"author":24,"featured_media":0,"parent":1657,"menu_order":0,"comment_status":"closed","ping_status":"closed","template":"page-partner.php","meta":{"_acf_changed":false,"footnotes":""},"class_list":["post-49314","page","type-page","status-publish","hentry"],"acf":{"partner_infobox":"<strong>Adresse:\u00a0<\/strong>Via Jelenia Gora, 6, 48015 Milano Marittima, Cervia (RA)\r\n\r\n<strong>Tel:\u00a0<\/strong>+39 0544\/992786\r\n\r\n<strong>Web: <\/strong><a href=\"http:\/\/www.golfcervia.com\/\" target=\"_blank\" rel=\"nofollow noopener noreferrer\">www.golfcervia.com<\/a>\r\n\r\n<strong>E-Mail:<\/strong> <a href=\"mailto:info@golfcervia.com\">info@golfcervia.com<\/a>\r\n\r\n<strong>Spielbahnen: <\/strong>27\r\n\r\n<strong>La\u0308nge\/Par: <\/strong>\r\nRed Course Par 36 \u2013 gelb: 3.129 m\/rot: 2.684 m\r\nBlue Course Par 36 \u2013 gelb: 2.908 m\/rot: 2.504 m\r\nYellow Course Par 35 \u2013 gelb: 2.915 m\/rot: 2.507 m\r\n<div data-canvas-width=\"71.06344694875257\"><strong>Bedingungen:<\/strong><\/div>\r\n<div data-canvas-width=\"74.93502403157918\">Gutscheine einl\u00f6sbar vom 1. 10. bis 31. 3. von\u00a0MO\u2013FR, ausgenommen Feiertage!<\/div>\r\n<strong>Anfahrt:\r\n<\/strong>20 km su\u0308dlich von Ravenna","partner_logo":49315,"partner_gallery":[49319,49317,49321,49323,49325,49327,49329,49331],"partner_lat":46.04971255624056,"partner_long":12.569080981663166,"partner_type":"golfclub","partner_openings":["1","2","3","4","5"],"montag_von_bis":"00:00 - 24:00","dienstag_von_bis":"00:00 - 24:00","mittwoch_von_bis":"00:00 - 24:00","donnerstag_von_bis":"00:00 - 24:00","freitag_von_bis":"00:00 - 24:00","samstag_von_bis":"00:00 - 24:00","sonntag_von_bis":"00:00 - 24:00","partner_adresse":"Via San Gregorio 5, I - 33081, Castello d'Aviano","partner_land_bundesland":"Italien","partner_tel_1":"+39 0434 652305","partner_tel_2":"","partner_web":"https:\/\/golfpordenone.it\/","partner_mail":"info@golfpordenone.it","partner_spielbahnen_par":"18\/72","partner_laenge":"Red Course Par 36 \u2013 gelb: 3.129 m\/rot: 2.684 m; Blue Course Par 36 \u2013 gelb: 2.908 m\/rot: 2.504 m; Yellow Course Par 35 \u2013 gelb: 2.915 m\/rot: 2.507 m","partner_bedingungen":"Gutscheine einl\u00f6sbar  von\u00a0MO\u2013FR\r\nVouchers redeemable from Mon-Fri","partner_anfahrt":"20 km su\u0308dlich von Ravenna","partner_misc":null,"additional_css_classes":""},"yoast_head":"<!-- This site is optimized with the Yoast SEO plugin v26.8 - https:\/\/yoast.com\/product\/yoast-seo-wordpress\/ -->\n<title>GC Golf Pordenone - Fairway 2 Hotel<\/title>\n<meta name=\"robots\" content=\"index, follow, max-snippet:-1, max-image-preview:large, max-video-preview:-1\" \/>\n<link rel=\"canonical\" href=\"https:\/\/fairway2hotel.at\/cs\/golfclubs\/italien\/gc-golf-pordenone\/\" \/>\n<meta property=\"og:locale\" content=\"cs_CZ\" \/>\n<meta property=\"og:type\" content=\"article\" \/>\n<meta property=\"og:title\" content=\"GC Golf Pordenone - Fairway 2 Hotel\" \/>\n<meta property=\"og:description\" content=\"Willkommen im Golf Pordenone Der Golfplatz Pordenone in Castel d&#8217;Aviano (PN), eingebettet in die \u00fcppige Alpenlandschaft am Fu\u00dfe des Ferienortes Piancavallo, zelebriert den Golfsport mit einem 18-Loch-Platz im historischen Park der Villa Policreti. Der Spieler kann seine F\u00e4higkeiten auf einer Vielzahl von Terrains unter Beweis stellen, die sich vom Abschlag bis zum Gr\u00fcn erstrecken und [&hellip;]\" \/>\n<meta property=\"og:url\" content=\"https:\/\/fairway2hotel.at\/cs\/golfclubs\/italien\/gc-golf-pordenone\/\" \/>\n<meta property=\"og:site_name\" content=\"Fairway 2 Hotel\" \/>\n<meta property=\"article:modified_time\" content=\"2025-11-09T17:21:06+00:00\" \/>\n<meta name=\"twitter:card\" content=\"summary_large_image\" \/>\n<meta name=\"twitter:label1\" content=\"Odhadovan\u00e1 doba \u010dten\u00ed\" \/>\n\t<meta name=\"twitter:data1\" content=\"3 minuty\" \/>\n<script type=\"application\/ld+json\" class=\"yoast-schema-graph\">{\"@context\":\"https:\/\/schema.org\",\"@graph\":[{\"@type\":\"WebPage\",\"@id\":\"https:\/\/fairway2hotel.at\/cs\/golfclubs\/italien\/gc-golf-pordenone\/\",\"url\":\"https:\/\/fairway2hotel.at\/cs\/golfclubs\/italien\/gc-golf-pordenone\/\",\"name\":\"GC Golf Pordenone - Fairway 2 Hotel\",\"isPartOf\":{\"@id\":\"https:\/\/fairway2hotel.at\/cs\/#website\"},\"datePublished\":\"2025-10-21T14:58:06+00:00\",\"dateModified\":\"2025-11-09T17:21:06+00:00\",\"breadcrumb\":{\"@id\":\"https:\/\/fairway2hotel.at\/cs\/golfclubs\/italien\/gc-golf-pordenone\/#breadcrumb\"},\"inLanguage\":\"cs\",\"potentialAction\":[{\"@type\":\"ReadAction\",\"target\":[\"https:\/\/fairway2hotel.at\/cs\/golfclubs\/italien\/gc-golf-pordenone\/\"]}]},{\"@type\":\"BreadcrumbList\",\"@id\":\"https:\/\/fairway2hotel.at\/cs\/golfclubs\/italien\/gc-golf-pordenone\/#breadcrumb\",\"itemListElement\":[{\"@type\":\"ListItem\",\"position\":1,\"name\":\"Home\",\"item\":\"https:\/\/fairway2hotel.at\/cs\/\"},{\"@type\":\"ListItem\",\"position\":2,\"name\":\"Golfclubs\",\"item\":\"https:\/\/fairway2hotel.at\/cs\/golfclubs\/\"},{\"@type\":\"ListItem\",\"position\":3,\"name\":\"Golfclubs Italien\",\"item\":\"https:\/\/fairway2hotel.at\/cs\/golfclubs\/italien\/\"},{\"@type\":\"ListItem\",\"position\":4,\"name\":\"GC Golf Pordenone\"}]},{\"@type\":\"WebSite\",\"@id\":\"https:\/\/fairway2hotel.at\/cs\/#website\",\"url\":\"https:\/\/fairway2hotel.at\/cs\/\",\"name\":\"Fairway 2 Hotel\",\"description\":\"Golf zum halben Preis! 2 spielen - 1 zahlt\",\"potentialAction\":[{\"@type\":\"SearchAction\",\"target\":{\"@type\":\"EntryPoint\",\"urlTemplate\":\"https:\/\/fairway2hotel.at\/cs\/?s={search_term_string}\"},\"query-input\":{\"@type\":\"PropertyValueSpecification\",\"valueRequired\":true,\"valueName\":\"search_term_string\"}}],\"inLanguage\":\"cs\"}]}<\/script>\n<!-- \/ Yoast SEO plugin. -->","yoast_head_json":{"title":"GC Golf Pordenone - Fairway 2 Hotel","robots":{"index":"index","follow":"follow","max-snippet":"max-snippet:-1","max-image-preview":"max-image-preview:large","max-video-preview":"max-video-preview:-1"},"canonical":"https:\/\/fairway2hotel.at\/cs\/golfclubs\/italien\/gc-golf-pordenone\/","og_locale":"cs_CZ","og_type":"article","og_title":"GC Golf Pordenone - Fairway 2 Hotel","og_description":"Willkommen im Golf Pordenone Der Golfplatz Pordenone in Castel d&#8217;Aviano (PN), eingebettet in die \u00fcppige Alpenlandschaft am Fu\u00dfe des Ferienortes Piancavallo, zelebriert den Golfsport mit einem 18-Loch-Platz im historischen Park der Villa Policreti. Der Spieler kann seine F\u00e4higkeiten auf einer Vielzahl von Terrains unter Beweis stellen, die sich vom Abschlag bis zum Gr\u00fcn erstrecken und [&hellip;]","og_url":"https:\/\/fairway2hotel.at\/cs\/golfclubs\/italien\/gc-golf-pordenone\/","og_site_name":"Fairway 2 Hotel","article_modified_time":"2025-11-09T17:21:06+00:00","twitter_card":"summary_large_image","twitter_misc":{"Odhadovan\u00e1 doba \u010dten\u00ed":"3 minuty"},"schema":{"@context":"https:\/\/schema.org","@graph":[{"@type":"WebPage","@id":"https:\/\/fairway2hotel.at\/cs\/golfclubs\/italien\/gc-golf-pordenone\/","url":"https:\/\/fairway2hotel.at\/cs\/golfclubs\/italien\/gc-golf-pordenone\/","name":"GC Golf Pordenone - Fairway 2 Hotel","isPartOf":{"@id":"https:\/\/fairway2hotel.at\/cs\/#website"},"datePublished":"2025-10-21T14:58:06+00:00","dateModified":"2025-11-09T17:21:06+00:00","breadcrumb":{"@id":"https:\/\/fairway2hotel.at\/cs\/golfclubs\/italien\/gc-golf-pordenone\/#breadcrumb"},"inLanguage":"cs","potentialAction":[{"@type":"ReadAction","target":["https:\/\/fairway2hotel.at\/cs\/golfclubs\/italien\/gc-golf-pordenone\/"]}]},{"@type":"BreadcrumbList","@id":"https:\/\/fairway2hotel.at\/cs\/golfclubs\/italien\/gc-golf-pordenone\/#breadcrumb","itemListElement":[{"@type":"ListItem","position":1,"name":"Home","item":"https:\/\/fairway2hotel.at\/cs\/"},{"@type":"ListItem","position":2,"name":"Golfclubs","item":"https:\/\/fairway2hotel.at\/cs\/golfclubs\/"},{"@type":"ListItem","position":3,"name":"Golfclubs Italien","item":"https:\/\/fairway2hotel.at\/cs\/golfclubs\/italien\/"},{"@type":"ListItem","position":4,"name":"GC Golf Pordenone"}]},{"@type":"WebSite","@id":"https:\/\/fairway2hotel.at\/cs\/#website","url":"https:\/\/fairway2hotel.at\/cs\/","name":"Fairway 2 Hotel","description":"Golf zum halben Preis! 2 spielen - 1 zahlt","potentialAction":[{"@type":"SearchAction","target":{"@type":"EntryPoint","urlTemplate":"https:\/\/fairway2hotel.at\/cs\/?s={search_term_string}"},"query-input":{"@type":"PropertyValueSpecification","valueRequired":true,"valueName":"search_term_string"}}],"inLanguage":"cs"}]}},"_links":{"self":[{"href":"https:\/\/fairway2hotel.at\/cs\/wp-json\/wp\/v2\/pages\/49314","targetHints":{"allow":["GET"]}}],"collection":[{"href":"https:\/\/fairway2hotel.at\/cs\/wp-json\/wp\/v2\/pages"}],"about":[{"href":"https:\/\/fairway2hotel.at\/cs\/wp-json\/wp\/v2\/types\/page"}],"author":[{"embeddable":true,"href":"https:\/\/fairway2hotel.at\/cs\/wp-json\/wp\/v2\/users\/24"}],"replies":[{"embeddable":true,"href":"https:\/\/fairway2hotel.at\/cs\/wp-json\/wp\/v2\/comments?post=49314"}],"version-history":[{"count":1,"href":"https:\/\/fairway2hotel.at\/cs\/wp-json\/wp\/v2\/pages\/49314\/revisions"}],"predecessor-version":[{"id":49333,"href":"https:\/\/fairway2hotel.at\/cs\/wp-json\/wp\/v2\/pages\/49314\/revisions\/49333"}],"up":[{"embeddable":true,"href":"https:\/\/fairway2hotel.at\/cs\/wp-json\/wp\/v2\/pages\/1657"}],"acf:attachment":[{"embeddable":true,"href":"https:\/\/fairway2hotel.at\/cs\/wp-json\/wp\/v2\/media\/49331"},{"embeddable":true,"href":"https:\/\/fairway2hotel.at\/cs\/wp-json\/wp\/v2\/media\/49329"},{"embeddable":true,"href":"https:\/\/fairway2hotel.at\/cs\/wp-json\/wp\/v2\/media\/49327"},{"embeddable":true,"href":"https:\/\/fairway2hotel.at\/cs\/wp-json\/wp\/v2\/media\/49325"},{"embeddable":true,"href":"https:\/\/fairway2hotel.at\/cs\/wp-json\/wp\/v2\/media\/49323"},{"embeddable":true,"href":"https:\/\/fairway2hotel.at\/cs\/wp-json\/wp\/v2\/media\/49321"},{"embeddable":true,"href":"https:\/\/fairway2hotel.at\/cs\/wp-json\/wp\/v2\/media\/49317"},{"embeddable":true,"href":"https:\/\/fairway2hotel.at\/cs\/wp-json\/wp\/v2\/media\/49319"}],"wp:attachment":[{"href":"https:\/\/fairway2hotel.at\/cs\/wp-json\/wp\/v2\/media?parent=49314"}],"curies":[{"name":"wp","href":"https:\/\/api.w.org\/{rel}","templated":true}]}}