{"id":49390,"date":"2025-10-24T10:15:41","date_gmt":"2025-10-24T08:15:41","guid":{"rendered":"https:\/\/fairway2hotel.at\/?page_id=49390"},"modified":"2025-11-09T18:20:45","modified_gmt":"2025-11-09T17:20:45","slug":"gc-girasoli-golf","status":"publish","type":"page","link":"https:\/\/fairway2hotel.at\/cs\/golfclubs\/italien\/gc-girasoli-golf\/","title":{"rendered":"GC Girasoli Golf"},"content":{"rendered":"<h2>Die Natur ist der Hauptdarsteller auf dem Golfplatz I Girasoli<\/h2>\n<p>Der Golfclub I Girasoli liegt am Tor zu Terre del Barolo in einer einzigartigen Umgebung voller Aromen und D\u00fcfte.<\/p>\n<p>Hier ist die Zeit gr\u00fcn, denn Gr\u00fcn ist nicht nur die Weite der Wiesen, umgeben von W\u00e4ldern, Weinbergen, Obstg\u00e4rten und Gew\u00e4ssern, sondern auch der Drive, wenn man von einem Adler tr\u00e4umt, der mit dem Wind durch die Finger gleitet, wenn man in den Pool springt, sich bei einer Open-Air-Party austobt und gutes Essen genie\u00dft. Gr\u00fcn ist unsere alte und nat\u00fcrliche Gastfreundschaft, die auf die Freuden des gl\u00fccklichen Lebens bedacht ist. Alle Fairways sind nat\u00fcrlich und wurden ohne Erdarbeiten unter Ber\u00fccksichtigung der nat\u00fcrlichen Unebenheiten des Gel\u00e4ndes und der lokalen Graskulturen angelegt. Auf den Gr\u00fcns werden nur unbedenkliche Produkte in minimalem Umfang eingesetzt, wenn dies f\u00fcr ihre Pflege unerl\u00e4sslich ist.<\/p>\n<p>Die Herzlichkeit eines L\u00e4chelns und die freundliche Gesellschaft erg\u00e4nzen die reichhaltigen traditionellen Men\u00fcs, die die Bauernk\u00fcche t\u00e4glich anbietet. Zu diesem hochwertigen Geschmack und Erlebnis geh\u00f6ren piemontesisches Fleisch, Gem\u00fcse und H\u00fclsenfr\u00fcchte, die direkt aus dem Bio-Garten des Clubs geerntet werden.<\/p>\n<p>In dem gro\u00dfen Bauernhaus ist der Duft der Vergangenheit noch immer frisch in den rauen Stein- und alten Terrakottab\u00f6den, den Gew\u00f6lbedecken, den freiliegenden Balken, den Kaminen und dem zur\u00fcckhaltenden und warmen Stil der Zimmer. Wo einst Scheunen und Heub\u00f6den standen, befinden sich heute Zimmer, Suiten und Wohnungen.<\/p>\n<h2>Nature is Protagonist at the I Girasoli Golf Course<\/h2>\n<p>The I Girasoli Golf Club is located at the gateway to Terre del Barolo in a unique setting full of flavours and fragrances.<\/p>\n<p>Time is green here because green is not just expanses of meadowland surrounded by forests, vineyards, orchards and bodies of water; it is also gripping the drive as you dream of an eagle with the wind swinging through your fingers, diving into the pool, letting loose at an open-air party and enjoying good food. Green is our ancient and natural hospitality, attentive to the pleasures of happy living. All the fairways are natural and have been created without earthworks in respect of the natural undulations of the terrain and local grass cultures. Only non-harmful products are used on greens to a minimal extent when they are essential for their care.<\/p>\n<p>The warmth of a smile and friendly company add value to the rich traditional menus offered by the farmhouse kitchen every day. This quality taste and experience includes Piedmontese meat, vegetables and pulses harvested directly from the club&#8217;s organic garden<\/p>\n<p>In \u00a0the large farmhouse, the scent of the past is still fresh in the rough stone and old terracotta floors, the vaulted ceilings, the exposed beams, the fireplaces and the understated and warm style of the rooms. Where barns and haylofts once were now stand rooms, suites and flats.<\/p>\n","protected":false},"excerpt":{"rendered":"<p>Die Natur ist der Hauptdarsteller auf dem Golfplatz I Girasoli Der Golfclub I Girasoli liegt am Tor zu Terre del Barolo in einer einzigartigen Umgebung voller Aromen und D\u00fcfte. Hier ist die Zeit gr\u00fcn, denn Gr\u00fcn ist nicht nur die Weite der Wiesen, umgeben von W\u00e4ldern, Weinbergen, Obstg\u00e4rten und Gew\u00e4ssern, sondern auch der Drive, wenn [&hellip;]<\/p>\n","protected":false},"author":24,"featured_media":0,"parent":1657,"menu_order":0,"comment_status":"closed","ping_status":"closed","template":"page-partner.php","meta":{"_acf_changed":false,"footnotes":""},"class_list":["post-49390","page","type-page","status-publish","hentry"],"acf":{"partner_infobox":"<strong>Adresse:\u00a0<\/strong>Via Valerina 29, I - 23010 Caiolo\r\n\r\n<strong>Tel:\u00a0<\/strong>+39 0342 354009\r\n\r\n<strong>Web: <\/strong><a href=\"https:\/\/www.valtellinagolf.com\" target=\"_blank\" rel=\"nofollow noopener noreferrer\">www.valtellinagolf.com<\/a>\r\n\r\n<strong>E-Mail:<\/strong> <a href=\"mailto:info@valtellinagolf.com\">info@valtellinagolf.com<\/a>","partner_logo":null,"partner_gallery":[49395,49391,49393,49397,49401,49399,49403,49405],"partner_lat":44.857757139322594,"partner_long":7.817758768117015,"partner_type":"golfclub","partner_openings":["1","2","3","4","5","6","7"],"montag_von_bis":"00:00 - 24:00","dienstag_von_bis":"00:00 - 24:00","mittwoch_von_bis":"00:00 - 24:00","donnerstag_von_bis":"00:00 - 24:00","freitag_von_bis":"00:00 - 24:00","samstag_von_bis":"00:00 - 24:00","sonntag_von_bis":"00:00 - 24:00","partner_adresse":"Strada Pralormo, 315 10022 Carmagnola ","partner_land_bundesland":"Italien","partner_tel_1":"+39 011 979 5088","partner_tel_2":"","partner_web":"https:\/\/girasoligolf.it\/en\/en_homepage\/","partner_mail":"info@girasoligolf.it","partner_spielbahnen_par":"18\/71","partner_laenge":"","partner_bedingungen":"","partner_anfahrt":"","partner_misc":null,"additional_css_classes":""},"yoast_head":"<!-- This site is optimized with the Yoast SEO plugin v26.8 - https:\/\/yoast.com\/product\/yoast-seo-wordpress\/ -->\n<title>GC Girasoli Golf - Fairway 2 Hotel<\/title>\n<meta name=\"robots\" content=\"index, follow, max-snippet:-1, max-image-preview:large, max-video-preview:-1\" \/>\n<link rel=\"canonical\" href=\"https:\/\/fairway2hotel.at\/cs\/golfclubs\/italien\/gc-girasoli-golf\/\" \/>\n<meta property=\"og:locale\" content=\"cs_CZ\" \/>\n<meta property=\"og:type\" content=\"article\" \/>\n<meta property=\"og:title\" content=\"GC Girasoli Golf - Fairway 2 Hotel\" \/>\n<meta property=\"og:description\" content=\"Die Natur ist der Hauptdarsteller auf dem Golfplatz I Girasoli Der Golfclub I Girasoli liegt am Tor zu Terre del Barolo in einer einzigartigen Umgebung voller Aromen und D\u00fcfte. Hier ist die Zeit gr\u00fcn, denn Gr\u00fcn ist nicht nur die Weite der Wiesen, umgeben von W\u00e4ldern, Weinbergen, Obstg\u00e4rten und Gew\u00e4ssern, sondern auch der Drive, wenn [&hellip;]\" \/>\n<meta property=\"og:url\" content=\"https:\/\/fairway2hotel.at\/cs\/golfclubs\/italien\/gc-girasoli-golf\/\" \/>\n<meta property=\"og:site_name\" content=\"Fairway 2 Hotel\" \/>\n<meta property=\"article:modified_time\" content=\"2025-11-09T17:20:45+00:00\" \/>\n<meta name=\"twitter:card\" content=\"summary_large_image\" \/>\n<meta name=\"twitter:label1\" content=\"Odhadovan\u00e1 doba \u010dten\u00ed\" \/>\n\t<meta name=\"twitter:data1\" content=\"3 minuty\" \/>\n<script type=\"application\/ld+json\" class=\"yoast-schema-graph\">{\"@context\":\"https:\/\/schema.org\",\"@graph\":[{\"@type\":\"WebPage\",\"@id\":\"https:\/\/fairway2hotel.at\/cs\/golfclubs\/italien\/gc-girasoli-golf\/\",\"url\":\"https:\/\/fairway2hotel.at\/cs\/golfclubs\/italien\/gc-girasoli-golf\/\",\"name\":\"GC Girasoli Golf - Fairway 2 Hotel\",\"isPartOf\":{\"@id\":\"https:\/\/fairway2hotel.at\/cs\/#website\"},\"datePublished\":\"2025-10-24T08:15:41+00:00\",\"dateModified\":\"2025-11-09T17:20:45+00:00\",\"breadcrumb\":{\"@id\":\"https:\/\/fairway2hotel.at\/cs\/golfclubs\/italien\/gc-girasoli-golf\/#breadcrumb\"},\"inLanguage\":\"cs\",\"potentialAction\":[{\"@type\":\"ReadAction\",\"target\":[\"https:\/\/fairway2hotel.at\/cs\/golfclubs\/italien\/gc-girasoli-golf\/\"]}]},{\"@type\":\"BreadcrumbList\",\"@id\":\"https:\/\/fairway2hotel.at\/cs\/golfclubs\/italien\/gc-girasoli-golf\/#breadcrumb\",\"itemListElement\":[{\"@type\":\"ListItem\",\"position\":1,\"name\":\"Home\",\"item\":\"https:\/\/fairway2hotel.at\/cs\/\"},{\"@type\":\"ListItem\",\"position\":2,\"name\":\"Golfclubs\",\"item\":\"https:\/\/fairway2hotel.at\/cs\/golfclubs\/\"},{\"@type\":\"ListItem\",\"position\":3,\"name\":\"Golfclubs Italien\",\"item\":\"https:\/\/fairway2hotel.at\/cs\/golfclubs\/italien\/\"},{\"@type\":\"ListItem\",\"position\":4,\"name\":\"GC Girasoli Golf\"}]},{\"@type\":\"WebSite\",\"@id\":\"https:\/\/fairway2hotel.at\/cs\/#website\",\"url\":\"https:\/\/fairway2hotel.at\/cs\/\",\"name\":\"Fairway 2 Hotel\",\"description\":\"Golf zum halben Preis! 2 spielen - 1 zahlt\",\"potentialAction\":[{\"@type\":\"SearchAction\",\"target\":{\"@type\":\"EntryPoint\",\"urlTemplate\":\"https:\/\/fairway2hotel.at\/cs\/?s={search_term_string}\"},\"query-input\":{\"@type\":\"PropertyValueSpecification\",\"valueRequired\":true,\"valueName\":\"search_term_string\"}}],\"inLanguage\":\"cs\"}]}<\/script>\n<!-- \/ Yoast SEO plugin. -->","yoast_head_json":{"title":"GC Girasoli Golf - Fairway 2 Hotel","robots":{"index":"index","follow":"follow","max-snippet":"max-snippet:-1","max-image-preview":"max-image-preview:large","max-video-preview":"max-video-preview:-1"},"canonical":"https:\/\/fairway2hotel.at\/cs\/golfclubs\/italien\/gc-girasoli-golf\/","og_locale":"cs_CZ","og_type":"article","og_title":"GC Girasoli Golf - Fairway 2 Hotel","og_description":"Die Natur ist der Hauptdarsteller auf dem Golfplatz I Girasoli Der Golfclub I Girasoli liegt am Tor zu Terre del Barolo in einer einzigartigen Umgebung voller Aromen und D\u00fcfte. Hier ist die Zeit gr\u00fcn, denn Gr\u00fcn ist nicht nur die Weite der Wiesen, umgeben von W\u00e4ldern, Weinbergen, Obstg\u00e4rten und Gew\u00e4ssern, sondern auch der Drive, wenn [&hellip;]","og_url":"https:\/\/fairway2hotel.at\/cs\/golfclubs\/italien\/gc-girasoli-golf\/","og_site_name":"Fairway 2 Hotel","article_modified_time":"2025-11-09T17:20:45+00:00","twitter_card":"summary_large_image","twitter_misc":{"Odhadovan\u00e1 doba \u010dten\u00ed":"3 minuty"},"schema":{"@context":"https:\/\/schema.org","@graph":[{"@type":"WebPage","@id":"https:\/\/fairway2hotel.at\/cs\/golfclubs\/italien\/gc-girasoli-golf\/","url":"https:\/\/fairway2hotel.at\/cs\/golfclubs\/italien\/gc-girasoli-golf\/","name":"GC Girasoli Golf - Fairway 2 Hotel","isPartOf":{"@id":"https:\/\/fairway2hotel.at\/cs\/#website"},"datePublished":"2025-10-24T08:15:41+00:00","dateModified":"2025-11-09T17:20:45+00:00","breadcrumb":{"@id":"https:\/\/fairway2hotel.at\/cs\/golfclubs\/italien\/gc-girasoli-golf\/#breadcrumb"},"inLanguage":"cs","potentialAction":[{"@type":"ReadAction","target":["https:\/\/fairway2hotel.at\/cs\/golfclubs\/italien\/gc-girasoli-golf\/"]}]},{"@type":"BreadcrumbList","@id":"https:\/\/fairway2hotel.at\/cs\/golfclubs\/italien\/gc-girasoli-golf\/#breadcrumb","itemListElement":[{"@type":"ListItem","position":1,"name":"Home","item":"https:\/\/fairway2hotel.at\/cs\/"},{"@type":"ListItem","position":2,"name":"Golfclubs","item":"https:\/\/fairway2hotel.at\/cs\/golfclubs\/"},{"@type":"ListItem","position":3,"name":"Golfclubs Italien","item":"https:\/\/fairway2hotel.at\/cs\/golfclubs\/italien\/"},{"@type":"ListItem","position":4,"name":"GC Girasoli Golf"}]},{"@type":"WebSite","@id":"https:\/\/fairway2hotel.at\/cs\/#website","url":"https:\/\/fairway2hotel.at\/cs\/","name":"Fairway 2 Hotel","description":"Golf zum halben Preis! 2 spielen - 1 zahlt","potentialAction":[{"@type":"SearchAction","target":{"@type":"EntryPoint","urlTemplate":"https:\/\/fairway2hotel.at\/cs\/?s={search_term_string}"},"query-input":{"@type":"PropertyValueSpecification","valueRequired":true,"valueName":"search_term_string"}}],"inLanguage":"cs"}]}},"_links":{"self":[{"href":"https:\/\/fairway2hotel.at\/cs\/wp-json\/wp\/v2\/pages\/49390","targetHints":{"allow":["GET"]}}],"collection":[{"href":"https:\/\/fairway2hotel.at\/cs\/wp-json\/wp\/v2\/pages"}],"about":[{"href":"https:\/\/fairway2hotel.at\/cs\/wp-json\/wp\/v2\/types\/page"}],"author":[{"embeddable":true,"href":"https:\/\/fairway2hotel.at\/cs\/wp-json\/wp\/v2\/users\/24"}],"replies":[{"embeddable":true,"href":"https:\/\/fairway2hotel.at\/cs\/wp-json\/wp\/v2\/comments?post=49390"}],"version-history":[{"count":1,"href":"https:\/\/fairway2hotel.at\/cs\/wp-json\/wp\/v2\/pages\/49390\/revisions"}],"predecessor-version":[{"id":49407,"href":"https:\/\/fairway2hotel.at\/cs\/wp-json\/wp\/v2\/pages\/49390\/revisions\/49407"}],"up":[{"embeddable":true,"href":"https:\/\/fairway2hotel.at\/cs\/wp-json\/wp\/v2\/pages\/1657"}],"acf:attachment":[{"embeddable":true,"href":"https:\/\/fairway2hotel.at\/cs\/wp-json\/wp\/v2\/media\/49405"},{"embeddable":true,"href":"https:\/\/fairway2hotel.at\/cs\/wp-json\/wp\/v2\/media\/49403"},{"embeddable":true,"href":"https:\/\/fairway2hotel.at\/cs\/wp-json\/wp\/v2\/media\/49399"},{"embeddable":true,"href":"https:\/\/fairway2hotel.at\/cs\/wp-json\/wp\/v2\/media\/49401"},{"embeddable":true,"href":"https:\/\/fairway2hotel.at\/cs\/wp-json\/wp\/v2\/media\/49397"},{"embeddable":true,"href":"https:\/\/fairway2hotel.at\/cs\/wp-json\/wp\/v2\/media\/49393"},{"embeddable":true,"href":"https:\/\/fairway2hotel.at\/cs\/wp-json\/wp\/v2\/media\/49391"},{"embeddable":true,"href":"https:\/\/fairway2hotel.at\/cs\/wp-json\/wp\/v2\/media\/49395"}],"wp:attachment":[{"href":"https:\/\/fairway2hotel.at\/cs\/wp-json\/wp\/v2\/media?parent=49390"}],"curies":[{"name":"wp","href":"https:\/\/api.w.org\/{rel}","templated":true}]}}