{"id":49483,"date":"2025-10-31T10:07:30","date_gmt":"2025-10-31T09:07:30","guid":{"rendered":"https:\/\/fairway2hotel.at\/?page_id=49483"},"modified":"2025-11-20T16:19:35","modified_gmt":"2025-11-20T15:19:35","slug":"gc-golf-klub-botanika","status":"publish","type":"page","link":"https:\/\/fairway2hotel.at\/cs\/golfclubs\/tschechien\/gc-golf-klub-botanika\/","title":{"rendered":"GC Golf Klub Botanika"},"content":{"rendered":"<h2>Golfen in den \u00a0K\u0159ivokl\u00e1ter W\u00e4ldern<\/h2>\n<p>Der Golf Klub BOTANIKA bietet eine angenehme Umgebung inmitten der W\u00e4lder von K\u0159ivokl\u00e1t. Vom Zentrum der Metropole sind es etwa 30 Kilometer, dank der Autobahn ist die Anbindung problemlos. Selbstverst\u00e4ndlich gibt es hochwertige Trainingsfl\u00e4chen, eine ganzj\u00e4hrig ge\u00f6ffnete und teilweise \u00fcberdachte Driving Range, 2 \u00dcbungs-Putting-Greens sowie einen Chipping-Bereich mit Green.<\/p>\n<p>Auch ein Hotel befindet sich beim Golfplatz. Alle Zimmer sind mit einer Minibar und einem Satellitenfernseher ausgestattet. WLAN ist im gesamten Geb\u00e4ude verf\u00fcgbar. (Kostenloses WLAN). Das Fr\u00fchst\u00fcck wird entweder im stilvollen Restaurant oder (in den Sommermonaten) auf der Au\u00dfenterrasse serviert. Zum Komplex geh\u00f6rt auch ein Spa mit Innenwhirlpool, Au\u00dfenpool und Sauna. Auf Wunsch organisieren wir f\u00fcr unsere G\u00e4ste Manik\u00fcre, Pedik\u00fcre, Massagen und andere Kosmetik- und Entspannungsdienstleistungen.<\/p>\n<p>Im Areal Botanika gibt es zwei stilvolle Restaurants \u2013 das moderne Vila Botanika und das rustikale Restaurant im urspr\u00fcnglichen Hotel Botanika mit einem vielf\u00e4ltigen Angebot an internationalen und tschechischen Gerichten.<\/p>\n<h2>Golfing in the K\u0159ivokl\u00e1t forests<\/h2>\n<p>Golf Klub BOTANIKA offers a pleasant environment in the middle of the K\u0159ivokl\u00e1t forests. \u00a0It is about 30 kilometres from the centre of the metropolis, and thanks to the motorway, it is easily accessible.\u00a0 Of course, there are high-quality training areas, a driving range that is open all year round and partially covered, two practice putting greens and a chipping area with a green.<\/p>\n<p>There is also a hotel next to the golf course. All rooms are equipped with a minibar and satellite TV. Wi-Fi is available throughout the building. (Free Wi-Fi). Breakfast is served either in the stylish restaurant or (in the summer months) on the outdoor terrace. The complex also includes a spa with an indoor whirlpool, outdoor pool and sauna. On request, we can organise manicures, pedicures, massages and other cosmetic and relaxation services for our guests.<\/p>\n<p>There are two stylish restaurants in the Botanika complex \u2013 the modern Vila Botanika and the rustic restaurant in the original Hotel Botanika, offering a wide range of international and Czech dishes.<\/p>\n","protected":false},"excerpt":{"rendered":"<p>Golfen in den \u00a0K\u0159ivokl\u00e1ter W\u00e4ldern Der Golf Klub BOTANIKA bietet eine angenehme Umgebung inmitten der W\u00e4lder von K\u0159ivokl\u00e1t. Vom Zentrum der Metropole sind es etwa 30 Kilometer, dank der Autobahn ist die Anbindung problemlos. Selbstverst\u00e4ndlich gibt es hochwertige Trainingsfl\u00e4chen, eine ganzj\u00e4hrig ge\u00f6ffnete und teilweise \u00fcberdachte Driving Range, 2 \u00dcbungs-Putting-Greens sowie einen Chipping-Bereich mit Green. Auch [&hellip;]<\/p>\n","protected":false},"author":24,"featured_media":0,"parent":1707,"menu_order":5,"comment_status":"closed","ping_status":"closed","template":"page-partner.php","meta":{"_acf_changed":false,"footnotes":""},"class_list":["post-49483","page","type-page","status-publish","hentry"],"acf":{"partner_infobox":"<strong>Adresse:\u00a0<\/strong>Alenina Lhota 7, 391 33 Jistebnice\r\n\r\n<strong>Tel:\r\n<\/strong>420\u00a0775 913\u00a0338\r\n\r\n<strong>Web: <\/strong><a href=\"http:\/\/www.cebr.cz\" target=\"_blank\" rel=\"nofollow noopener noreferrer\">www.cebr.cz<\/a>\r\n\r\n<strong>E-Mail:<\/strong> <a href=\"mailto:cebr@cebr.cz\">info@cebr.cz<\/a>\r\n\r\n<strong>Spielbahnen\/Par: <\/strong>18\/70\r\n\r\n<strong>La\u0308nge: <\/strong>wei\u00df: 5.304 m \/gelb: 5.001 m \/rot: 4.702 m\r\n\r\n<em><strong>Bedingungen:\r\n<\/strong>Gutscheine von MO-DO, ausgenommen Feiertage, einl\u00f6sbar.<\/em>\r\n\r\n<strong>Anfahrt:\r\n<\/strong>80 km s\u00fcdlich von Prag, 70 km n\u00f6rdlich von \u010cesk\u00e9 Bud\u011bjovice","partner_logo":null,"partner_gallery":[49542,49508,49494,49496,49498,49492,49484,49486,49488,49490,49500,49502,49506],"partner_lat":50.08032259268974,"partner_long":14.080056726017974,"partner_type":"golfclub","partner_openings":["1","2","3","4","5","7"],"montag_von_bis":"00:00 - 24:00","dienstag_von_bis":"00:00 - 24:00","mittwoch_von_bis":"00:00 - 24:00","donnerstag_von_bis":"00:00 - 24:00","freitag_von_bis":"00:00 - 24:00","samstag_von_bis":"00:00 - 24:00","sonntag_von_bis":"00:00 - 24:00","partner_adresse":"Horn\u00ed Bezd\u011bkov 154, CZ-273 51 Unho\u0161\u0165","partner_land_bundesland":"Tschechische Republik","partner_tel_1":"","partner_tel_2":"+420 604 938 525","partner_web":"https:\/\/www.arealbotanika.cz\/en\/index","partner_mail":"areal.botanika@vysehrad2000.cz","partner_spielbahnen_par":"12\/71","partner_laenge":"wei\u00df: 5.304 m \/gelb: 5.001 m \/rot: 4.702 m","partner_bedingungen":"Gutscheine einl\u00f6sbar von SO-FR\r\nvouchers redeemable from Sun-Fri","partner_anfahrt":"80 km s\u00fcdlich von Prag, 70 km n\u00f6rdlich von \u010cesk\u00e9 Bud\u011bjovice","partner_misc":null,"additional_css_classes":""},"yoast_head":"<!-- This site is optimized with the Yoast SEO plugin v26.8 - https:\/\/yoast.com\/product\/yoast-seo-wordpress\/ -->\n<title>GC Golf Klub Botanika - Fairway 2 Hotel<\/title>\n<meta name=\"robots\" content=\"index, follow, max-snippet:-1, max-image-preview:large, max-video-preview:-1\" \/>\n<link rel=\"canonical\" href=\"https:\/\/fairway2hotel.at\/cs\/golfclubs\/tschechien\/gc-golf-klub-botanika\/\" \/>\n<meta property=\"og:locale\" content=\"cs_CZ\" \/>\n<meta property=\"og:type\" content=\"article\" \/>\n<meta property=\"og:title\" content=\"GC Golf Klub Botanika - Fairway 2 Hotel\" \/>\n<meta property=\"og:description\" content=\"Golfen in den \u00a0K\u0159ivokl\u00e1ter W\u00e4ldern Der Golf Klub BOTANIKA bietet eine angenehme Umgebung inmitten der W\u00e4lder von K\u0159ivokl\u00e1t. Vom Zentrum der Metropole sind es etwa 30 Kilometer, dank der Autobahn ist die Anbindung problemlos. Selbstverst\u00e4ndlich gibt es hochwertige Trainingsfl\u00e4chen, eine ganzj\u00e4hrig ge\u00f6ffnete und teilweise \u00fcberdachte Driving Range, 2 \u00dcbungs-Putting-Greens sowie einen Chipping-Bereich mit Green. Auch [&hellip;]\" \/>\n<meta property=\"og:url\" content=\"https:\/\/fairway2hotel.at\/cs\/golfclubs\/tschechien\/gc-golf-klub-botanika\/\" \/>\n<meta property=\"og:site_name\" content=\"Fairway 2 Hotel\" \/>\n<meta property=\"article:modified_time\" content=\"2025-11-20T15:19:35+00:00\" \/>\n<meta name=\"twitter:card\" content=\"summary_large_image\" \/>\n<meta name=\"twitter:label1\" content=\"Odhadovan\u00e1 doba \u010dten\u00ed\" \/>\n\t<meta name=\"twitter:data1\" content=\"2 minuty\" \/>\n<script type=\"application\/ld+json\" class=\"yoast-schema-graph\">{\"@context\":\"https:\/\/schema.org\",\"@graph\":[{\"@type\":\"WebPage\",\"@id\":\"https:\/\/fairway2hotel.at\/cs\/golfclubs\/tschechien\/gc-golf-klub-botanika\/\",\"url\":\"https:\/\/fairway2hotel.at\/cs\/golfclubs\/tschechien\/gc-golf-klub-botanika\/\",\"name\":\"GC Golf Klub Botanika - Fairway 2 Hotel\",\"isPartOf\":{\"@id\":\"https:\/\/fairway2hotel.at\/cs\/#website\"},\"datePublished\":\"2025-10-31T09:07:30+00:00\",\"dateModified\":\"2025-11-20T15:19:35+00:00\",\"breadcrumb\":{\"@id\":\"https:\/\/fairway2hotel.at\/cs\/golfclubs\/tschechien\/gc-golf-klub-botanika\/#breadcrumb\"},\"inLanguage\":\"cs\",\"potentialAction\":[{\"@type\":\"ReadAction\",\"target\":[\"https:\/\/fairway2hotel.at\/cs\/golfclubs\/tschechien\/gc-golf-klub-botanika\/\"]}]},{\"@type\":\"BreadcrumbList\",\"@id\":\"https:\/\/fairway2hotel.at\/cs\/golfclubs\/tschechien\/gc-golf-klub-botanika\/#breadcrumb\",\"itemListElement\":[{\"@type\":\"ListItem\",\"position\":1,\"name\":\"Home\",\"item\":\"https:\/\/fairway2hotel.at\/cs\/\"},{\"@type\":\"ListItem\",\"position\":2,\"name\":\"Golfclubs\",\"item\":\"https:\/\/fairway2hotel.at\/cs\/golfclubs\/\"},{\"@type\":\"ListItem\",\"position\":3,\"name\":\"Golfclubs Tschechien\",\"item\":\"https:\/\/fairway2hotel.at\/cs\/golfclubs\/tschechien\/\"},{\"@type\":\"ListItem\",\"position\":4,\"name\":\"GC Golf Klub Botanika\"}]},{\"@type\":\"WebSite\",\"@id\":\"https:\/\/fairway2hotel.at\/cs\/#website\",\"url\":\"https:\/\/fairway2hotel.at\/cs\/\",\"name\":\"Fairway 2 Hotel\",\"description\":\"Golf zum halben Preis! 2 spielen - 1 zahlt\",\"potentialAction\":[{\"@type\":\"SearchAction\",\"target\":{\"@type\":\"EntryPoint\",\"urlTemplate\":\"https:\/\/fairway2hotel.at\/cs\/?s={search_term_string}\"},\"query-input\":{\"@type\":\"PropertyValueSpecification\",\"valueRequired\":true,\"valueName\":\"search_term_string\"}}],\"inLanguage\":\"cs\"}]}<\/script>\n<!-- \/ Yoast SEO plugin. -->","yoast_head_json":{"title":"GC Golf Klub Botanika - Fairway 2 Hotel","robots":{"index":"index","follow":"follow","max-snippet":"max-snippet:-1","max-image-preview":"max-image-preview:large","max-video-preview":"max-video-preview:-1"},"canonical":"https:\/\/fairway2hotel.at\/cs\/golfclubs\/tschechien\/gc-golf-klub-botanika\/","og_locale":"cs_CZ","og_type":"article","og_title":"GC Golf Klub Botanika - Fairway 2 Hotel","og_description":"Golfen in den \u00a0K\u0159ivokl\u00e1ter W\u00e4ldern Der Golf Klub BOTANIKA bietet eine angenehme Umgebung inmitten der W\u00e4lder von K\u0159ivokl\u00e1t. Vom Zentrum der Metropole sind es etwa 30 Kilometer, dank der Autobahn ist die Anbindung problemlos. Selbstverst\u00e4ndlich gibt es hochwertige Trainingsfl\u00e4chen, eine ganzj\u00e4hrig ge\u00f6ffnete und teilweise \u00fcberdachte Driving Range, 2 \u00dcbungs-Putting-Greens sowie einen Chipping-Bereich mit Green. Auch [&hellip;]","og_url":"https:\/\/fairway2hotel.at\/cs\/golfclubs\/tschechien\/gc-golf-klub-botanika\/","og_site_name":"Fairway 2 Hotel","article_modified_time":"2025-11-20T15:19:35+00:00","twitter_card":"summary_large_image","twitter_misc":{"Odhadovan\u00e1 doba \u010dten\u00ed":"2 minuty"},"schema":{"@context":"https:\/\/schema.org","@graph":[{"@type":"WebPage","@id":"https:\/\/fairway2hotel.at\/cs\/golfclubs\/tschechien\/gc-golf-klub-botanika\/","url":"https:\/\/fairway2hotel.at\/cs\/golfclubs\/tschechien\/gc-golf-klub-botanika\/","name":"GC Golf Klub Botanika - Fairway 2 Hotel","isPartOf":{"@id":"https:\/\/fairway2hotel.at\/cs\/#website"},"datePublished":"2025-10-31T09:07:30+00:00","dateModified":"2025-11-20T15:19:35+00:00","breadcrumb":{"@id":"https:\/\/fairway2hotel.at\/cs\/golfclubs\/tschechien\/gc-golf-klub-botanika\/#breadcrumb"},"inLanguage":"cs","potentialAction":[{"@type":"ReadAction","target":["https:\/\/fairway2hotel.at\/cs\/golfclubs\/tschechien\/gc-golf-klub-botanika\/"]}]},{"@type":"BreadcrumbList","@id":"https:\/\/fairway2hotel.at\/cs\/golfclubs\/tschechien\/gc-golf-klub-botanika\/#breadcrumb","itemListElement":[{"@type":"ListItem","position":1,"name":"Home","item":"https:\/\/fairway2hotel.at\/cs\/"},{"@type":"ListItem","position":2,"name":"Golfclubs","item":"https:\/\/fairway2hotel.at\/cs\/golfclubs\/"},{"@type":"ListItem","position":3,"name":"Golfclubs Tschechien","item":"https:\/\/fairway2hotel.at\/cs\/golfclubs\/tschechien\/"},{"@type":"ListItem","position":4,"name":"GC Golf Klub Botanika"}]},{"@type":"WebSite","@id":"https:\/\/fairway2hotel.at\/cs\/#website","url":"https:\/\/fairway2hotel.at\/cs\/","name":"Fairway 2 Hotel","description":"Golf zum halben Preis! 2 spielen - 1 zahlt","potentialAction":[{"@type":"SearchAction","target":{"@type":"EntryPoint","urlTemplate":"https:\/\/fairway2hotel.at\/cs\/?s={search_term_string}"},"query-input":{"@type":"PropertyValueSpecification","valueRequired":true,"valueName":"search_term_string"}}],"inLanguage":"cs"}]}},"_links":{"self":[{"href":"https:\/\/fairway2hotel.at\/cs\/wp-json\/wp\/v2\/pages\/49483","targetHints":{"allow":["GET"]}}],"collection":[{"href":"https:\/\/fairway2hotel.at\/cs\/wp-json\/wp\/v2\/pages"}],"about":[{"href":"https:\/\/fairway2hotel.at\/cs\/wp-json\/wp\/v2\/types\/page"}],"author":[{"embeddable":true,"href":"https:\/\/fairway2hotel.at\/cs\/wp-json\/wp\/v2\/users\/24"}],"replies":[{"embeddable":true,"href":"https:\/\/fairway2hotel.at\/cs\/wp-json\/wp\/v2\/comments?post=49483"}],"version-history":[{"count":6,"href":"https:\/\/fairway2hotel.at\/cs\/wp-json\/wp\/v2\/pages\/49483\/revisions"}],"predecessor-version":[{"id":50265,"href":"https:\/\/fairway2hotel.at\/cs\/wp-json\/wp\/v2\/pages\/49483\/revisions\/50265"}],"up":[{"embeddable":true,"href":"https:\/\/fairway2hotel.at\/cs\/wp-json\/wp\/v2\/pages\/1707"}],"acf:attachment":[{"embeddable":true,"href":"https:\/\/fairway2hotel.at\/cs\/wp-json\/wp\/v2\/media\/49506"},{"embeddable":true,"href":"https:\/\/fairway2hotel.at\/cs\/wp-json\/wp\/v2\/media\/49502"},{"embeddable":true,"href":"https:\/\/fairway2hotel.at\/cs\/wp-json\/wp\/v2\/media\/49500"},{"embeddable":true,"href":"https:\/\/fairway2hotel.at\/cs\/wp-json\/wp\/v2\/media\/49490"},{"embeddable":true,"href":"https:\/\/fairway2hotel.at\/cs\/wp-json\/wp\/v2\/media\/49488"},{"embeddable":true,"href":"https:\/\/fairway2hotel.at\/cs\/wp-json\/wp\/v2\/media\/49486"},{"embeddable":true,"href":"https:\/\/fairway2hotel.at\/cs\/wp-json\/wp\/v2\/media\/49484"},{"embeddable":true,"href":"https:\/\/fairway2hotel.at\/cs\/wp-json\/wp\/v2\/media\/49492"},{"embeddable":true,"href":"https:\/\/fairway2hotel.at\/cs\/wp-json\/wp\/v2\/media\/49498"},{"embeddable":true,"href":"https:\/\/fairway2hotel.at\/cs\/wp-json\/wp\/v2\/media\/49496"},{"embeddable":true,"href":"https:\/\/fairway2hotel.at\/cs\/wp-json\/wp\/v2\/media\/49494"},{"embeddable":true,"href":"https:\/\/fairway2hotel.at\/cs\/wp-json\/wp\/v2\/media\/49508"},{"embeddable":true,"href":"https:\/\/fairway2hotel.at\/cs\/wp-json\/wp\/v2\/media\/49542"}],"wp:attachment":[{"href":"https:\/\/fairway2hotel.at\/cs\/wp-json\/wp\/v2\/media?parent=49483"}],"curies":[{"name":"wp","href":"https:\/\/api.w.org\/{rel}","templated":true}]}}