{"id":49512,"date":"2025-10-31T14:05:09","date_gmt":"2025-10-31T13:05:09","guid":{"rendered":"https:\/\/fairway2hotel.at\/?page_id=49512"},"modified":"2025-11-09T18:21:18","modified_gmt":"2025-11-09T17:21:18","slug":"gc-villa-carolina","status":"publish","type":"page","link":"https:\/\/fairway2hotel.at\/cs\/golfclubs\/italien\/gc-villa-carolina\/","title":{"rendered":"GC Villa Carolina"},"content":{"rendered":"<h2>Eine Oase der Entspannung inmitten der Natur der Monferrato-H\u00fcgel<\/h2>\n<p>Inmitten der gr\u00fcnen H\u00fcgel des Monferrato \u00f6ffnet sich wie durch Zauberei ein Tor zu einer langen, wundersch\u00f6nen Allee, die von alten Kastanienb\u00e4umen beschattet wird. Die Villa Carolina liegt inmitten eines jahrhundertealten Parks zwischen den D\u00f6rfern Capriata d&#8217;Orba und Castelletto d&#8217;Orba, der seit \u00fcber zweihundert Jahren seinen romantischen Charme und die magischen Farben der Natur bewahrt hat. Der 1991 gegr\u00fcndete Golfclub verf\u00fcgt seit 2015 \u00fcber zwei 18-Loch-Pl\u00e4tze, beide Meisterschaftspl\u00e4tze.<\/p>\n<p>La Marchesa<\/p>\n<p>Der Platz \u201eLa Marchesa\u201d wurde von Cornish &amp; Silva Inc. Golfcourse Architects USA entworfen und liegt vor der malerischen Kulisse \u00fcppig gr\u00fcner W\u00e4lder und des schnell flie\u00dfenden Albedosa-Baches. Er hat 18 L\u00f6cher, eine Gesamtl\u00e4nge von 6.161 Metern und ein Par von 72. Der Platz liegt in einer ebenen Fl\u00e4che mit viel Platz. Die L\u00f6cher 10, 11 und 12 bilden die \u201eAmen Corner\u201d des Platzes, die die Konzentration der Spieler auf die Probe stellen und wenig Raum f\u00fcr Fehler lassen.<\/p>\n<p>Paradiso-Platz<\/p>\n<p>Der Paradiso-Platz wurde vom Architekten Graham Cooke entworfen. Die ersten 9 L\u00f6cher wurden 2006 eingeweiht, w\u00e4hrend die Arbeiten an den n\u00e4chsten 9 L\u00f6chern 2014 abgeschlossen wurden, wodurch Villa Carolina zu einem der wenigen Clubs in Italien mit zwei 18-Loch-Meisterschaftspl\u00e4tzen mit insgesamt 36 L\u00f6chern wurde. Der Paradiso ist ein sehr technischer Platz, der gro\u00dfe Pr\u00e4zision erfordert. Der Platz unterscheidet sich vom La Marchesa-Platz dadurch, dass er rauer ist und die Gr\u00fcns t\u00fcckischer sind. Der Paradiso-Platz war vom 20. bis 23. September 2016 Austragungsort der 40. PGAI-Meisterschaft und des prestigetr\u00e4chtigen XIV Fondazione Vialli e Mauro Golf Cup-Turniers zugunsten der ALS-Forschung.<\/p>\n<p>Das Resort<\/p>\n<p>Im Rahmen eines Projekts zur Erweiterung des Villa Carolina Golf Clubs wurde ein exklusives Resort mit 64 Zimmern gebaut, das allen Bed\u00fcrfnissen und Komfortanspr\u00fcchen gerecht wird und inmitten der gr\u00fcnen Umgebung des Paradiso-Platzes liegt. Neben 36 fantastischen Gr\u00fcns verf\u00fcgt der Club \u00fcber zwei Tennispl\u00e4tze, einen Sommerpool, eine Bar und ein Restaurant sowie einen Fitness- und Wellnessbereich.<\/p>\n<h2>An Oasis of relexation immersed in the nature of the Monferrato Hills<\/h2>\n<p>Amidst the green hills of Monferrato, a gate opens, as if by magic, onto a long and beautiful avenue, shaded by ancient horse chestnut trees. Villa Carolina is located in the centre of a centuries-old park, located between the villages of Capriata d&#8217;Orba and Castelletto d&#8217;Orba, that has preserved its romantic charm and the magical colours of nature for over two hundred years. The Golf Club, founded in 1991, has had two 18-hole courses since 2015, both championship courses.<\/p>\n<p>La Marchesa<\/p>\n<p>The \u201cLa Marchesa\u201d course was designed by Cornish &amp; Silva Inc. Golfcourse Architects USA and is set against the scenic backdrop of lush green forests and the swift moving Albedosa stream. It has 18 holes, a total length of 6,161 metres and par 72. The course lies in a level area with plenty of space.<br \/>\nHoles 10, 11 and 12 form the \u201cAmen Corner\u201d of the course, which test players\u2019 concentration and leave little room for error.<\/p>\n<p>Paradiso Course<\/p>\n<p>The Paradiso Course was designed by the architect Graham Cooke. The first 9 holes were inaugurated in 2006, while work on the next 9 holes was completed in 2014, which placed Villa Carolina among one of the few clubs in Italy with two 18-hole Championship Courses for a total of 36 holes. The Paradiso is a highly technical course which requires great precision. The course differs from the La Marchesa Course because it is rougher and the greens are more treacherous. The Paradiso Course was the venue for the 40th PGAI CHAMPIONSHIP from 20 to 23 September 2016 and the prestigious XIV Fondazione Vialli e Mauro Golf Cup event in aid of ALS research..<\/p>\n<p>The Resort<\/p>\n<p>An exclusive 64 room resort has been built as part of a project to expand the Villa Carolina Golf Club designed to meet every need and comfort, amidst the greenery and surrounding nature of the Paradiso Course. In addition to 36 amazing greens, the club has two tennis courts, a summer swimming pool, a bar and restaurant and a gym and wellness centre.<\/p>\n<p>&nbsp;<\/p>\n","protected":false},"excerpt":{"rendered":"<p>Eine Oase der Entspannung inmitten der Natur der Monferrato-H\u00fcgel Inmitten der gr\u00fcnen H\u00fcgel des Monferrato \u00f6ffnet sich wie durch Zauberei ein Tor zu einer langen, wundersch\u00f6nen Allee, die von alten Kastanienb\u00e4umen beschattet wird. Die Villa Carolina liegt inmitten eines jahrhundertealten Parks zwischen den D\u00f6rfern Capriata d&#8217;Orba und Castelletto d&#8217;Orba, der seit \u00fcber zweihundert Jahren seinen [&hellip;]<\/p>\n","protected":false},"author":24,"featured_media":0,"parent":1657,"menu_order":0,"comment_status":"closed","ping_status":"closed","template":"page-partner.php","meta":{"_acf_changed":false,"footnotes":""},"class_list":["post-49512","page","type-page","status-publish","hentry"],"acf":{"partner_infobox":"<strong>Adresse:\u00a0<\/strong>Pelagone 28 I-58023 Gavorrano\r\n\r\n<strong>Tel:\u00a0<\/strong><a href=\"tel:00390566820471\">+39 0566 820471<\/a>\r\n\r\n<strong>Web: <\/strong><a href=\"http:\/\/www.ilpelagone.com\" target=\"_blank\" rel=\"nofollow noopener noreferrer\">www.ilpelagone.com<\/a>\r\n\r\n<strong>E-Mail:<\/strong> <a href=\"mailto:segreteria@golfclubtoscana.com\">segreteria@golfclubtoscana.com<\/a>\r\n\r\n<em><strong>Bedingungen:\r\n<\/strong>GS k\u00f6nnen im August nicht eingel\u00f6st werden<\/em>","partner_logo":null,"partner_gallery":[49531,49515,49521,49517,49519,49523,49525,49527,49529,49533,49535,49537,49539,49513],"partner_lat":44.71089621728158,"partner_long":8.692007810441012,"partner_type":"golfclub","partner_openings":["1","2","3","4","5"],"montag_von_bis":"00:00 - 24:00","dienstag_von_bis":"00:00 - 24:00","mittwoch_von_bis":"00:00 - 24:00","donnerstag_von_bis":"00:00 - 24:00","freitag_von_bis":"00:00 - 24:00","samstag_von_bis":"00:00 - 24:00","sonntag_von_bis":"00:00 - 24:00","partner_adresse":" Loc. Montone, 1, I-15060 Castelletto d'Orba ","partner_land_bundesland":"Italien","partner_tel_1":"+39 0143 467355    ","partner_tel_2":"","partner_web":"https:\/\/www.villacarolinagolfresort.it\/en\/resort-golf-club-restaurant\/golf-club-golf-experience","partner_mail":"info@villacarolinaresort.it","partner_spielbahnen_par":"36\/72","partner_laenge":"","partner_bedingungen":"GS g\u00fcltig MO-FR\r\nvouchers redeemable Mon-Fri","partner_anfahrt":"","partner_misc":null,"additional_css_classes":""},"yoast_head":"<!-- This site is optimized with the Yoast SEO plugin v26.8 - https:\/\/yoast.com\/product\/yoast-seo-wordpress\/ -->\n<title>GC Villa Carolina - Fairway 2 Hotel<\/title>\n<meta name=\"robots\" content=\"index, follow, max-snippet:-1, max-image-preview:large, max-video-preview:-1\" \/>\n<link rel=\"canonical\" href=\"https:\/\/fairway2hotel.at\/cs\/golfclubs\/italien\/gc-villa-carolina\/\" \/>\n<meta property=\"og:locale\" content=\"cs_CZ\" \/>\n<meta property=\"og:type\" content=\"article\" \/>\n<meta property=\"og:title\" content=\"GC Villa Carolina - Fairway 2 Hotel\" \/>\n<meta property=\"og:description\" content=\"Eine Oase der Entspannung inmitten der Natur der Monferrato-H\u00fcgel Inmitten der gr\u00fcnen H\u00fcgel des Monferrato \u00f6ffnet sich wie durch Zauberei ein Tor zu einer langen, wundersch\u00f6nen Allee, die von alten Kastanienb\u00e4umen beschattet wird. Die Villa Carolina liegt inmitten eines jahrhundertealten Parks zwischen den D\u00f6rfern Capriata d&#8217;Orba und Castelletto d&#8217;Orba, der seit \u00fcber zweihundert Jahren seinen [&hellip;]\" \/>\n<meta property=\"og:url\" content=\"https:\/\/fairway2hotel.at\/cs\/golfclubs\/italien\/gc-villa-carolina\/\" \/>\n<meta property=\"og:site_name\" content=\"Fairway 2 Hotel\" \/>\n<meta property=\"article:modified_time\" content=\"2025-11-09T17:21:18+00:00\" \/>\n<meta name=\"twitter:card\" content=\"summary_large_image\" \/>\n<meta name=\"twitter:label1\" content=\"Odhadovan\u00e1 doba \u010dten\u00ed\" \/>\n\t<meta name=\"twitter:data1\" content=\"4 minuty\" \/>\n<script type=\"application\/ld+json\" class=\"yoast-schema-graph\">{\"@context\":\"https:\/\/schema.org\",\"@graph\":[{\"@type\":\"WebPage\",\"@id\":\"https:\/\/fairway2hotel.at\/cs\/golfclubs\/italien\/gc-villa-carolina\/\",\"url\":\"https:\/\/fairway2hotel.at\/cs\/golfclubs\/italien\/gc-villa-carolina\/\",\"name\":\"GC Villa Carolina - Fairway 2 Hotel\",\"isPartOf\":{\"@id\":\"https:\/\/fairway2hotel.at\/cs\/#website\"},\"datePublished\":\"2025-10-31T13:05:09+00:00\",\"dateModified\":\"2025-11-09T17:21:18+00:00\",\"breadcrumb\":{\"@id\":\"https:\/\/fairway2hotel.at\/cs\/golfclubs\/italien\/gc-villa-carolina\/#breadcrumb\"},\"inLanguage\":\"cs\",\"potentialAction\":[{\"@type\":\"ReadAction\",\"target\":[\"https:\/\/fairway2hotel.at\/cs\/golfclubs\/italien\/gc-villa-carolina\/\"]}]},{\"@type\":\"BreadcrumbList\",\"@id\":\"https:\/\/fairway2hotel.at\/cs\/golfclubs\/italien\/gc-villa-carolina\/#breadcrumb\",\"itemListElement\":[{\"@type\":\"ListItem\",\"position\":1,\"name\":\"Home\",\"item\":\"https:\/\/fairway2hotel.at\/cs\/\"},{\"@type\":\"ListItem\",\"position\":2,\"name\":\"Golfclubs\",\"item\":\"https:\/\/fairway2hotel.at\/cs\/golfclubs\/\"},{\"@type\":\"ListItem\",\"position\":3,\"name\":\"Golfclubs Italien\",\"item\":\"https:\/\/fairway2hotel.at\/cs\/golfclubs\/italien\/\"},{\"@type\":\"ListItem\",\"position\":4,\"name\":\"GC Villa Carolina\"}]},{\"@type\":\"WebSite\",\"@id\":\"https:\/\/fairway2hotel.at\/cs\/#website\",\"url\":\"https:\/\/fairway2hotel.at\/cs\/\",\"name\":\"Fairway 2 Hotel\",\"description\":\"Golf zum halben Preis! 2 spielen - 1 zahlt\",\"potentialAction\":[{\"@type\":\"SearchAction\",\"target\":{\"@type\":\"EntryPoint\",\"urlTemplate\":\"https:\/\/fairway2hotel.at\/cs\/?s={search_term_string}\"},\"query-input\":{\"@type\":\"PropertyValueSpecification\",\"valueRequired\":true,\"valueName\":\"search_term_string\"}}],\"inLanguage\":\"cs\"}]}<\/script>\n<!-- \/ Yoast SEO plugin. -->","yoast_head_json":{"title":"GC Villa Carolina - Fairway 2 Hotel","robots":{"index":"index","follow":"follow","max-snippet":"max-snippet:-1","max-image-preview":"max-image-preview:large","max-video-preview":"max-video-preview:-1"},"canonical":"https:\/\/fairway2hotel.at\/cs\/golfclubs\/italien\/gc-villa-carolina\/","og_locale":"cs_CZ","og_type":"article","og_title":"GC Villa Carolina - Fairway 2 Hotel","og_description":"Eine Oase der Entspannung inmitten der Natur der Monferrato-H\u00fcgel Inmitten der gr\u00fcnen H\u00fcgel des Monferrato \u00f6ffnet sich wie durch Zauberei ein Tor zu einer langen, wundersch\u00f6nen Allee, die von alten Kastanienb\u00e4umen beschattet wird. Die Villa Carolina liegt inmitten eines jahrhundertealten Parks zwischen den D\u00f6rfern Capriata d&#8217;Orba und Castelletto d&#8217;Orba, der seit \u00fcber zweihundert Jahren seinen [&hellip;]","og_url":"https:\/\/fairway2hotel.at\/cs\/golfclubs\/italien\/gc-villa-carolina\/","og_site_name":"Fairway 2 Hotel","article_modified_time":"2025-11-09T17:21:18+00:00","twitter_card":"summary_large_image","twitter_misc":{"Odhadovan\u00e1 doba \u010dten\u00ed":"4 minuty"},"schema":{"@context":"https:\/\/schema.org","@graph":[{"@type":"WebPage","@id":"https:\/\/fairway2hotel.at\/cs\/golfclubs\/italien\/gc-villa-carolina\/","url":"https:\/\/fairway2hotel.at\/cs\/golfclubs\/italien\/gc-villa-carolina\/","name":"GC Villa Carolina - Fairway 2 Hotel","isPartOf":{"@id":"https:\/\/fairway2hotel.at\/cs\/#website"},"datePublished":"2025-10-31T13:05:09+00:00","dateModified":"2025-11-09T17:21:18+00:00","breadcrumb":{"@id":"https:\/\/fairway2hotel.at\/cs\/golfclubs\/italien\/gc-villa-carolina\/#breadcrumb"},"inLanguage":"cs","potentialAction":[{"@type":"ReadAction","target":["https:\/\/fairway2hotel.at\/cs\/golfclubs\/italien\/gc-villa-carolina\/"]}]},{"@type":"BreadcrumbList","@id":"https:\/\/fairway2hotel.at\/cs\/golfclubs\/italien\/gc-villa-carolina\/#breadcrumb","itemListElement":[{"@type":"ListItem","position":1,"name":"Home","item":"https:\/\/fairway2hotel.at\/cs\/"},{"@type":"ListItem","position":2,"name":"Golfclubs","item":"https:\/\/fairway2hotel.at\/cs\/golfclubs\/"},{"@type":"ListItem","position":3,"name":"Golfclubs Italien","item":"https:\/\/fairway2hotel.at\/cs\/golfclubs\/italien\/"},{"@type":"ListItem","position":4,"name":"GC Villa Carolina"}]},{"@type":"WebSite","@id":"https:\/\/fairway2hotel.at\/cs\/#website","url":"https:\/\/fairway2hotel.at\/cs\/","name":"Fairway 2 Hotel","description":"Golf zum halben Preis! 2 spielen - 1 zahlt","potentialAction":[{"@type":"SearchAction","target":{"@type":"EntryPoint","urlTemplate":"https:\/\/fairway2hotel.at\/cs\/?s={search_term_string}"},"query-input":{"@type":"PropertyValueSpecification","valueRequired":true,"valueName":"search_term_string"}}],"inLanguage":"cs"}]}},"_links":{"self":[{"href":"https:\/\/fairway2hotel.at\/cs\/wp-json\/wp\/v2\/pages\/49512","targetHints":{"allow":["GET"]}}],"collection":[{"href":"https:\/\/fairway2hotel.at\/cs\/wp-json\/wp\/v2\/pages"}],"about":[{"href":"https:\/\/fairway2hotel.at\/cs\/wp-json\/wp\/v2\/types\/page"}],"author":[{"embeddable":true,"href":"https:\/\/fairway2hotel.at\/cs\/wp-json\/wp\/v2\/users\/24"}],"replies":[{"embeddable":true,"href":"https:\/\/fairway2hotel.at\/cs\/wp-json\/wp\/v2\/comments?post=49512"}],"version-history":[{"count":1,"href":"https:\/\/fairway2hotel.at\/cs\/wp-json\/wp\/v2\/pages\/49512\/revisions"}],"predecessor-version":[{"id":49541,"href":"https:\/\/fairway2hotel.at\/cs\/wp-json\/wp\/v2\/pages\/49512\/revisions\/49541"}],"up":[{"embeddable":true,"href":"https:\/\/fairway2hotel.at\/cs\/wp-json\/wp\/v2\/pages\/1657"}],"acf:attachment":[{"embeddable":true,"href":"https:\/\/fairway2hotel.at\/cs\/wp-json\/wp\/v2\/media\/49513"},{"embeddable":true,"href":"https:\/\/fairway2hotel.at\/cs\/wp-json\/wp\/v2\/media\/49539"},{"embeddable":true,"href":"https:\/\/fairway2hotel.at\/cs\/wp-json\/wp\/v2\/media\/49537"},{"embeddable":true,"href":"https:\/\/fairway2hotel.at\/cs\/wp-json\/wp\/v2\/media\/49535"},{"embeddable":true,"href":"https:\/\/fairway2hotel.at\/cs\/wp-json\/wp\/v2\/media\/49533"},{"embeddable":true,"href":"https:\/\/fairway2hotel.at\/cs\/wp-json\/wp\/v2\/media\/49529"},{"embeddable":true,"href":"https:\/\/fairway2hotel.at\/cs\/wp-json\/wp\/v2\/media\/49527"},{"embeddable":true,"href":"https:\/\/fairway2hotel.at\/cs\/wp-json\/wp\/v2\/media\/49525"},{"embeddable":true,"href":"https:\/\/fairway2hotel.at\/cs\/wp-json\/wp\/v2\/media\/49523"},{"embeddable":true,"href":"https:\/\/fairway2hotel.at\/cs\/wp-json\/wp\/v2\/media\/49519"},{"embeddable":true,"href":"https:\/\/fairway2hotel.at\/cs\/wp-json\/wp\/v2\/media\/49517"},{"embeddable":true,"href":"https:\/\/fairway2hotel.at\/cs\/wp-json\/wp\/v2\/media\/49521"},{"embeddable":true,"href":"https:\/\/fairway2hotel.at\/cs\/wp-json\/wp\/v2\/media\/49515"},{"embeddable":true,"href":"https:\/\/fairway2hotel.at\/cs\/wp-json\/wp\/v2\/media\/49531"}],"wp:attachment":[{"href":"https:\/\/fairway2hotel.at\/cs\/wp-json\/wp\/v2\/media?parent=49512"}],"curies":[{"name":"wp","href":"https:\/\/api.w.org\/{rel}","templated":true}]}}