{"id":49608,"date":"2025-11-05T14:02:40","date_gmt":"2025-11-05T13:02:40","guid":{"rendered":"https:\/\/fairway2hotel.at\/?page_id=49608"},"modified":"2026-01-12T16:51:01","modified_gmt":"2026-01-12T15:51:01","slug":"hotel-hhotel-ried","status":"publish","type":"page","link":"https:\/\/fairway2hotel.at\/cs\/hotels\/oberoesterreich\/hotel-hhotel-ried\/","title":{"rendered":"Hotel H+Hotel Ried"},"content":{"rendered":"<h2>Ruhig, zentral und 3 Golfclubs in der N\u00e4he<\/h2>\n<p>Das\u00a0H+ Hotel Ried\u00a0liegt in einer ruhigen Seitenstra\u00dfe des\u00a0Zentrums von Ried\u00a0im Innkreis. Der Hauptplatz ist genauso wie das\u00a0Messegel\u00e4nde\u00a0in f\u00fcnf Minuten zu Fu\u00df zu erreichen. Reisen Sie mit dem Auto \u00fcber die A 8 an, nehmen Sie die Ausfahrt Ried im Innkreis und folgen dann einfach der Beschilderung. Ihren Wagen k\u00f6nnen Sie im Innenhof parken. Auch f\u00fcr Zugreisende ist das Stadthotel g\u00fcnstig gelegen: Der Bahnhof Ried im Innkreis ist weniger als einen Kilometer entfernt und zu Fu\u00df erreichbar.<\/p>\n<p>Die Altstadt von Ried ist gepr\u00e4gt von der typischen Architektur der Inn-Salzach-St\u00e4dte und l\u00e4dt mit ihren Pl\u00e4tzen und Gassen zu einem gem\u00fctlichen Bummel ein. Von der langen Geschichte zeugen zum Beispiel der Hauptplatz mit altbayerischem Saalcharakter und b\u00fcrgerlichen Fassaden sowie das Braunauer und das Sch\u00e4rdinger Tor, die zu der alten Stadtbefestigung geh\u00f6rten. Am Kirchenplatz erwartet Sie die Stadtpfarrkirche St. Peter und Paul. Sehenswert sind der 73 Meter hohe Kirchturm und der stuckverzierte Kapellensaal, dessen Seitenkapellen von den \u00f6rtlichen Z\u00fcnften gestiftet wurden. Der Hochaltar und die ber\u00fchmte \u00d6lberggruppe stammen unter anderem von der Bildhauerfamilie Schwanthaler. Der\u00a0Fu\u00dfweg\u00a0vom H+ Hotel Ried in die Altstadt dauert nur rund\u00a0f\u00fcnf\u00a0Minuten.<\/p>\n<p>Im benachbarten Geinberg l\u00e4dt die\u00a0Therme Geinberg\u00a0Erholungssuchende mit drei Wasserwelten sowie unterschiedlich temperierten Becken mit Thermal-, Frisch-\u00a0und Salzwasser zu Wellness und Entspannung ein.<\/p>\n<h2>Quiet, central, and 3 Golf clubs nearby<\/h2>\n<p>The H+ Hotel Ried is located on a quiet side street in the center of Ried im Innkreis. The main square and the exhibition grounds are just a five-minute walk away. If you are traveling by car on the A8, take the Ried im Innkreis exit and then simply follow the signs. You can park your car in the courtyard. The city hotel is also conveniently located for train travelers: Ried im Innkreis train station is less than a kilometer away and can be reached on foot.<\/p>\n<p>The old town of Ried is characterized by the typical architecture of the Inn-Salzach towns and invites you to take a leisurely stroll through its squares and alleys. The long history of the town is reflected, for example, in the main square with its old Bavarian hall character and bourgeois facades, as well as the Braunauer and Sch\u00e4rdinger gates, which were part of the old town fortifications. The parish church of St. Peter and Paul awaits you on the church square. Worth seeing are the 73-meter-high church tower and the stucco-decorated chapel hall, whose side chapels were donated by the local guilds. The high altar and the famous Mount of Olives group were created by the Schwanthaler family of sculptors, among others. The walk from the H+ Hotel Ried to the old town takes only about five minutes.<\/p>\n<p>In neighboring Geinberg, the Geinberg thermal spa invites those seeking relaxation to enjoy wellness and relaxation with three water worlds and pools of varying temperatures with thermal, fresh, and salt water.<\/p>\n","protected":false},"excerpt":{"rendered":"<p>Ruhig, zentral und 3 Golfclubs in der N\u00e4he Das\u00a0H+ Hotel Ried\u00a0liegt in einer ruhigen Seitenstra\u00dfe des\u00a0Zentrums von Ried\u00a0im Innkreis. Der Hauptplatz ist genauso wie das\u00a0Messegel\u00e4nde\u00a0in f\u00fcnf Minuten zu Fu\u00df zu erreichen. Reisen Sie mit dem Auto \u00fcber die A 8 an, nehmen Sie die Ausfahrt Ried im Innkreis und folgen dann einfach der Beschilderung. Ihren [&hellip;]<\/p>\n","protected":false},"author":24,"featured_media":0,"parent":2113,"menu_order":35,"comment_status":"closed","ping_status":"closed","template":"page-partner.php","meta":{"_acf_changed":false,"footnotes":""},"class_list":["post-49608","page","type-page","status-publish","hentry"],"acf":{"partner_infobox":"<strong>Adresse:\u00a0<\/strong>D\u00f6rfling 2, A-4484 Kronstorf\r\n\r\n<strong>Tel:\u00a0<\/strong>07225\/73 89 16\r\n\r\n<strong>Fax:\u00a0<\/strong>07225\/73 89 12\r\n\r\n<strong>Web: <\/strong><a href=\"http:\/\/www.metzenhof.at\" target=\"_blank\" rel=\"nofollow noopener noreferrer\">www.metzenhof.at<\/a>\r\n\r\n<strong>E-Mail:<\/strong> <a href=\"mailto:info@metzenhof.at\">info@metzenhof.at<\/a>\r\n\r\n<strong>Golfclubs in der N\u00e4he:\r\n<\/strong>Golfpark Metzenhof \u2013 Hotel direkt am Golfplatz\r\n\r\n<strong>Anfahrt:\r\n<\/strong>A1 \u2192 Abfahrt Enns \u2192 Kronstorf zum \u201eMetzenhof\u201c \/ u\u0308ber Steyr \u2192 Kronstorf zum \u201eMetzenhof\u201c","partner_logo":null,"partner_gallery":[49621,49615,49623,49613,49617,49611],"partner_lat":48.20807247122031,"partner_long":13.484191697097645,"partner_type":"hotel","partner_openings":["1","2","3","4","5","6","7"],"montag_von_bis":"00:00 - 24:00","dienstag_von_bis":"00:00 - 24:00","mittwoch_von_bis":"00:00 - 24:00","donnerstag_von_bis":"00:00 - 24:00","freitag_von_bis":"00:00 - 24:00","samstag_von_bis":"00:00 - 24:00","sonntag_von_bis":"00:00 - 24:00","partner_adresse":"Griesgasse 4 , 4910 Ried im Innkreis","partner_land_bundesland":"","partner_tel_1":"+43 7752 22588","partner_tel_2":"","partner_web":"https:\/\/www.h-hotels.com\/de\/hplus\/hotels\/hplus-hotel-ried","partner_mail":"ried@h-hotels.com","partner_spielbahnen_par":"","partner_laenge":"","partner_bedingungen":"Gutschein nicht einl\u00f6sbar vom 1.7.-6.7., vom 8.10-12.10., vom 4.11-9.11.\r\nvouchers not redeemable from 1.7.-6.7., vom 8.10-12.10., vom 4.11-9.11.","partner_anfahrt":"","partner_misc":null,"additional_css_classes":""},"yoast_head":"<!-- This site is optimized with the Yoast SEO plugin v26.8 - https:\/\/yoast.com\/product\/yoast-seo-wordpress\/ -->\n<title>Hotel H+Hotel Ried - Fairway 2 Hotel<\/title>\n<meta name=\"robots\" content=\"index, follow, max-snippet:-1, max-image-preview:large, max-video-preview:-1\" \/>\n<link rel=\"canonical\" href=\"https:\/\/fairway2hotel.at\/cs\/hotels\/oberoesterreich\/hotel-hhotel-ried\/\" \/>\n<meta property=\"og:locale\" content=\"cs_CZ\" \/>\n<meta property=\"og:type\" content=\"article\" \/>\n<meta property=\"og:title\" content=\"Hotel H+Hotel Ried - Fairway 2 Hotel\" \/>\n<meta property=\"og:description\" content=\"Ruhig, zentral und 3 Golfclubs in der N\u00e4he Das\u00a0H+ Hotel Ried\u00a0liegt in einer ruhigen Seitenstra\u00dfe des\u00a0Zentrums von Ried\u00a0im Innkreis. Der Hauptplatz ist genauso wie das\u00a0Messegel\u00e4nde\u00a0in f\u00fcnf Minuten zu Fu\u00df zu erreichen. Reisen Sie mit dem Auto \u00fcber die A 8 an, nehmen Sie die Ausfahrt Ried im Innkreis und folgen dann einfach der Beschilderung. Ihren [&hellip;]\" \/>\n<meta property=\"og:url\" content=\"https:\/\/fairway2hotel.at\/cs\/hotels\/oberoesterreich\/hotel-hhotel-ried\/\" \/>\n<meta property=\"og:site_name\" content=\"Fairway 2 Hotel\" \/>\n<meta property=\"article:modified_time\" content=\"2026-01-12T15:51:01+00:00\" \/>\n<meta name=\"twitter:card\" content=\"summary_large_image\" \/>\n<meta name=\"twitter:label1\" content=\"Odhadovan\u00e1 doba \u010dten\u00ed\" \/>\n\t<meta name=\"twitter:data1\" content=\"3 minuty\" \/>\n<script type=\"application\/ld+json\" class=\"yoast-schema-graph\">{\"@context\":\"https:\/\/schema.org\",\"@graph\":[{\"@type\":\"WebPage\",\"@id\":\"https:\/\/fairway2hotel.at\/cs\/hotels\/oberoesterreich\/hotel-hhotel-ried\/\",\"url\":\"https:\/\/fairway2hotel.at\/cs\/hotels\/oberoesterreich\/hotel-hhotel-ried\/\",\"name\":\"Hotel H+Hotel Ried - Fairway 2 Hotel\",\"isPartOf\":{\"@id\":\"https:\/\/fairway2hotel.at\/cs\/#website\"},\"datePublished\":\"2025-11-05T13:02:40+00:00\",\"dateModified\":\"2026-01-12T15:51:01+00:00\",\"breadcrumb\":{\"@id\":\"https:\/\/fairway2hotel.at\/cs\/hotels\/oberoesterreich\/hotel-hhotel-ried\/#breadcrumb\"},\"inLanguage\":\"cs\",\"potentialAction\":[{\"@type\":\"ReadAction\",\"target\":[\"https:\/\/fairway2hotel.at\/cs\/hotels\/oberoesterreich\/hotel-hhotel-ried\/\"]}]},{\"@type\":\"BreadcrumbList\",\"@id\":\"https:\/\/fairway2hotel.at\/cs\/hotels\/oberoesterreich\/hotel-hhotel-ried\/#breadcrumb\",\"itemListElement\":[{\"@type\":\"ListItem\",\"position\":1,\"name\":\"Home\",\"item\":\"https:\/\/fairway2hotel.at\/cs\/\"},{\"@type\":\"ListItem\",\"position\":2,\"name\":\"Hotels\",\"item\":\"https:\/\/fairway2hotel.at\/cs\/hotels\/\"},{\"@type\":\"ListItem\",\"position\":3,\"name\":\"Hotels Ober\u00f6sterreich\",\"item\":\"https:\/\/fairway2hotel.at\/cs\/hotels\/oberoesterreich\/\"},{\"@type\":\"ListItem\",\"position\":4,\"name\":\"Hotel H+Hotel Ried\"}]},{\"@type\":\"WebSite\",\"@id\":\"https:\/\/fairway2hotel.at\/cs\/#website\",\"url\":\"https:\/\/fairway2hotel.at\/cs\/\",\"name\":\"Fairway 2 Hotel\",\"description\":\"Golf zum halben Preis! 2 spielen - 1 zahlt\",\"potentialAction\":[{\"@type\":\"SearchAction\",\"target\":{\"@type\":\"EntryPoint\",\"urlTemplate\":\"https:\/\/fairway2hotel.at\/cs\/?s={search_term_string}\"},\"query-input\":{\"@type\":\"PropertyValueSpecification\",\"valueRequired\":true,\"valueName\":\"search_term_string\"}}],\"inLanguage\":\"cs\"}]}<\/script>\n<!-- \/ Yoast SEO plugin. -->","yoast_head_json":{"title":"Hotel H+Hotel Ried - Fairway 2 Hotel","robots":{"index":"index","follow":"follow","max-snippet":"max-snippet:-1","max-image-preview":"max-image-preview:large","max-video-preview":"max-video-preview:-1"},"canonical":"https:\/\/fairway2hotel.at\/cs\/hotels\/oberoesterreich\/hotel-hhotel-ried\/","og_locale":"cs_CZ","og_type":"article","og_title":"Hotel H+Hotel Ried - Fairway 2 Hotel","og_description":"Ruhig, zentral und 3 Golfclubs in der N\u00e4he Das\u00a0H+ Hotel Ried\u00a0liegt in einer ruhigen Seitenstra\u00dfe des\u00a0Zentrums von Ried\u00a0im Innkreis. Der Hauptplatz ist genauso wie das\u00a0Messegel\u00e4nde\u00a0in f\u00fcnf Minuten zu Fu\u00df zu erreichen. Reisen Sie mit dem Auto \u00fcber die A 8 an, nehmen Sie die Ausfahrt Ried im Innkreis und folgen dann einfach der Beschilderung. Ihren [&hellip;]","og_url":"https:\/\/fairway2hotel.at\/cs\/hotels\/oberoesterreich\/hotel-hhotel-ried\/","og_site_name":"Fairway 2 Hotel","article_modified_time":"2026-01-12T15:51:01+00:00","twitter_card":"summary_large_image","twitter_misc":{"Odhadovan\u00e1 doba \u010dten\u00ed":"3 minuty"},"schema":{"@context":"https:\/\/schema.org","@graph":[{"@type":"WebPage","@id":"https:\/\/fairway2hotel.at\/cs\/hotels\/oberoesterreich\/hotel-hhotel-ried\/","url":"https:\/\/fairway2hotel.at\/cs\/hotels\/oberoesterreich\/hotel-hhotel-ried\/","name":"Hotel H+Hotel Ried - Fairway 2 Hotel","isPartOf":{"@id":"https:\/\/fairway2hotel.at\/cs\/#website"},"datePublished":"2025-11-05T13:02:40+00:00","dateModified":"2026-01-12T15:51:01+00:00","breadcrumb":{"@id":"https:\/\/fairway2hotel.at\/cs\/hotels\/oberoesterreich\/hotel-hhotel-ried\/#breadcrumb"},"inLanguage":"cs","potentialAction":[{"@type":"ReadAction","target":["https:\/\/fairway2hotel.at\/cs\/hotels\/oberoesterreich\/hotel-hhotel-ried\/"]}]},{"@type":"BreadcrumbList","@id":"https:\/\/fairway2hotel.at\/cs\/hotels\/oberoesterreich\/hotel-hhotel-ried\/#breadcrumb","itemListElement":[{"@type":"ListItem","position":1,"name":"Home","item":"https:\/\/fairway2hotel.at\/cs\/"},{"@type":"ListItem","position":2,"name":"Hotels","item":"https:\/\/fairway2hotel.at\/cs\/hotels\/"},{"@type":"ListItem","position":3,"name":"Hotels Ober\u00f6sterreich","item":"https:\/\/fairway2hotel.at\/cs\/hotels\/oberoesterreich\/"},{"@type":"ListItem","position":4,"name":"Hotel H+Hotel Ried"}]},{"@type":"WebSite","@id":"https:\/\/fairway2hotel.at\/cs\/#website","url":"https:\/\/fairway2hotel.at\/cs\/","name":"Fairway 2 Hotel","description":"Golf zum halben Preis! 2 spielen - 1 zahlt","potentialAction":[{"@type":"SearchAction","target":{"@type":"EntryPoint","urlTemplate":"https:\/\/fairway2hotel.at\/cs\/?s={search_term_string}"},"query-input":{"@type":"PropertyValueSpecification","valueRequired":true,"valueName":"search_term_string"}}],"inLanguage":"cs"}]}},"_links":{"self":[{"href":"https:\/\/fairway2hotel.at\/cs\/wp-json\/wp\/v2\/pages\/49608","targetHints":{"allow":["GET"]}}],"collection":[{"href":"https:\/\/fairway2hotel.at\/cs\/wp-json\/wp\/v2\/pages"}],"about":[{"href":"https:\/\/fairway2hotel.at\/cs\/wp-json\/wp\/v2\/types\/page"}],"author":[{"embeddable":true,"href":"https:\/\/fairway2hotel.at\/cs\/wp-json\/wp\/v2\/users\/24"}],"replies":[{"embeddable":true,"href":"https:\/\/fairway2hotel.at\/cs\/wp-json\/wp\/v2\/comments?post=49608"}],"version-history":[{"count":6,"href":"https:\/\/fairway2hotel.at\/cs\/wp-json\/wp\/v2\/pages\/49608\/revisions"}],"predecessor-version":[{"id":52360,"href":"https:\/\/fairway2hotel.at\/cs\/wp-json\/wp\/v2\/pages\/49608\/revisions\/52360"}],"up":[{"embeddable":true,"href":"https:\/\/fairway2hotel.at\/cs\/wp-json\/wp\/v2\/pages\/2113"}],"acf:attachment":[{"embeddable":true,"href":"https:\/\/fairway2hotel.at\/cs\/wp-json\/wp\/v2\/media\/49611"},{"embeddable":true,"href":"https:\/\/fairway2hotel.at\/cs\/wp-json\/wp\/v2\/media\/49617"},{"embeddable":true,"href":"https:\/\/fairway2hotel.at\/cs\/wp-json\/wp\/v2\/media\/49613"},{"embeddable":true,"href":"https:\/\/fairway2hotel.at\/cs\/wp-json\/wp\/v2\/media\/49623"},{"embeddable":true,"href":"https:\/\/fairway2hotel.at\/cs\/wp-json\/wp\/v2\/media\/49615"},{"embeddable":true,"href":"https:\/\/fairway2hotel.at\/cs\/wp-json\/wp\/v2\/media\/49621"}],"wp:attachment":[{"href":"https:\/\/fairway2hotel.at\/cs\/wp-json\/wp\/v2\/media?parent=49608"}],"curies":[{"name":"wp","href":"https:\/\/api.w.org\/{rel}","templated":true}]}}