{"id":49654,"date":"2025-11-08T15:21:32","date_gmt":"2025-11-08T14:21:32","guid":{"rendered":"https:\/\/fairway2hotel.at\/?page_id=49654"},"modified":"2025-11-13T10:41:00","modified_gmt":"2025-11-13T09:41:00","slug":"gc-continental-citygolf-club","status":"publish","type":"page","link":"https:\/\/fairway2hotel.at\/cs\/golfclubs\/ungarn\/gc-continental-citygolf-club\/","title":{"rendered":"GC Continental Citygolf Club"},"content":{"rendered":"<h2>Golf im Herzen von Budapest<\/h2>\n<p>Der Continental Citygolf Club in Europa ist ein einzigartiger 9-Loch-Citygolfplatz, ein \u00dcbungs- und Trainingszentrum und ein erstklassiger Veranstaltungsort im Herzen von Budapest. Wir hei\u00dfen nicht nur Golfinteressierte, sondern auch Anf\u00e4nger und Fortgeschrittene herzlich willkommen \u2013 alle, die das echte Clubleben erleben m\u00f6chten.<\/p>\n<p>Neben dem 9-Loch-Golfplatz mit Par 30 garantiert die voll ausgestattete Driving Range hervorragende \u00dcbungsm\u00f6glichkeiten f\u00fcr jedermann. Wir bieten Golfunterricht f\u00fcr Erwachsene, Senioren und Kinder in Einzel- oder Gruppenunterricht an.<\/p>\n<p>Gleichzeitig steht der Club nicht nur Golfinteressierten offen, sondern ist auch ein ausgezeichneter Ort f\u00fcr Hochzeiten, Familientage, Firmenveranstaltungen und Teambuildings. Dar\u00fcber hinaus freut sich unser Team, Sie auch dann willkommen zu hei\u00dfen, wenn Sie nur einen leckeren Kaffee trinken und ein wenig Sonnenschein genie\u00dfen m\u00f6chten.<\/p>\n<h2>Golf in the heart of Budapest<\/h2>\n<p>The Continental Citygolf Club within Europe is a unique 9-hole citygolf course, a practice and training center, and a premium event venue in the heart of Budapest. We warmly welcome not only those interested in golf, but also beginners and advanced players all those who would like to experience a real club life.<\/p>\n<p>In addition to the 9- hole, par 30 golf course, the full-fledged driving range guarantees excellent practice opportunity for everyone. We provide golf lessons for adults, seniors and children alike during individual or group instructions.<\/p>\n<p>At the same time, the club is not only open to those who are interested in playing golf, as it is an excellent venue for weddings, family days, corporate gatherings and team buildings. In addition, our team is happy to welcome you even if you just would like to have a delicious coffee and enjoy a little bit of sunshine.<\/p>\n","protected":false},"excerpt":{"rendered":"<p>Golf im Herzen von Budapest Der Continental Citygolf Club in Europa ist ein einzigartiger 9-Loch-Citygolfplatz, ein \u00dcbungs- und Trainingszentrum und ein erstklassiger Veranstaltungsort im Herzen von Budapest. Wir hei\u00dfen nicht nur Golfinteressierte, sondern auch Anf\u00e4nger und Fortgeschrittene herzlich willkommen \u2013 alle, die das echte Clubleben erleben m\u00f6chten. Neben dem 9-Loch-Golfplatz mit Par 30 garantiert die [&hellip;]<\/p>\n","protected":false},"author":24,"featured_media":0,"parent":1725,"menu_order":15,"comment_status":"closed","ping_status":"closed","template":"page-partner.php","meta":{"_acf_changed":false,"footnotes":""},"class_list":["post-49654","page","type-page","status-publish","hentry"],"acf":{"partner_infobox":"<strong>Adresse:\u00a0<\/strong>Mariav\u00f6lgy ZRT, 8087 Alcsutdoboz, Mariav\u00f6lgy\r\n\r\n<strong>Tel:\u00a0<\/strong>+36 22 594 200\r\n\r\n<strong>Fax:\u00a0<\/strong>+36 70 978 5687\r\n\r\n<strong>Web: <\/strong><a href=\"http:\/\/www.golfpannonia.hu\" target=\"_blank\" rel=\"nofollow noopener\">www.golfpannonia.hu<\/a>\r\n\r\n<strong>E-Mail:<\/strong> <a href=\"mailto:info@golfpannonia.hu\">info@golfpannonia.hu<\/a>\r\n\r\n<strong>Spielbahnen\/Par: <\/strong>18 - 72\/73\r\n\r\n<strong>La\u0308nge: <\/strong>gelb: 5.969m \/\u00a0rot: 5.406m\r\n\r\n<em><strong>Bedingungen: <\/strong>Mo-So 18-Loch-Greenfee<\/em>\r\n\r\n<strong>Anfahrt:\r\n<\/strong>Autobahn M1 Wien-Budapest bis Ausfahrt Bicske (bei km 39). Nach der Ausfahrt rechts\u00a0\u2192 Tatab\u00e1nya\u00a0\u2192 ca. 3 km links\u00a0\u2192 Sz\u00e9kesfeh\u00e9rv\u00e1r und Felcs\u00fat abbiegen. Durch Felcs\u00fat\u00a0\u2192 Alcs\u00fatdoboz. In Alcs\u00fatdoboz links \u2192 Etyek abbiegen\u00a0\u2192 Platanenallee, f\u00fchrt direkt zum Clubhaus.","partner_logo":49735,"partner_gallery":[49749,49743,49663,49747,49659,49655,49657,49661,49741,49745],"partner_lat":47.54319527565598,"partner_long":19.027166266388928,"partner_type":"golfclub","partner_openings":["1","2","3","4","5","6","7"],"montag_von_bis":"00:00 - 24:00","dienstag_von_bis":"00:00 - 24:00","mittwoch_von_bis":"00:00 - 24:00","donnerstag_von_bis":"00:00 - 24:00","freitag_von_bis":"00:00 - 24:00","samstag_von_bis":"00:00 - 24:00","sonntag_von_bis":"00:00 - 24:00","partner_adresse":" Per\u00e9nyi \u00fat 6, H-1037 Budapest","partner_land_bundesland":"Ungarn","partner_tel_1":"+36 20 275 5547","partner_tel_2":"","partner_web":"https:\/\/continentalcitygolfclub.hu","partner_mail":"recepcio@continentalgolf.hu","partner_spielbahnen_par":"9\/30","partner_laenge":"gelb: 5.969m \/\u00a0rot: 5.406m","partner_bedingungen":"","partner_anfahrt":"Autobahn M1 Wien-Budapest bis Ausfahrt Bicske (bei km 39). Nach der Ausfahrt rechts\u00a0\u2192 Tatab\u00e1nya\u00a0\u2192 ca. 3 km links\u00a0\u2192 Sz\u00e9kesfeh\u00e9rv\u00e1r und Felcs\u00fat abbiegen. Durch Felcs\u00fat\u00a0\u2192 Alcs\u00fatdoboz. In Alcs\u00fatdoboz links \u2192 Etyek abbiegen\u00a0\u2192 Platanenallee, f\u00fchrt direkt zum Clubhaus.","partner_misc":null,"additional_css_classes":""},"yoast_head":"<!-- This site is optimized with the Yoast SEO plugin v26.8 - https:\/\/yoast.com\/product\/yoast-seo-wordpress\/ -->\n<title>GC Continental Citygolf Club - Fairway 2 Hotel<\/title>\n<meta name=\"robots\" content=\"index, follow, max-snippet:-1, max-image-preview:large, max-video-preview:-1\" \/>\n<link rel=\"canonical\" href=\"https:\/\/fairway2hotel.at\/cs\/golfclubs\/ungarn\/gc-continental-citygolf-club\/\" \/>\n<meta property=\"og:locale\" content=\"cs_CZ\" \/>\n<meta property=\"og:type\" content=\"article\" \/>\n<meta property=\"og:title\" content=\"GC Continental Citygolf Club - Fairway 2 Hotel\" \/>\n<meta property=\"og:description\" content=\"Golf im Herzen von Budapest Der Continental Citygolf Club in Europa ist ein einzigartiger 9-Loch-Citygolfplatz, ein \u00dcbungs- und Trainingszentrum und ein erstklassiger Veranstaltungsort im Herzen von Budapest. Wir hei\u00dfen nicht nur Golfinteressierte, sondern auch Anf\u00e4nger und Fortgeschrittene herzlich willkommen \u2013 alle, die das echte Clubleben erleben m\u00f6chten. Neben dem 9-Loch-Golfplatz mit Par 30 garantiert die [&hellip;]\" \/>\n<meta property=\"og:url\" content=\"https:\/\/fairway2hotel.at\/cs\/golfclubs\/ungarn\/gc-continental-citygolf-club\/\" \/>\n<meta property=\"og:site_name\" content=\"Fairway 2 Hotel\" \/>\n<meta property=\"article:modified_time\" content=\"2025-11-13T09:41:00+00:00\" \/>\n<meta name=\"twitter:card\" content=\"summary_large_image\" \/>\n<meta name=\"twitter:label1\" content=\"Odhadovan\u00e1 doba \u010dten\u00ed\" \/>\n\t<meta name=\"twitter:data1\" content=\"2 minuty\" \/>\n<script type=\"application\/ld+json\" class=\"yoast-schema-graph\">{\"@context\":\"https:\/\/schema.org\",\"@graph\":[{\"@type\":\"WebPage\",\"@id\":\"https:\/\/fairway2hotel.at\/cs\/golfclubs\/ungarn\/gc-continental-citygolf-club\/\",\"url\":\"https:\/\/fairway2hotel.at\/cs\/golfclubs\/ungarn\/gc-continental-citygolf-club\/\",\"name\":\"GC Continental Citygolf Club - Fairway 2 Hotel\",\"isPartOf\":{\"@id\":\"https:\/\/fairway2hotel.at\/cs\/#website\"},\"datePublished\":\"2025-11-08T14:21:32+00:00\",\"dateModified\":\"2025-11-13T09:41:00+00:00\",\"breadcrumb\":{\"@id\":\"https:\/\/fairway2hotel.at\/cs\/golfclubs\/ungarn\/gc-continental-citygolf-club\/#breadcrumb\"},\"inLanguage\":\"cs\",\"potentialAction\":[{\"@type\":\"ReadAction\",\"target\":[\"https:\/\/fairway2hotel.at\/cs\/golfclubs\/ungarn\/gc-continental-citygolf-club\/\"]}]},{\"@type\":\"BreadcrumbList\",\"@id\":\"https:\/\/fairway2hotel.at\/cs\/golfclubs\/ungarn\/gc-continental-citygolf-club\/#breadcrumb\",\"itemListElement\":[{\"@type\":\"ListItem\",\"position\":1,\"name\":\"Home\",\"item\":\"https:\/\/fairway2hotel.at\/cs\/\"},{\"@type\":\"ListItem\",\"position\":2,\"name\":\"Golfclubs\",\"item\":\"https:\/\/fairway2hotel.at\/cs\/golfclubs\/\"},{\"@type\":\"ListItem\",\"position\":3,\"name\":\"Golfclubs Ungarn\",\"item\":\"https:\/\/fairway2hotel.at\/cs\/golfclubs\/ungarn\/\"},{\"@type\":\"ListItem\",\"position\":4,\"name\":\"GC Continental Citygolf Club\"}]},{\"@type\":\"WebSite\",\"@id\":\"https:\/\/fairway2hotel.at\/cs\/#website\",\"url\":\"https:\/\/fairway2hotel.at\/cs\/\",\"name\":\"Fairway 2 Hotel\",\"description\":\"Golf zum halben Preis! 2 spielen - 1 zahlt\",\"potentialAction\":[{\"@type\":\"SearchAction\",\"target\":{\"@type\":\"EntryPoint\",\"urlTemplate\":\"https:\/\/fairway2hotel.at\/cs\/?s={search_term_string}\"},\"query-input\":{\"@type\":\"PropertyValueSpecification\",\"valueRequired\":true,\"valueName\":\"search_term_string\"}}],\"inLanguage\":\"cs\"}]}<\/script>\n<!-- \/ Yoast SEO plugin. -->","yoast_head_json":{"title":"GC Continental Citygolf Club - Fairway 2 Hotel","robots":{"index":"index","follow":"follow","max-snippet":"max-snippet:-1","max-image-preview":"max-image-preview:large","max-video-preview":"max-video-preview:-1"},"canonical":"https:\/\/fairway2hotel.at\/cs\/golfclubs\/ungarn\/gc-continental-citygolf-club\/","og_locale":"cs_CZ","og_type":"article","og_title":"GC Continental Citygolf Club - Fairway 2 Hotel","og_description":"Golf im Herzen von Budapest Der Continental Citygolf Club in Europa ist ein einzigartiger 9-Loch-Citygolfplatz, ein \u00dcbungs- und Trainingszentrum und ein erstklassiger Veranstaltungsort im Herzen von Budapest. Wir hei\u00dfen nicht nur Golfinteressierte, sondern auch Anf\u00e4nger und Fortgeschrittene herzlich willkommen \u2013 alle, die das echte Clubleben erleben m\u00f6chten. Neben dem 9-Loch-Golfplatz mit Par 30 garantiert die [&hellip;]","og_url":"https:\/\/fairway2hotel.at\/cs\/golfclubs\/ungarn\/gc-continental-citygolf-club\/","og_site_name":"Fairway 2 Hotel","article_modified_time":"2025-11-13T09:41:00+00:00","twitter_card":"summary_large_image","twitter_misc":{"Odhadovan\u00e1 doba \u010dten\u00ed":"2 minuty"},"schema":{"@context":"https:\/\/schema.org","@graph":[{"@type":"WebPage","@id":"https:\/\/fairway2hotel.at\/cs\/golfclubs\/ungarn\/gc-continental-citygolf-club\/","url":"https:\/\/fairway2hotel.at\/cs\/golfclubs\/ungarn\/gc-continental-citygolf-club\/","name":"GC Continental Citygolf Club - Fairway 2 Hotel","isPartOf":{"@id":"https:\/\/fairway2hotel.at\/cs\/#website"},"datePublished":"2025-11-08T14:21:32+00:00","dateModified":"2025-11-13T09:41:00+00:00","breadcrumb":{"@id":"https:\/\/fairway2hotel.at\/cs\/golfclubs\/ungarn\/gc-continental-citygolf-club\/#breadcrumb"},"inLanguage":"cs","potentialAction":[{"@type":"ReadAction","target":["https:\/\/fairway2hotel.at\/cs\/golfclubs\/ungarn\/gc-continental-citygolf-club\/"]}]},{"@type":"BreadcrumbList","@id":"https:\/\/fairway2hotel.at\/cs\/golfclubs\/ungarn\/gc-continental-citygolf-club\/#breadcrumb","itemListElement":[{"@type":"ListItem","position":1,"name":"Home","item":"https:\/\/fairway2hotel.at\/cs\/"},{"@type":"ListItem","position":2,"name":"Golfclubs","item":"https:\/\/fairway2hotel.at\/cs\/golfclubs\/"},{"@type":"ListItem","position":3,"name":"Golfclubs Ungarn","item":"https:\/\/fairway2hotel.at\/cs\/golfclubs\/ungarn\/"},{"@type":"ListItem","position":4,"name":"GC Continental Citygolf Club"}]},{"@type":"WebSite","@id":"https:\/\/fairway2hotel.at\/cs\/#website","url":"https:\/\/fairway2hotel.at\/cs\/","name":"Fairway 2 Hotel","description":"Golf zum halben Preis! 2 spielen - 1 zahlt","potentialAction":[{"@type":"SearchAction","target":{"@type":"EntryPoint","urlTemplate":"https:\/\/fairway2hotel.at\/cs\/?s={search_term_string}"},"query-input":{"@type":"PropertyValueSpecification","valueRequired":true,"valueName":"search_term_string"}}],"inLanguage":"cs"}]}},"_links":{"self":[{"href":"https:\/\/fairway2hotel.at\/cs\/wp-json\/wp\/v2\/pages\/49654","targetHints":{"allow":["GET"]}}],"collection":[{"href":"https:\/\/fairway2hotel.at\/cs\/wp-json\/wp\/v2\/pages"}],"about":[{"href":"https:\/\/fairway2hotel.at\/cs\/wp-json\/wp\/v2\/types\/page"}],"author":[{"embeddable":true,"href":"https:\/\/fairway2hotel.at\/cs\/wp-json\/wp\/v2\/users\/24"}],"replies":[{"embeddable":true,"href":"https:\/\/fairway2hotel.at\/cs\/wp-json\/wp\/v2\/comments?post=49654"}],"version-history":[{"count":5,"href":"https:\/\/fairway2hotel.at\/cs\/wp-json\/wp\/v2\/pages\/49654\/revisions"}],"predecessor-version":[{"id":49751,"href":"https:\/\/fairway2hotel.at\/cs\/wp-json\/wp\/v2\/pages\/49654\/revisions\/49751"}],"up":[{"embeddable":true,"href":"https:\/\/fairway2hotel.at\/cs\/wp-json\/wp\/v2\/pages\/1725"}],"acf:attachment":[{"embeddable":true,"href":"https:\/\/fairway2hotel.at\/cs\/wp-json\/wp\/v2\/media\/49745"},{"embeddable":true,"href":"https:\/\/fairway2hotel.at\/cs\/wp-json\/wp\/v2\/media\/49741"},{"embeddable":true,"href":"https:\/\/fairway2hotel.at\/cs\/wp-json\/wp\/v2\/media\/49661"},{"embeddable":true,"href":"https:\/\/fairway2hotel.at\/cs\/wp-json\/wp\/v2\/media\/49657"},{"embeddable":true,"href":"https:\/\/fairway2hotel.at\/cs\/wp-json\/wp\/v2\/media\/49655"},{"embeddable":true,"href":"https:\/\/fairway2hotel.at\/cs\/wp-json\/wp\/v2\/media\/49659"},{"embeddable":true,"href":"https:\/\/fairway2hotel.at\/cs\/wp-json\/wp\/v2\/media\/49747"},{"embeddable":true,"href":"https:\/\/fairway2hotel.at\/cs\/wp-json\/wp\/v2\/media\/49663"},{"embeddable":true,"href":"https:\/\/fairway2hotel.at\/cs\/wp-json\/wp\/v2\/media\/49743"},{"embeddable":true,"href":"https:\/\/fairway2hotel.at\/cs\/wp-json\/wp\/v2\/media\/49749"}],"wp:attachment":[{"href":"https:\/\/fairway2hotel.at\/cs\/wp-json\/wp\/v2\/media?parent=49654"}],"curies":[{"name":"wp","href":"https:\/\/api.w.org\/{rel}","templated":true}]}}