{"id":49711,"date":"2025-11-11T09:55:00","date_gmt":"2025-11-11T08:55:00","guid":{"rendered":"https:\/\/fairway2hotel.at\/?page_id=49711"},"modified":"2025-11-11T10:19:43","modified_gmt":"2025-11-11T09:19:43","slug":"gc-ropice-golf-resort","status":"publish","type":"page","link":"https:\/\/fairway2hotel.at\/cs\/golfclubs\/tschechien\/gc-ropice-golf-resort\/","title":{"rendered":"GC Ropice Golf Resort"},"content":{"rendered":"<h2>Das Ropice Golf Resort erwartet Sie&#8230;<\/h2>\n<p>Das Ropice Golf Resort geh\u00f6rt zu Recht zu den Top 10 der tschechischen Golfpl\u00e4tze und ist ein beliebter Spielplatz f\u00fcr Profis und weniger erfahrene Spieler. Der Golfplatz bietet einen atemberaubenden Panoramablick auf das Massiv der Schlesischen Beskiden, das vom Javorov\u00fd vrch dominiert wird. Im Jahr 2023 wurde der Meisterschaftsplatz um weitere neun L\u00f6cher erweitert, wodurch ein 27-Loch-Komplex entstand. Das Ropice Golf Resort bietet Spielern ein gro\u00dfartiges Spielerlebnis auf einem links\u00e4hnlichen Meisterschaftsplatz. Seine Vielf\u00e4ltigkeit liegt in den zahlreichen Bunkern, den welligen Fairways und den interessant geformten Gr\u00fcns und Wasserhindernissen. Das Ropice Golf Resort wurde von dem f\u00fchrenden \u00f6sterreichischen Architekten Hans Georg Erhardt entworfen und gestaltet. Der Golfplatz wurde 2004 er\u00f6ffnet.<\/p>\n<p>&nbsp;<\/p>\n<h2>Ropice Golf Resort awaits for you&#8230;<\/h2>\n<p>Ropice Golf Resort rightly belongs among the top 10 Czech golf courses and is a popular playground for both professionals and less experienced players. The location golf course offers stunning panoramic views of the massif of Slezsk\u00e9 Beskydy Mountains dominated by Javorov\u00fd vrch.\u00a0In 2023, the championship course was expanded by another nine, creating a 27-hole complex. Ropice Golf Resort offers players a great gaming experience on a links like championship course. Its colourfulness lies in the numerous bunkers, undulating characteristic of the fairways and interestingly shaped greens and water hazards. Ropice Golf Resort was designed and modeled by a leading Austrian architect Hans Georg Erhardt. The golf course was opened in 2004.<\/p>\n","protected":false},"excerpt":{"rendered":"<p>Das Ropice Golf Resort erwartet Sie&#8230; Das Ropice Golf Resort geh\u00f6rt zu Recht zu den Top 10 der tschechischen Golfpl\u00e4tze und ist ein beliebter Spielplatz f\u00fcr Profis und weniger erfahrene Spieler. Der Golfplatz bietet einen atemberaubenden Panoramablick auf das Massiv der Schlesischen Beskiden, das vom Javorov\u00fd vrch dominiert wird. Im Jahr 2023 wurde der Meisterschaftsplatz [&hellip;]<\/p>\n","protected":false},"author":24,"featured_media":0,"parent":1707,"menu_order":5,"comment_status":"closed","ping_status":"closed","template":"page-partner.php","meta":{"_acf_changed":false,"footnotes":""},"class_list":["post-49711","page","type-page","status-publish","hentry"],"acf":{"partner_infobox":"<strong>Adresse:\u00a0<\/strong>Alenina Lhota 7, 391 33 Jistebnice\r\n\r\n<strong>Tel:\r\n<\/strong>420\u00a0775 913\u00a0338\r\n\r\n<strong>Web: <\/strong><a href=\"http:\/\/www.cebr.cz\" target=\"_blank\" rel=\"nofollow noopener noreferrer\">www.cebr.cz<\/a>\r\n\r\n<strong>E-Mail:<\/strong> <a href=\"mailto:cebr@cebr.cz\">info@cebr.cz<\/a>\r\n\r\n<strong>Spielbahnen\/Par: <\/strong>18\/70\r\n\r\n<strong>La\u0308nge: <\/strong>wei\u00df: 5.304 m \/gelb: 5.001 m \/rot: 4.702 m\r\n\r\n<em><strong>Bedingungen:\r\n<\/strong>Gutscheine von MO-DO, ausgenommen Feiertage, einl\u00f6sbar.<\/em>\r\n\r\n<strong>Anfahrt:\r\n<\/strong>80 km s\u00fcdlich von Prag, 70 km n\u00f6rdlich von \u010cesk\u00e9 Bud\u011bjovice","partner_logo":49722,"partner_gallery":[49716,49714,49718,49720],"partner_lat":49.70493495944613,"partner_long":18.598009454835477,"partner_type":"golfclub","partner_openings":["1"],"montag_von_bis":"00:00 - 12:00","dienstag_von_bis":"00:00 - 24:00","mittwoch_von_bis":"00:00 - 24:00","donnerstag_von_bis":"00:00 - 24:00","freitag_von_bis":"00:00 - 24:00","samstag_von_bis":"00:00 - 24:00","sonntag_von_bis":"13:00 - 24:00","partner_adresse":"Ropice 415, CZ-73956 Ropice","partner_land_bundesland":"Tschechische Republik","partner_tel_1":"+420 737 208 892","partner_tel_2":"","partner_web":"https:\/\/www.beskydgolf.com\/en\/","partner_mail":"recepce@beskydgolf.com","partner_spielbahnen_par":"27\/72+36","partner_laenge":"wei\u00df: 5.304 m \/gelb: 5.001 m \/rot: 4.702 m","partner_bedingungen":"GS einl\u00f6sbar Montag bis 12.00 Uhr, ausgenommen Feiertage\r\nvouchers redeemable Mon until noon, excluding public holidays","partner_anfahrt":"80 km s\u00fcdlich von Prag, 70 km n\u00f6rdlich von \u010cesk\u00e9 Bud\u011bjovice","partner_misc":null,"additional_css_classes":""},"yoast_head":"<!-- This site is optimized with the Yoast SEO plugin v26.8 - https:\/\/yoast.com\/product\/yoast-seo-wordpress\/ -->\n<title>GC Ropice Golf Resort - Fairway 2 Hotel<\/title>\n<meta name=\"robots\" content=\"index, follow, max-snippet:-1, max-image-preview:large, max-video-preview:-1\" \/>\n<link rel=\"canonical\" href=\"https:\/\/fairway2hotel.at\/cs\/golfclubs\/tschechien\/gc-ropice-golf-resort\/\" \/>\n<meta property=\"og:locale\" content=\"cs_CZ\" \/>\n<meta property=\"og:type\" content=\"article\" \/>\n<meta property=\"og:title\" content=\"GC Ropice Golf Resort - Fairway 2 Hotel\" \/>\n<meta property=\"og:description\" content=\"Das Ropice Golf Resort erwartet Sie&#8230; Das Ropice Golf Resort geh\u00f6rt zu Recht zu den Top 10 der tschechischen Golfpl\u00e4tze und ist ein beliebter Spielplatz f\u00fcr Profis und weniger erfahrene Spieler. Der Golfplatz bietet einen atemberaubenden Panoramablick auf das Massiv der Schlesischen Beskiden, das vom Javorov\u00fd vrch dominiert wird. Im Jahr 2023 wurde der Meisterschaftsplatz [&hellip;]\" \/>\n<meta property=\"og:url\" content=\"https:\/\/fairway2hotel.at\/cs\/golfclubs\/tschechien\/gc-ropice-golf-resort\/\" \/>\n<meta property=\"og:site_name\" content=\"Fairway 2 Hotel\" \/>\n<meta property=\"article:modified_time\" content=\"2025-11-11T09:19:43+00:00\" \/>\n<meta name=\"twitter:card\" content=\"summary_large_image\" \/>\n<meta name=\"twitter:label1\" content=\"Odhadovan\u00e1 doba \u010dten\u00ed\" \/>\n\t<meta name=\"twitter:data1\" content=\"2 minuty\" \/>\n<script type=\"application\/ld+json\" class=\"yoast-schema-graph\">{\"@context\":\"https:\/\/schema.org\",\"@graph\":[{\"@type\":\"WebPage\",\"@id\":\"https:\/\/fairway2hotel.at\/cs\/golfclubs\/tschechien\/gc-ropice-golf-resort\/\",\"url\":\"https:\/\/fairway2hotel.at\/cs\/golfclubs\/tschechien\/gc-ropice-golf-resort\/\",\"name\":\"GC Ropice Golf Resort - Fairway 2 Hotel\",\"isPartOf\":{\"@id\":\"https:\/\/fairway2hotel.at\/cs\/#website\"},\"datePublished\":\"2025-11-11T08:55:00+00:00\",\"dateModified\":\"2025-11-11T09:19:43+00:00\",\"breadcrumb\":{\"@id\":\"https:\/\/fairway2hotel.at\/cs\/golfclubs\/tschechien\/gc-ropice-golf-resort\/#breadcrumb\"},\"inLanguage\":\"cs\",\"potentialAction\":[{\"@type\":\"ReadAction\",\"target\":[\"https:\/\/fairway2hotel.at\/cs\/golfclubs\/tschechien\/gc-ropice-golf-resort\/\"]}]},{\"@type\":\"BreadcrumbList\",\"@id\":\"https:\/\/fairway2hotel.at\/cs\/golfclubs\/tschechien\/gc-ropice-golf-resort\/#breadcrumb\",\"itemListElement\":[{\"@type\":\"ListItem\",\"position\":1,\"name\":\"Home\",\"item\":\"https:\/\/fairway2hotel.at\/cs\/\"},{\"@type\":\"ListItem\",\"position\":2,\"name\":\"Golfclubs\",\"item\":\"https:\/\/fairway2hotel.at\/cs\/golfclubs\/\"},{\"@type\":\"ListItem\",\"position\":3,\"name\":\"Golfclubs Tschechien\",\"item\":\"https:\/\/fairway2hotel.at\/cs\/golfclubs\/tschechien\/\"},{\"@type\":\"ListItem\",\"position\":4,\"name\":\"GC Ropice Golf Resort\"}]},{\"@type\":\"WebSite\",\"@id\":\"https:\/\/fairway2hotel.at\/cs\/#website\",\"url\":\"https:\/\/fairway2hotel.at\/cs\/\",\"name\":\"Fairway 2 Hotel\",\"description\":\"Golf zum halben Preis! 2 spielen - 1 zahlt\",\"potentialAction\":[{\"@type\":\"SearchAction\",\"target\":{\"@type\":\"EntryPoint\",\"urlTemplate\":\"https:\/\/fairway2hotel.at\/cs\/?s={search_term_string}\"},\"query-input\":{\"@type\":\"PropertyValueSpecification\",\"valueRequired\":true,\"valueName\":\"search_term_string\"}}],\"inLanguage\":\"cs\"}]}<\/script>\n<!-- \/ Yoast SEO plugin. -->","yoast_head_json":{"title":"GC Ropice Golf Resort - Fairway 2 Hotel","robots":{"index":"index","follow":"follow","max-snippet":"max-snippet:-1","max-image-preview":"max-image-preview:large","max-video-preview":"max-video-preview:-1"},"canonical":"https:\/\/fairway2hotel.at\/cs\/golfclubs\/tschechien\/gc-ropice-golf-resort\/","og_locale":"cs_CZ","og_type":"article","og_title":"GC Ropice Golf Resort - Fairway 2 Hotel","og_description":"Das Ropice Golf Resort erwartet Sie&#8230; Das Ropice Golf Resort geh\u00f6rt zu Recht zu den Top 10 der tschechischen Golfpl\u00e4tze und ist ein beliebter Spielplatz f\u00fcr Profis und weniger erfahrene Spieler. Der Golfplatz bietet einen atemberaubenden Panoramablick auf das Massiv der Schlesischen Beskiden, das vom Javorov\u00fd vrch dominiert wird. Im Jahr 2023 wurde der Meisterschaftsplatz [&hellip;]","og_url":"https:\/\/fairway2hotel.at\/cs\/golfclubs\/tschechien\/gc-ropice-golf-resort\/","og_site_name":"Fairway 2 Hotel","article_modified_time":"2025-11-11T09:19:43+00:00","twitter_card":"summary_large_image","twitter_misc":{"Odhadovan\u00e1 doba \u010dten\u00ed":"2 minuty"},"schema":{"@context":"https:\/\/schema.org","@graph":[{"@type":"WebPage","@id":"https:\/\/fairway2hotel.at\/cs\/golfclubs\/tschechien\/gc-ropice-golf-resort\/","url":"https:\/\/fairway2hotel.at\/cs\/golfclubs\/tschechien\/gc-ropice-golf-resort\/","name":"GC Ropice Golf Resort - Fairway 2 Hotel","isPartOf":{"@id":"https:\/\/fairway2hotel.at\/cs\/#website"},"datePublished":"2025-11-11T08:55:00+00:00","dateModified":"2025-11-11T09:19:43+00:00","breadcrumb":{"@id":"https:\/\/fairway2hotel.at\/cs\/golfclubs\/tschechien\/gc-ropice-golf-resort\/#breadcrumb"},"inLanguage":"cs","potentialAction":[{"@type":"ReadAction","target":["https:\/\/fairway2hotel.at\/cs\/golfclubs\/tschechien\/gc-ropice-golf-resort\/"]}]},{"@type":"BreadcrumbList","@id":"https:\/\/fairway2hotel.at\/cs\/golfclubs\/tschechien\/gc-ropice-golf-resort\/#breadcrumb","itemListElement":[{"@type":"ListItem","position":1,"name":"Home","item":"https:\/\/fairway2hotel.at\/cs\/"},{"@type":"ListItem","position":2,"name":"Golfclubs","item":"https:\/\/fairway2hotel.at\/cs\/golfclubs\/"},{"@type":"ListItem","position":3,"name":"Golfclubs Tschechien","item":"https:\/\/fairway2hotel.at\/cs\/golfclubs\/tschechien\/"},{"@type":"ListItem","position":4,"name":"GC Ropice Golf Resort"}]},{"@type":"WebSite","@id":"https:\/\/fairway2hotel.at\/cs\/#website","url":"https:\/\/fairway2hotel.at\/cs\/","name":"Fairway 2 Hotel","description":"Golf zum halben Preis! 2 spielen - 1 zahlt","potentialAction":[{"@type":"SearchAction","target":{"@type":"EntryPoint","urlTemplate":"https:\/\/fairway2hotel.at\/cs\/?s={search_term_string}"},"query-input":{"@type":"PropertyValueSpecification","valueRequired":true,"valueName":"search_term_string"}}],"inLanguage":"cs"}]}},"_links":{"self":[{"href":"https:\/\/fairway2hotel.at\/cs\/wp-json\/wp\/v2\/pages\/49711","targetHints":{"allow":["GET"]}}],"collection":[{"href":"https:\/\/fairway2hotel.at\/cs\/wp-json\/wp\/v2\/pages"}],"about":[{"href":"https:\/\/fairway2hotel.at\/cs\/wp-json\/wp\/v2\/types\/page"}],"author":[{"embeddable":true,"href":"https:\/\/fairway2hotel.at\/cs\/wp-json\/wp\/v2\/users\/24"}],"replies":[{"embeddable":true,"href":"https:\/\/fairway2hotel.at\/cs\/wp-json\/wp\/v2\/comments?post=49711"}],"version-history":[{"count":1,"href":"https:\/\/fairway2hotel.at\/cs\/wp-json\/wp\/v2\/pages\/49711\/revisions"}],"predecessor-version":[{"id":49724,"href":"https:\/\/fairway2hotel.at\/cs\/wp-json\/wp\/v2\/pages\/49711\/revisions\/49724"}],"up":[{"embeddable":true,"href":"https:\/\/fairway2hotel.at\/cs\/wp-json\/wp\/v2\/pages\/1707"}],"acf:attachment":[{"embeddable":true,"href":"https:\/\/fairway2hotel.at\/cs\/wp-json\/wp\/v2\/media\/49720"},{"embeddable":true,"href":"https:\/\/fairway2hotel.at\/cs\/wp-json\/wp\/v2\/media\/49718"},{"embeddable":true,"href":"https:\/\/fairway2hotel.at\/cs\/wp-json\/wp\/v2\/media\/49714"},{"embeddable":true,"href":"https:\/\/fairway2hotel.at\/cs\/wp-json\/wp\/v2\/media\/49716"}],"wp:attachment":[{"href":"https:\/\/fairway2hotel.at\/cs\/wp-json\/wp\/v2\/media?parent=49711"}],"curies":[{"name":"wp","href":"https:\/\/api.w.org\/{rel}","templated":true}]}}