{"id":502,"date":"2010-10-02T19:26:27","date_gmt":"2010-10-02T17:26:27","guid":{"rendered":"https:\/\/f2h.app\/golfclub-semmering\/"},"modified":"2025-03-23T13:24:53","modified_gmt":"2025-03-23T12:24:53","slug":"golfclub-semmering","status":"publish","type":"page","link":"https:\/\/fairway2hotel.at\/cs\/golfclubs\/niederoesterreich\/golfclub-semmering\/","title":{"rendered":"GC Semmering"},"content":{"rendered":"<h2>&#8230; \u00e4ltester und traditionsreichster Golfplatz \u00d6sterreichs<\/h2>\n<p>Auf 1.000 Meter Seeh\u00f6he pr\u00e4sentiert sich der\u00a0Golfplatz am Zauberberg wie\u00a0bereits vor 90 Jahren (1926) in einer landschaftlich einzigartigen Bergwelt. Das\u00a0klassische Platzdesign ist unter Golfplatzarchitekten weltweit bekannt. Es erwarten\u00a0Sie auf 9 tollen Spielbahnen Schr\u00e4glagen, so\u00a0weit das Auge reicht. Blind anzuspielende\u00a0Gr\u00fcns, Richtungsstangen zur Orientierung\u00a0und \u00fcberraschende Abschlagsituationen\u00a0unterstreichen das besondere Flair und\u00a0lassen die Runde zu einem unvergesslichen\u00a0Golfabenteuer werden.\u00a0Das Klima ist im Hochsommer einfach\u00a0perfekt. Wenn andere unter der Hitze\u00a0st\u00f6hnen, genie\u00dfen Sie auf unserem Platz\u00a0perfekte saubere Luft und angenehme\u00a0Temperaturen.<\/p>\n<h2>&#8230; Austria&#8217;s oldest and most traditional golf course<\/h2>\n<p>At 1,000 metres above sea level, the golf course on the Zauberberg presents itself in a unique mountain landscape, just as it did 90 years ago (1926). The classic course design is recognised by golf course architects worldwide. You can expect slopes as far as the eye can see on 9 fantastic fairways. Blind greens, directional markers for orientation and surprising tee shots emphasise the special flair and turn the round into an unforgettable golfing adventure. The climate is simply perfect in midsummer. When others are groaning under the heat, you can enjoy perfectly clean air and pleasant temperatures on our course.<\/p>\n","protected":false},"excerpt":{"rendered":"<p>&#8230; \u00e4ltester und traditionsreichster Golfplatz \u00d6sterreichs Auf 1.000 Meter Seeh\u00f6he pr\u00e4sentiert sich der\u00a0Golfplatz am Zauberberg wie\u00a0bereits vor 90 Jahren (1926) in einer landschaftlich einzigartigen Bergwelt. Das\u00a0klassische Platzdesign ist unter Golfplatzarchitekten weltweit bekannt. Es erwarten\u00a0Sie auf 9 tollen Spielbahnen Schr\u00e4glagen, so\u00a0weit das Auge reicht. Blind anzuspielende\u00a0Gr\u00fcns, Richtungsstangen zur Orientierung\u00a0und \u00fcberraschende Abschlagsituationen\u00a0unterstreichen das besondere Flair und\u00a0lassen die [&hellip;]<\/p>\n","protected":false},"author":1,"featured_media":0,"parent":1448,"menu_order":15,"comment_status":"closed","ping_status":"closed","template":"page-partner.php","meta":{"_acf_changed":false,"footnotes":""},"class_list":["post-502","page","type-page","status-publish","hentry"],"acf":{"partner_infobox":"<strong>Adresse:\u00a0<\/strong>Meiereistra\u00dfe 3, A-2680 Semmering\r\n\r\n<strong>Tel:\u00a0<\/strong>02664-8154\r\n\r\n<strong>Web: <\/strong><a href=\"http:\/\/www.gcsemmering.at\" target=\"_blank\" rel=\"nofollow noopener noreferrer\">www.gcsemmering.at<\/a>\r\n\r\n<strong>E-Mail:<\/strong> <a href=\"mailto:gcsemmering@golf.at\">gcsemmering@golf.at<\/a>\r\n\r\n<strong>Spielbahnen\/Par: <\/strong>9\/62\r\n\r\n<strong>La\u0308nge: <\/strong>gelb: 3.796 m\/rot: 3.330 m\r\n\r\n<strong>Anfahrt: <\/strong>von Wien: A2 Richtung Graz bis Abf. Bruck\/M. \u2192 Semmering \u2192 S6 bis Abschnitt Maria-Schutz Richtung Semmering. In den Ort Semmering und dann Richtung Adlitzgraben. Beschilderung","partner_logo":501,"partner_gallery":[2719,46739],"partner_lat":47.644004,"partner_long":15.812302,"partner_type":"golfclub","partner_openings":["1","2","3","4","5","6","7"],"montag_von_bis":"00:00 - 24:00","dienstag_von_bis":"00:00 - 24:00","mittwoch_von_bis":"00:00 - 24:00","donnerstag_von_bis":"00:00 - 24:00","freitag_von_bis":"00:00 - 24:00","samstag_von_bis":"00:00 - 24:00","sonntag_von_bis":"00:00 - 24:00","partner_adresse":"Meiereistra\u00dfe 3, 2680 Semmering","partner_land_bundesland":"Nieder\u00f6sterreich","partner_tel_1":"","partner_tel_2":"0043 2664 8154","partner_web":"http:\/\/www.gcsemmering.at","partner_mail":"gcsemmering@golf.at","partner_spielbahnen_par":"9\/62","partner_laenge":"gelb: 3.796 m\/rot: 3.330 m","partner_bedingungen":"","partner_anfahrt":"von Wien: A2 Richtung Graz bis Abf. Bruck\/M. \u2192 Semmering \u2192 S6 bis Abschnitt Maria-Schutz Richtung Semmering. In den Ort Semmering und dann Richtung Adlitzgraben. Beschilderung","partner_misc":null,"additional_css_classes":""},"yoast_head":"<!-- This site is optimized with the Yoast SEO plugin v26.8 - https:\/\/yoast.com\/product\/yoast-seo-wordpress\/ -->\n<title>GC Semmering - Fairway 2 Hotel<\/title>\n<meta name=\"robots\" content=\"index, follow, max-snippet:-1, max-image-preview:large, max-video-preview:-1\" \/>\n<link rel=\"canonical\" href=\"https:\/\/fairway2hotel.at\/cs\/golfclubs\/niederoesterreich\/golfclub-semmering\/\" \/>\n<meta property=\"og:locale\" content=\"cs_CZ\" \/>\n<meta property=\"og:type\" content=\"article\" \/>\n<meta property=\"og:title\" content=\"GC Semmering - Fairway 2 Hotel\" \/>\n<meta property=\"og:description\" content=\"&#8230; \u00e4ltester und traditionsreichster Golfplatz \u00d6sterreichs Auf 1.000 Meter Seeh\u00f6he pr\u00e4sentiert sich der\u00a0Golfplatz am Zauberberg wie\u00a0bereits vor 90 Jahren (1926) in einer landschaftlich einzigartigen Bergwelt. Das\u00a0klassische Platzdesign ist unter Golfplatzarchitekten weltweit bekannt. Es erwarten\u00a0Sie auf 9 tollen Spielbahnen Schr\u00e4glagen, so\u00a0weit das Auge reicht. Blind anzuspielende\u00a0Gr\u00fcns, Richtungsstangen zur Orientierung\u00a0und \u00fcberraschende Abschlagsituationen\u00a0unterstreichen das besondere Flair und\u00a0lassen die [&hellip;]\" \/>\n<meta property=\"og:url\" content=\"https:\/\/fairway2hotel.at\/cs\/golfclubs\/niederoesterreich\/golfclub-semmering\/\" \/>\n<meta property=\"og:site_name\" content=\"Fairway 2 Hotel\" \/>\n<meta property=\"article:modified_time\" content=\"2025-03-23T12:24:53+00:00\" \/>\n<meta name=\"twitter:card\" content=\"summary_large_image\" \/>\n<meta name=\"twitter:label1\" content=\"Odhadovan\u00e1 doba \u010dten\u00ed\" \/>\n\t<meta name=\"twitter:data1\" content=\"2 minuty\" \/>\n<script type=\"application\/ld+json\" class=\"yoast-schema-graph\">{\"@context\":\"https:\/\/schema.org\",\"@graph\":[{\"@type\":\"WebPage\",\"@id\":\"https:\/\/fairway2hotel.at\/cs\/golfclubs\/niederoesterreich\/golfclub-semmering\/\",\"url\":\"https:\/\/fairway2hotel.at\/cs\/golfclubs\/niederoesterreich\/golfclub-semmering\/\",\"name\":\"GC Semmering - Fairway 2 Hotel\",\"isPartOf\":{\"@id\":\"https:\/\/fairway2hotel.at\/cs\/#website\"},\"datePublished\":\"2010-10-02T17:26:27+00:00\",\"dateModified\":\"2025-03-23T12:24:53+00:00\",\"breadcrumb\":{\"@id\":\"https:\/\/fairway2hotel.at\/cs\/golfclubs\/niederoesterreich\/golfclub-semmering\/#breadcrumb\"},\"inLanguage\":\"cs\",\"potentialAction\":[{\"@type\":\"ReadAction\",\"target\":[\"https:\/\/fairway2hotel.at\/cs\/golfclubs\/niederoesterreich\/golfclub-semmering\/\"]}]},{\"@type\":\"BreadcrumbList\",\"@id\":\"https:\/\/fairway2hotel.at\/cs\/golfclubs\/niederoesterreich\/golfclub-semmering\/#breadcrumb\",\"itemListElement\":[{\"@type\":\"ListItem\",\"position\":1,\"name\":\"Home\",\"item\":\"https:\/\/fairway2hotel.at\/cs\/\"},{\"@type\":\"ListItem\",\"position\":2,\"name\":\"Golfclubs\",\"item\":\"https:\/\/fairway2hotel.at\/cs\/golfclubs\/\"},{\"@type\":\"ListItem\",\"position\":3,\"name\":\"Golfclubs Nieder\u00f6sterreich\",\"item\":\"https:\/\/fairway2hotel.at\/cs\/golfclubs\/niederoesterreich\/\"},{\"@type\":\"ListItem\",\"position\":4,\"name\":\"GC Semmering\"}]},{\"@type\":\"WebSite\",\"@id\":\"https:\/\/fairway2hotel.at\/cs\/#website\",\"url\":\"https:\/\/fairway2hotel.at\/cs\/\",\"name\":\"Fairway 2 Hotel\",\"description\":\"Golf zum halben Preis! 2 spielen - 1 zahlt\",\"potentialAction\":[{\"@type\":\"SearchAction\",\"target\":{\"@type\":\"EntryPoint\",\"urlTemplate\":\"https:\/\/fairway2hotel.at\/cs\/?s={search_term_string}\"},\"query-input\":{\"@type\":\"PropertyValueSpecification\",\"valueRequired\":true,\"valueName\":\"search_term_string\"}}],\"inLanguage\":\"cs\"}]}<\/script>\n<!-- \/ Yoast SEO plugin. -->","yoast_head_json":{"title":"GC Semmering - Fairway 2 Hotel","robots":{"index":"index","follow":"follow","max-snippet":"max-snippet:-1","max-image-preview":"max-image-preview:large","max-video-preview":"max-video-preview:-1"},"canonical":"https:\/\/fairway2hotel.at\/cs\/golfclubs\/niederoesterreich\/golfclub-semmering\/","og_locale":"cs_CZ","og_type":"article","og_title":"GC Semmering - Fairway 2 Hotel","og_description":"&#8230; \u00e4ltester und traditionsreichster Golfplatz \u00d6sterreichs Auf 1.000 Meter Seeh\u00f6he pr\u00e4sentiert sich der\u00a0Golfplatz am Zauberberg wie\u00a0bereits vor 90 Jahren (1926) in einer landschaftlich einzigartigen Bergwelt. Das\u00a0klassische Platzdesign ist unter Golfplatzarchitekten weltweit bekannt. Es erwarten\u00a0Sie auf 9 tollen Spielbahnen Schr\u00e4glagen, so\u00a0weit das Auge reicht. Blind anzuspielende\u00a0Gr\u00fcns, Richtungsstangen zur Orientierung\u00a0und \u00fcberraschende Abschlagsituationen\u00a0unterstreichen das besondere Flair und\u00a0lassen die [&hellip;]","og_url":"https:\/\/fairway2hotel.at\/cs\/golfclubs\/niederoesterreich\/golfclub-semmering\/","og_site_name":"Fairway 2 Hotel","article_modified_time":"2025-03-23T12:24:53+00:00","twitter_card":"summary_large_image","twitter_misc":{"Odhadovan\u00e1 doba \u010dten\u00ed":"2 minuty"},"schema":{"@context":"https:\/\/schema.org","@graph":[{"@type":"WebPage","@id":"https:\/\/fairway2hotel.at\/cs\/golfclubs\/niederoesterreich\/golfclub-semmering\/","url":"https:\/\/fairway2hotel.at\/cs\/golfclubs\/niederoesterreich\/golfclub-semmering\/","name":"GC Semmering - Fairway 2 Hotel","isPartOf":{"@id":"https:\/\/fairway2hotel.at\/cs\/#website"},"datePublished":"2010-10-02T17:26:27+00:00","dateModified":"2025-03-23T12:24:53+00:00","breadcrumb":{"@id":"https:\/\/fairway2hotel.at\/cs\/golfclubs\/niederoesterreich\/golfclub-semmering\/#breadcrumb"},"inLanguage":"cs","potentialAction":[{"@type":"ReadAction","target":["https:\/\/fairway2hotel.at\/cs\/golfclubs\/niederoesterreich\/golfclub-semmering\/"]}]},{"@type":"BreadcrumbList","@id":"https:\/\/fairway2hotel.at\/cs\/golfclubs\/niederoesterreich\/golfclub-semmering\/#breadcrumb","itemListElement":[{"@type":"ListItem","position":1,"name":"Home","item":"https:\/\/fairway2hotel.at\/cs\/"},{"@type":"ListItem","position":2,"name":"Golfclubs","item":"https:\/\/fairway2hotel.at\/cs\/golfclubs\/"},{"@type":"ListItem","position":3,"name":"Golfclubs Nieder\u00f6sterreich","item":"https:\/\/fairway2hotel.at\/cs\/golfclubs\/niederoesterreich\/"},{"@type":"ListItem","position":4,"name":"GC Semmering"}]},{"@type":"WebSite","@id":"https:\/\/fairway2hotel.at\/cs\/#website","url":"https:\/\/fairway2hotel.at\/cs\/","name":"Fairway 2 Hotel","description":"Golf zum halben Preis! 2 spielen - 1 zahlt","potentialAction":[{"@type":"SearchAction","target":{"@type":"EntryPoint","urlTemplate":"https:\/\/fairway2hotel.at\/cs\/?s={search_term_string}"},"query-input":{"@type":"PropertyValueSpecification","valueRequired":true,"valueName":"search_term_string"}}],"inLanguage":"cs"}]}},"_links":{"self":[{"href":"https:\/\/fairway2hotel.at\/cs\/wp-json\/wp\/v2\/pages\/502","targetHints":{"allow":["GET"]}}],"collection":[{"href":"https:\/\/fairway2hotel.at\/cs\/wp-json\/wp\/v2\/pages"}],"about":[{"href":"https:\/\/fairway2hotel.at\/cs\/wp-json\/wp\/v2\/types\/page"}],"author":[{"embeddable":true,"href":"https:\/\/fairway2hotel.at\/cs\/wp-json\/wp\/v2\/users\/1"}],"replies":[{"embeddable":true,"href":"https:\/\/fairway2hotel.at\/cs\/wp-json\/wp\/v2\/comments?post=502"}],"version-history":[{"count":12,"href":"https:\/\/fairway2hotel.at\/cs\/wp-json\/wp\/v2\/pages\/502\/revisions"}],"predecessor-version":[{"id":46741,"href":"https:\/\/fairway2hotel.at\/cs\/wp-json\/wp\/v2\/pages\/502\/revisions\/46741"}],"up":[{"embeddable":true,"href":"https:\/\/fairway2hotel.at\/cs\/wp-json\/wp\/v2\/pages\/1448"}],"acf:attachment":[{"embeddable":true,"href":"https:\/\/fairway2hotel.at\/cs\/wp-json\/wp\/v2\/media\/46739"},{"embeddable":true,"href":"https:\/\/fairway2hotel.at\/cs\/wp-json\/wp\/v2\/media\/2719"}],"wp:attachment":[{"href":"https:\/\/fairway2hotel.at\/cs\/wp-json\/wp\/v2\/media?parent=502"}],"curies":[{"name":"wp","href":"https:\/\/api.w.org\/{rel}","templated":true}]}}