{"id":50640,"date":"2025-11-26T10:19:13","date_gmt":"2025-11-26T09:19:13","guid":{"rendered":"https:\/\/fairway2hotel.at\/?page_id=50640"},"modified":"2025-12-03T17:41:37","modified_gmt":"2025-12-03T16:41:37","slug":"gc-svratka-1932","status":"publish","type":"page","link":"https:\/\/fairway2hotel.at\/cs\/golfclubs\/tschechien\/gc-svratka-1932\/","title":{"rendered":"GC Svratka 1932"},"content":{"rendered":"<h2>Der Golf Club Svratka 1932 erwartet Sie&#8230;<\/h2>\n<p>Die Geschichte unseres Golfclubs begann am 8. Mai 1932 in Br\u00fcnn. Die ersten sechs L\u00f6cher entstanden auf einem milit\u00e4rischen \u00dcbungsgel\u00e4nde. Nach der Zusammenarbeit mit dem Golfplatzarchitekten Ing. Josef Charv\u00e1t wurde der Golf Club Brno am 19. Oktober 1936 gegr\u00fcndet. Nach einer l\u00e4ngeren Pause in den 1960er Jahren nahm der Club seine Aktivit\u00e4ten mit Unterst\u00fctzung von Ing. Otakar Mik\u0161, Ing. Zden\u011bk P\u0159ikryl und Ing. Jaroslav Bou\u010dek wieder auf, allerdings nicht in Br\u00fcnn, sondern in Svratka, wo nach und nach ein Neun-Loch-Platz entstand. Der Golf Club Brno 1932 wurde 2005 in Golf Club Svratka 1932 umbenannt.<\/p>\n<p>Der Platz befindet sich in der Region von Ceskomoravska, einer sehr bergigen Landschaft. Die Fairways sind seitlich durch viel Wald abgegrenzt, was die Abschl\u00e4ge sehr interessant macht.<\/p>\n<p>&nbsp;<\/p>\n<h2>Golf Club Svratka 1932 awaits for you&#8230;<\/h2>\n<p>The history of our golf club began on 8 May 1932 in Brno. The first six holes were created on a military training ground. Following collaboration with golf course architect Josef Charv\u00e1t, the Brno Golf Club was founded on 19 October 1936. After a long break in the 1960s, the club resumed its activities with the support of Otakar Mik\u0161, Zden\u011bk P\u0159ikryl and Jaroslav Bou\u010dek, but not in Brno, but in Svratka, where a nine-hole course was gradually built. The Brno Golf Club 1932 was renamed the Svratka Golf Club 1932 in 2005.<\/p>\n<p>The course is located in the Ceskomoravska region, a very mountainous landscape. The fairways are bordered on either side by dense forest, which makes teeing off very interesting.<\/p>\n","protected":false},"excerpt":{"rendered":"<p>Der Golf Club Svratka 1932 erwartet Sie&#8230; Die Geschichte unseres Golfclubs begann am 8. Mai 1932 in Br\u00fcnn. Die ersten sechs L\u00f6cher entstanden auf einem milit\u00e4rischen \u00dcbungsgel\u00e4nde. Nach der Zusammenarbeit mit dem Golfplatzarchitekten Ing. Josef Charv\u00e1t wurde der Golf Club Brno am 19. Oktober 1936 gegr\u00fcndet. Nach einer l\u00e4ngeren Pause in den 1960er Jahren nahm [&hellip;]<\/p>\n","protected":false},"author":24,"featured_media":0,"parent":1707,"menu_order":5,"comment_status":"closed","ping_status":"closed","template":"page-partner.php","meta":{"_acf_changed":false,"footnotes":""},"class_list":["post-50640","page","type-page","status-publish","hentry"],"acf":{"partner_infobox":"<strong>Adresse:\u00a0<\/strong>Alenina Lhota 7, 391 33 Jistebnice\r\n\r\n<strong>Tel:\r\n<\/strong>420\u00a0775 913\u00a0338\r\n\r\n<strong>Web: <\/strong><a href=\"http:\/\/www.cebr.cz\" target=\"_blank\" rel=\"nofollow noopener noreferrer\">www.cebr.cz<\/a>\r\n\r\n<strong>E-Mail:<\/strong> <a href=\"mailto:cebr@cebr.cz\">info@cebr.cz<\/a>\r\n\r\n<strong>Spielbahnen\/Par: <\/strong>18\/70\r\n\r\n<strong>La\u0308nge: <\/strong>wei\u00df: 5.304 m \/gelb: 5.001 m \/rot: 4.702 m\r\n\r\n<em><strong>Bedingungen:\r\n<\/strong>Gutscheine von MO-DO, ausgenommen Feiertage, einl\u00f6sbar.<\/em>\r\n\r\n<strong>Anfahrt:\r\n<\/strong>80 km s\u00fcdlich von Prag, 70 km n\u00f6rdlich von \u010cesk\u00e9 Bud\u011bjovice","partner_logo":51155,"partner_gallery":[50647,50649,50651,50645],"partner_lat":49.714548178889714,"partner_long":16.051640566487144,"partner_type":"golfclub","partner_openings":["1","2","3","4","5","6","7"],"montag_von_bis":"00:00 - 24:00","dienstag_von_bis":"00:00 - 24:00","mittwoch_von_bis":"00:00 - 24:00","donnerstag_von_bis":"00:00 - 24:00","freitag_von_bis":"00:00 - 24:00","samstag_von_bis":"00:00 - 24:00","sonntag_von_bis":"00:00 - 24:00","partner_adresse":"Na Vyhl\u00eddce 20, 592 02 Svratka","partner_land_bundesland":"Tschechische Republik","partner_tel_1":" +420 773 701 932","partner_tel_2":"","partner_web":"https:\/\/www.gcsvr1932.cz","partner_mail":"recepce@gcsvr1932.cz","partner_spielbahnen_par":"9\/68","partner_laenge":"wei\u00df: 5.304 m \/gelb: 5.001 m \/rot: 4.702 m","partner_bedingungen":"Gutschein einl\u00f6sbar von MO-FR, Wochenende auf telefonische Anfrage\r\nvouchers redeemable from Mon-Fri, weekend on request by telephone","partner_anfahrt":"80 km s\u00fcdlich von Prag, 70 km n\u00f6rdlich von \u010cesk\u00e9 Bud\u011bjovice","partner_misc":null,"additional_css_classes":""},"yoast_head":"<!-- This site is optimized with the Yoast SEO plugin v26.8 - https:\/\/yoast.com\/product\/yoast-seo-wordpress\/ -->\n<title>GC Svratka 1932 - Fairway 2 Hotel<\/title>\n<meta name=\"robots\" content=\"index, follow, max-snippet:-1, max-image-preview:large, max-video-preview:-1\" \/>\n<link rel=\"canonical\" href=\"https:\/\/fairway2hotel.at\/cs\/golfclubs\/tschechien\/gc-svratka-1932\/\" \/>\n<meta property=\"og:locale\" content=\"cs_CZ\" \/>\n<meta property=\"og:type\" content=\"article\" \/>\n<meta property=\"og:title\" content=\"GC Svratka 1932 - Fairway 2 Hotel\" \/>\n<meta property=\"og:description\" content=\"Der Golf Club Svratka 1932 erwartet Sie&#8230; Die Geschichte unseres Golfclubs begann am 8. Mai 1932 in Br\u00fcnn. Die ersten sechs L\u00f6cher entstanden auf einem milit\u00e4rischen \u00dcbungsgel\u00e4nde. Nach der Zusammenarbeit mit dem Golfplatzarchitekten Ing. Josef Charv\u00e1t wurde der Golf Club Brno am 19. Oktober 1936 gegr\u00fcndet. Nach einer l\u00e4ngeren Pause in den 1960er Jahren nahm [&hellip;]\" \/>\n<meta property=\"og:url\" content=\"https:\/\/fairway2hotel.at\/cs\/golfclubs\/tschechien\/gc-svratka-1932\/\" \/>\n<meta property=\"og:site_name\" content=\"Fairway 2 Hotel\" \/>\n<meta property=\"article:modified_time\" content=\"2025-12-03T16:41:37+00:00\" \/>\n<meta name=\"twitter:card\" content=\"summary_large_image\" \/>\n<meta name=\"twitter:label1\" content=\"Odhadovan\u00e1 doba \u010dten\u00ed\" \/>\n\t<meta name=\"twitter:data1\" content=\"2 minuty\" \/>\n<script type=\"application\/ld+json\" class=\"yoast-schema-graph\">{\"@context\":\"https:\/\/schema.org\",\"@graph\":[{\"@type\":\"WebPage\",\"@id\":\"https:\/\/fairway2hotel.at\/cs\/golfclubs\/tschechien\/gc-svratka-1932\/\",\"url\":\"https:\/\/fairway2hotel.at\/cs\/golfclubs\/tschechien\/gc-svratka-1932\/\",\"name\":\"GC Svratka 1932 - Fairway 2 Hotel\",\"isPartOf\":{\"@id\":\"https:\/\/fairway2hotel.at\/cs\/#website\"},\"datePublished\":\"2025-11-26T09:19:13+00:00\",\"dateModified\":\"2025-12-03T16:41:37+00:00\",\"breadcrumb\":{\"@id\":\"https:\/\/fairway2hotel.at\/cs\/golfclubs\/tschechien\/gc-svratka-1932\/#breadcrumb\"},\"inLanguage\":\"cs\",\"potentialAction\":[{\"@type\":\"ReadAction\",\"target\":[\"https:\/\/fairway2hotel.at\/cs\/golfclubs\/tschechien\/gc-svratka-1932\/\"]}]},{\"@type\":\"BreadcrumbList\",\"@id\":\"https:\/\/fairway2hotel.at\/cs\/golfclubs\/tschechien\/gc-svratka-1932\/#breadcrumb\",\"itemListElement\":[{\"@type\":\"ListItem\",\"position\":1,\"name\":\"Home\",\"item\":\"https:\/\/fairway2hotel.at\/cs\/\"},{\"@type\":\"ListItem\",\"position\":2,\"name\":\"Golfclubs\",\"item\":\"https:\/\/fairway2hotel.at\/cs\/golfclubs\/\"},{\"@type\":\"ListItem\",\"position\":3,\"name\":\"Golfclubs Tschechien\",\"item\":\"https:\/\/fairway2hotel.at\/cs\/golfclubs\/tschechien\/\"},{\"@type\":\"ListItem\",\"position\":4,\"name\":\"GC Svratka 1932\"}]},{\"@type\":\"WebSite\",\"@id\":\"https:\/\/fairway2hotel.at\/cs\/#website\",\"url\":\"https:\/\/fairway2hotel.at\/cs\/\",\"name\":\"Fairway 2 Hotel\",\"description\":\"Golf zum halben Preis! 2 spielen - 1 zahlt\",\"potentialAction\":[{\"@type\":\"SearchAction\",\"target\":{\"@type\":\"EntryPoint\",\"urlTemplate\":\"https:\/\/fairway2hotel.at\/cs\/?s={search_term_string}\"},\"query-input\":{\"@type\":\"PropertyValueSpecification\",\"valueRequired\":true,\"valueName\":\"search_term_string\"}}],\"inLanguage\":\"cs\"}]}<\/script>\n<!-- \/ Yoast SEO plugin. -->","yoast_head_json":{"title":"GC Svratka 1932 - Fairway 2 Hotel","robots":{"index":"index","follow":"follow","max-snippet":"max-snippet:-1","max-image-preview":"max-image-preview:large","max-video-preview":"max-video-preview:-1"},"canonical":"https:\/\/fairway2hotel.at\/cs\/golfclubs\/tschechien\/gc-svratka-1932\/","og_locale":"cs_CZ","og_type":"article","og_title":"GC Svratka 1932 - Fairway 2 Hotel","og_description":"Der Golf Club Svratka 1932 erwartet Sie&#8230; Die Geschichte unseres Golfclubs begann am 8. Mai 1932 in Br\u00fcnn. Die ersten sechs L\u00f6cher entstanden auf einem milit\u00e4rischen \u00dcbungsgel\u00e4nde. Nach der Zusammenarbeit mit dem Golfplatzarchitekten Ing. Josef Charv\u00e1t wurde der Golf Club Brno am 19. Oktober 1936 gegr\u00fcndet. Nach einer l\u00e4ngeren Pause in den 1960er Jahren nahm [&hellip;]","og_url":"https:\/\/fairway2hotel.at\/cs\/golfclubs\/tschechien\/gc-svratka-1932\/","og_site_name":"Fairway 2 Hotel","article_modified_time":"2025-12-03T16:41:37+00:00","twitter_card":"summary_large_image","twitter_misc":{"Odhadovan\u00e1 doba \u010dten\u00ed":"2 minuty"},"schema":{"@context":"https:\/\/schema.org","@graph":[{"@type":"WebPage","@id":"https:\/\/fairway2hotel.at\/cs\/golfclubs\/tschechien\/gc-svratka-1932\/","url":"https:\/\/fairway2hotel.at\/cs\/golfclubs\/tschechien\/gc-svratka-1932\/","name":"GC Svratka 1932 - Fairway 2 Hotel","isPartOf":{"@id":"https:\/\/fairway2hotel.at\/cs\/#website"},"datePublished":"2025-11-26T09:19:13+00:00","dateModified":"2025-12-03T16:41:37+00:00","breadcrumb":{"@id":"https:\/\/fairway2hotel.at\/cs\/golfclubs\/tschechien\/gc-svratka-1932\/#breadcrumb"},"inLanguage":"cs","potentialAction":[{"@type":"ReadAction","target":["https:\/\/fairway2hotel.at\/cs\/golfclubs\/tschechien\/gc-svratka-1932\/"]}]},{"@type":"BreadcrumbList","@id":"https:\/\/fairway2hotel.at\/cs\/golfclubs\/tschechien\/gc-svratka-1932\/#breadcrumb","itemListElement":[{"@type":"ListItem","position":1,"name":"Home","item":"https:\/\/fairway2hotel.at\/cs\/"},{"@type":"ListItem","position":2,"name":"Golfclubs","item":"https:\/\/fairway2hotel.at\/cs\/golfclubs\/"},{"@type":"ListItem","position":3,"name":"Golfclubs Tschechien","item":"https:\/\/fairway2hotel.at\/cs\/golfclubs\/tschechien\/"},{"@type":"ListItem","position":4,"name":"GC Svratka 1932"}]},{"@type":"WebSite","@id":"https:\/\/fairway2hotel.at\/cs\/#website","url":"https:\/\/fairway2hotel.at\/cs\/","name":"Fairway 2 Hotel","description":"Golf zum halben Preis! 2 spielen - 1 zahlt","potentialAction":[{"@type":"SearchAction","target":{"@type":"EntryPoint","urlTemplate":"https:\/\/fairway2hotel.at\/cs\/?s={search_term_string}"},"query-input":{"@type":"PropertyValueSpecification","valueRequired":true,"valueName":"search_term_string"}}],"inLanguage":"cs"}]}},"_links":{"self":[{"href":"https:\/\/fairway2hotel.at\/cs\/wp-json\/wp\/v2\/pages\/50640","targetHints":{"allow":["GET"]}}],"collection":[{"href":"https:\/\/fairway2hotel.at\/cs\/wp-json\/wp\/v2\/pages"}],"about":[{"href":"https:\/\/fairway2hotel.at\/cs\/wp-json\/wp\/v2\/types\/page"}],"author":[{"embeddable":true,"href":"https:\/\/fairway2hotel.at\/cs\/wp-json\/wp\/v2\/users\/24"}],"replies":[{"embeddable":true,"href":"https:\/\/fairway2hotel.at\/cs\/wp-json\/wp\/v2\/comments?post=50640"}],"version-history":[{"count":4,"href":"https:\/\/fairway2hotel.at\/cs\/wp-json\/wp\/v2\/pages\/50640\/revisions"}],"predecessor-version":[{"id":51158,"href":"https:\/\/fairway2hotel.at\/cs\/wp-json\/wp\/v2\/pages\/50640\/revisions\/51158"}],"up":[{"embeddable":true,"href":"https:\/\/fairway2hotel.at\/cs\/wp-json\/wp\/v2\/pages\/1707"}],"acf:attachment":[{"embeddable":true,"href":"https:\/\/fairway2hotel.at\/cs\/wp-json\/wp\/v2\/media\/50645"},{"embeddable":true,"href":"https:\/\/fairway2hotel.at\/cs\/wp-json\/wp\/v2\/media\/50651"},{"embeddable":true,"href":"https:\/\/fairway2hotel.at\/cs\/wp-json\/wp\/v2\/media\/50649"},{"embeddable":true,"href":"https:\/\/fairway2hotel.at\/cs\/wp-json\/wp\/v2\/media\/50647"}],"wp:attachment":[{"href":"https:\/\/fairway2hotel.at\/cs\/wp-json\/wp\/v2\/media?parent=50640"}],"curies":[{"name":"wp","href":"https:\/\/api.w.org\/{rel}","templated":true}]}}