{"id":52496,"date":"2026-02-02T10:05:46","date_gmt":"2026-02-02T09:05:46","guid":{"rendered":"https:\/\/fairway2hotel.at\/?page_id=52496"},"modified":"2026-04-13T12:55:30","modified_gmt":"2026-04-13T10:55:30","slug":"gc-la-margherita","status":"publish","type":"page","link":"https:\/\/fairway2hotel.at\/cs\/golfclubs\/italien\/gc-la-margherita\/","title":{"rendered":"GC La Margherita"},"content":{"rendered":"<h2>Golf Club La Margherita \u2013 ein Premium-Golfresort zwischen Turin und der Langhe<\/h2>\n<p>Der Golf Club La Margherita liegt etwas au\u00dferhalb von Turin und verbindet ein authentisches Golferlebnis mit dem Besten, was die Region zu bieten hat. Dieser Premium-Platz mit Par 72 wird sorgf\u00e4ltig gepflegt und ist so gestaltet, dass er jedem Spa\u00df macht \u2013 und gleichzeitig erfahrenen Golfern die Herausforderungen und Trainingsm\u00f6glichkeiten bietet, die sie suchen.<\/p>\n<p>Freuen Sie sich auf ein abwechslungsreiches, landschaftlich reizvolles und unterhaltsames Layout mit sehr schnellen Gr\u00fcns und erstklassigen Rasenbedingungen. Anf\u00e4nger und Spieler mit mittlerem Handicap werden die Spielbarkeit lieben, w\u00e4hrend Spieler mit niedrigem Handicap hier ihre Schlagauswahl, Genauigkeit und ihr Kursmanagement verbessern k\u00f6nnen. Nach Ihrer Runde wird das Clubhaus dank der neuen Bar-Restaurant-Pizzeria Lo Swing zu einem Teil des Erlebnisses: ein flexibles Speisekonzept, das jedem Gast gerecht wird \u2013 von Pizza bis zum \u00c0-la-carte-Men\u00fc \u2013, erg\u00e4nzt durch ma\u00dfgeschneiderte Aperitifs, individuelle Angebote und ein national anerkanntes Hospitality-Team.<\/p>\n<p>La Margherita ist auch ein ausgezeichneter Ort f\u00fcr Firmengruppen und Veranstaltungen: ein eleganter Tagungsraum mit bis zu 160 bequemen Theaterbestuhlung, grundlegender AV-Ausstattung und vollst\u00e4ndig anpassbaren Paketen, einschlie\u00dflich Begr\u00fc\u00dfungskaffee, Stehlunch und einer ma\u00dfgeschneiderten Golf-Erfahrung. Ideal gelegen f\u00fcr Reisende: 30 km von Alba, 45 km von Barolo, 75 km von Cuneo und 60 km vom Flughafen Turin-Caselle entfernt. In der N\u00e4he k\u00f6nnen Sie unvergessliche Weinproben in den H\u00fcgeln der Langhe und des Roero genie\u00dfen, entdecken Sie die pulsierende Stadt Turin und erreichen Sie sowohl die Berge als auch das Meer in etwa einer Stunde mit dem Auto.<\/p>\n<p>Wenn Sie \u00fcbernachten m\u00f6chten, profitieren Sie von Sonderkonditionen in unseren Partnerhotels Poggio Radicati (Saluzzo) und San Carlo Suite (Turin).<\/p>\n<p>&nbsp;<\/p>\n<h2>Golf Club La Margherita \u2013 a premium golf escape between Turin and the Langhe<\/h2>\n<p>Just outside Torino, Golf Club La Margherita blends a true golf experience with the best of the local territory. This Par 72 premium course is meticulously maintained and designed to be enjoyable for everyone\u2014while still offering the challenge and training value that experienced golfers look for.<\/p>\n<p>Expect a varied, scenic and fun layout, with very fast greens and top-level turf conditions. Beginners and mid-handicappers will love how playable it feels, while low handicappers can genuinely use it to sharpen shot selection, accuracy and course management. After your round, the clubhouse becomes part of the experience thanks to the new Bar\u2013Restaurant\u2013Pizzeria Lo Swing: a flexible dining concept that suits every guest\u2014from pizza to an \u00e0 la carte menu\u2014enhanced by tailor-made aperitifs, customised offers and a nationally recognised hospitality team.<\/p>\n<p>La Margherita is also an excellent venue for corporate groups and events: an elegant meeting room with up to 160 comfortable theatre-style seats, basic AV equipment, and fully customisable packages including welcome coffee, standing lunch and a bespoke Golf Experience. Ideally located for travellers: 30 km from Alba, 45 km from Barolo, 75 km from Cuneo, and 60 km from Aeroporto di Torino-Caselle. Nearby, enjoy unforgettable wine tastings in the Langhe and Roero hills, explore the vibrant city of Turin, and reach both the mountains and the sea in roughly one hour by car.<\/p>\n<p>If you wish to stay overnight, you can take advantage of special rates at our partner hotels Poggio Radicati (Saluzzo) and San Carlo Suite (Turin).<\/p>\n","protected":false},"excerpt":{"rendered":"<p>Golf Club La Margherita \u2013 ein Premium-Golfresort zwischen Turin und der Langhe Der Golf Club La Margherita liegt etwas au\u00dferhalb von Turin und verbindet ein authentisches Golferlebnis mit dem Besten, was die Region zu bieten hat. Dieser Premium-Platz mit Par 72 wird sorgf\u00e4ltig gepflegt und ist so gestaltet, dass er jedem Spa\u00df macht \u2013 und [&hellip;]<\/p>\n","protected":false},"author":24,"featured_media":0,"parent":1657,"menu_order":0,"comment_status":"closed","ping_status":"closed","template":"page-partner.php","meta":{"_acf_changed":false,"footnotes":""},"class_list":["post-52496","page","type-page","status-publish","hentry"],"acf":{"partner_infobox":"<strong>Adresse:\u00a0<\/strong>Via Jelenia Gora, 6, 48015 Milano Marittima, Cervia (RA)\r\n\r\n<strong>Tel:\u00a0<\/strong>+39 0544\/992786\r\n\r\n<strong>Web: <\/strong><a href=\"http:\/\/www.golfcervia.com\/\" target=\"_blank\" rel=\"nofollow noopener noreferrer\">www.golfcervia.com<\/a>\r\n\r\n<strong>E-Mail:<\/strong> <a href=\"mailto:info@golfcervia.com\">info@golfcervia.com<\/a>\r\n\r\n<strong>Spielbahnen: <\/strong>27\r\n\r\n<strong>La\u0308nge\/Par: <\/strong>\r\nRed Course Par 36 \u2013 gelb: 3.129 m\/rot: 2.684 m\r\nBlue Course Par 36 \u2013 gelb: 2.908 m\/rot: 2.504 m\r\nYellow Course Par 35 \u2013 gelb: 2.915 m\/rot: 2.507 m\r\n<div data-canvas-width=\"71.06344694875257\"><strong>Bedingungen:<\/strong><\/div>\r\n<div data-canvas-width=\"74.93502403157918\">Gutscheine einl\u00f6sbar vom 1. 10. bis 31. 3. von\u00a0MO\u2013FR, ausgenommen Feiertage!<\/div>\r\n<strong>Anfahrt:\r\n<\/strong>20 km su\u0308dlich von Ravenna","partner_logo":52544,"partner_gallery":[52501,52500,52497,52505,52498,52499,52502,52503,52504,52545],"partner_lat":44.89055979605564,"partner_long":7.958347543514864,"partner_type":"golfclub","partner_openings":["1","3","4","5","6","7"],"montag_von_bis":"00:00 - 24:00","dienstag_von_bis":"00:00 - 24:00","mittwoch_von_bis":"00:00 - 24:00","donnerstag_von_bis":"00:00 - 24:00","freitag_von_bis":"00:00 - 24:00","samstag_von_bis":"00:00 - 24:00","sonntag_von_bis":"00:00 - 24:00","partner_adresse":"Strada Provinciale 134, 10046  Carmagnola-Pralormo","partner_land_bundesland":"Italien","partner_tel_1":"+39 011 979 5113","partner_tel_2":"","partner_web":"https:\/\/www.golfclublamargherita.it","partner_mail":"segreteria@golfclublamargherita.it","partner_spielbahnen_par":"18\/72","partner_laenge":"Red Course Par 36 \u2013 gelb: 3.129 m\/rot: 2.684 m; Blue Course Par 36 \u2013 gelb: 2.908 m\/rot: 2.504 m; Yellow Course Par 35 \u2013 gelb: 2.915 m\/rot: 2.507 m","partner_bedingungen":"Dienstag Ruhetag","partner_anfahrt":"20 km su\u0308dlich von Ravenna","partner_misc":null,"additional_css_classes":""},"yoast_head":"<!-- This site is optimized with the Yoast SEO plugin v26.8 - https:\/\/yoast.com\/product\/yoast-seo-wordpress\/ -->\n<title>GC La Margherita - Fairway 2 Hotel<\/title>\n<meta name=\"robots\" content=\"index, follow, max-snippet:-1, max-image-preview:large, max-video-preview:-1\" \/>\n<link rel=\"canonical\" href=\"https:\/\/fairway2hotel.at\/cs\/golfclubs\/italien\/gc-la-margherita\/\" \/>\n<meta property=\"og:locale\" content=\"cs_CZ\" \/>\n<meta property=\"og:type\" content=\"article\" \/>\n<meta property=\"og:title\" content=\"GC La Margherita - Fairway 2 Hotel\" \/>\n<meta property=\"og:description\" content=\"Golf Club La Margherita \u2013 ein Premium-Golfresort zwischen Turin und der Langhe Der Golf Club La Margherita liegt etwas au\u00dferhalb von Turin und verbindet ein authentisches Golferlebnis mit dem Besten, was die Region zu bieten hat. Dieser Premium-Platz mit Par 72 wird sorgf\u00e4ltig gepflegt und ist so gestaltet, dass er jedem Spa\u00df macht \u2013 und [&hellip;]\" \/>\n<meta property=\"og:url\" content=\"https:\/\/fairway2hotel.at\/cs\/golfclubs\/italien\/gc-la-margherita\/\" \/>\n<meta property=\"og:site_name\" content=\"Fairway 2 Hotel\" \/>\n<meta property=\"article:modified_time\" content=\"2026-04-13T10:55:30+00:00\" \/>\n<meta name=\"twitter:card\" content=\"summary_large_image\" \/>\n<meta name=\"twitter:label1\" content=\"Odhadovan\u00e1 doba \u010dten\u00ed\" \/>\n\t<meta name=\"twitter:data1\" content=\"3 minuty\" \/>\n<script type=\"application\/ld+json\" class=\"yoast-schema-graph\">{\"@context\":\"https:\/\/schema.org\",\"@graph\":[{\"@type\":\"WebPage\",\"@id\":\"https:\/\/fairway2hotel.at\/cs\/golfclubs\/italien\/gc-la-margherita\/\",\"url\":\"https:\/\/fairway2hotel.at\/cs\/golfclubs\/italien\/gc-la-margherita\/\",\"name\":\"GC La Margherita - Fairway 2 Hotel\",\"isPartOf\":{\"@id\":\"https:\/\/fairway2hotel.at\/cs\/#website\"},\"datePublished\":\"2026-02-02T09:05:46+00:00\",\"dateModified\":\"2026-04-13T10:55:30+00:00\",\"breadcrumb\":{\"@id\":\"https:\/\/fairway2hotel.at\/cs\/golfclubs\/italien\/gc-la-margherita\/#breadcrumb\"},\"inLanguage\":\"cs\",\"potentialAction\":[{\"@type\":\"ReadAction\",\"target\":[\"https:\/\/fairway2hotel.at\/cs\/golfclubs\/italien\/gc-la-margherita\/\"]}]},{\"@type\":\"BreadcrumbList\",\"@id\":\"https:\/\/fairway2hotel.at\/cs\/golfclubs\/italien\/gc-la-margherita\/#breadcrumb\",\"itemListElement\":[{\"@type\":\"ListItem\",\"position\":1,\"name\":\"Home\",\"item\":\"https:\/\/fairway2hotel.at\/cs\/\"},{\"@type\":\"ListItem\",\"position\":2,\"name\":\"Golfclubs\",\"item\":\"https:\/\/fairway2hotel.at\/cs\/golfclubs\/\"},{\"@type\":\"ListItem\",\"position\":3,\"name\":\"Golfclubs Italien\",\"item\":\"https:\/\/fairway2hotel.at\/cs\/golfclubs\/italien\/\"},{\"@type\":\"ListItem\",\"position\":4,\"name\":\"GC La Margherita\"}]},{\"@type\":\"WebSite\",\"@id\":\"https:\/\/fairway2hotel.at\/cs\/#website\",\"url\":\"https:\/\/fairway2hotel.at\/cs\/\",\"name\":\"Fairway 2 Hotel\",\"description\":\"Golf zum halben Preis! 2 spielen - 1 zahlt\",\"potentialAction\":[{\"@type\":\"SearchAction\",\"target\":{\"@type\":\"EntryPoint\",\"urlTemplate\":\"https:\/\/fairway2hotel.at\/cs\/?s={search_term_string}\"},\"query-input\":{\"@type\":\"PropertyValueSpecification\",\"valueRequired\":true,\"valueName\":\"search_term_string\"}}],\"inLanguage\":\"cs\"}]}<\/script>\n<!-- \/ Yoast SEO plugin. -->","yoast_head_json":{"title":"GC La Margherita - Fairway 2 Hotel","robots":{"index":"index","follow":"follow","max-snippet":"max-snippet:-1","max-image-preview":"max-image-preview:large","max-video-preview":"max-video-preview:-1"},"canonical":"https:\/\/fairway2hotel.at\/cs\/golfclubs\/italien\/gc-la-margherita\/","og_locale":"cs_CZ","og_type":"article","og_title":"GC La Margherita - Fairway 2 Hotel","og_description":"Golf Club La Margherita \u2013 ein Premium-Golfresort zwischen Turin und der Langhe Der Golf Club La Margherita liegt etwas au\u00dferhalb von Turin und verbindet ein authentisches Golferlebnis mit dem Besten, was die Region zu bieten hat. Dieser Premium-Platz mit Par 72 wird sorgf\u00e4ltig gepflegt und ist so gestaltet, dass er jedem Spa\u00df macht \u2013 und [&hellip;]","og_url":"https:\/\/fairway2hotel.at\/cs\/golfclubs\/italien\/gc-la-margherita\/","og_site_name":"Fairway 2 Hotel","article_modified_time":"2026-04-13T10:55:30+00:00","twitter_card":"summary_large_image","twitter_misc":{"Odhadovan\u00e1 doba \u010dten\u00ed":"3 minuty"},"schema":{"@context":"https:\/\/schema.org","@graph":[{"@type":"WebPage","@id":"https:\/\/fairway2hotel.at\/cs\/golfclubs\/italien\/gc-la-margherita\/","url":"https:\/\/fairway2hotel.at\/cs\/golfclubs\/italien\/gc-la-margherita\/","name":"GC La Margherita - Fairway 2 Hotel","isPartOf":{"@id":"https:\/\/fairway2hotel.at\/cs\/#website"},"datePublished":"2026-02-02T09:05:46+00:00","dateModified":"2026-04-13T10:55:30+00:00","breadcrumb":{"@id":"https:\/\/fairway2hotel.at\/cs\/golfclubs\/italien\/gc-la-margherita\/#breadcrumb"},"inLanguage":"cs","potentialAction":[{"@type":"ReadAction","target":["https:\/\/fairway2hotel.at\/cs\/golfclubs\/italien\/gc-la-margherita\/"]}]},{"@type":"BreadcrumbList","@id":"https:\/\/fairway2hotel.at\/cs\/golfclubs\/italien\/gc-la-margherita\/#breadcrumb","itemListElement":[{"@type":"ListItem","position":1,"name":"Home","item":"https:\/\/fairway2hotel.at\/cs\/"},{"@type":"ListItem","position":2,"name":"Golfclubs","item":"https:\/\/fairway2hotel.at\/cs\/golfclubs\/"},{"@type":"ListItem","position":3,"name":"Golfclubs Italien","item":"https:\/\/fairway2hotel.at\/cs\/golfclubs\/italien\/"},{"@type":"ListItem","position":4,"name":"GC La Margherita"}]},{"@type":"WebSite","@id":"https:\/\/fairway2hotel.at\/cs\/#website","url":"https:\/\/fairway2hotel.at\/cs\/","name":"Fairway 2 Hotel","description":"Golf zum halben Preis! 2 spielen - 1 zahlt","potentialAction":[{"@type":"SearchAction","target":{"@type":"EntryPoint","urlTemplate":"https:\/\/fairway2hotel.at\/cs\/?s={search_term_string}"},"query-input":{"@type":"PropertyValueSpecification","valueRequired":true,"valueName":"search_term_string"}}],"inLanguage":"cs"}]}},"_links":{"self":[{"href":"https:\/\/fairway2hotel.at\/cs\/wp-json\/wp\/v2\/pages\/52496","targetHints":{"allow":["GET"]}}],"collection":[{"href":"https:\/\/fairway2hotel.at\/cs\/wp-json\/wp\/v2\/pages"}],"about":[{"href":"https:\/\/fairway2hotel.at\/cs\/wp-json\/wp\/v2\/types\/page"}],"author":[{"embeddable":true,"href":"https:\/\/fairway2hotel.at\/cs\/wp-json\/wp\/v2\/users\/24"}],"replies":[{"embeddable":true,"href":"https:\/\/fairway2hotel.at\/cs\/wp-json\/wp\/v2\/comments?post=52496"}],"version-history":[{"count":5,"href":"https:\/\/fairway2hotel.at\/cs\/wp-json\/wp\/v2\/pages\/52496\/revisions"}],"predecessor-version":[{"id":53767,"href":"https:\/\/fairway2hotel.at\/cs\/wp-json\/wp\/v2\/pages\/52496\/revisions\/53767"}],"up":[{"embeddable":true,"href":"https:\/\/fairway2hotel.at\/cs\/wp-json\/wp\/v2\/pages\/1657"}],"acf:attachment":[{"embeddable":true,"href":"https:\/\/fairway2hotel.at\/cs\/wp-json\/wp\/v2\/media\/52545"},{"embeddable":true,"href":"https:\/\/fairway2hotel.at\/cs\/wp-json\/wp\/v2\/media\/52504"},{"embeddable":true,"href":"https:\/\/fairway2hotel.at\/cs\/wp-json\/wp\/v2\/media\/52503"},{"embeddable":true,"href":"https:\/\/fairway2hotel.at\/cs\/wp-json\/wp\/v2\/media\/52502"},{"embeddable":true,"href":"https:\/\/fairway2hotel.at\/cs\/wp-json\/wp\/v2\/media\/52499"},{"embeddable":true,"href":"https:\/\/fairway2hotel.at\/cs\/wp-json\/wp\/v2\/media\/52498"},{"embeddable":true,"href":"https:\/\/fairway2hotel.at\/cs\/wp-json\/wp\/v2\/media\/52505"},{"embeddable":true,"href":"https:\/\/fairway2hotel.at\/cs\/wp-json\/wp\/v2\/media\/52497"},{"embeddable":true,"href":"https:\/\/fairway2hotel.at\/cs\/wp-json\/wp\/v2\/media\/52500"},{"embeddable":true,"href":"https:\/\/fairway2hotel.at\/cs\/wp-json\/wp\/v2\/media\/52501"}],"wp:attachment":[{"href":"https:\/\/fairway2hotel.at\/cs\/wp-json\/wp\/v2\/media?parent=52496"}],"curies":[{"name":"wp","href":"https:\/\/api.w.org\/{rel}","templated":true}]}}