{"id":556,"date":"2010-10-16T18:32:36","date_gmt":"2010-10-16T16:32:36","guid":{"rendered":"https:\/\/f2h.app\/jacques-lemans-golfclub-stveit-laengsee\/"},"modified":"2025-03-29T16:55:01","modified_gmt":"2025-03-29T15:55:01","slug":"jacques-lemans-golfclub-stveit-laengsee","status":"publish","type":"page","link":"https:\/\/fairway2hotel.at\/cs\/golfclubs\/kaernten\/jacques-lemans-golfclub-stveit-laengsee\/","title":{"rendered":"GC Jacques Lemans Golfclub St.Veit-L\u00e4ngsee"},"content":{"rendered":"<h2>So jung und schon ausgezeichnet<\/h2>\n<p>In seinem zweiten Bestandsjahr ausgezeichnet mit dem Golfrevue-Award 2009 als \u201eBeste neue Golfanlage in \u00d6sterreich\u201c war der Golfclub St. Veit-L\u00e4ngsee bereits Austragungsort f\u00fcr internationale und \u00f6sterreichische Meisterschaften. Die lang gezogenen sanften Gel\u00e4ndekonturen, gepaart mit trickreichen Roughs, machen diese park\u00e4hnliche Golfanlage zu einer \u00fcberraschend anspruchsvollen Herausforderung f\u00fcr Golfer jeder Spielst\u00e4rke. All dies inmitten der Mittelk\u00e4rntner H\u00fcgellandschaft und direkt neben dem kristallklaren L\u00e4ngsee.<\/p>\n<h2>So young and already award-winning<\/h2>\n<p>In its second year of existence, the St. Veit-L\u00e4ngsee Golf Club was awarded the 2009 Golfrevue Award for \u201cBest New Golf Course in Austria\u201d and has already hosted international and Austrian championships. The long, gentle contours of the terrain, coupled with tricky roughs, make this park-like golf course a surprisingly demanding challenge for golfers of all abilities. All this in the midst of the hilly landscape of Central Carinthia and right next to the crystal-clear L\u00e4ngsee lake.<\/p>\n","protected":false},"excerpt":{"rendered":"<p>So jung und schon ausgezeichnet In seinem zweiten Bestandsjahr ausgezeichnet mit dem Golfrevue-Award 2009 als \u201eBeste neue Golfanlage in \u00d6sterreich\u201c war der Golfclub St. Veit-L\u00e4ngsee bereits Austragungsort f\u00fcr internationale und \u00f6sterreichische Meisterschaften. Die lang gezogenen sanften Gel\u00e4ndekonturen, gepaart mit trickreichen Roughs, machen diese park\u00e4hnliche Golfanlage zu einer \u00fcberraschend anspruchsvollen Herausforderung f\u00fcr Golfer jeder Spielst\u00e4rke. All [&hellip;]<\/p>\n","protected":false},"author":1,"featured_media":0,"parent":1579,"menu_order":15,"comment_status":"closed","ping_status":"closed","template":"page-partner.php","meta":{"_acf_changed":false,"footnotes":""},"class_list":["post-556","page","type-page","status-publish","hentry"],"acf":{"partner_infobox":"<strong>Adresse:\u00a0<\/strong>Unterlatschach 25, A-9313 St. Georgen am L\u00e4ngsee\r\n\r\n<strong>Tel:\u00a0<\/strong>04213\/4141-30\r\n\r\n<strong>Fax:\u00a0<\/strong>04213\/4141-330\r\n\r\n<strong>Web: <\/strong><a href=\"http:\/\/www.golfstveit.at\" target=\"_blank\" rel=\"nofollow noopener\">www.golfstveit.at<\/a>\r\n\r\n<strong>E-Mail:<\/strong> <a href=\"mailto:office@golfstveit.at\">office@golfstveit.at<\/a>\r\n\r\n<strong>Spielbahnen\/Par: <\/strong>18\/72\r\n\r\n<strong>La\u0308nge: <\/strong>gelb: 6.017m \/ rot: 5.306m\r\n\r\n<strong>Anfahrt:\r\n<\/strong>Von Klagenfurt \u2192 S37 \u2192 Abfahrt St. Georgen\/L\u00e4ngsee [Exit 281] \u2192 L\u00e4ngseestra\u00dfe L84 \u2192 Bernaich ca. 1,5 km zum Golfplatz. Von Wien \u2192 S37 \u2192 Abfahrt St. Georgen\/L\u00e4ngsee [Exit 281] \u2192 L\u00e4ngseestra\u00dfe L84 \u2192 Bernaich ca. 1,5 km zum Golfplatz.","partner_logo":555,"partner_gallery":[554,47149,47151],"partner_lat":46.78665,"partner_long":14.41917,"partner_type":"golfclub","partner_openings":["1","2","3","4","5","6","7"],"montag_von_bis":"00:00 - 24:00","dienstag_von_bis":"00:00 - 24:00","mittwoch_von_bis":"00:00 - 24:00","donnerstag_von_bis":"00:00 - 24:00","freitag_von_bis":"00:00 - 24:00","samstag_von_bis":"00:00 - 24:00","sonntag_von_bis":"00:00 - 24:00","partner_adresse":"Unterlatschach 25, 9313 St. Georgen am L\u00e4ngsee","partner_land_bundesland":"K\u00e4rnten","partner_tel_1":"0043 4213 4141 330","partner_tel_2":"0043 4213 4141 30","partner_web":"http:\/\/www.golfstveit.at","partner_mail":"office@golfstveit.at","partner_spielbahnen_par":"18\/72","partner_laenge":"gelb: 6.017m \/ rot: 5.306m","partner_bedingungen":"","partner_anfahrt":"Von Klagenfurt \u2192 S37 \u2192 Abfahrt St. Georgen\/L\u00e4ngsee [Exit 281] \u2192 L\u00e4ngseestra\u00dfe L84 \u2192 Bernaich ca. 1,5 km zum Golfplatz. Von Wien \u2192 S37 \u2192 Abfahrt St. Georgen\/L\u00e4ngsee [Exit 281] \u2192 L\u00e4ngseestra\u00dfe L84 \u2192 Bernaich ca. 1,5 km zum Golfplatz.","partner_misc":null,"additional_css_classes":""},"yoast_head":"<!-- This site is optimized with the Yoast SEO plugin v26.8 - https:\/\/yoast.com\/product\/yoast-seo-wordpress\/ -->\n<title>GC Jacques Lemans Golfclub St.Veit-L\u00e4ngsee - Fairway 2 Hotel<\/title>\n<meta name=\"robots\" content=\"index, follow, max-snippet:-1, max-image-preview:large, max-video-preview:-1\" \/>\n<link rel=\"canonical\" href=\"https:\/\/fairway2hotel.at\/cs\/golfclubs\/kaernten\/jacques-lemans-golfclub-stveit-laengsee\/\" \/>\n<meta property=\"og:locale\" content=\"cs_CZ\" \/>\n<meta property=\"og:type\" content=\"article\" \/>\n<meta property=\"og:title\" content=\"GC Jacques Lemans Golfclub St.Veit-L\u00e4ngsee - Fairway 2 Hotel\" \/>\n<meta property=\"og:description\" content=\"So jung und schon ausgezeichnet In seinem zweiten Bestandsjahr ausgezeichnet mit dem Golfrevue-Award 2009 als \u201eBeste neue Golfanlage in \u00d6sterreich\u201c war der Golfclub St. Veit-L\u00e4ngsee bereits Austragungsort f\u00fcr internationale und \u00f6sterreichische Meisterschaften. Die lang gezogenen sanften Gel\u00e4ndekonturen, gepaart mit trickreichen Roughs, machen diese park\u00e4hnliche Golfanlage zu einer \u00fcberraschend anspruchsvollen Herausforderung f\u00fcr Golfer jeder Spielst\u00e4rke. All [&hellip;]\" \/>\n<meta property=\"og:url\" content=\"https:\/\/fairway2hotel.at\/cs\/golfclubs\/kaernten\/jacques-lemans-golfclub-stveit-laengsee\/\" \/>\n<meta property=\"og:site_name\" content=\"Fairway 2 Hotel\" \/>\n<meta property=\"article:modified_time\" content=\"2025-03-29T15:55:01+00:00\" \/>\n<meta name=\"twitter:card\" content=\"summary_large_image\" \/>\n<meta name=\"twitter:label1\" content=\"Odhadovan\u00e1 doba \u010dten\u00ed\" \/>\n\t<meta name=\"twitter:data1\" content=\"1 minuta\" \/>\n<script type=\"application\/ld+json\" class=\"yoast-schema-graph\">{\"@context\":\"https:\/\/schema.org\",\"@graph\":[{\"@type\":\"WebPage\",\"@id\":\"https:\/\/fairway2hotel.at\/cs\/golfclubs\/kaernten\/jacques-lemans-golfclub-stveit-laengsee\/\",\"url\":\"https:\/\/fairway2hotel.at\/cs\/golfclubs\/kaernten\/jacques-lemans-golfclub-stveit-laengsee\/\",\"name\":\"GC Jacques Lemans Golfclub St.Veit-L\u00e4ngsee - Fairway 2 Hotel\",\"isPartOf\":{\"@id\":\"https:\/\/fairway2hotel.at\/cs\/#website\"},\"datePublished\":\"2010-10-16T16:32:36+00:00\",\"dateModified\":\"2025-03-29T15:55:01+00:00\",\"breadcrumb\":{\"@id\":\"https:\/\/fairway2hotel.at\/cs\/golfclubs\/kaernten\/jacques-lemans-golfclub-stveit-laengsee\/#breadcrumb\"},\"inLanguage\":\"cs\",\"potentialAction\":[{\"@type\":\"ReadAction\",\"target\":[\"https:\/\/fairway2hotel.at\/cs\/golfclubs\/kaernten\/jacques-lemans-golfclub-stveit-laengsee\/\"]}]},{\"@type\":\"BreadcrumbList\",\"@id\":\"https:\/\/fairway2hotel.at\/cs\/golfclubs\/kaernten\/jacques-lemans-golfclub-stveit-laengsee\/#breadcrumb\",\"itemListElement\":[{\"@type\":\"ListItem\",\"position\":1,\"name\":\"Home\",\"item\":\"https:\/\/fairway2hotel.at\/cs\/\"},{\"@type\":\"ListItem\",\"position\":2,\"name\":\"Golfclubs\",\"item\":\"https:\/\/fairway2hotel.at\/cs\/golfclubs\/\"},{\"@type\":\"ListItem\",\"position\":3,\"name\":\"Golfclubs K\u00e4rnten\",\"item\":\"https:\/\/fairway2hotel.at\/cs\/golfclubs\/kaernten\/\"},{\"@type\":\"ListItem\",\"position\":4,\"name\":\"GC Jacques Lemans Golfclub St.Veit-L\u00e4ngsee\"}]},{\"@type\":\"WebSite\",\"@id\":\"https:\/\/fairway2hotel.at\/cs\/#website\",\"url\":\"https:\/\/fairway2hotel.at\/cs\/\",\"name\":\"Fairway 2 Hotel\",\"description\":\"Golf zum halben Preis! 2 spielen - 1 zahlt\",\"potentialAction\":[{\"@type\":\"SearchAction\",\"target\":{\"@type\":\"EntryPoint\",\"urlTemplate\":\"https:\/\/fairway2hotel.at\/cs\/?s={search_term_string}\"},\"query-input\":{\"@type\":\"PropertyValueSpecification\",\"valueRequired\":true,\"valueName\":\"search_term_string\"}}],\"inLanguage\":\"cs\"}]}<\/script>\n<!-- \/ Yoast SEO plugin. -->","yoast_head_json":{"title":"GC Jacques Lemans Golfclub St.Veit-L\u00e4ngsee - Fairway 2 Hotel","robots":{"index":"index","follow":"follow","max-snippet":"max-snippet:-1","max-image-preview":"max-image-preview:large","max-video-preview":"max-video-preview:-1"},"canonical":"https:\/\/fairway2hotel.at\/cs\/golfclubs\/kaernten\/jacques-lemans-golfclub-stveit-laengsee\/","og_locale":"cs_CZ","og_type":"article","og_title":"GC Jacques Lemans Golfclub St.Veit-L\u00e4ngsee - Fairway 2 Hotel","og_description":"So jung und schon ausgezeichnet In seinem zweiten Bestandsjahr ausgezeichnet mit dem Golfrevue-Award 2009 als \u201eBeste neue Golfanlage in \u00d6sterreich\u201c war der Golfclub St. Veit-L\u00e4ngsee bereits Austragungsort f\u00fcr internationale und \u00f6sterreichische Meisterschaften. Die lang gezogenen sanften Gel\u00e4ndekonturen, gepaart mit trickreichen Roughs, machen diese park\u00e4hnliche Golfanlage zu einer \u00fcberraschend anspruchsvollen Herausforderung f\u00fcr Golfer jeder Spielst\u00e4rke. All [&hellip;]","og_url":"https:\/\/fairway2hotel.at\/cs\/golfclubs\/kaernten\/jacques-lemans-golfclub-stveit-laengsee\/","og_site_name":"Fairway 2 Hotel","article_modified_time":"2025-03-29T15:55:01+00:00","twitter_card":"summary_large_image","twitter_misc":{"Odhadovan\u00e1 doba \u010dten\u00ed":"1 minuta"},"schema":{"@context":"https:\/\/schema.org","@graph":[{"@type":"WebPage","@id":"https:\/\/fairway2hotel.at\/cs\/golfclubs\/kaernten\/jacques-lemans-golfclub-stveit-laengsee\/","url":"https:\/\/fairway2hotel.at\/cs\/golfclubs\/kaernten\/jacques-lemans-golfclub-stveit-laengsee\/","name":"GC Jacques Lemans Golfclub St.Veit-L\u00e4ngsee - Fairway 2 Hotel","isPartOf":{"@id":"https:\/\/fairway2hotel.at\/cs\/#website"},"datePublished":"2010-10-16T16:32:36+00:00","dateModified":"2025-03-29T15:55:01+00:00","breadcrumb":{"@id":"https:\/\/fairway2hotel.at\/cs\/golfclubs\/kaernten\/jacques-lemans-golfclub-stveit-laengsee\/#breadcrumb"},"inLanguage":"cs","potentialAction":[{"@type":"ReadAction","target":["https:\/\/fairway2hotel.at\/cs\/golfclubs\/kaernten\/jacques-lemans-golfclub-stveit-laengsee\/"]}]},{"@type":"BreadcrumbList","@id":"https:\/\/fairway2hotel.at\/cs\/golfclubs\/kaernten\/jacques-lemans-golfclub-stveit-laengsee\/#breadcrumb","itemListElement":[{"@type":"ListItem","position":1,"name":"Home","item":"https:\/\/fairway2hotel.at\/cs\/"},{"@type":"ListItem","position":2,"name":"Golfclubs","item":"https:\/\/fairway2hotel.at\/cs\/golfclubs\/"},{"@type":"ListItem","position":3,"name":"Golfclubs K\u00e4rnten","item":"https:\/\/fairway2hotel.at\/cs\/golfclubs\/kaernten\/"},{"@type":"ListItem","position":4,"name":"GC Jacques Lemans Golfclub St.Veit-L\u00e4ngsee"}]},{"@type":"WebSite","@id":"https:\/\/fairway2hotel.at\/cs\/#website","url":"https:\/\/fairway2hotel.at\/cs\/","name":"Fairway 2 Hotel","description":"Golf zum halben Preis! 2 spielen - 1 zahlt","potentialAction":[{"@type":"SearchAction","target":{"@type":"EntryPoint","urlTemplate":"https:\/\/fairway2hotel.at\/cs\/?s={search_term_string}"},"query-input":{"@type":"PropertyValueSpecification","valueRequired":true,"valueName":"search_term_string"}}],"inLanguage":"cs"}]}},"_links":{"self":[{"href":"https:\/\/fairway2hotel.at\/cs\/wp-json\/wp\/v2\/pages\/556","targetHints":{"allow":["GET"]}}],"collection":[{"href":"https:\/\/fairway2hotel.at\/cs\/wp-json\/wp\/v2\/pages"}],"about":[{"href":"https:\/\/fairway2hotel.at\/cs\/wp-json\/wp\/v2\/types\/page"}],"author":[{"embeddable":true,"href":"https:\/\/fairway2hotel.at\/cs\/wp-json\/wp\/v2\/users\/1"}],"replies":[{"embeddable":true,"href":"https:\/\/fairway2hotel.at\/cs\/wp-json\/wp\/v2\/comments?post=556"}],"version-history":[{"count":8,"href":"https:\/\/fairway2hotel.at\/cs\/wp-json\/wp\/v2\/pages\/556\/revisions"}],"predecessor-version":[{"id":47153,"href":"https:\/\/fairway2hotel.at\/cs\/wp-json\/wp\/v2\/pages\/556\/revisions\/47153"}],"up":[{"embeddable":true,"href":"https:\/\/fairway2hotel.at\/cs\/wp-json\/wp\/v2\/pages\/1579"}],"acf:attachment":[{"embeddable":true,"href":"https:\/\/fairway2hotel.at\/cs\/wp-json\/wp\/v2\/media\/47151"},{"embeddable":true,"href":"https:\/\/fairway2hotel.at\/cs\/wp-json\/wp\/v2\/media\/47149"},{"embeddable":true,"href":"https:\/\/fairway2hotel.at\/cs\/wp-json\/wp\/v2\/media\/554"}],"wp:attachment":[{"href":"https:\/\/fairway2hotel.at\/cs\/wp-json\/wp\/v2\/media?parent=556"}],"curies":[{"name":"wp","href":"https:\/\/api.w.org\/{rel}","templated":true}]}}