{"id":573,"date":"2010-10-16T19:20:44","date_gmt":"2010-10-16T17:20:44","guid":{"rendered":"https:\/\/f2h.app\/golfclub-zugspitze-tirol\/"},"modified":"2025-03-29T17:39:44","modified_gmt":"2025-03-29T16:39:44","slug":"golfclub-zugspitze-tirol","status":"publish","type":"page","link":"https:\/\/fairway2hotel.at\/cs\/golfclubs\/tirol\/golfclub-zugspitze-tirol\/","title":{"rendered":"GC Zugspitze-Tirol"},"content":{"rendered":"<h2>GC Tiroler Zugspitze \u2013 Abschla\u0308ge im Anblick der Zugspitze<\/h2>\n<p>Am Fu\u00dfe des atemberaubenden Wettersteinmassivs, zwischen Ehrwald und Lermoos, begru\u0308\u00dft Sie der GC Tiroler Zugspitze mit einem der scho\u0308nsten 9-Loch-Golfpla\u0308tze O\u0308sterreichs. Der auf ca. 1.000 m Seeho\u0308he liegende Golfplatz bietet Ihnen gro\u00dfzu\u0308gig angelegte Spielbahnen, welche idyllisch in das flache Talbecken eingebettet sind. Golferinnen und Golfer finden einen Mix aus Par 3-, Par 4- und Par 5-Lo\u0308chern vor. Auch eine gro\u00dfzu\u0308gige Driving Range, Putting-, Chipping- und Pitchinggreen sowie zwei Sandbunker sind vorhanden. Das Clubhaus in Form eines Golfballes und exklusiv ausgestattete Garderoben inkl. Duschen komplettieren den Service. Das Restaurant Golfino im Clubhaus la\u0308dt mit seiner Sonnenterrasse nach einer Golfrunde zum Verweilen ein. Serviert werden Tiroler Spezialita\u0308ten mit Akzenten aus aller Herren La\u0308nder.<\/p>\n<h2>GC Tiroler Zugspitze &#8211; tee off in front of the Zugspitze<\/h2>\n<p>At the foot of the breathtaking Wetterstein massif, between Ehrwald and Lermoos, the GC Tiroler Zugspitze welcomes you with one of the most beautiful 9-hole golf courses in Austria. The golf course, situated at around 1,000 m above sea level, offers you generously laid out fairways that are idyllically embedded in the flat valley basin. Golfers will find a mix of par 3, par 4 and par 5 holes. There is also a spacious driving range, putting, chipping and pitching green and two sand bunkers. The clubhouse in the shape of a golf ball and exclusively equipped checkrooms including showers complete the service. The Golfino restaurant in the clubhouse with its sun terrace invites you to linger after a round of golf. Tyrolean specialties with accents from all over the world are served.<\/p>\n","protected":false},"excerpt":{"rendered":"<p>GC Tiroler Zugspitze \u2013 Abschla\u0308ge im Anblick der Zugspitze Am Fu\u00dfe des atemberaubenden Wettersteinmassivs, zwischen Ehrwald und Lermoos, begru\u0308\u00dft Sie der GC Tiroler Zugspitze mit einem der scho\u0308nsten 9-Loch-Golfpla\u0308tze O\u0308sterreichs. Der auf ca. 1.000 m Seeho\u0308he liegende Golfplatz bietet Ihnen gro\u00dfzu\u0308gig angelegte Spielbahnen, welche idyllisch in das flache Talbecken eingebettet sind. Golferinnen und Golfer finden [&hellip;]<\/p>\n","protected":false},"author":1,"featured_media":0,"parent":1592,"menu_order":45,"comment_status":"closed","ping_status":"closed","template":"page-partner.php","meta":{"_acf_changed":false,"footnotes":""},"class_list":["post-573","page","type-page","status-publish","hentry"],"acf":{"partner_infobox":"<strong>Adresse:\u00a0<\/strong>Am Rettensee 1, A-6632 Ehrwald\r\n\r\n<strong>Tel:\u00a0<\/strong>+43 (0) 5673\/ 22 3 66\r\n\r\n<strong>Fax:\u00a0<\/strong>+43 (0) 5673\/ 22 3 66 4\r\n\r\n<strong>Web: <\/strong><a href=\"http:\/\/www.tiroler-zugspitzgolf.at\" target=\"_blank\" rel=\"nofollow noopener noreferrer\">www.tiroler-zugspitzgolf.at<\/a>\r\n\r\n<strong>E-Mail:<\/strong> <a href=\"mailto:info@tiroler-zugspitzgolf.at\">info@tiroler-zugspitzgolf.at<\/a>\r\n\r\n<strong>Spielbahnen\/Par: <\/strong>9\/72\r\n\r\n<strong>La\u0308nge: <\/strong>gelb: 5.990 m\/rot: 5.136 m\r\n\r\n<strong>Anfahrt:\r\n<\/strong>von Garmisch (D): (18 km) alte Grenze bei Griesen, vor Ehrwald rechts\/von Reutte (A): (23 km) Lermoos-Richtung Ehrwald\/ von Innsbruck (A): (70 km) Inntalautobahn \u2013 Ausfahrt M\u00f6tz \u2013 Fernpass \u2013 Ehrwald","partner_logo":3644,"partner_gallery":[571,47194,47196],"partner_lat":47.40657,"partner_long":10.90378,"partner_type":"golfclub","partner_openings":["1","2","3","4","5","6","7"],"montag_von_bis":"00:00 - 24:00","dienstag_von_bis":"00:00 - 24:00","mittwoch_von_bis":"00:00 - 24:00","donnerstag_von_bis":"00:00 - 24:00","freitag_von_bis":"00:00 - 24:00","samstag_von_bis":"00:00 - 24:00","sonntag_von_bis":"00:00 - 24:00","partner_adresse":"Am Rettensee 1, 6632 Ehrwald","partner_land_bundesland":"Tirol","partner_tel_1":"0043 5673 223664","partner_tel_2":"0043 5673 22 3 66","partner_web":"http:\/\/www.tiroler-zugspitzgolf.at","partner_mail":"info@tiroler-zugspitzgolf.at","partner_spielbahnen_par":"9\/72","partner_laenge":"gelb: 5.990 m\/rot: 5.136 m","partner_bedingungen":"","partner_anfahrt":"von Garmisch (D): (18 km) alte Grenze bei Griesen, vor Ehrwald rechts\/von Reutte (A): (23 km) Lermoos-Richtung Ehrwald\/ von Innsbruck (A): (70 km) Inntalautobahn \u2013 Ausfahrt M\u00f6tz \u2013 Fernpass \u2013 Ehrwald","partner_misc":null,"additional_css_classes":""},"yoast_head":"<!-- This site is optimized with the Yoast SEO plugin v26.8 - https:\/\/yoast.com\/product\/yoast-seo-wordpress\/ -->\n<title>GC Zugspitze-Tirol - Fairway 2 Hotel<\/title>\n<meta name=\"robots\" content=\"index, follow, max-snippet:-1, max-image-preview:large, max-video-preview:-1\" \/>\n<link rel=\"canonical\" href=\"https:\/\/fairway2hotel.at\/cs\/golfclubs\/tirol\/golfclub-zugspitze-tirol\/\" \/>\n<meta property=\"og:locale\" content=\"cs_CZ\" \/>\n<meta property=\"og:type\" content=\"article\" \/>\n<meta property=\"og:title\" content=\"GC Zugspitze-Tirol - Fairway 2 Hotel\" \/>\n<meta property=\"og:description\" content=\"GC Tiroler Zugspitze \u2013 Abschla\u0308ge im Anblick der Zugspitze Am Fu\u00dfe des atemberaubenden Wettersteinmassivs, zwischen Ehrwald und Lermoos, begru\u0308\u00dft Sie der GC Tiroler Zugspitze mit einem der scho\u0308nsten 9-Loch-Golfpla\u0308tze O\u0308sterreichs. Der auf ca. 1.000 m Seeho\u0308he liegende Golfplatz bietet Ihnen gro\u00dfzu\u0308gig angelegte Spielbahnen, welche idyllisch in das flache Talbecken eingebettet sind. Golferinnen und Golfer finden [&hellip;]\" \/>\n<meta property=\"og:url\" content=\"https:\/\/fairway2hotel.at\/cs\/golfclubs\/tirol\/golfclub-zugspitze-tirol\/\" \/>\n<meta property=\"og:site_name\" content=\"Fairway 2 Hotel\" \/>\n<meta property=\"article:modified_time\" content=\"2025-03-29T16:39:44+00:00\" \/>\n<meta name=\"twitter:card\" content=\"summary_large_image\" \/>\n<meta name=\"twitter:label1\" content=\"Odhadovan\u00e1 doba \u010dten\u00ed\" \/>\n\t<meta name=\"twitter:data1\" content=\"2 minuty\" \/>\n<script type=\"application\/ld+json\" class=\"yoast-schema-graph\">{\"@context\":\"https:\/\/schema.org\",\"@graph\":[{\"@type\":\"WebPage\",\"@id\":\"https:\/\/fairway2hotel.at\/cs\/golfclubs\/tirol\/golfclub-zugspitze-tirol\/\",\"url\":\"https:\/\/fairway2hotel.at\/cs\/golfclubs\/tirol\/golfclub-zugspitze-tirol\/\",\"name\":\"GC Zugspitze-Tirol - Fairway 2 Hotel\",\"isPartOf\":{\"@id\":\"https:\/\/fairway2hotel.at\/cs\/#website\"},\"datePublished\":\"2010-10-16T17:20:44+00:00\",\"dateModified\":\"2025-03-29T16:39:44+00:00\",\"breadcrumb\":{\"@id\":\"https:\/\/fairway2hotel.at\/cs\/golfclubs\/tirol\/golfclub-zugspitze-tirol\/#breadcrumb\"},\"inLanguage\":\"cs\",\"potentialAction\":[{\"@type\":\"ReadAction\",\"target\":[\"https:\/\/fairway2hotel.at\/cs\/golfclubs\/tirol\/golfclub-zugspitze-tirol\/\"]}]},{\"@type\":\"BreadcrumbList\",\"@id\":\"https:\/\/fairway2hotel.at\/cs\/golfclubs\/tirol\/golfclub-zugspitze-tirol\/#breadcrumb\",\"itemListElement\":[{\"@type\":\"ListItem\",\"position\":1,\"name\":\"Home\",\"item\":\"https:\/\/fairway2hotel.at\/cs\/\"},{\"@type\":\"ListItem\",\"position\":2,\"name\":\"Golfclubs\",\"item\":\"https:\/\/fairway2hotel.at\/cs\/golfclubs\/\"},{\"@type\":\"ListItem\",\"position\":3,\"name\":\"Golfclubs Tirol\",\"item\":\"https:\/\/fairway2hotel.at\/cs\/golfclubs\/tirol\/\"},{\"@type\":\"ListItem\",\"position\":4,\"name\":\"GC Zugspitze-Tirol\"}]},{\"@type\":\"WebSite\",\"@id\":\"https:\/\/fairway2hotel.at\/cs\/#website\",\"url\":\"https:\/\/fairway2hotel.at\/cs\/\",\"name\":\"Fairway 2 Hotel\",\"description\":\"Golf zum halben Preis! 2 spielen - 1 zahlt\",\"potentialAction\":[{\"@type\":\"SearchAction\",\"target\":{\"@type\":\"EntryPoint\",\"urlTemplate\":\"https:\/\/fairway2hotel.at\/cs\/?s={search_term_string}\"},\"query-input\":{\"@type\":\"PropertyValueSpecification\",\"valueRequired\":true,\"valueName\":\"search_term_string\"}}],\"inLanguage\":\"cs\"}]}<\/script>\n<!-- \/ Yoast SEO plugin. -->","yoast_head_json":{"title":"GC Zugspitze-Tirol - Fairway 2 Hotel","robots":{"index":"index","follow":"follow","max-snippet":"max-snippet:-1","max-image-preview":"max-image-preview:large","max-video-preview":"max-video-preview:-1"},"canonical":"https:\/\/fairway2hotel.at\/cs\/golfclubs\/tirol\/golfclub-zugspitze-tirol\/","og_locale":"cs_CZ","og_type":"article","og_title":"GC Zugspitze-Tirol - Fairway 2 Hotel","og_description":"GC Tiroler Zugspitze \u2013 Abschla\u0308ge im Anblick der Zugspitze Am Fu\u00dfe des atemberaubenden Wettersteinmassivs, zwischen Ehrwald und Lermoos, begru\u0308\u00dft Sie der GC Tiroler Zugspitze mit einem der scho\u0308nsten 9-Loch-Golfpla\u0308tze O\u0308sterreichs. Der auf ca. 1.000 m Seeho\u0308he liegende Golfplatz bietet Ihnen gro\u00dfzu\u0308gig angelegte Spielbahnen, welche idyllisch in das flache Talbecken eingebettet sind. Golferinnen und Golfer finden [&hellip;]","og_url":"https:\/\/fairway2hotel.at\/cs\/golfclubs\/tirol\/golfclub-zugspitze-tirol\/","og_site_name":"Fairway 2 Hotel","article_modified_time":"2025-03-29T16:39:44+00:00","twitter_card":"summary_large_image","twitter_misc":{"Odhadovan\u00e1 doba \u010dten\u00ed":"2 minuty"},"schema":{"@context":"https:\/\/schema.org","@graph":[{"@type":"WebPage","@id":"https:\/\/fairway2hotel.at\/cs\/golfclubs\/tirol\/golfclub-zugspitze-tirol\/","url":"https:\/\/fairway2hotel.at\/cs\/golfclubs\/tirol\/golfclub-zugspitze-tirol\/","name":"GC Zugspitze-Tirol - Fairway 2 Hotel","isPartOf":{"@id":"https:\/\/fairway2hotel.at\/cs\/#website"},"datePublished":"2010-10-16T17:20:44+00:00","dateModified":"2025-03-29T16:39:44+00:00","breadcrumb":{"@id":"https:\/\/fairway2hotel.at\/cs\/golfclubs\/tirol\/golfclub-zugspitze-tirol\/#breadcrumb"},"inLanguage":"cs","potentialAction":[{"@type":"ReadAction","target":["https:\/\/fairway2hotel.at\/cs\/golfclubs\/tirol\/golfclub-zugspitze-tirol\/"]}]},{"@type":"BreadcrumbList","@id":"https:\/\/fairway2hotel.at\/cs\/golfclubs\/tirol\/golfclub-zugspitze-tirol\/#breadcrumb","itemListElement":[{"@type":"ListItem","position":1,"name":"Home","item":"https:\/\/fairway2hotel.at\/cs\/"},{"@type":"ListItem","position":2,"name":"Golfclubs","item":"https:\/\/fairway2hotel.at\/cs\/golfclubs\/"},{"@type":"ListItem","position":3,"name":"Golfclubs Tirol","item":"https:\/\/fairway2hotel.at\/cs\/golfclubs\/tirol\/"},{"@type":"ListItem","position":4,"name":"GC Zugspitze-Tirol"}]},{"@type":"WebSite","@id":"https:\/\/fairway2hotel.at\/cs\/#website","url":"https:\/\/fairway2hotel.at\/cs\/","name":"Fairway 2 Hotel","description":"Golf zum halben Preis! 2 spielen - 1 zahlt","potentialAction":[{"@type":"SearchAction","target":{"@type":"EntryPoint","urlTemplate":"https:\/\/fairway2hotel.at\/cs\/?s={search_term_string}"},"query-input":{"@type":"PropertyValueSpecification","valueRequired":true,"valueName":"search_term_string"}}],"inLanguage":"cs"}]}},"_links":{"self":[{"href":"https:\/\/fairway2hotel.at\/cs\/wp-json\/wp\/v2\/pages\/573","targetHints":{"allow":["GET"]}}],"collection":[{"href":"https:\/\/fairway2hotel.at\/cs\/wp-json\/wp\/v2\/pages"}],"about":[{"href":"https:\/\/fairway2hotel.at\/cs\/wp-json\/wp\/v2\/types\/page"}],"author":[{"embeddable":true,"href":"https:\/\/fairway2hotel.at\/cs\/wp-json\/wp\/v2\/users\/1"}],"replies":[{"embeddable":true,"href":"https:\/\/fairway2hotel.at\/cs\/wp-json\/wp\/v2\/comments?post=573"}],"version-history":[{"count":7,"href":"https:\/\/fairway2hotel.at\/cs\/wp-json\/wp\/v2\/pages\/573\/revisions"}],"predecessor-version":[{"id":47198,"href":"https:\/\/fairway2hotel.at\/cs\/wp-json\/wp\/v2\/pages\/573\/revisions\/47198"}],"up":[{"embeddable":true,"href":"https:\/\/fairway2hotel.at\/cs\/wp-json\/wp\/v2\/pages\/1592"}],"acf:attachment":[{"embeddable":true,"href":"https:\/\/fairway2hotel.at\/cs\/wp-json\/wp\/v2\/media\/47196"},{"embeddable":true,"href":"https:\/\/fairway2hotel.at\/cs\/wp-json\/wp\/v2\/media\/47194"},{"embeddable":true,"href":"https:\/\/fairway2hotel.at\/cs\/wp-json\/wp\/v2\/media\/571"}],"wp:attachment":[{"href":"https:\/\/fairway2hotel.at\/cs\/wp-json\/wp\/v2\/media?parent=573"}],"curies":[{"name":"wp","href":"https:\/\/api.w.org\/{rel}","templated":true}]}}