{"id":680,"date":"2010-10-21T17:42:55","date_gmt":"2010-10-21T15:42:55","guid":{"rendered":"https:\/\/f2h.app\/golfclub-mangfaltal\/"},"modified":"2025-11-13T15:58:26","modified_gmt":"2025-11-13T14:58:26","slug":"golfclub-mangfaltal","status":"publish","type":"page","link":"https:\/\/fairway2hotel.at\/cs\/golfclubs\/deutschland\/golfclub-mangfaltal\/","title":{"rendered":"GC Mangfalltal e.V."},"content":{"rendered":"<h2>Golf made in Barvaria: Willkommen im Golfclub Mangfalltal!<\/h2>\n<p>Der GC Mangfalltal, nur knapp eine halbe Stunde entfernt von der Landeshauptstadt, bietet seinen G\u00e4sten und Mitgliedern eine wundersch\u00f6ne 18 Loch Golfanlage mit einem traumhaften Blick in die Bayrischen Alpen. Seit 1987 verbinden wir sportlichen Anspruch, Erholung in einer intakten Natur und ein geselliges Miteinander in vorbildlicher Weise. Unsere landschaftlich reizvolle Anlage bietet sowohl erfahrenen Golfern als auch Neueinsteigern eine sportliche Herausforderung.<\/p>\n<p>Auf rund 70 ha wurden 18 Bahnen mit einer L\u00e4nge von 6017 Metern in die vorhandene Topografie eingebettet. Zeitgem\u00e4\u00df und mit viel Liebe zum Detail k\u00fcmmert sich das Greenkeeping Team um den hervorragenden Pflegezustand des Platzes. Das historische Clubhaus, ein aus dem 19. Jahrhundert stammendes Anwesen mit gro\u00dfz\u00fcgig angelegter Terrasse und wundersch\u00f6nem Bergpanorama, l\u00e4dt Golfer und G\u00e4ste zum Verweilen und Genie\u00dfen ein. Unsere Clubgastronomie ist dank saisonaler und abwechslungsreicher Speisekarte sowie der freundlichen Bedienung immer einen Besuch wert.<\/p>\n<h2>Golf made in Barvaria: Welcome to the Mangfalltal Golf Club!<\/h2>\n<p>The GC Mangfalltal, just half an hour away from the state capital, offers its guests and members a wonderful 18-hole golf course with a fantastic view of the Bavarian Alps. Since 1987, we have combined sporting challenges, recreation in unspoilt nature and social interaction in an exemplary manner. Our scenic course offers both experienced golfers and beginners a sporting challenge.<\/p>\n<p>On around 70 hectares, 18 holes with a length of 6017 metres have been embedded in the existing topography. The greenkeeping team takes care of the course&#8217;s excellent condition in a contemporary manner and with great attention to detail. The historic clubhouse, a property dating back to the 19th century with a spacious terrace and a wonderful mountain panorama, invites golfers and guests to linger and enjoy themselves. Our club restaurant is always worth a visit thanks to its seasonal and varied menu and friendly service.<\/p>\n","protected":false},"excerpt":{"rendered":"<p>Golf made in Barvaria: Willkommen im Golfclub Mangfalltal! Der GC Mangfalltal, nur knapp eine halbe Stunde entfernt von der Landeshauptstadt, bietet seinen G\u00e4sten und Mitgliedern eine wundersch\u00f6ne 18 Loch Golfanlage mit einem traumhaften Blick in die Bayrischen Alpen. Seit 1987 verbinden wir sportlichen Anspruch, Erholung in einer intakten Natur und ein geselliges Miteinander in vorbildlicher [&hellip;]<\/p>\n","protected":false},"author":1,"featured_media":0,"parent":1607,"menu_order":115,"comment_status":"closed","ping_status":"closed","template":"page-partner.php","meta":{"_acf_changed":false,"footnotes":""},"class_list":["post-680","page","type-page","status-publish","hentry"],"acf":{"partner_infobox":"<strong>Adresse: <\/strong>Oed 1, D-83620 Feldkirchen-Westerham\r\n\r\n<strong>Tel:\u00a0<\/strong>+49 (0)8063 \/ 63 00\r\n\r\n<strong>Fax:\u00a0<\/strong>+49 (0)8063 \/ 69 58\r\n\r\n<strong>Web: <\/strong><a href=\"http:\/\/www.gc-mangfalltal.de\" target=\"_blank\" rel=\"nofollow noopener noreferrer\">www.gc-mangfalltal.de<\/a>\r\n\r\n<strong>E-Mail:<\/strong> <a href=\"mailto:info@gc-mangfalltal.de\">info@gc-mangfalltal.de<\/a>\r\n\r\n<strong>Spielbahnen\/Par: <\/strong>18\/72\r\n\r\n<strong>La\u0308nge: <\/strong>gelb: 5.767 m\/rot: 5.142 m\r\n\r\n<strong>Bedingungen: <\/strong>Mindesthandicap\u00a0WT 45 \/ WE 36 \u2013 Gutscheine\u00a0nicht g\u00fcltig f\u00fcr 9-Loch-Runden\r\n\r\n<strong>Anfahrt:\r\n<\/strong>A8 Ausfahrt 100 \u2192 Bad Aibling. Ampel links \u2192 Bad Aibling \/ Bruckm\u00fchl \u2192 Kreisverkehr die 3. Ausfahrt, n\u00e4chster Kreisverkehr 3. Ausfahrt, in Feldkirchen-Westerham Ampel rechts \u2192 Ri. Glonn, 1 km rechts \u2192 Club.","partner_logo":679,"partner_gallery":[678,47329],"partner_lat":47.91777,"partner_long":11.84705,"partner_type":"golfclub","partner_openings":["1","2","3","4","5","6"],"montag_von_bis":"00:00 - 24:00","dienstag_von_bis":"00:00 - 24:00","mittwoch_von_bis":"00:00 - 24:00","donnerstag_von_bis":"00:00 - 24:00","freitag_von_bis":"00:00 - 24:00","samstag_von_bis":"00:00 - 24:00","sonntag_von_bis":"00:00 - 24:00","partner_adresse":"Oed 1, 83620 Feldkirchen-Westerham","partner_land_bundesland":"Deutschland","partner_tel_1":"0049 8063 6958","partner_tel_2":"0049 8063 63 00","partner_web":"http:\/\/www.gc-mangfalltal.de","partner_mail":"info@gc-mangfalltal.de","partner_spielbahnen_par":"18\/72","partner_laenge":"gelb: 5.767 m\/rot: 5.142 m","partner_bedingungen":"GS einl\u00f6sbar MO-SA, ausgenommen Feiertage\r\nvouchers valid Mon-Sat, except public holidays","partner_anfahrt":"A8 Ausfahrt 100 \u2192 Bad Aibling. Ampel links \u2192 Bad Aibling \/ Bruckm\u00fchl \u2192 Kreisverkehr die 3. Ausfahrt, n\u00e4chster Kreisverkehr 3. Ausfahrt, in Feldkirchen-Westerham Ampel rechts \u2192 Ri. Glonn, 1 km rechts \u2192 Club.","partner_misc":null,"additional_css_classes":""},"yoast_head":"<!-- This site is optimized with the Yoast SEO plugin v26.8 - https:\/\/yoast.com\/product\/yoast-seo-wordpress\/ -->\n<title>GC Mangfalltal e.V. - Fairway 2 Hotel<\/title>\n<meta name=\"robots\" content=\"index, follow, max-snippet:-1, max-image-preview:large, max-video-preview:-1\" \/>\n<link rel=\"canonical\" href=\"https:\/\/fairway2hotel.at\/cs\/golfclubs\/deutschland\/golfclub-mangfaltal\/\" \/>\n<meta property=\"og:locale\" content=\"cs_CZ\" \/>\n<meta property=\"og:type\" content=\"article\" \/>\n<meta property=\"og:title\" content=\"GC Mangfalltal e.V. - Fairway 2 Hotel\" \/>\n<meta property=\"og:description\" content=\"Golf made in Barvaria: Willkommen im Golfclub Mangfalltal! Der GC Mangfalltal, nur knapp eine halbe Stunde entfernt von der Landeshauptstadt, bietet seinen G\u00e4sten und Mitgliedern eine wundersch\u00f6ne 18 Loch Golfanlage mit einem traumhaften Blick in die Bayrischen Alpen. Seit 1987 verbinden wir sportlichen Anspruch, Erholung in einer intakten Natur und ein geselliges Miteinander in vorbildlicher [&hellip;]\" \/>\n<meta property=\"og:url\" content=\"https:\/\/fairway2hotel.at\/cs\/golfclubs\/deutschland\/golfclub-mangfaltal\/\" \/>\n<meta property=\"og:site_name\" content=\"Fairway 2 Hotel\" \/>\n<meta property=\"article:modified_time\" content=\"2025-11-13T14:58:26+00:00\" \/>\n<meta name=\"twitter:card\" content=\"summary_large_image\" \/>\n<meta name=\"twitter:label1\" content=\"Odhadovan\u00e1 doba \u010dten\u00ed\" \/>\n\t<meta name=\"twitter:data1\" content=\"2 minuty\" \/>\n<script type=\"application\/ld+json\" class=\"yoast-schema-graph\">{\"@context\":\"https:\/\/schema.org\",\"@graph\":[{\"@type\":\"WebPage\",\"@id\":\"https:\/\/fairway2hotel.at\/cs\/golfclubs\/deutschland\/golfclub-mangfaltal\/\",\"url\":\"https:\/\/fairway2hotel.at\/cs\/golfclubs\/deutschland\/golfclub-mangfaltal\/\",\"name\":\"GC Mangfalltal e.V. - Fairway 2 Hotel\",\"isPartOf\":{\"@id\":\"https:\/\/fairway2hotel.at\/cs\/#website\"},\"datePublished\":\"2010-10-21T15:42:55+00:00\",\"dateModified\":\"2025-11-13T14:58:26+00:00\",\"breadcrumb\":{\"@id\":\"https:\/\/fairway2hotel.at\/cs\/golfclubs\/deutschland\/golfclub-mangfaltal\/#breadcrumb\"},\"inLanguage\":\"cs\",\"potentialAction\":[{\"@type\":\"ReadAction\",\"target\":[\"https:\/\/fairway2hotel.at\/cs\/golfclubs\/deutschland\/golfclub-mangfaltal\/\"]}]},{\"@type\":\"BreadcrumbList\",\"@id\":\"https:\/\/fairway2hotel.at\/cs\/golfclubs\/deutschland\/golfclub-mangfaltal\/#breadcrumb\",\"itemListElement\":[{\"@type\":\"ListItem\",\"position\":1,\"name\":\"Home\",\"item\":\"https:\/\/fairway2hotel.at\/cs\/\"},{\"@type\":\"ListItem\",\"position\":2,\"name\":\"Golfclubs\",\"item\":\"https:\/\/fairway2hotel.at\/cs\/golfclubs\/\"},{\"@type\":\"ListItem\",\"position\":3,\"name\":\"Golfclubs Deutschland\",\"item\":\"https:\/\/fairway2hotel.at\/cs\/golfclubs\/deutschland\/\"},{\"@type\":\"ListItem\",\"position\":4,\"name\":\"GC Mangfalltal e.V.\"}]},{\"@type\":\"WebSite\",\"@id\":\"https:\/\/fairway2hotel.at\/cs\/#website\",\"url\":\"https:\/\/fairway2hotel.at\/cs\/\",\"name\":\"Fairway 2 Hotel\",\"description\":\"Golf zum halben Preis! 2 spielen - 1 zahlt\",\"potentialAction\":[{\"@type\":\"SearchAction\",\"target\":{\"@type\":\"EntryPoint\",\"urlTemplate\":\"https:\/\/fairway2hotel.at\/cs\/?s={search_term_string}\"},\"query-input\":{\"@type\":\"PropertyValueSpecification\",\"valueRequired\":true,\"valueName\":\"search_term_string\"}}],\"inLanguage\":\"cs\"}]}<\/script>\n<!-- \/ Yoast SEO plugin. -->","yoast_head_json":{"title":"GC Mangfalltal e.V. - Fairway 2 Hotel","robots":{"index":"index","follow":"follow","max-snippet":"max-snippet:-1","max-image-preview":"max-image-preview:large","max-video-preview":"max-video-preview:-1"},"canonical":"https:\/\/fairway2hotel.at\/cs\/golfclubs\/deutschland\/golfclub-mangfaltal\/","og_locale":"cs_CZ","og_type":"article","og_title":"GC Mangfalltal e.V. - Fairway 2 Hotel","og_description":"Golf made in Barvaria: Willkommen im Golfclub Mangfalltal! Der GC Mangfalltal, nur knapp eine halbe Stunde entfernt von der Landeshauptstadt, bietet seinen G\u00e4sten und Mitgliedern eine wundersch\u00f6ne 18 Loch Golfanlage mit einem traumhaften Blick in die Bayrischen Alpen. Seit 1987 verbinden wir sportlichen Anspruch, Erholung in einer intakten Natur und ein geselliges Miteinander in vorbildlicher [&hellip;]","og_url":"https:\/\/fairway2hotel.at\/cs\/golfclubs\/deutschland\/golfclub-mangfaltal\/","og_site_name":"Fairway 2 Hotel","article_modified_time":"2025-11-13T14:58:26+00:00","twitter_card":"summary_large_image","twitter_misc":{"Odhadovan\u00e1 doba \u010dten\u00ed":"2 minuty"},"schema":{"@context":"https:\/\/schema.org","@graph":[{"@type":"WebPage","@id":"https:\/\/fairway2hotel.at\/cs\/golfclubs\/deutschland\/golfclub-mangfaltal\/","url":"https:\/\/fairway2hotel.at\/cs\/golfclubs\/deutschland\/golfclub-mangfaltal\/","name":"GC Mangfalltal e.V. - Fairway 2 Hotel","isPartOf":{"@id":"https:\/\/fairway2hotel.at\/cs\/#website"},"datePublished":"2010-10-21T15:42:55+00:00","dateModified":"2025-11-13T14:58:26+00:00","breadcrumb":{"@id":"https:\/\/fairway2hotel.at\/cs\/golfclubs\/deutschland\/golfclub-mangfaltal\/#breadcrumb"},"inLanguage":"cs","potentialAction":[{"@type":"ReadAction","target":["https:\/\/fairway2hotel.at\/cs\/golfclubs\/deutschland\/golfclub-mangfaltal\/"]}]},{"@type":"BreadcrumbList","@id":"https:\/\/fairway2hotel.at\/cs\/golfclubs\/deutschland\/golfclub-mangfaltal\/#breadcrumb","itemListElement":[{"@type":"ListItem","position":1,"name":"Home","item":"https:\/\/fairway2hotel.at\/cs\/"},{"@type":"ListItem","position":2,"name":"Golfclubs","item":"https:\/\/fairway2hotel.at\/cs\/golfclubs\/"},{"@type":"ListItem","position":3,"name":"Golfclubs Deutschland","item":"https:\/\/fairway2hotel.at\/cs\/golfclubs\/deutschland\/"},{"@type":"ListItem","position":4,"name":"GC Mangfalltal e.V."}]},{"@type":"WebSite","@id":"https:\/\/fairway2hotel.at\/cs\/#website","url":"https:\/\/fairway2hotel.at\/cs\/","name":"Fairway 2 Hotel","description":"Golf zum halben Preis! 2 spielen - 1 zahlt","potentialAction":[{"@type":"SearchAction","target":{"@type":"EntryPoint","urlTemplate":"https:\/\/fairway2hotel.at\/cs\/?s={search_term_string}"},"query-input":{"@type":"PropertyValueSpecification","valueRequired":true,"valueName":"search_term_string"}}],"inLanguage":"cs"}]}},"_links":{"self":[{"href":"https:\/\/fairway2hotel.at\/cs\/wp-json\/wp\/v2\/pages\/680","targetHints":{"allow":["GET"]}}],"collection":[{"href":"https:\/\/fairway2hotel.at\/cs\/wp-json\/wp\/v2\/pages"}],"about":[{"href":"https:\/\/fairway2hotel.at\/cs\/wp-json\/wp\/v2\/types\/page"}],"author":[{"embeddable":true,"href":"https:\/\/fairway2hotel.at\/cs\/wp-json\/wp\/v2\/users\/1"}],"replies":[{"embeddable":true,"href":"https:\/\/fairway2hotel.at\/cs\/wp-json\/wp\/v2\/comments?post=680"}],"version-history":[{"count":11,"href":"https:\/\/fairway2hotel.at\/cs\/wp-json\/wp\/v2\/pages\/680\/revisions"}],"predecessor-version":[{"id":49801,"href":"https:\/\/fairway2hotel.at\/cs\/wp-json\/wp\/v2\/pages\/680\/revisions\/49801"}],"up":[{"embeddable":true,"href":"https:\/\/fairway2hotel.at\/cs\/wp-json\/wp\/v2\/pages\/1607"}],"acf:attachment":[{"embeddable":true,"href":"https:\/\/fairway2hotel.at\/cs\/wp-json\/wp\/v2\/media\/47329"},{"embeddable":true,"href":"https:\/\/fairway2hotel.at\/cs\/wp-json\/wp\/v2\/media\/678"}],"wp:attachment":[{"href":"https:\/\/fairway2hotel.at\/cs\/wp-json\/wp\/v2\/media?parent=680"}],"curies":[{"name":"wp","href":"https:\/\/api.w.org\/{rel}","templated":true}]}}