{"id":710,"date":"2010-10-21T20:02:32","date_gmt":"2010-10-21T18:02:32","guid":{"rendered":"https:\/\/f2h.app\/golfclub-pleiskirchen\/"},"modified":"2025-05-23T10:54:19","modified_gmt":"2025-05-23T08:54:19","slug":"golfclub-pleiskirchen","status":"publish","type":"page","link":"https:\/\/fairway2hotel.at\/cs\/golfclubs\/deutschland\/golfclub-pleiskirchen\/","title":{"rendered":"GC Pleiskirchen e.V."},"content":{"rendered":"<h2>Genie\u00dfen Sie Ihre Golfrunde in abwechslungsreichem Gel\u00e4nde inmitten einzigartiger Natur!<\/h2>\n<p>Unser Platz liegt abseits vom Verkehrsl\u00e4rm auf leicht h\u00fcgeligem Gel\u00e4nde, mit wundersch\u00f6nem Blick auf die umliegende Landschaft und in die Alpen. Es erwartet Sie ein sehr sch\u00f6n modellierter, abwechslungsreicher 18-Loch-Platz. Schnelle Gr\u00fcns, lange Bahnen sowie trickreiche kurze L\u00f6cher, bei denen Pr\u00e4zision gefragt ist, wechseln sich ab.<\/p>\n<p>Das \u201e19. Loch\u201c, das Clubhaus mit gro\u00dfer Sonnenterasse, l\u00e4dt vor und nach der Runde zu Geselligkeit und den Genuss kulinarischer Schmankerl ein.<\/p>\n<h2>Enjoy your round of golf in varied terrain surrounded by unique nature!<\/h2>\n<p>Our course is located away from traffic noise on slightly hilly terrain, with wonderful views of the surrounding countryside and the Alps. A beautifully modelled, varied 18-hole course awaits you. Fast greens, long holes and tricky short holes, where precision is required, alternate.<\/p>\n<p>The \u201819th hole\u2019, the clubhouse with a large sun terrace, invites you to socialise and enjoy culinary delicacies before and after your round.<\/p>\n","protected":false},"excerpt":{"rendered":"<p>Genie\u00dfen Sie Ihre Golfrunde in abwechslungsreichem Gel\u00e4nde inmitten einzigartiger Natur! Unser Platz liegt abseits vom Verkehrsl\u00e4rm auf leicht h\u00fcgeligem Gel\u00e4nde, mit wundersch\u00f6nem Blick auf die umliegende Landschaft und in die Alpen. Es erwartet Sie ein sehr sch\u00f6n modellierter, abwechslungsreicher 18-Loch-Platz. Schnelle Gr\u00fcns, lange Bahnen sowie trickreiche kurze L\u00f6cher, bei denen Pr\u00e4zision gefragt ist, wechseln sich [&hellip;]<\/p>\n","protected":false},"author":1,"featured_media":0,"parent":1607,"menu_order":150,"comment_status":"closed","ping_status":"closed","template":"page-partner.php","meta":{"_acf_changed":false,"footnotes":""},"class_list":["post-710","page","type-page","status-publish","hentry"],"acf":{"partner_infobox":"<strong>Adresse:<\/strong>Am Golfplatz 2, D-84568 Pleiskirchen\r\n\r\n<strong>Tel:\u00a0<\/strong>+49 (0)8635\/708903\r\n\r\n<strong>Fax:\u00a0<\/strong>+49 (0)8635\/708904\r\n\r\n<strong>Web: <\/strong><a href=\"http:\/\/www.golfclub-pleiskirchen.de\" target=\"_blank\" rel=\"nofollow noopener\">www.golfclub-pleiskirchen.de<\/a>\r\n\r\n<strong>E-Mail:<\/strong> <a href=\"mailto:golfclub@pleiskirchen.de\">golfclub@pleiskirchen.de<\/a>\r\n\r\n<strong>Spielbahnen\/Par: <\/strong>18\/72\r\n\r\n<strong>La\u0308nge: <\/strong>gelb: 5.941 m \/ rot: 5.208 m\r\n\r\n<strong>Anfahrt:\r\n<\/strong>von M\u00fcnchen: Ab dem BAB-Kreuz M\u00fcnchen-Ost \u00fcber die A94 Richtung Passau, B12 und ab Ampfing wieder auf der A94 (neu) bis zur BAB-Ausfahrt T\u00f6ging\/Pleiskirchen. Anschlie\u00dfend der Wegweisung nach Pleiskirchen\/ Golfclub Pleiskirchen (ca. 4 km) folgen.","partner_logo":709,"partner_gallery":[3572,3573],"partner_lat":48.296892,"partner_long":12.61195,"partner_type":"golfclub","partner_openings":["1","2","3","4","5","6","7"],"montag_von_bis":"00:00 - 24:00","dienstag_von_bis":"00:00 - 24:00","mittwoch_von_bis":"00:00 - 24:00","donnerstag_von_bis":"00:00 - 24:00","freitag_von_bis":"00:00 - 24:00","samstag_von_bis":"00:00 - 24:00","sonntag_von_bis":"00:00 - 24:00","partner_adresse":"Am Golfplatz 2, 84568 Pleiskirchen","partner_land_bundesland":"Deutschland","partner_tel_1":"0049 8635 708904","partner_tel_2":"0049 8635 708903","partner_web":"http:\/\/www.golfclub-pleiskirchen.de","partner_mail":"sekretariat@golfclub-pleiskirchen.de","partner_spielbahnen_par":"18\/72","partner_laenge":"gelb: 5.941 m \/ rot: 5.208 m","partner_bedingungen":"","partner_anfahrt":"von M\u00fcnchen: Ab dem BAB-Kreuz M\u00fcnchen-Ost \u00fcber die A94 Richtung Passau, B12 und ab Ampfing wieder auf der A94 (neu) bis zur BAB-Ausfahrt T\u00f6ging\/Pleiskirchen. Anschlie\u00dfend der Wegweisung nach Pleiskirchen\/ Golfclub Pleiskirchen (ca. 4 km) folgen.","partner_misc":null,"additional_css_classes":""},"yoast_head":"<!-- This site is optimized with the Yoast SEO plugin v26.8 - https:\/\/yoast.com\/product\/yoast-seo-wordpress\/ -->\n<title>GC Pleiskirchen e.V. - Fairway 2 Hotel<\/title>\n<meta name=\"robots\" content=\"index, follow, max-snippet:-1, max-image-preview:large, max-video-preview:-1\" \/>\n<link rel=\"canonical\" href=\"https:\/\/fairway2hotel.at\/cs\/golfclubs\/deutschland\/golfclub-pleiskirchen\/\" \/>\n<meta property=\"og:locale\" content=\"cs_CZ\" \/>\n<meta property=\"og:type\" content=\"article\" \/>\n<meta property=\"og:title\" content=\"GC Pleiskirchen e.V. - Fairway 2 Hotel\" \/>\n<meta property=\"og:description\" content=\"Genie\u00dfen Sie Ihre Golfrunde in abwechslungsreichem Gel\u00e4nde inmitten einzigartiger Natur! Unser Platz liegt abseits vom Verkehrsl\u00e4rm auf leicht h\u00fcgeligem Gel\u00e4nde, mit wundersch\u00f6nem Blick auf die umliegende Landschaft und in die Alpen. Es erwartet Sie ein sehr sch\u00f6n modellierter, abwechslungsreicher 18-Loch-Platz. Schnelle Gr\u00fcns, lange Bahnen sowie trickreiche kurze L\u00f6cher, bei denen Pr\u00e4zision gefragt ist, wechseln sich [&hellip;]\" \/>\n<meta property=\"og:url\" content=\"https:\/\/fairway2hotel.at\/cs\/golfclubs\/deutschland\/golfclub-pleiskirchen\/\" \/>\n<meta property=\"og:site_name\" content=\"Fairway 2 Hotel\" \/>\n<meta property=\"article:modified_time\" content=\"2025-05-23T08:54:19+00:00\" \/>\n<meta name=\"twitter:card\" content=\"summary_large_image\" \/>\n<meta name=\"twitter:label1\" content=\"Odhadovan\u00e1 doba \u010dten\u00ed\" \/>\n\t<meta name=\"twitter:data1\" content=\"1 minuta\" \/>\n<script type=\"application\/ld+json\" class=\"yoast-schema-graph\">{\"@context\":\"https:\/\/schema.org\",\"@graph\":[{\"@type\":\"WebPage\",\"@id\":\"https:\/\/fairway2hotel.at\/cs\/golfclubs\/deutschland\/golfclub-pleiskirchen\/\",\"url\":\"https:\/\/fairway2hotel.at\/cs\/golfclubs\/deutschland\/golfclub-pleiskirchen\/\",\"name\":\"GC Pleiskirchen e.V. - Fairway 2 Hotel\",\"isPartOf\":{\"@id\":\"https:\/\/fairway2hotel.at\/cs\/#website\"},\"datePublished\":\"2010-10-21T18:02:32+00:00\",\"dateModified\":\"2025-05-23T08:54:19+00:00\",\"breadcrumb\":{\"@id\":\"https:\/\/fairway2hotel.at\/cs\/golfclubs\/deutschland\/golfclub-pleiskirchen\/#breadcrumb\"},\"inLanguage\":\"cs\",\"potentialAction\":[{\"@type\":\"ReadAction\",\"target\":[\"https:\/\/fairway2hotel.at\/cs\/golfclubs\/deutschland\/golfclub-pleiskirchen\/\"]}]},{\"@type\":\"BreadcrumbList\",\"@id\":\"https:\/\/fairway2hotel.at\/cs\/golfclubs\/deutschland\/golfclub-pleiskirchen\/#breadcrumb\",\"itemListElement\":[{\"@type\":\"ListItem\",\"position\":1,\"name\":\"Home\",\"item\":\"https:\/\/fairway2hotel.at\/cs\/\"},{\"@type\":\"ListItem\",\"position\":2,\"name\":\"Golfclubs\",\"item\":\"https:\/\/fairway2hotel.at\/cs\/golfclubs\/\"},{\"@type\":\"ListItem\",\"position\":3,\"name\":\"Golfclubs Deutschland\",\"item\":\"https:\/\/fairway2hotel.at\/cs\/golfclubs\/deutschland\/\"},{\"@type\":\"ListItem\",\"position\":4,\"name\":\"GC Pleiskirchen e.V.\"}]},{\"@type\":\"WebSite\",\"@id\":\"https:\/\/fairway2hotel.at\/cs\/#website\",\"url\":\"https:\/\/fairway2hotel.at\/cs\/\",\"name\":\"Fairway 2 Hotel\",\"description\":\"Golf zum halben Preis! 2 spielen - 1 zahlt\",\"potentialAction\":[{\"@type\":\"SearchAction\",\"target\":{\"@type\":\"EntryPoint\",\"urlTemplate\":\"https:\/\/fairway2hotel.at\/cs\/?s={search_term_string}\"},\"query-input\":{\"@type\":\"PropertyValueSpecification\",\"valueRequired\":true,\"valueName\":\"search_term_string\"}}],\"inLanguage\":\"cs\"}]}<\/script>\n<!-- \/ Yoast SEO plugin. -->","yoast_head_json":{"title":"GC Pleiskirchen e.V. - Fairway 2 Hotel","robots":{"index":"index","follow":"follow","max-snippet":"max-snippet:-1","max-image-preview":"max-image-preview:large","max-video-preview":"max-video-preview:-1"},"canonical":"https:\/\/fairway2hotel.at\/cs\/golfclubs\/deutschland\/golfclub-pleiskirchen\/","og_locale":"cs_CZ","og_type":"article","og_title":"GC Pleiskirchen e.V. - Fairway 2 Hotel","og_description":"Genie\u00dfen Sie Ihre Golfrunde in abwechslungsreichem Gel\u00e4nde inmitten einzigartiger Natur! Unser Platz liegt abseits vom Verkehrsl\u00e4rm auf leicht h\u00fcgeligem Gel\u00e4nde, mit wundersch\u00f6nem Blick auf die umliegende Landschaft und in die Alpen. Es erwartet Sie ein sehr sch\u00f6n modellierter, abwechslungsreicher 18-Loch-Platz. Schnelle Gr\u00fcns, lange Bahnen sowie trickreiche kurze L\u00f6cher, bei denen Pr\u00e4zision gefragt ist, wechseln sich [&hellip;]","og_url":"https:\/\/fairway2hotel.at\/cs\/golfclubs\/deutschland\/golfclub-pleiskirchen\/","og_site_name":"Fairway 2 Hotel","article_modified_time":"2025-05-23T08:54:19+00:00","twitter_card":"summary_large_image","twitter_misc":{"Odhadovan\u00e1 doba \u010dten\u00ed":"1 minuta"},"schema":{"@context":"https:\/\/schema.org","@graph":[{"@type":"WebPage","@id":"https:\/\/fairway2hotel.at\/cs\/golfclubs\/deutschland\/golfclub-pleiskirchen\/","url":"https:\/\/fairway2hotel.at\/cs\/golfclubs\/deutschland\/golfclub-pleiskirchen\/","name":"GC Pleiskirchen e.V. - Fairway 2 Hotel","isPartOf":{"@id":"https:\/\/fairway2hotel.at\/cs\/#website"},"datePublished":"2010-10-21T18:02:32+00:00","dateModified":"2025-05-23T08:54:19+00:00","breadcrumb":{"@id":"https:\/\/fairway2hotel.at\/cs\/golfclubs\/deutschland\/golfclub-pleiskirchen\/#breadcrumb"},"inLanguage":"cs","potentialAction":[{"@type":"ReadAction","target":["https:\/\/fairway2hotel.at\/cs\/golfclubs\/deutschland\/golfclub-pleiskirchen\/"]}]},{"@type":"BreadcrumbList","@id":"https:\/\/fairway2hotel.at\/cs\/golfclubs\/deutschland\/golfclub-pleiskirchen\/#breadcrumb","itemListElement":[{"@type":"ListItem","position":1,"name":"Home","item":"https:\/\/fairway2hotel.at\/cs\/"},{"@type":"ListItem","position":2,"name":"Golfclubs","item":"https:\/\/fairway2hotel.at\/cs\/golfclubs\/"},{"@type":"ListItem","position":3,"name":"Golfclubs Deutschland","item":"https:\/\/fairway2hotel.at\/cs\/golfclubs\/deutschland\/"},{"@type":"ListItem","position":4,"name":"GC Pleiskirchen e.V."}]},{"@type":"WebSite","@id":"https:\/\/fairway2hotel.at\/cs\/#website","url":"https:\/\/fairway2hotel.at\/cs\/","name":"Fairway 2 Hotel","description":"Golf zum halben Preis! 2 spielen - 1 zahlt","potentialAction":[{"@type":"SearchAction","target":{"@type":"EntryPoint","urlTemplate":"https:\/\/fairway2hotel.at\/cs\/?s={search_term_string}"},"query-input":{"@type":"PropertyValueSpecification","valueRequired":true,"valueName":"search_term_string"}}],"inLanguage":"cs"}]}},"_links":{"self":[{"href":"https:\/\/fairway2hotel.at\/cs\/wp-json\/wp\/v2\/pages\/710","targetHints":{"allow":["GET"]}}],"collection":[{"href":"https:\/\/fairway2hotel.at\/cs\/wp-json\/wp\/v2\/pages"}],"about":[{"href":"https:\/\/fairway2hotel.at\/cs\/wp-json\/wp\/v2\/types\/page"}],"author":[{"embeddable":true,"href":"https:\/\/fairway2hotel.at\/cs\/wp-json\/wp\/v2\/users\/1"}],"replies":[{"embeddable":true,"href":"https:\/\/fairway2hotel.at\/cs\/wp-json\/wp\/v2\/comments?post=710"}],"version-history":[{"count":6,"href":"https:\/\/fairway2hotel.at\/cs\/wp-json\/wp\/v2\/pages\/710\/revisions"}],"predecessor-version":[{"id":48487,"href":"https:\/\/fairway2hotel.at\/cs\/wp-json\/wp\/v2\/pages\/710\/revisions\/48487"}],"up":[{"embeddable":true,"href":"https:\/\/fairway2hotel.at\/cs\/wp-json\/wp\/v2\/pages\/1607"}],"acf:attachment":[{"embeddable":true,"href":"https:\/\/fairway2hotel.at\/cs\/wp-json\/wp\/v2\/media\/3573"},{"embeddable":true,"href":"https:\/\/fairway2hotel.at\/cs\/wp-json\/wp\/v2\/media\/3572"}],"wp:attachment":[{"href":"https:\/\/fairway2hotel.at\/cs\/wp-json\/wp\/v2\/media?parent=710"}],"curies":[{"name":"wp","href":"https:\/\/api.w.org\/{rel}","templated":true}]}}