{"id":713,"date":"2010-10-21T20:08:09","date_gmt":"2010-10-21T18:08:09","guid":{"rendered":"https:\/\/f2h.app\/golfclub-reit-im-winkl\/"},"modified":"2025-03-31T11:40:50","modified_gmt":"2025-03-31T09:40:50","slug":"golfclub-reit-im-winkl","status":"publish","type":"page","link":"https:\/\/fairway2hotel.at\/cs\/golfclubs\/deutschland\/golfclub-reit-im-winkl\/","title":{"rendered":"GC Reit im Winkl e.V. K\u00f6ssen"},"content":{"rendered":"<h2>Grenz\u00fcberschreitender Golf-Genuss<\/h2>\n<p>Die \u00fcberaus malerisch gelegene 18-Loch-Anlage des GC Reit im Winkl-K\u00f6ssen ist Europas erster und einziger grenz\u00fcberschreitender Golfplatz. Mit Blick auf das Kaisergebirge und umrahmt von den Chiemgauer und Tiroler Alpen, bietet er nicht nur beste Aussichten, sondern ist auch eine echte sportliche Herausforderung f\u00fcr alle Golfer. Dieser einzigartige und topgepflegte Golfplatz fordert neben strategischem Denken auch einiges an spielerischer Geschicklichkeit ab, gibt aber auch Anf\u00e4ngern die Chance auf viele Erfolgserlebnisse.<\/p>\n<p>\u00dcberzeugen Sie sich selbst von der Einzigartigkeit dieser Anlage. Schwungvolles Golfen zu besten Bedingungen in einer bestechend sch\u00f6nen Naturkulisse \u2013 das l\u00e4sst wohl jedes Golferherz h\u00f6her schlagen.<\/p>\n<h2>Cross-border golf enjoyment<\/h2>\n<p>The extremely picturesque 18-hole course at GC Reit im Winkl-K\u00f6ssen is Europe&#8217;s first and only cross-border golf course. With views of the Kaiser Mountains and framed by the Chiemgau and Tyrolean Alps, it not only offers the best views, but is also a real sporting challenge for all golfers. This unique and well-maintained golf course demands strategic thinking as well as a good deal of skill, but also gives beginners the chance to experience a great deal of success.<\/p>\n<p>Convince yourself of the uniqueness of this course. Swinging golf under the best conditions in a captivatingly beautiful natural setting &#8211; that will make every golfer&#8217;s heart beat faster.<\/p>\n","protected":false},"excerpt":{"rendered":"<p>Grenz\u00fcberschreitender Golf-Genuss Die \u00fcberaus malerisch gelegene 18-Loch-Anlage des GC Reit im Winkl-K\u00f6ssen ist Europas erster und einziger grenz\u00fcberschreitender Golfplatz. Mit Blick auf das Kaisergebirge und umrahmt von den Chiemgauer und Tiroler Alpen, bietet er nicht nur beste Aussichten, sondern ist auch eine echte sportliche Herausforderung f\u00fcr alle Golfer. Dieser einzigartige und topgepflegte Golfplatz fordert neben [&hellip;]<\/p>\n","protected":false},"author":1,"featured_media":0,"parent":1607,"menu_order":155,"comment_status":"closed","ping_status":"closed","template":"page-partner.php","meta":{"_acf_changed":false,"footnotes":""},"class_list":["post-713","page","type-page","status-publish","hentry"],"acf":{"partner_infobox":"<strong>Adresse:<\/strong>Moserbergweg 60, A-6345 K\u00f6ssen\r\n\r\n<strong>Tel:\u00a0<\/strong>0049 (0) 8640\/798250\r\n\r\n<strong>Fax:\u00a0<\/strong>0049 (0) 8640\/798252\r\n\r\n<strong>Web: <\/strong><a href=\"http:\/\/www.gcreit.de\" target=\"_blank\" rel=\"nofollow noopener noreferrer\">www.gcreit.de<\/a>\r\n\r\n<strong>E-Mail:<\/strong> <a href=\"mailto:info@gcreit.de\">info@gcreit.de<\/a>\r\n\r\n<strong>Spielbahnen\/Par: <\/strong>18\/70\r\n\r\n<strong>La\u0308nge: <\/strong>gelb: 5.461 m \/ rot: 4.794 m\r\n\r\n<strong>Bedingungen:\r\n<\/strong>Gutscheine einl\u00f6sbar t\u00e4glich ab 13.00 Uhr\r\n\r\n<strong>Anfahrt:\r\n<\/strong>A8 M\u00fcnchen \u2192 Salzburg \u2192 A93 Innsbruck \u2192 Ausfahrt Oberaudorf \u2192 K\u00f6ssen\/Reit im Winkl \/ A8 Salzburg \u2192 M\u00fcnchen \u2192 Ausfahrt Grassau \u2192 Marquartstein \/ Reit im Winkl \/ K\u00f6ssen","partner_logo":712,"partner_gallery":[711,47366,47368,47370],"partner_lat":47.673812,"partner_long":12.444633,"partner_type":"golfclub","partner_openings":["1","2","3","4","5","6","7"],"montag_von_bis":"13:00 - 24:00","dienstag_von_bis":"13:00 - 24:00","mittwoch_von_bis":"13:00 - 24:00","donnerstag_von_bis":"13:00 - 24:00","freitag_von_bis":"13:00 - 24:00","samstag_von_bis":"13:00 - 24:00","sonntag_von_bis":"13:00 - 24:00","partner_adresse":"Moserbergweg 60, 6345 K\u00f6ssen\/Walmbergstra\u00dfe 5, 83237 Reit im Winkl","partner_land_bundesland":"Tirol\/Deutschland","partner_tel_1":"0049 8640 798252","partner_tel_2":"0049 8640 798250","partner_web":"http:\/\/www.gcreit.de","partner_mail":"info@gcreit.de","partner_spielbahnen_par":"18\/70","partner_laenge":"gelb: 5.461 m \/ rot: 4.794 m","partner_bedingungen":"Gutscheine einl\u00f6sbar t\u00e4glich ab 13.00 Uhr\r\nvouchers redeemable after 1.00 p.m.","partner_anfahrt":"A8 M\u00fcnchen \u2192 Salzburg \u2192 A93 Innsbruck \u2192 Ausfahrt Oberaudorf \u2192 K\u00f6ssen\/Reit im Winkl \/ A8 Salzburg \u2192 M\u00fcnchen \u2192 Ausfahrt Grassau \u2192 Marquartstein \/ Reit im Winkl \/ K\u00f6ssen","partner_misc":null,"additional_css_classes":""},"yoast_head":"<!-- This site is optimized with the Yoast SEO plugin v26.8 - https:\/\/yoast.com\/product\/yoast-seo-wordpress\/ -->\n<title>GC Reit im Winkl e.V. K\u00f6ssen - Fairway 2 Hotel<\/title>\n<meta name=\"robots\" content=\"index, follow, max-snippet:-1, max-image-preview:large, max-video-preview:-1\" \/>\n<link rel=\"canonical\" href=\"https:\/\/fairway2hotel.at\/cs\/golfclubs\/deutschland\/golfclub-reit-im-winkl\/\" \/>\n<meta property=\"og:locale\" content=\"cs_CZ\" \/>\n<meta property=\"og:type\" content=\"article\" \/>\n<meta property=\"og:title\" content=\"GC Reit im Winkl e.V. K\u00f6ssen - Fairway 2 Hotel\" \/>\n<meta property=\"og:description\" content=\"Grenz\u00fcberschreitender Golf-Genuss Die \u00fcberaus malerisch gelegene 18-Loch-Anlage des GC Reit im Winkl-K\u00f6ssen ist Europas erster und einziger grenz\u00fcberschreitender Golfplatz. Mit Blick auf das Kaisergebirge und umrahmt von den Chiemgauer und Tiroler Alpen, bietet er nicht nur beste Aussichten, sondern ist auch eine echte sportliche Herausforderung f\u00fcr alle Golfer. Dieser einzigartige und topgepflegte Golfplatz fordert neben [&hellip;]\" \/>\n<meta property=\"og:url\" content=\"https:\/\/fairway2hotel.at\/cs\/golfclubs\/deutschland\/golfclub-reit-im-winkl\/\" \/>\n<meta property=\"og:site_name\" content=\"Fairway 2 Hotel\" \/>\n<meta property=\"article:modified_time\" content=\"2025-03-31T09:40:50+00:00\" \/>\n<meta name=\"twitter:card\" content=\"summary_large_image\" \/>\n<meta name=\"twitter:label1\" content=\"Odhadovan\u00e1 doba \u010dten\u00ed\" \/>\n\t<meta name=\"twitter:data1\" content=\"2 minuty\" \/>\n<script type=\"application\/ld+json\" class=\"yoast-schema-graph\">{\"@context\":\"https:\/\/schema.org\",\"@graph\":[{\"@type\":\"WebPage\",\"@id\":\"https:\/\/fairway2hotel.at\/cs\/golfclubs\/deutschland\/golfclub-reit-im-winkl\/\",\"url\":\"https:\/\/fairway2hotel.at\/cs\/golfclubs\/deutschland\/golfclub-reit-im-winkl\/\",\"name\":\"GC Reit im Winkl e.V. K\u00f6ssen - Fairway 2 Hotel\",\"isPartOf\":{\"@id\":\"https:\/\/fairway2hotel.at\/cs\/#website\"},\"datePublished\":\"2010-10-21T18:08:09+00:00\",\"dateModified\":\"2025-03-31T09:40:50+00:00\",\"breadcrumb\":{\"@id\":\"https:\/\/fairway2hotel.at\/cs\/golfclubs\/deutschland\/golfclub-reit-im-winkl\/#breadcrumb\"},\"inLanguage\":\"cs\",\"potentialAction\":[{\"@type\":\"ReadAction\",\"target\":[\"https:\/\/fairway2hotel.at\/cs\/golfclubs\/deutschland\/golfclub-reit-im-winkl\/\"]}]},{\"@type\":\"BreadcrumbList\",\"@id\":\"https:\/\/fairway2hotel.at\/cs\/golfclubs\/deutschland\/golfclub-reit-im-winkl\/#breadcrumb\",\"itemListElement\":[{\"@type\":\"ListItem\",\"position\":1,\"name\":\"Home\",\"item\":\"https:\/\/fairway2hotel.at\/cs\/\"},{\"@type\":\"ListItem\",\"position\":2,\"name\":\"Golfclubs\",\"item\":\"https:\/\/fairway2hotel.at\/cs\/golfclubs\/\"},{\"@type\":\"ListItem\",\"position\":3,\"name\":\"Golfclubs Deutschland\",\"item\":\"https:\/\/fairway2hotel.at\/cs\/golfclubs\/deutschland\/\"},{\"@type\":\"ListItem\",\"position\":4,\"name\":\"GC Reit im Winkl e.V. K\u00f6ssen\"}]},{\"@type\":\"WebSite\",\"@id\":\"https:\/\/fairway2hotel.at\/cs\/#website\",\"url\":\"https:\/\/fairway2hotel.at\/cs\/\",\"name\":\"Fairway 2 Hotel\",\"description\":\"Golf zum halben Preis! 2 spielen - 1 zahlt\",\"potentialAction\":[{\"@type\":\"SearchAction\",\"target\":{\"@type\":\"EntryPoint\",\"urlTemplate\":\"https:\/\/fairway2hotel.at\/cs\/?s={search_term_string}\"},\"query-input\":{\"@type\":\"PropertyValueSpecification\",\"valueRequired\":true,\"valueName\":\"search_term_string\"}}],\"inLanguage\":\"cs\"}]}<\/script>\n<!-- \/ Yoast SEO plugin. -->","yoast_head_json":{"title":"GC Reit im Winkl e.V. K\u00f6ssen - Fairway 2 Hotel","robots":{"index":"index","follow":"follow","max-snippet":"max-snippet:-1","max-image-preview":"max-image-preview:large","max-video-preview":"max-video-preview:-1"},"canonical":"https:\/\/fairway2hotel.at\/cs\/golfclubs\/deutschland\/golfclub-reit-im-winkl\/","og_locale":"cs_CZ","og_type":"article","og_title":"GC Reit im Winkl e.V. K\u00f6ssen - Fairway 2 Hotel","og_description":"Grenz\u00fcberschreitender Golf-Genuss Die \u00fcberaus malerisch gelegene 18-Loch-Anlage des GC Reit im Winkl-K\u00f6ssen ist Europas erster und einziger grenz\u00fcberschreitender Golfplatz. Mit Blick auf das Kaisergebirge und umrahmt von den Chiemgauer und Tiroler Alpen, bietet er nicht nur beste Aussichten, sondern ist auch eine echte sportliche Herausforderung f\u00fcr alle Golfer. Dieser einzigartige und topgepflegte Golfplatz fordert neben [&hellip;]","og_url":"https:\/\/fairway2hotel.at\/cs\/golfclubs\/deutschland\/golfclub-reit-im-winkl\/","og_site_name":"Fairway 2 Hotel","article_modified_time":"2025-03-31T09:40:50+00:00","twitter_card":"summary_large_image","twitter_misc":{"Odhadovan\u00e1 doba \u010dten\u00ed":"2 minuty"},"schema":{"@context":"https:\/\/schema.org","@graph":[{"@type":"WebPage","@id":"https:\/\/fairway2hotel.at\/cs\/golfclubs\/deutschland\/golfclub-reit-im-winkl\/","url":"https:\/\/fairway2hotel.at\/cs\/golfclubs\/deutschland\/golfclub-reit-im-winkl\/","name":"GC Reit im Winkl e.V. K\u00f6ssen - Fairway 2 Hotel","isPartOf":{"@id":"https:\/\/fairway2hotel.at\/cs\/#website"},"datePublished":"2010-10-21T18:08:09+00:00","dateModified":"2025-03-31T09:40:50+00:00","breadcrumb":{"@id":"https:\/\/fairway2hotel.at\/cs\/golfclubs\/deutschland\/golfclub-reit-im-winkl\/#breadcrumb"},"inLanguage":"cs","potentialAction":[{"@type":"ReadAction","target":["https:\/\/fairway2hotel.at\/cs\/golfclubs\/deutschland\/golfclub-reit-im-winkl\/"]}]},{"@type":"BreadcrumbList","@id":"https:\/\/fairway2hotel.at\/cs\/golfclubs\/deutschland\/golfclub-reit-im-winkl\/#breadcrumb","itemListElement":[{"@type":"ListItem","position":1,"name":"Home","item":"https:\/\/fairway2hotel.at\/cs\/"},{"@type":"ListItem","position":2,"name":"Golfclubs","item":"https:\/\/fairway2hotel.at\/cs\/golfclubs\/"},{"@type":"ListItem","position":3,"name":"Golfclubs Deutschland","item":"https:\/\/fairway2hotel.at\/cs\/golfclubs\/deutschland\/"},{"@type":"ListItem","position":4,"name":"GC Reit im Winkl e.V. K\u00f6ssen"}]},{"@type":"WebSite","@id":"https:\/\/fairway2hotel.at\/cs\/#website","url":"https:\/\/fairway2hotel.at\/cs\/","name":"Fairway 2 Hotel","description":"Golf zum halben Preis! 2 spielen - 1 zahlt","potentialAction":[{"@type":"SearchAction","target":{"@type":"EntryPoint","urlTemplate":"https:\/\/fairway2hotel.at\/cs\/?s={search_term_string}"},"query-input":{"@type":"PropertyValueSpecification","valueRequired":true,"valueName":"search_term_string"}}],"inLanguage":"cs"}]}},"_links":{"self":[{"href":"https:\/\/fairway2hotel.at\/cs\/wp-json\/wp\/v2\/pages\/713","targetHints":{"allow":["GET"]}}],"collection":[{"href":"https:\/\/fairway2hotel.at\/cs\/wp-json\/wp\/v2\/pages"}],"about":[{"href":"https:\/\/fairway2hotel.at\/cs\/wp-json\/wp\/v2\/types\/page"}],"author":[{"embeddable":true,"href":"https:\/\/fairway2hotel.at\/cs\/wp-json\/wp\/v2\/users\/1"}],"replies":[{"embeddable":true,"href":"https:\/\/fairway2hotel.at\/cs\/wp-json\/wp\/v2\/comments?post=713"}],"version-history":[{"count":8,"href":"https:\/\/fairway2hotel.at\/cs\/wp-json\/wp\/v2\/pages\/713\/revisions"}],"predecessor-version":[{"id":47372,"href":"https:\/\/fairway2hotel.at\/cs\/wp-json\/wp\/v2\/pages\/713\/revisions\/47372"}],"up":[{"embeddable":true,"href":"https:\/\/fairway2hotel.at\/cs\/wp-json\/wp\/v2\/pages\/1607"}],"acf:attachment":[{"embeddable":true,"href":"https:\/\/fairway2hotel.at\/cs\/wp-json\/wp\/v2\/media\/47370"},{"embeddable":true,"href":"https:\/\/fairway2hotel.at\/cs\/wp-json\/wp\/v2\/media\/47368"},{"embeddable":true,"href":"https:\/\/fairway2hotel.at\/cs\/wp-json\/wp\/v2\/media\/47366"},{"embeddable":true,"href":"https:\/\/fairway2hotel.at\/cs\/wp-json\/wp\/v2\/media\/711"}],"wp:attachment":[{"href":"https:\/\/fairway2hotel.at\/cs\/wp-json\/wp\/v2\/media?parent=713"}],"curies":[{"name":"wp","href":"https:\/\/api.w.org\/{rel}","templated":true}]}}