{"id":716,"date":"2010-10-21T20:14:09","date_gmt":"2010-10-21T18:14:09","guid":{"rendered":"https:\/\/f2h.app\/golfclub-rochushof\/"},"modified":"2026-01-06T17:05:47","modified_gmt":"2026-01-06T16:05:47","slug":"golfclub-rochushof","status":"publish","type":"page","link":"https:\/\/fairway2hotel.at\/cs\/golfclubs\/deutschland\/golfclub-rochushof\/","title":{"rendered":"GC Rochushof"},"content":{"rendered":"<h2>Golf am H\u00f6chsten<\/h2>\n<p>Weitab von Verkehr und L\u00e4rm liegt die Golfanlage am Rochushof in einer der sch\u00f6nsten Landschaften Deutschlands, dem Deggenhausertal, ca. 20 km vom Bodensee entfernt, unterhalb des H\u00f6chsten (833 m \u00fc. M.), und bietet bei sch\u00f6nem Wetter Aussicht zum See, nach \u00d6sterreich und in die Schweizer Alpen. Neben der 9-Loch-(Par 72)-Golfanlage stehen unseren G\u00e4sten 3 \u00dcbungsbahnen sowie eine gro\u00dfz\u00fcgige Driving Range mit Pitching Area und Putting Green zur Verf\u00fcgung. Nach dem Spiel laden ein bewirteter, gem\u00fctlicher Clubraum sowie unsere Terrasse zum Verweilen bei Speis und Trank ein.<\/p>\n<h2>Golf at the H\u00f6chsten<\/h2>\n<p>Far away from traffic and noise, the golf course at Rochushof is located in one of the most beautiful landscapes in Germany, the Deggenhausertal, approx. 20 km from Lake Constance, below the H\u00f6chsten (833 m above sea level), and offers views of the lake, Austria and the Swiss Alps in fine weather. In addition to the 9-hole (par 72) golf course, our guests have 3 practice holes and a spacious driving range with pitching area and putting green at their disposal. After the game, a cosy club room and our terrace invite you to linger over food and drink.<\/p>\n","protected":false},"excerpt":{"rendered":"<p>Golf am H\u00f6chsten Weitab von Verkehr und L\u00e4rm liegt die Golfanlage am Rochushof in einer der sch\u00f6nsten Landschaften Deutschlands, dem Deggenhausertal, ca. 20 km vom Bodensee entfernt, unterhalb des H\u00f6chsten (833 m \u00fc. M.), und bietet bei sch\u00f6nem Wetter Aussicht zum See, nach \u00d6sterreich und in die Schweizer Alpen. Neben der 9-Loch-(Par 72)-Golfanlage stehen unseren [&hellip;]<\/p>\n","protected":false},"author":1,"featured_media":0,"parent":1607,"menu_order":160,"comment_status":"closed","ping_status":"closed","template":"page-partner.php","meta":{"_acf_changed":false,"footnotes":""},"class_list":["post-716","page","type-page","status-publish","hentry"],"acf":{"partner_infobox":"<strong>Adresse:<\/strong>Unterhomberg 4, D-88693 Deggenhausertal\r\n\r\n<strong>Tel:\u00a0<\/strong>0049-7555\/919630\r\n\r\n<strong>Fax:\u00a0<\/strong>0049-7555\/919631\r\n\r\n<strong>Web: <\/strong><a href=\"http:\/\/www.golfclub-rochushof.de\" target=\"_blank\" rel=\"nofollow noopener\">www.golfclub-rochushof.de<\/a>\r\n\r\n<strong>E-Mail:<\/strong> <a href=\"mailto:Rochushof@t-online.de\" rel=\"alternate\">Rochushof@t-online.de<\/a>\r\n\r\n<strong>Spielbahnen\/Par: <\/strong>9\/72\r\n\r\n<strong>La\u0308nge: <\/strong>gelb: 5.468m \/ rot: 4.678m\r\n\r\n<strong>Anfahrt:\r\n<\/strong>Geben Sie in Ihr Navigationssystem \u201eUnterhomberg 4\u201c ein. N\u00e4here Anfahrtsbeschreibungfinden Sie unter www.golfclub-rochushof.de.","partner_logo":715,"partner_gallery":[714,52280,52281,52282],"partner_lat":47.813983,"partner_long":9.423329,"partner_type":"golfclub","partner_openings":["1","2","3","4","5","6","7"],"montag_von_bis":"00:00 - 24:00","dienstag_von_bis":"00:00 - 24:00","mittwoch_von_bis":"00:00 - 24:00","donnerstag_von_bis":"00:00 - 24:00","freitag_von_bis":"00:00 - 24:00","samstag_von_bis":"00:00 - 24:00","sonntag_von_bis":"00:00 - 24:00","partner_adresse":"Unterhomberg 4, 88693 Deggenhausertal","partner_land_bundesland":"Deutschland","partner_tel_1":"0049 7555 919631","partner_tel_2":"0049 7555 919630","partner_web":"http:\/\/www.golfclub-rochushof.de","partner_mail":"Rochushof@t-online.de","partner_spielbahnen_par":"9\/72","partner_laenge":"gelb: 5.468m \/ rot: 4.678m","partner_bedingungen":"","partner_anfahrt":"Geben Sie in Ihr Navigationssystem \u201eUnterhomberg 4\u201c ein. N\u00e4here Anfahrtsbeschreibungfinden Sie unter www.golfclub-rochushof.de.","partner_misc":null,"additional_css_classes":""},"yoast_head":"<!-- This site is optimized with the Yoast SEO plugin v26.8 - https:\/\/yoast.com\/product\/yoast-seo-wordpress\/ -->\n<title>GC Rochushof - Fairway 2 Hotel<\/title>\n<meta name=\"robots\" content=\"index, follow, max-snippet:-1, max-image-preview:large, max-video-preview:-1\" \/>\n<link rel=\"canonical\" href=\"https:\/\/fairway2hotel.at\/cs\/golfclubs\/deutschland\/golfclub-rochushof\/\" \/>\n<meta property=\"og:locale\" content=\"cs_CZ\" \/>\n<meta property=\"og:type\" content=\"article\" \/>\n<meta property=\"og:title\" content=\"GC Rochushof - Fairway 2 Hotel\" \/>\n<meta property=\"og:description\" content=\"Golf am H\u00f6chsten Weitab von Verkehr und L\u00e4rm liegt die Golfanlage am Rochushof in einer der sch\u00f6nsten Landschaften Deutschlands, dem Deggenhausertal, ca. 20 km vom Bodensee entfernt, unterhalb des H\u00f6chsten (833 m \u00fc. M.), und bietet bei sch\u00f6nem Wetter Aussicht zum See, nach \u00d6sterreich und in die Schweizer Alpen. Neben der 9-Loch-(Par 72)-Golfanlage stehen unseren [&hellip;]\" \/>\n<meta property=\"og:url\" content=\"https:\/\/fairway2hotel.at\/cs\/golfclubs\/deutschland\/golfclub-rochushof\/\" \/>\n<meta property=\"og:site_name\" content=\"Fairway 2 Hotel\" \/>\n<meta property=\"article:modified_time\" content=\"2026-01-06T16:05:47+00:00\" \/>\n<meta name=\"twitter:card\" content=\"summary_large_image\" \/>\n<meta name=\"twitter:label1\" content=\"Odhadovan\u00e1 doba \u010dten\u00ed\" \/>\n\t<meta name=\"twitter:data1\" content=\"2 minuty\" \/>\n<script type=\"application\/ld+json\" class=\"yoast-schema-graph\">{\"@context\":\"https:\/\/schema.org\",\"@graph\":[{\"@type\":\"WebPage\",\"@id\":\"https:\/\/fairway2hotel.at\/cs\/golfclubs\/deutschland\/golfclub-rochushof\/\",\"url\":\"https:\/\/fairway2hotel.at\/cs\/golfclubs\/deutschland\/golfclub-rochushof\/\",\"name\":\"GC Rochushof - Fairway 2 Hotel\",\"isPartOf\":{\"@id\":\"https:\/\/fairway2hotel.at\/cs\/#website\"},\"datePublished\":\"2010-10-21T18:14:09+00:00\",\"dateModified\":\"2026-01-06T16:05:47+00:00\",\"breadcrumb\":{\"@id\":\"https:\/\/fairway2hotel.at\/cs\/golfclubs\/deutschland\/golfclub-rochushof\/#breadcrumb\"},\"inLanguage\":\"cs\",\"potentialAction\":[{\"@type\":\"ReadAction\",\"target\":[\"https:\/\/fairway2hotel.at\/cs\/golfclubs\/deutschland\/golfclub-rochushof\/\"]}]},{\"@type\":\"BreadcrumbList\",\"@id\":\"https:\/\/fairway2hotel.at\/cs\/golfclubs\/deutschland\/golfclub-rochushof\/#breadcrumb\",\"itemListElement\":[{\"@type\":\"ListItem\",\"position\":1,\"name\":\"Home\",\"item\":\"https:\/\/fairway2hotel.at\/cs\/\"},{\"@type\":\"ListItem\",\"position\":2,\"name\":\"Golfclubs\",\"item\":\"https:\/\/fairway2hotel.at\/cs\/golfclubs\/\"},{\"@type\":\"ListItem\",\"position\":3,\"name\":\"Golfclubs Deutschland\",\"item\":\"https:\/\/fairway2hotel.at\/cs\/golfclubs\/deutschland\/\"},{\"@type\":\"ListItem\",\"position\":4,\"name\":\"GC Rochushof\"}]},{\"@type\":\"WebSite\",\"@id\":\"https:\/\/fairway2hotel.at\/cs\/#website\",\"url\":\"https:\/\/fairway2hotel.at\/cs\/\",\"name\":\"Fairway 2 Hotel\",\"description\":\"Golf zum halben Preis! 2 spielen - 1 zahlt\",\"potentialAction\":[{\"@type\":\"SearchAction\",\"target\":{\"@type\":\"EntryPoint\",\"urlTemplate\":\"https:\/\/fairway2hotel.at\/cs\/?s={search_term_string}\"},\"query-input\":{\"@type\":\"PropertyValueSpecification\",\"valueRequired\":true,\"valueName\":\"search_term_string\"}}],\"inLanguage\":\"cs\"}]}<\/script>\n<!-- \/ Yoast SEO plugin. -->","yoast_head_json":{"title":"GC Rochushof - Fairway 2 Hotel","robots":{"index":"index","follow":"follow","max-snippet":"max-snippet:-1","max-image-preview":"max-image-preview:large","max-video-preview":"max-video-preview:-1"},"canonical":"https:\/\/fairway2hotel.at\/cs\/golfclubs\/deutschland\/golfclub-rochushof\/","og_locale":"cs_CZ","og_type":"article","og_title":"GC Rochushof - Fairway 2 Hotel","og_description":"Golf am H\u00f6chsten Weitab von Verkehr und L\u00e4rm liegt die Golfanlage am Rochushof in einer der sch\u00f6nsten Landschaften Deutschlands, dem Deggenhausertal, ca. 20 km vom Bodensee entfernt, unterhalb des H\u00f6chsten (833 m \u00fc. M.), und bietet bei sch\u00f6nem Wetter Aussicht zum See, nach \u00d6sterreich und in die Schweizer Alpen. Neben der 9-Loch-(Par 72)-Golfanlage stehen unseren [&hellip;]","og_url":"https:\/\/fairway2hotel.at\/cs\/golfclubs\/deutschland\/golfclub-rochushof\/","og_site_name":"Fairway 2 Hotel","article_modified_time":"2026-01-06T16:05:47+00:00","twitter_card":"summary_large_image","twitter_misc":{"Odhadovan\u00e1 doba \u010dten\u00ed":"2 minuty"},"schema":{"@context":"https:\/\/schema.org","@graph":[{"@type":"WebPage","@id":"https:\/\/fairway2hotel.at\/cs\/golfclubs\/deutschland\/golfclub-rochushof\/","url":"https:\/\/fairway2hotel.at\/cs\/golfclubs\/deutschland\/golfclub-rochushof\/","name":"GC Rochushof - Fairway 2 Hotel","isPartOf":{"@id":"https:\/\/fairway2hotel.at\/cs\/#website"},"datePublished":"2010-10-21T18:14:09+00:00","dateModified":"2026-01-06T16:05:47+00:00","breadcrumb":{"@id":"https:\/\/fairway2hotel.at\/cs\/golfclubs\/deutschland\/golfclub-rochushof\/#breadcrumb"},"inLanguage":"cs","potentialAction":[{"@type":"ReadAction","target":["https:\/\/fairway2hotel.at\/cs\/golfclubs\/deutschland\/golfclub-rochushof\/"]}]},{"@type":"BreadcrumbList","@id":"https:\/\/fairway2hotel.at\/cs\/golfclubs\/deutschland\/golfclub-rochushof\/#breadcrumb","itemListElement":[{"@type":"ListItem","position":1,"name":"Home","item":"https:\/\/fairway2hotel.at\/cs\/"},{"@type":"ListItem","position":2,"name":"Golfclubs","item":"https:\/\/fairway2hotel.at\/cs\/golfclubs\/"},{"@type":"ListItem","position":3,"name":"Golfclubs Deutschland","item":"https:\/\/fairway2hotel.at\/cs\/golfclubs\/deutschland\/"},{"@type":"ListItem","position":4,"name":"GC Rochushof"}]},{"@type":"WebSite","@id":"https:\/\/fairway2hotel.at\/cs\/#website","url":"https:\/\/fairway2hotel.at\/cs\/","name":"Fairway 2 Hotel","description":"Golf zum halben Preis! 2 spielen - 1 zahlt","potentialAction":[{"@type":"SearchAction","target":{"@type":"EntryPoint","urlTemplate":"https:\/\/fairway2hotel.at\/cs\/?s={search_term_string}"},"query-input":{"@type":"PropertyValueSpecification","valueRequired":true,"valueName":"search_term_string"}}],"inLanguage":"cs"}]}},"_links":{"self":[{"href":"https:\/\/fairway2hotel.at\/cs\/wp-json\/wp\/v2\/pages\/716","targetHints":{"allow":["GET"]}}],"collection":[{"href":"https:\/\/fairway2hotel.at\/cs\/wp-json\/wp\/v2\/pages"}],"about":[{"href":"https:\/\/fairway2hotel.at\/cs\/wp-json\/wp\/v2\/types\/page"}],"author":[{"embeddable":true,"href":"https:\/\/fairway2hotel.at\/cs\/wp-json\/wp\/v2\/users\/1"}],"replies":[{"embeddable":true,"href":"https:\/\/fairway2hotel.at\/cs\/wp-json\/wp\/v2\/comments?post=716"}],"version-history":[{"count":6,"href":"https:\/\/fairway2hotel.at\/cs\/wp-json\/wp\/v2\/pages\/716\/revisions"}],"predecessor-version":[{"id":52283,"href":"https:\/\/fairway2hotel.at\/cs\/wp-json\/wp\/v2\/pages\/716\/revisions\/52283"}],"up":[{"embeddable":true,"href":"https:\/\/fairway2hotel.at\/cs\/wp-json\/wp\/v2\/pages\/1607"}],"acf:attachment":[{"embeddable":true,"href":"https:\/\/fairway2hotel.at\/cs\/wp-json\/wp\/v2\/media\/52282"},{"embeddable":true,"href":"https:\/\/fairway2hotel.at\/cs\/wp-json\/wp\/v2\/media\/52281"},{"embeddable":true,"href":"https:\/\/fairway2hotel.at\/cs\/wp-json\/wp\/v2\/media\/52280"},{"embeddable":true,"href":"https:\/\/fairway2hotel.at\/cs\/wp-json\/wp\/v2\/media\/714"}],"wp:attachment":[{"href":"https:\/\/fairway2hotel.at\/cs\/wp-json\/wp\/v2\/media?parent=716"}],"curies":[{"name":"wp","href":"https:\/\/api.w.org\/{rel}","templated":true}]}}