{"id":724,"date":"2010-10-21T20:33:26","date_gmt":"2010-10-21T18:33:26","guid":{"rendered":"https:\/\/f2h.app\/golfclub-stiftland\/"},"modified":"2026-01-06T17:10:02","modified_gmt":"2026-01-06T16:10:02","slug":"golfclub-stiftland","status":"publish","type":"page","link":"https:\/\/fairway2hotel.at\/cs\/golfclubs\/deutschland\/golfclub-stiftland\/","title":{"rendered":"GC Stiftland e.V."},"content":{"rendered":"<h2>Golf spielen im Herzen Europas &#8211; Natur erleben &#8211; Kultur genie\u00dfen<\/h2>\n<p>Der Golfclub Stiftland liegt am Mittelpunkt Europas, im Herzen der bayerisch-b\u00f6hmischen B\u00e4derregion.<br \/>\nHier im nord\u00f6stlichen Teil der Oberpfalz, in Bad Neualbenreuth, ist die Welt noch in Ordnung. Genie\u00dfen Sie unsere wundersch\u00f6ne und naturbelassene Landschaft. Golf und Natur bilden eine harmonische Einheit. Der Golfclub Stiftland in Bad Neualbenreuth ist ein malerischer 18-Loch-Golfplatz und liegt in der N\u00e4he des weltbekannten b\u00f6hmischen B\u00e4derdreiecks.<br \/>\nDer Platz erstreckt sich \u00fcber sanfte H\u00fcgel und bietet atemberaubende Ausblicke auf die umliegende bayerische und b\u00f6hmische Landschaft. Der Golfclub bietet Golfern jeden Niveaus eine erlebnisreiche Erfahrung, einschlie\u00dflich einer gro\u00dfen Driving Range und einem einladenden Putting Green.<br \/>\nDie Lage des Platzes in der N\u00e4he des b\u00f6hmischen B\u00e4derdreiecks ist ideal f\u00fcr Golfer, die hier ihren Golfurlaub verbringen und nach dem Spiel entspannen und die heilenden Kr\u00e4fte der Thermalquellen und Kurorte in Karlsbad, Marienbad und Franzensbad genie\u00dfen m\u00f6chten.<br \/>\nDie Gegend ist auch bekannt f\u00fcr ihre reiche Kulturgeschichte und ihre hervorragende K\u00fcche, welche lokale Spezialit\u00e4ten und internationale Gerichte umfasst. Im Herzen der Golfanlage befindet sich unser Clubhaus mit italienischem Restaurant.<br \/>\nDie herrliche Sonnenterrasse l\u00e4dt nach einer lockeren Runde Golf auf einen \u201eSpritz\u201c und entspannte Gespr\u00e4che ein.<br \/>\nSo kann man einen wunderbaren Golftag entspannt ausklingen lassen und einen zauberhaften Sonnenuntergang genie\u00dfen.<br \/>\nWir haben 10 Wohnmobil-Stellpl\u00e4tze hinter dem 18. Gr\u00fcn. Hunde angeleint gerne willkommen.<\/p>\n<h2>Play golf in the heart of Europe &#8211; experience nature &#8211; enjoy culture<\/h2>\n<p>Golfclub Stiftland is located at the heart of Europe, in the center of the Bavarian-Bohemian spa region.<br \/>\nHere in the northeastern part of the Upper Palatinate, in Bad Neualbenreuth, the world is still in perfect harmony. Enjoy our beautiful and unspoiled natural landscape \u2014 golf and nature form a harmonious unity. Golfclub Stiftland in Bad Neualbenreuth is a picturesque 18-hole golf course** situated near the world-renowned Bohemian spa triangle.<br \/>\nThe course stretches across gentle hills and offers breathtaking views of the surrounding Bavarian and Bohemian countryside. The golf club offers a memorable experience for players of all skill levels, including a spacious driving range and a welcoming putting green.<br \/>\nIts location near the Bohemian spa triangle makes it ideal for golfers looking to spend their holiday here \u2014 enjoying a relaxing round of golf and then unwinding in the healing waters of the nearby thermal springs and health resorts of Karlovy Vary (Carlsbad), Mari\u00e1nsk\u00e9 L\u00e1zn\u011b (Marienbad), and Franti\u0161kovy L\u00e1zn\u011b (Franzensbad).<br \/>\nThe region is also renowned for its rich cultural heritage and excellent cuisine, featuring both local specialties and international dishes. At the heart of the golf complex is our clubhouse with an Italian restaurant.<br \/>\nThe beautiful sun terrace invites you to enjoy a refreshing spritz and relaxed conversation after a casual round of golf.<br \/>\nIt\u2019s the perfect way to unwind and take in a magical sunset at the end of a wonderful golf day. We also offer 10 motorhome pitches just behind the 18th green. Dogs are welcome when kept on a leash.<\/p>\n","protected":false},"excerpt":{"rendered":"<p>Golf spielen im Herzen Europas &#8211; Natur erleben &#8211; Kultur genie\u00dfen Der Golfclub Stiftland liegt am Mittelpunkt Europas, im Herzen der bayerisch-b\u00f6hmischen B\u00e4derregion. Hier im nord\u00f6stlichen Teil der Oberpfalz, in Bad Neualbenreuth, ist die Welt noch in Ordnung. Genie\u00dfen Sie unsere wundersch\u00f6ne und naturbelassene Landschaft. Golf und Natur bilden eine harmonische Einheit. Der Golfclub Stiftland [&hellip;]<\/p>\n","protected":false},"author":1,"featured_media":0,"parent":1607,"menu_order":200,"comment_status":"closed","ping_status":"closed","template":"page-partner.php","meta":{"_acf_changed":false,"footnotes":""},"class_list":["post-724","page","type-page","status-publish","hentry"],"acf":{"partner_infobox":"<strong>Adresse:\u00a0<\/strong>Ottengr\u00fcn 50\u00a0D-95698 Bad Neualbenreuth\r\n\r\n<strong>Tel:\u00a0<\/strong>+49 9638-1271\r\n\r\n<strong>Fax:\u00a0<\/strong>+49 9638-1227\r\n\r\n<strong>Web: <\/strong><a href=\"http:\/\/www.gc-stiftland.de\" target=\"_blank\" rel=\"nofollow noopener\">www.gc-stiftland.de<\/a>\r\n\r\n<strong>E-Mail:<\/strong> <a href=\"mailto:info@gc-stiftland.de\">info@gc-stiftland.de<\/a>\r\n\r\n<strong>Spielbahnen\/Par:\r\n<\/strong>18\/72 und \u00f6ffentlicher 9 Loch \/ Par 3-Platz\r\n\r\n<strong>La\u0308nge:\r\n<\/strong>gelb: 6.175 m, Slope 127, CR 73,0 \/ rot: 5.372 m, Slope 125, CR 74,2\r\n\r\n<strong>Anfahrt:\r\n<\/strong>A93 Regensburg \u2192 Hof, Ausfahrt Mitterteich-S\u00fcd, weiter Richtung Sibyllenbad nach Bad Neualbenreuth, vor Bad Neualbenreuth der Beschilderung zum Golfplatz folgen","partner_logo":48281,"partner_gallery":[48287,48291,48295,48289,48293,48283],"partner_lat":49.970874,"partner_long":12.426755,"partner_type":"golfclub","partner_openings":["1","2","3","4","5","6","7"],"montag_von_bis":"00:00 - 24:00","dienstag_von_bis":"00:00 - 24:00","mittwoch_von_bis":"00:00 - 24:00","donnerstag_von_bis":"00:00 - 24:00","freitag_von_bis":"00:00 - 24:00","samstag_von_bis":"00:00 - 24:00","sonntag_von_bis":"00:00 - 24:00","partner_adresse":"Ottengr\u00fcn 50\u00a095698 Bad Neualbenreuth","partner_land_bundesland":"Deutschland","partner_tel_1":"0049 9638 1227","partner_tel_2":"0049 9638 1271","partner_web":"http:\/\/www.gc-stiftland.de","partner_mail":"office@gc-stiftland.de","partner_spielbahnen_par":"18\/72 ","partner_laenge":"gelb: 6.175 m, Slope 127, CR 73,0 \/ rot: 5.372 m, Slope 125, CR 74,2","partner_bedingungen":"","partner_anfahrt":"A93 Regensburg \u2192 Hof, Ausfahrt Mitterteich-S\u00fcd, weiter Richtung Sibyllenbad nach Bad Neualbenreuth, vor Bad Neualbenreuth der Beschilderung zum Golfplatz folgen","partner_misc":null,"additional_css_classes":""},"yoast_head":"<!-- This site is optimized with the Yoast SEO plugin v26.8 - https:\/\/yoast.com\/product\/yoast-seo-wordpress\/ -->\n<title>GC Stiftland e.V. - Fairway 2 Hotel<\/title>\n<meta name=\"robots\" content=\"index, follow, max-snippet:-1, max-image-preview:large, max-video-preview:-1\" \/>\n<link rel=\"canonical\" href=\"https:\/\/fairway2hotel.at\/cs\/golfclubs\/deutschland\/golfclub-stiftland\/\" \/>\n<meta property=\"og:locale\" content=\"cs_CZ\" \/>\n<meta property=\"og:type\" content=\"article\" \/>\n<meta property=\"og:title\" content=\"GC Stiftland e.V. - Fairway 2 Hotel\" \/>\n<meta property=\"og:description\" content=\"Golf spielen im Herzen Europas &#8211; Natur erleben &#8211; Kultur genie\u00dfen Der Golfclub Stiftland liegt am Mittelpunkt Europas, im Herzen der bayerisch-b\u00f6hmischen B\u00e4derregion. Hier im nord\u00f6stlichen Teil der Oberpfalz, in Bad Neualbenreuth, ist die Welt noch in Ordnung. Genie\u00dfen Sie unsere wundersch\u00f6ne und naturbelassene Landschaft. Golf und Natur bilden eine harmonische Einheit. Der Golfclub Stiftland [&hellip;]\" \/>\n<meta property=\"og:url\" content=\"https:\/\/fairway2hotel.at\/cs\/golfclubs\/deutschland\/golfclub-stiftland\/\" \/>\n<meta property=\"og:site_name\" content=\"Fairway 2 Hotel\" \/>\n<meta property=\"article:modified_time\" content=\"2026-01-06T16:10:02+00:00\" \/>\n<meta name=\"twitter:card\" content=\"summary_large_image\" \/>\n<meta name=\"twitter:label1\" content=\"Odhadovan\u00e1 doba \u010dten\u00ed\" \/>\n\t<meta name=\"twitter:data1\" content=\"3 minuty\" \/>\n<script type=\"application\/ld+json\" class=\"yoast-schema-graph\">{\"@context\":\"https:\/\/schema.org\",\"@graph\":[{\"@type\":\"WebPage\",\"@id\":\"https:\/\/fairway2hotel.at\/cs\/golfclubs\/deutschland\/golfclub-stiftland\/\",\"url\":\"https:\/\/fairway2hotel.at\/cs\/golfclubs\/deutschland\/golfclub-stiftland\/\",\"name\":\"GC Stiftland e.V. - Fairway 2 Hotel\",\"isPartOf\":{\"@id\":\"https:\/\/fairway2hotel.at\/cs\/#website\"},\"datePublished\":\"2010-10-21T18:33:26+00:00\",\"dateModified\":\"2026-01-06T16:10:02+00:00\",\"breadcrumb\":{\"@id\":\"https:\/\/fairway2hotel.at\/cs\/golfclubs\/deutschland\/golfclub-stiftland\/#breadcrumb\"},\"inLanguage\":\"cs\",\"potentialAction\":[{\"@type\":\"ReadAction\",\"target\":[\"https:\/\/fairway2hotel.at\/cs\/golfclubs\/deutschland\/golfclub-stiftland\/\"]}]},{\"@type\":\"BreadcrumbList\",\"@id\":\"https:\/\/fairway2hotel.at\/cs\/golfclubs\/deutschland\/golfclub-stiftland\/#breadcrumb\",\"itemListElement\":[{\"@type\":\"ListItem\",\"position\":1,\"name\":\"Home\",\"item\":\"https:\/\/fairway2hotel.at\/cs\/\"},{\"@type\":\"ListItem\",\"position\":2,\"name\":\"Golfclubs\",\"item\":\"https:\/\/fairway2hotel.at\/cs\/golfclubs\/\"},{\"@type\":\"ListItem\",\"position\":3,\"name\":\"Golfclubs Deutschland\",\"item\":\"https:\/\/fairway2hotel.at\/cs\/golfclubs\/deutschland\/\"},{\"@type\":\"ListItem\",\"position\":4,\"name\":\"GC Stiftland e.V.\"}]},{\"@type\":\"WebSite\",\"@id\":\"https:\/\/fairway2hotel.at\/cs\/#website\",\"url\":\"https:\/\/fairway2hotel.at\/cs\/\",\"name\":\"Fairway 2 Hotel\",\"description\":\"Golf zum halben Preis! 2 spielen - 1 zahlt\",\"potentialAction\":[{\"@type\":\"SearchAction\",\"target\":{\"@type\":\"EntryPoint\",\"urlTemplate\":\"https:\/\/fairway2hotel.at\/cs\/?s={search_term_string}\"},\"query-input\":{\"@type\":\"PropertyValueSpecification\",\"valueRequired\":true,\"valueName\":\"search_term_string\"}}],\"inLanguage\":\"cs\"}]}<\/script>\n<!-- \/ Yoast SEO plugin. -->","yoast_head_json":{"title":"GC Stiftland e.V. - Fairway 2 Hotel","robots":{"index":"index","follow":"follow","max-snippet":"max-snippet:-1","max-image-preview":"max-image-preview:large","max-video-preview":"max-video-preview:-1"},"canonical":"https:\/\/fairway2hotel.at\/cs\/golfclubs\/deutschland\/golfclub-stiftland\/","og_locale":"cs_CZ","og_type":"article","og_title":"GC Stiftland e.V. - Fairway 2 Hotel","og_description":"Golf spielen im Herzen Europas &#8211; Natur erleben &#8211; Kultur genie\u00dfen Der Golfclub Stiftland liegt am Mittelpunkt Europas, im Herzen der bayerisch-b\u00f6hmischen B\u00e4derregion. Hier im nord\u00f6stlichen Teil der Oberpfalz, in Bad Neualbenreuth, ist die Welt noch in Ordnung. Genie\u00dfen Sie unsere wundersch\u00f6ne und naturbelassene Landschaft. Golf und Natur bilden eine harmonische Einheit. Der Golfclub Stiftland [&hellip;]","og_url":"https:\/\/fairway2hotel.at\/cs\/golfclubs\/deutschland\/golfclub-stiftland\/","og_site_name":"Fairway 2 Hotel","article_modified_time":"2026-01-06T16:10:02+00:00","twitter_card":"summary_large_image","twitter_misc":{"Odhadovan\u00e1 doba \u010dten\u00ed":"3 minuty"},"schema":{"@context":"https:\/\/schema.org","@graph":[{"@type":"WebPage","@id":"https:\/\/fairway2hotel.at\/cs\/golfclubs\/deutschland\/golfclub-stiftland\/","url":"https:\/\/fairway2hotel.at\/cs\/golfclubs\/deutschland\/golfclub-stiftland\/","name":"GC Stiftland e.V. - Fairway 2 Hotel","isPartOf":{"@id":"https:\/\/fairway2hotel.at\/cs\/#website"},"datePublished":"2010-10-21T18:33:26+00:00","dateModified":"2026-01-06T16:10:02+00:00","breadcrumb":{"@id":"https:\/\/fairway2hotel.at\/cs\/golfclubs\/deutschland\/golfclub-stiftland\/#breadcrumb"},"inLanguage":"cs","potentialAction":[{"@type":"ReadAction","target":["https:\/\/fairway2hotel.at\/cs\/golfclubs\/deutschland\/golfclub-stiftland\/"]}]},{"@type":"BreadcrumbList","@id":"https:\/\/fairway2hotel.at\/cs\/golfclubs\/deutschland\/golfclub-stiftland\/#breadcrumb","itemListElement":[{"@type":"ListItem","position":1,"name":"Home","item":"https:\/\/fairway2hotel.at\/cs\/"},{"@type":"ListItem","position":2,"name":"Golfclubs","item":"https:\/\/fairway2hotel.at\/cs\/golfclubs\/"},{"@type":"ListItem","position":3,"name":"Golfclubs Deutschland","item":"https:\/\/fairway2hotel.at\/cs\/golfclubs\/deutschland\/"},{"@type":"ListItem","position":4,"name":"GC Stiftland e.V."}]},{"@type":"WebSite","@id":"https:\/\/fairway2hotel.at\/cs\/#website","url":"https:\/\/fairway2hotel.at\/cs\/","name":"Fairway 2 Hotel","description":"Golf zum halben Preis! 2 spielen - 1 zahlt","potentialAction":[{"@type":"SearchAction","target":{"@type":"EntryPoint","urlTemplate":"https:\/\/fairway2hotel.at\/cs\/?s={search_term_string}"},"query-input":{"@type":"PropertyValueSpecification","valueRequired":true,"valueName":"search_term_string"}}],"inLanguage":"cs"}]}},"_links":{"self":[{"href":"https:\/\/fairway2hotel.at\/cs\/wp-json\/wp\/v2\/pages\/724","targetHints":{"allow":["GET"]}}],"collection":[{"href":"https:\/\/fairway2hotel.at\/cs\/wp-json\/wp\/v2\/pages"}],"about":[{"href":"https:\/\/fairway2hotel.at\/cs\/wp-json\/wp\/v2\/types\/page"}],"author":[{"embeddable":true,"href":"https:\/\/fairway2hotel.at\/cs\/wp-json\/wp\/v2\/users\/1"}],"replies":[{"embeddable":true,"href":"https:\/\/fairway2hotel.at\/cs\/wp-json\/wp\/v2\/comments?post=724"}],"version-history":[{"count":12,"href":"https:\/\/fairway2hotel.at\/cs\/wp-json\/wp\/v2\/pages\/724\/revisions"}],"predecessor-version":[{"id":52285,"href":"https:\/\/fairway2hotel.at\/cs\/wp-json\/wp\/v2\/pages\/724\/revisions\/52285"}],"up":[{"embeddable":true,"href":"https:\/\/fairway2hotel.at\/cs\/wp-json\/wp\/v2\/pages\/1607"}],"acf:attachment":[{"embeddable":true,"href":"https:\/\/fairway2hotel.at\/cs\/wp-json\/wp\/v2\/media\/48283"},{"embeddable":true,"href":"https:\/\/fairway2hotel.at\/cs\/wp-json\/wp\/v2\/media\/48293"},{"embeddable":true,"href":"https:\/\/fairway2hotel.at\/cs\/wp-json\/wp\/v2\/media\/48289"},{"embeddable":true,"href":"https:\/\/fairway2hotel.at\/cs\/wp-json\/wp\/v2\/media\/48295"},{"embeddable":true,"href":"https:\/\/fairway2hotel.at\/cs\/wp-json\/wp\/v2\/media\/48291"},{"embeddable":true,"href":"https:\/\/fairway2hotel.at\/cs\/wp-json\/wp\/v2\/media\/48287"}],"wp:attachment":[{"href":"https:\/\/fairway2hotel.at\/cs\/wp-json\/wp\/v2\/media?parent=724"}],"curies":[{"name":"wp","href":"https:\/\/api.w.org\/{rel}","templated":true}]}}