{"id":731,"date":"2010-10-21T20:45:54","date_gmt":"2010-10-21T18:45:54","guid":{"rendered":"https:\/\/f2h.app\/golfanlage-gut-thailing\/"},"modified":"2025-03-31T11:59:14","modified_gmt":"2025-03-31T09:59:14","slug":"golfanlage-gut-thailing","status":"publish","type":"page","link":"https:\/\/fairway2hotel.at\/cs\/golfclubs\/deutschland\/golfanlage-gut-thailing\/","title":{"rendered":"GC Thailing"},"content":{"rendered":"<h2>Die Faszination des Golfsports mit allen Sinnen genie\u00dfen<\/h2>\n<p>Mit dem Ziel vor Augen, die beliebteste und freundlichste Golfanlage Deutschlands zu werden, ist der Golfplatz Gut Thailing ein beliebter Treffpunkt fu\u0308r Golfer jeden Alters und Spielniveaus. Die gepflegte 18-Loch-Golfanlage mit traumhafter Naturlandschaft und atemberaubendem Weitblick auf die bayerische Alpenkulisse begeistert durch exklusives Ambiente, sportlich-junges Flair sowie einzigartige Golfevents. Ideale Spielbedingungen und der mit sehr viel Herzblut gefu\u0308hrte Golfclub lassen einfach keine Wu\u0308nsche offen. Weitab vom Alltag ko\u0308nnen Sie sportliche Ho\u0308hepunkte erleben oder einfach nur die Seele baumeln lassen. Unsere ideenreiche Gastronomie wird Sie auf unserer wunderscho\u0308nen Sonnenterrasse rundum verwo\u0308hnen und la\u0308dt Sie ein, Ihren Golftag in harmonischer Lounge-Atmospha\u0308re zu genie\u00dfen.<\/p>\n<h2>Enjoy the fascination of golf with all your senses<\/h2>\n<p>With the aim of becoming the most popular and friendly golf course in Germany, the Gut Thailing golf course is a popular meeting place for golfers of all ages and levels. The well-maintained 18-hole golf course with its dreamlike natural landscape and breathtaking views of the Bavarian Alps inspires with its exclusive ambience, sporty-young flair and unique golf events. Ideal playing conditions and the golf club, which is run with great passion, leave nothing to be desired. Far away from everyday life, you can experience sporting highlights or simply relax and unwind. Our imaginative catering will spoil you on our wonderful sun terrace and invites you to enjoy your day of golf in a harmonious lounge atmosphere.<\/p>\n","protected":false},"excerpt":{"rendered":"<p>Die Faszination des Golfsports mit allen Sinnen genie\u00dfen Mit dem Ziel vor Augen, die beliebteste und freundlichste Golfanlage Deutschlands zu werden, ist der Golfplatz Gut Thailing ein beliebter Treffpunkt fu\u0308r Golfer jeden Alters und Spielniveaus. Die gepflegte 18-Loch-Golfanlage mit traumhafter Naturlandschaft und atemberaubendem Weitblick auf die bayerische Alpenkulisse begeistert durch exklusives Ambiente, sportlich-junges Flair sowie [&hellip;]<\/p>\n","protected":false},"author":1,"featured_media":0,"parent":1607,"menu_order":85,"comment_status":"closed","ping_status":"closed","template":"page-partner.php","meta":{"_acf_changed":false,"footnotes":""},"class_list":["post-731","page","type-page","status-publish","hentry"],"acf":{"partner_infobox":"<strong>Adresse:\u00a0<\/strong>Thailing 4, D-85643 Steinh\u00f6ring\r\n\r\n<strong>Tel:\u00a0<\/strong>+49 (0) 8094 \/ 90 550 - 0\r\n\r\n<strong>Fax:\u00a0<\/strong>+49 (0) 8094 \/ 90 550 - 99\r\n\r\n<strong>Web: <\/strong><a href=\"https:\/\/www.golfplatz-thailing.de\/\" target=\"_blank\" rel=\"nofollow noopener noreferrer\">www.golfplatz-thailing.de<\/a>\r\n\r\n<strong>E-Mail:<\/strong> <a href=\"mailto:info@golfplatz-thailing.de\">info@golfplatz-thailing.de<\/a>\r\n\r\n<strong>Spielbahnen\/Par: <\/strong>18\/72 + 6-Loch-Kurzplatz\r\n\r\n<strong>La\u0308nge:\r\n<\/strong>wei\u00df: 6.034 m\r\ngelb: 5.817 m \/\r\nblau: 5.277 m\r\nrot: 5.012 m\r\n\r\n<strong>Bedingungen:\u00a0<\/strong>Gutscheine einl\u00f6sbar von MO\u2013DO.\r\n\r\n<strong>Anfahrt:\r\n<\/strong>Der Platz liegt ca. 1 Stunde von Passau bzw. 1 Stunde von Salzburg gut erreichbar \u00fcber die A94 und die B12. 30 Minuten von M\u00fcnchen.","partner_logo":730,"partner_gallery":[729,47390,47392,47394],"partner_lat":48.11219,"partner_long":12.001,"partner_type":"golfclub","partner_openings":["1","2","3","4","5"],"montag_von_bis":"00:00 - 24:00","dienstag_von_bis":"00:00 - 24:00","mittwoch_von_bis":"00:00 - 24:00","donnerstag_von_bis":"00:00 - 24:00","freitag_von_bis":"00:00 - 24:00","samstag_von_bis":"00:00 - 24:00","sonntag_von_bis":"00:00 - 24:00","partner_adresse":"Thailing 4, 85643 Steinh\u00f6ring","partner_land_bundesland":"Deutschland","partner_tel_1":"0049 8094 90 550 99","partner_tel_2":"0049 8094 90 550 0","partner_web":"http:\/\/www.golfplatz-thailing.de","partner_mail":"info@golfplatz-thailing.de","partner_spielbahnen_par":"18\/72 + 6-Loch-Kurzplatz","partner_laenge":"wei\u00df: 6.034 m gelb: 5.817 m \/ blau: 5.277 m rot: 5.012 m","partner_bedingungen":"GS einl\u00f6sbar MO-FR ausgenommen Feiertage \r\nvouchers valid from Mon-Fri except public holidays","partner_anfahrt":"Der Platz liegt ca. 1 Stunde von Passau bzw. 1 Stunde von Salzburg gut erreichbar \u00fcber die A94 und die B12. 30 Minuten von M\u00fcnchen.","partner_misc":null,"additional_css_classes":""},"yoast_head":"<!-- This site is optimized with the Yoast SEO plugin v26.8 - https:\/\/yoast.com\/product\/yoast-seo-wordpress\/ -->\n<title>GC Thailing - Fairway 2 Hotel<\/title>\n<meta name=\"robots\" content=\"index, follow, max-snippet:-1, max-image-preview:large, max-video-preview:-1\" \/>\n<link rel=\"canonical\" href=\"https:\/\/fairway2hotel.at\/cs\/golfclubs\/deutschland\/golfanlage-gut-thailing\/\" \/>\n<meta property=\"og:locale\" content=\"cs_CZ\" \/>\n<meta property=\"og:type\" content=\"article\" \/>\n<meta property=\"og:title\" content=\"GC Thailing - Fairway 2 Hotel\" \/>\n<meta property=\"og:description\" content=\"Die Faszination des Golfsports mit allen Sinnen genie\u00dfen Mit dem Ziel vor Augen, die beliebteste und freundlichste Golfanlage Deutschlands zu werden, ist der Golfplatz Gut Thailing ein beliebter Treffpunkt fu\u0308r Golfer jeden Alters und Spielniveaus. Die gepflegte 18-Loch-Golfanlage mit traumhafter Naturlandschaft und atemberaubendem Weitblick auf die bayerische Alpenkulisse begeistert durch exklusives Ambiente, sportlich-junges Flair sowie [&hellip;]\" \/>\n<meta property=\"og:url\" content=\"https:\/\/fairway2hotel.at\/cs\/golfclubs\/deutschland\/golfanlage-gut-thailing\/\" \/>\n<meta property=\"og:site_name\" content=\"Fairway 2 Hotel\" \/>\n<meta property=\"article:modified_time\" content=\"2025-03-31T09:59:14+00:00\" \/>\n<meta name=\"twitter:card\" content=\"summary_large_image\" \/>\n<meta name=\"twitter:label1\" content=\"Odhadovan\u00e1 doba \u010dten\u00ed\" \/>\n\t<meta name=\"twitter:data1\" content=\"2 minuty\" \/>\n<script type=\"application\/ld+json\" class=\"yoast-schema-graph\">{\"@context\":\"https:\/\/schema.org\",\"@graph\":[{\"@type\":\"WebPage\",\"@id\":\"https:\/\/fairway2hotel.at\/cs\/golfclubs\/deutschland\/golfanlage-gut-thailing\/\",\"url\":\"https:\/\/fairway2hotel.at\/cs\/golfclubs\/deutschland\/golfanlage-gut-thailing\/\",\"name\":\"GC Thailing - Fairway 2 Hotel\",\"isPartOf\":{\"@id\":\"https:\/\/fairway2hotel.at\/cs\/#website\"},\"datePublished\":\"2010-10-21T18:45:54+00:00\",\"dateModified\":\"2025-03-31T09:59:14+00:00\",\"breadcrumb\":{\"@id\":\"https:\/\/fairway2hotel.at\/cs\/golfclubs\/deutschland\/golfanlage-gut-thailing\/#breadcrumb\"},\"inLanguage\":\"cs\",\"potentialAction\":[{\"@type\":\"ReadAction\",\"target\":[\"https:\/\/fairway2hotel.at\/cs\/golfclubs\/deutschland\/golfanlage-gut-thailing\/\"]}]},{\"@type\":\"BreadcrumbList\",\"@id\":\"https:\/\/fairway2hotel.at\/cs\/golfclubs\/deutschland\/golfanlage-gut-thailing\/#breadcrumb\",\"itemListElement\":[{\"@type\":\"ListItem\",\"position\":1,\"name\":\"Home\",\"item\":\"https:\/\/fairway2hotel.at\/cs\/\"},{\"@type\":\"ListItem\",\"position\":2,\"name\":\"Golfclubs\",\"item\":\"https:\/\/fairway2hotel.at\/cs\/golfclubs\/\"},{\"@type\":\"ListItem\",\"position\":3,\"name\":\"Golfclubs Deutschland\",\"item\":\"https:\/\/fairway2hotel.at\/cs\/golfclubs\/deutschland\/\"},{\"@type\":\"ListItem\",\"position\":4,\"name\":\"GC Thailing\"}]},{\"@type\":\"WebSite\",\"@id\":\"https:\/\/fairway2hotel.at\/cs\/#website\",\"url\":\"https:\/\/fairway2hotel.at\/cs\/\",\"name\":\"Fairway 2 Hotel\",\"description\":\"Golf zum halben Preis! 2 spielen - 1 zahlt\",\"potentialAction\":[{\"@type\":\"SearchAction\",\"target\":{\"@type\":\"EntryPoint\",\"urlTemplate\":\"https:\/\/fairway2hotel.at\/cs\/?s={search_term_string}\"},\"query-input\":{\"@type\":\"PropertyValueSpecification\",\"valueRequired\":true,\"valueName\":\"search_term_string\"}}],\"inLanguage\":\"cs\"}]}<\/script>\n<!-- \/ Yoast SEO plugin. -->","yoast_head_json":{"title":"GC Thailing - Fairway 2 Hotel","robots":{"index":"index","follow":"follow","max-snippet":"max-snippet:-1","max-image-preview":"max-image-preview:large","max-video-preview":"max-video-preview:-1"},"canonical":"https:\/\/fairway2hotel.at\/cs\/golfclubs\/deutschland\/golfanlage-gut-thailing\/","og_locale":"cs_CZ","og_type":"article","og_title":"GC Thailing - Fairway 2 Hotel","og_description":"Die Faszination des Golfsports mit allen Sinnen genie\u00dfen Mit dem Ziel vor Augen, die beliebteste und freundlichste Golfanlage Deutschlands zu werden, ist der Golfplatz Gut Thailing ein beliebter Treffpunkt fu\u0308r Golfer jeden Alters und Spielniveaus. Die gepflegte 18-Loch-Golfanlage mit traumhafter Naturlandschaft und atemberaubendem Weitblick auf die bayerische Alpenkulisse begeistert durch exklusives Ambiente, sportlich-junges Flair sowie [&hellip;]","og_url":"https:\/\/fairway2hotel.at\/cs\/golfclubs\/deutschland\/golfanlage-gut-thailing\/","og_site_name":"Fairway 2 Hotel","article_modified_time":"2025-03-31T09:59:14+00:00","twitter_card":"summary_large_image","twitter_misc":{"Odhadovan\u00e1 doba \u010dten\u00ed":"2 minuty"},"schema":{"@context":"https:\/\/schema.org","@graph":[{"@type":"WebPage","@id":"https:\/\/fairway2hotel.at\/cs\/golfclubs\/deutschland\/golfanlage-gut-thailing\/","url":"https:\/\/fairway2hotel.at\/cs\/golfclubs\/deutschland\/golfanlage-gut-thailing\/","name":"GC Thailing - Fairway 2 Hotel","isPartOf":{"@id":"https:\/\/fairway2hotel.at\/cs\/#website"},"datePublished":"2010-10-21T18:45:54+00:00","dateModified":"2025-03-31T09:59:14+00:00","breadcrumb":{"@id":"https:\/\/fairway2hotel.at\/cs\/golfclubs\/deutschland\/golfanlage-gut-thailing\/#breadcrumb"},"inLanguage":"cs","potentialAction":[{"@type":"ReadAction","target":["https:\/\/fairway2hotel.at\/cs\/golfclubs\/deutschland\/golfanlage-gut-thailing\/"]}]},{"@type":"BreadcrumbList","@id":"https:\/\/fairway2hotel.at\/cs\/golfclubs\/deutschland\/golfanlage-gut-thailing\/#breadcrumb","itemListElement":[{"@type":"ListItem","position":1,"name":"Home","item":"https:\/\/fairway2hotel.at\/cs\/"},{"@type":"ListItem","position":2,"name":"Golfclubs","item":"https:\/\/fairway2hotel.at\/cs\/golfclubs\/"},{"@type":"ListItem","position":3,"name":"Golfclubs Deutschland","item":"https:\/\/fairway2hotel.at\/cs\/golfclubs\/deutschland\/"},{"@type":"ListItem","position":4,"name":"GC Thailing"}]},{"@type":"WebSite","@id":"https:\/\/fairway2hotel.at\/cs\/#website","url":"https:\/\/fairway2hotel.at\/cs\/","name":"Fairway 2 Hotel","description":"Golf zum halben Preis! 2 spielen - 1 zahlt","potentialAction":[{"@type":"SearchAction","target":{"@type":"EntryPoint","urlTemplate":"https:\/\/fairway2hotel.at\/cs\/?s={search_term_string}"},"query-input":{"@type":"PropertyValueSpecification","valueRequired":true,"valueName":"search_term_string"}}],"inLanguage":"cs"}]}},"_links":{"self":[{"href":"https:\/\/fairway2hotel.at\/cs\/wp-json\/wp\/v2\/pages\/731","targetHints":{"allow":["GET"]}}],"collection":[{"href":"https:\/\/fairway2hotel.at\/cs\/wp-json\/wp\/v2\/pages"}],"about":[{"href":"https:\/\/fairway2hotel.at\/cs\/wp-json\/wp\/v2\/types\/page"}],"author":[{"embeddable":true,"href":"https:\/\/fairway2hotel.at\/cs\/wp-json\/wp\/v2\/users\/1"}],"replies":[{"embeddable":true,"href":"https:\/\/fairway2hotel.at\/cs\/wp-json\/wp\/v2\/comments?post=731"}],"version-history":[{"count":11,"href":"https:\/\/fairway2hotel.at\/cs\/wp-json\/wp\/v2\/pages\/731\/revisions"}],"predecessor-version":[{"id":47396,"href":"https:\/\/fairway2hotel.at\/cs\/wp-json\/wp\/v2\/pages\/731\/revisions\/47396"}],"up":[{"embeddable":true,"href":"https:\/\/fairway2hotel.at\/cs\/wp-json\/wp\/v2\/pages\/1607"}],"acf:attachment":[{"embeddable":true,"href":"https:\/\/fairway2hotel.at\/cs\/wp-json\/wp\/v2\/media\/47394"},{"embeddable":true,"href":"https:\/\/fairway2hotel.at\/cs\/wp-json\/wp\/v2\/media\/47392"},{"embeddable":true,"href":"https:\/\/fairway2hotel.at\/cs\/wp-json\/wp\/v2\/media\/47390"},{"embeddable":true,"href":"https:\/\/fairway2hotel.at\/cs\/wp-json\/wp\/v2\/media\/729"}],"wp:attachment":[{"href":"https:\/\/fairway2hotel.at\/cs\/wp-json\/wp\/v2\/media?parent=731"}],"curies":[{"name":"wp","href":"https:\/\/api.w.org\/{rel}","templated":true}]}}