{"id":743,"date":"2010-10-22T23:19:30","date_gmt":"2010-10-22T21:19:30","guid":{"rendered":"https:\/\/f2h.app\/golfclub-grado\/"},"modified":"2025-11-20T16:04:19","modified_gmt":"2025-11-20T15:04:19","slug":"golfclub-grado","status":"publish","type":"page","link":"https:\/\/fairway2hotel.at\/cs\/golfclubs\/italien\/golfclub-grado\/","title":{"rendered":"GC Grado"},"content":{"rendered":"<h2>Der Reiz zwischen Meer und Lagune Golf zu spielen<\/h2>\n<p>Eine bezaubernde und unber\u00fchrte Landschaft, ein angenehmes Klima, und das rund ums Jahr. Ruhe und Konzentration: Golfclub Grado bedeutet all dies\u2026und vieles mehr! Der 18 Loch-\u201eChampionship\u201c-Platz wei\u00df selbst Profis zu faszinieren und ist immer wieder eine Herausforderung f\u00fcr jede Handicapklasse.<\/p>\n<h2>The charm of playing golf between the sea and the lagoon<\/h2>\n<p>An enchanting and unspoilt landscape, a pleasant climate, all year round. Peace and concentration: Grado Golf Club means all this&#8230;and much more! The 18-hole \u2018championship\u2019 course knows how to fascinate even professionals and is always a challenge for every handicap class.<\/p>\n","protected":false},"excerpt":{"rendered":"<p>Der Reiz zwischen Meer und Lagune Golf zu spielen Eine bezaubernde und unber\u00fchrte Landschaft, ein angenehmes Klima, und das rund ums Jahr. Ruhe und Konzentration: Golfclub Grado bedeutet all dies\u2026und vieles mehr! Der 18 Loch-\u201eChampionship\u201c-Platz wei\u00df selbst Profis zu faszinieren und ist immer wieder eine Herausforderung f\u00fcr jede Handicapklasse. The charm of playing golf between [&hellip;]<\/p>\n","protected":false},"author":1,"featured_media":0,"parent":1657,"menu_order":80,"comment_status":"closed","ping_status":"closed","template":"page-partner.php","meta":{"_acf_changed":false,"footnotes":""},"class_list":["post-743","page","type-page","status-publish","hentry"],"acf":{"partner_infobox":"<strong>Adresse:\u00a0<\/strong>Via Monfalcone 27, I-34073 Grado\r\n\r\n<strong>Tel:\u00a0<\/strong>+39\/0431\/896 896\r\n\r\n<strong>Fax:\u00a0<\/strong>+39\/0431\/896 897\r\n\r\n<strong>Web: <\/strong><a href=\"http:\/\/www.golfgrado.com\" target=\"_blank\" rel=\"nofollow noopener noreferrer\">www.golfgrado.com<\/a>\r\n\r\n<strong>E-Mail:<\/strong> <a href=\"mailto:info@golfgrado.com\">info@golfgrado.com<\/a>\r\n\r\n<strong>Spielbahnen\/Par: <\/strong>18\/72\r\n\r\n<strong>La\u0308nge: <\/strong>gelb: 5.746 m \/ rot: 4.968 m\r\n\r\n<em><strong>Bedingungen:\r\n<\/strong>Gutscheine einlo\u0308sbar von MO\u2013FR.<\/em>\r\n\r\n<strong>Anfahrt:\r\n<\/strong>Autobahn A4 Venedig-Triest \u2192 Ausfahrt Ronchi\/Redipuglia \u2192 Richtung Monfalcone \u2192 Grado","partner_logo":747,"partner_gallery":[741,47516,47514],"partner_lat":45.705682,"partner_long":13.462941,"partner_type":"golfclub","partner_openings":["1","2","3","4","5"],"montag_von_bis":"00:00 - 24:00","dienstag_von_bis":"00:00 - 24:00","mittwoch_von_bis":"00:00 - 24:00","donnerstag_von_bis":"00:00 - 24:00","freitag_von_bis":"00:00 - 24:00","samstag_von_bis":"00:00 - 24:00","sonntag_von_bis":"00:00 - 24:00","partner_adresse":"Via Monfalcone 27, 34073 Grado","partner_land_bundesland":"Italien","partner_tel_1":"0039 0431 896 897","partner_tel_2":"0039 0431 896 896","partner_web":"http:\/\/www.golfgrado.com","partner_mail":"golf.grado@clubdelsole.com","partner_spielbahnen_par":"18\/72","partner_laenge":"gelb: 5.746 m \/ rot: 4.968 m","partner_bedingungen":"Gutscheine einlo\u0308sbar von MO\u2013FR ACHTUNG!! GUTSCHEIN AM SPIELTAG SCHON ZUVOR GENERIEREN; DER GC GRADO HAT EINEN SCHLECHTEN INTERNETEMPFANG\r\nVouchers redeemable from MO-FR ATTENTION!!! GENERATE VOUCHER ON MATCH DAY YOU GO TO THE GOLF CLUB; GC GRADO HAS POOR INTERNET RECEPTION","partner_anfahrt":"Autobahn A4 Venedig-Triest \u2192 Ausfahrt Ronchi\/Redipuglia \u2192 Richtung Monfalcone \u2192 Grado","partner_misc":null,"additional_css_classes":""},"yoast_head":"<!-- This site is optimized with the Yoast SEO plugin v26.8 - https:\/\/yoast.com\/product\/yoast-seo-wordpress\/ -->\n<title>GC Grado - Fairway 2 Hotel<\/title>\n<meta name=\"robots\" content=\"index, follow, max-snippet:-1, max-image-preview:large, max-video-preview:-1\" \/>\n<link rel=\"canonical\" href=\"https:\/\/fairway2hotel.at\/cs\/golfclubs\/italien\/golfclub-grado\/\" \/>\n<meta property=\"og:locale\" content=\"cs_CZ\" \/>\n<meta property=\"og:type\" content=\"article\" \/>\n<meta property=\"og:title\" content=\"GC Grado - Fairway 2 Hotel\" \/>\n<meta property=\"og:description\" content=\"Der Reiz zwischen Meer und Lagune Golf zu spielen Eine bezaubernde und unber\u00fchrte Landschaft, ein angenehmes Klima, und das rund ums Jahr. Ruhe und Konzentration: Golfclub Grado bedeutet all dies\u2026und vieles mehr! Der 18 Loch-\u201eChampionship\u201c-Platz wei\u00df selbst Profis zu faszinieren und ist immer wieder eine Herausforderung f\u00fcr jede Handicapklasse. The charm of playing golf between [&hellip;]\" \/>\n<meta property=\"og:url\" content=\"https:\/\/fairway2hotel.at\/cs\/golfclubs\/italien\/golfclub-grado\/\" \/>\n<meta property=\"og:site_name\" content=\"Fairway 2 Hotel\" \/>\n<meta property=\"article:modified_time\" content=\"2025-11-20T15:04:19+00:00\" \/>\n<meta name=\"twitter:card\" content=\"summary_large_image\" \/>\n<meta name=\"twitter:label1\" content=\"Odhadovan\u00e1 doba \u010dten\u00ed\" \/>\n\t<meta name=\"twitter:data1\" content=\"1 minuta\" \/>\n<script type=\"application\/ld+json\" class=\"yoast-schema-graph\">{\"@context\":\"https:\/\/schema.org\",\"@graph\":[{\"@type\":\"WebPage\",\"@id\":\"https:\/\/fairway2hotel.at\/cs\/golfclubs\/italien\/golfclub-grado\/\",\"url\":\"https:\/\/fairway2hotel.at\/cs\/golfclubs\/italien\/golfclub-grado\/\",\"name\":\"GC Grado - Fairway 2 Hotel\",\"isPartOf\":{\"@id\":\"https:\/\/fairway2hotel.at\/cs\/#website\"},\"datePublished\":\"2010-10-22T21:19:30+00:00\",\"dateModified\":\"2025-11-20T15:04:19+00:00\",\"breadcrumb\":{\"@id\":\"https:\/\/fairway2hotel.at\/cs\/golfclubs\/italien\/golfclub-grado\/#breadcrumb\"},\"inLanguage\":\"cs\",\"potentialAction\":[{\"@type\":\"ReadAction\",\"target\":[\"https:\/\/fairway2hotel.at\/cs\/golfclubs\/italien\/golfclub-grado\/\"]}]},{\"@type\":\"BreadcrumbList\",\"@id\":\"https:\/\/fairway2hotel.at\/cs\/golfclubs\/italien\/golfclub-grado\/#breadcrumb\",\"itemListElement\":[{\"@type\":\"ListItem\",\"position\":1,\"name\":\"Home\",\"item\":\"https:\/\/fairway2hotel.at\/cs\/\"},{\"@type\":\"ListItem\",\"position\":2,\"name\":\"Golfclubs\",\"item\":\"https:\/\/fairway2hotel.at\/cs\/golfclubs\/\"},{\"@type\":\"ListItem\",\"position\":3,\"name\":\"Golfclubs Italien\",\"item\":\"https:\/\/fairway2hotel.at\/cs\/golfclubs\/italien\/\"},{\"@type\":\"ListItem\",\"position\":4,\"name\":\"GC Grado\"}]},{\"@type\":\"WebSite\",\"@id\":\"https:\/\/fairway2hotel.at\/cs\/#website\",\"url\":\"https:\/\/fairway2hotel.at\/cs\/\",\"name\":\"Fairway 2 Hotel\",\"description\":\"Golf zum halben Preis! 2 spielen - 1 zahlt\",\"potentialAction\":[{\"@type\":\"SearchAction\",\"target\":{\"@type\":\"EntryPoint\",\"urlTemplate\":\"https:\/\/fairway2hotel.at\/cs\/?s={search_term_string}\"},\"query-input\":{\"@type\":\"PropertyValueSpecification\",\"valueRequired\":true,\"valueName\":\"search_term_string\"}}],\"inLanguage\":\"cs\"}]}<\/script>\n<!-- \/ Yoast SEO plugin. -->","yoast_head_json":{"title":"GC Grado - Fairway 2 Hotel","robots":{"index":"index","follow":"follow","max-snippet":"max-snippet:-1","max-image-preview":"max-image-preview:large","max-video-preview":"max-video-preview:-1"},"canonical":"https:\/\/fairway2hotel.at\/cs\/golfclubs\/italien\/golfclub-grado\/","og_locale":"cs_CZ","og_type":"article","og_title":"GC Grado - Fairway 2 Hotel","og_description":"Der Reiz zwischen Meer und Lagune Golf zu spielen Eine bezaubernde und unber\u00fchrte Landschaft, ein angenehmes Klima, und das rund ums Jahr. Ruhe und Konzentration: Golfclub Grado bedeutet all dies\u2026und vieles mehr! Der 18 Loch-\u201eChampionship\u201c-Platz wei\u00df selbst Profis zu faszinieren und ist immer wieder eine Herausforderung f\u00fcr jede Handicapklasse. The charm of playing golf between [&hellip;]","og_url":"https:\/\/fairway2hotel.at\/cs\/golfclubs\/italien\/golfclub-grado\/","og_site_name":"Fairway 2 Hotel","article_modified_time":"2025-11-20T15:04:19+00:00","twitter_card":"summary_large_image","twitter_misc":{"Odhadovan\u00e1 doba \u010dten\u00ed":"1 minuta"},"schema":{"@context":"https:\/\/schema.org","@graph":[{"@type":"WebPage","@id":"https:\/\/fairway2hotel.at\/cs\/golfclubs\/italien\/golfclub-grado\/","url":"https:\/\/fairway2hotel.at\/cs\/golfclubs\/italien\/golfclub-grado\/","name":"GC Grado - Fairway 2 Hotel","isPartOf":{"@id":"https:\/\/fairway2hotel.at\/cs\/#website"},"datePublished":"2010-10-22T21:19:30+00:00","dateModified":"2025-11-20T15:04:19+00:00","breadcrumb":{"@id":"https:\/\/fairway2hotel.at\/cs\/golfclubs\/italien\/golfclub-grado\/#breadcrumb"},"inLanguage":"cs","potentialAction":[{"@type":"ReadAction","target":["https:\/\/fairway2hotel.at\/cs\/golfclubs\/italien\/golfclub-grado\/"]}]},{"@type":"BreadcrumbList","@id":"https:\/\/fairway2hotel.at\/cs\/golfclubs\/italien\/golfclub-grado\/#breadcrumb","itemListElement":[{"@type":"ListItem","position":1,"name":"Home","item":"https:\/\/fairway2hotel.at\/cs\/"},{"@type":"ListItem","position":2,"name":"Golfclubs","item":"https:\/\/fairway2hotel.at\/cs\/golfclubs\/"},{"@type":"ListItem","position":3,"name":"Golfclubs Italien","item":"https:\/\/fairway2hotel.at\/cs\/golfclubs\/italien\/"},{"@type":"ListItem","position":4,"name":"GC Grado"}]},{"@type":"WebSite","@id":"https:\/\/fairway2hotel.at\/cs\/#website","url":"https:\/\/fairway2hotel.at\/cs\/","name":"Fairway 2 Hotel","description":"Golf zum halben Preis! 2 spielen - 1 zahlt","potentialAction":[{"@type":"SearchAction","target":{"@type":"EntryPoint","urlTemplate":"https:\/\/fairway2hotel.at\/cs\/?s={search_term_string}"},"query-input":{"@type":"PropertyValueSpecification","valueRequired":true,"valueName":"search_term_string"}}],"inLanguage":"cs"}]}},"_links":{"self":[{"href":"https:\/\/fairway2hotel.at\/cs\/wp-json\/wp\/v2\/pages\/743","targetHints":{"allow":["GET"]}}],"collection":[{"href":"https:\/\/fairway2hotel.at\/cs\/wp-json\/wp\/v2\/pages"}],"about":[{"href":"https:\/\/fairway2hotel.at\/cs\/wp-json\/wp\/v2\/types\/page"}],"author":[{"embeddable":true,"href":"https:\/\/fairway2hotel.at\/cs\/wp-json\/wp\/v2\/users\/1"}],"replies":[{"embeddable":true,"href":"https:\/\/fairway2hotel.at\/cs\/wp-json\/wp\/v2\/comments?post=743"}],"version-history":[{"count":15,"href":"https:\/\/fairway2hotel.at\/cs\/wp-json\/wp\/v2\/pages\/743\/revisions"}],"predecessor-version":[{"id":50259,"href":"https:\/\/fairway2hotel.at\/cs\/wp-json\/wp\/v2\/pages\/743\/revisions\/50259"}],"up":[{"embeddable":true,"href":"https:\/\/fairway2hotel.at\/cs\/wp-json\/wp\/v2\/pages\/1657"}],"acf:attachment":[{"embeddable":true,"href":"https:\/\/fairway2hotel.at\/cs\/wp-json\/wp\/v2\/media\/47514"},{"embeddable":true,"href":"https:\/\/fairway2hotel.at\/cs\/wp-json\/wp\/v2\/media\/47516"},{"embeddable":true,"href":"https:\/\/fairway2hotel.at\/cs\/wp-json\/wp\/v2\/media\/741"}],"wp:attachment":[{"href":"https:\/\/fairway2hotel.at\/cs\/wp-json\/wp\/v2\/media?parent=743"}],"curies":[{"name":"wp","href":"https:\/\/api.w.org\/{rel}","templated":true}]}}