{"id":762,"date":"2010-10-25T18:31:56","date_gmt":"2010-10-25T16:31:56","guid":{"rendered":"https:\/\/f2h.app\/golfplatz-schloss-mokrice\/"},"modified":"2025-04-05T17:16:03","modified_gmt":"2025-04-05T15:16:03","slug":"golfplatz-schloss-mokrice","status":"publish","type":"page","link":"https:\/\/fairway2hotel.at\/cs\/golfclubs\/slowenien\/golfplatz-schloss-mokrice\/","title":{"rendered":"GC Schloss Mokrice"},"content":{"rendered":"<h2>Golfplatz Schloss Mokrice<\/h2>\n<p>Unter den mittelalterlichen Mauern erstreckt sich der 18-Lo\u0308cher-Golfplatz. Der weltbekannte Architekt Donald Harradine hat einen bewegten Golfplatz gestaltet, der sowohl erfahrenen Golfern als auch Einsteigern ein interessantes Spiel ermo\u0308glicht. Das fu\u0308nfte Feld (PAR 4) ist unter den Golfern das anspruchsvollste in diesem Teil Europas. Die Spielfelder folgen der Konfiguration der Hu\u0308gel und fu\u0308hren durch Jahrhundertwa\u0308lder und den 200-ja\u0308hrigen englischen Schlosspark. Die vielen Hindernisse fordern vom Spieler sein ganzes Ko\u0308nnen. Das 10. Spielfeld bietet einen wu\u0308nderscho\u0308nen Ausblick auf das Schloss Mokrice. Das Spiel endet beim neuen Klubhaus, das den Golfern bequeme Umkleidera\u0308ume, den Golf-Shop, einen gemu\u0308tlichen Aufenthalt in den Golfsuiten, das Klub-Restaurant mit Terrasse sowie einen Klubraum fu\u0308r gesellige und gescha\u0308ftliche Treffen bietet.<\/p>\n<h2>Mokrice Castle Golf Course<\/h2>\n<p>The 18-hole golf course stretches beneath the medieval walls. The world-famous architect Donald Harradine has designed an eventful golf course that offers both experienced golfers and beginners an interesting game. The fifth hole (PAR 4) is the most challenging for golfers in this part of Europe. The fairways follow the configuration of the hills and lead through centuries-old forests and the 200-year-old English castle park. The many obstacles demand all the skill of the player. The 10th pitch offers a marvellous view of Mokrice Castle. The game ends at the new clubhouse, which offers golfers comfortable changing rooms, a golf shop, a cosy stay in the golf suites, a club restaurant with a terrace and a clubroom for social and business meetings.<\/p>\n","protected":false},"excerpt":{"rendered":"<p>Golfplatz Schloss Mokrice Unter den mittelalterlichen Mauern erstreckt sich der 18-Lo\u0308cher-Golfplatz. Der weltbekannte Architekt Donald Harradine hat einen bewegten Golfplatz gestaltet, der sowohl erfahrenen Golfern als auch Einsteigern ein interessantes Spiel ermo\u0308glicht. Das fu\u0308nfte Feld (PAR 4) ist unter den Golfern das anspruchsvollste in diesem Teil Europas. Die Spielfelder folgen der Konfiguration der Hu\u0308gel und [&hellip;]<\/p>\n","protected":false},"author":1,"featured_media":0,"parent":1692,"menu_order":25,"comment_status":"closed","ping_status":"closed","template":"page-partner.php","meta":{"_acf_changed":false,"footnotes":""},"class_list":["post-762","page","type-page","status-publish","hentry"],"acf":{"partner_infobox":"<strong>Adresse:\u00a0<\/strong>Rajec 4, SI-8261 Jesenice na Dolenjskem\r\n\r\n<strong>Tel:\u00a0<\/strong>+386 7 4574246\r\n\r\n<strong>Fax:\u00a0<\/strong>+386 7 4957007\r\n\r\n<strong>Web: <\/strong><a href=\"http:\/\/www.terme-catez.si\" target=\"_blank\" rel=\"nofollow noopener noreferrer\">www.terme-catez.si<\/a>\r\n\r\n<strong>E-Mail:<\/strong> <a href=\"mailto:golf@terme-catez.si\">golf@terme-catez.si<\/a>\r\n\r\n<strong>Spielbahnen\/Par: <\/strong>18\/71\r\n\r\n<strong>La\u0308nge: <\/strong>gelb: 5.678m \/ rot: 5.038m\r\n\r\n<em><strong>Bedingungen: <\/strong>Platzreife.<\/em>\r\n\r\n<strong>Anfahrt: <\/strong>Autobahn Ljubljana\u2013Zagreb \u2013 2 km vor der kroatischen Grenze","partner_logo":null,"partner_gallery":[761,47669,47671,47665,47667],"partner_lat":45.856187,"partner_long":15.674385,"partner_type":"golfclub","partner_openings":["1","2","3","4","5","6","7"],"montag_von_bis":"00:00 - 24:00","dienstag_von_bis":"00:00 - 24:00","mittwoch_von_bis":"00:00 - 24:00","donnerstag_von_bis":"00:00 - 24:00","freitag_von_bis":"00:00 - 24:00","samstag_von_bis":"00:00 - 24:00","sonntag_von_bis":"00:00 - 24:00","partner_adresse":"Rajec 4, 8261 Jesenice na Dolenjskem","partner_land_bundesland":"Slowenien","partner_tel_1":"00386 7 4957007","partner_tel_2":"00386 7 4574246","partner_web":"https:\/\/mokrice-castle.com\/golf\/","partner_mail":"golf@terme-catez.si","partner_spielbahnen_par":"18\/71","partner_laenge":"gelb: 5.678m \/ rot: 5.038m","partner_bedingungen":"","partner_anfahrt":"Autobahn Ljubljana\u2013Zagreb \u2013 2 km vor der kroatischen Grenze","partner_misc":null,"additional_css_classes":""},"yoast_head":"<!-- This site is optimized with the Yoast SEO plugin v26.8 - https:\/\/yoast.com\/product\/yoast-seo-wordpress\/ -->\n<title>GC Schloss Mokrice - Fairway 2 Hotel<\/title>\n<meta name=\"robots\" content=\"index, follow, max-snippet:-1, max-image-preview:large, max-video-preview:-1\" \/>\n<link rel=\"canonical\" href=\"https:\/\/fairway2hotel.at\/cs\/golfclubs\/slowenien\/golfplatz-schloss-mokrice\/\" \/>\n<meta property=\"og:locale\" content=\"cs_CZ\" \/>\n<meta property=\"og:type\" content=\"article\" \/>\n<meta property=\"og:title\" content=\"GC Schloss Mokrice - Fairway 2 Hotel\" \/>\n<meta property=\"og:description\" content=\"Golfplatz Schloss Mokrice Unter den mittelalterlichen Mauern erstreckt sich der 18-Lo\u0308cher-Golfplatz. Der weltbekannte Architekt Donald Harradine hat einen bewegten Golfplatz gestaltet, der sowohl erfahrenen Golfern als auch Einsteigern ein interessantes Spiel ermo\u0308glicht. Das fu\u0308nfte Feld (PAR 4) ist unter den Golfern das anspruchsvollste in diesem Teil Europas. Die Spielfelder folgen der Konfiguration der Hu\u0308gel und [&hellip;]\" \/>\n<meta property=\"og:url\" content=\"https:\/\/fairway2hotel.at\/cs\/golfclubs\/slowenien\/golfplatz-schloss-mokrice\/\" \/>\n<meta property=\"og:site_name\" content=\"Fairway 2 Hotel\" \/>\n<meta property=\"article:modified_time\" content=\"2025-04-05T15:16:03+00:00\" \/>\n<meta name=\"twitter:card\" content=\"summary_large_image\" \/>\n<meta name=\"twitter:label1\" content=\"Odhadovan\u00e1 doba \u010dten\u00ed\" \/>\n\t<meta name=\"twitter:data1\" content=\"2 minuty\" \/>\n<script type=\"application\/ld+json\" class=\"yoast-schema-graph\">{\"@context\":\"https:\/\/schema.org\",\"@graph\":[{\"@type\":\"WebPage\",\"@id\":\"https:\/\/fairway2hotel.at\/cs\/golfclubs\/slowenien\/golfplatz-schloss-mokrice\/\",\"url\":\"https:\/\/fairway2hotel.at\/cs\/golfclubs\/slowenien\/golfplatz-schloss-mokrice\/\",\"name\":\"GC Schloss Mokrice - Fairway 2 Hotel\",\"isPartOf\":{\"@id\":\"https:\/\/fairway2hotel.at\/cs\/#website\"},\"datePublished\":\"2010-10-25T16:31:56+00:00\",\"dateModified\":\"2025-04-05T15:16:03+00:00\",\"breadcrumb\":{\"@id\":\"https:\/\/fairway2hotel.at\/cs\/golfclubs\/slowenien\/golfplatz-schloss-mokrice\/#breadcrumb\"},\"inLanguage\":\"cs\",\"potentialAction\":[{\"@type\":\"ReadAction\",\"target\":[\"https:\/\/fairway2hotel.at\/cs\/golfclubs\/slowenien\/golfplatz-schloss-mokrice\/\"]}]},{\"@type\":\"BreadcrumbList\",\"@id\":\"https:\/\/fairway2hotel.at\/cs\/golfclubs\/slowenien\/golfplatz-schloss-mokrice\/#breadcrumb\",\"itemListElement\":[{\"@type\":\"ListItem\",\"position\":1,\"name\":\"Home\",\"item\":\"https:\/\/fairway2hotel.at\/cs\/\"},{\"@type\":\"ListItem\",\"position\":2,\"name\":\"Golfclubs\",\"item\":\"https:\/\/fairway2hotel.at\/cs\/golfclubs\/\"},{\"@type\":\"ListItem\",\"position\":3,\"name\":\"Golfclubs Slowenien\",\"item\":\"https:\/\/fairway2hotel.at\/cs\/golfclubs\/slowenien\/\"},{\"@type\":\"ListItem\",\"position\":4,\"name\":\"GC Schloss Mokrice\"}]},{\"@type\":\"WebSite\",\"@id\":\"https:\/\/fairway2hotel.at\/cs\/#website\",\"url\":\"https:\/\/fairway2hotel.at\/cs\/\",\"name\":\"Fairway 2 Hotel\",\"description\":\"Golf zum halben Preis! 2 spielen - 1 zahlt\",\"potentialAction\":[{\"@type\":\"SearchAction\",\"target\":{\"@type\":\"EntryPoint\",\"urlTemplate\":\"https:\/\/fairway2hotel.at\/cs\/?s={search_term_string}\"},\"query-input\":{\"@type\":\"PropertyValueSpecification\",\"valueRequired\":true,\"valueName\":\"search_term_string\"}}],\"inLanguage\":\"cs\"}]}<\/script>\n<!-- \/ Yoast SEO plugin. -->","yoast_head_json":{"title":"GC Schloss Mokrice - Fairway 2 Hotel","robots":{"index":"index","follow":"follow","max-snippet":"max-snippet:-1","max-image-preview":"max-image-preview:large","max-video-preview":"max-video-preview:-1"},"canonical":"https:\/\/fairway2hotel.at\/cs\/golfclubs\/slowenien\/golfplatz-schloss-mokrice\/","og_locale":"cs_CZ","og_type":"article","og_title":"GC Schloss Mokrice - Fairway 2 Hotel","og_description":"Golfplatz Schloss Mokrice Unter den mittelalterlichen Mauern erstreckt sich der 18-Lo\u0308cher-Golfplatz. Der weltbekannte Architekt Donald Harradine hat einen bewegten Golfplatz gestaltet, der sowohl erfahrenen Golfern als auch Einsteigern ein interessantes Spiel ermo\u0308glicht. Das fu\u0308nfte Feld (PAR 4) ist unter den Golfern das anspruchsvollste in diesem Teil Europas. Die Spielfelder folgen der Konfiguration der Hu\u0308gel und [&hellip;]","og_url":"https:\/\/fairway2hotel.at\/cs\/golfclubs\/slowenien\/golfplatz-schloss-mokrice\/","og_site_name":"Fairway 2 Hotel","article_modified_time":"2025-04-05T15:16:03+00:00","twitter_card":"summary_large_image","twitter_misc":{"Odhadovan\u00e1 doba \u010dten\u00ed":"2 minuty"},"schema":{"@context":"https:\/\/schema.org","@graph":[{"@type":"WebPage","@id":"https:\/\/fairway2hotel.at\/cs\/golfclubs\/slowenien\/golfplatz-schloss-mokrice\/","url":"https:\/\/fairway2hotel.at\/cs\/golfclubs\/slowenien\/golfplatz-schloss-mokrice\/","name":"GC Schloss Mokrice - Fairway 2 Hotel","isPartOf":{"@id":"https:\/\/fairway2hotel.at\/cs\/#website"},"datePublished":"2010-10-25T16:31:56+00:00","dateModified":"2025-04-05T15:16:03+00:00","breadcrumb":{"@id":"https:\/\/fairway2hotel.at\/cs\/golfclubs\/slowenien\/golfplatz-schloss-mokrice\/#breadcrumb"},"inLanguage":"cs","potentialAction":[{"@type":"ReadAction","target":["https:\/\/fairway2hotel.at\/cs\/golfclubs\/slowenien\/golfplatz-schloss-mokrice\/"]}]},{"@type":"BreadcrumbList","@id":"https:\/\/fairway2hotel.at\/cs\/golfclubs\/slowenien\/golfplatz-schloss-mokrice\/#breadcrumb","itemListElement":[{"@type":"ListItem","position":1,"name":"Home","item":"https:\/\/fairway2hotel.at\/cs\/"},{"@type":"ListItem","position":2,"name":"Golfclubs","item":"https:\/\/fairway2hotel.at\/cs\/golfclubs\/"},{"@type":"ListItem","position":3,"name":"Golfclubs Slowenien","item":"https:\/\/fairway2hotel.at\/cs\/golfclubs\/slowenien\/"},{"@type":"ListItem","position":4,"name":"GC Schloss Mokrice"}]},{"@type":"WebSite","@id":"https:\/\/fairway2hotel.at\/cs\/#website","url":"https:\/\/fairway2hotel.at\/cs\/","name":"Fairway 2 Hotel","description":"Golf zum halben Preis! 2 spielen - 1 zahlt","potentialAction":[{"@type":"SearchAction","target":{"@type":"EntryPoint","urlTemplate":"https:\/\/fairway2hotel.at\/cs\/?s={search_term_string}"},"query-input":{"@type":"PropertyValueSpecification","valueRequired":true,"valueName":"search_term_string"}}],"inLanguage":"cs"}]}},"_links":{"self":[{"href":"https:\/\/fairway2hotel.at\/cs\/wp-json\/wp\/v2\/pages\/762","targetHints":{"allow":["GET"]}}],"collection":[{"href":"https:\/\/fairway2hotel.at\/cs\/wp-json\/wp\/v2\/pages"}],"about":[{"href":"https:\/\/fairway2hotel.at\/cs\/wp-json\/wp\/v2\/types\/page"}],"author":[{"embeddable":true,"href":"https:\/\/fairway2hotel.at\/cs\/wp-json\/wp\/v2\/users\/1"}],"replies":[{"embeddable":true,"href":"https:\/\/fairway2hotel.at\/cs\/wp-json\/wp\/v2\/comments?post=762"}],"version-history":[{"count":7,"href":"https:\/\/fairway2hotel.at\/cs\/wp-json\/wp\/v2\/pages\/762\/revisions"}],"predecessor-version":[{"id":47673,"href":"https:\/\/fairway2hotel.at\/cs\/wp-json\/wp\/v2\/pages\/762\/revisions\/47673"}],"up":[{"embeddable":true,"href":"https:\/\/fairway2hotel.at\/cs\/wp-json\/wp\/v2\/pages\/1692"}],"acf:attachment":[{"embeddable":true,"href":"https:\/\/fairway2hotel.at\/cs\/wp-json\/wp\/v2\/media\/47667"},{"embeddable":true,"href":"https:\/\/fairway2hotel.at\/cs\/wp-json\/wp\/v2\/media\/47665"},{"embeddable":true,"href":"https:\/\/fairway2hotel.at\/cs\/wp-json\/wp\/v2\/media\/47671"},{"embeddable":true,"href":"https:\/\/fairway2hotel.at\/cs\/wp-json\/wp\/v2\/media\/47669"},{"embeddable":true,"href":"https:\/\/fairway2hotel.at\/cs\/wp-json\/wp\/v2\/media\/761"}],"wp:attachment":[{"href":"https:\/\/fairway2hotel.at\/cs\/wp-json\/wp\/v2\/media?parent=762"}],"curies":[{"name":"wp","href":"https:\/\/api.w.org\/{rel}","templated":true}]}}