{"id":764,"date":"2010-10-25T18:39:57","date_gmt":"2010-10-25T16:39:57","guid":{"rendered":"https:\/\/f2h.app\/zlati-gric\/"},"modified":"2025-07-17T15:13:53","modified_gmt":"2025-07-17T13:13:53","slug":"zlati-gric","status":"publish","type":"page","link":"https:\/\/fairway2hotel.at\/cs\/golfclubs\/slowenien\/zlati-gric\/","title":{"rendered":"GC Zlati Gric"},"content":{"rendered":"<h2>Golf und Spitzenwein<\/h2>\n<p>Der Golfplatz liegt idyllisch zwischen den Weinga\u0308rten in S\u030ckalce, direkt am Sta\u0308dtchen Slovenske Konjice. Wegen der Naturgegebenheiten ist der Golfplatz sehr bewegt und ganz umgeben von Weinga\u0308rten. Der Bach, der in der Mitte des Golfplatzes flie\u00dft, sowie Teiche, Wald und Gebu\u0308sch machen die Spielbahnen vielfa\u0308ltiger. Er ist von Ma\u0308rz bis November geo\u0308ffnet. Im Empfangsbu\u0308ro des Golfplatzes ko\u0308nnen Sie auch unsere Spitzenweine preisgu\u0308nstig kaufen.<\/p>\n<h2>Golf and top wine<\/h2>\n<p>The golf course is idyllically situated among the vineyards in \u0160kalce, right next to the small town of Slovenske Konjice. Due to the natural conditions, the golf course is very lively and completely surrounded by vineyards. The stream flowing through the centre of the course, ponds, woods, and bushes make the fairways more varied. It is open from March to November. In the reception office of the golf course, you can also buy our top wines at a favourable price.<\/p>\n","protected":false},"excerpt":{"rendered":"<p>Golf und Spitzenwein Der Golfplatz liegt idyllisch zwischen den Weinga\u0308rten in S\u030ckalce, direkt am Sta\u0308dtchen Slovenske Konjice. Wegen der Naturgegebenheiten ist der Golfplatz sehr bewegt und ganz umgeben von Weinga\u0308rten. Der Bach, der in der Mitte des Golfplatzes flie\u00dft, sowie Teiche, Wald und Gebu\u0308sch machen die Spielbahnen vielfa\u0308ltiger. Er ist von Ma\u0308rz bis November geo\u0308ffnet. [&hellip;]<\/p>\n","protected":false},"author":1,"featured_media":0,"parent":1692,"menu_order":45,"comment_status":"closed","ping_status":"closed","template":"page-partner.php","meta":{"_acf_changed":false,"footnotes":""},"class_list":["post-764","page","type-page","status-publish","hentry"],"acf":{"partner_infobox":"<strong>Adresse:\u00a0<\/strong>\u0160kalce 91, SI-3210 Slovenske Konjice\r\n\r\n<strong>Tel:\u00a0<\/strong>00386 3 758 03 62\r\n\r\n<strong>Web: <\/strong><a href=\"http:\/\/www.zlati-gric.si\" target=\"_blank\" rel=\"nofollow noopener\">www.zlati-gric.si<\/a>\r\n\r\n<strong>E-Mail:<\/strong> <a href=\"mailto:golf@zlati-gric.si\">golf@zlati-gric.si<\/a>\r\n\r\n<strong>Spielbahnen\/Par: <\/strong>9\/36\r\n\r\n<strong>La\u0308nge: <\/strong>gelb: 4896 (sr 117, cr 67,6) \/ rot: 4232 (sr 115, cr 69,5)\r\n\r\n<em><strong>Bedingungen:\r\n<\/strong>Bei Turnieren ist der Gutschein nicht g\u00fcltig.<\/em>\r\n\r\n<strong>Anfahrt:\r\n<\/strong>Von Wien A2 Richtung Slowenien, in Slowenien auf der A1 weiter vorbei an Maribor Richtung Ljubljana, ausfahrt Slovenske Konjice \u2013 7 km Richtung Zre\u010de","partner_logo":null,"partner_gallery":[763,48811,48813,48815,48821,48817,48823],"partner_lat":46.349775,"partner_long":15.425584,"partner_type":"golfclub","partner_openings":["1","2","3","4","5","6","7"],"montag_von_bis":"00:00 - 24:00","dienstag_von_bis":"00:00 - 24:00","mittwoch_von_bis":"00:00 - 24:00","donnerstag_von_bis":"00:00 - 24:00","freitag_von_bis":"00:00 - 24:00","samstag_von_bis":"00:00 - 24:00","sonntag_von_bis":"00:00 - 24:00","partner_adresse":"\u0160kalce 91, 3210 Slovenske Konjice","partner_land_bundesland":"Slowenien","partner_tel_1":"","partner_tel_2":"00386 3 758 03 62","partner_web":"https:\/\/zlatigric.si\/en","partner_mail":"golf@zlatigric.si","partner_spielbahnen_par":"9\/36","partner_laenge":"gelb: 4896 (sr 117, cr 67,6) \/ rot: 4232 (sr 115, cr 69,5)","partner_bedingungen":"","partner_anfahrt":"Von Wien A2 Richtung Slowenien, in Slowenien auf der A1 weiter vorbei an Maribor Richtung Ljubljana, ausfahrt Slovenske Konjice \u2013 7 km Richtung Zre\u010de","partner_misc":null,"additional_css_classes":""},"yoast_head":"<!-- This site is optimized with the Yoast SEO plugin v26.8 - https:\/\/yoast.com\/product\/yoast-seo-wordpress\/ -->\n<title>GC Zlati Gric - Fairway 2 Hotel<\/title>\n<meta name=\"robots\" content=\"index, follow, max-snippet:-1, max-image-preview:large, max-video-preview:-1\" \/>\n<link rel=\"canonical\" href=\"https:\/\/fairway2hotel.at\/cs\/golfclubs\/slowenien\/zlati-gric\/\" \/>\n<meta property=\"og:locale\" content=\"cs_CZ\" \/>\n<meta property=\"og:type\" content=\"article\" \/>\n<meta property=\"og:title\" content=\"GC Zlati Gric - Fairway 2 Hotel\" \/>\n<meta property=\"og:description\" content=\"Golf und Spitzenwein Der Golfplatz liegt idyllisch zwischen den Weinga\u0308rten in S\u030ckalce, direkt am Sta\u0308dtchen Slovenske Konjice. Wegen der Naturgegebenheiten ist der Golfplatz sehr bewegt und ganz umgeben von Weinga\u0308rten. Der Bach, der in der Mitte des Golfplatzes flie\u00dft, sowie Teiche, Wald und Gebu\u0308sch machen die Spielbahnen vielfa\u0308ltiger. Er ist von Ma\u0308rz bis November geo\u0308ffnet. [&hellip;]\" \/>\n<meta property=\"og:url\" content=\"https:\/\/fairway2hotel.at\/cs\/golfclubs\/slowenien\/zlati-gric\/\" \/>\n<meta property=\"og:site_name\" content=\"Fairway 2 Hotel\" \/>\n<meta property=\"article:modified_time\" content=\"2025-07-17T13:13:53+00:00\" \/>\n<meta name=\"twitter:card\" content=\"summary_large_image\" \/>\n<meta name=\"twitter:label1\" content=\"Odhadovan\u00e1 doba \u010dten\u00ed\" \/>\n\t<meta name=\"twitter:data1\" content=\"1 minuta\" \/>\n<script type=\"application\/ld+json\" class=\"yoast-schema-graph\">{\"@context\":\"https:\/\/schema.org\",\"@graph\":[{\"@type\":\"WebPage\",\"@id\":\"https:\/\/fairway2hotel.at\/cs\/golfclubs\/slowenien\/zlati-gric\/\",\"url\":\"https:\/\/fairway2hotel.at\/cs\/golfclubs\/slowenien\/zlati-gric\/\",\"name\":\"GC Zlati Gric - Fairway 2 Hotel\",\"isPartOf\":{\"@id\":\"https:\/\/fairway2hotel.at\/cs\/#website\"},\"datePublished\":\"2010-10-25T16:39:57+00:00\",\"dateModified\":\"2025-07-17T13:13:53+00:00\",\"breadcrumb\":{\"@id\":\"https:\/\/fairway2hotel.at\/cs\/golfclubs\/slowenien\/zlati-gric\/#breadcrumb\"},\"inLanguage\":\"cs\",\"potentialAction\":[{\"@type\":\"ReadAction\",\"target\":[\"https:\/\/fairway2hotel.at\/cs\/golfclubs\/slowenien\/zlati-gric\/\"]}]},{\"@type\":\"BreadcrumbList\",\"@id\":\"https:\/\/fairway2hotel.at\/cs\/golfclubs\/slowenien\/zlati-gric\/#breadcrumb\",\"itemListElement\":[{\"@type\":\"ListItem\",\"position\":1,\"name\":\"Home\",\"item\":\"https:\/\/fairway2hotel.at\/cs\/\"},{\"@type\":\"ListItem\",\"position\":2,\"name\":\"Golfclubs\",\"item\":\"https:\/\/fairway2hotel.at\/cs\/golfclubs\/\"},{\"@type\":\"ListItem\",\"position\":3,\"name\":\"Golfclubs Slowenien\",\"item\":\"https:\/\/fairway2hotel.at\/cs\/golfclubs\/slowenien\/\"},{\"@type\":\"ListItem\",\"position\":4,\"name\":\"GC Zlati Gric\"}]},{\"@type\":\"WebSite\",\"@id\":\"https:\/\/fairway2hotel.at\/cs\/#website\",\"url\":\"https:\/\/fairway2hotel.at\/cs\/\",\"name\":\"Fairway 2 Hotel\",\"description\":\"Golf zum halben Preis! 2 spielen - 1 zahlt\",\"potentialAction\":[{\"@type\":\"SearchAction\",\"target\":{\"@type\":\"EntryPoint\",\"urlTemplate\":\"https:\/\/fairway2hotel.at\/cs\/?s={search_term_string}\"},\"query-input\":{\"@type\":\"PropertyValueSpecification\",\"valueRequired\":true,\"valueName\":\"search_term_string\"}}],\"inLanguage\":\"cs\"}]}<\/script>\n<!-- \/ Yoast SEO plugin. -->","yoast_head_json":{"title":"GC Zlati Gric - Fairway 2 Hotel","robots":{"index":"index","follow":"follow","max-snippet":"max-snippet:-1","max-image-preview":"max-image-preview:large","max-video-preview":"max-video-preview:-1"},"canonical":"https:\/\/fairway2hotel.at\/cs\/golfclubs\/slowenien\/zlati-gric\/","og_locale":"cs_CZ","og_type":"article","og_title":"GC Zlati Gric - Fairway 2 Hotel","og_description":"Golf und Spitzenwein Der Golfplatz liegt idyllisch zwischen den Weinga\u0308rten in S\u030ckalce, direkt am Sta\u0308dtchen Slovenske Konjice. Wegen der Naturgegebenheiten ist der Golfplatz sehr bewegt und ganz umgeben von Weinga\u0308rten. Der Bach, der in der Mitte des Golfplatzes flie\u00dft, sowie Teiche, Wald und Gebu\u0308sch machen die Spielbahnen vielfa\u0308ltiger. Er ist von Ma\u0308rz bis November geo\u0308ffnet. [&hellip;]","og_url":"https:\/\/fairway2hotel.at\/cs\/golfclubs\/slowenien\/zlati-gric\/","og_site_name":"Fairway 2 Hotel","article_modified_time":"2025-07-17T13:13:53+00:00","twitter_card":"summary_large_image","twitter_misc":{"Odhadovan\u00e1 doba \u010dten\u00ed":"1 minuta"},"schema":{"@context":"https:\/\/schema.org","@graph":[{"@type":"WebPage","@id":"https:\/\/fairway2hotel.at\/cs\/golfclubs\/slowenien\/zlati-gric\/","url":"https:\/\/fairway2hotel.at\/cs\/golfclubs\/slowenien\/zlati-gric\/","name":"GC Zlati Gric - Fairway 2 Hotel","isPartOf":{"@id":"https:\/\/fairway2hotel.at\/cs\/#website"},"datePublished":"2010-10-25T16:39:57+00:00","dateModified":"2025-07-17T13:13:53+00:00","breadcrumb":{"@id":"https:\/\/fairway2hotel.at\/cs\/golfclubs\/slowenien\/zlati-gric\/#breadcrumb"},"inLanguage":"cs","potentialAction":[{"@type":"ReadAction","target":["https:\/\/fairway2hotel.at\/cs\/golfclubs\/slowenien\/zlati-gric\/"]}]},{"@type":"BreadcrumbList","@id":"https:\/\/fairway2hotel.at\/cs\/golfclubs\/slowenien\/zlati-gric\/#breadcrumb","itemListElement":[{"@type":"ListItem","position":1,"name":"Home","item":"https:\/\/fairway2hotel.at\/cs\/"},{"@type":"ListItem","position":2,"name":"Golfclubs","item":"https:\/\/fairway2hotel.at\/cs\/golfclubs\/"},{"@type":"ListItem","position":3,"name":"Golfclubs Slowenien","item":"https:\/\/fairway2hotel.at\/cs\/golfclubs\/slowenien\/"},{"@type":"ListItem","position":4,"name":"GC Zlati Gric"}]},{"@type":"WebSite","@id":"https:\/\/fairway2hotel.at\/cs\/#website","url":"https:\/\/fairway2hotel.at\/cs\/","name":"Fairway 2 Hotel","description":"Golf zum halben Preis! 2 spielen - 1 zahlt","potentialAction":[{"@type":"SearchAction","target":{"@type":"EntryPoint","urlTemplate":"https:\/\/fairway2hotel.at\/cs\/?s={search_term_string}"},"query-input":{"@type":"PropertyValueSpecification","valueRequired":true,"valueName":"search_term_string"}}],"inLanguage":"cs"}]}},"_links":{"self":[{"href":"https:\/\/fairway2hotel.at\/cs\/wp-json\/wp\/v2\/pages\/764","targetHints":{"allow":["GET"]}}],"collection":[{"href":"https:\/\/fairway2hotel.at\/cs\/wp-json\/wp\/v2\/pages"}],"about":[{"href":"https:\/\/fairway2hotel.at\/cs\/wp-json\/wp\/v2\/types\/page"}],"author":[{"embeddable":true,"href":"https:\/\/fairway2hotel.at\/cs\/wp-json\/wp\/v2\/users\/1"}],"replies":[{"embeddable":true,"href":"https:\/\/fairway2hotel.at\/cs\/wp-json\/wp\/v2\/comments?post=764"}],"version-history":[{"count":14,"href":"https:\/\/fairway2hotel.at\/cs\/wp-json\/wp\/v2\/pages\/764\/revisions"}],"predecessor-version":[{"id":48827,"href":"https:\/\/fairway2hotel.at\/cs\/wp-json\/wp\/v2\/pages\/764\/revisions\/48827"}],"up":[{"embeddable":true,"href":"https:\/\/fairway2hotel.at\/cs\/wp-json\/wp\/v2\/pages\/1692"}],"acf:attachment":[{"embeddable":true,"href":"https:\/\/fairway2hotel.at\/cs\/wp-json\/wp\/v2\/media\/48823"},{"embeddable":true,"href":"https:\/\/fairway2hotel.at\/cs\/wp-json\/wp\/v2\/media\/48817"},{"embeddable":true,"href":"https:\/\/fairway2hotel.at\/cs\/wp-json\/wp\/v2\/media\/48821"},{"embeddable":true,"href":"https:\/\/fairway2hotel.at\/cs\/wp-json\/wp\/v2\/media\/48815"},{"embeddable":true,"href":"https:\/\/fairway2hotel.at\/cs\/wp-json\/wp\/v2\/media\/48813"},{"embeddable":true,"href":"https:\/\/fairway2hotel.at\/cs\/wp-json\/wp\/v2\/media\/48811"},{"embeddable":true,"href":"https:\/\/fairway2hotel.at\/cs\/wp-json\/wp\/v2\/media\/763"}],"wp:attachment":[{"href":"https:\/\/fairway2hotel.at\/cs\/wp-json\/wp\/v2\/media?parent=764"}],"curies":[{"name":"wp","href":"https:\/\/api.w.org\/{rel}","templated":true}]}}