{"id":768,"date":"2010-10-25T19:02:18","date_gmt":"2010-10-25T17:02:18","guid":{"rendered":"https:\/\/f2h.app\/hotel-livada-prestige\/"},"modified":"2025-12-17T14:27:25","modified_gmt":"2025-12-17T13:27:25","slug":"hotel-livada-prestige","status":"publish","type":"page","link":"https:\/\/fairway2hotel.at\/cs\/hotels\/slowenien\/hotel-livada-prestige\/","title":{"rendered":"Hotel Livada Prestige"},"content":{"rendered":"<h2>Golf und Wellness<\/h2>\n<p>Das elegente F\u00fcnf-Sterne-Hotel nur einige Schritte von der Golfanlage Livada entfernt, bietet Ihnen neben dem Hallenbad und einem saisonunabh\u00e4ngig benutzbaren Au\u00dfenbadebereich -, die heilende Kraft des Thermalwassers in einem Whirlpool im Zimmerbad an. Direkter Zugang zu seperater Golf-Rezeption, Garagenhaus, Pro Shop, M\u00f6glichkeiten f\u00fcr Golfschule und Individualunterricht werden von den Anf\u00e4ngern sowie von den Profis genossen. Sauna-G\u00e4nger finden eine ger\u00e4umige Saunawelt mit klassischer finnischer Sauna, Dampfbad, Infrarotkabine, Laconium, Caldarium, Balnearium und Kneipp-Durchgang vor. Im Erlebnisbad Terme 3000 bereiten viele Rutschen j\u00fcngeren Besuchern und Kindern viel Spa\u00df w\u00e4hrend eines Golfurlaubs. Spitzenkulinarik, feine Weinsorten und landschaftliche Sch\u00f6nheit bereiten Ihnen auch neben dem Golf-Erlebnis viel Genuss.<\/p>\n<h2>Golf and wellness<\/h2>\n<p>The elegant five-star hotel, just a few steps away from the Livada golf course, offers you the healing power of thermal water in a whirlpool in your room, as well as an indoor pool and an outdoor pool area that can be used all year round. Direct access to a separate golf reception, garage building, pro shop, golf school facilities and individual lessons are enjoyed by beginners and professionals alike. Sauna-goers will find a spacious sauna world with a classic Finnish sauna, steam bath, infrared cabin, laconium, caldarium, balnearium and Kneipp path. In the Terme 3000 adventure pool, there are plenty of slides for younger visitors and children to enjoy during a golf holiday. Top culinary delights, fine wines and scenic beauty also provide you with plenty of enjoyment alongside your golfing experience.<\/p>\n","protected":false},"excerpt":{"rendered":"<p>Golf und Wellness Das elegente F\u00fcnf-Sterne-Hotel nur einige Schritte von der Golfanlage Livada entfernt, bietet Ihnen neben dem Hallenbad und einem saisonunabh\u00e4ngig benutzbaren Au\u00dfenbadebereich -, die heilende Kraft des Thermalwassers in einem Whirlpool im Zimmerbad an. Direkter Zugang zu seperater Golf-Rezeption, Garagenhaus, Pro Shop, M\u00f6glichkeiten f\u00fcr Golfschule und Individualunterricht werden von den Anf\u00e4ngern sowie von [&hellip;]<\/p>\n","protected":false},"author":1,"featured_media":0,"parent":2216,"menu_order":5,"comment_status":"closed","ping_status":"closed","template":"page-partner.php","meta":{"_acf_changed":false,"footnotes":""},"class_list":["post-768","page","type-page","status-publish","hentry"],"acf":{"partner_infobox":"<strong>Adresse:\r\n<\/strong>Terme 3000, Kranjceva ulica 12, 9226 Moravske Toplice\r\n\r\n<strong>Tel:<\/strong>+386 2512 2200\r\n\r\n<strong>Web: <\/strong><a href=\"http:\/\/www.terme3000.si\" target=\"_blank\" rel=\"nofollow noopener noreferrer\">www.terme3000.si<\/a>\r\n\r\n<strong>E-Mail:<\/strong> <a href=\"mailto:info@terme3000.si\">info@terme3000.si<\/a>\r\n\r\n<strong>Bedingungen:\r\n<\/strong>Unser Angebot: 1 \u00dcN\/F f\u00fcr 2 Personen im DZ \u20ac 120,-, egal in welcher Saison.\r\n\r\n<strong>Anfahrt:\r\n<\/strong>von Graz: A 9, Ausfahrt Vogau\/Stra\u00df \u2192 Bad Radkersburg \u2192 Grenz\u00fcbergang Sicheldorf \/ Gederovci \u2192 Murska Sobota \u2192 Moravske Toplicec","partner_logo":2812,"partner_gallery":[4043,4042,4044,4045],"partner_lat":46.683844,"partner_long":16.221562,"partner_type":"hotel","partner_openings":["1","2","3","4","5","6","7"],"montag_von_bis":"00:00 - 24:00","dienstag_von_bis":"00:00 - 24:00","mittwoch_von_bis":"00:00 - 24:00","donnerstag_von_bis":"00:00 - 24:00","freitag_von_bis":"00:00 - 24:00","samstag_von_bis":"00:00 - 24:00","sonntag_von_bis":"00:00 - 24:00","partner_adresse":"Terme 3000, Kranjceva ulica 12, 9226 Moravske Toplice","partner_land_bundesland":"","partner_tel_1":"","partner_tel_2":"+386 2 041 201 365","partner_web":"https:\/\/www.sava-hotels-resorts.com\/de\/terme-3000-moravske-toplice\/unterkunfte\/hotel-livada","partner_mail":"recepcija.livada@sava.si","partner_spielbahnen_par":"","partner_laenge":"","partner_bedingungen":"Unser Angebot: 1 \u00dcN\/F f\u00fcr 2 Personen im DZ 160,- \u20ac - egal in welcher Saison.\r\nOur offer: 1 night\/night for 2 people in a double room \u20ac 160- regardless of the season.","partner_anfahrt":"","partner_misc":null,"additional_css_classes":""},"yoast_head":"<!-- This site is optimized with the Yoast SEO plugin v26.8 - https:\/\/yoast.com\/product\/yoast-seo-wordpress\/ -->\n<title>Hotel Livada Prestige - Fairway 2 Hotel<\/title>\n<meta name=\"robots\" content=\"index, follow, max-snippet:-1, max-image-preview:large, max-video-preview:-1\" \/>\n<link rel=\"canonical\" href=\"https:\/\/fairway2hotel.at\/cs\/hotels\/slowenien\/hotel-livada-prestige\/\" \/>\n<meta property=\"og:locale\" content=\"cs_CZ\" \/>\n<meta property=\"og:type\" content=\"article\" \/>\n<meta property=\"og:title\" content=\"Hotel Livada Prestige - Fairway 2 Hotel\" \/>\n<meta property=\"og:description\" content=\"Golf und Wellness Das elegente F\u00fcnf-Sterne-Hotel nur einige Schritte von der Golfanlage Livada entfernt, bietet Ihnen neben dem Hallenbad und einem saisonunabh\u00e4ngig benutzbaren Au\u00dfenbadebereich -, die heilende Kraft des Thermalwassers in einem Whirlpool im Zimmerbad an. Direkter Zugang zu seperater Golf-Rezeption, Garagenhaus, Pro Shop, M\u00f6glichkeiten f\u00fcr Golfschule und Individualunterricht werden von den Anf\u00e4ngern sowie von [&hellip;]\" \/>\n<meta property=\"og:url\" content=\"https:\/\/fairway2hotel.at\/cs\/hotels\/slowenien\/hotel-livada-prestige\/\" \/>\n<meta property=\"og:site_name\" content=\"Fairway 2 Hotel\" \/>\n<meta property=\"article:modified_time\" content=\"2025-12-17T13:27:25+00:00\" \/>\n<meta name=\"twitter:card\" content=\"summary_large_image\" \/>\n<meta name=\"twitter:label1\" content=\"Odhadovan\u00e1 doba \u010dten\u00ed\" \/>\n\t<meta name=\"twitter:data1\" content=\"2 minuty\" \/>\n<script type=\"application\/ld+json\" class=\"yoast-schema-graph\">{\"@context\":\"https:\/\/schema.org\",\"@graph\":[{\"@type\":\"WebPage\",\"@id\":\"https:\/\/fairway2hotel.at\/cs\/hotels\/slowenien\/hotel-livada-prestige\/\",\"url\":\"https:\/\/fairway2hotel.at\/cs\/hotels\/slowenien\/hotel-livada-prestige\/\",\"name\":\"Hotel Livada Prestige - Fairway 2 Hotel\",\"isPartOf\":{\"@id\":\"https:\/\/fairway2hotel.at\/cs\/#website\"},\"datePublished\":\"2010-10-25T17:02:18+00:00\",\"dateModified\":\"2025-12-17T13:27:25+00:00\",\"breadcrumb\":{\"@id\":\"https:\/\/fairway2hotel.at\/cs\/hotels\/slowenien\/hotel-livada-prestige\/#breadcrumb\"},\"inLanguage\":\"cs\",\"potentialAction\":[{\"@type\":\"ReadAction\",\"target\":[\"https:\/\/fairway2hotel.at\/cs\/hotels\/slowenien\/hotel-livada-prestige\/\"]}]},{\"@type\":\"BreadcrumbList\",\"@id\":\"https:\/\/fairway2hotel.at\/cs\/hotels\/slowenien\/hotel-livada-prestige\/#breadcrumb\",\"itemListElement\":[{\"@type\":\"ListItem\",\"position\":1,\"name\":\"Home\",\"item\":\"https:\/\/fairway2hotel.at\/cs\/\"},{\"@type\":\"ListItem\",\"position\":2,\"name\":\"Hotels\",\"item\":\"https:\/\/fairway2hotel.at\/cs\/hotels\/\"},{\"@type\":\"ListItem\",\"position\":3,\"name\":\"Hotels Slowenien\",\"item\":\"https:\/\/fairway2hotel.at\/cs\/hotels\/slowenien\/\"},{\"@type\":\"ListItem\",\"position\":4,\"name\":\"Hotel Livada Prestige\"}]},{\"@type\":\"WebSite\",\"@id\":\"https:\/\/fairway2hotel.at\/cs\/#website\",\"url\":\"https:\/\/fairway2hotel.at\/cs\/\",\"name\":\"Fairway 2 Hotel\",\"description\":\"Golf zum halben Preis! 2 spielen - 1 zahlt\",\"potentialAction\":[{\"@type\":\"SearchAction\",\"target\":{\"@type\":\"EntryPoint\",\"urlTemplate\":\"https:\/\/fairway2hotel.at\/cs\/?s={search_term_string}\"},\"query-input\":{\"@type\":\"PropertyValueSpecification\",\"valueRequired\":true,\"valueName\":\"search_term_string\"}}],\"inLanguage\":\"cs\"}]}<\/script>\n<!-- \/ Yoast SEO plugin. -->","yoast_head_json":{"title":"Hotel Livada Prestige - Fairway 2 Hotel","robots":{"index":"index","follow":"follow","max-snippet":"max-snippet:-1","max-image-preview":"max-image-preview:large","max-video-preview":"max-video-preview:-1"},"canonical":"https:\/\/fairway2hotel.at\/cs\/hotels\/slowenien\/hotel-livada-prestige\/","og_locale":"cs_CZ","og_type":"article","og_title":"Hotel Livada Prestige - Fairway 2 Hotel","og_description":"Golf und Wellness Das elegente F\u00fcnf-Sterne-Hotel nur einige Schritte von der Golfanlage Livada entfernt, bietet Ihnen neben dem Hallenbad und einem saisonunabh\u00e4ngig benutzbaren Au\u00dfenbadebereich -, die heilende Kraft des Thermalwassers in einem Whirlpool im Zimmerbad an. Direkter Zugang zu seperater Golf-Rezeption, Garagenhaus, Pro Shop, M\u00f6glichkeiten f\u00fcr Golfschule und Individualunterricht werden von den Anf\u00e4ngern sowie von [&hellip;]","og_url":"https:\/\/fairway2hotel.at\/cs\/hotels\/slowenien\/hotel-livada-prestige\/","og_site_name":"Fairway 2 Hotel","article_modified_time":"2025-12-17T13:27:25+00:00","twitter_card":"summary_large_image","twitter_misc":{"Odhadovan\u00e1 doba \u010dten\u00ed":"2 minuty"},"schema":{"@context":"https:\/\/schema.org","@graph":[{"@type":"WebPage","@id":"https:\/\/fairway2hotel.at\/cs\/hotels\/slowenien\/hotel-livada-prestige\/","url":"https:\/\/fairway2hotel.at\/cs\/hotels\/slowenien\/hotel-livada-prestige\/","name":"Hotel Livada Prestige - Fairway 2 Hotel","isPartOf":{"@id":"https:\/\/fairway2hotel.at\/cs\/#website"},"datePublished":"2010-10-25T17:02:18+00:00","dateModified":"2025-12-17T13:27:25+00:00","breadcrumb":{"@id":"https:\/\/fairway2hotel.at\/cs\/hotels\/slowenien\/hotel-livada-prestige\/#breadcrumb"},"inLanguage":"cs","potentialAction":[{"@type":"ReadAction","target":["https:\/\/fairway2hotel.at\/cs\/hotels\/slowenien\/hotel-livada-prestige\/"]}]},{"@type":"BreadcrumbList","@id":"https:\/\/fairway2hotel.at\/cs\/hotels\/slowenien\/hotel-livada-prestige\/#breadcrumb","itemListElement":[{"@type":"ListItem","position":1,"name":"Home","item":"https:\/\/fairway2hotel.at\/cs\/"},{"@type":"ListItem","position":2,"name":"Hotels","item":"https:\/\/fairway2hotel.at\/cs\/hotels\/"},{"@type":"ListItem","position":3,"name":"Hotels Slowenien","item":"https:\/\/fairway2hotel.at\/cs\/hotels\/slowenien\/"},{"@type":"ListItem","position":4,"name":"Hotel Livada Prestige"}]},{"@type":"WebSite","@id":"https:\/\/fairway2hotel.at\/cs\/#website","url":"https:\/\/fairway2hotel.at\/cs\/","name":"Fairway 2 Hotel","description":"Golf zum halben Preis! 2 spielen - 1 zahlt","potentialAction":[{"@type":"SearchAction","target":{"@type":"EntryPoint","urlTemplate":"https:\/\/fairway2hotel.at\/cs\/?s={search_term_string}"},"query-input":{"@type":"PropertyValueSpecification","valueRequired":true,"valueName":"search_term_string"}}],"inLanguage":"cs"}]}},"_links":{"self":[{"href":"https:\/\/fairway2hotel.at\/cs\/wp-json\/wp\/v2\/pages\/768","targetHints":{"allow":["GET"]}}],"collection":[{"href":"https:\/\/fairway2hotel.at\/cs\/wp-json\/wp\/v2\/pages"}],"about":[{"href":"https:\/\/fairway2hotel.at\/cs\/wp-json\/wp\/v2\/types\/page"}],"author":[{"embeddable":true,"href":"https:\/\/fairway2hotel.at\/cs\/wp-json\/wp\/v2\/users\/1"}],"replies":[{"embeddable":true,"href":"https:\/\/fairway2hotel.at\/cs\/wp-json\/wp\/v2\/comments?post=768"}],"version-history":[{"count":18,"href":"https:\/\/fairway2hotel.at\/cs\/wp-json\/wp\/v2\/pages\/768\/revisions"}],"predecessor-version":[{"id":52044,"href":"https:\/\/fairway2hotel.at\/cs\/wp-json\/wp\/v2\/pages\/768\/revisions\/52044"}],"up":[{"embeddable":true,"href":"https:\/\/fairway2hotel.at\/cs\/wp-json\/wp\/v2\/pages\/2216"}],"acf:attachment":[{"embeddable":true,"href":"https:\/\/fairway2hotel.at\/cs\/wp-json\/wp\/v2\/media\/4045"},{"embeddable":true,"href":"https:\/\/fairway2hotel.at\/cs\/wp-json\/wp\/v2\/media\/4044"},{"embeddable":true,"href":"https:\/\/fairway2hotel.at\/cs\/wp-json\/wp\/v2\/media\/4042"},{"embeddable":true,"href":"https:\/\/fairway2hotel.at\/cs\/wp-json\/wp\/v2\/media\/4043"}],"wp:attachment":[{"href":"https:\/\/fairway2hotel.at\/cs\/wp-json\/wp\/v2\/media?parent=768"}],"curies":[{"name":"wp","href":"https:\/\/api.w.org\/{rel}","templated":true}]}}