{"id":770,"date":"2010-10-25T19:13:33","date_gmt":"2010-10-25T17:13:33","guid":{"rendered":"https:\/\/f2h.app\/golf-hotel-schloss-mokrice\/"},"modified":"2025-04-05T17:22:14","modified_gmt":"2025-04-05T15:22:14","slug":"golf-hotel-schloss-mokrice","status":"publish","type":"page","link":"https:\/\/fairway2hotel.at\/cs\/hotels\/slowenien\/golf-hotel-schloss-mokrice\/","title":{"rendered":"Golf Hotel Schloss Mokrice"},"content":{"rendered":"<h2>Golf Hotel Schloss Mokrice<\/h2>\n<p>Am Fu\u00dfe des hu\u0308geligen Hochlands, ver- hu\u0308llt in der Stille des Schlossparks, steht das Schloss Mokrice. Das Schloss, wo das Siegel der Vergangenheit den Anforderungen der modernen Erholung begegnet, ist in ein Hotel der hohen Kategorie renoviert worden. Es wird insbesondere denjenigen Ga\u0308sten gerecht, die das Schlossambiente zu genie\u00dfen und die im u\u0308ppigen Gru\u0308n, das der zweihundertja\u0308hrige englische Park bietet, Ruhe fu\u0308r ihre Seele zu finden wissen. Der Golfplatz mit 18 Lo\u0308chern direkt am Schloss liegend ist eine Herausforderung fu\u0308r Profis und Amateure. Das echte mittelalterliche Gefu\u0308hl werden Ihnen unsere Ko\u0308che im Schlossrestaurant hinzaubern. Wir werden Sie in unseren Weinkeller, einladen, wo Sie die besten slowenischen Weine kosten du\u0308rfen.<\/p>\n<h2>Golf Hotel Mokrice Castle<\/h2>\n<p>At the foot of the hilly highlands, hidden in the silence of the castle park, stands Mokrice Castle. The castle, where the seal of the past meets the requirements of modern recreation, has been renovated into a high category hotel. It is especially suitable for guests who enjoy the castle ambience and who know how to find peace for their souls in the lush greenery of the two-hundred-year-old English park. The 18-hole golf course right next to the castle is a challenge for professionals and amateurs alike. Our chefs will conjure up the real medieval feeling for you in the castle restaurant. We will invite you to our wine cellar, where you can taste the best Slovenian wines.<\/p>\n","protected":false},"excerpt":{"rendered":"<p>Golf Hotel Schloss Mokrice Am Fu\u00dfe des hu\u0308geligen Hochlands, ver- hu\u0308llt in der Stille des Schlossparks, steht das Schloss Mokrice. Das Schloss, wo das Siegel der Vergangenheit den Anforderungen der modernen Erholung begegnet, ist in ein Hotel der hohen Kategorie renoviert worden. Es wird insbesondere denjenigen Ga\u0308sten gerecht, die das Schlossambiente zu genie\u00dfen und die [&hellip;]<\/p>\n","protected":false},"author":1,"featured_media":0,"parent":2216,"menu_order":30,"comment_status":"closed","ping_status":"closed","template":"page-partner.php","meta":{"_acf_changed":false,"footnotes":""},"class_list":["post-770","page","type-page","status-publish","hentry"],"acf":{"partner_infobox":"<strong>Adresse:\u00a0<\/strong>Rajec 4 SI-8261 Jesenice na Dolenjskem\r\n\r\n<strong>Tel:\u00a0<\/strong>+386 (0)7\/4574240\r\n\r\n<strong>Fax:\u00a0<\/strong>+386 (0)7\/4957007\r\n\r\n<strong>Web: <\/strong><a href=\"http:\/\/www.terme-catez.si\" target=\"_blank\" rel=\"nofollow noopener noreferrer\">www.terme-catez.si<\/a>\r\n\r\n<strong>E-Mail:<\/strong> <a href=\"mailto:golf@terme-catez.si\">golf@terme-catez.si<\/a>\r\n\r\n<em><strong>Bedingungen:\r\n<\/strong>2 Personen im Doppelzimmer max. 3 Na\u0308chte \u2013 U\u0308bernachtung und Fru\u0308hstu\u0308ck. Der Gutschein ist nur auf die aktuelle Preisliste einlo\u0308sbar, nicht auf Aktionsangebote.<\/em>\r\n\r\n<strong>Anfahrt:\r\n<\/strong>Autobahn Ljubljana\u2013 Zagreb \u2013 2 km vor der kroatischen Grenze","partner_logo":null,"partner_gallery":[769,47677,47679,47681,47683],"partner_lat":45.851778,"partner_long":15.673058,"partner_type":"hotel","partner_openings":["1","2","3","4","5","6","7"],"montag_von_bis":"00:00 - 24:00","dienstag_von_bis":"00:00 - 24:00","mittwoch_von_bis":"00:00 - 24:00","donnerstag_von_bis":"00:00 - 24:00","freitag_von_bis":"00:00 - 24:00","samstag_von_bis":"00:00 - 24:00","sonntag_von_bis":"00:00 - 24:00","partner_adresse":"Rajec 4 SI-8261 Jesenice na Dolenjskem","partner_land_bundesland":"","partner_tel_1":"+386 (0)7\/4574240","partner_tel_2":"","partner_web":"https:\/\/www.terme-catez.si\/de\/mokrice","partner_mail":"hotelgradmokrice@terme-catez.si","partner_spielbahnen_par":"","partner_laenge":"","partner_bedingungen":"2 Personen im Doppelzimmer max. 3 Na\u0308chte \u2013 U\u0308bernachtung und Fru\u0308hstu\u0308ck. Der Gutschein ist nur auf die aktuelle Preisliste einlo\u0308sbar, nicht auf Aktionsangebote.\r\n2 persons in a double room max. 3 nights - bed and breakfast. The voucher can only be redeemed on the current price list, not on special offers.","partner_anfahrt":"","partner_misc":null,"additional_css_classes":""},"yoast_head":"<!-- This site is optimized with the Yoast SEO plugin v26.8 - https:\/\/yoast.com\/product\/yoast-seo-wordpress\/ -->\n<title>Golf Hotel Schloss Mokrice - Fairway 2 Hotel<\/title>\n<meta name=\"robots\" content=\"index, follow, max-snippet:-1, max-image-preview:large, max-video-preview:-1\" \/>\n<link rel=\"canonical\" href=\"https:\/\/fairway2hotel.at\/cs\/hotels\/slowenien\/golf-hotel-schloss-mokrice\/\" \/>\n<meta property=\"og:locale\" content=\"cs_CZ\" \/>\n<meta property=\"og:type\" content=\"article\" \/>\n<meta property=\"og:title\" content=\"Golf Hotel Schloss Mokrice - Fairway 2 Hotel\" \/>\n<meta property=\"og:description\" content=\"Golf Hotel Schloss Mokrice Am Fu\u00dfe des hu\u0308geligen Hochlands, ver- hu\u0308llt in der Stille des Schlossparks, steht das Schloss Mokrice. Das Schloss, wo das Siegel der Vergangenheit den Anforderungen der modernen Erholung begegnet, ist in ein Hotel der hohen Kategorie renoviert worden. Es wird insbesondere denjenigen Ga\u0308sten gerecht, die das Schlossambiente zu genie\u00dfen und die [&hellip;]\" \/>\n<meta property=\"og:url\" content=\"https:\/\/fairway2hotel.at\/cs\/hotels\/slowenien\/golf-hotel-schloss-mokrice\/\" \/>\n<meta property=\"og:site_name\" content=\"Fairway 2 Hotel\" \/>\n<meta property=\"article:modified_time\" content=\"2025-04-05T15:22:14+00:00\" \/>\n<meta name=\"twitter:card\" content=\"summary_large_image\" \/>\n<meta name=\"twitter:label1\" content=\"Odhadovan\u00e1 doba \u010dten\u00ed\" \/>\n\t<meta name=\"twitter:data1\" content=\"2 minuty\" \/>\n<script type=\"application\/ld+json\" class=\"yoast-schema-graph\">{\"@context\":\"https:\/\/schema.org\",\"@graph\":[{\"@type\":\"WebPage\",\"@id\":\"https:\/\/fairway2hotel.at\/cs\/hotels\/slowenien\/golf-hotel-schloss-mokrice\/\",\"url\":\"https:\/\/fairway2hotel.at\/cs\/hotels\/slowenien\/golf-hotel-schloss-mokrice\/\",\"name\":\"Golf Hotel Schloss Mokrice - Fairway 2 Hotel\",\"isPartOf\":{\"@id\":\"https:\/\/fairway2hotel.at\/cs\/#website\"},\"datePublished\":\"2010-10-25T17:13:33+00:00\",\"dateModified\":\"2025-04-05T15:22:14+00:00\",\"breadcrumb\":{\"@id\":\"https:\/\/fairway2hotel.at\/cs\/hotels\/slowenien\/golf-hotel-schloss-mokrice\/#breadcrumb\"},\"inLanguage\":\"cs\",\"potentialAction\":[{\"@type\":\"ReadAction\",\"target\":[\"https:\/\/fairway2hotel.at\/cs\/hotels\/slowenien\/golf-hotel-schloss-mokrice\/\"]}]},{\"@type\":\"BreadcrumbList\",\"@id\":\"https:\/\/fairway2hotel.at\/cs\/hotels\/slowenien\/golf-hotel-schloss-mokrice\/#breadcrumb\",\"itemListElement\":[{\"@type\":\"ListItem\",\"position\":1,\"name\":\"Home\",\"item\":\"https:\/\/fairway2hotel.at\/cs\/\"},{\"@type\":\"ListItem\",\"position\":2,\"name\":\"Hotels\",\"item\":\"https:\/\/fairway2hotel.at\/cs\/hotels\/\"},{\"@type\":\"ListItem\",\"position\":3,\"name\":\"Hotels Slowenien\",\"item\":\"https:\/\/fairway2hotel.at\/cs\/hotels\/slowenien\/\"},{\"@type\":\"ListItem\",\"position\":4,\"name\":\"Golf Hotel Schloss Mokrice\"}]},{\"@type\":\"WebSite\",\"@id\":\"https:\/\/fairway2hotel.at\/cs\/#website\",\"url\":\"https:\/\/fairway2hotel.at\/cs\/\",\"name\":\"Fairway 2 Hotel\",\"description\":\"Golf zum halben Preis! 2 spielen - 1 zahlt\",\"potentialAction\":[{\"@type\":\"SearchAction\",\"target\":{\"@type\":\"EntryPoint\",\"urlTemplate\":\"https:\/\/fairway2hotel.at\/cs\/?s={search_term_string}\"},\"query-input\":{\"@type\":\"PropertyValueSpecification\",\"valueRequired\":true,\"valueName\":\"search_term_string\"}}],\"inLanguage\":\"cs\"}]}<\/script>\n<!-- \/ Yoast SEO plugin. -->","yoast_head_json":{"title":"Golf Hotel Schloss Mokrice - Fairway 2 Hotel","robots":{"index":"index","follow":"follow","max-snippet":"max-snippet:-1","max-image-preview":"max-image-preview:large","max-video-preview":"max-video-preview:-1"},"canonical":"https:\/\/fairway2hotel.at\/cs\/hotels\/slowenien\/golf-hotel-schloss-mokrice\/","og_locale":"cs_CZ","og_type":"article","og_title":"Golf Hotel Schloss Mokrice - Fairway 2 Hotel","og_description":"Golf Hotel Schloss Mokrice Am Fu\u00dfe des hu\u0308geligen Hochlands, ver- hu\u0308llt in der Stille des Schlossparks, steht das Schloss Mokrice. Das Schloss, wo das Siegel der Vergangenheit den Anforderungen der modernen Erholung begegnet, ist in ein Hotel der hohen Kategorie renoviert worden. Es wird insbesondere denjenigen Ga\u0308sten gerecht, die das Schlossambiente zu genie\u00dfen und die [&hellip;]","og_url":"https:\/\/fairway2hotel.at\/cs\/hotels\/slowenien\/golf-hotel-schloss-mokrice\/","og_site_name":"Fairway 2 Hotel","article_modified_time":"2025-04-05T15:22:14+00:00","twitter_card":"summary_large_image","twitter_misc":{"Odhadovan\u00e1 doba \u010dten\u00ed":"2 minuty"},"schema":{"@context":"https:\/\/schema.org","@graph":[{"@type":"WebPage","@id":"https:\/\/fairway2hotel.at\/cs\/hotels\/slowenien\/golf-hotel-schloss-mokrice\/","url":"https:\/\/fairway2hotel.at\/cs\/hotels\/slowenien\/golf-hotel-schloss-mokrice\/","name":"Golf Hotel Schloss Mokrice - Fairway 2 Hotel","isPartOf":{"@id":"https:\/\/fairway2hotel.at\/cs\/#website"},"datePublished":"2010-10-25T17:13:33+00:00","dateModified":"2025-04-05T15:22:14+00:00","breadcrumb":{"@id":"https:\/\/fairway2hotel.at\/cs\/hotels\/slowenien\/golf-hotel-schloss-mokrice\/#breadcrumb"},"inLanguage":"cs","potentialAction":[{"@type":"ReadAction","target":["https:\/\/fairway2hotel.at\/cs\/hotels\/slowenien\/golf-hotel-schloss-mokrice\/"]}]},{"@type":"BreadcrumbList","@id":"https:\/\/fairway2hotel.at\/cs\/hotels\/slowenien\/golf-hotel-schloss-mokrice\/#breadcrumb","itemListElement":[{"@type":"ListItem","position":1,"name":"Home","item":"https:\/\/fairway2hotel.at\/cs\/"},{"@type":"ListItem","position":2,"name":"Hotels","item":"https:\/\/fairway2hotel.at\/cs\/hotels\/"},{"@type":"ListItem","position":3,"name":"Hotels Slowenien","item":"https:\/\/fairway2hotel.at\/cs\/hotels\/slowenien\/"},{"@type":"ListItem","position":4,"name":"Golf Hotel Schloss Mokrice"}]},{"@type":"WebSite","@id":"https:\/\/fairway2hotel.at\/cs\/#website","url":"https:\/\/fairway2hotel.at\/cs\/","name":"Fairway 2 Hotel","description":"Golf zum halben Preis! 2 spielen - 1 zahlt","potentialAction":[{"@type":"SearchAction","target":{"@type":"EntryPoint","urlTemplate":"https:\/\/fairway2hotel.at\/cs\/?s={search_term_string}"},"query-input":{"@type":"PropertyValueSpecification","valueRequired":true,"valueName":"search_term_string"}}],"inLanguage":"cs"}]}},"_links":{"self":[{"href":"https:\/\/fairway2hotel.at\/cs\/wp-json\/wp\/v2\/pages\/770","targetHints":{"allow":["GET"]}}],"collection":[{"href":"https:\/\/fairway2hotel.at\/cs\/wp-json\/wp\/v2\/pages"}],"about":[{"href":"https:\/\/fairway2hotel.at\/cs\/wp-json\/wp\/v2\/types\/page"}],"author":[{"embeddable":true,"href":"https:\/\/fairway2hotel.at\/cs\/wp-json\/wp\/v2\/users\/1"}],"replies":[{"embeddable":true,"href":"https:\/\/fairway2hotel.at\/cs\/wp-json\/wp\/v2\/comments?post=770"}],"version-history":[{"count":8,"href":"https:\/\/fairway2hotel.at\/cs\/wp-json\/wp\/v2\/pages\/770\/revisions"}],"predecessor-version":[{"id":47685,"href":"https:\/\/fairway2hotel.at\/cs\/wp-json\/wp\/v2\/pages\/770\/revisions\/47685"}],"up":[{"embeddable":true,"href":"https:\/\/fairway2hotel.at\/cs\/wp-json\/wp\/v2\/pages\/2216"}],"acf:attachment":[{"embeddable":true,"href":"https:\/\/fairway2hotel.at\/cs\/wp-json\/wp\/v2\/media\/47683"},{"embeddable":true,"href":"https:\/\/fairway2hotel.at\/cs\/wp-json\/wp\/v2\/media\/47681"},{"embeddable":true,"href":"https:\/\/fairway2hotel.at\/cs\/wp-json\/wp\/v2\/media\/47679"},{"embeddable":true,"href":"https:\/\/fairway2hotel.at\/cs\/wp-json\/wp\/v2\/media\/47677"},{"embeddable":true,"href":"https:\/\/fairway2hotel.at\/cs\/wp-json\/wp\/v2\/media\/769"}],"wp:attachment":[{"href":"https:\/\/fairway2hotel.at\/cs\/wp-json\/wp\/v2\/media?parent=770"}],"curies":[{"name":"wp","href":"https:\/\/api.w.org\/{rel}","templated":true}]}}