{"id":831,"date":"2012-10-23T22:44:32","date_gmt":"2012-10-23T20:44:32","guid":{"rendered":"https:\/\/f2h.app\/landhotel-schwaiger\/"},"modified":"2020-05-18T10:19:27","modified_gmt":"2020-05-18T08:19:27","slug":"landhotel-schwaiger","status":"publish","type":"page","link":"https:\/\/fairway2hotel.at\/cs\/landhotel-schwaiger\/","title":{"rendered":"Landhotel Schwaiger"},"content":{"rendered":"<div class=\"row\">\n<div class=\"c8\">\n<div class=\"seitentitel\">Landhotel Schwaiger<\/div>\n<\/div>\n<\/div>\n<div class=\"row\">\n<article class=\"c8 textbereich\">\n<h2>Golfurlaub und Genuss pur im Almenland<\/h2>\n<p>Unser ****Landhotel liegt im sch\u00f6nen Naturpark Almenland in St. Kathrein am Offenegg. Auf einer Seeh\u00f6he von 972 m geben wir Ihnen einen Rahmen zum Wohlf\u00fchlen und Genie\u00dfen. In unserem famili\u00e4r gef\u00fchrten Hotel stehen Ihnen 27 komfortable Almenland-Zimmer zur Verf\u00fcgung und wir verw\u00f6hnen Sie in der gem\u00fctlichen Gaststube oder auf der sonnigen Terrasse mit regionalen K\u00f6stlichkeiten. Herrliche Entspannung bietet unser liebevoll gestalteter Vitalbereich. Durch die attraktive Lage unseres Hotels k\u00f6nnen zahlreiche \u2013 auch gef\u00fchrte &#8211; Wanderungen direkt vor der Haust\u00fcr begonnen werden oder planen und starten Sie einen ereignisreichen Golf Tag. Wir erwarten Sie im idyllischen Blumendorf St. Kathrein.<\/p>\n<div id=\"fotos\"><img decoding=\"async\" class=\"vorschaubilder size-full wp-image-829\" src=\"https:\/\/f2h.app\/wp-content\/uploads\/2012\/10\/landhotel_schwaiger_1.jpg\" alt=\"Fairway 2 Hotel\" height=\"100\" srcset=\"https:\/\/fairway2hotel.at\/wp-content\/uploads\/2012\/10\/landhotel_schwaiger_1.jpg 640w, https:\/\/fairway2hotel.at\/wp-content\/uploads\/2012\/10\/landhotel_schwaiger_1-600x400.jpg 600w, https:\/\/fairway2hotel.at\/wp-content\/uploads\/2012\/10\/landhotel_schwaiger_1-300x200.jpg 300w\" sizes=\"(max-width: 640px) 100vw, 640px\" \/><img decoding=\"async\" class=\"vorschaubilder size-full wp-image-830\" src=\"https:\/\/f2h.app\/wp-content\/uploads\/2012\/10\/landhotel_schwaiger_2.jpg\" alt=\"Fairway 2 Hotel\" height=\"100\" srcset=\"https:\/\/fairway2hotel.at\/wp-content\/uploads\/2012\/10\/landhotel_schwaiger_2.jpg 640w, https:\/\/fairway2hotel.at\/wp-content\/uploads\/2012\/10\/landhotel_schwaiger_2-600x400.jpg 600w, https:\/\/fairway2hotel.at\/wp-content\/uploads\/2012\/10\/landhotel_schwaiger_2-300x200.jpg 300w\" sizes=\"(max-width: 640px) 100vw, 640px\" \/><\/div>\n<\/article>\n<aside class=\"c4 infos\">\n<div class=\"c4 clubLogoRow\"><img decoding=\"async\" src=\"images\/stories\/hotels\/\" alt=\"Logo Landhotel Schwaiger\" class=\"clublogo\"><\/div>\n<table>\n<td colspan=\"2\">\n<h1>Landhotel Schwaiger<\/h1>\n<\/td>\n<tr>\n<td><strong>Adresse:<\/strong><\/td>\n<td>Dorf 5 <br \/>8171 St.Kathrein \/ Of<\/td>\n<\/tr>\n<tr>\n<td><strong>Tel:<\/strong><\/td>\n<td>+43(0)3179 8234<\/td>\n<\/tr>\n<tr>\n<td><strong>Fax:<\/strong><\/td>\n<td>+43(0)3179 8234 14<\/td>\n<\/tr>\n<tr>\n<td colspan=\"2\"><strong>Web: <\/strong><a href=\"http:\/\/www.landhotel-schwaiger.at\" target=\"_blank\" rel=\"nofollow noopener noreferrer\">www.landhotel-schwaiger.at<\/a><\/td>\n<\/tr>\n<tr>\n<td colspan=\"2\"><strong>E-Mail:<\/strong> <a href=\"mailto:info@landhotel-schwaiger.at\">info@landhotel-schwaiger.at<\/a><\/td>\n<\/tr>\n<tr>\n<td colspan=\"2\" class=\"bedingungen\"><strong>Bedingungen: <\/strong><\/td>\n<\/tr>\n<tr>\n<td colspan=\"2\"><strong>Golfclubs in der N\u00e4he: <\/strong>GC Almenland Passail 15 kmGC Freiberg 25 km. GC Murhof Graz 45 km<\/td>\n<\/tr>\n<tr>\n<td colspan=\"2\"><strong>Anfahrt: <\/strong>von Wien: A2 &#8211;> Graz &#8211;> Weiz, Passail &#8211;> Weizklamm &#8211;> St.Kathrein \/ Off &#8211; von Graz: Mariatrost &#8211;> Weiz &#8211;> Passail &#8211;> Weizklamm &#8211;> St.Kathrein \/ Off<\/td>\n<\/tr>\n<\/table>\n<\/aside>\n<\/div>\n<hr>\n<div class=\"row\">\n<div class=\"c8 kategorie\"><a href=\"\/hotels\/steiermark\">Steiermark<\/a><\/div>\n<div class=\"c4 bestellenbutton\"> <a href=\"#\"> <svg xmlns=\"http:\/\/www.w3.org\/2000\/svg\" width=\"17\" height=\"16\" viewBox=\"0 0 16.5 16\"> <\/p>\n<style>.a{fill: #FFF;}<\/style>\n<path d=\"M4.8 12.8c-0.9 0-1.6 0.7-1.6 1.6C3.2 15.3 3.9 16 4.8 16c0.9 0 1.6-0.7 1.6-1.6C6.4 13.5 5.7 12.8 4.8 12.8z\" class=\"a\"\/> <path d=\"M12.8 12.8c-0.9 0-1.6 0.7-1.6 1.6 0 0.9 0.7 1.6 1.6 1.6s1.6-0.7 1.6-1.6C14.4 13.5 13.7 12.8 12.8 12.8z\" class=\"a\"\/> <path d=\"M5 10.2V10.2L5.7 8.8h7.7L16.5 1.6H3.4L2.6 0H0v1.6h1.6L4.5 7.7 3.4 9.6c-0.1 0.2-0.2 0.6-0.2 0.8C3.2 11.3 3.9 12 4.8 12h9.6v-1.6H5.1C5 10.4 5 10.3 5 10.2z\" class=\"a\"\/> <\/svg> JETZT BESTELLEN<\/a> <\/div>\n<\/div>\n","protected":false},"excerpt":{"rendered":"<p>Landhotel Schwaiger Golfurlaub und Genuss pur im Almenland Unser ****Landhotel liegt im sch\u00f6nen Naturpark Almenland in St. Kathrein am Offenegg. Auf einer Seeh\u00f6he von 972 m geben wir Ihnen einen Rahmen zum Wohlf\u00fchlen und Genie\u00dfen. In unserem famili\u00e4r gef\u00fchrten Hotel stehen Ihnen 27 komfortable Almenland-Zimmer zur Verf\u00fcgung und wir verw\u00f6hnen Sie in der gem\u00fctlichen Gaststube [&hellip;]<\/p>\n","protected":false},"author":1,"featured_media":0,"parent":0,"menu_order":3,"comment_status":"closed","ping_status":"closed","template":"","meta":{"_acf_changed":false,"footnotes":""},"class_list":["post-831","page","type-page","status-publish","hentry"],"acf":[],"yoast_head":"<!-- This site is optimized with the Yoast SEO plugin v26.8 - https:\/\/yoast.com\/product\/yoast-seo-wordpress\/ -->\n<title>Landhotel Schwaiger - Fairway 2 Hotel<\/title>\n<meta name=\"robots\" content=\"index, follow, max-snippet:-1, max-image-preview:large, max-video-preview:-1\" \/>\n<link rel=\"canonical\" href=\"https:\/\/fairway2hotel.at\/cs\/landhotel-schwaiger\/\" \/>\n<meta property=\"og:locale\" content=\"cs_CZ\" \/>\n<meta property=\"og:type\" content=\"article\" \/>\n<meta property=\"og:title\" content=\"Landhotel Schwaiger - Fairway 2 Hotel\" \/>\n<meta property=\"og:description\" content=\"Landhotel Schwaiger Golfurlaub und Genuss pur im Almenland Unser ****Landhotel liegt im sch\u00f6nen Naturpark Almenland in St. Kathrein am Offenegg. Auf einer Seeh\u00f6he von 972 m geben wir Ihnen einen Rahmen zum Wohlf\u00fchlen und Genie\u00dfen. In unserem famili\u00e4r gef\u00fchrten Hotel stehen Ihnen 27 komfortable Almenland-Zimmer zur Verf\u00fcgung und wir verw\u00f6hnen Sie in der gem\u00fctlichen Gaststube [&hellip;]\" \/>\n<meta property=\"og:url\" content=\"https:\/\/fairway2hotel.at\/cs\/landhotel-schwaiger\/\" \/>\n<meta property=\"og:site_name\" content=\"Fairway 2 Hotel\" \/>\n<meta property=\"article:modified_time\" content=\"2020-05-18T08:19:27+00:00\" \/>\n<meta property=\"og:image\" content=\"https:\/\/f2h.app\/wp-content\/uploads\/2012\/10\/landhotel_schwaiger_1.jpg\" \/>\n<meta name=\"twitter:card\" content=\"summary_large_image\" \/>\n<meta name=\"twitter:label1\" content=\"Odhadovan\u00e1 doba \u010dten\u00ed\" \/>\n\t<meta name=\"twitter:data1\" content=\"1 minuta\" \/>\n<script type=\"application\/ld+json\" class=\"yoast-schema-graph\">{\"@context\":\"https:\/\/schema.org\",\"@graph\":[{\"@type\":\"WebPage\",\"@id\":\"https:\/\/fairway2hotel.at\/cs\/landhotel-schwaiger\/\",\"url\":\"https:\/\/fairway2hotel.at\/cs\/landhotel-schwaiger\/\",\"name\":\"Landhotel Schwaiger - Fairway 2 Hotel\",\"isPartOf\":{\"@id\":\"https:\/\/fairway2hotel.at\/cs\/#website\"},\"primaryImageOfPage\":{\"@id\":\"https:\/\/fairway2hotel.at\/cs\/landhotel-schwaiger\/#primaryimage\"},\"image\":{\"@id\":\"https:\/\/fairway2hotel.at\/cs\/landhotel-schwaiger\/#primaryimage\"},\"thumbnailUrl\":\"https:\/\/f2h.app\/wp-content\/uploads\/2012\/10\/landhotel_schwaiger_1.jpg\",\"datePublished\":\"2012-10-23T20:44:32+00:00\",\"dateModified\":\"2020-05-18T08:19:27+00:00\",\"breadcrumb\":{\"@id\":\"https:\/\/fairway2hotel.at\/cs\/landhotel-schwaiger\/#breadcrumb\"},\"inLanguage\":\"cs\",\"potentialAction\":[{\"@type\":\"ReadAction\",\"target\":[\"https:\/\/fairway2hotel.at\/cs\/landhotel-schwaiger\/\"]}]},{\"@type\":\"ImageObject\",\"inLanguage\":\"cs\",\"@id\":\"https:\/\/fairway2hotel.at\/cs\/landhotel-schwaiger\/#primaryimage\",\"url\":\"https:\/\/f2h.app\/wp-content\/uploads\/2012\/10\/landhotel_schwaiger_1.jpg\",\"contentUrl\":\"https:\/\/f2h.app\/wp-content\/uploads\/2012\/10\/landhotel_schwaiger_1.jpg\"},{\"@type\":\"BreadcrumbList\",\"@id\":\"https:\/\/fairway2hotel.at\/cs\/landhotel-schwaiger\/#breadcrumb\",\"itemListElement\":[{\"@type\":\"ListItem\",\"position\":1,\"name\":\"Home\",\"item\":\"https:\/\/fairway2hotel.at\/cs\/\"},{\"@type\":\"ListItem\",\"position\":2,\"name\":\"Landhotel Schwaiger\"}]},{\"@type\":\"WebSite\",\"@id\":\"https:\/\/fairway2hotel.at\/cs\/#website\",\"url\":\"https:\/\/fairway2hotel.at\/cs\/\",\"name\":\"Fairway 2 Hotel\",\"description\":\"Golf zum halben Preis! 2 spielen - 1 zahlt\",\"potentialAction\":[{\"@type\":\"SearchAction\",\"target\":{\"@type\":\"EntryPoint\",\"urlTemplate\":\"https:\/\/fairway2hotel.at\/cs\/?s={search_term_string}\"},\"query-input\":{\"@type\":\"PropertyValueSpecification\",\"valueRequired\":true,\"valueName\":\"search_term_string\"}}],\"inLanguage\":\"cs\"}]}<\/script>\n<!-- \/ Yoast SEO plugin. -->","yoast_head_json":{"title":"Landhotel Schwaiger - Fairway 2 Hotel","robots":{"index":"index","follow":"follow","max-snippet":"max-snippet:-1","max-image-preview":"max-image-preview:large","max-video-preview":"max-video-preview:-1"},"canonical":"https:\/\/fairway2hotel.at\/cs\/landhotel-schwaiger\/","og_locale":"cs_CZ","og_type":"article","og_title":"Landhotel Schwaiger - Fairway 2 Hotel","og_description":"Landhotel Schwaiger Golfurlaub und Genuss pur im Almenland Unser ****Landhotel liegt im sch\u00f6nen Naturpark Almenland in St. Kathrein am Offenegg. Auf einer Seeh\u00f6he von 972 m geben wir Ihnen einen Rahmen zum Wohlf\u00fchlen und Genie\u00dfen. In unserem famili\u00e4r gef\u00fchrten Hotel stehen Ihnen 27 komfortable Almenland-Zimmer zur Verf\u00fcgung und wir verw\u00f6hnen Sie in der gem\u00fctlichen Gaststube [&hellip;]","og_url":"https:\/\/fairway2hotel.at\/cs\/landhotel-schwaiger\/","og_site_name":"Fairway 2 Hotel","article_modified_time":"2020-05-18T08:19:27+00:00","og_image":[{"url":"https:\/\/f2h.app\/wp-content\/uploads\/2012\/10\/landhotel_schwaiger_1.jpg","type":"","width":"","height":""}],"twitter_card":"summary_large_image","twitter_misc":{"Odhadovan\u00e1 doba \u010dten\u00ed":"1 minuta"},"schema":{"@context":"https:\/\/schema.org","@graph":[{"@type":"WebPage","@id":"https:\/\/fairway2hotel.at\/cs\/landhotel-schwaiger\/","url":"https:\/\/fairway2hotel.at\/cs\/landhotel-schwaiger\/","name":"Landhotel Schwaiger - Fairway 2 Hotel","isPartOf":{"@id":"https:\/\/fairway2hotel.at\/cs\/#website"},"primaryImageOfPage":{"@id":"https:\/\/fairway2hotel.at\/cs\/landhotel-schwaiger\/#primaryimage"},"image":{"@id":"https:\/\/fairway2hotel.at\/cs\/landhotel-schwaiger\/#primaryimage"},"thumbnailUrl":"https:\/\/f2h.app\/wp-content\/uploads\/2012\/10\/landhotel_schwaiger_1.jpg","datePublished":"2012-10-23T20:44:32+00:00","dateModified":"2020-05-18T08:19:27+00:00","breadcrumb":{"@id":"https:\/\/fairway2hotel.at\/cs\/landhotel-schwaiger\/#breadcrumb"},"inLanguage":"cs","potentialAction":[{"@type":"ReadAction","target":["https:\/\/fairway2hotel.at\/cs\/landhotel-schwaiger\/"]}]},{"@type":"ImageObject","inLanguage":"cs","@id":"https:\/\/fairway2hotel.at\/cs\/landhotel-schwaiger\/#primaryimage","url":"https:\/\/f2h.app\/wp-content\/uploads\/2012\/10\/landhotel_schwaiger_1.jpg","contentUrl":"https:\/\/f2h.app\/wp-content\/uploads\/2012\/10\/landhotel_schwaiger_1.jpg"},{"@type":"BreadcrumbList","@id":"https:\/\/fairway2hotel.at\/cs\/landhotel-schwaiger\/#breadcrumb","itemListElement":[{"@type":"ListItem","position":1,"name":"Home","item":"https:\/\/fairway2hotel.at\/cs\/"},{"@type":"ListItem","position":2,"name":"Landhotel Schwaiger"}]},{"@type":"WebSite","@id":"https:\/\/fairway2hotel.at\/cs\/#website","url":"https:\/\/fairway2hotel.at\/cs\/","name":"Fairway 2 Hotel","description":"Golf zum halben Preis! 2 spielen - 1 zahlt","potentialAction":[{"@type":"SearchAction","target":{"@type":"EntryPoint","urlTemplate":"https:\/\/fairway2hotel.at\/cs\/?s={search_term_string}"},"query-input":{"@type":"PropertyValueSpecification","valueRequired":true,"valueName":"search_term_string"}}],"inLanguage":"cs"}]}},"_links":{"self":[{"href":"https:\/\/fairway2hotel.at\/cs\/wp-json\/wp\/v2\/pages\/831","targetHints":{"allow":["GET"]}}],"collection":[{"href":"https:\/\/fairway2hotel.at\/cs\/wp-json\/wp\/v2\/pages"}],"about":[{"href":"https:\/\/fairway2hotel.at\/cs\/wp-json\/wp\/v2\/types\/page"}],"author":[{"embeddable":true,"href":"https:\/\/fairway2hotel.at\/cs\/wp-json\/wp\/v2\/users\/1"}],"replies":[{"embeddable":true,"href":"https:\/\/fairway2hotel.at\/cs\/wp-json\/wp\/v2\/comments?post=831"}],"version-history":[{"count":1,"href":"https:\/\/fairway2hotel.at\/cs\/wp-json\/wp\/v2\/pages\/831\/revisions"}],"predecessor-version":[{"id":2524,"href":"https:\/\/fairway2hotel.at\/cs\/wp-json\/wp\/v2\/pages\/831\/revisions\/2524"}],"wp:attachment":[{"href":"https:\/\/fairway2hotel.at\/cs\/wp-json\/wp\/v2\/media?parent=831"}],"curies":[{"name":"wp","href":"https:\/\/api.w.org\/{rel}","templated":true}]}}