{"id":891,"date":"2012-10-24T05:56:36","date_gmt":"2012-10-24T03:56:36","guid":{"rendered":"https:\/\/f2h.app\/golf-und-landclub-karwendel\/"},"modified":"2025-03-30T17:46:04","modified_gmt":"2025-03-30T15:46:04","slug":"golf-und-landclub-karwendel","status":"publish","type":"page","link":"https:\/\/fairway2hotel.at\/cs\/golfclubs\/deutschland\/golf-und-landclub-karwendel\/","title":{"rendered":"GC Karwendel"},"content":{"rendered":"<h2>Golfen unter Freunden<\/h2>\n<p>Der Golfplatz liegt im oberen Isartal \u00f6stlich der Gemeinde Wallgau und grenzt unmittelbar an die Wildflusslandschaft der Isar. Die Fairways liegen eingebettet auf drei ehemaligen Flussterrassen, die im Norden in einen eiszeitlichen Mor\u00e4nenzug \u00fcbergehen. Die wundersch\u00f6ne Lage bietet durch das nach S\u00fcden offene obere Isartal einen beeindruckenden Blick auf die nahen Gebirgsz\u00fcge des Naturschutzparks Karwendel und auf Deutschlands h\u00f6chsten Berg, die Zugspitze. Ein echtes 18-Loch-Feeling bekommen Sie durch die zwei unterschiedlichen Abschl\u00e4ge pro Runde, so entwickelt sich ein Spielgef\u00fchl wie auf einem 18-Loch-Platz.<\/p>\n<h2>Golfing among friends<\/h2>\n<p>The golf course is located in the upper Isar valley to the east of the municipality of Wallgau and borders directly on the wild river landscape of the Isar. The fairways are embedded on three former river terraces, which merge into an ice-age moraine in the north. The beautiful location offers an impressive view of the nearby mountain ranges of the Karwendel nature reserve and Germany&#8217;s highest mountain, the Zugspitze, through the upper Isar valley, which is open to the south. You get a real 18-hole feeling thanks to the two different tees per round, giving you the feeling of playing on an 18-hole course.<\/p>\n","protected":false},"excerpt":{"rendered":"<p>Golfen unter Freunden Der Golfplatz liegt im oberen Isartal \u00f6stlich der Gemeinde Wallgau und grenzt unmittelbar an die Wildflusslandschaft der Isar. Die Fairways liegen eingebettet auf drei ehemaligen Flussterrassen, die im Norden in einen eiszeitlichen Mor\u00e4nenzug \u00fcbergehen. Die wundersch\u00f6ne Lage bietet durch das nach S\u00fcden offene obere Isartal einen beeindruckenden Blick auf die nahen Gebirgsz\u00fcge [&hellip;]<\/p>\n","protected":false},"author":1,"featured_media":0,"parent":1607,"menu_order":100,"comment_status":"closed","ping_status":"closed","template":"page-partner.php","meta":{"_acf_changed":false,"footnotes":""},"class_list":["post-891","page","type-page","status-publish","hentry"],"acf":{"partner_infobox":"<strong>Adresse:\u00a0<\/strong>Risserstra\u00dfe 14, D-82499 Wallgau\r\n\r\n<strong>Tel:\u00a0<\/strong>08825-2183\r\n\r\n<strong>Fax:\u00a0<\/strong>08825-92812\r\n\r\n<strong>Web: <\/strong><a href=\"http:\/\/www.golfclub-karwendel.de\" target=\"_blank\" rel=\"nofollow noopener\">www.golfclub-karwendel.de<\/a>\r\n\r\n<strong>E-Mail:<\/strong> <a href=\"mailto:info@golfclub-karwendel.de\">info@golfclub-karwendel.de<\/a>\r\n\r\n<strong>Spielbahnen\/Par: <\/strong>9\/70\r\n\r\n<strong>La\u0308nge: <\/strong>gelb: 5.846 m \/ rot: 5.138\u00a0m\r\n\r\n<strong>Anfahrt:\r\n<\/strong>von Garmisch-Partenkirchen: B11, Richtung Mittenwald, Ausfahrt Kr\u00fcn-Wallgau B11 in Wallgau \u00fcber die Stra\u00dfe Wallgau-Vorderro\u00df bis zum Golfplatz","partner_logo":890,"partner_gallery":[889,47305],"partner_lat":47.526781,"partner_long":11.294768,"partner_type":"golfclub","partner_openings":["1","2","3","4","5","6","7"],"montag_von_bis":"00:00 - 24:00","dienstag_von_bis":"00:00 - 24:00","mittwoch_von_bis":"00:00 - 24:00","donnerstag_von_bis":"00:00 - 24:00","freitag_von_bis":"00:00 - 24:00","samstag_von_bis":"00:00 - 24:00","sonntag_von_bis":"00:00 - 24:00","partner_adresse":"Risserstra\u00dfe 14, 82499 Wallgau","partner_land_bundesland":"Deutschland","partner_tel_1":"0049 8825 92812","partner_tel_2":"0049 8825 2183","partner_web":"http:\/\/www.golfclub-karwendel.de","partner_mail":"info@golfclub-karwendel.de","partner_spielbahnen_par":"9\/70","partner_laenge":"gelb: 5.846 m \/ rot: 5.138\u00a0m","partner_bedingungen":"","partner_anfahrt":"von Garmisch-Partenkirchen: B11, Richtung Mittenwald, Ausfahrt Kr\u00fcn-Wallgau B11 in Wallgau \u00fcber die Stra\u00dfe Wallgau-Vorderro\u00df bis zum Golfplatz","partner_misc":null,"additional_css_classes":""},"yoast_head":"<!-- This site is optimized with the Yoast SEO plugin v26.8 - https:\/\/yoast.com\/product\/yoast-seo-wordpress\/ -->\n<title>GC Karwendel - Fairway 2 Hotel<\/title>\n<meta name=\"robots\" content=\"index, follow, max-snippet:-1, max-image-preview:large, max-video-preview:-1\" \/>\n<link rel=\"canonical\" href=\"https:\/\/fairway2hotel.at\/cs\/golfclubs\/deutschland\/golf-und-landclub-karwendel\/\" \/>\n<meta property=\"og:locale\" content=\"cs_CZ\" \/>\n<meta property=\"og:type\" content=\"article\" \/>\n<meta property=\"og:title\" content=\"GC Karwendel - Fairway 2 Hotel\" \/>\n<meta property=\"og:description\" content=\"Golfen unter Freunden Der Golfplatz liegt im oberen Isartal \u00f6stlich der Gemeinde Wallgau und grenzt unmittelbar an die Wildflusslandschaft der Isar. Die Fairways liegen eingebettet auf drei ehemaligen Flussterrassen, die im Norden in einen eiszeitlichen Mor\u00e4nenzug \u00fcbergehen. Die wundersch\u00f6ne Lage bietet durch das nach S\u00fcden offene obere Isartal einen beeindruckenden Blick auf die nahen Gebirgsz\u00fcge [&hellip;]\" \/>\n<meta property=\"og:url\" content=\"https:\/\/fairway2hotel.at\/cs\/golfclubs\/deutschland\/golf-und-landclub-karwendel\/\" \/>\n<meta property=\"og:site_name\" content=\"Fairway 2 Hotel\" \/>\n<meta property=\"article:modified_time\" content=\"2025-03-30T15:46:04+00:00\" \/>\n<meta name=\"twitter:card\" content=\"summary_large_image\" \/>\n<meta name=\"twitter:label1\" content=\"Odhadovan\u00e1 doba \u010dten\u00ed\" \/>\n\t<meta name=\"twitter:data1\" content=\"2 minuty\" \/>\n<script type=\"application\/ld+json\" class=\"yoast-schema-graph\">{\"@context\":\"https:\/\/schema.org\",\"@graph\":[{\"@type\":\"WebPage\",\"@id\":\"https:\/\/fairway2hotel.at\/cs\/golfclubs\/deutschland\/golf-und-landclub-karwendel\/\",\"url\":\"https:\/\/fairway2hotel.at\/cs\/golfclubs\/deutschland\/golf-und-landclub-karwendel\/\",\"name\":\"GC Karwendel - Fairway 2 Hotel\",\"isPartOf\":{\"@id\":\"https:\/\/fairway2hotel.at\/cs\/#website\"},\"datePublished\":\"2012-10-24T03:56:36+00:00\",\"dateModified\":\"2025-03-30T15:46:04+00:00\",\"breadcrumb\":{\"@id\":\"https:\/\/fairway2hotel.at\/cs\/golfclubs\/deutschland\/golf-und-landclub-karwendel\/#breadcrumb\"},\"inLanguage\":\"cs\",\"potentialAction\":[{\"@type\":\"ReadAction\",\"target\":[\"https:\/\/fairway2hotel.at\/cs\/golfclubs\/deutschland\/golf-und-landclub-karwendel\/\"]}]},{\"@type\":\"BreadcrumbList\",\"@id\":\"https:\/\/fairway2hotel.at\/cs\/golfclubs\/deutschland\/golf-und-landclub-karwendel\/#breadcrumb\",\"itemListElement\":[{\"@type\":\"ListItem\",\"position\":1,\"name\":\"Home\",\"item\":\"https:\/\/fairway2hotel.at\/cs\/\"},{\"@type\":\"ListItem\",\"position\":2,\"name\":\"Golfclubs\",\"item\":\"https:\/\/fairway2hotel.at\/cs\/golfclubs\/\"},{\"@type\":\"ListItem\",\"position\":3,\"name\":\"Golfclubs Deutschland\",\"item\":\"https:\/\/fairway2hotel.at\/cs\/golfclubs\/deutschland\/\"},{\"@type\":\"ListItem\",\"position\":4,\"name\":\"GC Karwendel\"}]},{\"@type\":\"WebSite\",\"@id\":\"https:\/\/fairway2hotel.at\/cs\/#website\",\"url\":\"https:\/\/fairway2hotel.at\/cs\/\",\"name\":\"Fairway 2 Hotel\",\"description\":\"Golf zum halben Preis! 2 spielen - 1 zahlt\",\"potentialAction\":[{\"@type\":\"SearchAction\",\"target\":{\"@type\":\"EntryPoint\",\"urlTemplate\":\"https:\/\/fairway2hotel.at\/cs\/?s={search_term_string}\"},\"query-input\":{\"@type\":\"PropertyValueSpecification\",\"valueRequired\":true,\"valueName\":\"search_term_string\"}}],\"inLanguage\":\"cs\"}]}<\/script>\n<!-- \/ Yoast SEO plugin. -->","yoast_head_json":{"title":"GC Karwendel - Fairway 2 Hotel","robots":{"index":"index","follow":"follow","max-snippet":"max-snippet:-1","max-image-preview":"max-image-preview:large","max-video-preview":"max-video-preview:-1"},"canonical":"https:\/\/fairway2hotel.at\/cs\/golfclubs\/deutschland\/golf-und-landclub-karwendel\/","og_locale":"cs_CZ","og_type":"article","og_title":"GC Karwendel - Fairway 2 Hotel","og_description":"Golfen unter Freunden Der Golfplatz liegt im oberen Isartal \u00f6stlich der Gemeinde Wallgau und grenzt unmittelbar an die Wildflusslandschaft der Isar. Die Fairways liegen eingebettet auf drei ehemaligen Flussterrassen, die im Norden in einen eiszeitlichen Mor\u00e4nenzug \u00fcbergehen. Die wundersch\u00f6ne Lage bietet durch das nach S\u00fcden offene obere Isartal einen beeindruckenden Blick auf die nahen Gebirgsz\u00fcge [&hellip;]","og_url":"https:\/\/fairway2hotel.at\/cs\/golfclubs\/deutschland\/golf-und-landclub-karwendel\/","og_site_name":"Fairway 2 Hotel","article_modified_time":"2025-03-30T15:46:04+00:00","twitter_card":"summary_large_image","twitter_misc":{"Odhadovan\u00e1 doba \u010dten\u00ed":"2 minuty"},"schema":{"@context":"https:\/\/schema.org","@graph":[{"@type":"WebPage","@id":"https:\/\/fairway2hotel.at\/cs\/golfclubs\/deutschland\/golf-und-landclub-karwendel\/","url":"https:\/\/fairway2hotel.at\/cs\/golfclubs\/deutschland\/golf-und-landclub-karwendel\/","name":"GC Karwendel - Fairway 2 Hotel","isPartOf":{"@id":"https:\/\/fairway2hotel.at\/cs\/#website"},"datePublished":"2012-10-24T03:56:36+00:00","dateModified":"2025-03-30T15:46:04+00:00","breadcrumb":{"@id":"https:\/\/fairway2hotel.at\/cs\/golfclubs\/deutschland\/golf-und-landclub-karwendel\/#breadcrumb"},"inLanguage":"cs","potentialAction":[{"@type":"ReadAction","target":["https:\/\/fairway2hotel.at\/cs\/golfclubs\/deutschland\/golf-und-landclub-karwendel\/"]}]},{"@type":"BreadcrumbList","@id":"https:\/\/fairway2hotel.at\/cs\/golfclubs\/deutschland\/golf-und-landclub-karwendel\/#breadcrumb","itemListElement":[{"@type":"ListItem","position":1,"name":"Home","item":"https:\/\/fairway2hotel.at\/cs\/"},{"@type":"ListItem","position":2,"name":"Golfclubs","item":"https:\/\/fairway2hotel.at\/cs\/golfclubs\/"},{"@type":"ListItem","position":3,"name":"Golfclubs Deutschland","item":"https:\/\/fairway2hotel.at\/cs\/golfclubs\/deutschland\/"},{"@type":"ListItem","position":4,"name":"GC Karwendel"}]},{"@type":"WebSite","@id":"https:\/\/fairway2hotel.at\/cs\/#website","url":"https:\/\/fairway2hotel.at\/cs\/","name":"Fairway 2 Hotel","description":"Golf zum halben Preis! 2 spielen - 1 zahlt","potentialAction":[{"@type":"SearchAction","target":{"@type":"EntryPoint","urlTemplate":"https:\/\/fairway2hotel.at\/cs\/?s={search_term_string}"},"query-input":{"@type":"PropertyValueSpecification","valueRequired":true,"valueName":"search_term_string"}}],"inLanguage":"cs"}]}},"_links":{"self":[{"href":"https:\/\/fairway2hotel.at\/cs\/wp-json\/wp\/v2\/pages\/891","targetHints":{"allow":["GET"]}}],"collection":[{"href":"https:\/\/fairway2hotel.at\/cs\/wp-json\/wp\/v2\/pages"}],"about":[{"href":"https:\/\/fairway2hotel.at\/cs\/wp-json\/wp\/v2\/types\/page"}],"author":[{"embeddable":true,"href":"https:\/\/fairway2hotel.at\/cs\/wp-json\/wp\/v2\/users\/1"}],"replies":[{"embeddable":true,"href":"https:\/\/fairway2hotel.at\/cs\/wp-json\/wp\/v2\/comments?post=891"}],"version-history":[{"count":5,"href":"https:\/\/fairway2hotel.at\/cs\/wp-json\/wp\/v2\/pages\/891\/revisions"}],"predecessor-version":[{"id":47307,"href":"https:\/\/fairway2hotel.at\/cs\/wp-json\/wp\/v2\/pages\/891\/revisions\/47307"}],"up":[{"embeddable":true,"href":"https:\/\/fairway2hotel.at\/cs\/wp-json\/wp\/v2\/pages\/1607"}],"acf:attachment":[{"embeddable":true,"href":"https:\/\/fairway2hotel.at\/cs\/wp-json\/wp\/v2\/media\/47305"},{"embeddable":true,"href":"https:\/\/fairway2hotel.at\/cs\/wp-json\/wp\/v2\/media\/889"}],"wp:attachment":[{"href":"https:\/\/fairway2hotel.at\/cs\/wp-json\/wp\/v2\/media?parent=891"}],"curies":[{"name":"wp","href":"https:\/\/api.w.org\/{rel}","templated":true}]}}