{"id":91,"date":"2009-07-05T20:13:19","date_gmt":"2009-07-05T18:13:19","guid":{"rendered":"https:\/\/f2h.app\/city-und-country-golfclub-am-wienerberg\/"},"modified":"2025-01-10T12:59:58","modified_gmt":"2025-01-10T11:59:58","slug":"city-und-country-golfclub-am-wienerberg","status":"publish","type":"page","link":"https:\/\/fairway2hotel.at\/cs\/golfclubs\/wien\/city-und-country-golfclub-am-wienerberg\/","title":{"rendered":"GC Am Wienerberg"},"content":{"rendered":"<h2 class=\"seitentitel\">Nah genug f\u00fcr jeden Tag<\/h2>\n<p>Entfliehen Sie der Gro\u00dfstadt und spielen Sie sich frei. Eine Viertel Stunde vom Stadt\u00adzentrum Wien \u0301s steht Ihnen unser anspruchs\u00advoller 9\u00ad-Loch-Platz zur Verfu\u0308gung.<\/p>\n<p>Spielen Sie eine entspannende Runde Golf oder nutzen Sie unsere U\u0308bungsanlagen mit Flutlicht.<\/p>\n<p>Das Clubhaus verfu\u0308gt u\u0308ber ein breites Sport und Wellnessangebot. Tennis, Badminton, Squash, Fitness und Gymnastik werden angeboten. Weiters stehen den Golfspielern eine Sauna, eine Infrarotkabine, ein Solarium, klassische Massage und Shiatsu\u00ad Massagen zur Verfu\u0308gung.<\/p>\n<h2>Close enough for every day<\/h2>\n<p>Escape the big city and play yourself free. A quarter of an hour from Vienna \u0301s city center, our challenging 9-hole course is at your disposal.<\/p>\n<p>Play a relaxing round of golf or use our floodlit practice facilities.<\/p>\n<p>The clubhouse has a wide range of sports and wellness facilities. Tennis, badminton, squash, fitness and gymnastics are on offer. Golfers also have access to a sauna, infrared cabin, solarium, classic massage and shiatsu massages.<\/p>\n","protected":false},"excerpt":{"rendered":"<p>Nah genug f\u00fcr jeden Tag Entfliehen Sie der Gro\u00dfstadt und spielen Sie sich frei. Eine Viertel Stunde vom Stadt\u00adzentrum Wien \u0301s steht Ihnen unser anspruchs\u00advoller 9\u00ad-Loch-Platz zur Verfu\u0308gung. Spielen Sie eine entspannende Runde Golf oder nutzen Sie unsere U\u0308bungsanlagen mit Flutlicht. Das Clubhaus verfu\u0308gt u\u0308ber ein breites Sport und Wellnessangebot. Tennis, Badminton, Squash, Fitness und [&hellip;]<\/p>\n","protected":false},"author":1,"featured_media":0,"parent":70,"menu_order":5,"comment_status":"closed","ping_status":"closed","template":"page-partner.php","meta":{"_acf_changed":false,"footnotes":""},"class_list":["post-91","page","type-page","status-publish","hentry"],"acf":{"partner_infobox":"<strong>Adresse:\u00a0<\/strong>Gutheil-Schoder-G. 7, 1100 Wien\r\n\r\n<strong>Tel:<\/strong>+43 1\/66 123\r\n\r\n<strong>Fax:<\/strong>+43 1\/66 1123\/7788\r\n\r\n<strong>Web: <\/strong><a href=\"http:\/\/www.cityandcountry.at\" target=\"_blank\" rel=\"nofollow noopener noreferrer\">www.cityandcountry.at<\/a>\r\n\r\n<strong>E-Mail:<\/strong> b.krytinar@cityandcountry.at\r\n\r\n<strong>Spielbahnen\/Par: <\/strong>9\/72\r\n\r\n<strong>La\u0308nge:\r\n<\/strong>Wei\u00df: 5.702 m\r\nGelb: 5.440 m\r\nBlau: 5.098m\r\nRot: 4.860 m\r\n\r\n<em><strong>Bedingungen:\r\n<\/strong>GS einl\u00f6sbar MO - SO, f\u00fcr SA und SO erst am Vortag buchbar\r\n<\/em>\r\n\r\n<strong>Anfahrt:\r\n<\/strong>von Su\u0308den: Abf. Zentrum, 1. Ampel li. \u2192 Computerstra\u00dfe, 1. Ampel re. \u2192 Guth.\u00adSchoder\u00adG., hinter dem Budocenter rechts \u2192 Einfahrt C&amp;C Wienerberg","partner_logo":90,"partner_gallery":[4002,4003],"partner_lat":48.163745,"partner_long":16.339206,"partner_type":"golfclub","partner_openings":["1","2","3","4","5","6","7"],"montag_von_bis":"00:00 - 24:00","dienstag_von_bis":"00:00 - 24:00","mittwoch_von_bis":"00:00 - 24:00","donnerstag_von_bis":"00:00 - 24:00","freitag_von_bis":"00:00 - 24:00","samstag_von_bis":"00:00 - 24:00","sonntag_von_bis":"00:00 - 24:00","partner_adresse":"Gutheil-Schoder-G. 7, 1100 Wien","partner_land_bundesland":"Wien","partner_tel_1":"0043 1 66 1123 7788","partner_tel_2":"0043 1 66 123","partner_web":"http:\/\/www.cityandcountry.at","partner_mail":"rezeption@cityandcountry.at","partner_spielbahnen_par":"9\/72","partner_laenge":"Wei\u00df: 5.702 m Gelb: 5.440 m Blau: 5.098m Rot: 4.860 m","partner_bedingungen":"GS einl\u00f6sbar MO - SO, f\u00fcr SA und SO erst am Vortag buchbar\r\nvoucher redeemable Mon-Sun, for Sat and Sun bookable 24 hours before","partner_anfahrt":"von Su\u0308den: Abf. Zentrum, 1. Ampel li. \u2192 Computerstra\u00dfe, 1. Ampel re. \u2192 Guth.","partner_misc":null,"additional_css_classes":""},"yoast_head":"<!-- This site is optimized with the Yoast SEO plugin v26.8 - https:\/\/yoast.com\/product\/yoast-seo-wordpress\/ -->\n<title>GC Am Wienerberg - Fairway 2 Hotel<\/title>\n<meta name=\"robots\" content=\"index, follow, max-snippet:-1, max-image-preview:large, max-video-preview:-1\" \/>\n<link rel=\"canonical\" href=\"https:\/\/fairway2hotel.at\/cs\/golfclubs\/wien\/city-und-country-golfclub-am-wienerberg\/\" \/>\n<meta property=\"og:locale\" content=\"cs_CZ\" \/>\n<meta property=\"og:type\" content=\"article\" \/>\n<meta property=\"og:title\" content=\"GC Am Wienerberg - Fairway 2 Hotel\" \/>\n<meta property=\"og:description\" content=\"Nah genug f\u00fcr jeden Tag Entfliehen Sie der Gro\u00dfstadt und spielen Sie sich frei. Eine Viertel Stunde vom Stadt\u00adzentrum Wien \u0301s steht Ihnen unser anspruchs\u00advoller 9\u00ad-Loch-Platz zur Verfu\u0308gung. Spielen Sie eine entspannende Runde Golf oder nutzen Sie unsere U\u0308bungsanlagen mit Flutlicht. Das Clubhaus verfu\u0308gt u\u0308ber ein breites Sport und Wellnessangebot. Tennis, Badminton, Squash, Fitness und [&hellip;]\" \/>\n<meta property=\"og:url\" content=\"https:\/\/fairway2hotel.at\/cs\/golfclubs\/wien\/city-und-country-golfclub-am-wienerberg\/\" \/>\n<meta property=\"og:site_name\" content=\"Fairway 2 Hotel\" \/>\n<meta property=\"article:modified_time\" content=\"2025-01-10T11:59:58+00:00\" \/>\n<meta name=\"twitter:card\" content=\"summary_large_image\" \/>\n<meta name=\"twitter:label1\" content=\"Odhadovan\u00e1 doba \u010dten\u00ed\" \/>\n\t<meta name=\"twitter:data1\" content=\"1 minuta\" \/>\n<script type=\"application\/ld+json\" class=\"yoast-schema-graph\">{\"@context\":\"https:\/\/schema.org\",\"@graph\":[{\"@type\":\"WebPage\",\"@id\":\"https:\/\/fairway2hotel.at\/cs\/golfclubs\/wien\/city-und-country-golfclub-am-wienerberg\/\",\"url\":\"https:\/\/fairway2hotel.at\/cs\/golfclubs\/wien\/city-und-country-golfclub-am-wienerberg\/\",\"name\":\"GC Am Wienerberg - Fairway 2 Hotel\",\"isPartOf\":{\"@id\":\"https:\/\/fairway2hotel.at\/cs\/#website\"},\"datePublished\":\"2009-07-05T18:13:19+00:00\",\"dateModified\":\"2025-01-10T11:59:58+00:00\",\"breadcrumb\":{\"@id\":\"https:\/\/fairway2hotel.at\/cs\/golfclubs\/wien\/city-und-country-golfclub-am-wienerberg\/#breadcrumb\"},\"inLanguage\":\"cs\",\"potentialAction\":[{\"@type\":\"ReadAction\",\"target\":[\"https:\/\/fairway2hotel.at\/cs\/golfclubs\/wien\/city-und-country-golfclub-am-wienerberg\/\"]}]},{\"@type\":\"BreadcrumbList\",\"@id\":\"https:\/\/fairway2hotel.at\/cs\/golfclubs\/wien\/city-und-country-golfclub-am-wienerberg\/#breadcrumb\",\"itemListElement\":[{\"@type\":\"ListItem\",\"position\":1,\"name\":\"Home\",\"item\":\"https:\/\/fairway2hotel.at\/cs\/\"},{\"@type\":\"ListItem\",\"position\":2,\"name\":\"Golfclubs\",\"item\":\"https:\/\/fairway2hotel.at\/cs\/golfclubs\/\"},{\"@type\":\"ListItem\",\"position\":3,\"name\":\"Golfclubs Wien\",\"item\":\"https:\/\/fairway2hotel.at\/cs\/golfclubs\/wien\/\"},{\"@type\":\"ListItem\",\"position\":4,\"name\":\"GC Am Wienerberg\"}]},{\"@type\":\"WebSite\",\"@id\":\"https:\/\/fairway2hotel.at\/cs\/#website\",\"url\":\"https:\/\/fairway2hotel.at\/cs\/\",\"name\":\"Fairway 2 Hotel\",\"description\":\"Golf zum halben Preis! 2 spielen - 1 zahlt\",\"potentialAction\":[{\"@type\":\"SearchAction\",\"target\":{\"@type\":\"EntryPoint\",\"urlTemplate\":\"https:\/\/fairway2hotel.at\/cs\/?s={search_term_string}\"},\"query-input\":{\"@type\":\"PropertyValueSpecification\",\"valueRequired\":true,\"valueName\":\"search_term_string\"}}],\"inLanguage\":\"cs\"}]}<\/script>\n<!-- \/ Yoast SEO plugin. -->","yoast_head_json":{"title":"GC Am Wienerberg - Fairway 2 Hotel","robots":{"index":"index","follow":"follow","max-snippet":"max-snippet:-1","max-image-preview":"max-image-preview:large","max-video-preview":"max-video-preview:-1"},"canonical":"https:\/\/fairway2hotel.at\/cs\/golfclubs\/wien\/city-und-country-golfclub-am-wienerberg\/","og_locale":"cs_CZ","og_type":"article","og_title":"GC Am Wienerberg - Fairway 2 Hotel","og_description":"Nah genug f\u00fcr jeden Tag Entfliehen Sie der Gro\u00dfstadt und spielen Sie sich frei. Eine Viertel Stunde vom Stadt\u00adzentrum Wien \u0301s steht Ihnen unser anspruchs\u00advoller 9\u00ad-Loch-Platz zur Verfu\u0308gung. Spielen Sie eine entspannende Runde Golf oder nutzen Sie unsere U\u0308bungsanlagen mit Flutlicht. Das Clubhaus verfu\u0308gt u\u0308ber ein breites Sport und Wellnessangebot. Tennis, Badminton, Squash, Fitness und [&hellip;]","og_url":"https:\/\/fairway2hotel.at\/cs\/golfclubs\/wien\/city-und-country-golfclub-am-wienerberg\/","og_site_name":"Fairway 2 Hotel","article_modified_time":"2025-01-10T11:59:58+00:00","twitter_card":"summary_large_image","twitter_misc":{"Odhadovan\u00e1 doba \u010dten\u00ed":"1 minuta"},"schema":{"@context":"https:\/\/schema.org","@graph":[{"@type":"WebPage","@id":"https:\/\/fairway2hotel.at\/cs\/golfclubs\/wien\/city-und-country-golfclub-am-wienerberg\/","url":"https:\/\/fairway2hotel.at\/cs\/golfclubs\/wien\/city-und-country-golfclub-am-wienerberg\/","name":"GC Am Wienerberg - Fairway 2 Hotel","isPartOf":{"@id":"https:\/\/fairway2hotel.at\/cs\/#website"},"datePublished":"2009-07-05T18:13:19+00:00","dateModified":"2025-01-10T11:59:58+00:00","breadcrumb":{"@id":"https:\/\/fairway2hotel.at\/cs\/golfclubs\/wien\/city-und-country-golfclub-am-wienerberg\/#breadcrumb"},"inLanguage":"cs","potentialAction":[{"@type":"ReadAction","target":["https:\/\/fairway2hotel.at\/cs\/golfclubs\/wien\/city-und-country-golfclub-am-wienerberg\/"]}]},{"@type":"BreadcrumbList","@id":"https:\/\/fairway2hotel.at\/cs\/golfclubs\/wien\/city-und-country-golfclub-am-wienerberg\/#breadcrumb","itemListElement":[{"@type":"ListItem","position":1,"name":"Home","item":"https:\/\/fairway2hotel.at\/cs\/"},{"@type":"ListItem","position":2,"name":"Golfclubs","item":"https:\/\/fairway2hotel.at\/cs\/golfclubs\/"},{"@type":"ListItem","position":3,"name":"Golfclubs Wien","item":"https:\/\/fairway2hotel.at\/cs\/golfclubs\/wien\/"},{"@type":"ListItem","position":4,"name":"GC Am Wienerberg"}]},{"@type":"WebSite","@id":"https:\/\/fairway2hotel.at\/cs\/#website","url":"https:\/\/fairway2hotel.at\/cs\/","name":"Fairway 2 Hotel","description":"Golf zum halben Preis! 2 spielen - 1 zahlt","potentialAction":[{"@type":"SearchAction","target":{"@type":"EntryPoint","urlTemplate":"https:\/\/fairway2hotel.at\/cs\/?s={search_term_string}"},"query-input":{"@type":"PropertyValueSpecification","valueRequired":true,"valueName":"search_term_string"}}],"inLanguage":"cs"}]}},"_links":{"self":[{"href":"https:\/\/fairway2hotel.at\/cs\/wp-json\/wp\/v2\/pages\/91","targetHints":{"allow":["GET"]}}],"collection":[{"href":"https:\/\/fairway2hotel.at\/cs\/wp-json\/wp\/v2\/pages"}],"about":[{"href":"https:\/\/fairway2hotel.at\/cs\/wp-json\/wp\/v2\/types\/page"}],"author":[{"embeddable":true,"href":"https:\/\/fairway2hotel.at\/cs\/wp-json\/wp\/v2\/users\/1"}],"replies":[{"embeddable":true,"href":"https:\/\/fairway2hotel.at\/cs\/wp-json\/wp\/v2\/comments?post=91"}],"version-history":[{"count":24,"href":"https:\/\/fairway2hotel.at\/cs\/wp-json\/wp\/v2\/pages\/91\/revisions"}],"predecessor-version":[{"id":45779,"href":"https:\/\/fairway2hotel.at\/cs\/wp-json\/wp\/v2\/pages\/91\/revisions\/45779"}],"up":[{"embeddable":true,"href":"https:\/\/fairway2hotel.at\/cs\/wp-json\/wp\/v2\/pages\/70"}],"acf:attachment":[{"embeddable":true,"href":"https:\/\/fairway2hotel.at\/cs\/wp-json\/wp\/v2\/media\/4003"},{"embeddable":true,"href":"https:\/\/fairway2hotel.at\/cs\/wp-json\/wp\/v2\/media\/4002"}],"wp:attachment":[{"href":"https:\/\/fairway2hotel.at\/cs\/wp-json\/wp\/v2\/media?parent=91"}],"curies":[{"name":"wp","href":"https:\/\/api.w.org\/{rel}","templated":true}]}}