{"id":919,"date":"2012-10-24T06:15:33","date_gmt":"2012-10-24T04:15:33","guid":{"rendered":"https:\/\/f2h.app\/golfanlage-zollmuehle\/"},"modified":"2025-03-31T12:03:07","modified_gmt":"2025-03-31T10:03:07","slug":"golfanlage-zollmuehle","status":"publish","type":"page","link":"https:\/\/fairway2hotel.at\/cs\/golfclubs\/deutschland\/golfanlage-zollmuehle\/","title":{"rendered":"GC Zollm\u00fchle"},"content":{"rendered":"<h2>Golf genie\u00dfen, Natur erleben!<\/h2>\n<p>Als ein bayerischer &#8220;Geheimtipp&#8221; wird unsere im &#8220;Neuen Fr\u00e4nkischen Seenland &#8221; gelegene Anlage von G\u00e4sten und Mitgliedern gesch\u00e4tzt. Der Platz liegt im idyllischen Tal der Schw\u00e4bischen Rezat zwischen N\u00fcrnberg und Ingolstadt. Sanfte H\u00fcgel, alter Baumbestand und immer wieder neue Perspektiven und malerische Ausblicke auf die Barockstadt Ellingen mit ihrem Deutschordensschloss machen die Golfrunde zu einem Erlebnis. Auf der Spielbahn 17 \u00fcberquert der Spieler den r\u00f6mischen Limes. Das anspruchsvolle, aber stets fair gehaltene Platzdesign ist f\u00fcr Spieler aller HCP-Klassen eine Herausforderung. Nach der Runde trifft man sich auf der Clubhausterrasse im Hof des alten M\u00fchlenanwesens. In der famili\u00e4ren Atmosph\u00e4re f\u00fchlen sich auch G\u00e4ste sofort wohl.<\/p>\n<h2>Enjoy golf, experience nature!<\/h2>\n<p>Our course, located in the \u2018New Franconian Lake District\u2019, is a Bavarian \u2018insider&#8217;s tip\u2019 and is appreciated by guests and members alike. The course is located in the idyllic valley of the Swabian Rezat between Nuremberg and Ingolstadt. Gentle hills, old trees and always new perspectives and picturesque views of the baroque town of Ellingen with its Teutonic castle make the round of golf an experience. On fairway 17, the player crosses the Roman Limes. The demanding but always fair course design is a challenge for players of all HCP classes. After the round, players meet up on the clubhouse terrace in the courtyard of the old mill estate. Guests immediately feel at home in the familiar atmosphere.<\/p>\n","protected":false},"excerpt":{"rendered":"<p>Golf genie\u00dfen, Natur erleben! Als ein bayerischer &#8220;Geheimtipp&#8221; wird unsere im &#8220;Neuen Fr\u00e4nkischen Seenland &#8221; gelegene Anlage von G\u00e4sten und Mitgliedern gesch\u00e4tzt. Der Platz liegt im idyllischen Tal der Schw\u00e4bischen Rezat zwischen N\u00fcrnberg und Ingolstadt. Sanfte H\u00fcgel, alter Baumbestand und immer wieder neue Perspektiven und malerische Ausblicke auf die Barockstadt Ellingen mit ihrem Deutschordensschloss machen [&hellip;]<\/p>\n","protected":false},"author":1,"featured_media":0,"parent":1607,"menu_order":215,"comment_status":"closed","ping_status":"closed","template":"page-partner.php","meta":{"_acf_changed":false,"footnotes":""},"class_list":["post-919","page","type-page","status-publish","hentry"],"acf":{"partner_infobox":"<strong>Adresse:\u00a0<\/strong>Zollm\u00fchle 1, D-91792 Ellingen\r\n\r\n<strong>Tel:\u00a0<\/strong>0049 (0) 9141 3976\r\n\r\n<strong>Fax:\u00a0<\/strong>0049 (0) 9141 923493\r\n\r\n<strong>Web: <\/strong><a href=\"http:\/\/www.golfanlage-zollmuehle.de\" target=\"_blank\" rel=\"nofollow noopener\">www.golfanlage-zollmuehle.de<\/a>\r\n\r\n<strong>E-Mail:<\/strong> <a href=\"mailto:info@golfanlage-zollmuehle.de\">info@golfanlage-zollmuehle.de<\/a>\r\n\r\n<strong>Spielbahnen\/Par: <\/strong>18 + 9\/72\r\n\r\n<strong>La\u0308nge: <\/strong>gelb: 6.127 m\/rot: 5.127 m\r\n\r\n<strong>Anfahrt:\r\n<\/strong>A9 Ausfahrt Greding, an der Ampel links \u2192 Thalm\u00e4ssing abbiegen (ST2227, ca. 12 km), in Thalm\u00e4ssig rechts \u2192 Wei\u00dfenburg (ST 2389) und nach ca. 13,9 km in Fiegenstall rechts \u2192 Pleinfeld abbiegen. Am Kreisverkehr in Pleinfeld Ausfahrt Golfplatz w\u00e4hlen. Nach ca. 2 km sind Sie am Ziel.","partner_logo":918,"partner_gallery":[917,47398,47400],"partner_lat":49.081537,"partner_long":10.966305,"partner_type":"golfclub","partner_openings":["1","2","3","4","5","6","7"],"montag_von_bis":"00:00 - 24:00","dienstag_von_bis":"00:00 - 24:00","mittwoch_von_bis":"00:00 - 24:00","donnerstag_von_bis":"00:00 - 24:00","freitag_von_bis":"00:00 - 24:00","samstag_von_bis":"00:00 - 24:00","sonntag_von_bis":"00:00 - 24:00","partner_adresse":"Zollm\u00fchle 1, 91792 Ellingen","partner_land_bundesland":"Deutschland","partner_tel_1":"0049 9141 923493","partner_tel_2":"0049 9141 3976","partner_web":"http:\/\/www.golfanlage-zollmuehle.de","partner_mail":"info@golfanlage-zollmuehle.de","partner_spielbahnen_par":"18 + 9\/72","partner_laenge":"gelb: 6.127 m\/rot: 5.127 m","partner_bedingungen":"","partner_anfahrt":"A9 Ausfahrt Greding, an der Ampel links \u2192 Thalm\u00e4ssing abbiegen (ST2227, ca. 12 km), in Thalm\u00e4ssig rechts \u2192 Wei\u00dfenburg (ST 2389) und nach ca. 13,9 km in Fiegenstall rechts \u2192 Pleinfeld abbiegen. Am Kreisverkehr in Pleinfeld Ausfahrt Golfplatz w\u00e4hlen. Nach ca. 2 km sind Sie am Ziel.","partner_misc":null,"additional_css_classes":""},"yoast_head":"<!-- This site is optimized with the Yoast SEO plugin v26.8 - https:\/\/yoast.com\/product\/yoast-seo-wordpress\/ -->\n<title>GC Zollm\u00fchle - Fairway 2 Hotel<\/title>\n<meta name=\"robots\" content=\"index, follow, max-snippet:-1, max-image-preview:large, max-video-preview:-1\" \/>\n<link rel=\"canonical\" href=\"https:\/\/fairway2hotel.at\/cs\/golfclubs\/deutschland\/golfanlage-zollmuehle\/\" \/>\n<meta property=\"og:locale\" content=\"cs_CZ\" \/>\n<meta property=\"og:type\" content=\"article\" \/>\n<meta property=\"og:title\" content=\"GC Zollm\u00fchle - Fairway 2 Hotel\" \/>\n<meta property=\"og:description\" content=\"Golf genie\u00dfen, Natur erleben! Als ein bayerischer &#8220;Geheimtipp&#8221; wird unsere im &#8220;Neuen Fr\u00e4nkischen Seenland &#8221; gelegene Anlage von G\u00e4sten und Mitgliedern gesch\u00e4tzt. Der Platz liegt im idyllischen Tal der Schw\u00e4bischen Rezat zwischen N\u00fcrnberg und Ingolstadt. Sanfte H\u00fcgel, alter Baumbestand und immer wieder neue Perspektiven und malerische Ausblicke auf die Barockstadt Ellingen mit ihrem Deutschordensschloss machen [&hellip;]\" \/>\n<meta property=\"og:url\" content=\"https:\/\/fairway2hotel.at\/cs\/golfclubs\/deutschland\/golfanlage-zollmuehle\/\" \/>\n<meta property=\"og:site_name\" content=\"Fairway 2 Hotel\" \/>\n<meta property=\"article:modified_time\" content=\"2025-03-31T10:03:07+00:00\" \/>\n<meta name=\"twitter:card\" content=\"summary_large_image\" \/>\n<meta name=\"twitter:label1\" content=\"Odhadovan\u00e1 doba \u010dten\u00ed\" \/>\n\t<meta name=\"twitter:data1\" content=\"2 minuty\" \/>\n<script type=\"application\/ld+json\" class=\"yoast-schema-graph\">{\"@context\":\"https:\/\/schema.org\",\"@graph\":[{\"@type\":\"WebPage\",\"@id\":\"https:\/\/fairway2hotel.at\/cs\/golfclubs\/deutschland\/golfanlage-zollmuehle\/\",\"url\":\"https:\/\/fairway2hotel.at\/cs\/golfclubs\/deutschland\/golfanlage-zollmuehle\/\",\"name\":\"GC Zollm\u00fchle - Fairway 2 Hotel\",\"isPartOf\":{\"@id\":\"https:\/\/fairway2hotel.at\/cs\/#website\"},\"datePublished\":\"2012-10-24T04:15:33+00:00\",\"dateModified\":\"2025-03-31T10:03:07+00:00\",\"breadcrumb\":{\"@id\":\"https:\/\/fairway2hotel.at\/cs\/golfclubs\/deutschland\/golfanlage-zollmuehle\/#breadcrumb\"},\"inLanguage\":\"cs\",\"potentialAction\":[{\"@type\":\"ReadAction\",\"target\":[\"https:\/\/fairway2hotel.at\/cs\/golfclubs\/deutschland\/golfanlage-zollmuehle\/\"]}]},{\"@type\":\"BreadcrumbList\",\"@id\":\"https:\/\/fairway2hotel.at\/cs\/golfclubs\/deutschland\/golfanlage-zollmuehle\/#breadcrumb\",\"itemListElement\":[{\"@type\":\"ListItem\",\"position\":1,\"name\":\"Home\",\"item\":\"https:\/\/fairway2hotel.at\/cs\/\"},{\"@type\":\"ListItem\",\"position\":2,\"name\":\"Golfclubs\",\"item\":\"https:\/\/fairway2hotel.at\/cs\/golfclubs\/\"},{\"@type\":\"ListItem\",\"position\":3,\"name\":\"Golfclubs Deutschland\",\"item\":\"https:\/\/fairway2hotel.at\/cs\/golfclubs\/deutschland\/\"},{\"@type\":\"ListItem\",\"position\":4,\"name\":\"GC Zollm\u00fchle\"}]},{\"@type\":\"WebSite\",\"@id\":\"https:\/\/fairway2hotel.at\/cs\/#website\",\"url\":\"https:\/\/fairway2hotel.at\/cs\/\",\"name\":\"Fairway 2 Hotel\",\"description\":\"Golf zum halben Preis! 2 spielen - 1 zahlt\",\"potentialAction\":[{\"@type\":\"SearchAction\",\"target\":{\"@type\":\"EntryPoint\",\"urlTemplate\":\"https:\/\/fairway2hotel.at\/cs\/?s={search_term_string}\"},\"query-input\":{\"@type\":\"PropertyValueSpecification\",\"valueRequired\":true,\"valueName\":\"search_term_string\"}}],\"inLanguage\":\"cs\"}]}<\/script>\n<!-- \/ Yoast SEO plugin. -->","yoast_head_json":{"title":"GC Zollm\u00fchle - Fairway 2 Hotel","robots":{"index":"index","follow":"follow","max-snippet":"max-snippet:-1","max-image-preview":"max-image-preview:large","max-video-preview":"max-video-preview:-1"},"canonical":"https:\/\/fairway2hotel.at\/cs\/golfclubs\/deutschland\/golfanlage-zollmuehle\/","og_locale":"cs_CZ","og_type":"article","og_title":"GC Zollm\u00fchle - Fairway 2 Hotel","og_description":"Golf genie\u00dfen, Natur erleben! Als ein bayerischer &#8220;Geheimtipp&#8221; wird unsere im &#8220;Neuen Fr\u00e4nkischen Seenland &#8221; gelegene Anlage von G\u00e4sten und Mitgliedern gesch\u00e4tzt. Der Platz liegt im idyllischen Tal der Schw\u00e4bischen Rezat zwischen N\u00fcrnberg und Ingolstadt. Sanfte H\u00fcgel, alter Baumbestand und immer wieder neue Perspektiven und malerische Ausblicke auf die Barockstadt Ellingen mit ihrem Deutschordensschloss machen [&hellip;]","og_url":"https:\/\/fairway2hotel.at\/cs\/golfclubs\/deutschland\/golfanlage-zollmuehle\/","og_site_name":"Fairway 2 Hotel","article_modified_time":"2025-03-31T10:03:07+00:00","twitter_card":"summary_large_image","twitter_misc":{"Odhadovan\u00e1 doba \u010dten\u00ed":"2 minuty"},"schema":{"@context":"https:\/\/schema.org","@graph":[{"@type":"WebPage","@id":"https:\/\/fairway2hotel.at\/cs\/golfclubs\/deutschland\/golfanlage-zollmuehle\/","url":"https:\/\/fairway2hotel.at\/cs\/golfclubs\/deutschland\/golfanlage-zollmuehle\/","name":"GC Zollm\u00fchle - Fairway 2 Hotel","isPartOf":{"@id":"https:\/\/fairway2hotel.at\/cs\/#website"},"datePublished":"2012-10-24T04:15:33+00:00","dateModified":"2025-03-31T10:03:07+00:00","breadcrumb":{"@id":"https:\/\/fairway2hotel.at\/cs\/golfclubs\/deutschland\/golfanlage-zollmuehle\/#breadcrumb"},"inLanguage":"cs","potentialAction":[{"@type":"ReadAction","target":["https:\/\/fairway2hotel.at\/cs\/golfclubs\/deutschland\/golfanlage-zollmuehle\/"]}]},{"@type":"BreadcrumbList","@id":"https:\/\/fairway2hotel.at\/cs\/golfclubs\/deutschland\/golfanlage-zollmuehle\/#breadcrumb","itemListElement":[{"@type":"ListItem","position":1,"name":"Home","item":"https:\/\/fairway2hotel.at\/cs\/"},{"@type":"ListItem","position":2,"name":"Golfclubs","item":"https:\/\/fairway2hotel.at\/cs\/golfclubs\/"},{"@type":"ListItem","position":3,"name":"Golfclubs Deutschland","item":"https:\/\/fairway2hotel.at\/cs\/golfclubs\/deutschland\/"},{"@type":"ListItem","position":4,"name":"GC Zollm\u00fchle"}]},{"@type":"WebSite","@id":"https:\/\/fairway2hotel.at\/cs\/#website","url":"https:\/\/fairway2hotel.at\/cs\/","name":"Fairway 2 Hotel","description":"Golf zum halben Preis! 2 spielen - 1 zahlt","potentialAction":[{"@type":"SearchAction","target":{"@type":"EntryPoint","urlTemplate":"https:\/\/fairway2hotel.at\/cs\/?s={search_term_string}"},"query-input":{"@type":"PropertyValueSpecification","valueRequired":true,"valueName":"search_term_string"}}],"inLanguage":"cs"}]}},"_links":{"self":[{"href":"https:\/\/fairway2hotel.at\/cs\/wp-json\/wp\/v2\/pages\/919","targetHints":{"allow":["GET"]}}],"collection":[{"href":"https:\/\/fairway2hotel.at\/cs\/wp-json\/wp\/v2\/pages"}],"about":[{"href":"https:\/\/fairway2hotel.at\/cs\/wp-json\/wp\/v2\/types\/page"}],"author":[{"embeddable":true,"href":"https:\/\/fairway2hotel.at\/cs\/wp-json\/wp\/v2\/users\/1"}],"replies":[{"embeddable":true,"href":"https:\/\/fairway2hotel.at\/cs\/wp-json\/wp\/v2\/comments?post=919"}],"version-history":[{"count":7,"href":"https:\/\/fairway2hotel.at\/cs\/wp-json\/wp\/v2\/pages\/919\/revisions"}],"predecessor-version":[{"id":47402,"href":"https:\/\/fairway2hotel.at\/cs\/wp-json\/wp\/v2\/pages\/919\/revisions\/47402"}],"up":[{"embeddable":true,"href":"https:\/\/fairway2hotel.at\/cs\/wp-json\/wp\/v2\/pages\/1607"}],"acf:attachment":[{"embeddable":true,"href":"https:\/\/fairway2hotel.at\/cs\/wp-json\/wp\/v2\/media\/47400"},{"embeddable":true,"href":"https:\/\/fairway2hotel.at\/cs\/wp-json\/wp\/v2\/media\/47398"},{"embeddable":true,"href":"https:\/\/fairway2hotel.at\/cs\/wp-json\/wp\/v2\/media\/917"}],"wp:attachment":[{"href":"https:\/\/fairway2hotel.at\/cs\/wp-json\/wp\/v2\/media?parent=919"}],"curies":[{"name":"wp","href":"https:\/\/api.w.org\/{rel}","templated":true}]}}