{"id":922,"date":"2012-10-24T06:23:22","date_gmt":"2012-10-24T04:23:22","guid":{"rendered":"https:\/\/f2h.app\/gc-alta-badia\/"},"modified":"2025-03-31T14:49:15","modified_gmt":"2025-03-31T12:49:15","slug":"gc-alta-badia","status":"publish","type":"page","link":"https:\/\/fairway2hotel.at\/cs\/golfclubs\/italien\/gc-alta-badia\/","title":{"rendered":"GC Alta Badia"},"content":{"rendered":"<h2>Golfen im Herzen der Dolomiten<\/h2>\n<p>Der 9-Loch Golfplatz im Hochabteital hat viel zu bieten. Hier, im Herzen der Dolomiten, am Fu\u00dfe des Sella-Massivs und des Sassongher, in einer m\u00e4rchenhaft sch\u00f6nen Kulisse, stehen Spiel und Erholung im Einklang mit der Natur. Auf 1700 m \u00fc.d.M. mit einem H\u00f6henunterschied von nur 45 m angelegt, wenige km vom Ortszentrum von Corvara entfernt, f\u00fcgt sich der Golfplatz harmonisch in die unber\u00fchrte Landschaft ein. Die reine Bergluft, das zauberhafte Panorama und die saftig gr\u00fcnen Wiesen vermitteln das Bild einer wunderbaren Idylle.<\/p>\n<p>Von Juni bis Oktober sind im herrlichen alpinen Ambiente des sonnenbeschienenen Hochplateaus ideale Spielbedingungen gegeben. Zur Verf\u00fcgung stehen Ihnen: Clubhouse, Putting Green, Driving Range und ein Pro-Shop.<\/p>\n<h2>Golfing in the heart of the Dolomites<\/h2>\n<p>The 9-hole golf course in Alta Badia has a lot to offer. Here, in the heart of the Dolomites, at the foot of the Sella massif and the Sassongher, in a fabulously beautiful setting, play and relaxation are in harmony with nature. Set at 1700 m above sea level with a difference in altitude of only 45 m, just a few kilometres from the centre of Corvara, the golf course blends harmoniously into the unspoilt landscape. The pure mountain air, the enchanting panorama and the lush green meadows convey the image of a wonderful idyll.<\/p>\n<p>From June to October, the marvellous alpine ambience of the sunlit high plateau provides ideal playing conditions. At your disposal are: Clubhouse, putting green, driving range and a pro shop.<\/p>\n","protected":false},"excerpt":{"rendered":"<p>Golfen im Herzen der Dolomiten Der 9-Loch Golfplatz im Hochabteital hat viel zu bieten. Hier, im Herzen der Dolomiten, am Fu\u00dfe des Sella-Massivs und des Sassongher, in einer m\u00e4rchenhaft sch\u00f6nen Kulisse, stehen Spiel und Erholung im Einklang mit der Natur. Auf 1700 m \u00fc.d.M. mit einem H\u00f6henunterschied von nur 45 m angelegt, wenige km vom [&hellip;]<\/p>\n","protected":false},"author":1,"featured_media":0,"parent":1657,"menu_order":10,"comment_status":"closed","ping_status":"closed","template":"page-partner.php","meta":{"_acf_changed":false,"footnotes":""},"class_list":["post-922","page","type-page","status-publish","hentry"],"acf":{"partner_infobox":"<strong>Adresse:\u00a0<\/strong>Strada Planac 9, I-39033 Corvara\r\n\r\n<strong>Tel:\u00a0<\/strong>+39 0471 836655\r\n\r\n<strong>Fax:\u00a0<\/strong>+39 0471 836922\r\n\r\n<strong>Web: <\/strong><a href=\"http:\/\/www.golfaltabadia.it\" target=\"_blank\" rel=\"nofollow noopener\">www.golfaltabadia.it<\/a>\r\n\r\n<strong>E-Mail:<\/strong> <a href=\"mailto:info@golfaltabadia.it\">info@golfaltabadia.it<\/a>\r\n\r\n<strong>Spielbahnen\/Par: <\/strong>9\/72\r\n\r\n<strong>La\u0308nge:\u00a0<\/strong>gelb: 2.723 m rot: 2.266 m\r\n\r\n<strong>Anfahrt:\r\n<\/strong>Von Innsbruck: A 13 Richtung Bozen \u2013 A 22 \u2013 Ausfahrt Richtung Brixen-Pustertal \u2013 SS 49 rechts - bis zur Abfahrt zur SS 244 \u2013 geradeaus bis Corvara","partner_logo":921,"partner_gallery":[920,47417,47419,47415],"partner_lat":46.538073,"partner_long":11.887747,"partner_type":"golfclub","partner_openings":["1","2","3","4","5","6","7"],"montag_von_bis":"00:00 - 24:00","dienstag_von_bis":"00:00 - 24:00","mittwoch_von_bis":"00:00 - 24:00","donnerstag_von_bis":"00:00 - 24:00","freitag_von_bis":"00:00 - 24:00","samstag_von_bis":"00:00 - 24:00","sonntag_von_bis":"00:00 - 24:00","partner_adresse":"Strada Planac 9, 39033 Corvara","partner_land_bundesland":"Italien","partner_tel_1":"0039 0471 836922","partner_tel_2":"0039 0471 836655","partner_web":"http:\/\/www.golfaltabadia.it","partner_mail":"info@golfaltabadia.it","partner_spielbahnen_par":"9\/72","partner_laenge":"gelb: 2.723 m rot: 2.266 m","partner_bedingungen":"","partner_anfahrt":"Von Innsbruck: A 13 Richtung Bozen \u2013 A 22 \u2013 Ausfahrt Richtung Brixen-Pustertal \u2013 SS 49 rechts - bis zur Abfahrt zur SS 244 \u2013 geradeaus bis Corvara","partner_misc":null,"additional_css_classes":""},"yoast_head":"<!-- This site is optimized with the Yoast SEO plugin v26.8 - https:\/\/yoast.com\/product\/yoast-seo-wordpress\/ -->\n<title>GC Alta Badia - Fairway 2 Hotel<\/title>\n<meta name=\"robots\" content=\"index, follow, max-snippet:-1, max-image-preview:large, max-video-preview:-1\" \/>\n<link rel=\"canonical\" href=\"https:\/\/fairway2hotel.at\/cs\/golfclubs\/italien\/gc-alta-badia\/\" \/>\n<meta property=\"og:locale\" content=\"cs_CZ\" \/>\n<meta property=\"og:type\" content=\"article\" \/>\n<meta property=\"og:title\" content=\"GC Alta Badia - Fairway 2 Hotel\" \/>\n<meta property=\"og:description\" content=\"Golfen im Herzen der Dolomiten Der 9-Loch Golfplatz im Hochabteital hat viel zu bieten. Hier, im Herzen der Dolomiten, am Fu\u00dfe des Sella-Massivs und des Sassongher, in einer m\u00e4rchenhaft sch\u00f6nen Kulisse, stehen Spiel und Erholung im Einklang mit der Natur. Auf 1700 m \u00fc.d.M. mit einem H\u00f6henunterschied von nur 45 m angelegt, wenige km vom [&hellip;]\" \/>\n<meta property=\"og:url\" content=\"https:\/\/fairway2hotel.at\/cs\/golfclubs\/italien\/gc-alta-badia\/\" \/>\n<meta property=\"og:site_name\" content=\"Fairway 2 Hotel\" \/>\n<meta property=\"article:modified_time\" content=\"2025-03-31T12:49:15+00:00\" \/>\n<meta name=\"twitter:card\" content=\"summary_large_image\" \/>\n<meta name=\"twitter:label1\" content=\"Odhadovan\u00e1 doba \u010dten\u00ed\" \/>\n\t<meta name=\"twitter:data1\" content=\"2 minuty\" \/>\n<script type=\"application\/ld+json\" class=\"yoast-schema-graph\">{\"@context\":\"https:\/\/schema.org\",\"@graph\":[{\"@type\":\"WebPage\",\"@id\":\"https:\/\/fairway2hotel.at\/cs\/golfclubs\/italien\/gc-alta-badia\/\",\"url\":\"https:\/\/fairway2hotel.at\/cs\/golfclubs\/italien\/gc-alta-badia\/\",\"name\":\"GC Alta Badia - Fairway 2 Hotel\",\"isPartOf\":{\"@id\":\"https:\/\/fairway2hotel.at\/cs\/#website\"},\"datePublished\":\"2012-10-24T04:23:22+00:00\",\"dateModified\":\"2025-03-31T12:49:15+00:00\",\"breadcrumb\":{\"@id\":\"https:\/\/fairway2hotel.at\/cs\/golfclubs\/italien\/gc-alta-badia\/#breadcrumb\"},\"inLanguage\":\"cs\",\"potentialAction\":[{\"@type\":\"ReadAction\",\"target\":[\"https:\/\/fairway2hotel.at\/cs\/golfclubs\/italien\/gc-alta-badia\/\"]}]},{\"@type\":\"BreadcrumbList\",\"@id\":\"https:\/\/fairway2hotel.at\/cs\/golfclubs\/italien\/gc-alta-badia\/#breadcrumb\",\"itemListElement\":[{\"@type\":\"ListItem\",\"position\":1,\"name\":\"Home\",\"item\":\"https:\/\/fairway2hotel.at\/cs\/\"},{\"@type\":\"ListItem\",\"position\":2,\"name\":\"Golfclubs\",\"item\":\"https:\/\/fairway2hotel.at\/cs\/golfclubs\/\"},{\"@type\":\"ListItem\",\"position\":3,\"name\":\"Golfclubs Italien\",\"item\":\"https:\/\/fairway2hotel.at\/cs\/golfclubs\/italien\/\"},{\"@type\":\"ListItem\",\"position\":4,\"name\":\"GC Alta Badia\"}]},{\"@type\":\"WebSite\",\"@id\":\"https:\/\/fairway2hotel.at\/cs\/#website\",\"url\":\"https:\/\/fairway2hotel.at\/cs\/\",\"name\":\"Fairway 2 Hotel\",\"description\":\"Golf zum halben Preis! 2 spielen - 1 zahlt\",\"potentialAction\":[{\"@type\":\"SearchAction\",\"target\":{\"@type\":\"EntryPoint\",\"urlTemplate\":\"https:\/\/fairway2hotel.at\/cs\/?s={search_term_string}\"},\"query-input\":{\"@type\":\"PropertyValueSpecification\",\"valueRequired\":true,\"valueName\":\"search_term_string\"}}],\"inLanguage\":\"cs\"}]}<\/script>\n<!-- \/ Yoast SEO plugin. -->","yoast_head_json":{"title":"GC Alta Badia - Fairway 2 Hotel","robots":{"index":"index","follow":"follow","max-snippet":"max-snippet:-1","max-image-preview":"max-image-preview:large","max-video-preview":"max-video-preview:-1"},"canonical":"https:\/\/fairway2hotel.at\/cs\/golfclubs\/italien\/gc-alta-badia\/","og_locale":"cs_CZ","og_type":"article","og_title":"GC Alta Badia - Fairway 2 Hotel","og_description":"Golfen im Herzen der Dolomiten Der 9-Loch Golfplatz im Hochabteital hat viel zu bieten. Hier, im Herzen der Dolomiten, am Fu\u00dfe des Sella-Massivs und des Sassongher, in einer m\u00e4rchenhaft sch\u00f6nen Kulisse, stehen Spiel und Erholung im Einklang mit der Natur. Auf 1700 m \u00fc.d.M. mit einem H\u00f6henunterschied von nur 45 m angelegt, wenige km vom [&hellip;]","og_url":"https:\/\/fairway2hotel.at\/cs\/golfclubs\/italien\/gc-alta-badia\/","og_site_name":"Fairway 2 Hotel","article_modified_time":"2025-03-31T12:49:15+00:00","twitter_card":"summary_large_image","twitter_misc":{"Odhadovan\u00e1 doba \u010dten\u00ed":"2 minuty"},"schema":{"@context":"https:\/\/schema.org","@graph":[{"@type":"WebPage","@id":"https:\/\/fairway2hotel.at\/cs\/golfclubs\/italien\/gc-alta-badia\/","url":"https:\/\/fairway2hotel.at\/cs\/golfclubs\/italien\/gc-alta-badia\/","name":"GC Alta Badia - Fairway 2 Hotel","isPartOf":{"@id":"https:\/\/fairway2hotel.at\/cs\/#website"},"datePublished":"2012-10-24T04:23:22+00:00","dateModified":"2025-03-31T12:49:15+00:00","breadcrumb":{"@id":"https:\/\/fairway2hotel.at\/cs\/golfclubs\/italien\/gc-alta-badia\/#breadcrumb"},"inLanguage":"cs","potentialAction":[{"@type":"ReadAction","target":["https:\/\/fairway2hotel.at\/cs\/golfclubs\/italien\/gc-alta-badia\/"]}]},{"@type":"BreadcrumbList","@id":"https:\/\/fairway2hotel.at\/cs\/golfclubs\/italien\/gc-alta-badia\/#breadcrumb","itemListElement":[{"@type":"ListItem","position":1,"name":"Home","item":"https:\/\/fairway2hotel.at\/cs\/"},{"@type":"ListItem","position":2,"name":"Golfclubs","item":"https:\/\/fairway2hotel.at\/cs\/golfclubs\/"},{"@type":"ListItem","position":3,"name":"Golfclubs Italien","item":"https:\/\/fairway2hotel.at\/cs\/golfclubs\/italien\/"},{"@type":"ListItem","position":4,"name":"GC Alta Badia"}]},{"@type":"WebSite","@id":"https:\/\/fairway2hotel.at\/cs\/#website","url":"https:\/\/fairway2hotel.at\/cs\/","name":"Fairway 2 Hotel","description":"Golf zum halben Preis! 2 spielen - 1 zahlt","potentialAction":[{"@type":"SearchAction","target":{"@type":"EntryPoint","urlTemplate":"https:\/\/fairway2hotel.at\/cs\/?s={search_term_string}"},"query-input":{"@type":"PropertyValueSpecification","valueRequired":true,"valueName":"search_term_string"}}],"inLanguage":"cs"}]}},"_links":{"self":[{"href":"https:\/\/fairway2hotel.at\/cs\/wp-json\/wp\/v2\/pages\/922","targetHints":{"allow":["GET"]}}],"collection":[{"href":"https:\/\/fairway2hotel.at\/cs\/wp-json\/wp\/v2\/pages"}],"about":[{"href":"https:\/\/fairway2hotel.at\/cs\/wp-json\/wp\/v2\/types\/page"}],"author":[{"embeddable":true,"href":"https:\/\/fairway2hotel.at\/cs\/wp-json\/wp\/v2\/users\/1"}],"replies":[{"embeddable":true,"href":"https:\/\/fairway2hotel.at\/cs\/wp-json\/wp\/v2\/comments?post=922"}],"version-history":[{"count":7,"href":"https:\/\/fairway2hotel.at\/cs\/wp-json\/wp\/v2\/pages\/922\/revisions"}],"predecessor-version":[{"id":47421,"href":"https:\/\/fairway2hotel.at\/cs\/wp-json\/wp\/v2\/pages\/922\/revisions\/47421"}],"up":[{"embeddable":true,"href":"https:\/\/fairway2hotel.at\/cs\/wp-json\/wp\/v2\/pages\/1657"}],"acf:attachment":[{"embeddable":true,"href":"https:\/\/fairway2hotel.at\/cs\/wp-json\/wp\/v2\/media\/47415"},{"embeddable":true,"href":"https:\/\/fairway2hotel.at\/cs\/wp-json\/wp\/v2\/media\/47419"},{"embeddable":true,"href":"https:\/\/fairway2hotel.at\/cs\/wp-json\/wp\/v2\/media\/47417"},{"embeddable":true,"href":"https:\/\/fairway2hotel.at\/cs\/wp-json\/wp\/v2\/media\/920"}],"wp:attachment":[{"href":"https:\/\/fairway2hotel.at\/cs\/wp-json\/wp\/v2\/media?parent=922"}],"curies":[{"name":"wp","href":"https:\/\/api.w.org\/{rel}","templated":true}]}}