{"id":937,"date":"2012-10-24T06:26:29","date_gmt":"2012-10-24T04:26:29","guid":{"rendered":"https:\/\/f2h.app\/gc-rendena\/"},"modified":"2025-04-05T16:28:43","modified_gmt":"2025-04-05T14:28:43","slug":"gc-rendena","status":"publish","type":"page","link":"https:\/\/fairway2hotel.at\/cs\/golfclubs\/italien\/gc-rendena\/","title":{"rendered":"GC Rendena"},"content":{"rendered":"<h2>Golfen bei Madonna die Campiglio<\/h2>\n<p>Entstanden im Jahre 2001, ist der Golf Club Rendena das Resultat von leidenschaftlichen Golfern, die durch ihre hartn\u00e4ckige Arbeit dem Gebiet des Rendena Tales, von dem der Club den Namen tr\u00e4gt, ein neues Gesicht verliehen haben. Hier im Tal mit diesem unvergleichlichen Panorama haben sie diese einzigartige Anlage angelegt. Die 9 Spielbahnen\/Par 35 des Golf Club Rendena erstrecken sich \u00fcber die Gemeinden von Caderzone, Strembo und Bocenago, wobei sich im letztgenannten Dorf das wundervolle Club House mit Sekretariat und elegantem Restaurant befindet, das mit seinem gastronomischen Angebot nicht nur den Golfer anspricht. Der Golfplatz selbst beeindruckt durch den majest\u00e4tischen Ausblick auf die Bergspitzen des Adamello und Brenta im Adamello-Brenta Park der Dolomitenkette, die Farbenvielfalt der bl\u00fchenden Vegetation und durch au\u00dfergew\u00f6hnliche Begegnungen mit liebensw\u00fcrdigen Waldtieren.<\/p>\n<h2>Golfing near Madonna di Campiglio<\/h2>\n<p>Founded in 2001, the Rendena Golf Club is the result of passionate golfers who, through their hard work, have given a new face to the area of the Rendena Valley, from which the club takes its name. They have created this unique course here in the valley with its unrivalled panorama. The 9 holes\/par 35 of the Rendena Golf Club extend over the municipalities of Caderzone, Strembo and Bocenago, with the latter village being home to the wonderful Club House with secretariat and elegant restaurant, which appeals to more than just golfers with its gastronomic offerings. The golf course itself impresses with its majestic views of the Adamello and Brenta peaks in the Adamello-Brenta Park of the Dolomite chain, the variety of colours of the blossoming vegetation and unusual encounters with friendly forest animals.<\/p>\n","protected":false},"excerpt":{"rendered":"<p>Golfen bei Madonna die Campiglio Entstanden im Jahre 2001, ist der Golf Club Rendena das Resultat von leidenschaftlichen Golfern, die durch ihre hartn\u00e4ckige Arbeit dem Gebiet des Rendena Tales, von dem der Club den Namen tr\u00e4gt, ein neues Gesicht verliehen haben. Hier im Tal mit diesem unvergleichlichen Panorama haben sie diese einzigartige Anlage angelegt. Die [&hellip;]<\/p>\n","protected":false},"author":1,"featured_media":0,"parent":1657,"menu_order":115,"comment_status":"closed","ping_status":"closed","template":"page-partner.php","meta":{"_acf_changed":false,"footnotes":""},"class_list":["post-937","page","type-page","status-publish","hentry"],"acf":{"partner_infobox":"<strong>Adresse:\u00a0<\/strong>Loc. Ischia 1, I-38080 Bocenago\r\n\r\n<strong>Tel:\u00a0<\/strong>+39\/ 0465 80 60 49\r\n\r\n<strong>Fax:\u00a0<\/strong>+39\/ 0465 80 63 68\r\n\r\n<strong>Web: <\/strong><a href=\"http:\/\/www.golfrendena.it\" target=\"_blank\" rel=\"nofollow noopener\">www.golfrendena.it<\/a>\r\n\r\n<strong>E-Mail:<\/strong> <a href=\"mailto:info@golfrendena.it\">info@golfrendena.it<\/a>\r\n\r\n<strong>Spielbahnen\/Par: <\/strong>9\/35\r\n\r\n<strong>La\u0308nge: <\/strong>gelb: 2.879m, rot: 2.879m\r\n\r\n<strong>Anfahrt:\r\n<\/strong>A22\u00a0\u2192 Aufahrt \"Rovereto Sud\"\u00a0\u2192 Mori\u00a0\u2192 Arco\u00a0\u2192 Sarche \u2192 Tione\u00a0\u2192 Caderzone\u00a0\u2192 Bocenago","partner_logo":936,"partner_gallery":[935,47629,47631,47633],"partner_lat":46.122528,"partner_long":10.759375,"partner_type":"golfclub","partner_openings":["1","2","3","4","5","6","7"],"montag_von_bis":"00:00 - 24:00","dienstag_von_bis":"00:00 - 24:00","mittwoch_von_bis":"00:00 - 24:00","donnerstag_von_bis":"00:00 - 24:00","freitag_von_bis":"00:00 - 24:00","samstag_von_bis":"00:00 - 24:00","sonntag_von_bis":"00:00 - 24:00","partner_adresse":"Loc. Ischia 1, 38080 Bocenago","partner_land_bundesland":"Italien","partner_tel_1":"0039 0465 80 63 68","partner_tel_2":"0039 0465 80 60 49","partner_web":"http:\/\/www.golfrendena.it","partner_mail":"info@golfrendena.it","partner_spielbahnen_par":"9\/35","partner_laenge":"gelb: 2.879m, rot: 2.879m","partner_bedingungen":"","partner_anfahrt":"A22\u00a0\u2192 Aufahrt \"Rovereto Sud\"\u00a0\u2192 Mori\u00a0\u2192 Arco\u00a0\u2192 Sarche \u2192 Tione\u00a0\u2192 Caderzone\u00a0\u2192 Bocenago","partner_misc":null,"additional_css_classes":""},"yoast_head":"<!-- This site is optimized with the Yoast SEO plugin v26.8 - https:\/\/yoast.com\/product\/yoast-seo-wordpress\/ -->\n<title>GC Rendena - Fairway 2 Hotel<\/title>\n<meta name=\"robots\" content=\"index, follow, max-snippet:-1, max-image-preview:large, max-video-preview:-1\" \/>\n<link rel=\"canonical\" href=\"https:\/\/fairway2hotel.at\/cs\/golfclubs\/italien\/gc-rendena\/\" \/>\n<meta property=\"og:locale\" content=\"cs_CZ\" \/>\n<meta property=\"og:type\" content=\"article\" \/>\n<meta property=\"og:title\" content=\"GC Rendena - Fairway 2 Hotel\" \/>\n<meta property=\"og:description\" content=\"Golfen bei Madonna die Campiglio Entstanden im Jahre 2001, ist der Golf Club Rendena das Resultat von leidenschaftlichen Golfern, die durch ihre hartn\u00e4ckige Arbeit dem Gebiet des Rendena Tales, von dem der Club den Namen tr\u00e4gt, ein neues Gesicht verliehen haben. Hier im Tal mit diesem unvergleichlichen Panorama haben sie diese einzigartige Anlage angelegt. Die [&hellip;]\" \/>\n<meta property=\"og:url\" content=\"https:\/\/fairway2hotel.at\/cs\/golfclubs\/italien\/gc-rendena\/\" \/>\n<meta property=\"og:site_name\" content=\"Fairway 2 Hotel\" \/>\n<meta property=\"article:modified_time\" content=\"2025-04-05T14:28:43+00:00\" \/>\n<meta name=\"twitter:card\" content=\"summary_large_image\" \/>\n<meta name=\"twitter:label1\" content=\"Odhadovan\u00e1 doba \u010dten\u00ed\" \/>\n\t<meta name=\"twitter:data1\" content=\"2 minuty\" \/>\n<script type=\"application\/ld+json\" class=\"yoast-schema-graph\">{\"@context\":\"https:\/\/schema.org\",\"@graph\":[{\"@type\":\"WebPage\",\"@id\":\"https:\/\/fairway2hotel.at\/cs\/golfclubs\/italien\/gc-rendena\/\",\"url\":\"https:\/\/fairway2hotel.at\/cs\/golfclubs\/italien\/gc-rendena\/\",\"name\":\"GC Rendena - Fairway 2 Hotel\",\"isPartOf\":{\"@id\":\"https:\/\/fairway2hotel.at\/cs\/#website\"},\"datePublished\":\"2012-10-24T04:26:29+00:00\",\"dateModified\":\"2025-04-05T14:28:43+00:00\",\"breadcrumb\":{\"@id\":\"https:\/\/fairway2hotel.at\/cs\/golfclubs\/italien\/gc-rendena\/#breadcrumb\"},\"inLanguage\":\"cs\",\"potentialAction\":[{\"@type\":\"ReadAction\",\"target\":[\"https:\/\/fairway2hotel.at\/cs\/golfclubs\/italien\/gc-rendena\/\"]}]},{\"@type\":\"BreadcrumbList\",\"@id\":\"https:\/\/fairway2hotel.at\/cs\/golfclubs\/italien\/gc-rendena\/#breadcrumb\",\"itemListElement\":[{\"@type\":\"ListItem\",\"position\":1,\"name\":\"Home\",\"item\":\"https:\/\/fairway2hotel.at\/cs\/\"},{\"@type\":\"ListItem\",\"position\":2,\"name\":\"Golfclubs\",\"item\":\"https:\/\/fairway2hotel.at\/cs\/golfclubs\/\"},{\"@type\":\"ListItem\",\"position\":3,\"name\":\"Golfclubs Italien\",\"item\":\"https:\/\/fairway2hotel.at\/cs\/golfclubs\/italien\/\"},{\"@type\":\"ListItem\",\"position\":4,\"name\":\"GC Rendena\"}]},{\"@type\":\"WebSite\",\"@id\":\"https:\/\/fairway2hotel.at\/cs\/#website\",\"url\":\"https:\/\/fairway2hotel.at\/cs\/\",\"name\":\"Fairway 2 Hotel\",\"description\":\"Golf zum halben Preis! 2 spielen - 1 zahlt\",\"potentialAction\":[{\"@type\":\"SearchAction\",\"target\":{\"@type\":\"EntryPoint\",\"urlTemplate\":\"https:\/\/fairway2hotel.at\/cs\/?s={search_term_string}\"},\"query-input\":{\"@type\":\"PropertyValueSpecification\",\"valueRequired\":true,\"valueName\":\"search_term_string\"}}],\"inLanguage\":\"cs\"}]}<\/script>\n<!-- \/ Yoast SEO plugin. -->","yoast_head_json":{"title":"GC Rendena - Fairway 2 Hotel","robots":{"index":"index","follow":"follow","max-snippet":"max-snippet:-1","max-image-preview":"max-image-preview:large","max-video-preview":"max-video-preview:-1"},"canonical":"https:\/\/fairway2hotel.at\/cs\/golfclubs\/italien\/gc-rendena\/","og_locale":"cs_CZ","og_type":"article","og_title":"GC Rendena - Fairway 2 Hotel","og_description":"Golfen bei Madonna die Campiglio Entstanden im Jahre 2001, ist der Golf Club Rendena das Resultat von leidenschaftlichen Golfern, die durch ihre hartn\u00e4ckige Arbeit dem Gebiet des Rendena Tales, von dem der Club den Namen tr\u00e4gt, ein neues Gesicht verliehen haben. Hier im Tal mit diesem unvergleichlichen Panorama haben sie diese einzigartige Anlage angelegt. Die [&hellip;]","og_url":"https:\/\/fairway2hotel.at\/cs\/golfclubs\/italien\/gc-rendena\/","og_site_name":"Fairway 2 Hotel","article_modified_time":"2025-04-05T14:28:43+00:00","twitter_card":"summary_large_image","twitter_misc":{"Odhadovan\u00e1 doba \u010dten\u00ed":"2 minuty"},"schema":{"@context":"https:\/\/schema.org","@graph":[{"@type":"WebPage","@id":"https:\/\/fairway2hotel.at\/cs\/golfclubs\/italien\/gc-rendena\/","url":"https:\/\/fairway2hotel.at\/cs\/golfclubs\/italien\/gc-rendena\/","name":"GC Rendena - Fairway 2 Hotel","isPartOf":{"@id":"https:\/\/fairway2hotel.at\/cs\/#website"},"datePublished":"2012-10-24T04:26:29+00:00","dateModified":"2025-04-05T14:28:43+00:00","breadcrumb":{"@id":"https:\/\/fairway2hotel.at\/cs\/golfclubs\/italien\/gc-rendena\/#breadcrumb"},"inLanguage":"cs","potentialAction":[{"@type":"ReadAction","target":["https:\/\/fairway2hotel.at\/cs\/golfclubs\/italien\/gc-rendena\/"]}]},{"@type":"BreadcrumbList","@id":"https:\/\/fairway2hotel.at\/cs\/golfclubs\/italien\/gc-rendena\/#breadcrumb","itemListElement":[{"@type":"ListItem","position":1,"name":"Home","item":"https:\/\/fairway2hotel.at\/cs\/"},{"@type":"ListItem","position":2,"name":"Golfclubs","item":"https:\/\/fairway2hotel.at\/cs\/golfclubs\/"},{"@type":"ListItem","position":3,"name":"Golfclubs Italien","item":"https:\/\/fairway2hotel.at\/cs\/golfclubs\/italien\/"},{"@type":"ListItem","position":4,"name":"GC Rendena"}]},{"@type":"WebSite","@id":"https:\/\/fairway2hotel.at\/cs\/#website","url":"https:\/\/fairway2hotel.at\/cs\/","name":"Fairway 2 Hotel","description":"Golf zum halben Preis! 2 spielen - 1 zahlt","potentialAction":[{"@type":"SearchAction","target":{"@type":"EntryPoint","urlTemplate":"https:\/\/fairway2hotel.at\/cs\/?s={search_term_string}"},"query-input":{"@type":"PropertyValueSpecification","valueRequired":true,"valueName":"search_term_string"}}],"inLanguage":"cs"}]}},"_links":{"self":[{"href":"https:\/\/fairway2hotel.at\/cs\/wp-json\/wp\/v2\/pages\/937","targetHints":{"allow":["GET"]}}],"collection":[{"href":"https:\/\/fairway2hotel.at\/cs\/wp-json\/wp\/v2\/pages"}],"about":[{"href":"https:\/\/fairway2hotel.at\/cs\/wp-json\/wp\/v2\/types\/page"}],"author":[{"embeddable":true,"href":"https:\/\/fairway2hotel.at\/cs\/wp-json\/wp\/v2\/users\/1"}],"replies":[{"embeddable":true,"href":"https:\/\/fairway2hotel.at\/cs\/wp-json\/wp\/v2\/comments?post=937"}],"version-history":[{"count":6,"href":"https:\/\/fairway2hotel.at\/cs\/wp-json\/wp\/v2\/pages\/937\/revisions"}],"predecessor-version":[{"id":47635,"href":"https:\/\/fairway2hotel.at\/cs\/wp-json\/wp\/v2\/pages\/937\/revisions\/47635"}],"up":[{"embeddable":true,"href":"https:\/\/fairway2hotel.at\/cs\/wp-json\/wp\/v2\/pages\/1657"}],"acf:attachment":[{"embeddable":true,"href":"https:\/\/fairway2hotel.at\/cs\/wp-json\/wp\/v2\/media\/47633"},{"embeddable":true,"href":"https:\/\/fairway2hotel.at\/cs\/wp-json\/wp\/v2\/media\/47631"},{"embeddable":true,"href":"https:\/\/fairway2hotel.at\/cs\/wp-json\/wp\/v2\/media\/47629"},{"embeddable":true,"href":"https:\/\/fairway2hotel.at\/cs\/wp-json\/wp\/v2\/media\/935"}],"wp:attachment":[{"href":"https:\/\/fairway2hotel.at\/cs\/wp-json\/wp\/v2\/media?parent=937"}],"curies":[{"name":"wp","href":"https:\/\/api.w.org\/{rel}","templated":true}]}}