{"id":940,"date":"2012-10-24T06:26:52","date_gmt":"2012-10-24T04:26:52","guid":{"rendered":"https:\/\/f2h.app\/golf-club-trieste\/"},"modified":"2025-04-05T16:39:48","modified_gmt":"2025-04-05T14:39:48","slug":"golf-club-trieste","status":"publish","type":"page","link":"https:\/\/fairway2hotel.at\/cs\/golfclubs\/italien\/golf-club-trieste\/","title":{"rendered":"GC Trieste"},"content":{"rendered":"<h2>Spielen mit dem Panoramablick \u00fcber den Golf von Triest<\/h2>\n<p>Der 18 \u2013Loch Platz bietet sehr abwechslungsreiche Bahnen sowohl f\u00fcr Anf\u00e4nger als auch f\u00fcr erfahrene Spieler. Der Club f\u00f6rdert das Training f\u00fcr Kinder und Jugendliche und organisiert ein umfangreiches und detailliertes Programm f\u00fcr Anf\u00e4nger. Die traumhafte Lage des Platzes, der auf einer H\u00f6he von 350 m \u00fcber dem Meeresspiegel zwischen der unwegsamen und charakteristischen Karsth\u00fcgellandschaft und der Adria eingebettet liegt, bietet den Spielern einen wundersch\u00f6nen Blick \u00fcber den Golf von Triest.<\/p>\n<h2>Play with a panoramic view over the Gulf of Trieste<\/h2>\n<p>The 18-hole course offers a wide variety of holes for both beginners and experienced players. The club promotes training for children and young people and organises a comprehensive and detailed programme for beginners. The fantastic location of the course, which lies at an altitude of 350 metres above sea level between the rugged and characteristic karst hills and the Adriatic Sea, offers players a wonderful view over the Gulf of Trieste.<\/p>\n","protected":false},"excerpt":{"rendered":"<p>Spielen mit dem Panoramablick \u00fcber den Golf von Triest Der 18 \u2013Loch Platz bietet sehr abwechslungsreiche Bahnen sowohl f\u00fcr Anf\u00e4nger als auch f\u00fcr erfahrene Spieler. Der Club f\u00f6rdert das Training f\u00fcr Kinder und Jugendliche und organisiert ein umfangreiches und detailliertes Programm f\u00fcr Anf\u00e4nger. Die traumhafte Lage des Platzes, der auf einer H\u00f6he von 350 m [&hellip;]<\/p>\n","protected":false},"author":1,"featured_media":0,"parent":1657,"menu_order":135,"comment_status":"closed","ping_status":"closed","template":"page-partner.php","meta":{"_acf_changed":false,"footnotes":""},"class_list":["post-940","page","type-page","status-publish","hentry"],"acf":{"partner_infobox":"<strong>Adresse:\u00a0<\/strong>Via Padriciano 80, I-34149 Trieste\r\n\r\n<strong>Tel:\u00a0<\/strong>+39 040 22 61 59\r\n\r\n<strong>Fax:\u00a0<\/strong>+39 040 22 61 59\r\n\r\n<strong>Web: <\/strong><a href=\"http:\/\/www.golfclubtrieste.net\" target=\"_blank\" rel=\"nofollow noopener\">www.golfclubtrieste.net<\/a>\r\n\r\n<strong>E-Mail:<\/strong> <a href=\"mailto:info@golfclubtrieste.net\">info@golfclubtrieste.net<\/a>\r\n\r\n<strong>Spielbahnen\/Par: <\/strong>18\/70\r\n\r\n<strong>L\u00e4nge: <\/strong>gelb: 5.810m, rot: 5.225m\r\n\r\n<em><strong>Bedingungen: <\/strong>Dienstag Ruhetag.<\/em>\r\n\r\n<strong>Anfahrt:\r\n<\/strong>A 4 - Ausfahrt Lisert -Trieste \u2013 weiter bis zur Ausfahrt Padriciano \u2013 am Ende der Ortschaft rechts- 2km links ist die Einfahrt zum GC","partner_logo":939,"partner_gallery":[938,47639],"partner_lat":45.64158,"partner_long":13.8373,"partner_type":"golfclub","partner_openings":["1","3","4","5","6","7"],"montag_von_bis":"00:00 - 24:00","dienstag_von_bis":"00:00 - 24:00","mittwoch_von_bis":"00:00 - 24:00","donnerstag_von_bis":"00:00 - 24:00","freitag_von_bis":"00:00 - 24:00","samstag_von_bis":"00:00 - 24:00","sonntag_von_bis":"00:00 - 24:00","partner_adresse":"Via Padriciano 80, 34149 Trieste","partner_land_bundesland":"Italien","partner_tel_1":"0039 040 22 61 59","partner_tel_2":"0039 040 22 61 59","partner_web":"http:\/\/www.golfclubtrieste.net","partner_mail":"info@golfclubtrieste.net","partner_spielbahnen_par":"18\/70","partner_laenge":"gelb: 5.810m, rot: 5.225m","partner_bedingungen":"jederzeit einl\u00f6sbar, Dienstag Ruhetag.\r\nredeemable whole day, closed on tueseday","partner_anfahrt":"A 4 - Ausfahrt Lisert -Trieste \u2013 weiter bis zur Ausfahrt Padriciano \u2013 am Ende der Ortschaft rechts- 2km links ist die Einfahrt zum GC","partner_misc":null,"additional_css_classes":""},"yoast_head":"<!-- This site is optimized with the Yoast SEO plugin v26.8 - https:\/\/yoast.com\/product\/yoast-seo-wordpress\/ -->\n<title>GC Trieste - Fairway 2 Hotel<\/title>\n<meta name=\"robots\" content=\"index, follow, max-snippet:-1, max-image-preview:large, max-video-preview:-1\" \/>\n<link rel=\"canonical\" href=\"https:\/\/fairway2hotel.at\/cs\/golfclubs\/italien\/golf-club-trieste\/\" \/>\n<meta property=\"og:locale\" content=\"cs_CZ\" \/>\n<meta property=\"og:type\" content=\"article\" \/>\n<meta property=\"og:title\" content=\"GC Trieste - Fairway 2 Hotel\" \/>\n<meta property=\"og:description\" content=\"Spielen mit dem Panoramablick \u00fcber den Golf von Triest Der 18 \u2013Loch Platz bietet sehr abwechslungsreiche Bahnen sowohl f\u00fcr Anf\u00e4nger als auch f\u00fcr erfahrene Spieler. Der Club f\u00f6rdert das Training f\u00fcr Kinder und Jugendliche und organisiert ein umfangreiches und detailliertes Programm f\u00fcr Anf\u00e4nger. Die traumhafte Lage des Platzes, der auf einer H\u00f6he von 350 m [&hellip;]\" \/>\n<meta property=\"og:url\" content=\"https:\/\/fairway2hotel.at\/cs\/golfclubs\/italien\/golf-club-trieste\/\" \/>\n<meta property=\"og:site_name\" content=\"Fairway 2 Hotel\" \/>\n<meta property=\"article:modified_time\" content=\"2025-04-05T14:39:48+00:00\" \/>\n<meta name=\"twitter:card\" content=\"summary_large_image\" \/>\n<meta name=\"twitter:label1\" content=\"Odhadovan\u00e1 doba \u010dten\u00ed\" \/>\n\t<meta name=\"twitter:data1\" content=\"1 minuta\" \/>\n<script type=\"application\/ld+json\" class=\"yoast-schema-graph\">{\"@context\":\"https:\/\/schema.org\",\"@graph\":[{\"@type\":\"WebPage\",\"@id\":\"https:\/\/fairway2hotel.at\/cs\/golfclubs\/italien\/golf-club-trieste\/\",\"url\":\"https:\/\/fairway2hotel.at\/cs\/golfclubs\/italien\/golf-club-trieste\/\",\"name\":\"GC Trieste - Fairway 2 Hotel\",\"isPartOf\":{\"@id\":\"https:\/\/fairway2hotel.at\/cs\/#website\"},\"datePublished\":\"2012-10-24T04:26:52+00:00\",\"dateModified\":\"2025-04-05T14:39:48+00:00\",\"breadcrumb\":{\"@id\":\"https:\/\/fairway2hotel.at\/cs\/golfclubs\/italien\/golf-club-trieste\/#breadcrumb\"},\"inLanguage\":\"cs\",\"potentialAction\":[{\"@type\":\"ReadAction\",\"target\":[\"https:\/\/fairway2hotel.at\/cs\/golfclubs\/italien\/golf-club-trieste\/\"]}]},{\"@type\":\"BreadcrumbList\",\"@id\":\"https:\/\/fairway2hotel.at\/cs\/golfclubs\/italien\/golf-club-trieste\/#breadcrumb\",\"itemListElement\":[{\"@type\":\"ListItem\",\"position\":1,\"name\":\"Home\",\"item\":\"https:\/\/fairway2hotel.at\/cs\/\"},{\"@type\":\"ListItem\",\"position\":2,\"name\":\"Golfclubs\",\"item\":\"https:\/\/fairway2hotel.at\/cs\/golfclubs\/\"},{\"@type\":\"ListItem\",\"position\":3,\"name\":\"Golfclubs Italien\",\"item\":\"https:\/\/fairway2hotel.at\/cs\/golfclubs\/italien\/\"},{\"@type\":\"ListItem\",\"position\":4,\"name\":\"GC Trieste\"}]},{\"@type\":\"WebSite\",\"@id\":\"https:\/\/fairway2hotel.at\/cs\/#website\",\"url\":\"https:\/\/fairway2hotel.at\/cs\/\",\"name\":\"Fairway 2 Hotel\",\"description\":\"Golf zum halben Preis! 2 spielen - 1 zahlt\",\"potentialAction\":[{\"@type\":\"SearchAction\",\"target\":{\"@type\":\"EntryPoint\",\"urlTemplate\":\"https:\/\/fairway2hotel.at\/cs\/?s={search_term_string}\"},\"query-input\":{\"@type\":\"PropertyValueSpecification\",\"valueRequired\":true,\"valueName\":\"search_term_string\"}}],\"inLanguage\":\"cs\"}]}<\/script>\n<!-- \/ Yoast SEO plugin. -->","yoast_head_json":{"title":"GC Trieste - Fairway 2 Hotel","robots":{"index":"index","follow":"follow","max-snippet":"max-snippet:-1","max-image-preview":"max-image-preview:large","max-video-preview":"max-video-preview:-1"},"canonical":"https:\/\/fairway2hotel.at\/cs\/golfclubs\/italien\/golf-club-trieste\/","og_locale":"cs_CZ","og_type":"article","og_title":"GC Trieste - Fairway 2 Hotel","og_description":"Spielen mit dem Panoramablick \u00fcber den Golf von Triest Der 18 \u2013Loch Platz bietet sehr abwechslungsreiche Bahnen sowohl f\u00fcr Anf\u00e4nger als auch f\u00fcr erfahrene Spieler. Der Club f\u00f6rdert das Training f\u00fcr Kinder und Jugendliche und organisiert ein umfangreiches und detailliertes Programm f\u00fcr Anf\u00e4nger. Die traumhafte Lage des Platzes, der auf einer H\u00f6he von 350 m [&hellip;]","og_url":"https:\/\/fairway2hotel.at\/cs\/golfclubs\/italien\/golf-club-trieste\/","og_site_name":"Fairway 2 Hotel","article_modified_time":"2025-04-05T14:39:48+00:00","twitter_card":"summary_large_image","twitter_misc":{"Odhadovan\u00e1 doba \u010dten\u00ed":"1 minuta"},"schema":{"@context":"https:\/\/schema.org","@graph":[{"@type":"WebPage","@id":"https:\/\/fairway2hotel.at\/cs\/golfclubs\/italien\/golf-club-trieste\/","url":"https:\/\/fairway2hotel.at\/cs\/golfclubs\/italien\/golf-club-trieste\/","name":"GC Trieste - Fairway 2 Hotel","isPartOf":{"@id":"https:\/\/fairway2hotel.at\/cs\/#website"},"datePublished":"2012-10-24T04:26:52+00:00","dateModified":"2025-04-05T14:39:48+00:00","breadcrumb":{"@id":"https:\/\/fairway2hotel.at\/cs\/golfclubs\/italien\/golf-club-trieste\/#breadcrumb"},"inLanguage":"cs","potentialAction":[{"@type":"ReadAction","target":["https:\/\/fairway2hotel.at\/cs\/golfclubs\/italien\/golf-club-trieste\/"]}]},{"@type":"BreadcrumbList","@id":"https:\/\/fairway2hotel.at\/cs\/golfclubs\/italien\/golf-club-trieste\/#breadcrumb","itemListElement":[{"@type":"ListItem","position":1,"name":"Home","item":"https:\/\/fairway2hotel.at\/cs\/"},{"@type":"ListItem","position":2,"name":"Golfclubs","item":"https:\/\/fairway2hotel.at\/cs\/golfclubs\/"},{"@type":"ListItem","position":3,"name":"Golfclubs Italien","item":"https:\/\/fairway2hotel.at\/cs\/golfclubs\/italien\/"},{"@type":"ListItem","position":4,"name":"GC Trieste"}]},{"@type":"WebSite","@id":"https:\/\/fairway2hotel.at\/cs\/#website","url":"https:\/\/fairway2hotel.at\/cs\/","name":"Fairway 2 Hotel","description":"Golf zum halben Preis! 2 spielen - 1 zahlt","potentialAction":[{"@type":"SearchAction","target":{"@type":"EntryPoint","urlTemplate":"https:\/\/fairway2hotel.at\/cs\/?s={search_term_string}"},"query-input":{"@type":"PropertyValueSpecification","valueRequired":true,"valueName":"search_term_string"}}],"inLanguage":"cs"}]}},"_links":{"self":[{"href":"https:\/\/fairway2hotel.at\/cs\/wp-json\/wp\/v2\/pages\/940","targetHints":{"allow":["GET"]}}],"collection":[{"href":"https:\/\/fairway2hotel.at\/cs\/wp-json\/wp\/v2\/pages"}],"about":[{"href":"https:\/\/fairway2hotel.at\/cs\/wp-json\/wp\/v2\/types\/page"}],"author":[{"embeddable":true,"href":"https:\/\/fairway2hotel.at\/cs\/wp-json\/wp\/v2\/users\/1"}],"replies":[{"embeddable":true,"href":"https:\/\/fairway2hotel.at\/cs\/wp-json\/wp\/v2\/comments?post=940"}],"version-history":[{"count":9,"href":"https:\/\/fairway2hotel.at\/cs\/wp-json\/wp\/v2\/pages\/940\/revisions"}],"predecessor-version":[{"id":47641,"href":"https:\/\/fairway2hotel.at\/cs\/wp-json\/wp\/v2\/pages\/940\/revisions\/47641"}],"up":[{"embeddable":true,"href":"https:\/\/fairway2hotel.at\/cs\/wp-json\/wp\/v2\/pages\/1657"}],"acf:attachment":[{"embeddable":true,"href":"https:\/\/fairway2hotel.at\/cs\/wp-json\/wp\/v2\/media\/47639"},{"embeddable":true,"href":"https:\/\/fairway2hotel.at\/cs\/wp-json\/wp\/v2\/media\/938"}],"wp:attachment":[{"href":"https:\/\/fairway2hotel.at\/cs\/wp-json\/wp\/v2\/media?parent=940"}],"curies":[{"name":"wp","href":"https:\/\/api.w.org\/{rel}","templated":true}]}}