{"id":946,"date":"2012-10-24T06:33:59","date_gmt":"2012-10-24T04:33:59","guid":{"rendered":"https:\/\/f2h.app\/golf-olimje\/"},"modified":"2025-04-05T17:00:02","modified_gmt":"2025-04-05T15:00:02","slug":"golf-olimje","status":"publish","type":"page","link":"https:\/\/fairway2hotel.at\/cs\/golfclubs\/slowenien\/golf-olimje\/","title":{"rendered":"GC Olimje"},"content":{"rendered":"<h2>GOLFEN, HOTEL UND WEIN \u2013 DIE AMON FAMILIE \u2013 FREUT SICH AUF SIE<\/h2>\n<p>Der Golfplatz Olimje ist ein Teil des Naturparks Kozjansko. Olimje im Jahr 2009 als \u00bbSch\u00f6nsten Dorf Europas\u00ab ausgezeichnet. Charakteristisch f\u00fcr die Golfanlage ist es, dass sie vom Golfer vor allem Pr\u00e4zision verlangt. Die Anlage ist ein Teil des Amon&#8217;schen Besitzes, welcher das renommierte \u00bbRestaurant Amon\u00ab mit einschliesst, welches Betonung auf lokale, saisonale Spezialit\u00e4ten legt. Das Golfangebotist durch die neuen Pensionen der 4-Sterne \u2013Kategorie abgerundet. \u00dcber das ganze Jahr wird ein einzigartiges Golf Paket angeboten. Dieses beinhaltet: 3 \u00dcbernachtungen mit Fr\u00fchst\u00fcck und 4 Tage Golf oder 2 \u00dcbernachtungen mit Halbpension und 3 Tage unbegrentztem Golfspiel am Wochende zum gleichen Preis, wobei der Gutschein hierbei nicht verwendet werden kann.<\/p>\n<h2>GOLF, HOTEL AND WINE &#8211; THE AMON FAMILY &#8211; LOOKS FORWARD TO WELCOMING YOU<\/h2>\n<p>The Olimje golf course is part of the Kozjansko Nature Park. Olimje was honoured as the \u2018Most Beautiful Village in Europe\u2019 in 2009. The golf course is characterised by the fact that it requires precision from the golfer. The course is part of the Amon property, which includes the renowned \u2018Restaurant Amon\u2019, which places emphasis on local, seasonal specialities. The golf offer is rounded off by the new 4-star category guesthouses. A unique golf package is offered throughout the year. This includes: 3 nights with breakfast and 4 days of golf or 2 nights with half board and 3 days of unlimited golf at the weekend for the same price, whereby the voucher cannot be used.<\/p>\n","protected":false},"excerpt":{"rendered":"<p>GOLFEN, HOTEL UND WEIN \u2013 DIE AMON FAMILIE \u2013 FREUT SICH AUF SIE Der Golfplatz Olimje ist ein Teil des Naturparks Kozjansko. Olimje im Jahr 2009 als \u00bbSch\u00f6nsten Dorf Europas\u00ab ausgezeichnet. Charakteristisch f\u00fcr die Golfanlage ist es, dass sie vom Golfer vor allem Pr\u00e4zision verlangt. Die Anlage ist ein Teil des Amon&#8217;schen Besitzes, welcher das [&hellip;]<\/p>\n","protected":false},"author":1,"featured_media":0,"parent":1692,"menu_order":30,"comment_status":"closed","ping_status":"closed","template":"page-partner.php","meta":{"_acf_changed":false,"footnotes":""},"class_list":["post-946","page","type-page","status-publish","hentry"],"acf":{"partner_infobox":"<strong>Adresse:\u00a0<\/strong>Olimje 24, Sl-3254 Podcetrtek\r\n\r\n<strong>Tel:\u00a0<\/strong>+386 3 810 90 66\r\n\r\n<strong>Fax:\u00a0<\/strong>+386 3 58 29 026\r\n\r\n<strong>Web: <\/strong><a href=\"http:\/\/www.amon.si\" target=\"_blank\" rel=\"nofollow noopener noreferrer\">www.amon.si<\/a>\r\n\r\n<strong>E-Mail:<\/strong> <a href=\"mailto:info@amon.si\">info@amon.si<\/a>\r\n\r\n<strong>Spielbahnen\/Par: <\/strong>9\/62\r\n\r\n<strong>La\u0308nge: <\/strong>gelb: 3.752 m\/rot: 3.160 m\r\n\r\n<strong>Anfahrt:\r\n<\/strong>Graz \u2192 Maribor \u2192 Slovenska Bistrica \u2192 Poljc\u030cane \u2192 Podplat \u2192 Mestinje \u2192 Podc\u030cetrtek \u2192 Olimje","partner_logo":945,"partner_gallery":[3745,47655],"partner_lat":46.144822,"partner_long":15.564397,"partner_type":"golfclub","partner_openings":["1","2","3","4","5","6","7"],"montag_von_bis":"00:00 - 24:00","dienstag_von_bis":"00:00 - 24:00","mittwoch_von_bis":"00:00 - 24:00","donnerstag_von_bis":"00:00 - 24:00","freitag_von_bis":"00:00 - 24:00","samstag_von_bis":"00:00 - 24:00","sonntag_von_bis":"00:00 - 24:00","partner_adresse":"Olimje 24, 3254 Podcetrtek","partner_land_bundesland":"Slowenien","partner_tel_1":"00386 3 58 29 026","partner_tel_2":"00386 3 810 90 66","partner_web":"http:\/\/www.amon.si","partner_mail":"info@amon.si","partner_spielbahnen_par":"9\/62","partner_laenge":"gelb: 3.752 m\/rot: 3.160 m","partner_bedingungen":"","partner_anfahrt":"Graz \u2192 Maribor \u2192 Slovenska Bistrica \u2192 Poljc\u030cane \u2192 Podplat \u2192 Mestinje \u2192 Podc\u030cetrtek \u2192 Olimje","partner_misc":null,"additional_css_classes":""},"yoast_head":"<!-- This site is optimized with the Yoast SEO plugin v26.8 - https:\/\/yoast.com\/product\/yoast-seo-wordpress\/ -->\n<title>GC Olimje - Fairway 2 Hotel<\/title>\n<meta name=\"robots\" content=\"index, follow, max-snippet:-1, max-image-preview:large, max-video-preview:-1\" \/>\n<link rel=\"canonical\" href=\"https:\/\/fairway2hotel.at\/cs\/golfclubs\/slowenien\/golf-olimje\/\" \/>\n<meta property=\"og:locale\" content=\"cs_CZ\" \/>\n<meta property=\"og:type\" content=\"article\" \/>\n<meta property=\"og:title\" content=\"GC Olimje - Fairway 2 Hotel\" \/>\n<meta property=\"og:description\" content=\"GOLFEN, HOTEL UND WEIN \u2013 DIE AMON FAMILIE \u2013 FREUT SICH AUF SIE Der Golfplatz Olimje ist ein Teil des Naturparks Kozjansko. Olimje im Jahr 2009 als \u00bbSch\u00f6nsten Dorf Europas\u00ab ausgezeichnet. Charakteristisch f\u00fcr die Golfanlage ist es, dass sie vom Golfer vor allem Pr\u00e4zision verlangt. Die Anlage ist ein Teil des Amon&#8217;schen Besitzes, welcher das [&hellip;]\" \/>\n<meta property=\"og:url\" content=\"https:\/\/fairway2hotel.at\/cs\/golfclubs\/slowenien\/golf-olimje\/\" \/>\n<meta property=\"og:site_name\" content=\"Fairway 2 Hotel\" \/>\n<meta property=\"article:modified_time\" content=\"2025-04-05T15:00:02+00:00\" \/>\n<meta name=\"twitter:card\" content=\"summary_large_image\" \/>\n<meta name=\"twitter:label1\" content=\"Odhadovan\u00e1 doba \u010dten\u00ed\" \/>\n\t<meta name=\"twitter:data1\" content=\"2 minuty\" \/>\n<script type=\"application\/ld+json\" class=\"yoast-schema-graph\">{\"@context\":\"https:\/\/schema.org\",\"@graph\":[{\"@type\":\"WebPage\",\"@id\":\"https:\/\/fairway2hotel.at\/cs\/golfclubs\/slowenien\/golf-olimje\/\",\"url\":\"https:\/\/fairway2hotel.at\/cs\/golfclubs\/slowenien\/golf-olimje\/\",\"name\":\"GC Olimje - Fairway 2 Hotel\",\"isPartOf\":{\"@id\":\"https:\/\/fairway2hotel.at\/cs\/#website\"},\"datePublished\":\"2012-10-24T04:33:59+00:00\",\"dateModified\":\"2025-04-05T15:00:02+00:00\",\"breadcrumb\":{\"@id\":\"https:\/\/fairway2hotel.at\/cs\/golfclubs\/slowenien\/golf-olimje\/#breadcrumb\"},\"inLanguage\":\"cs\",\"potentialAction\":[{\"@type\":\"ReadAction\",\"target\":[\"https:\/\/fairway2hotel.at\/cs\/golfclubs\/slowenien\/golf-olimje\/\"]}]},{\"@type\":\"BreadcrumbList\",\"@id\":\"https:\/\/fairway2hotel.at\/cs\/golfclubs\/slowenien\/golf-olimje\/#breadcrumb\",\"itemListElement\":[{\"@type\":\"ListItem\",\"position\":1,\"name\":\"Home\",\"item\":\"https:\/\/fairway2hotel.at\/cs\/\"},{\"@type\":\"ListItem\",\"position\":2,\"name\":\"Golfclubs\",\"item\":\"https:\/\/fairway2hotel.at\/cs\/golfclubs\/\"},{\"@type\":\"ListItem\",\"position\":3,\"name\":\"Golfclubs Slowenien\",\"item\":\"https:\/\/fairway2hotel.at\/cs\/golfclubs\/slowenien\/\"},{\"@type\":\"ListItem\",\"position\":4,\"name\":\"GC Olimje\"}]},{\"@type\":\"WebSite\",\"@id\":\"https:\/\/fairway2hotel.at\/cs\/#website\",\"url\":\"https:\/\/fairway2hotel.at\/cs\/\",\"name\":\"Fairway 2 Hotel\",\"description\":\"Golf zum halben Preis! 2 spielen - 1 zahlt\",\"potentialAction\":[{\"@type\":\"SearchAction\",\"target\":{\"@type\":\"EntryPoint\",\"urlTemplate\":\"https:\/\/fairway2hotel.at\/cs\/?s={search_term_string}\"},\"query-input\":{\"@type\":\"PropertyValueSpecification\",\"valueRequired\":true,\"valueName\":\"search_term_string\"}}],\"inLanguage\":\"cs\"}]}<\/script>\n<!-- \/ Yoast SEO plugin. -->","yoast_head_json":{"title":"GC Olimje - Fairway 2 Hotel","robots":{"index":"index","follow":"follow","max-snippet":"max-snippet:-1","max-image-preview":"max-image-preview:large","max-video-preview":"max-video-preview:-1"},"canonical":"https:\/\/fairway2hotel.at\/cs\/golfclubs\/slowenien\/golf-olimje\/","og_locale":"cs_CZ","og_type":"article","og_title":"GC Olimje - Fairway 2 Hotel","og_description":"GOLFEN, HOTEL UND WEIN \u2013 DIE AMON FAMILIE \u2013 FREUT SICH AUF SIE Der Golfplatz Olimje ist ein Teil des Naturparks Kozjansko. Olimje im Jahr 2009 als \u00bbSch\u00f6nsten Dorf Europas\u00ab ausgezeichnet. Charakteristisch f\u00fcr die Golfanlage ist es, dass sie vom Golfer vor allem Pr\u00e4zision verlangt. Die Anlage ist ein Teil des Amon&#8217;schen Besitzes, welcher das [&hellip;]","og_url":"https:\/\/fairway2hotel.at\/cs\/golfclubs\/slowenien\/golf-olimje\/","og_site_name":"Fairway 2 Hotel","article_modified_time":"2025-04-05T15:00:02+00:00","twitter_card":"summary_large_image","twitter_misc":{"Odhadovan\u00e1 doba \u010dten\u00ed":"2 minuty"},"schema":{"@context":"https:\/\/schema.org","@graph":[{"@type":"WebPage","@id":"https:\/\/fairway2hotel.at\/cs\/golfclubs\/slowenien\/golf-olimje\/","url":"https:\/\/fairway2hotel.at\/cs\/golfclubs\/slowenien\/golf-olimje\/","name":"GC Olimje - Fairway 2 Hotel","isPartOf":{"@id":"https:\/\/fairway2hotel.at\/cs\/#website"},"datePublished":"2012-10-24T04:33:59+00:00","dateModified":"2025-04-05T15:00:02+00:00","breadcrumb":{"@id":"https:\/\/fairway2hotel.at\/cs\/golfclubs\/slowenien\/golf-olimje\/#breadcrumb"},"inLanguage":"cs","potentialAction":[{"@type":"ReadAction","target":["https:\/\/fairway2hotel.at\/cs\/golfclubs\/slowenien\/golf-olimje\/"]}]},{"@type":"BreadcrumbList","@id":"https:\/\/fairway2hotel.at\/cs\/golfclubs\/slowenien\/golf-olimje\/#breadcrumb","itemListElement":[{"@type":"ListItem","position":1,"name":"Home","item":"https:\/\/fairway2hotel.at\/cs\/"},{"@type":"ListItem","position":2,"name":"Golfclubs","item":"https:\/\/fairway2hotel.at\/cs\/golfclubs\/"},{"@type":"ListItem","position":3,"name":"Golfclubs Slowenien","item":"https:\/\/fairway2hotel.at\/cs\/golfclubs\/slowenien\/"},{"@type":"ListItem","position":4,"name":"GC Olimje"}]},{"@type":"WebSite","@id":"https:\/\/fairway2hotel.at\/cs\/#website","url":"https:\/\/fairway2hotel.at\/cs\/","name":"Fairway 2 Hotel","description":"Golf zum halben Preis! 2 spielen - 1 zahlt","potentialAction":[{"@type":"SearchAction","target":{"@type":"EntryPoint","urlTemplate":"https:\/\/fairway2hotel.at\/cs\/?s={search_term_string}"},"query-input":{"@type":"PropertyValueSpecification","valueRequired":true,"valueName":"search_term_string"}}],"inLanguage":"cs"}]}},"_links":{"self":[{"href":"https:\/\/fairway2hotel.at\/cs\/wp-json\/wp\/v2\/pages\/946","targetHints":{"allow":["GET"]}}],"collection":[{"href":"https:\/\/fairway2hotel.at\/cs\/wp-json\/wp\/v2\/pages"}],"about":[{"href":"https:\/\/fairway2hotel.at\/cs\/wp-json\/wp\/v2\/types\/page"}],"author":[{"embeddable":true,"href":"https:\/\/fairway2hotel.at\/cs\/wp-json\/wp\/v2\/users\/1"}],"replies":[{"embeddable":true,"href":"https:\/\/fairway2hotel.at\/cs\/wp-json\/wp\/v2\/comments?post=946"}],"version-history":[{"count":12,"href":"https:\/\/fairway2hotel.at\/cs\/wp-json\/wp\/v2\/pages\/946\/revisions"}],"predecessor-version":[{"id":47657,"href":"https:\/\/fairway2hotel.at\/cs\/wp-json\/wp\/v2\/pages\/946\/revisions\/47657"}],"up":[{"embeddable":true,"href":"https:\/\/fairway2hotel.at\/cs\/wp-json\/wp\/v2\/pages\/1692"}],"acf:attachment":[{"embeddable":true,"href":"https:\/\/fairway2hotel.at\/cs\/wp-json\/wp\/v2\/media\/47655"},{"embeddable":true,"href":"https:\/\/fairway2hotel.at\/cs\/wp-json\/wp\/v2\/media\/3745"}],"wp:attachment":[{"href":"https:\/\/fairway2hotel.at\/cs\/wp-json\/wp\/v2\/media?parent=946"}],"curies":[{"name":"wp","href":"https:\/\/api.w.org\/{rel}","templated":true}]}}