{"id":968,"date":"2012-10-24T06:47:33","date_gmt":"2012-10-24T04:47:33","guid":{"rendered":"https:\/\/f2h.app\/pannonia-golf-und-country-club\/"},"modified":"2026-04-11T17:07:36","modified_gmt":"2026-04-11T15:07:36","slug":"gc-botaniq-mariavoegyi","status":"publish","type":"page","link":"https:\/\/fairway2hotel.at\/cs\/golfclubs\/ungarn\/gc-botaniq-mariavoegyi\/","title":{"rendered":"GC Botaniq Mariav\u00f6gyi"},"content":{"rendered":"<h2>Ein Paradies im Osten<\/h2>\n<p>Der Botaniq Mariav\u00f6gyi Golf Klub befindet sich ca. 30\u201340 Autominuten von Budapest entfernt. Die 18-Loch- Championship-Golf- anlage wurde nach den Pa\u0308nen des o\u0308sterreichischen Golfarchitekten Hans-Georg Erhard gebaut und im Jahre 1996 ero\u0308ffnet. Die verschieden gestalteten Fairways bieten ein au\u00dfergewo\u0308hnliches Golferlebnis. Acht Spielbahnen sind durch Wasserhindernisse und Teiche erschwert und die hu\u0308geligen Greens sind auch fu\u0308r erfahrene Spieler durchaus eine Herausforderung. 2015 wurde das internationale Turnier European Senior Championship for Ladies and Men und 2016 das internationale Turnier European Team Shield Championship veranstaltet. Unser Restaurant\u00a0 bietet den Golfern nach dem Spiel angenehme Gourmet-Erlebnisse und von der Terrasse aus kann man das wunderscho\u0308ne Panorama der Golfanlage genie\u00dfen.<\/p>\n<h2>A paradise in the east<\/h2>\n<p>The Botaniq Mariav\u00f6gyi Golf Club is located about 30-40 minutes by car from Budapest. The 18-hole championship golf course was built according to the plans of Austrian golf architect Hans-Georg Erhard and opened in 1996. The differently designed fairways offer an exceptional golfing experience. Eight fairways are complicated by water hazards and ponds and the undulating greens are a challenge even for experienced players. In 2015, we hosted the international tournament European Senior Championship for Ladies and Men and in 2016 the international tournament European Team Shield Championship. Our restaurant offers golfers pleasant gourmet experiences after the game and from the terrace you can enjoy the beautiful panorama of the golf course.<\/p>\n","protected":false},"excerpt":{"rendered":"<p>Ein Paradies im Osten Der Botaniq Mariav\u00f6gyi Golf Klub befindet sich ca. 30\u201340 Autominuten von Budapest entfernt. Die 18-Loch- Championship-Golf- anlage wurde nach den Pa\u0308nen des o\u0308sterreichischen Golfarchitekten Hans-Georg Erhard gebaut und im Jahre 1996 ero\u0308ffnet. Die verschieden gestalteten Fairways bieten ein au\u00dfergewo\u0308hnliches Golferlebnis. Acht Spielbahnen sind durch Wasserhindernisse und Teiche erschwert und die hu\u0308geligen [&hellip;]<\/p>\n","protected":false},"author":1,"featured_media":0,"parent":1725,"menu_order":15,"comment_status":"closed","ping_status":"closed","template":"page-partner.php","meta":{"_acf_changed":false,"footnotes":""},"class_list":["post-968","page","type-page","status-publish","hentry"],"acf":{"partner_infobox":"<strong>Adresse:\u00a0<\/strong>Mariav\u00f6lgy ZRT, 8087 Alcsutdoboz, Mariav\u00f6lgy\r\n\r\n<strong>Tel:\u00a0<\/strong>+36 22 594 200\r\n\r\n<strong>Fax:\u00a0<\/strong>+36 70 978 5687\r\n\r\n<strong>Web: <\/strong><a href=\"http:\/\/www.golfpannonia.hu\" target=\"_blank\" rel=\"nofollow noopener\">www.golfpannonia.hu<\/a>\r\n\r\n<strong>E-Mail:<\/strong> <a href=\"mailto:info@golfpannonia.hu\">info@golfpannonia.hu<\/a>\r\n\r\n<strong>Spielbahnen\/Par: <\/strong>18 - 72\/73\r\n\r\n<strong>La\u0308nge: <\/strong>gelb: 5.969m \/\u00a0rot: 5.406m\r\n\r\n<em><strong>Bedingungen: <\/strong>Mo-So 18-Loch-Greenfee<\/em>\r\n\r\n<strong>Anfahrt:\r\n<\/strong>Autobahn M1 Wien-Budapest bis Ausfahrt Bicske (bei km 39). Nach der Ausfahrt rechts\u00a0\u2192 Tatab\u00e1nya\u00a0\u2192 ca. 3 km links\u00a0\u2192 Sz\u00e9kesfeh\u00e9rv\u00e1r und Felcs\u00fat abbiegen. Durch Felcs\u00fat\u00a0\u2192 Alcs\u00fatdoboz. In Alcs\u00fatdoboz links \u2192 Etyek abbiegen\u00a0\u2192 Platanenallee, f\u00fchrt direkt zum Clubhaus.","partner_logo":null,"partner_gallery":[966,47782,47778,47780],"partner_lat":47.424727,"partner_long":18.624219,"partner_type":"golfclub","partner_openings":["1","2","3","4","5","6","7"],"montag_von_bis":"00:00 - 24:00","dienstag_von_bis":"00:00 - 24:00","mittwoch_von_bis":"00:00 - 24:00","donnerstag_von_bis":"00:00 - 24:00","freitag_von_bis":"00:00 - 24:00","samstag_von_bis":"00:00 - 24:00","sonntag_von_bis":"00:00 - 24:00","partner_adresse":"Mariav\u00f6lgy ZRT. 8087 Alcsutdoboz, Mariav\u00f6lgy","partner_land_bundesland":"Ungarn","partner_tel_1":"0036 70 978 5687","partner_tel_2":"","partner_web":"https:\/\/botaniqgolf.hu\/","partner_mail":"info@botaniqgolf.hu","partner_spielbahnen_par":"18 \/72","partner_laenge":"gelb: 5.969m \/\u00a0rot: 5.406m","partner_bedingungen":"","partner_anfahrt":"Autobahn M1 Wien-Budapest bis Ausfahrt Bicske (bei km 39). Nach der Ausfahrt rechts\u00a0\u2192 Tatab\u00e1nya\u00a0\u2192 ca. 3 km links\u00a0\u2192 Sz\u00e9kesfeh\u00e9rv\u00e1r und Felcs\u00fat abbiegen. Durch Felcs\u00fat\u00a0\u2192 Alcs\u00fatdoboz. In Alcs\u00fatdoboz links \u2192 Etyek abbiegen\u00a0\u2192 Platanenallee, f\u00fchrt direkt zum Clubhaus.","partner_misc":null,"additional_css_classes":""},"yoast_head":"<!-- This site is optimized with the Yoast SEO plugin v26.8 - https:\/\/yoast.com\/product\/yoast-seo-wordpress\/ -->\n<title>GC Botaniq Mariav\u00f6gyi - Fairway 2 Hotel<\/title>\n<meta name=\"robots\" content=\"index, follow, max-snippet:-1, max-image-preview:large, max-video-preview:-1\" \/>\n<link rel=\"canonical\" href=\"https:\/\/fairway2hotel.at\/cs\/golfclubs\/ungarn\/gc-botaniq-mariavoegyi\/\" \/>\n<meta property=\"og:locale\" content=\"cs_CZ\" \/>\n<meta property=\"og:type\" content=\"article\" \/>\n<meta property=\"og:title\" content=\"GC Botaniq Mariav\u00f6gyi - Fairway 2 Hotel\" \/>\n<meta property=\"og:description\" content=\"Ein Paradies im Osten Der Botaniq Mariav\u00f6gyi Golf Klub befindet sich ca. 30\u201340 Autominuten von Budapest entfernt. Die 18-Loch- Championship-Golf- anlage wurde nach den Pa\u0308nen des o\u0308sterreichischen Golfarchitekten Hans-Georg Erhard gebaut und im Jahre 1996 ero\u0308ffnet. Die verschieden gestalteten Fairways bieten ein au\u00dfergewo\u0308hnliches Golferlebnis. Acht Spielbahnen sind durch Wasserhindernisse und Teiche erschwert und die hu\u0308geligen [&hellip;]\" \/>\n<meta property=\"og:url\" content=\"https:\/\/fairway2hotel.at\/cs\/golfclubs\/ungarn\/gc-botaniq-mariavoegyi\/\" \/>\n<meta property=\"og:site_name\" content=\"Fairway 2 Hotel\" \/>\n<meta property=\"article:modified_time\" content=\"2026-04-11T15:07:36+00:00\" \/>\n<meta name=\"twitter:card\" content=\"summary_large_image\" \/>\n<meta name=\"twitter:label1\" content=\"Odhadovan\u00e1 doba \u010dten\u00ed\" \/>\n\t<meta name=\"twitter:data1\" content=\"2 minuty\" \/>\n<script type=\"application\/ld+json\" class=\"yoast-schema-graph\">{\"@context\":\"https:\/\/schema.org\",\"@graph\":[{\"@type\":\"WebPage\",\"@id\":\"https:\/\/fairway2hotel.at\/cs\/golfclubs\/ungarn\/gc-botaniq-mariavoegyi\/\",\"url\":\"https:\/\/fairway2hotel.at\/cs\/golfclubs\/ungarn\/gc-botaniq-mariavoegyi\/\",\"name\":\"GC Botaniq Mariav\u00f6gyi - Fairway 2 Hotel\",\"isPartOf\":{\"@id\":\"https:\/\/fairway2hotel.at\/cs\/#website\"},\"datePublished\":\"2012-10-24T04:47:33+00:00\",\"dateModified\":\"2026-04-11T15:07:36+00:00\",\"breadcrumb\":{\"@id\":\"https:\/\/fairway2hotel.at\/cs\/golfclubs\/ungarn\/gc-botaniq-mariavoegyi\/#breadcrumb\"},\"inLanguage\":\"cs\",\"potentialAction\":[{\"@type\":\"ReadAction\",\"target\":[\"https:\/\/fairway2hotel.at\/cs\/golfclubs\/ungarn\/gc-botaniq-mariavoegyi\/\"]}]},{\"@type\":\"BreadcrumbList\",\"@id\":\"https:\/\/fairway2hotel.at\/cs\/golfclubs\/ungarn\/gc-botaniq-mariavoegyi\/#breadcrumb\",\"itemListElement\":[{\"@type\":\"ListItem\",\"position\":1,\"name\":\"Home\",\"item\":\"https:\/\/fairway2hotel.at\/cs\/\"},{\"@type\":\"ListItem\",\"position\":2,\"name\":\"Golfclubs\",\"item\":\"https:\/\/fairway2hotel.at\/cs\/golfclubs\/\"},{\"@type\":\"ListItem\",\"position\":3,\"name\":\"Golfclubs Ungarn\",\"item\":\"https:\/\/fairway2hotel.at\/cs\/golfclubs\/ungarn\/\"},{\"@type\":\"ListItem\",\"position\":4,\"name\":\"GC Botaniq Mariav\u00f6gyi\"}]},{\"@type\":\"WebSite\",\"@id\":\"https:\/\/fairway2hotel.at\/cs\/#website\",\"url\":\"https:\/\/fairway2hotel.at\/cs\/\",\"name\":\"Fairway 2 Hotel\",\"description\":\"Golf zum halben Preis! 2 spielen - 1 zahlt\",\"potentialAction\":[{\"@type\":\"SearchAction\",\"target\":{\"@type\":\"EntryPoint\",\"urlTemplate\":\"https:\/\/fairway2hotel.at\/cs\/?s={search_term_string}\"},\"query-input\":{\"@type\":\"PropertyValueSpecification\",\"valueRequired\":true,\"valueName\":\"search_term_string\"}}],\"inLanguage\":\"cs\"}]}<\/script>\n<!-- \/ Yoast SEO plugin. -->","yoast_head_json":{"title":"GC Botaniq Mariav\u00f6gyi - Fairway 2 Hotel","robots":{"index":"index","follow":"follow","max-snippet":"max-snippet:-1","max-image-preview":"max-image-preview:large","max-video-preview":"max-video-preview:-1"},"canonical":"https:\/\/fairway2hotel.at\/cs\/golfclubs\/ungarn\/gc-botaniq-mariavoegyi\/","og_locale":"cs_CZ","og_type":"article","og_title":"GC Botaniq Mariav\u00f6gyi - Fairway 2 Hotel","og_description":"Ein Paradies im Osten Der Botaniq Mariav\u00f6gyi Golf Klub befindet sich ca. 30\u201340 Autominuten von Budapest entfernt. Die 18-Loch- Championship-Golf- anlage wurde nach den Pa\u0308nen des o\u0308sterreichischen Golfarchitekten Hans-Georg Erhard gebaut und im Jahre 1996 ero\u0308ffnet. Die verschieden gestalteten Fairways bieten ein au\u00dfergewo\u0308hnliches Golferlebnis. Acht Spielbahnen sind durch Wasserhindernisse und Teiche erschwert und die hu\u0308geligen [&hellip;]","og_url":"https:\/\/fairway2hotel.at\/cs\/golfclubs\/ungarn\/gc-botaniq-mariavoegyi\/","og_site_name":"Fairway 2 Hotel","article_modified_time":"2026-04-11T15:07:36+00:00","twitter_card":"summary_large_image","twitter_misc":{"Odhadovan\u00e1 doba \u010dten\u00ed":"2 minuty"},"schema":{"@context":"https:\/\/schema.org","@graph":[{"@type":"WebPage","@id":"https:\/\/fairway2hotel.at\/cs\/golfclubs\/ungarn\/gc-botaniq-mariavoegyi\/","url":"https:\/\/fairway2hotel.at\/cs\/golfclubs\/ungarn\/gc-botaniq-mariavoegyi\/","name":"GC Botaniq Mariav\u00f6gyi - Fairway 2 Hotel","isPartOf":{"@id":"https:\/\/fairway2hotel.at\/cs\/#website"},"datePublished":"2012-10-24T04:47:33+00:00","dateModified":"2026-04-11T15:07:36+00:00","breadcrumb":{"@id":"https:\/\/fairway2hotel.at\/cs\/golfclubs\/ungarn\/gc-botaniq-mariavoegyi\/#breadcrumb"},"inLanguage":"cs","potentialAction":[{"@type":"ReadAction","target":["https:\/\/fairway2hotel.at\/cs\/golfclubs\/ungarn\/gc-botaniq-mariavoegyi\/"]}]},{"@type":"BreadcrumbList","@id":"https:\/\/fairway2hotel.at\/cs\/golfclubs\/ungarn\/gc-botaniq-mariavoegyi\/#breadcrumb","itemListElement":[{"@type":"ListItem","position":1,"name":"Home","item":"https:\/\/fairway2hotel.at\/cs\/"},{"@type":"ListItem","position":2,"name":"Golfclubs","item":"https:\/\/fairway2hotel.at\/cs\/golfclubs\/"},{"@type":"ListItem","position":3,"name":"Golfclubs Ungarn","item":"https:\/\/fairway2hotel.at\/cs\/golfclubs\/ungarn\/"},{"@type":"ListItem","position":4,"name":"GC Botaniq Mariav\u00f6gyi"}]},{"@type":"WebSite","@id":"https:\/\/fairway2hotel.at\/cs\/#website","url":"https:\/\/fairway2hotel.at\/cs\/","name":"Fairway 2 Hotel","description":"Golf zum halben Preis! 2 spielen - 1 zahlt","potentialAction":[{"@type":"SearchAction","target":{"@type":"EntryPoint","urlTemplate":"https:\/\/fairway2hotel.at\/cs\/?s={search_term_string}"},"query-input":{"@type":"PropertyValueSpecification","valueRequired":true,"valueName":"search_term_string"}}],"inLanguage":"cs"}]}},"_links":{"self":[{"href":"https:\/\/fairway2hotel.at\/cs\/wp-json\/wp\/v2\/pages\/968","targetHints":{"allow":["GET"]}}],"collection":[{"href":"https:\/\/fairway2hotel.at\/cs\/wp-json\/wp\/v2\/pages"}],"about":[{"href":"https:\/\/fairway2hotel.at\/cs\/wp-json\/wp\/v2\/types\/page"}],"author":[{"embeddable":true,"href":"https:\/\/fairway2hotel.at\/cs\/wp-json\/wp\/v2\/users\/1"}],"replies":[{"embeddable":true,"href":"https:\/\/fairway2hotel.at\/cs\/wp-json\/wp\/v2\/comments?post=968"}],"version-history":[{"count":15,"href":"https:\/\/fairway2hotel.at\/cs\/wp-json\/wp\/v2\/pages\/968\/revisions"}],"predecessor-version":[{"id":53730,"href":"https:\/\/fairway2hotel.at\/cs\/wp-json\/wp\/v2\/pages\/968\/revisions\/53730"}],"up":[{"embeddable":true,"href":"https:\/\/fairway2hotel.at\/cs\/wp-json\/wp\/v2\/pages\/1725"}],"acf:attachment":[{"embeddable":true,"href":"https:\/\/fairway2hotel.at\/cs\/wp-json\/wp\/v2\/media\/47780"},{"embeddable":true,"href":"https:\/\/fairway2hotel.at\/cs\/wp-json\/wp\/v2\/media\/47778"},{"embeddable":true,"href":"https:\/\/fairway2hotel.at\/cs\/wp-json\/wp\/v2\/media\/47782"},{"embeddable":true,"href":"https:\/\/fairway2hotel.at\/cs\/wp-json\/wp\/v2\/media\/966"}],"wp:attachment":[{"href":"https:\/\/fairway2hotel.at\/cs\/wp-json\/wp\/v2\/media?parent=968"}],"curies":[{"name":"wp","href":"https:\/\/api.w.org\/{rel}","templated":true}]}}