{"id":100,"date":"2009-07-06T01:59:10","date_gmt":"2009-07-05T23:59:10","guid":{"rendered":"https:\/\/f2h.app\/indoor-golf-vienna\/"},"modified":"2025-03-23T14:10:39","modified_gmt":"2025-03-23T13:10:39","slug":"indoor-golf-vienna","status":"publish","type":"page","link":"https:\/\/fairway2hotel.at\/en\/golfclubs\/wien\/indoor-golf-vienna\/","title":{"rendered":"Indoor Golf Vienna"},"content":{"rendered":"<h2>Bleiben Sie &#8220;IN&#8221; Schwung<\/h2>\n<p>indoor-golf-vienna bietet Ihnen im Ambiente des Vienna Sporthotels**** im 3. Bezirk mit 4 Golfsimulatoren die M\u00f6glichkeit, 365 Tage im Jahr, bei jeder Witterung, bei Tag und bei Nacht oder Zwischendurch von 07-22 Uhr Ihren Golfschlag zu trainieren oder einen unserer 42 Golfpl\u00e4tze zu spielen. Moderne Computertechnik mit TouchScreen und Shot Analyzer erm\u00f6glicht Ihnen ein exaktes Feedback \u00fcber Ihre Schl\u00e4ge mit komfortabler und einfacher Bedienungsf\u00fchrung. Golf Events &amp; Turniere mit Half-Way Station sowie ProStunden runden unser Angebot in gem\u00fctlicher Atmosph\u00e4re ab. Parken Sie in unserer Hotelgarage (2 Stunden gratis), genie\u00dfen Sie die Infrastruktur unseres Hotels (Wellness, Massage, Solarium) und buchen sie gleich Online Ihre Startzeit.<\/p>\n<h2>Keep on swinging<\/h2>\n<p>indoor-golf-vienna offers you the opportunity to practise your golf swing or play one of our 42 golf courses 365 days a year, in all weathers, day and night or in between from 7 a.m. to 10 p.m. in the ambience of the Vienna Sporthotel**** in the 3rd district with 4 golf simulators. Modern computer technology with touch screen and shot analyser gives you precise feedback on your shots with convenient and simple operation. Golf events &amp; tournaments with half-way station and pro lessons round off our offer in a cosy atmosphere. Park in our hotel car park (2 hours free of charge), enjoy the infrastructure of our hotel (wellness, massage, solarium) and book your tee time online.<\/p>\n","protected":false},"excerpt":{"rendered":"<p>Bleiben Sie &#8220;IN&#8221; Schwung indoor-golf-vienna bietet Ihnen im Ambiente des Vienna Sporthotels**** im 3. Bezirk mit 4 Golfsimulatoren die M\u00f6glichkeit, 365 Tage im Jahr, bei jeder Witterung, bei Tag und bei Nacht oder Zwischendurch von 07-22 Uhr Ihren Golfschlag zu trainieren oder einen unserer 42 Golfpl\u00e4tze zu spielen. Moderne Computertechnik mit TouchScreen und Shot Analyzer [&hellip;]<\/p>\n","protected":false},"author":1,"featured_media":0,"parent":70,"menu_order":20,"comment_status":"closed","ping_status":"closed","template":"page-partner.php","meta":{"_acf_changed":false,"footnotes":""},"class_list":["post-100","page","type-page","status-publish","hentry"],"acf":{"partner_infobox":"<strong>Adresse:\u00a0<\/strong>Baumgasse 83, 1030 Wien\r\n\r\n<strong>Tel:\u00a0<\/strong>+43 1 798 82 01\r\n\r\n<strong>Fax:\u00a0<\/strong>+43 1 798 82 01 - 451\r\n\r\n<strong>Web: <\/strong><a href=\"http:\/\/www.indoor-golf-vienna.at\" target=\"_blank\" rel=\"nofollow noopener\">www.indoor-golf-vienna.at<\/a>\r\n\r\n<strong>E-Mail:<\/strong> <a href=\"mailto:info@indoor-golf-vienna\">info@indoor-golf-vienna<\/a>\r\n\r\n<strong>Spielbahnen\/Par: <\/strong>\r\n\r\n<strong>La\u0308nge: <\/strong>\r\n\r\n<strong>Bedingungen: <\/strong>2 Std. zum Preis von 1 Std.\r\n\r\n<strong>Anfahrt: <\/strong>Auto: S\u00fcdosttangente-Abfahrt St. Marx und dann 2x links. Mit der U-Bahn: U3-Station Schlachthausgasse Ausgang Markhofgasse 2 Gehminuten","partner_logo":99,"partner_gallery":[98,46769,46771],"partner_lat":48.191349,"partner_long":16.408015,"partner_type":"golfclub","partner_openings":["1","2","3","4","5","6","7"],"montag_von_bis":"00:00 - 24:00","dienstag_von_bis":"00:00 - 24:00","mittwoch_von_bis":"00:00 - 24:00","donnerstag_von_bis":"00:00 - 24:00","freitag_von_bis":"00:00 - 24:00","samstag_von_bis":"00:00 - 24:00","sonntag_von_bis":"00:00 - 24:00","partner_adresse":"Baumgasse 83, 1030 Wien","partner_land_bundesland":"Wien","partner_tel_1":"0043 1 798 82 01 451","partner_tel_2":"0043 1 798 82 01","partner_web":"http:\/\/www.indoor-golf-vienna.at","partner_mail":"info@indoor-golf-vienna.at","partner_spielbahnen_par":"","partner_laenge":"","partner_bedingungen":"2 Std. zum Preis von 1 Std.\r\nplay 2 hours and pay 1 hour","partner_anfahrt":"Auto: S\u00fcdosttangente-Abfahrt St. Marx und dann 2x links. Mit der U-Bahn: U3-Station Schlachthausgasse Ausgang Markhofgasse 2 Gehminuten","partner_misc":null,"additional_css_classes":""},"yoast_head":"<!-- This site is optimized with the Yoast SEO plugin v26.8 - https:\/\/yoast.com\/product\/yoast-seo-wordpress\/ -->\n<title>Indoor Golf Vienna - Fairway 2 Hotel<\/title>\n<meta name=\"robots\" content=\"index, follow, max-snippet:-1, max-image-preview:large, max-video-preview:-1\" \/>\n<link rel=\"canonical\" href=\"https:\/\/fairway2hotel.at\/en\/golfclubs\/wien\/indoor-golf-vienna\/\" \/>\n<meta property=\"og:locale\" content=\"en_US\" \/>\n<meta property=\"og:type\" content=\"article\" \/>\n<meta property=\"og:title\" content=\"Indoor Golf Vienna - Fairway 2 Hotel\" \/>\n<meta property=\"og:description\" content=\"Bleiben Sie &#8220;IN&#8221; Schwung indoor-golf-vienna bietet Ihnen im Ambiente des Vienna Sporthotels**** im 3. Bezirk mit 4 Golfsimulatoren die M\u00f6glichkeit, 365 Tage im Jahr, bei jeder Witterung, bei Tag und bei Nacht oder Zwischendurch von 07-22 Uhr Ihren Golfschlag zu trainieren oder einen unserer 42 Golfpl\u00e4tze zu spielen. Moderne Computertechnik mit TouchScreen und Shot Analyzer [&hellip;]\" \/>\n<meta property=\"og:url\" content=\"https:\/\/fairway2hotel.at\/en\/golfclubs\/wien\/indoor-golf-vienna\/\" \/>\n<meta property=\"og:site_name\" content=\"Fairway 2 Hotel\" \/>\n<meta property=\"article:modified_time\" content=\"2025-03-23T13:10:39+00:00\" \/>\n<meta name=\"twitter:card\" content=\"summary_large_image\" \/>\n<meta name=\"twitter:label1\" content=\"Est. reading time\" \/>\n\t<meta name=\"twitter:data1\" content=\"2 minutes\" \/>\n<script type=\"application\/ld+json\" class=\"yoast-schema-graph\">{\"@context\":\"https:\/\/schema.org\",\"@graph\":[{\"@type\":\"WebPage\",\"@id\":\"https:\/\/fairway2hotel.at\/en\/golfclubs\/wien\/indoor-golf-vienna\/\",\"url\":\"https:\/\/fairway2hotel.at\/en\/golfclubs\/wien\/indoor-golf-vienna\/\",\"name\":\"Indoor Golf Vienna - Fairway 2 Hotel\",\"isPartOf\":{\"@id\":\"https:\/\/fairway2hotel.at\/en\/#website\"},\"datePublished\":\"2009-07-05T23:59:10+00:00\",\"dateModified\":\"2025-03-23T13:10:39+00:00\",\"breadcrumb\":{\"@id\":\"https:\/\/fairway2hotel.at\/en\/golfclubs\/wien\/indoor-golf-vienna\/#breadcrumb\"},\"inLanguage\":\"en-US\",\"potentialAction\":[{\"@type\":\"ReadAction\",\"target\":[\"https:\/\/fairway2hotel.at\/en\/golfclubs\/wien\/indoor-golf-vienna\/\"]}]},{\"@type\":\"BreadcrumbList\",\"@id\":\"https:\/\/fairway2hotel.at\/en\/golfclubs\/wien\/indoor-golf-vienna\/#breadcrumb\",\"itemListElement\":[{\"@type\":\"ListItem\",\"position\":1,\"name\":\"Home\",\"item\":\"https:\/\/fairway2hotel.at\/en\/\"},{\"@type\":\"ListItem\",\"position\":2,\"name\":\"Golfclubs\",\"item\":\"https:\/\/fairway2hotel.at\/en\/golfclubs\/\"},{\"@type\":\"ListItem\",\"position\":3,\"name\":\"Golfclubs Wien\",\"item\":\"https:\/\/fairway2hotel.at\/en\/golfclubs\/wien\/\"},{\"@type\":\"ListItem\",\"position\":4,\"name\":\"Indoor Golf Vienna\"}]},{\"@type\":\"WebSite\",\"@id\":\"https:\/\/fairway2hotel.at\/en\/#website\",\"url\":\"https:\/\/fairway2hotel.at\/en\/\",\"name\":\"Fairway 2 Hotel\",\"description\":\"Golf at half price! 2 play - 1 pays\",\"potentialAction\":[{\"@type\":\"SearchAction\",\"target\":{\"@type\":\"EntryPoint\",\"urlTemplate\":\"https:\/\/fairway2hotel.at\/en\/?s={search_term_string}\"},\"query-input\":{\"@type\":\"PropertyValueSpecification\",\"valueRequired\":true,\"valueName\":\"search_term_string\"}}],\"inLanguage\":\"en-US\"}]}<\/script>\n<!-- \/ Yoast SEO plugin. -->","yoast_head_json":{"title":"Indoor Golf Vienna - Fairway 2 Hotel","robots":{"index":"index","follow":"follow","max-snippet":"max-snippet:-1","max-image-preview":"max-image-preview:large","max-video-preview":"max-video-preview:-1"},"canonical":"https:\/\/fairway2hotel.at\/en\/golfclubs\/wien\/indoor-golf-vienna\/","og_locale":"en_US","og_type":"article","og_title":"Indoor Golf Vienna - Fairway 2 Hotel","og_description":"Bleiben Sie &#8220;IN&#8221; Schwung indoor-golf-vienna bietet Ihnen im Ambiente des Vienna Sporthotels**** im 3. Bezirk mit 4 Golfsimulatoren die M\u00f6glichkeit, 365 Tage im Jahr, bei jeder Witterung, bei Tag und bei Nacht oder Zwischendurch von 07-22 Uhr Ihren Golfschlag zu trainieren oder einen unserer 42 Golfpl\u00e4tze zu spielen. Moderne Computertechnik mit TouchScreen und Shot Analyzer [&hellip;]","og_url":"https:\/\/fairway2hotel.at\/en\/golfclubs\/wien\/indoor-golf-vienna\/","og_site_name":"Fairway 2 Hotel","article_modified_time":"2025-03-23T13:10:39+00:00","twitter_card":"summary_large_image","twitter_misc":{"Est. reading time":"2 minutes"},"schema":{"@context":"https:\/\/schema.org","@graph":[{"@type":"WebPage","@id":"https:\/\/fairway2hotel.at\/en\/golfclubs\/wien\/indoor-golf-vienna\/","url":"https:\/\/fairway2hotel.at\/en\/golfclubs\/wien\/indoor-golf-vienna\/","name":"Indoor Golf Vienna - Fairway 2 Hotel","isPartOf":{"@id":"https:\/\/fairway2hotel.at\/en\/#website"},"datePublished":"2009-07-05T23:59:10+00:00","dateModified":"2025-03-23T13:10:39+00:00","breadcrumb":{"@id":"https:\/\/fairway2hotel.at\/en\/golfclubs\/wien\/indoor-golf-vienna\/#breadcrumb"},"inLanguage":"en-US","potentialAction":[{"@type":"ReadAction","target":["https:\/\/fairway2hotel.at\/en\/golfclubs\/wien\/indoor-golf-vienna\/"]}]},{"@type":"BreadcrumbList","@id":"https:\/\/fairway2hotel.at\/en\/golfclubs\/wien\/indoor-golf-vienna\/#breadcrumb","itemListElement":[{"@type":"ListItem","position":1,"name":"Home","item":"https:\/\/fairway2hotel.at\/en\/"},{"@type":"ListItem","position":2,"name":"Golfclubs","item":"https:\/\/fairway2hotel.at\/en\/golfclubs\/"},{"@type":"ListItem","position":3,"name":"Golfclubs Wien","item":"https:\/\/fairway2hotel.at\/en\/golfclubs\/wien\/"},{"@type":"ListItem","position":4,"name":"Indoor Golf Vienna"}]},{"@type":"WebSite","@id":"https:\/\/fairway2hotel.at\/en\/#website","url":"https:\/\/fairway2hotel.at\/en\/","name":"Fairway 2 Hotel","description":"Golf at half price! 2 play - 1 pays","potentialAction":[{"@type":"SearchAction","target":{"@type":"EntryPoint","urlTemplate":"https:\/\/fairway2hotel.at\/en\/?s={search_term_string}"},"query-input":{"@type":"PropertyValueSpecification","valueRequired":true,"valueName":"search_term_string"}}],"inLanguage":"en-US"}]}},"_links":{"self":[{"href":"https:\/\/fairway2hotel.at\/en\/wp-json\/wp\/v2\/pages\/100","targetHints":{"allow":["GET"]}}],"collection":[{"href":"https:\/\/fairway2hotel.at\/en\/wp-json\/wp\/v2\/pages"}],"about":[{"href":"https:\/\/fairway2hotel.at\/en\/wp-json\/wp\/v2\/types\/page"}],"author":[{"embeddable":true,"href":"https:\/\/fairway2hotel.at\/en\/wp-json\/wp\/v2\/users\/1"}],"replies":[{"embeddable":true,"href":"https:\/\/fairway2hotel.at\/en\/wp-json\/wp\/v2\/comments?post=100"}],"version-history":[{"count":8,"href":"https:\/\/fairway2hotel.at\/en\/wp-json\/wp\/v2\/pages\/100\/revisions"}],"predecessor-version":[{"id":46773,"href":"https:\/\/fairway2hotel.at\/en\/wp-json\/wp\/v2\/pages\/100\/revisions\/46773"}],"up":[{"embeddable":true,"href":"https:\/\/fairway2hotel.at\/en\/wp-json\/wp\/v2\/pages\/70"}],"acf:attachment":[{"embeddable":true,"href":"https:\/\/fairway2hotel.at\/en\/wp-json\/wp\/v2\/media\/46771"},{"embeddable":true,"href":"https:\/\/fairway2hotel.at\/en\/wp-json\/wp\/v2\/media\/46769"},{"embeddable":true,"href":"https:\/\/fairway2hotel.at\/en\/wp-json\/wp\/v2\/media\/98"}],"wp:attachment":[{"href":"https:\/\/fairway2hotel.at\/en\/wp-json\/wp\/v2\/media?parent=100"}],"curies":[{"name":"wp","href":"https:\/\/api.w.org\/{rel}","templated":true}]}}