{"id":1001,"date":"2012-10-24T06:59:41","date_gmt":"2012-10-24T04:59:41","guid":{"rendered":"https:\/\/f2h.app\/golfclub-hluboka\/"},"modified":"2025-05-06T14:24:25","modified_gmt":"2025-05-06T12:24:25","slug":"golfclub-hluboka","status":"publish","type":"page","link":"https:\/\/fairway2hotel.at\/en\/golfclubs\/tschechien\/golfclub-hluboka\/","title":{"rendered":"GC Hlubok\u00e1"},"content":{"rendered":"<h2>Golfen im Schlosspark<\/h2>\n<p>Der Golfplatz in Hlubok\u00e1 nad Vltavou erstreckt sich im historischen Schwarzen-bergischen Schlosspark. Unter dem Schloss Hlubok\u00e1 im herrlichen Naturmilieu auf einer Fla\u0308che von 68 ha befindet sich eine 27 Lo\u0308cher gro\u00dfe Anlage mit Driving Range, Wellness und Spa und einem\u00a0modernen\u00a0Clubhaus mit gro\u00dfer Terrasse. Tennispla\u0308tze, Radwege und viele Annehmlichkeiten mehr erwarten Sie hier. Dank dem sta\u0308ndigen Redesign des Golfplatzes erwarten Sie eine gro\u00dfe Menge an tu\u0308ckischen Wasserhindernissen sowie Seen, Biotope und viele Sandbunker. Wir freuen uns auf Ihren Besuch.<\/p>\n<h2>Golfing in the castle park<\/h2>\n<p>The golf course in Hlubok\u00e1 nad Vltavou is located in the historic Black Mountain chateau park. Beneath the Hlubok\u00e1 Castle in a marvellous natural environment on an area of 68 hectares is a 27-hole course with a driving range, wellness and spa and a modern clubhouse with a large terrace. Tennis courts, cycle paths and many other amenities await you here. Thanks to the constant redesign of the golf course, you can expect a large number of treacherous water hazards as well as lakes, biotopes and many sand bunkers. We look forward to your visit.<\/p>\n<p>&nbsp;<\/p>\n","protected":false},"excerpt":{"rendered":"<p>Golfen im Schlosspark Der Golfplatz in Hlubok\u00e1 nad Vltavou erstreckt sich im historischen Schwarzen-bergischen Schlosspark. Unter dem Schloss Hlubok\u00e1 im herrlichen Naturmilieu auf einer Fla\u0308che von 68 ha befindet sich eine 27 Lo\u0308cher gro\u00dfe Anlage mit Driving Range, Wellness und Spa und einem\u00a0modernen\u00a0Clubhaus mit gro\u00dfer Terrasse. Tennispla\u0308tze, Radwege und viele Annehmlichkeiten mehr erwarten Sie hier. [&hellip;]<\/p>\n","protected":false},"author":1,"featured_media":0,"parent":1707,"menu_order":20,"comment_status":"closed","ping_status":"closed","template":"page-partner.php","meta":{"_acf_changed":false,"footnotes":""},"class_list":["post-1001","page","type-page","status-publish","hentry"],"acf":{"partner_infobox":"<strong>Adresse:\u00a0<\/strong>Sportovn\u00ed 1278\u00a0373 41 Hlubok\u00e1 nad Vltavou\r\n\r\n<strong>Tel:\u00a0<\/strong>+420 776 826 376\r\n\r\n<strong>Web: <\/strong><a href=\"http:\/\/www.golfhluboka.cz\" target=\"_blank\" rel=\"nofollow noopener noreferrer\">www.golfhluboka.cz<\/a>\r\n\r\n<strong>E-Mail:<\/strong> <a href=\"mailto:recepce@golfhluboka.cz\">recepce@golfhluboka.cz<\/a>\r\n\r\n<strong>Spielbahnen\/Par: <\/strong>18\/72 + 9\/60\r\n\r\n<strong>La\u0308nge:\r\n<\/strong>wei\u00df: 6.261m,\r\n\r\ngelb: 5.786m,\r\n\r\nblau: 5.427 m,\r\n\r\nrot: 5.082 m\r\n\r\n<strong>Anfahrt: <\/strong>N: 49\u00b002\u201954\u2019\u2019,E: 14\u00b026\u201931\u2019\u2019","partner_logo":1000,"partner_gallery":[999,48324,48326],"partner_lat":49.047051,"partner_long":14.443196,"partner_type":"golfclub","partner_openings":["1","2","3","4","5","6","7"],"montag_von_bis":"00:00 - 24:00","dienstag_von_bis":"00:00 - 24:00","mittwoch_von_bis":"00:00 - 24:00","donnerstag_von_bis":"00:00 - 24:00","freitag_von_bis":"00:00 - 24:00","samstag_von_bis":"00:00 - 24:00","sonntag_von_bis":"00:00 - 24:00","partner_adresse":"Sportovn\u00ed 1278, 373 41 Hlubok\u00e1 nad Vltavou","partner_land_bundesland":"Tschechische Republik","partner_tel_1":"","partner_tel_2":"00420 776 826 376","partner_web":"http:\/\/www.golfhluboka.cz","partner_mail":"recepce@golfhluboka.cz","partner_spielbahnen_par":"18\/72 + 9\/60","partner_laenge":"wei\u00df: 6.261m,\u00a0 gelb: 5.786m,\u00a0 blau: 5.427 m,\u00a0 rot: 5.082 m","partner_bedingungen":"","partner_anfahrt":"N: 49\u00b002\u201954\u2019\u2019,E: 14\u00b026\u201931\u2019\u2019","partner_misc":null,"additional_css_classes":""},"yoast_head":"<!-- This site is optimized with the Yoast SEO plugin v26.8 - https:\/\/yoast.com\/product\/yoast-seo-wordpress\/ -->\n<title>GC Hlubok\u00e1 - Fairway 2 Hotel<\/title>\n<meta name=\"robots\" content=\"index, follow, max-snippet:-1, max-image-preview:large, max-video-preview:-1\" \/>\n<link rel=\"canonical\" href=\"https:\/\/fairway2hotel.at\/en\/golfclubs\/tschechien\/golfclub-hluboka\/\" \/>\n<meta property=\"og:locale\" content=\"en_US\" \/>\n<meta property=\"og:type\" content=\"article\" \/>\n<meta property=\"og:title\" content=\"GC Hlubok\u00e1 - Fairway 2 Hotel\" \/>\n<meta property=\"og:description\" content=\"Golfen im Schlosspark Der Golfplatz in Hlubok\u00e1 nad Vltavou erstreckt sich im historischen Schwarzen-bergischen Schlosspark. Unter dem Schloss Hlubok\u00e1 im herrlichen Naturmilieu auf einer Fla\u0308che von 68 ha befindet sich eine 27 Lo\u0308cher gro\u00dfe Anlage mit Driving Range, Wellness und Spa und einem\u00a0modernen\u00a0Clubhaus mit gro\u00dfer Terrasse. Tennispla\u0308tze, Radwege und viele Annehmlichkeiten mehr erwarten Sie hier. [&hellip;]\" \/>\n<meta property=\"og:url\" content=\"https:\/\/fairway2hotel.at\/en\/golfclubs\/tschechien\/golfclub-hluboka\/\" \/>\n<meta property=\"og:site_name\" content=\"Fairway 2 Hotel\" \/>\n<meta property=\"article:modified_time\" content=\"2025-05-06T12:24:25+00:00\" \/>\n<meta name=\"twitter:card\" content=\"summary_large_image\" \/>\n<meta name=\"twitter:label1\" content=\"Est. reading time\" \/>\n\t<meta name=\"twitter:data1\" content=\"2 minutes\" \/>\n<script type=\"application\/ld+json\" class=\"yoast-schema-graph\">{\"@context\":\"https:\/\/schema.org\",\"@graph\":[{\"@type\":\"WebPage\",\"@id\":\"https:\/\/fairway2hotel.at\/en\/golfclubs\/tschechien\/golfclub-hluboka\/\",\"url\":\"https:\/\/fairway2hotel.at\/en\/golfclubs\/tschechien\/golfclub-hluboka\/\",\"name\":\"GC Hlubok\u00e1 - Fairway 2 Hotel\",\"isPartOf\":{\"@id\":\"https:\/\/fairway2hotel.at\/en\/#website\"},\"datePublished\":\"2012-10-24T04:59:41+00:00\",\"dateModified\":\"2025-05-06T12:24:25+00:00\",\"breadcrumb\":{\"@id\":\"https:\/\/fairway2hotel.at\/en\/golfclubs\/tschechien\/golfclub-hluboka\/#breadcrumb\"},\"inLanguage\":\"en-US\",\"potentialAction\":[{\"@type\":\"ReadAction\",\"target\":[\"https:\/\/fairway2hotel.at\/en\/golfclubs\/tschechien\/golfclub-hluboka\/\"]}]},{\"@type\":\"BreadcrumbList\",\"@id\":\"https:\/\/fairway2hotel.at\/en\/golfclubs\/tschechien\/golfclub-hluboka\/#breadcrumb\",\"itemListElement\":[{\"@type\":\"ListItem\",\"position\":1,\"name\":\"Home\",\"item\":\"https:\/\/fairway2hotel.at\/en\/\"},{\"@type\":\"ListItem\",\"position\":2,\"name\":\"Golfclubs\",\"item\":\"https:\/\/fairway2hotel.at\/en\/golfclubs\/\"},{\"@type\":\"ListItem\",\"position\":3,\"name\":\"Golfclubs Tschechien\",\"item\":\"https:\/\/fairway2hotel.at\/en\/golfclubs\/tschechien\/\"},{\"@type\":\"ListItem\",\"position\":4,\"name\":\"GC Hlubok\u00e1\"}]},{\"@type\":\"WebSite\",\"@id\":\"https:\/\/fairway2hotel.at\/en\/#website\",\"url\":\"https:\/\/fairway2hotel.at\/en\/\",\"name\":\"Fairway 2 Hotel\",\"description\":\"Golf at half price! 2 play - 1 pays\",\"potentialAction\":[{\"@type\":\"SearchAction\",\"target\":{\"@type\":\"EntryPoint\",\"urlTemplate\":\"https:\/\/fairway2hotel.at\/en\/?s={search_term_string}\"},\"query-input\":{\"@type\":\"PropertyValueSpecification\",\"valueRequired\":true,\"valueName\":\"search_term_string\"}}],\"inLanguage\":\"en-US\"}]}<\/script>\n<!-- \/ Yoast SEO plugin. -->","yoast_head_json":{"title":"GC Hlubok\u00e1 - Fairway 2 Hotel","robots":{"index":"index","follow":"follow","max-snippet":"max-snippet:-1","max-image-preview":"max-image-preview:large","max-video-preview":"max-video-preview:-1"},"canonical":"https:\/\/fairway2hotel.at\/en\/golfclubs\/tschechien\/golfclub-hluboka\/","og_locale":"en_US","og_type":"article","og_title":"GC Hlubok\u00e1 - Fairway 2 Hotel","og_description":"Golfen im Schlosspark Der Golfplatz in Hlubok\u00e1 nad Vltavou erstreckt sich im historischen Schwarzen-bergischen Schlosspark. Unter dem Schloss Hlubok\u00e1 im herrlichen Naturmilieu auf einer Fla\u0308che von 68 ha befindet sich eine 27 Lo\u0308cher gro\u00dfe Anlage mit Driving Range, Wellness und Spa und einem\u00a0modernen\u00a0Clubhaus mit gro\u00dfer Terrasse. Tennispla\u0308tze, Radwege und viele Annehmlichkeiten mehr erwarten Sie hier. [&hellip;]","og_url":"https:\/\/fairway2hotel.at\/en\/golfclubs\/tschechien\/golfclub-hluboka\/","og_site_name":"Fairway 2 Hotel","article_modified_time":"2025-05-06T12:24:25+00:00","twitter_card":"summary_large_image","twitter_misc":{"Est. reading time":"2 minutes"},"schema":{"@context":"https:\/\/schema.org","@graph":[{"@type":"WebPage","@id":"https:\/\/fairway2hotel.at\/en\/golfclubs\/tschechien\/golfclub-hluboka\/","url":"https:\/\/fairway2hotel.at\/en\/golfclubs\/tschechien\/golfclub-hluboka\/","name":"GC Hlubok\u00e1 - Fairway 2 Hotel","isPartOf":{"@id":"https:\/\/fairway2hotel.at\/en\/#website"},"datePublished":"2012-10-24T04:59:41+00:00","dateModified":"2025-05-06T12:24:25+00:00","breadcrumb":{"@id":"https:\/\/fairway2hotel.at\/en\/golfclubs\/tschechien\/golfclub-hluboka\/#breadcrumb"},"inLanguage":"en-US","potentialAction":[{"@type":"ReadAction","target":["https:\/\/fairway2hotel.at\/en\/golfclubs\/tschechien\/golfclub-hluboka\/"]}]},{"@type":"BreadcrumbList","@id":"https:\/\/fairway2hotel.at\/en\/golfclubs\/tschechien\/golfclub-hluboka\/#breadcrumb","itemListElement":[{"@type":"ListItem","position":1,"name":"Home","item":"https:\/\/fairway2hotel.at\/en\/"},{"@type":"ListItem","position":2,"name":"Golfclubs","item":"https:\/\/fairway2hotel.at\/en\/golfclubs\/"},{"@type":"ListItem","position":3,"name":"Golfclubs Tschechien","item":"https:\/\/fairway2hotel.at\/en\/golfclubs\/tschechien\/"},{"@type":"ListItem","position":4,"name":"GC Hlubok\u00e1"}]},{"@type":"WebSite","@id":"https:\/\/fairway2hotel.at\/en\/#website","url":"https:\/\/fairway2hotel.at\/en\/","name":"Fairway 2 Hotel","description":"Golf at half price! 2 play - 1 pays","potentialAction":[{"@type":"SearchAction","target":{"@type":"EntryPoint","urlTemplate":"https:\/\/fairway2hotel.at\/en\/?s={search_term_string}"},"query-input":{"@type":"PropertyValueSpecification","valueRequired":true,"valueName":"search_term_string"}}],"inLanguage":"en-US"}]}},"_links":{"self":[{"href":"https:\/\/fairway2hotel.at\/en\/wp-json\/wp\/v2\/pages\/1001","targetHints":{"allow":["GET"]}}],"collection":[{"href":"https:\/\/fairway2hotel.at\/en\/wp-json\/wp\/v2\/pages"}],"about":[{"href":"https:\/\/fairway2hotel.at\/en\/wp-json\/wp\/v2\/types\/page"}],"author":[{"embeddable":true,"href":"https:\/\/fairway2hotel.at\/en\/wp-json\/wp\/v2\/users\/1"}],"replies":[{"embeddable":true,"href":"https:\/\/fairway2hotel.at\/en\/wp-json\/wp\/v2\/comments?post=1001"}],"version-history":[{"count":12,"href":"https:\/\/fairway2hotel.at\/en\/wp-json\/wp\/v2\/pages\/1001\/revisions"}],"predecessor-version":[{"id":48328,"href":"https:\/\/fairway2hotel.at\/en\/wp-json\/wp\/v2\/pages\/1001\/revisions\/48328"}],"up":[{"embeddable":true,"href":"https:\/\/fairway2hotel.at\/en\/wp-json\/wp\/v2\/pages\/1707"}],"acf:attachment":[{"embeddable":true,"href":"https:\/\/fairway2hotel.at\/en\/wp-json\/wp\/v2\/media\/48326"},{"embeddable":true,"href":"https:\/\/fairway2hotel.at\/en\/wp-json\/wp\/v2\/media\/48324"},{"embeddable":true,"href":"https:\/\/fairway2hotel.at\/en\/wp-json\/wp\/v2\/media\/999"}],"wp:attachment":[{"href":"https:\/\/fairway2hotel.at\/en\/wp-json\/wp\/v2\/media?parent=1001"}],"curies":[{"name":"wp","href":"https:\/\/api.w.org\/{rel}","templated":true}]}}