{"id":1004,"date":"2012-10-24T07:00:22","date_gmt":"2012-10-24T05:00:22","guid":{"rendered":"https:\/\/f2h.app\/golfresort-monachus\/"},"modified":"2025-04-07T16:36:51","modified_gmt":"2025-04-07T14:36:51","slug":"golfresort-monachus","status":"publish","type":"page","link":"https:\/\/fairway2hotel.at\/en\/golfclubs\/tschechien\/golfresort-monachus\/","title":{"rendered":"GC Monachus"},"content":{"rendered":"<h2>Golfresort Monachus<\/h2>\n<p>Die Umgebung von Nov\u00e1 Byst\u0159ice liegt in der malerischen Landschaft S\u00fcdb\u00f6hmens mit ihren umfangreichen Waldkomplexen, zahlreichen Teichen und felsigen Hecken mit gro\u00dfen Granitsteinen. Nicht nur wegen des Naturcharakters der Landschaft, sondern auch f\u00fcr das etwas rauere Klima wird dieses Gebiet B\u00f6hmisches Kanada genannt. Hier herrscht die Stille \u2013 nur Sie, Golf und die Natur schaffen eine herrliche Kulisse f\u00fcr einen angenehm verbrachten Tag, umgeben von W\u00e4ldern und kleinen Teichen. Der Platz ist angenehm, nicht sehr anstrengend, eher ist hier ein taktisches Spiel gefragt. Jedes Loch ist anders und so erlebt man hier eine eigene Golfgeschichte mit 18 Kapiteln. Das GolfResort Monachus bietet alles, was man von einem Golfareal nur erwarten kann. Ein Bestandteil des Resorts ist ebenfalls das ger\u00e4umige Clubhaus mit Restaurant, Terrasse, Rezeption, Pro Shop und sonstiger Ausstattung. Selbstverst\u00e4ndlichkeit sind Driving Range, Putting und Chipping Green, wo Spieler mit bezahltem Green Fee v\u00f6llig kostenlos vor dem Spiel \u00fcben k\u00f6nnen.<\/p>\n<h2>Monachus Golf Resort<\/h2>\n<p>The surroundings of Nov\u00e1 Byst\u0159ice lie in the picturesque landscape of South Bohemia with its extensive forest complexes, numerous ponds and rocky hedges with large granite boulders. This area is called Bohemian Canada not only because of the natural character of the landscape, but also because of the somewhat harsher climate. Silence reigns here &#8211; only you, golf and nature create a marvellous setting for a pleasantly spent day surrounded by forests and small ponds. The course is pleasant, not very demanding, rather a tactical game is required here. Every hole is different and so you experience a golf story of its own with 18 chapters. The GolfResort Monachus offers everything you could expect from a golf resort. Part of the resort is also the spacious clubhouse with restaurant, terrace, reception, pro shop and other facilities. Driving range, putting and chipping green are a matter of course, where players with a paid green fee can practise before the game completely free of charge.<\/p>\n<p>&nbsp;<\/p>\n","protected":false},"excerpt":{"rendered":"<p>Golfresort Monachus Die Umgebung von Nov\u00e1 Byst\u0159ice liegt in der malerischen Landschaft S\u00fcdb\u00f6hmens mit ihren umfangreichen Waldkomplexen, zahlreichen Teichen und felsigen Hecken mit gro\u00dfen Granitsteinen. Nicht nur wegen des Naturcharakters der Landschaft, sondern auch f\u00fcr das etwas rauere Klima wird dieses Gebiet B\u00f6hmisches Kanada genannt. Hier herrscht die Stille \u2013 nur Sie, Golf und die [&hellip;]<\/p>\n","protected":false},"author":1,"featured_media":0,"parent":1707,"menu_order":30,"comment_status":"closed","ping_status":"closed","template":"page-partner.php","meta":{"_acf_changed":false,"footnotes":""},"class_list":["post-1004","page","type-page","status-publish","hentry"],"acf":{"partner_infobox":"<strong>Adresse:\u00a0<\/strong>Mnich 811, 37833 Nova Bystrice\r\n\r\n<strong>Tel:\u00a0<\/strong>+420 602 130 905\r\n\r\n<strong>Web: <\/strong><a href=\"http:\/\/www.golfmonachus.cz\" target=\"_blank\" rel=\"nofollow noopener noreferrer\">www.golfmonachus.cz<\/a>\r\n\r\n<strong>E-Mail:<\/strong> <a href=\"mailto:info@golfmonachus.cz\">info@golfmonachus.cz<\/a>\r\n\r\n<strong>Spielbahnen\/Par: <\/strong>18\/73\r\n\r\n<strong>La\u0308nge:\r\n<\/strong>Herren wei\u00df: 6.177m\r\nDamen blau: 5.640m\r\n\r\n<strong>Anfahrt:\r\n<\/strong>von Wien \u00fcber die A22 nach Prag, B4 Richtung Horn, B303 Abzw. Zur B5, Waidhofen\/Thaya, Heidereichstein, (CZ), Nov\u00e1 Byst\u0159ice","partner_logo":2826,"partner_gallery":[47756,1002,47758,47760],"partner_lat":49.01137980290162,"partner_long":15.0913041,"partner_type":"golfclub","partner_openings":["1","2","3","4","5","6","7"],"montag_von_bis":"00:00 - 24:00","dienstag_von_bis":"00:00 - 24:00","mittwoch_von_bis":"00:00 - 24:00","donnerstag_von_bis":"00:00 - 24:00","freitag_von_bis":"00:00 - 24:00","samstag_von_bis":"00:00 - 24:00","sonntag_von_bis":"00:00 - 24:00","partner_adresse":"Mnich 811, 37833 Nova Bystrice","partner_land_bundesland":"Tschechische Republik","partner_tel_1":"","partner_tel_2":"00420 602 130 905","partner_web":"http:\/\/www.golfmonachus.cz","partner_mail":"info@golfmonachus.cz","partner_spielbahnen_par":"18\/73","partner_laenge":"Herren wei\u00df: 6.177m Damen blau: 5.640m","partner_bedingungen":"","partner_anfahrt":"von Wien \u00fcber die A22 nach Prag, B4 Richtung Horn, B303 Abzw. Zur B5, Waidhofen\/Thaya, Heidereichstein, (CZ), Nov\u00e1 Byst\u0159ice","partner_misc":null,"additional_css_classes":""},"yoast_head":"<!-- This site is optimized with the Yoast SEO plugin v26.8 - https:\/\/yoast.com\/product\/yoast-seo-wordpress\/ -->\n<title>GC Monachus - Fairway 2 Hotel<\/title>\n<meta name=\"robots\" content=\"index, follow, max-snippet:-1, max-image-preview:large, max-video-preview:-1\" \/>\n<link rel=\"canonical\" href=\"https:\/\/fairway2hotel.at\/en\/golfclubs\/tschechien\/golfresort-monachus\/\" \/>\n<meta property=\"og:locale\" content=\"en_US\" \/>\n<meta property=\"og:type\" content=\"article\" \/>\n<meta property=\"og:title\" content=\"GC Monachus - Fairway 2 Hotel\" \/>\n<meta property=\"og:description\" content=\"Golfresort Monachus Die Umgebung von Nov\u00e1 Byst\u0159ice liegt in der malerischen Landschaft S\u00fcdb\u00f6hmens mit ihren umfangreichen Waldkomplexen, zahlreichen Teichen und felsigen Hecken mit gro\u00dfen Granitsteinen. Nicht nur wegen des Naturcharakters der Landschaft, sondern auch f\u00fcr das etwas rauere Klima wird dieses Gebiet B\u00f6hmisches Kanada genannt. Hier herrscht die Stille \u2013 nur Sie, Golf und die [&hellip;]\" \/>\n<meta property=\"og:url\" content=\"https:\/\/fairway2hotel.at\/en\/golfclubs\/tschechien\/golfresort-monachus\/\" \/>\n<meta property=\"og:site_name\" content=\"Fairway 2 Hotel\" \/>\n<meta property=\"article:modified_time\" content=\"2025-04-07T14:36:51+00:00\" \/>\n<meta name=\"twitter:card\" content=\"summary_large_image\" \/>\n<meta name=\"twitter:label1\" content=\"Est. reading time\" \/>\n\t<meta name=\"twitter:data1\" content=\"2 minutes\" \/>\n<script type=\"application\/ld+json\" class=\"yoast-schema-graph\">{\"@context\":\"https:\/\/schema.org\",\"@graph\":[{\"@type\":\"WebPage\",\"@id\":\"https:\/\/fairway2hotel.at\/en\/golfclubs\/tschechien\/golfresort-monachus\/\",\"url\":\"https:\/\/fairway2hotel.at\/en\/golfclubs\/tschechien\/golfresort-monachus\/\",\"name\":\"GC Monachus - Fairway 2 Hotel\",\"isPartOf\":{\"@id\":\"https:\/\/fairway2hotel.at\/en\/#website\"},\"datePublished\":\"2012-10-24T05:00:22+00:00\",\"dateModified\":\"2025-04-07T14:36:51+00:00\",\"breadcrumb\":{\"@id\":\"https:\/\/fairway2hotel.at\/en\/golfclubs\/tschechien\/golfresort-monachus\/#breadcrumb\"},\"inLanguage\":\"en-US\",\"potentialAction\":[{\"@type\":\"ReadAction\",\"target\":[\"https:\/\/fairway2hotel.at\/en\/golfclubs\/tschechien\/golfresort-monachus\/\"]}]},{\"@type\":\"BreadcrumbList\",\"@id\":\"https:\/\/fairway2hotel.at\/en\/golfclubs\/tschechien\/golfresort-monachus\/#breadcrumb\",\"itemListElement\":[{\"@type\":\"ListItem\",\"position\":1,\"name\":\"Home\",\"item\":\"https:\/\/fairway2hotel.at\/en\/\"},{\"@type\":\"ListItem\",\"position\":2,\"name\":\"Golfclubs\",\"item\":\"https:\/\/fairway2hotel.at\/en\/golfclubs\/\"},{\"@type\":\"ListItem\",\"position\":3,\"name\":\"Golfclubs Tschechien\",\"item\":\"https:\/\/fairway2hotel.at\/en\/golfclubs\/tschechien\/\"},{\"@type\":\"ListItem\",\"position\":4,\"name\":\"GC Monachus\"}]},{\"@type\":\"WebSite\",\"@id\":\"https:\/\/fairway2hotel.at\/en\/#website\",\"url\":\"https:\/\/fairway2hotel.at\/en\/\",\"name\":\"Fairway 2 Hotel\",\"description\":\"Golf at half price! 2 play - 1 pays\",\"potentialAction\":[{\"@type\":\"SearchAction\",\"target\":{\"@type\":\"EntryPoint\",\"urlTemplate\":\"https:\/\/fairway2hotel.at\/en\/?s={search_term_string}\"},\"query-input\":{\"@type\":\"PropertyValueSpecification\",\"valueRequired\":true,\"valueName\":\"search_term_string\"}}],\"inLanguage\":\"en-US\"}]}<\/script>\n<!-- \/ Yoast SEO plugin. -->","yoast_head_json":{"title":"GC Monachus - Fairway 2 Hotel","robots":{"index":"index","follow":"follow","max-snippet":"max-snippet:-1","max-image-preview":"max-image-preview:large","max-video-preview":"max-video-preview:-1"},"canonical":"https:\/\/fairway2hotel.at\/en\/golfclubs\/tschechien\/golfresort-monachus\/","og_locale":"en_US","og_type":"article","og_title":"GC Monachus - Fairway 2 Hotel","og_description":"Golfresort Monachus Die Umgebung von Nov\u00e1 Byst\u0159ice liegt in der malerischen Landschaft S\u00fcdb\u00f6hmens mit ihren umfangreichen Waldkomplexen, zahlreichen Teichen und felsigen Hecken mit gro\u00dfen Granitsteinen. Nicht nur wegen des Naturcharakters der Landschaft, sondern auch f\u00fcr das etwas rauere Klima wird dieses Gebiet B\u00f6hmisches Kanada genannt. Hier herrscht die Stille \u2013 nur Sie, Golf und die [&hellip;]","og_url":"https:\/\/fairway2hotel.at\/en\/golfclubs\/tschechien\/golfresort-monachus\/","og_site_name":"Fairway 2 Hotel","article_modified_time":"2025-04-07T14:36:51+00:00","twitter_card":"summary_large_image","twitter_misc":{"Est. reading time":"2 minutes"},"schema":{"@context":"https:\/\/schema.org","@graph":[{"@type":"WebPage","@id":"https:\/\/fairway2hotel.at\/en\/golfclubs\/tschechien\/golfresort-monachus\/","url":"https:\/\/fairway2hotel.at\/en\/golfclubs\/tschechien\/golfresort-monachus\/","name":"GC Monachus - Fairway 2 Hotel","isPartOf":{"@id":"https:\/\/fairway2hotel.at\/en\/#website"},"datePublished":"2012-10-24T05:00:22+00:00","dateModified":"2025-04-07T14:36:51+00:00","breadcrumb":{"@id":"https:\/\/fairway2hotel.at\/en\/golfclubs\/tschechien\/golfresort-monachus\/#breadcrumb"},"inLanguage":"en-US","potentialAction":[{"@type":"ReadAction","target":["https:\/\/fairway2hotel.at\/en\/golfclubs\/tschechien\/golfresort-monachus\/"]}]},{"@type":"BreadcrumbList","@id":"https:\/\/fairway2hotel.at\/en\/golfclubs\/tschechien\/golfresort-monachus\/#breadcrumb","itemListElement":[{"@type":"ListItem","position":1,"name":"Home","item":"https:\/\/fairway2hotel.at\/en\/"},{"@type":"ListItem","position":2,"name":"Golfclubs","item":"https:\/\/fairway2hotel.at\/en\/golfclubs\/"},{"@type":"ListItem","position":3,"name":"Golfclubs Tschechien","item":"https:\/\/fairway2hotel.at\/en\/golfclubs\/tschechien\/"},{"@type":"ListItem","position":4,"name":"GC Monachus"}]},{"@type":"WebSite","@id":"https:\/\/fairway2hotel.at\/en\/#website","url":"https:\/\/fairway2hotel.at\/en\/","name":"Fairway 2 Hotel","description":"Golf at half price! 2 play - 1 pays","potentialAction":[{"@type":"SearchAction","target":{"@type":"EntryPoint","urlTemplate":"https:\/\/fairway2hotel.at\/en\/?s={search_term_string}"},"query-input":{"@type":"PropertyValueSpecification","valueRequired":true,"valueName":"search_term_string"}}],"inLanguage":"en-US"}]}},"_links":{"self":[{"href":"https:\/\/fairway2hotel.at\/en\/wp-json\/wp\/v2\/pages\/1004","targetHints":{"allow":["GET"]}}],"collection":[{"href":"https:\/\/fairway2hotel.at\/en\/wp-json\/wp\/v2\/pages"}],"about":[{"href":"https:\/\/fairway2hotel.at\/en\/wp-json\/wp\/v2\/types\/page"}],"author":[{"embeddable":true,"href":"https:\/\/fairway2hotel.at\/en\/wp-json\/wp\/v2\/users\/1"}],"replies":[{"embeddable":true,"href":"https:\/\/fairway2hotel.at\/en\/wp-json\/wp\/v2\/comments?post=1004"}],"version-history":[{"count":11,"href":"https:\/\/fairway2hotel.at\/en\/wp-json\/wp\/v2\/pages\/1004\/revisions"}],"predecessor-version":[{"id":47762,"href":"https:\/\/fairway2hotel.at\/en\/wp-json\/wp\/v2\/pages\/1004\/revisions\/47762"}],"up":[{"embeddable":true,"href":"https:\/\/fairway2hotel.at\/en\/wp-json\/wp\/v2\/pages\/1707"}],"acf:attachment":[{"embeddable":true,"href":"https:\/\/fairway2hotel.at\/en\/wp-json\/wp\/v2\/media\/47760"},{"embeddable":true,"href":"https:\/\/fairway2hotel.at\/en\/wp-json\/wp\/v2\/media\/47758"},{"embeddable":true,"href":"https:\/\/fairway2hotel.at\/en\/wp-json\/wp\/v2\/media\/1002"},{"embeddable":true,"href":"https:\/\/fairway2hotel.at\/en\/wp-json\/wp\/v2\/media\/47756"}],"wp:attachment":[{"href":"https:\/\/fairway2hotel.at\/en\/wp-json\/wp\/v2\/media?parent=1004"}],"curies":[{"name":"wp","href":"https:\/\/api.w.org\/{rel}","templated":true}]}}