{"id":1090,"date":"2014-10-23T13:21:29","date_gmt":"2014-10-23T11:21:29","guid":{"rendered":"https:\/\/f2h.app\/golfclub-oberstaufen\/"},"modified":"2025-03-31T11:31:35","modified_gmt":"2025-03-31T09:31:35","slug":"golfclub-oberstaufen","status":"publish","type":"page","link":"https:\/\/fairway2hotel.at\/en\/golfclubs\/deutschland\/golfclub-oberstaufen\/","title":{"rendered":"GC Oberstaufen-Steibis e.V."},"content":{"rendered":"<h2>Golf Oberstaufen-Steibis &#8211; Neuer Schwung f\u00fcrs Leben<\/h2>\n<p>Im Ortsteil Steibis finden Sie die traumhaft gelegene Golfanlage, einer der sch\u00f6nsten Golfpl\u00e4tze im Allg\u00e4u, die Sie mit seiner herzlichen, famili\u00e4ren Atmosph\u00e4re begeistern wird. Ob Sie einen ausgiebigen Golfurlaub planen, oder die Zeit nur f\u00fcr einen Wochenendtrip reicht, ist Oberstaufen der ideale Ausgangspunkt f\u00fcr Golfausfl\u00fcge.<\/p>\n<p>Biotope, Felsen, Quellen, alte B\u00e4ume, kleine Seen und das f\u00fcr den Bergsommer typische Schellengel\u00e4ut machen es Ihnen leicht, die Sch\u00f6nheit der Natur zu genie\u00dfen. Selbst Golfer, die bereits weltbekannte Pl\u00e4tze gespielt haben, wird dieser Platz neu beeindrucken und herausfordern Die Golfanlage Oberstaufen-Steibis hat erfolgreich an der Deutschen Golfanlagenklassifizierung des Bundesverband Golfanlagen e.V. teilgenommen und wurde in die Kategorien ****Superior eingestuft.<\/p>\n<h2>Golf Oberstaufen-Steibis &#8211; A new swing for life<\/h2>\n<p>In the district of Steibis you will find the beautifully situated golf course, one of the most beautiful golf courses in the Allg\u00e4u, which will inspire you with its warm, familiar atmosphere. Whether you are planning an extensive golf holiday or only have time for a weekend trip, Oberstaufen is the ideal starting point for golf excursions.<\/p>\n<p>Biotopes, rocks, springs, old trees, small lakes and the ringing of bells typical of the mountain summer make it easy for you to enjoy the beauty of nature. Even golfers who have already played world-famous courses will be impressed and challenged by this new course The Oberstaufen-Steibis golf course has successfully participated in the German Golf Course Classification of the Bundesverband Golfanlagen e.V. and has been categorised as ****Superior.<\/p>\n","protected":false},"excerpt":{"rendered":"<p>Golf Oberstaufen-Steibis &#8211; Neuer Schwung f\u00fcrs Leben Im Ortsteil Steibis finden Sie die traumhaft gelegene Golfanlage, einer der sch\u00f6nsten Golfpl\u00e4tze im Allg\u00e4u, die Sie mit seiner herzlichen, famili\u00e4ren Atmosph\u00e4re begeistern wird. Ob Sie einen ausgiebigen Golfurlaub planen, oder die Zeit nur f\u00fcr einen Wochenendtrip reicht, ist Oberstaufen der ideale Ausgangspunkt f\u00fcr Golfausfl\u00fcge. Biotope, Felsen, Quellen, [&hellip;]<\/p>\n","protected":false},"author":1,"featured_media":0,"parent":1607,"menu_order":130,"comment_status":"closed","ping_status":"closed","template":"page-partner.php","meta":{"_acf_changed":false,"footnotes":""},"class_list":["post-1090","page","type-page","status-publish","hentry"],"acf":{"partner_infobox":"<strong>Adresse:<\/strong>In der Au 5, D-87534 Oberstaufen-Steibis\r\n\r\n<strong>Tel:\u00a0<\/strong>08386\/8529\r\n\r\n<strong>Fax:\u00a0<\/strong>08386\/8657\r\n\r\n<strong>Web: <\/strong><a href=\"http:\/\/www.golf-oberstaufen.de\" target=\"_blank\" rel=\"nofollow noopener\">www.golf-oberstaufen.de<\/a>\r\n\r\n<strong>E-Mail:<\/strong> <a href=\"mailto:info@golf-oberstaufen.de\">info@golf-oberstaufen.de<\/a>\r\n\r\n<strong>Spielbahnen\/Par: <\/strong>18\/70\r\n\r\n<strong>La\u0308nge: <\/strong>gelb: 5.282 m \/ rot:4.666 m\r\n\r\n<strong>Bedingungen:\r\n<\/strong>GS einl\u00f6sbar von SO-FR\r\n\r\n<strong>Anfahrt:\r\n<\/strong>Von Ulm: A7 - F\u00fcssen - Lindau A96 - Waltenhofen \/ Immenst. - Oberrstaufen - \u00d6sterr. (Dornbirn) - Wei\u00dfach - 200 m - links Steibis - Ortsmitte - Abzweigung Golfpl. (Schild).","partner_logo":1089,"partner_gallery":[2801,47350,47352],"partner_lat":47.522545,"partner_long":10.026247,"partner_type":"golfclub","partner_openings":["1","2","3","4","5","7"],"montag_von_bis":"00:00 - 24:00","dienstag_von_bis":"00:00 - 24:00","mittwoch_von_bis":"00:00 - 24:00","donnerstag_von_bis":"00:00 - 24:00","freitag_von_bis":"00:00 - 24:00","samstag_von_bis":"00:00 - 24:00","sonntag_von_bis":"00:00 - 24:00","partner_adresse":"In der Au 5, 87534 Oberstaufen-Steibis","partner_land_bundesland":"Deutschland","partner_tel_1":"0049 8386 8657","partner_tel_2":"0049 83868529","partner_web":"http:\/\/www.golf-oberstaufen.de","partner_mail":"info@golf-oberstaufen.de","partner_spielbahnen_par":"18\/70","partner_laenge":"gelb: 5.282 m \/ rot:4.666 m","partner_bedingungen":"GS einl\u00f6sbar von SO-FR\r\nvouchers valid Sun-Fri","partner_anfahrt":"Von Ulm: A7 - F\u00fcssen - Lindau A96 - Waltenhofen \/ Immenst. - Oberrstaufen - \u00d6sterr. (Dornbirn) - Wei\u00dfach - 200 m - links Steibis - Ortsmitte - Abzweigung Golfpl. (Schild).","partner_misc":null,"additional_css_classes":""},"yoast_head":"<!-- This site is optimized with the Yoast SEO plugin v26.8 - https:\/\/yoast.com\/product\/yoast-seo-wordpress\/ -->\n<title>GC Oberstaufen-Steibis e.V. - Fairway 2 Hotel<\/title>\n<meta name=\"robots\" content=\"index, follow, max-snippet:-1, max-image-preview:large, max-video-preview:-1\" \/>\n<link rel=\"canonical\" href=\"https:\/\/fairway2hotel.at\/en\/golfclubs\/deutschland\/golfclub-oberstaufen\/\" \/>\n<meta property=\"og:locale\" content=\"en_US\" \/>\n<meta property=\"og:type\" content=\"article\" \/>\n<meta property=\"og:title\" content=\"GC Oberstaufen-Steibis e.V. - Fairway 2 Hotel\" \/>\n<meta property=\"og:description\" content=\"Golf Oberstaufen-Steibis &#8211; Neuer Schwung f\u00fcrs Leben Im Ortsteil Steibis finden Sie die traumhaft gelegene Golfanlage, einer der sch\u00f6nsten Golfpl\u00e4tze im Allg\u00e4u, die Sie mit seiner herzlichen, famili\u00e4ren Atmosph\u00e4re begeistern wird. Ob Sie einen ausgiebigen Golfurlaub planen, oder die Zeit nur f\u00fcr einen Wochenendtrip reicht, ist Oberstaufen der ideale Ausgangspunkt f\u00fcr Golfausfl\u00fcge. Biotope, Felsen, Quellen, [&hellip;]\" \/>\n<meta property=\"og:url\" content=\"https:\/\/fairway2hotel.at\/en\/golfclubs\/deutschland\/golfclub-oberstaufen\/\" \/>\n<meta property=\"og:site_name\" content=\"Fairway 2 Hotel\" \/>\n<meta property=\"article:modified_time\" content=\"2025-03-31T09:31:35+00:00\" \/>\n<meta name=\"twitter:card\" content=\"summary_large_image\" \/>\n<meta name=\"twitter:label1\" content=\"Est. reading time\" \/>\n\t<meta name=\"twitter:data1\" content=\"2 minutes\" \/>\n<script type=\"application\/ld+json\" class=\"yoast-schema-graph\">{\"@context\":\"https:\/\/schema.org\",\"@graph\":[{\"@type\":\"WebPage\",\"@id\":\"https:\/\/fairway2hotel.at\/en\/golfclubs\/deutschland\/golfclub-oberstaufen\/\",\"url\":\"https:\/\/fairway2hotel.at\/en\/golfclubs\/deutschland\/golfclub-oberstaufen\/\",\"name\":\"GC Oberstaufen-Steibis e.V. - Fairway 2 Hotel\",\"isPartOf\":{\"@id\":\"https:\/\/fairway2hotel.at\/en\/#website\"},\"datePublished\":\"2014-10-23T11:21:29+00:00\",\"dateModified\":\"2025-03-31T09:31:35+00:00\",\"breadcrumb\":{\"@id\":\"https:\/\/fairway2hotel.at\/en\/golfclubs\/deutschland\/golfclub-oberstaufen\/#breadcrumb\"},\"inLanguage\":\"en-US\",\"potentialAction\":[{\"@type\":\"ReadAction\",\"target\":[\"https:\/\/fairway2hotel.at\/en\/golfclubs\/deutschland\/golfclub-oberstaufen\/\"]}]},{\"@type\":\"BreadcrumbList\",\"@id\":\"https:\/\/fairway2hotel.at\/en\/golfclubs\/deutschland\/golfclub-oberstaufen\/#breadcrumb\",\"itemListElement\":[{\"@type\":\"ListItem\",\"position\":1,\"name\":\"Home\",\"item\":\"https:\/\/fairway2hotel.at\/en\/\"},{\"@type\":\"ListItem\",\"position\":2,\"name\":\"Golfclubs\",\"item\":\"https:\/\/fairway2hotel.at\/en\/golfclubs\/\"},{\"@type\":\"ListItem\",\"position\":3,\"name\":\"Golfclubs Deutschland\",\"item\":\"https:\/\/fairway2hotel.at\/en\/golfclubs\/deutschland\/\"},{\"@type\":\"ListItem\",\"position\":4,\"name\":\"GC Oberstaufen-Steibis e.V.\"}]},{\"@type\":\"WebSite\",\"@id\":\"https:\/\/fairway2hotel.at\/en\/#website\",\"url\":\"https:\/\/fairway2hotel.at\/en\/\",\"name\":\"Fairway 2 Hotel\",\"description\":\"Golf at half price! 2 play - 1 pays\",\"potentialAction\":[{\"@type\":\"SearchAction\",\"target\":{\"@type\":\"EntryPoint\",\"urlTemplate\":\"https:\/\/fairway2hotel.at\/en\/?s={search_term_string}\"},\"query-input\":{\"@type\":\"PropertyValueSpecification\",\"valueRequired\":true,\"valueName\":\"search_term_string\"}}],\"inLanguage\":\"en-US\"}]}<\/script>\n<!-- \/ Yoast SEO plugin. -->","yoast_head_json":{"title":"GC Oberstaufen-Steibis e.V. - Fairway 2 Hotel","robots":{"index":"index","follow":"follow","max-snippet":"max-snippet:-1","max-image-preview":"max-image-preview:large","max-video-preview":"max-video-preview:-1"},"canonical":"https:\/\/fairway2hotel.at\/en\/golfclubs\/deutschland\/golfclub-oberstaufen\/","og_locale":"en_US","og_type":"article","og_title":"GC Oberstaufen-Steibis e.V. - Fairway 2 Hotel","og_description":"Golf Oberstaufen-Steibis &#8211; Neuer Schwung f\u00fcrs Leben Im Ortsteil Steibis finden Sie die traumhaft gelegene Golfanlage, einer der sch\u00f6nsten Golfpl\u00e4tze im Allg\u00e4u, die Sie mit seiner herzlichen, famili\u00e4ren Atmosph\u00e4re begeistern wird. Ob Sie einen ausgiebigen Golfurlaub planen, oder die Zeit nur f\u00fcr einen Wochenendtrip reicht, ist Oberstaufen der ideale Ausgangspunkt f\u00fcr Golfausfl\u00fcge. Biotope, Felsen, Quellen, [&hellip;]","og_url":"https:\/\/fairway2hotel.at\/en\/golfclubs\/deutschland\/golfclub-oberstaufen\/","og_site_name":"Fairway 2 Hotel","article_modified_time":"2025-03-31T09:31:35+00:00","twitter_card":"summary_large_image","twitter_misc":{"Est. reading time":"2 minutes"},"schema":{"@context":"https:\/\/schema.org","@graph":[{"@type":"WebPage","@id":"https:\/\/fairway2hotel.at\/en\/golfclubs\/deutschland\/golfclub-oberstaufen\/","url":"https:\/\/fairway2hotel.at\/en\/golfclubs\/deutschland\/golfclub-oberstaufen\/","name":"GC Oberstaufen-Steibis e.V. - Fairway 2 Hotel","isPartOf":{"@id":"https:\/\/fairway2hotel.at\/en\/#website"},"datePublished":"2014-10-23T11:21:29+00:00","dateModified":"2025-03-31T09:31:35+00:00","breadcrumb":{"@id":"https:\/\/fairway2hotel.at\/en\/golfclubs\/deutschland\/golfclub-oberstaufen\/#breadcrumb"},"inLanguage":"en-US","potentialAction":[{"@type":"ReadAction","target":["https:\/\/fairway2hotel.at\/en\/golfclubs\/deutschland\/golfclub-oberstaufen\/"]}]},{"@type":"BreadcrumbList","@id":"https:\/\/fairway2hotel.at\/en\/golfclubs\/deutschland\/golfclub-oberstaufen\/#breadcrumb","itemListElement":[{"@type":"ListItem","position":1,"name":"Home","item":"https:\/\/fairway2hotel.at\/en\/"},{"@type":"ListItem","position":2,"name":"Golfclubs","item":"https:\/\/fairway2hotel.at\/en\/golfclubs\/"},{"@type":"ListItem","position":3,"name":"Golfclubs Deutschland","item":"https:\/\/fairway2hotel.at\/en\/golfclubs\/deutschland\/"},{"@type":"ListItem","position":4,"name":"GC Oberstaufen-Steibis e.V."}]},{"@type":"WebSite","@id":"https:\/\/fairway2hotel.at\/en\/#website","url":"https:\/\/fairway2hotel.at\/en\/","name":"Fairway 2 Hotel","description":"Golf at half price! 2 play - 1 pays","potentialAction":[{"@type":"SearchAction","target":{"@type":"EntryPoint","urlTemplate":"https:\/\/fairway2hotel.at\/en\/?s={search_term_string}"},"query-input":{"@type":"PropertyValueSpecification","valueRequired":true,"valueName":"search_term_string"}}],"inLanguage":"en-US"}]}},"_links":{"self":[{"href":"https:\/\/fairway2hotel.at\/en\/wp-json\/wp\/v2\/pages\/1090","targetHints":{"allow":["GET"]}}],"collection":[{"href":"https:\/\/fairway2hotel.at\/en\/wp-json\/wp\/v2\/pages"}],"about":[{"href":"https:\/\/fairway2hotel.at\/en\/wp-json\/wp\/v2\/types\/page"}],"author":[{"embeddable":true,"href":"https:\/\/fairway2hotel.at\/en\/wp-json\/wp\/v2\/users\/1"}],"replies":[{"embeddable":true,"href":"https:\/\/fairway2hotel.at\/en\/wp-json\/wp\/v2\/comments?post=1090"}],"version-history":[{"count":8,"href":"https:\/\/fairway2hotel.at\/en\/wp-json\/wp\/v2\/pages\/1090\/revisions"}],"predecessor-version":[{"id":47354,"href":"https:\/\/fairway2hotel.at\/en\/wp-json\/wp\/v2\/pages\/1090\/revisions\/47354"}],"up":[{"embeddable":true,"href":"https:\/\/fairway2hotel.at\/en\/wp-json\/wp\/v2\/pages\/1607"}],"acf:attachment":[{"embeddable":true,"href":"https:\/\/fairway2hotel.at\/en\/wp-json\/wp\/v2\/media\/47352"},{"embeddable":true,"href":"https:\/\/fairway2hotel.at\/en\/wp-json\/wp\/v2\/media\/47350"},{"embeddable":true,"href":"https:\/\/fairway2hotel.at\/en\/wp-json\/wp\/v2\/media\/2801"}],"wp:attachment":[{"href":"https:\/\/fairway2hotel.at\/en\/wp-json\/wp\/v2\/media?parent=1090"}],"curies":[{"name":"wp","href":"https:\/\/api.w.org\/{rel}","templated":true}]}}