{"id":1093,"date":"2014-10-23T13:22:39","date_gmt":"2014-10-23T11:22:39","guid":{"rendered":"https:\/\/f2h.app\/golfclub-pfaffing\/"},"modified":"2025-03-31T11:36:43","modified_gmt":"2025-03-31T09:36:43","slug":"golfclub-pfaffing","status":"publish","type":"page","link":"https:\/\/fairway2hotel.at\/en\/golfclubs\/deutschland\/golfclub-pfaffing\/","title":{"rendered":"GC Pfaffing-Wasserburger Land"},"content":{"rendered":"<h2>Golfen in der Natur<\/h2>\n<p>Die gro\u00dfz\u00fcgig angelegten 18 Spielbahnen ziehen sich auf leicht h\u00fcgeligem Gel\u00e4nde durch teils offenes und teils bewaldetes Gel\u00e4nde. In Pfaffing war die Natur mehr als hilfreich. Die Spielbahnverl\u00e4ufe waren in den meisten F\u00e4llen nat\u00fcrlich vorgegeben.<\/p>\n<p>Auf diesem Kurs ist der faszinierende Ausblick auf das Alpenpanorama st\u00e4ndiger Begleiter. Die gro\u00dfz\u00fcgig angelegten 18 Spielbahnen ziehen sich auf h\u00fcgeligem Gel\u00e4nde durch teils offenes und teils bewaldetes Gel\u00e4nde. An drei strategisch wichtigen Stellen greifen angelegte Teiche und Hardroughs in das Spiel ein. Bei den 67 teils nach schottischem Vorbild angelegten Pottbunkern und den bis zu 1.200 qm gro\u00dfen Gr\u00fcns kommt Golffreude auf.<\/p>\n<h2>Golfing in nature<\/h2>\n<p>The generously laid out 18 holes run through partly open and partly wooded terrain on slightly hilly terrain. In Pfaffing, nature was more than helpful. In most cases, the course layouts were naturally predetermined.<\/p>\n<p>The fascinating view of the Alpine panorama is a constant companion on this course. The generously laid out 18 fairways run over hilly terrain through partly open and partly wooded areas. At three strategically important points, ponds and hardroughs intervene in the game. The 67 pot bunkers, some of which are modelled on Scottish bunkers, and the greens measuring up to 1,200 square metres are a joy to play.<\/p>\n","protected":false},"excerpt":{"rendered":"<p>Golfen in der Natur Die gro\u00dfz\u00fcgig angelegten 18 Spielbahnen ziehen sich auf leicht h\u00fcgeligem Gel\u00e4nde durch teils offenes und teils bewaldetes Gel\u00e4nde. In Pfaffing war die Natur mehr als hilfreich. Die Spielbahnverl\u00e4ufe waren in den meisten F\u00e4llen nat\u00fcrlich vorgegeben. Auf diesem Kurs ist der faszinierende Ausblick auf das Alpenpanorama st\u00e4ndiger Begleiter. Die gro\u00dfz\u00fcgig angelegten 18 [&hellip;]<\/p>\n","protected":false},"author":1,"featured_media":0,"parent":1607,"menu_order":145,"comment_status":"closed","ping_status":"closed","template":"page-partner.php","meta":{"_acf_changed":false,"footnotes":""},"class_list":["post-1093","page","type-page","status-publish","hentry"],"acf":{"partner_infobox":"<strong>Adresse:<\/strong>Kockm\u00fchle 132, D-83539 Pfaffing\r\n\r\n<strong>Tel:\u00a0<\/strong>08076 88 91 87 0\r\n\r\n<strong>Fax:\u00a0<\/strong>08076 88 91 87 91\r\n\r\n<strong>Web: <\/strong><a href=\"http:\/\/www.gcpwl.de\" target=\"_blank\" rel=\"nofollow noopener\">www.gcpwl.de<\/a>\r\n\r\n<strong>E-Mail:<\/strong> <a href=\"mailto:club@gcpwl.de\">club@gcpwl.de<\/a>\r\n\r\n<strong>Spielbahnen\/Par: <\/strong>18+ 9\/73\r\n\r\n<strong>La\u0308nge: <\/strong>gelb: 6.030 m \/ rot: 5.252 m\r\n\r\n<strong>Anfahrt:\r\n<\/strong>Von A8: Ausf. Rosenheim - B15 - Landsh. - 20 km - links - Rott. Von A99 \/ A 94: auf A94 - Passau - Ebersberg - B304 - Wasserb. - Pfaffing. Von M\u00fcnchen - Trudering - B 304 - Wasserb. - Ebersb. od. Grafind - Pfaffing - Golfpl. Pr\u00e4s. Ludwig D\u00fcrrbeck","partner_logo":1092,"partner_gallery":[1091,47361,47363],"partner_lat":48.045812,"partner_long":12.106977,"partner_type":"golfclub","partner_openings":["1","2","3","4","5","6","7"],"montag_von_bis":"00:00 - 24:00","dienstag_von_bis":"00:00 - 24:00","mittwoch_von_bis":"00:00 - 24:00","donnerstag_von_bis":"00:00 - 24:00","freitag_von_bis":"00:00 - 24:00","samstag_von_bis":"00:00 - 24:00","sonntag_von_bis":"00:00 - 24:00","partner_adresse":"Kockm\u00fchle 132, D-83539 Pfaffing","partner_land_bundesland":"","partner_tel_1":"","partner_tel_2":"0049 8076  88 91 87 0","partner_web":"http:\/\/www.gcpwl.de","partner_mail":"club@gcpwl.de","partner_spielbahnen_par":"18\/73","partner_laenge":"","partner_bedingungen":"","partner_anfahrt":"","partner_misc":null,"additional_css_classes":""},"yoast_head":"<!-- This site is optimized with the Yoast SEO plugin v26.8 - https:\/\/yoast.com\/product\/yoast-seo-wordpress\/ -->\n<title>GC Pfaffing-Wasserburger Land - Fairway 2 Hotel<\/title>\n<meta name=\"robots\" content=\"index, follow, max-snippet:-1, max-image-preview:large, max-video-preview:-1\" \/>\n<link rel=\"canonical\" href=\"https:\/\/fairway2hotel.at\/en\/golfclubs\/deutschland\/golfclub-pfaffing\/\" \/>\n<meta property=\"og:locale\" content=\"en_US\" \/>\n<meta property=\"og:type\" content=\"article\" \/>\n<meta property=\"og:title\" content=\"GC Pfaffing-Wasserburger Land - Fairway 2 Hotel\" \/>\n<meta property=\"og:description\" content=\"Golfen in der Natur Die gro\u00dfz\u00fcgig angelegten 18 Spielbahnen ziehen sich auf leicht h\u00fcgeligem Gel\u00e4nde durch teils offenes und teils bewaldetes Gel\u00e4nde. In Pfaffing war die Natur mehr als hilfreich. Die Spielbahnverl\u00e4ufe waren in den meisten F\u00e4llen nat\u00fcrlich vorgegeben. Auf diesem Kurs ist der faszinierende Ausblick auf das Alpenpanorama st\u00e4ndiger Begleiter. Die gro\u00dfz\u00fcgig angelegten 18 [&hellip;]\" \/>\n<meta property=\"og:url\" content=\"https:\/\/fairway2hotel.at\/en\/golfclubs\/deutschland\/golfclub-pfaffing\/\" \/>\n<meta property=\"og:site_name\" content=\"Fairway 2 Hotel\" \/>\n<meta property=\"article:modified_time\" content=\"2025-03-31T09:36:43+00:00\" \/>\n<meta name=\"twitter:card\" content=\"summary_large_image\" \/>\n<meta name=\"twitter:label1\" content=\"Est. reading time\" \/>\n\t<meta name=\"twitter:data1\" content=\"2 minutes\" \/>\n<script type=\"application\/ld+json\" class=\"yoast-schema-graph\">{\"@context\":\"https:\/\/schema.org\",\"@graph\":[{\"@type\":\"WebPage\",\"@id\":\"https:\/\/fairway2hotel.at\/en\/golfclubs\/deutschland\/golfclub-pfaffing\/\",\"url\":\"https:\/\/fairway2hotel.at\/en\/golfclubs\/deutschland\/golfclub-pfaffing\/\",\"name\":\"GC Pfaffing-Wasserburger Land - Fairway 2 Hotel\",\"isPartOf\":{\"@id\":\"https:\/\/fairway2hotel.at\/en\/#website\"},\"datePublished\":\"2014-10-23T11:22:39+00:00\",\"dateModified\":\"2025-03-31T09:36:43+00:00\",\"breadcrumb\":{\"@id\":\"https:\/\/fairway2hotel.at\/en\/golfclubs\/deutschland\/golfclub-pfaffing\/#breadcrumb\"},\"inLanguage\":\"en-US\",\"potentialAction\":[{\"@type\":\"ReadAction\",\"target\":[\"https:\/\/fairway2hotel.at\/en\/golfclubs\/deutschland\/golfclub-pfaffing\/\"]}]},{\"@type\":\"BreadcrumbList\",\"@id\":\"https:\/\/fairway2hotel.at\/en\/golfclubs\/deutschland\/golfclub-pfaffing\/#breadcrumb\",\"itemListElement\":[{\"@type\":\"ListItem\",\"position\":1,\"name\":\"Home\",\"item\":\"https:\/\/fairway2hotel.at\/en\/\"},{\"@type\":\"ListItem\",\"position\":2,\"name\":\"Golfclubs\",\"item\":\"https:\/\/fairway2hotel.at\/en\/golfclubs\/\"},{\"@type\":\"ListItem\",\"position\":3,\"name\":\"Golfclubs Deutschland\",\"item\":\"https:\/\/fairway2hotel.at\/en\/golfclubs\/deutschland\/\"},{\"@type\":\"ListItem\",\"position\":4,\"name\":\"GC Pfaffing-Wasserburger Land\"}]},{\"@type\":\"WebSite\",\"@id\":\"https:\/\/fairway2hotel.at\/en\/#website\",\"url\":\"https:\/\/fairway2hotel.at\/en\/\",\"name\":\"Fairway 2 Hotel\",\"description\":\"Golf at half price! 2 play - 1 pays\",\"potentialAction\":[{\"@type\":\"SearchAction\",\"target\":{\"@type\":\"EntryPoint\",\"urlTemplate\":\"https:\/\/fairway2hotel.at\/en\/?s={search_term_string}\"},\"query-input\":{\"@type\":\"PropertyValueSpecification\",\"valueRequired\":true,\"valueName\":\"search_term_string\"}}],\"inLanguage\":\"en-US\"}]}<\/script>\n<!-- \/ Yoast SEO plugin. -->","yoast_head_json":{"title":"GC Pfaffing-Wasserburger Land - Fairway 2 Hotel","robots":{"index":"index","follow":"follow","max-snippet":"max-snippet:-1","max-image-preview":"max-image-preview:large","max-video-preview":"max-video-preview:-1"},"canonical":"https:\/\/fairway2hotel.at\/en\/golfclubs\/deutschland\/golfclub-pfaffing\/","og_locale":"en_US","og_type":"article","og_title":"GC Pfaffing-Wasserburger Land - Fairway 2 Hotel","og_description":"Golfen in der Natur Die gro\u00dfz\u00fcgig angelegten 18 Spielbahnen ziehen sich auf leicht h\u00fcgeligem Gel\u00e4nde durch teils offenes und teils bewaldetes Gel\u00e4nde. In Pfaffing war die Natur mehr als hilfreich. Die Spielbahnverl\u00e4ufe waren in den meisten F\u00e4llen nat\u00fcrlich vorgegeben. Auf diesem Kurs ist der faszinierende Ausblick auf das Alpenpanorama st\u00e4ndiger Begleiter. Die gro\u00dfz\u00fcgig angelegten 18 [&hellip;]","og_url":"https:\/\/fairway2hotel.at\/en\/golfclubs\/deutschland\/golfclub-pfaffing\/","og_site_name":"Fairway 2 Hotel","article_modified_time":"2025-03-31T09:36:43+00:00","twitter_card":"summary_large_image","twitter_misc":{"Est. reading time":"2 minutes"},"schema":{"@context":"https:\/\/schema.org","@graph":[{"@type":"WebPage","@id":"https:\/\/fairway2hotel.at\/en\/golfclubs\/deutschland\/golfclub-pfaffing\/","url":"https:\/\/fairway2hotel.at\/en\/golfclubs\/deutschland\/golfclub-pfaffing\/","name":"GC Pfaffing-Wasserburger Land - Fairway 2 Hotel","isPartOf":{"@id":"https:\/\/fairway2hotel.at\/en\/#website"},"datePublished":"2014-10-23T11:22:39+00:00","dateModified":"2025-03-31T09:36:43+00:00","breadcrumb":{"@id":"https:\/\/fairway2hotel.at\/en\/golfclubs\/deutschland\/golfclub-pfaffing\/#breadcrumb"},"inLanguage":"en-US","potentialAction":[{"@type":"ReadAction","target":["https:\/\/fairway2hotel.at\/en\/golfclubs\/deutschland\/golfclub-pfaffing\/"]}]},{"@type":"BreadcrumbList","@id":"https:\/\/fairway2hotel.at\/en\/golfclubs\/deutschland\/golfclub-pfaffing\/#breadcrumb","itemListElement":[{"@type":"ListItem","position":1,"name":"Home","item":"https:\/\/fairway2hotel.at\/en\/"},{"@type":"ListItem","position":2,"name":"Golfclubs","item":"https:\/\/fairway2hotel.at\/en\/golfclubs\/"},{"@type":"ListItem","position":3,"name":"Golfclubs Deutschland","item":"https:\/\/fairway2hotel.at\/en\/golfclubs\/deutschland\/"},{"@type":"ListItem","position":4,"name":"GC Pfaffing-Wasserburger Land"}]},{"@type":"WebSite","@id":"https:\/\/fairway2hotel.at\/en\/#website","url":"https:\/\/fairway2hotel.at\/en\/","name":"Fairway 2 Hotel","description":"Golf at half price! 2 play - 1 pays","potentialAction":[{"@type":"SearchAction","target":{"@type":"EntryPoint","urlTemplate":"https:\/\/fairway2hotel.at\/en\/?s={search_term_string}"},"query-input":{"@type":"PropertyValueSpecification","valueRequired":true,"valueName":"search_term_string"}}],"inLanguage":"en-US"}]}},"_links":{"self":[{"href":"https:\/\/fairway2hotel.at\/en\/wp-json\/wp\/v2\/pages\/1093","targetHints":{"allow":["GET"]}}],"collection":[{"href":"https:\/\/fairway2hotel.at\/en\/wp-json\/wp\/v2\/pages"}],"about":[{"href":"https:\/\/fairway2hotel.at\/en\/wp-json\/wp\/v2\/types\/page"}],"author":[{"embeddable":true,"href":"https:\/\/fairway2hotel.at\/en\/wp-json\/wp\/v2\/users\/1"}],"replies":[{"embeddable":true,"href":"https:\/\/fairway2hotel.at\/en\/wp-json\/wp\/v2\/comments?post=1093"}],"version-history":[{"count":11,"href":"https:\/\/fairway2hotel.at\/en\/wp-json\/wp\/v2\/pages\/1093\/revisions"}],"predecessor-version":[{"id":47365,"href":"https:\/\/fairway2hotel.at\/en\/wp-json\/wp\/v2\/pages\/1093\/revisions\/47365"}],"up":[{"embeddable":true,"href":"https:\/\/fairway2hotel.at\/en\/wp-json\/wp\/v2\/pages\/1607"}],"acf:attachment":[{"embeddable":true,"href":"https:\/\/fairway2hotel.at\/en\/wp-json\/wp\/v2\/media\/47363"},{"embeddable":true,"href":"https:\/\/fairway2hotel.at\/en\/wp-json\/wp\/v2\/media\/47361"},{"embeddable":true,"href":"https:\/\/fairway2hotel.at\/en\/wp-json\/wp\/v2\/media\/1091"}],"wp:attachment":[{"href":"https:\/\/fairway2hotel.at\/en\/wp-json\/wp\/v2\/media?parent=1093"}],"curies":[{"name":"wp","href":"https:\/\/api.w.org\/{rel}","templated":true}]}}