{"id":110,"date":"2009-07-06T21:36:00","date_gmt":"2009-07-06T19:36:00","guid":{"rendered":"https:\/\/f2h.app\/gc-schloss-ernegg\/"},"modified":"2025-03-23T13:19:28","modified_gmt":"2025-03-23T12:19:28","slug":"gc-schloss-ernegg","status":"publish","type":"page","link":"https:\/\/fairway2hotel.at\/en\/golfclubs\/niederoesterreich\/gc-schloss-ernegg\/","title":{"rendered":"GC Schloss Ernegg"},"content":{"rendered":"<h2>Landschaftliche Sch\u00f6nheit in herrschaftlicher Umgebung: Im GC Schloss Ernegg finden Alpenvorland und Golf zueinander<\/h2>\n<p>Nur eine Auto(bahn)stunde westlich von Wien, inmitten der wundersch\u00f6nen Hu\u0308gellandschaft des Alpenvorlandes, liegt die 18-Loch-Golfanlage des GC Schloss Ernegg, harmonisch in die Auenlandschaft der kleinen Erlauf eingebettet. Der Golfplatz spiegelt die Verbindung zwischen typisch britischem Flair und dem charmanten Charakter des Mostviertels wieder. Einer der sch\u00f6nsten Naturpl\u00e4tze \u00d6sterreichs mit idealen Bedingungen fu\u0308r GolferInnen jeder Spielst\u00e4rke. Mit dem nun auf Par 72 umgebauten Platz kommen die zahlreichen Wasserhindernisse sowie gut platzierte Bunker und Gru\u0308ns ins Spiel. Das ebene Gel\u00e4nde erlaubt Kr\u00e4fte zu schonen und sich ganz auf das Spiel zu konzentrieren.<\/p>\n<p>Das Clubhaus, Restaurant und Sonnenterasse bieten einen herrlichen Blick auf den Golfplatz. So kann man die kulinarischen Spezialit\u00e4ten des Alpenvorlandes und ein gut sortiertes Weinsortiment am Ende einer Golfrunde genie\u00dfen.<\/p>\n<p>Starten Sie in der angenehmen Atmosph\u00e4re und in der ruhigen Idylle des Schlosshotel Ernegg Ihre Golfkarriere, machen Sie \u201eKurzurlaub vom Alltag\u201c und entspannen Sie Schlag f\u00fcr Schlag. GolfeinsteigerInnen jeden Alters sind herzlich willkommen!<\/p>\n<h2>Scenic beauty in stately surroundings: Alpine foothills and golf come together at GC Schloss Ernegg<\/h2>\n<p>The 18-hole golf course at GC Schloss Ernegg is located just an hour&#8217;s drive or train journey west of Vienna, in the middle of the beautiful hilly landscape of the Alpine foothills, harmoniously embedded in the meadow landscape of the small Erlauf river. The golf course reflects the combination of typical British flair and the charming character of the Mostviertel region. One of the most beautiful natural courses in Austria with ideal conditions for golfers of all abilities. With the course now converted to a par 72, the numerous water hazards and well-placed bunkers and greens come into play. The flat terrain allows you to conserve your energy and concentrate fully on the game.<\/p>\n<p>The clubhouse, restaurant and sun terrace offer a marvellous view of the golf course. You can enjoy the culinary specialities of the Alpine foothills and a well-stocked range of wines at the end of a round of golf.<\/p>\n<p>Start your golf career in the pleasant atmosphere and peaceful idyll of the Schlosshotel Ernegg, take a \u2018short holiday from everyday life\u2019 and relax stroke by stroke. Golf beginners of all ages are very welcome!<\/p>\n","protected":false},"excerpt":{"rendered":"<p>Landschaftliche Sch\u00f6nheit in herrschaftlicher Umgebung: Im GC Schloss Ernegg finden Alpenvorland und Golf zueinander Nur eine Auto(bahn)stunde westlich von Wien, inmitten der wundersch\u00f6nen Hu\u0308gellandschaft des Alpenvorlandes, liegt die 18-Loch-Golfanlage des GC Schloss Ernegg, harmonisch in die Auenlandschaft der kleinen Erlauf eingebettet. Der Golfplatz spiegelt die Verbindung zwischen typisch britischem Flair und dem charmanten Charakter des [&hellip;]<\/p>\n","protected":false},"author":1,"featured_media":0,"parent":1448,"menu_order":5,"comment_status":"closed","ping_status":"closed","template":"page-partner.php","meta":{"_acf_changed":false,"footnotes":""},"class_list":["post-110","page","type-page","status-publish","hentry"],"acf":{"partner_infobox":"<strong>Adresse:\u00a0<\/strong>Ernegg 4, 3261 Steinakirchen\/Forst\r\n\r\n<strong>Tel:\u00a0<\/strong>+43 7488\/76 770\r\n\r\n<strong>Fax:\u00a0<\/strong>+43 7488\/71 171\r\n\r\n<strong>Web: <\/strong><a href=\"http:\/\/www.gcschlossernegg.at\" target=\"_blank\" rel=\"nofollow noopener\">www.gcschlossernegg.at<\/a>\r\n\r\n<strong>E-Mail:<\/strong> <a href=\"mailto:office@gcschlossernegg.at\">office@gcschlossernegg.at<\/a>\r\n\r\n<strong>Spielbahnen\/Par: <\/strong>18\/72\r\n\r\n<strong>La\u0308nge: <\/strong>Damen 5089m \/ 72,1\/120Herren 5892m \/ 71,0\/123\r\n\r\n<strong>Anfahrt: <\/strong>Von Wien und Linz: Abfahrt Amstetten Ost \u2192 links abbiegen, 1. Kreisverkehr Richtung Steinakirchen \u2192 2 Kreisverkehr Richtung Wieselburg \u2192 nach 200m, 1. Stra\u00dfe rechts zum UGC Schloss","partner_logo":109,"partner_gallery":[108,46725,46727,46729,46731],"partner_lat":48.06676,"partner_long":15.06764,"partner_type":"golfclub","partner_openings":["1","2","3","4","5","6","7"],"montag_von_bis":"00:00 - 24:00","dienstag_von_bis":"00:00 - 24:00","mittwoch_von_bis":"00:00 - 24:00","donnerstag_von_bis":"00:00 - 24:00","freitag_von_bis":"00:00 - 24:00","samstag_von_bis":"00:00 - 24:00","sonntag_von_bis":"00:00 - 24:00","partner_adresse":"Ernegg 4, 3261 Steinakirchen\/Forst","partner_land_bundesland":"Nieder\u00f6sterreich","partner_tel_1":"0043 7488 71 171","partner_tel_2":"0043 7488 76 770","partner_web":"http:\/\/www.gcschlossernegg.at","partner_mail":"office@gcschlossernegg.at","partner_spielbahnen_par":"18\/72","partner_laenge":"Damen 5089m \/ 72,1\/120Herren 5892m \/ 71,0\/123","partner_bedingungen":"","partner_anfahrt":"Von Wien und Linz: Abfahrt Amstetten Ost \u2192 links abbiegen, 1. Kreisverkehr Richtung Steinakirchen \u2192 2 Kreisverkehr Richtung Wieselburg \u2192 nach 200m, 1. Stra\u00dfe rechts zum UGC Schloss","partner_misc":null,"additional_css_classes":""},"yoast_head":"<!-- This site is optimized with the Yoast SEO plugin v26.8 - https:\/\/yoast.com\/product\/yoast-seo-wordpress\/ -->\n<title>GC Schloss Ernegg - Fairway 2 Hotel<\/title>\n<meta name=\"robots\" content=\"index, follow, max-snippet:-1, max-image-preview:large, max-video-preview:-1\" \/>\n<link rel=\"canonical\" href=\"https:\/\/fairway2hotel.at\/en\/golfclubs\/niederoesterreich\/gc-schloss-ernegg\/\" \/>\n<meta property=\"og:locale\" content=\"en_US\" \/>\n<meta property=\"og:type\" content=\"article\" \/>\n<meta property=\"og:title\" content=\"GC Schloss Ernegg - Fairway 2 Hotel\" \/>\n<meta property=\"og:description\" content=\"Landschaftliche Sch\u00f6nheit in herrschaftlicher Umgebung: Im GC Schloss Ernegg finden Alpenvorland und Golf zueinander Nur eine Auto(bahn)stunde westlich von Wien, inmitten der wundersch\u00f6nen Hu\u0308gellandschaft des Alpenvorlandes, liegt die 18-Loch-Golfanlage des GC Schloss Ernegg, harmonisch in die Auenlandschaft der kleinen Erlauf eingebettet. Der Golfplatz spiegelt die Verbindung zwischen typisch britischem Flair und dem charmanten Charakter des [&hellip;]\" \/>\n<meta property=\"og:url\" content=\"https:\/\/fairway2hotel.at\/en\/golfclubs\/niederoesterreich\/gc-schloss-ernegg\/\" \/>\n<meta property=\"og:site_name\" content=\"Fairway 2 Hotel\" \/>\n<meta property=\"article:modified_time\" content=\"2025-03-23T12:19:28+00:00\" \/>\n<meta name=\"twitter:card\" content=\"summary_large_image\" \/>\n<meta name=\"twitter:label1\" content=\"Est. reading time\" \/>\n\t<meta name=\"twitter:data1\" content=\"3 minutes\" \/>\n<script type=\"application\/ld+json\" class=\"yoast-schema-graph\">{\"@context\":\"https:\/\/schema.org\",\"@graph\":[{\"@type\":\"WebPage\",\"@id\":\"https:\/\/fairway2hotel.at\/en\/golfclubs\/niederoesterreich\/gc-schloss-ernegg\/\",\"url\":\"https:\/\/fairway2hotel.at\/en\/golfclubs\/niederoesterreich\/gc-schloss-ernegg\/\",\"name\":\"GC Schloss Ernegg - Fairway 2 Hotel\",\"isPartOf\":{\"@id\":\"https:\/\/fairway2hotel.at\/en\/#website\"},\"datePublished\":\"2009-07-06T19:36:00+00:00\",\"dateModified\":\"2025-03-23T12:19:28+00:00\",\"breadcrumb\":{\"@id\":\"https:\/\/fairway2hotel.at\/en\/golfclubs\/niederoesterreich\/gc-schloss-ernegg\/#breadcrumb\"},\"inLanguage\":\"en-US\",\"potentialAction\":[{\"@type\":\"ReadAction\",\"target\":[\"https:\/\/fairway2hotel.at\/en\/golfclubs\/niederoesterreich\/gc-schloss-ernegg\/\"]}]},{\"@type\":\"BreadcrumbList\",\"@id\":\"https:\/\/fairway2hotel.at\/en\/golfclubs\/niederoesterreich\/gc-schloss-ernegg\/#breadcrumb\",\"itemListElement\":[{\"@type\":\"ListItem\",\"position\":1,\"name\":\"Home\",\"item\":\"https:\/\/fairway2hotel.at\/en\/\"},{\"@type\":\"ListItem\",\"position\":2,\"name\":\"Golfclubs\",\"item\":\"https:\/\/fairway2hotel.at\/en\/golfclubs\/\"},{\"@type\":\"ListItem\",\"position\":3,\"name\":\"Golfclubs Nieder\u00f6sterreich\",\"item\":\"https:\/\/fairway2hotel.at\/en\/golfclubs\/niederoesterreich\/\"},{\"@type\":\"ListItem\",\"position\":4,\"name\":\"GC Schloss Ernegg\"}]},{\"@type\":\"WebSite\",\"@id\":\"https:\/\/fairway2hotel.at\/en\/#website\",\"url\":\"https:\/\/fairway2hotel.at\/en\/\",\"name\":\"Fairway 2 Hotel\",\"description\":\"Golf at half price! 2 play - 1 pays\",\"potentialAction\":[{\"@type\":\"SearchAction\",\"target\":{\"@type\":\"EntryPoint\",\"urlTemplate\":\"https:\/\/fairway2hotel.at\/en\/?s={search_term_string}\"},\"query-input\":{\"@type\":\"PropertyValueSpecification\",\"valueRequired\":true,\"valueName\":\"search_term_string\"}}],\"inLanguage\":\"en-US\"}]}<\/script>\n<!-- \/ Yoast SEO plugin. -->","yoast_head_json":{"title":"GC Schloss Ernegg - Fairway 2 Hotel","robots":{"index":"index","follow":"follow","max-snippet":"max-snippet:-1","max-image-preview":"max-image-preview:large","max-video-preview":"max-video-preview:-1"},"canonical":"https:\/\/fairway2hotel.at\/en\/golfclubs\/niederoesterreich\/gc-schloss-ernegg\/","og_locale":"en_US","og_type":"article","og_title":"GC Schloss Ernegg - Fairway 2 Hotel","og_description":"Landschaftliche Sch\u00f6nheit in herrschaftlicher Umgebung: Im GC Schloss Ernegg finden Alpenvorland und Golf zueinander Nur eine Auto(bahn)stunde westlich von Wien, inmitten der wundersch\u00f6nen Hu\u0308gellandschaft des Alpenvorlandes, liegt die 18-Loch-Golfanlage des GC Schloss Ernegg, harmonisch in die Auenlandschaft der kleinen Erlauf eingebettet. Der Golfplatz spiegelt die Verbindung zwischen typisch britischem Flair und dem charmanten Charakter des [&hellip;]","og_url":"https:\/\/fairway2hotel.at\/en\/golfclubs\/niederoesterreich\/gc-schloss-ernegg\/","og_site_name":"Fairway 2 Hotel","article_modified_time":"2025-03-23T12:19:28+00:00","twitter_card":"summary_large_image","twitter_misc":{"Est. reading time":"3 minutes"},"schema":{"@context":"https:\/\/schema.org","@graph":[{"@type":"WebPage","@id":"https:\/\/fairway2hotel.at\/en\/golfclubs\/niederoesterreich\/gc-schloss-ernegg\/","url":"https:\/\/fairway2hotel.at\/en\/golfclubs\/niederoesterreich\/gc-schloss-ernegg\/","name":"GC Schloss Ernegg - Fairway 2 Hotel","isPartOf":{"@id":"https:\/\/fairway2hotel.at\/en\/#website"},"datePublished":"2009-07-06T19:36:00+00:00","dateModified":"2025-03-23T12:19:28+00:00","breadcrumb":{"@id":"https:\/\/fairway2hotel.at\/en\/golfclubs\/niederoesterreich\/gc-schloss-ernegg\/#breadcrumb"},"inLanguage":"en-US","potentialAction":[{"@type":"ReadAction","target":["https:\/\/fairway2hotel.at\/en\/golfclubs\/niederoesterreich\/gc-schloss-ernegg\/"]}]},{"@type":"BreadcrumbList","@id":"https:\/\/fairway2hotel.at\/en\/golfclubs\/niederoesterreich\/gc-schloss-ernegg\/#breadcrumb","itemListElement":[{"@type":"ListItem","position":1,"name":"Home","item":"https:\/\/fairway2hotel.at\/en\/"},{"@type":"ListItem","position":2,"name":"Golfclubs","item":"https:\/\/fairway2hotel.at\/en\/golfclubs\/"},{"@type":"ListItem","position":3,"name":"Golfclubs Nieder\u00f6sterreich","item":"https:\/\/fairway2hotel.at\/en\/golfclubs\/niederoesterreich\/"},{"@type":"ListItem","position":4,"name":"GC Schloss Ernegg"}]},{"@type":"WebSite","@id":"https:\/\/fairway2hotel.at\/en\/#website","url":"https:\/\/fairway2hotel.at\/en\/","name":"Fairway 2 Hotel","description":"Golf at half price! 2 play - 1 pays","potentialAction":[{"@type":"SearchAction","target":{"@type":"EntryPoint","urlTemplate":"https:\/\/fairway2hotel.at\/en\/?s={search_term_string}"},"query-input":{"@type":"PropertyValueSpecification","valueRequired":true,"valueName":"search_term_string"}}],"inLanguage":"en-US"}]}},"_links":{"self":[{"href":"https:\/\/fairway2hotel.at\/en\/wp-json\/wp\/v2\/pages\/110","targetHints":{"allow":["GET"]}}],"collection":[{"href":"https:\/\/fairway2hotel.at\/en\/wp-json\/wp\/v2\/pages"}],"about":[{"href":"https:\/\/fairway2hotel.at\/en\/wp-json\/wp\/v2\/types\/page"}],"author":[{"embeddable":true,"href":"https:\/\/fairway2hotel.at\/en\/wp-json\/wp\/v2\/users\/1"}],"replies":[{"embeddable":true,"href":"https:\/\/fairway2hotel.at\/en\/wp-json\/wp\/v2\/comments?post=110"}],"version-history":[{"count":8,"href":"https:\/\/fairway2hotel.at\/en\/wp-json\/wp\/v2\/pages\/110\/revisions"}],"predecessor-version":[{"id":46733,"href":"https:\/\/fairway2hotel.at\/en\/wp-json\/wp\/v2\/pages\/110\/revisions\/46733"}],"up":[{"embeddable":true,"href":"https:\/\/fairway2hotel.at\/en\/wp-json\/wp\/v2\/pages\/1448"}],"acf:attachment":[{"embeddable":true,"href":"https:\/\/fairway2hotel.at\/en\/wp-json\/wp\/v2\/media\/46731"},{"embeddable":true,"href":"https:\/\/fairway2hotel.at\/en\/wp-json\/wp\/v2\/media\/46729"},{"embeddable":true,"href":"https:\/\/fairway2hotel.at\/en\/wp-json\/wp\/v2\/media\/46727"},{"embeddable":true,"href":"https:\/\/fairway2hotel.at\/en\/wp-json\/wp\/v2\/media\/46725"},{"embeddable":true,"href":"https:\/\/fairway2hotel.at\/en\/wp-json\/wp\/v2\/media\/108"}],"wp:attachment":[{"href":"https:\/\/fairway2hotel.at\/en\/wp-json\/wp\/v2\/media?parent=110"}],"curies":[{"name":"wp","href":"https:\/\/api.w.org\/{rel}","templated":true}]}}