{"id":1112,"date":"2014-10-23T14:04:57","date_gmt":"2014-10-23T12:04:57","guid":{"rendered":"https:\/\/f2h.app\/golfclub-asiago\/"},"modified":"2025-03-31T14:58:35","modified_gmt":"2025-03-31T12:58:35","slug":"golfclub-asiago","status":"publish","type":"page","link":"https:\/\/fairway2hotel.at\/en\/golfclubs\/italien\/golfclub-asiago\/","title":{"rendered":"GC Asiago"},"content":{"rendered":"<h2>Golfen in den Bergen<\/h2>\n<p>Der Golf Club Asiago bietet seinen Mitgliedern und G\u00e4sten die M\u00f6glichkeit, das Golfen rundum zu genie\u00dfen. Zum Club geh\u00f6ren eine wundervolle Golfanlage zum Spielen, Einrichtungen und Ausstattungen f\u00fcr das \u00dcben und Trainieren auf h\u00f6chstem Niveau, ein behagliches, komfortables Clubhaus, ein Restaurant mit ausgezeichneter K\u00fcche sowie ein Hotel und ein Wellness-Center, in dem man Ruhe finden und seinem K\u00f6rper eine Auszeit g\u00f6nnen kann. Eine gro\u00dfartige Golfanlage in malerischer Umgebung, eine Oase der Ruhe, ein anspruchsvoller Parcour und ein Service, der h\u00f6chsten Standards entspricht, f\u00fcr ein unvergleichliches Golferlebnis.<\/p>\n<p>Es ist kein Zufall, dass der GC Asiago als einer der sch\u00f6nsten Golfpl\u00e4tze in den Bergen Europas gilt.<\/p>\n<h2>Golfing in the mountains<\/h2>\n<p>The Golf Club Asiago offers its members and guests the opportunity to enjoy golf to the full. The club has a wonderful golf course to play on, facilities and equipment for practising and training at the highest level, a cosy, comfortable clubhouse, a restaurant with excellent cuisine and a hotel and wellness centre where you can find peace and quiet and give your body a break. A magnificent golf course in picturesque surroundings, an oasis of peace, a challenging course and a service that meets the highest standards for an unrivalled golfing experience.<\/p>\n<p>It is no coincidence that the GC Asiago is considered one of the most beautiful golf courses in the mountains of Europe.<\/p>\n","protected":false},"excerpt":{"rendered":"<p>Golfen in den Bergen Der Golf Club Asiago bietet seinen Mitgliedern und G\u00e4sten die M\u00f6glichkeit, das Golfen rundum zu genie\u00dfen. Zum Club geh\u00f6ren eine wundervolle Golfanlage zum Spielen, Einrichtungen und Ausstattungen f\u00fcr das \u00dcben und Trainieren auf h\u00f6chstem Niveau, ein behagliches, komfortables Clubhaus, ein Restaurant mit ausgezeichneter K\u00fcche sowie ein Hotel und ein Wellness-Center, in [&hellip;]<\/p>\n","protected":false},"author":1,"featured_media":0,"parent":1657,"menu_order":20,"comment_status":"closed","ping_status":"closed","template":"page-partner.php","meta":{"_acf_changed":false,"footnotes":""},"class_list":["post-1112","page","type-page","status-publish","hentry"],"acf":{"partner_infobox":"<strong>Adresse:\u00a0<\/strong>Via Meltar 2, I-36012 Asiago\r\n\r\n<strong>Tel:\u00a0<\/strong>+39 0424-462721\r\n\r\n<strong>Fax:\u00a0<\/strong>+39 0424-465133\r\n\r\n<strong>Web: <\/strong><a href=\"http:\/\/www.golfasiago.it\" target=\"_blank\" rel=\"nofollow noopener\">www.golfasiago.it<\/a>\r\n\r\n<strong>E-Mail:<\/strong> <a href=\"mailto:info@golfasiago.it\">info@golfasiago.it<\/a>\r\n\r\n<strong>Spielbahnen\/Par: <\/strong>18\/70\r\n\r\n<strong>La\u0308nge: <\/strong>gelb: 6.005m, rot: 5.302m\r\n\r\n<strong>Anfahrt:\r\n<\/strong>A4 Ausfahrt Vicenza Est, weiter auf der A31 Valdastico bis zur Ausfahrt Piovene Rocchette, dann weiter auf der SS 349.","partner_logo":1111,"partner_gallery":[1110,47429,47431,47433],"partner_lat":45.856368,"partner_long":11.535235,"partner_type":"golfclub","partner_openings":["1","2","3","4","5","6","7"],"montag_von_bis":"00:00 - 24:00","dienstag_von_bis":"00:00 - 24:00","mittwoch_von_bis":"00:00 - 24:00","donnerstag_von_bis":"00:00 - 24:00","freitag_von_bis":"00:00 - 24:00","samstag_von_bis":"00:00 - 24:00","sonntag_von_bis":"00:00 - 24:00","partner_adresse":"Via Meltar 2, 36012 Asiago","partner_land_bundesland":"Italien","partner_tel_1":"0039 0424-465133","partner_tel_2":"0039 0424 462721","partner_web":"http:\/\/www.golfasiago.it","partner_mail":"info@golfasiago.it","partner_spielbahnen_par":"18\/70","partner_laenge":"gelb: 6.005m, rot: 5.302m","partner_bedingungen":"","partner_anfahrt":"A4 Ausfahrt Vicenza Est, weiter auf der A31 Valdastico bis zur Ausfahrt Piovene Rocchette, dann weiter auf der SS 349.","partner_misc":null,"additional_css_classes":""},"yoast_head":"<!-- This site is optimized with the Yoast SEO plugin v26.8 - https:\/\/yoast.com\/product\/yoast-seo-wordpress\/ -->\n<title>GC Asiago - Fairway 2 Hotel<\/title>\n<meta name=\"robots\" content=\"index, follow, max-snippet:-1, max-image-preview:large, max-video-preview:-1\" \/>\n<link rel=\"canonical\" href=\"https:\/\/fairway2hotel.at\/en\/golfclubs\/italien\/golfclub-asiago\/\" \/>\n<meta property=\"og:locale\" content=\"en_US\" \/>\n<meta property=\"og:type\" content=\"article\" \/>\n<meta property=\"og:title\" content=\"GC Asiago - Fairway 2 Hotel\" \/>\n<meta property=\"og:description\" content=\"Golfen in den Bergen Der Golf Club Asiago bietet seinen Mitgliedern und G\u00e4sten die M\u00f6glichkeit, das Golfen rundum zu genie\u00dfen. Zum Club geh\u00f6ren eine wundervolle Golfanlage zum Spielen, Einrichtungen und Ausstattungen f\u00fcr das \u00dcben und Trainieren auf h\u00f6chstem Niveau, ein behagliches, komfortables Clubhaus, ein Restaurant mit ausgezeichneter K\u00fcche sowie ein Hotel und ein Wellness-Center, in [&hellip;]\" \/>\n<meta property=\"og:url\" content=\"https:\/\/fairway2hotel.at\/en\/golfclubs\/italien\/golfclub-asiago\/\" \/>\n<meta property=\"og:site_name\" content=\"Fairway 2 Hotel\" \/>\n<meta property=\"article:modified_time\" content=\"2025-03-31T12:58:35+00:00\" \/>\n<meta name=\"twitter:card\" content=\"summary_large_image\" \/>\n<meta name=\"twitter:label1\" content=\"Est. reading time\" \/>\n\t<meta name=\"twitter:data1\" content=\"2 minutes\" \/>\n<script type=\"application\/ld+json\" class=\"yoast-schema-graph\">{\"@context\":\"https:\/\/schema.org\",\"@graph\":[{\"@type\":\"WebPage\",\"@id\":\"https:\/\/fairway2hotel.at\/en\/golfclubs\/italien\/golfclub-asiago\/\",\"url\":\"https:\/\/fairway2hotel.at\/en\/golfclubs\/italien\/golfclub-asiago\/\",\"name\":\"GC Asiago - Fairway 2 Hotel\",\"isPartOf\":{\"@id\":\"https:\/\/fairway2hotel.at\/en\/#website\"},\"datePublished\":\"2014-10-23T12:04:57+00:00\",\"dateModified\":\"2025-03-31T12:58:35+00:00\",\"breadcrumb\":{\"@id\":\"https:\/\/fairway2hotel.at\/en\/golfclubs\/italien\/golfclub-asiago\/#breadcrumb\"},\"inLanguage\":\"en-US\",\"potentialAction\":[{\"@type\":\"ReadAction\",\"target\":[\"https:\/\/fairway2hotel.at\/en\/golfclubs\/italien\/golfclub-asiago\/\"]}]},{\"@type\":\"BreadcrumbList\",\"@id\":\"https:\/\/fairway2hotel.at\/en\/golfclubs\/italien\/golfclub-asiago\/#breadcrumb\",\"itemListElement\":[{\"@type\":\"ListItem\",\"position\":1,\"name\":\"Home\",\"item\":\"https:\/\/fairway2hotel.at\/en\/\"},{\"@type\":\"ListItem\",\"position\":2,\"name\":\"Golfclubs\",\"item\":\"https:\/\/fairway2hotel.at\/en\/golfclubs\/\"},{\"@type\":\"ListItem\",\"position\":3,\"name\":\"Golfclubs Italien\",\"item\":\"https:\/\/fairway2hotel.at\/en\/golfclubs\/italien\/\"},{\"@type\":\"ListItem\",\"position\":4,\"name\":\"GC Asiago\"}]},{\"@type\":\"WebSite\",\"@id\":\"https:\/\/fairway2hotel.at\/en\/#website\",\"url\":\"https:\/\/fairway2hotel.at\/en\/\",\"name\":\"Fairway 2 Hotel\",\"description\":\"Golf at half price! 2 play - 1 pays\",\"potentialAction\":[{\"@type\":\"SearchAction\",\"target\":{\"@type\":\"EntryPoint\",\"urlTemplate\":\"https:\/\/fairway2hotel.at\/en\/?s={search_term_string}\"},\"query-input\":{\"@type\":\"PropertyValueSpecification\",\"valueRequired\":true,\"valueName\":\"search_term_string\"}}],\"inLanguage\":\"en-US\"}]}<\/script>\n<!-- \/ Yoast SEO plugin. -->","yoast_head_json":{"title":"GC Asiago - Fairway 2 Hotel","robots":{"index":"index","follow":"follow","max-snippet":"max-snippet:-1","max-image-preview":"max-image-preview:large","max-video-preview":"max-video-preview:-1"},"canonical":"https:\/\/fairway2hotel.at\/en\/golfclubs\/italien\/golfclub-asiago\/","og_locale":"en_US","og_type":"article","og_title":"GC Asiago - Fairway 2 Hotel","og_description":"Golfen in den Bergen Der Golf Club Asiago bietet seinen Mitgliedern und G\u00e4sten die M\u00f6glichkeit, das Golfen rundum zu genie\u00dfen. Zum Club geh\u00f6ren eine wundervolle Golfanlage zum Spielen, Einrichtungen und Ausstattungen f\u00fcr das \u00dcben und Trainieren auf h\u00f6chstem Niveau, ein behagliches, komfortables Clubhaus, ein Restaurant mit ausgezeichneter K\u00fcche sowie ein Hotel und ein Wellness-Center, in [&hellip;]","og_url":"https:\/\/fairway2hotel.at\/en\/golfclubs\/italien\/golfclub-asiago\/","og_site_name":"Fairway 2 Hotel","article_modified_time":"2025-03-31T12:58:35+00:00","twitter_card":"summary_large_image","twitter_misc":{"Est. reading time":"2 minutes"},"schema":{"@context":"https:\/\/schema.org","@graph":[{"@type":"WebPage","@id":"https:\/\/fairway2hotel.at\/en\/golfclubs\/italien\/golfclub-asiago\/","url":"https:\/\/fairway2hotel.at\/en\/golfclubs\/italien\/golfclub-asiago\/","name":"GC Asiago - Fairway 2 Hotel","isPartOf":{"@id":"https:\/\/fairway2hotel.at\/en\/#website"},"datePublished":"2014-10-23T12:04:57+00:00","dateModified":"2025-03-31T12:58:35+00:00","breadcrumb":{"@id":"https:\/\/fairway2hotel.at\/en\/golfclubs\/italien\/golfclub-asiago\/#breadcrumb"},"inLanguage":"en-US","potentialAction":[{"@type":"ReadAction","target":["https:\/\/fairway2hotel.at\/en\/golfclubs\/italien\/golfclub-asiago\/"]}]},{"@type":"BreadcrumbList","@id":"https:\/\/fairway2hotel.at\/en\/golfclubs\/italien\/golfclub-asiago\/#breadcrumb","itemListElement":[{"@type":"ListItem","position":1,"name":"Home","item":"https:\/\/fairway2hotel.at\/en\/"},{"@type":"ListItem","position":2,"name":"Golfclubs","item":"https:\/\/fairway2hotel.at\/en\/golfclubs\/"},{"@type":"ListItem","position":3,"name":"Golfclubs Italien","item":"https:\/\/fairway2hotel.at\/en\/golfclubs\/italien\/"},{"@type":"ListItem","position":4,"name":"GC Asiago"}]},{"@type":"WebSite","@id":"https:\/\/fairway2hotel.at\/en\/#website","url":"https:\/\/fairway2hotel.at\/en\/","name":"Fairway 2 Hotel","description":"Golf at half price! 2 play - 1 pays","potentialAction":[{"@type":"SearchAction","target":{"@type":"EntryPoint","urlTemplate":"https:\/\/fairway2hotel.at\/en\/?s={search_term_string}"},"query-input":{"@type":"PropertyValueSpecification","valueRequired":true,"valueName":"search_term_string"}}],"inLanguage":"en-US"}]}},"_links":{"self":[{"href":"https:\/\/fairway2hotel.at\/en\/wp-json\/wp\/v2\/pages\/1112","targetHints":{"allow":["GET"]}}],"collection":[{"href":"https:\/\/fairway2hotel.at\/en\/wp-json\/wp\/v2\/pages"}],"about":[{"href":"https:\/\/fairway2hotel.at\/en\/wp-json\/wp\/v2\/types\/page"}],"author":[{"embeddable":true,"href":"https:\/\/fairway2hotel.at\/en\/wp-json\/wp\/v2\/users\/1"}],"replies":[{"embeddable":true,"href":"https:\/\/fairway2hotel.at\/en\/wp-json\/wp\/v2\/comments?post=1112"}],"version-history":[{"count":8,"href":"https:\/\/fairway2hotel.at\/en\/wp-json\/wp\/v2\/pages\/1112\/revisions"}],"predecessor-version":[{"id":47435,"href":"https:\/\/fairway2hotel.at\/en\/wp-json\/wp\/v2\/pages\/1112\/revisions\/47435"}],"up":[{"embeddable":true,"href":"https:\/\/fairway2hotel.at\/en\/wp-json\/wp\/v2\/pages\/1657"}],"acf:attachment":[{"embeddable":true,"href":"https:\/\/fairway2hotel.at\/en\/wp-json\/wp\/v2\/media\/47433"},{"embeddable":true,"href":"https:\/\/fairway2hotel.at\/en\/wp-json\/wp\/v2\/media\/47431"},{"embeddable":true,"href":"https:\/\/fairway2hotel.at\/en\/wp-json\/wp\/v2\/media\/47429"},{"embeddable":true,"href":"https:\/\/fairway2hotel.at\/en\/wp-json\/wp\/v2\/media\/1110"}],"wp:attachment":[{"href":"https:\/\/fairway2hotel.at\/en\/wp-json\/wp\/v2\/media?parent=1112"}],"curies":[{"name":"wp","href":"https:\/\/api.w.org\/{rel}","templated":true}]}}