{"id":1146,"date":"2014-10-23T14:17:38","date_gmt":"2014-10-23T12:17:38","guid":{"rendered":"https:\/\/f2h.app\/golfplatz-ptuj\/"},"modified":"2025-04-05T17:08:01","modified_gmt":"2025-04-05T15:08:01","slug":"golfplatz-ptuj","status":"publish","type":"page","link":"https:\/\/fairway2hotel.at\/en\/golfclubs\/slowenien\/golfplatz-ptuj\/","title":{"rendered":"GC Ptuj"},"content":{"rendered":"<h2>Ptuj &#8211; Golfen auf einem der sch\u00f6nsten Pl\u00e4tzein Slowenien<\/h2>\n<p>Der Golfplatz in Ptuj erm\u00f6glichte den Aufschwung des Golfspiels in der steirischen Region. Er erstreckt sich auf dem Gebiet unter dem Schloss Ptuj und gibt so den Eindruck eines wundersch\u00f6n gepflegten Schlossgartens. Das Wasser hat den Golfplatz in Ptuj gepr\u00e4gt, der nach der Zahl der Wasserhindernisse zu der Spitze slowenischer Golfpl\u00e4tze geh\u00f6rt. Den Spielern bleibt besonders das 14. Loch mit dem spektakul\u00e4ren Schlag auf die Insel im Ged\u00e4chtnis. Auf dem Golfplatz werden Sie an allen aufregendsten Elementen des Golfspiels teilnehmen. Sie k\u00f6nnen zwischen verschiedenen Taktiken w\u00e4hlen und nach Bedarf angreifen, um ein besseres Resultat zu erreichen. Vielleicht wird sich das auszahlen, man kann es ja nie wissen. Deswegen kommt man immer wieder gern hierher.<\/p>\n<h2>Ptuj &#8211; Golfing on one of the most beautiful courses in Slovenia<\/h2>\n<p>The golf course in Ptuj has enabled golf to flourish in the Styrian region. It extends over the area beneath Ptuj Castle, giving the impression of a beautifully manicured castle garden. Water has characterised the golf course in Ptuj, which is one of the top Slovenian golf courses in terms of the number of water hazards. Players particularly remember the 14th hole with its spectacular shot onto the island. On the golf course you will take part in all the most exciting elements of the game of golf. You can choose between different tactics and attack as required to achieve a better result. Maybe it will pay off, you never know. That&#8217;s why you always like to come back here.<\/p>\n","protected":false},"excerpt":{"rendered":"<p>Ptuj &#8211; Golfen auf einem der sch\u00f6nsten Pl\u00e4tzein Slowenien Der Golfplatz in Ptuj erm\u00f6glichte den Aufschwung des Golfspiels in der steirischen Region. Er erstreckt sich auf dem Gebiet unter dem Schloss Ptuj und gibt so den Eindruck eines wundersch\u00f6n gepflegten Schlossgartens. Das Wasser hat den Golfplatz in Ptuj gepr\u00e4gt, der nach der Zahl der Wasserhindernisse [&hellip;]<\/p>\n","protected":false},"author":1,"featured_media":0,"parent":1692,"menu_order":40,"comment_status":"closed","ping_status":"closed","template":"page-partner.php","meta":{"_acf_changed":false,"footnotes":""},"class_list":["post-1146","page","type-page","status-publish","hentry"],"acf":{"partner_infobox":"<strong>Adresse:\u00a0<\/strong>Golf Invest d.o.o., Mlinska Cesta 13, 2250 Ptuj\r\n\r\n<strong>Tel:\u00a0<\/strong>+386 (0) 2 788-9110\r\n\r\n<strong>Fax:\u00a0<\/strong>+386 (0) 41 791 065\r\n\r\n<strong>Web: <\/strong><a href=\"http:\/\/www.golf-ptuj.si\" target=\"_blank\" rel=\"nofollow noopener\">www.golf-ptuj.si<\/a>\r\n\r\n<strong>E-Mail:<\/strong> <a href=\"mailto:golf@golfinvest-ptuj.si\">golf@golfinvest-ptuj.si<\/a>\r\n\r\n<strong>Spielbahnen\/Par: <\/strong>18\/71\r\n\r\n<strong>La\u0308nge: <\/strong>gelb: 5.081 m\/rot: 4.279 m\r\n\r\n<em><strong>Bedingungen:\r\n<\/strong>Gutscheine einl\u00f6sbar MO-FR, ausgenommen Turniere.<\/em>\r\n\r\n<strong>Anfahrt:\r\n<\/strong>Autobahn Maribor- Ptuj. Ausfahrt Hajdina.","partner_logo":1145,"partner_gallery":[1144,47658,47660,47662],"partner_lat":46.419516,"partner_long":15.848946,"partner_type":"golfclub","partner_openings":["1","2","3","4","5","6","7"],"montag_von_bis":"00:00 - 24:00","dienstag_von_bis":"00:00 - 24:00","mittwoch_von_bis":"00:00 - 24:00","donnerstag_von_bis":"00:00 - 24:00","freitag_von_bis":"00:00 - 24:00","samstag_von_bis":"00:00 - 24:00","sonntag_von_bis":"00:00 - 24:00","partner_adresse":" Mlinska Cesta 13, 2250 Ptuj","partner_land_bundesland":"Slowenien","partner_tel_1":"00386 41 791 065","partner_tel_2":"00386 2 788 9110","partner_web":"https:\/\/www.golfklubptuj.si\/","partner_mail":"golf@golfinvest-ptuj.si","partner_spielbahnen_par":"18\/71","partner_laenge":"gelb: 5.081 m\/rot: 4.279 m","partner_bedingungen":"","partner_anfahrt":"Autobahn Maribor- Ptuj. Ausfahrt Hajdina.","partner_misc":null,"additional_css_classes":""},"yoast_head":"<!-- This site is optimized with the Yoast SEO plugin v26.8 - https:\/\/yoast.com\/product\/yoast-seo-wordpress\/ -->\n<title>GC Ptuj - Fairway 2 Hotel<\/title>\n<meta name=\"robots\" content=\"index, follow, max-snippet:-1, max-image-preview:large, max-video-preview:-1\" \/>\n<link rel=\"canonical\" href=\"https:\/\/fairway2hotel.at\/en\/golfclubs\/slowenien\/golfplatz-ptuj\/\" \/>\n<meta property=\"og:locale\" content=\"en_US\" \/>\n<meta property=\"og:type\" content=\"article\" \/>\n<meta property=\"og:title\" content=\"GC Ptuj - Fairway 2 Hotel\" \/>\n<meta property=\"og:description\" content=\"Ptuj &#8211; Golfen auf einem der sch\u00f6nsten Pl\u00e4tzein Slowenien Der Golfplatz in Ptuj erm\u00f6glichte den Aufschwung des Golfspiels in der steirischen Region. Er erstreckt sich auf dem Gebiet unter dem Schloss Ptuj und gibt so den Eindruck eines wundersch\u00f6n gepflegten Schlossgartens. Das Wasser hat den Golfplatz in Ptuj gepr\u00e4gt, der nach der Zahl der Wasserhindernisse [&hellip;]\" \/>\n<meta property=\"og:url\" content=\"https:\/\/fairway2hotel.at\/en\/golfclubs\/slowenien\/golfplatz-ptuj\/\" \/>\n<meta property=\"og:site_name\" content=\"Fairway 2 Hotel\" \/>\n<meta property=\"article:modified_time\" content=\"2025-04-05T15:08:01+00:00\" \/>\n<meta name=\"twitter:card\" content=\"summary_large_image\" \/>\n<meta name=\"twitter:label1\" content=\"Est. reading time\" \/>\n\t<meta name=\"twitter:data1\" content=\"2 minutes\" \/>\n<script type=\"application\/ld+json\" class=\"yoast-schema-graph\">{\"@context\":\"https:\/\/schema.org\",\"@graph\":[{\"@type\":\"WebPage\",\"@id\":\"https:\/\/fairway2hotel.at\/en\/golfclubs\/slowenien\/golfplatz-ptuj\/\",\"url\":\"https:\/\/fairway2hotel.at\/en\/golfclubs\/slowenien\/golfplatz-ptuj\/\",\"name\":\"GC Ptuj - Fairway 2 Hotel\",\"isPartOf\":{\"@id\":\"https:\/\/fairway2hotel.at\/en\/#website\"},\"datePublished\":\"2014-10-23T12:17:38+00:00\",\"dateModified\":\"2025-04-05T15:08:01+00:00\",\"breadcrumb\":{\"@id\":\"https:\/\/fairway2hotel.at\/en\/golfclubs\/slowenien\/golfplatz-ptuj\/#breadcrumb\"},\"inLanguage\":\"en-US\",\"potentialAction\":[{\"@type\":\"ReadAction\",\"target\":[\"https:\/\/fairway2hotel.at\/en\/golfclubs\/slowenien\/golfplatz-ptuj\/\"]}]},{\"@type\":\"BreadcrumbList\",\"@id\":\"https:\/\/fairway2hotel.at\/en\/golfclubs\/slowenien\/golfplatz-ptuj\/#breadcrumb\",\"itemListElement\":[{\"@type\":\"ListItem\",\"position\":1,\"name\":\"Home\",\"item\":\"https:\/\/fairway2hotel.at\/en\/\"},{\"@type\":\"ListItem\",\"position\":2,\"name\":\"Golfclubs\",\"item\":\"https:\/\/fairway2hotel.at\/en\/golfclubs\/\"},{\"@type\":\"ListItem\",\"position\":3,\"name\":\"Golfclubs Slowenien\",\"item\":\"https:\/\/fairway2hotel.at\/en\/golfclubs\/slowenien\/\"},{\"@type\":\"ListItem\",\"position\":4,\"name\":\"GC Ptuj\"}]},{\"@type\":\"WebSite\",\"@id\":\"https:\/\/fairway2hotel.at\/en\/#website\",\"url\":\"https:\/\/fairway2hotel.at\/en\/\",\"name\":\"Fairway 2 Hotel\",\"description\":\"Golf at half price! 2 play - 1 pays\",\"potentialAction\":[{\"@type\":\"SearchAction\",\"target\":{\"@type\":\"EntryPoint\",\"urlTemplate\":\"https:\/\/fairway2hotel.at\/en\/?s={search_term_string}\"},\"query-input\":{\"@type\":\"PropertyValueSpecification\",\"valueRequired\":true,\"valueName\":\"search_term_string\"}}],\"inLanguage\":\"en-US\"}]}<\/script>\n<!-- \/ Yoast SEO plugin. -->","yoast_head_json":{"title":"GC Ptuj - Fairway 2 Hotel","robots":{"index":"index","follow":"follow","max-snippet":"max-snippet:-1","max-image-preview":"max-image-preview:large","max-video-preview":"max-video-preview:-1"},"canonical":"https:\/\/fairway2hotel.at\/en\/golfclubs\/slowenien\/golfplatz-ptuj\/","og_locale":"en_US","og_type":"article","og_title":"GC Ptuj - Fairway 2 Hotel","og_description":"Ptuj &#8211; Golfen auf einem der sch\u00f6nsten Pl\u00e4tzein Slowenien Der Golfplatz in Ptuj erm\u00f6glichte den Aufschwung des Golfspiels in der steirischen Region. Er erstreckt sich auf dem Gebiet unter dem Schloss Ptuj und gibt so den Eindruck eines wundersch\u00f6n gepflegten Schlossgartens. Das Wasser hat den Golfplatz in Ptuj gepr\u00e4gt, der nach der Zahl der Wasserhindernisse [&hellip;]","og_url":"https:\/\/fairway2hotel.at\/en\/golfclubs\/slowenien\/golfplatz-ptuj\/","og_site_name":"Fairway 2 Hotel","article_modified_time":"2025-04-05T15:08:01+00:00","twitter_card":"summary_large_image","twitter_misc":{"Est. reading time":"2 minutes"},"schema":{"@context":"https:\/\/schema.org","@graph":[{"@type":"WebPage","@id":"https:\/\/fairway2hotel.at\/en\/golfclubs\/slowenien\/golfplatz-ptuj\/","url":"https:\/\/fairway2hotel.at\/en\/golfclubs\/slowenien\/golfplatz-ptuj\/","name":"GC Ptuj - Fairway 2 Hotel","isPartOf":{"@id":"https:\/\/fairway2hotel.at\/en\/#website"},"datePublished":"2014-10-23T12:17:38+00:00","dateModified":"2025-04-05T15:08:01+00:00","breadcrumb":{"@id":"https:\/\/fairway2hotel.at\/en\/golfclubs\/slowenien\/golfplatz-ptuj\/#breadcrumb"},"inLanguage":"en-US","potentialAction":[{"@type":"ReadAction","target":["https:\/\/fairway2hotel.at\/en\/golfclubs\/slowenien\/golfplatz-ptuj\/"]}]},{"@type":"BreadcrumbList","@id":"https:\/\/fairway2hotel.at\/en\/golfclubs\/slowenien\/golfplatz-ptuj\/#breadcrumb","itemListElement":[{"@type":"ListItem","position":1,"name":"Home","item":"https:\/\/fairway2hotel.at\/en\/"},{"@type":"ListItem","position":2,"name":"Golfclubs","item":"https:\/\/fairway2hotel.at\/en\/golfclubs\/"},{"@type":"ListItem","position":3,"name":"Golfclubs Slowenien","item":"https:\/\/fairway2hotel.at\/en\/golfclubs\/slowenien\/"},{"@type":"ListItem","position":4,"name":"GC Ptuj"}]},{"@type":"WebSite","@id":"https:\/\/fairway2hotel.at\/en\/#website","url":"https:\/\/fairway2hotel.at\/en\/","name":"Fairway 2 Hotel","description":"Golf at half price! 2 play - 1 pays","potentialAction":[{"@type":"SearchAction","target":{"@type":"EntryPoint","urlTemplate":"https:\/\/fairway2hotel.at\/en\/?s={search_term_string}"},"query-input":{"@type":"PropertyValueSpecification","valueRequired":true,"valueName":"search_term_string"}}],"inLanguage":"en-US"}]}},"_links":{"self":[{"href":"https:\/\/fairway2hotel.at\/en\/wp-json\/wp\/v2\/pages\/1146","targetHints":{"allow":["GET"]}}],"collection":[{"href":"https:\/\/fairway2hotel.at\/en\/wp-json\/wp\/v2\/pages"}],"about":[{"href":"https:\/\/fairway2hotel.at\/en\/wp-json\/wp\/v2\/types\/page"}],"author":[{"embeddable":true,"href":"https:\/\/fairway2hotel.at\/en\/wp-json\/wp\/v2\/users\/1"}],"replies":[{"embeddable":true,"href":"https:\/\/fairway2hotel.at\/en\/wp-json\/wp\/v2\/comments?post=1146"}],"version-history":[{"count":7,"href":"https:\/\/fairway2hotel.at\/en\/wp-json\/wp\/v2\/pages\/1146\/revisions"}],"predecessor-version":[{"id":47664,"href":"https:\/\/fairway2hotel.at\/en\/wp-json\/wp\/v2\/pages\/1146\/revisions\/47664"}],"up":[{"embeddable":true,"href":"https:\/\/fairway2hotel.at\/en\/wp-json\/wp\/v2\/pages\/1692"}],"acf:attachment":[{"embeddable":true,"href":"https:\/\/fairway2hotel.at\/en\/wp-json\/wp\/v2\/media\/47662"},{"embeddable":true,"href":"https:\/\/fairway2hotel.at\/en\/wp-json\/wp\/v2\/media\/47660"},{"embeddable":true,"href":"https:\/\/fairway2hotel.at\/en\/wp-json\/wp\/v2\/media\/47658"},{"embeddable":true,"href":"https:\/\/fairway2hotel.at\/en\/wp-json\/wp\/v2\/media\/1144"}],"wp:attachment":[{"href":"https:\/\/fairway2hotel.at\/en\/wp-json\/wp\/v2\/media?parent=1146"}],"curies":[{"name":"wp","href":"https:\/\/api.w.org\/{rel}","templated":true}]}}