{"id":1161,"date":"2014-10-23T14:22:44","date_gmt":"2014-10-23T12:22:44","guid":{"rendered":"https:\/\/f2h.app\/grand-hotel-primus\/"},"modified":"2025-12-17T14:28:09","modified_gmt":"2025-12-17T13:28:09","slug":"grand-hotel-primus","status":"publish","type":"page","link":"https:\/\/fairway2hotel.at\/en\/hotels\/slowenien\/grand-hotel-primus\/","title":{"rendered":"Grand Hotel Primus"},"content":{"rendered":"<h2>Der perfekte Golf-Urlaub in der Therme Ptuj im Grand Hotel Primus****s<\/h2>\n<p>Die THERME PTUJ &#8211; eines der j\u00fcngsten slowenischen Heilb\u00e4der liegen im Herzen der slowenischen Steiermark, in Ptuj, der kulturgeschichtlichen Schatzkammer und eines der sch\u00f6nsten slowenischen St\u00e4dte. Am Stadtrand befindet sich die Therme Ptuj mit dem Wellness-Hotel Grand Hotel Primus****s, Appartementsiedlung, Campingplatz und Thermalschwimmbad komplex. Das im r\u00f6mischen Stil eingerichtete Wellness-Zentrum im Grand Hotel Primus besteht aus den Thermalb\u00e4dern und Saunen Flavia sowie dem Schwimmbadbereich Vespasianus. F\u00fcr Golfer ist der Golfplatz Ptuj bestimmt, ca. 500 m vom Hotel entfernt. Der Golfplatz Ptuj wirkt wie ein Schlossgarten mit Blick auf die Burg Ptuj und ist wegen der zahlreichen Wasserhindernisse und zwei Seen eine Herausforderung.<\/p>\n<h2>The perfect golf holiday at Terme Ptuj in the Grand Hotel Primus****s<\/h2>\n<p>THERME PTUJ &#8211; one of the youngest Slovenian spas is located in the heart of Slovenian Styria, in Ptuj, a cultural and historical treasure trove and one of the most beautiful Slovenian towns. On the outskirts of the town is the Ptuj thermal spa with the Grand Hotel Primus****s wellness hotel, apartment complex, campsite and thermal swimming pool complex. The Roman-style wellness centre in the Grand Hotel Primus consists of the Flavia thermal baths and saunas and the Vespasianus swimming pool area. Golfers will enjoy the Ptuj golf course, about 500 metres from the hotel. The Ptuj golf course looks like a castle garden with a view of Ptuj Castle and is a challenge due to its numerous water hazards and two lakes.<\/p>\n","protected":false},"excerpt":{"rendered":"<p>Der perfekte Golf-Urlaub in der Therme Ptuj im Grand Hotel Primus****s Die THERME PTUJ &#8211; eines der j\u00fcngsten slowenischen Heilb\u00e4der liegen im Herzen der slowenischen Steiermark, in Ptuj, der kulturgeschichtlichen Schatzkammer und eines der sch\u00f6nsten slowenischen St\u00e4dte. Am Stadtrand befindet sich die Therme Ptuj mit dem Wellness-Hotel Grand Hotel Primus****s, Appartementsiedlung, Campingplatz und Thermalschwimmbad komplex. [&hellip;]<\/p>\n","protected":false},"author":1,"featured_media":0,"parent":2216,"menu_order":20,"comment_status":"closed","ping_status":"closed","template":"page-partner.php","meta":{"_acf_changed":false,"footnotes":""},"class_list":["post-1161","page","type-page","status-publish","hentry"],"acf":{"partner_infobox":"<strong>Adresse:<\/strong>Terme Ptuj, Pot v Toplice 9, 2250 Ptuj\r\n\r\n<strong>Tel:\u00a0<\/strong>+386 2 749 45 00\r\n\r\n<strong>Web: <\/strong><a href=\"http:\/\/www.terme-ptuj.si\" target=\"_blank\" rel=\"nofollow noopener noreferrer\">www.terme-ptuj.si<\/a>\r\n\r\n<strong>E-Mail:<\/strong> <a href=\"mailto:info@terme-ptuj.si\">info@terme-ptuj.si<\/a>\r\n\r\n<strong>Bedingungen:\r\n<\/strong>Unser Angebot: 1 \u00dcN\/F f\u00fcr 2 Personen im DZ 105,00 \u20ac - egal in welcher Saison.\r\n\r\n<strong>Golfclubs in der N\u00e4he:\r\n<\/strong>Golfplatz Ptuj\r\n\r\n<strong>Anfahrt:\r\n<\/strong>Autobahn Maribor - Ptuj. Ausfahrt Hajdina.","partner_logo":2819,"partner_gallery":[4031,4030,4032,4033],"partner_lat":46.421784,"partner_long":15.856187,"partner_type":"hotel","partner_openings":["1","2","3","4","5","6","7"],"montag_von_bis":"00:00 - 24:00","dienstag_von_bis":"00:00 - 24:00","mittwoch_von_bis":"00:00 - 24:00","donnerstag_von_bis":"00:00 - 24:00","freitag_von_bis":"00:00 - 24:00","samstag_von_bis":"00:00 - 24:00","sonntag_von_bis":"00:00 - 24:00","partner_adresse":"Terme Ptuj, Pot v Toplice 9, 2250 Ptuj","partner_land_bundesland":"","partner_tel_1":"+386 2 512 2200","partner_tel_2":"","partner_web":"https:\/\/www.sava-hotels-resorts.com\/en\/terme-ptuj\/accommodation\/grand-hotel-primus","partner_mail":"info.shr@sava.si","partner_spielbahnen_par":"","partner_laenge":"","partner_bedingungen":"Unser Angebot: 1 \u00dcN\/F f\u00fcr 2 Personen im DZ 134,- \u20ac - egal in welcher Saison.\r\nOur offer: 1 night\/night for 2 people in a double room \u20ac134- regardless of the season.","partner_anfahrt":"","partner_misc":null,"additional_css_classes":""},"yoast_head":"<!-- This site is optimized with the Yoast SEO plugin v26.8 - https:\/\/yoast.com\/product\/yoast-seo-wordpress\/ -->\n<title>Grand Hotel Primus - Fairway 2 Hotel<\/title>\n<meta name=\"robots\" content=\"index, follow, max-snippet:-1, max-image-preview:large, max-video-preview:-1\" \/>\n<link rel=\"canonical\" href=\"https:\/\/fairway2hotel.at\/en\/hotels\/slowenien\/grand-hotel-primus\/\" \/>\n<meta property=\"og:locale\" content=\"en_US\" \/>\n<meta property=\"og:type\" content=\"article\" \/>\n<meta property=\"og:title\" content=\"Grand Hotel Primus - Fairway 2 Hotel\" \/>\n<meta property=\"og:description\" content=\"Der perfekte Golf-Urlaub in der Therme Ptuj im Grand Hotel Primus****s Die THERME PTUJ &#8211; eines der j\u00fcngsten slowenischen Heilb\u00e4der liegen im Herzen der slowenischen Steiermark, in Ptuj, der kulturgeschichtlichen Schatzkammer und eines der sch\u00f6nsten slowenischen St\u00e4dte. Am Stadtrand befindet sich die Therme Ptuj mit dem Wellness-Hotel Grand Hotel Primus****s, Appartementsiedlung, Campingplatz und Thermalschwimmbad komplex. [&hellip;]\" \/>\n<meta property=\"og:url\" content=\"https:\/\/fairway2hotel.at\/en\/hotels\/slowenien\/grand-hotel-primus\/\" \/>\n<meta property=\"og:site_name\" content=\"Fairway 2 Hotel\" \/>\n<meta property=\"article:modified_time\" content=\"2025-12-17T13:28:09+00:00\" \/>\n<meta name=\"twitter:card\" content=\"summary_large_image\" \/>\n<meta name=\"twitter:label1\" content=\"Est. reading time\" \/>\n\t<meta name=\"twitter:data1\" content=\"2 minutes\" \/>\n<script type=\"application\/ld+json\" class=\"yoast-schema-graph\">{\"@context\":\"https:\/\/schema.org\",\"@graph\":[{\"@type\":\"WebPage\",\"@id\":\"https:\/\/fairway2hotel.at\/en\/hotels\/slowenien\/grand-hotel-primus\/\",\"url\":\"https:\/\/fairway2hotel.at\/en\/hotels\/slowenien\/grand-hotel-primus\/\",\"name\":\"Grand Hotel Primus - Fairway 2 Hotel\",\"isPartOf\":{\"@id\":\"https:\/\/fairway2hotel.at\/en\/#website\"},\"datePublished\":\"2014-10-23T12:22:44+00:00\",\"dateModified\":\"2025-12-17T13:28:09+00:00\",\"breadcrumb\":{\"@id\":\"https:\/\/fairway2hotel.at\/en\/hotels\/slowenien\/grand-hotel-primus\/#breadcrumb\"},\"inLanguage\":\"en-US\",\"potentialAction\":[{\"@type\":\"ReadAction\",\"target\":[\"https:\/\/fairway2hotel.at\/en\/hotels\/slowenien\/grand-hotel-primus\/\"]}]},{\"@type\":\"BreadcrumbList\",\"@id\":\"https:\/\/fairway2hotel.at\/en\/hotels\/slowenien\/grand-hotel-primus\/#breadcrumb\",\"itemListElement\":[{\"@type\":\"ListItem\",\"position\":1,\"name\":\"Home\",\"item\":\"https:\/\/fairway2hotel.at\/en\/\"},{\"@type\":\"ListItem\",\"position\":2,\"name\":\"Hotels\",\"item\":\"https:\/\/fairway2hotel.at\/en\/hotels\/\"},{\"@type\":\"ListItem\",\"position\":3,\"name\":\"Hotels Slowenien\",\"item\":\"https:\/\/fairway2hotel.at\/en\/hotels\/slowenien\/\"},{\"@type\":\"ListItem\",\"position\":4,\"name\":\"Grand Hotel Primus\"}]},{\"@type\":\"WebSite\",\"@id\":\"https:\/\/fairway2hotel.at\/en\/#website\",\"url\":\"https:\/\/fairway2hotel.at\/en\/\",\"name\":\"Fairway 2 Hotel\",\"description\":\"Golf at half price! 2 play - 1 pays\",\"potentialAction\":[{\"@type\":\"SearchAction\",\"target\":{\"@type\":\"EntryPoint\",\"urlTemplate\":\"https:\/\/fairway2hotel.at\/en\/?s={search_term_string}\"},\"query-input\":{\"@type\":\"PropertyValueSpecification\",\"valueRequired\":true,\"valueName\":\"search_term_string\"}}],\"inLanguage\":\"en-US\"}]}<\/script>\n<!-- \/ Yoast SEO plugin. -->","yoast_head_json":{"title":"Grand Hotel Primus - Fairway 2 Hotel","robots":{"index":"index","follow":"follow","max-snippet":"max-snippet:-1","max-image-preview":"max-image-preview:large","max-video-preview":"max-video-preview:-1"},"canonical":"https:\/\/fairway2hotel.at\/en\/hotels\/slowenien\/grand-hotel-primus\/","og_locale":"en_US","og_type":"article","og_title":"Grand Hotel Primus - Fairway 2 Hotel","og_description":"Der perfekte Golf-Urlaub in der Therme Ptuj im Grand Hotel Primus****s Die THERME PTUJ &#8211; eines der j\u00fcngsten slowenischen Heilb\u00e4der liegen im Herzen der slowenischen Steiermark, in Ptuj, der kulturgeschichtlichen Schatzkammer und eines der sch\u00f6nsten slowenischen St\u00e4dte. Am Stadtrand befindet sich die Therme Ptuj mit dem Wellness-Hotel Grand Hotel Primus****s, Appartementsiedlung, Campingplatz und Thermalschwimmbad komplex. [&hellip;]","og_url":"https:\/\/fairway2hotel.at\/en\/hotels\/slowenien\/grand-hotel-primus\/","og_site_name":"Fairway 2 Hotel","article_modified_time":"2025-12-17T13:28:09+00:00","twitter_card":"summary_large_image","twitter_misc":{"Est. reading time":"2 minutes"},"schema":{"@context":"https:\/\/schema.org","@graph":[{"@type":"WebPage","@id":"https:\/\/fairway2hotel.at\/en\/hotels\/slowenien\/grand-hotel-primus\/","url":"https:\/\/fairway2hotel.at\/en\/hotels\/slowenien\/grand-hotel-primus\/","name":"Grand Hotel Primus - Fairway 2 Hotel","isPartOf":{"@id":"https:\/\/fairway2hotel.at\/en\/#website"},"datePublished":"2014-10-23T12:22:44+00:00","dateModified":"2025-12-17T13:28:09+00:00","breadcrumb":{"@id":"https:\/\/fairway2hotel.at\/en\/hotels\/slowenien\/grand-hotel-primus\/#breadcrumb"},"inLanguage":"en-US","potentialAction":[{"@type":"ReadAction","target":["https:\/\/fairway2hotel.at\/en\/hotels\/slowenien\/grand-hotel-primus\/"]}]},{"@type":"BreadcrumbList","@id":"https:\/\/fairway2hotel.at\/en\/hotels\/slowenien\/grand-hotel-primus\/#breadcrumb","itemListElement":[{"@type":"ListItem","position":1,"name":"Home","item":"https:\/\/fairway2hotel.at\/en\/"},{"@type":"ListItem","position":2,"name":"Hotels","item":"https:\/\/fairway2hotel.at\/en\/hotels\/"},{"@type":"ListItem","position":3,"name":"Hotels Slowenien","item":"https:\/\/fairway2hotel.at\/en\/hotels\/slowenien\/"},{"@type":"ListItem","position":4,"name":"Grand Hotel Primus"}]},{"@type":"WebSite","@id":"https:\/\/fairway2hotel.at\/en\/#website","url":"https:\/\/fairway2hotel.at\/en\/","name":"Fairway 2 Hotel","description":"Golf at half price! 2 play - 1 pays","potentialAction":[{"@type":"SearchAction","target":{"@type":"EntryPoint","urlTemplate":"https:\/\/fairway2hotel.at\/en\/?s={search_term_string}"},"query-input":{"@type":"PropertyValueSpecification","valueRequired":true,"valueName":"search_term_string"}}],"inLanguage":"en-US"}]}},"_links":{"self":[{"href":"https:\/\/fairway2hotel.at\/en\/wp-json\/wp\/v2\/pages\/1161","targetHints":{"allow":["GET"]}}],"collection":[{"href":"https:\/\/fairway2hotel.at\/en\/wp-json\/wp\/v2\/pages"}],"about":[{"href":"https:\/\/fairway2hotel.at\/en\/wp-json\/wp\/v2\/types\/page"}],"author":[{"embeddable":true,"href":"https:\/\/fairway2hotel.at\/en\/wp-json\/wp\/v2\/users\/1"}],"replies":[{"embeddable":true,"href":"https:\/\/fairway2hotel.at\/en\/wp-json\/wp\/v2\/comments?post=1161"}],"version-history":[{"count":13,"href":"https:\/\/fairway2hotel.at\/en\/wp-json\/wp\/v2\/pages\/1161\/revisions"}],"predecessor-version":[{"id":52045,"href":"https:\/\/fairway2hotel.at\/en\/wp-json\/wp\/v2\/pages\/1161\/revisions\/52045"}],"up":[{"embeddable":true,"href":"https:\/\/fairway2hotel.at\/en\/wp-json\/wp\/v2\/pages\/2216"}],"acf:attachment":[{"embeddable":true,"href":"https:\/\/fairway2hotel.at\/en\/wp-json\/wp\/v2\/media\/4033"},{"embeddable":true,"href":"https:\/\/fairway2hotel.at\/en\/wp-json\/wp\/v2\/media\/4032"},{"embeddable":true,"href":"https:\/\/fairway2hotel.at\/en\/wp-json\/wp\/v2\/media\/4030"},{"embeddable":true,"href":"https:\/\/fairway2hotel.at\/en\/wp-json\/wp\/v2\/media\/4031"}],"wp:attachment":[{"href":"https:\/\/fairway2hotel.at\/en\/wp-json\/wp\/v2\/media?parent=1161"}],"curies":[{"name":"wp","href":"https:\/\/api.w.org\/{rel}","templated":true}]}}