{"id":1173,"date":"2014-10-23T14:29:10","date_gmt":"2014-10-23T12:29:10","guid":{"rendered":"https:\/\/f2h.app\/golf-club-ostrava\/"},"modified":"2025-04-07T16:38:11","modified_gmt":"2025-04-07T14:38:11","slug":"golf-club-ostrava","status":"publish","type":"page","link":"https:\/\/fairway2hotel.at\/en\/golfclubs\/tschechien\/golf-club-ostrava\/","title":{"rendered":"GC Silherovice Park Golf Club Ostrava"},"content":{"rendered":"<h2>Golfen auf historischem Grund<\/h2>\n<p>In der malerischen Umgebung des Schlossparks mit der Dominante des Rothschild-Schlosses verbindet sich der Golfplatz in einer seltenen Symbiose mit herrlichen jahrhundertealten Ba\u0308umen aus der ganzen Welt, die einen angenehmen Schatten werfen. Auf dem leicht hu\u0308geligen Gela\u0308nde, wo Genauigkeit und Gefu\u0308hl fu\u0308r das Spiel wichtiger sind als ein kra\u0308ftiger und weiter Abschlag, werden Sie Golf mit allen Sinnen genie\u00dfen. Initiator und Begru\u0308nder des Golfclubs war im Jahre 1970 Ing. Jan Cieslar. Die Rezeption finden Sie im historischen Clubhaus, direkt an der Hauptstra\u00dfe.<\/p>\n<h2>Golfing on historic grounds<\/h2>\n<p>In the picturesque surroundings of the castle park with the dominant feature of the Rothschild castle, the golf course combines in a rare symbiosis with magnificent centuries-old trees from all over the world, which cast a pleasant shade. On the slightly hilly terrain, where accuracy and feel for the game are more important than a powerful and long tee shot, you will enjoy golf with all your senses. The initiator and founder of the golf club was Jan Cieslar in 1970. You will find the reception in the historic clubhouse, directly on the main road.<\/p>\n<p>&nbsp;<\/p>\n","protected":false},"excerpt":{"rendered":"<p>Golfen auf historischem Grund In der malerischen Umgebung des Schlossparks mit der Dominante des Rothschild-Schlosses verbindet sich der Golfplatz in einer seltenen Symbiose mit herrlichen jahrhundertealten Ba\u0308umen aus der ganzen Welt, die einen angenehmen Schatten werfen. Auf dem leicht hu\u0308geligen Gela\u0308nde, wo Genauigkeit und Gefu\u0308hl fu\u0308r das Spiel wichtiger sind als ein kra\u0308ftiger und weiter [&hellip;]<\/p>\n","protected":false},"author":1,"featured_media":0,"parent":1707,"menu_order":35,"comment_status":"closed","ping_status":"closed","template":"page-partner.php","meta":{"_acf_changed":false,"footnotes":""},"class_list":["post-1173","page","type-page","status-publish","hentry"],"acf":{"partner_infobox":"<strong>Adresse:\u00a0<\/strong>Dolni\u0301 412, 74715 S\u030cilhe\u0159ovice, Czech rep.\r\n\r\n<strong>Tel:\u00a0<\/strong>+420 595054144\r\n\r\n<strong>Web: <\/strong><a href=\"http:\/\/www.golf-ostrava.cz\" target=\"_blank\" rel=\"nofollow noopener noreferrer\">www.golf-ostrava.cz<\/a>\r\n\r\n<strong>E-Mail:<\/strong> <a href=\"mailto:golf@golf-ostrava.cz\">golf@golf-ostrava.cz<\/a>\r\n\r\n<strong>Spielbahnen\/Par: <\/strong>18\/72\r\n\r\n<strong>La\u0308nge: <\/strong>gelb: 5.790m,\u00a0rot: 5.044m\r\n\r\n<em><strong>Bedingungen:\r\n<\/strong>Gutscheine von- MO\u2013DO einlo\u0308sbar, Hcp 54<\/em>\r\n\r\n<strong>Anfahrt:\r\n<\/strong>Autobahn D1 \u2192 Aus- fahrt 370 Bohumin \u2192 Chalupki\/ Polen. In Chalupki an der Ampel Richtung Zentrum abbiegen \u2192 Rudyszwald \u2192 S\u030cilhe\u0159ovice. GPS: 49\u00b055'39.58\"N; 18\u00b016'33.14\"E","partner_logo":1172,"partner_gallery":[3491,3492],"partner_lat":49.927357,"partner_long":18.27417,"partner_type":"golfclub","partner_openings":["1","2","3","4"],"montag_von_bis":"00:00 - 24:00","dienstag_von_bis":"00:00 - 24:00","mittwoch_von_bis":"00:00 - 24:00","donnerstag_von_bis":"00:00 - 24:00","freitag_von_bis":"00:00 - 24:00","samstag_von_bis":"00:00 - 24:00","sonntag_von_bis":"00:00 - 24:00","partner_adresse":"Doln\u00ed 412, 74715 \u0160ilhe\u0159ovice","partner_land_bundesland":"Tschechische Republik","partner_tel_1":"","partner_tel_2":"00420 595 054144","partner_web":"http:\/\/www.golf-ostrava.cz","partner_mail":"golf@golf-ostrava.cz","partner_spielbahnen_par":"18\/72","partner_laenge":"gelb: 6.009m \/\u00a02.800m rot: 5.286m \/\u00a02.452m","partner_bedingungen":"Gutscheine von MO\u2013DO einlo\u0308sbar\r\nvouchers redeemable Mon-Thu","partner_anfahrt":"Autobahn D1 \u2192 Aus- fahrt 370 Bohumin \u2192 Chalupki\/ Polen. In Chalupki an der Ampel Richtung Zentrum abbiegen \u2192 Rudyszwald \u2192 S\u030cilhe\u0159ovice. GPS: 49\u00b055'39.58\"N; 18\u00b016'33.14\"E","partner_misc":null,"additional_css_classes":""},"yoast_head":"<!-- This site is optimized with the Yoast SEO plugin v26.8 - https:\/\/yoast.com\/product\/yoast-seo-wordpress\/ -->\n<title>GC Silherovice Park Golf Club Ostrava - Fairway 2 Hotel<\/title>\n<meta name=\"robots\" content=\"index, follow, max-snippet:-1, max-image-preview:large, max-video-preview:-1\" \/>\n<link rel=\"canonical\" href=\"https:\/\/fairway2hotel.at\/en\/golfclubs\/tschechien\/golf-club-ostrava\/\" \/>\n<meta property=\"og:locale\" content=\"en_US\" \/>\n<meta property=\"og:type\" content=\"article\" \/>\n<meta property=\"og:title\" content=\"GC Silherovice Park Golf Club Ostrava - Fairway 2 Hotel\" \/>\n<meta property=\"og:description\" content=\"Golfen auf historischem Grund In der malerischen Umgebung des Schlossparks mit der Dominante des Rothschild-Schlosses verbindet sich der Golfplatz in einer seltenen Symbiose mit herrlichen jahrhundertealten Ba\u0308umen aus der ganzen Welt, die einen angenehmen Schatten werfen. Auf dem leicht hu\u0308geligen Gela\u0308nde, wo Genauigkeit und Gefu\u0308hl fu\u0308r das Spiel wichtiger sind als ein kra\u0308ftiger und weiter [&hellip;]\" \/>\n<meta property=\"og:url\" content=\"https:\/\/fairway2hotel.at\/en\/golfclubs\/tschechien\/golf-club-ostrava\/\" \/>\n<meta property=\"og:site_name\" content=\"Fairway 2 Hotel\" \/>\n<meta property=\"article:modified_time\" content=\"2025-04-07T14:38:11+00:00\" \/>\n<meta name=\"twitter:card\" content=\"summary_large_image\" \/>\n<meta name=\"twitter:label1\" content=\"Est. reading time\" \/>\n\t<meta name=\"twitter:data1\" content=\"2 minutes\" \/>\n<script type=\"application\/ld+json\" class=\"yoast-schema-graph\">{\"@context\":\"https:\/\/schema.org\",\"@graph\":[{\"@type\":\"WebPage\",\"@id\":\"https:\/\/fairway2hotel.at\/en\/golfclubs\/tschechien\/golf-club-ostrava\/\",\"url\":\"https:\/\/fairway2hotel.at\/en\/golfclubs\/tschechien\/golf-club-ostrava\/\",\"name\":\"GC Silherovice Park Golf Club Ostrava - Fairway 2 Hotel\",\"isPartOf\":{\"@id\":\"https:\/\/fairway2hotel.at\/en\/#website\"},\"datePublished\":\"2014-10-23T12:29:10+00:00\",\"dateModified\":\"2025-04-07T14:38:11+00:00\",\"breadcrumb\":{\"@id\":\"https:\/\/fairway2hotel.at\/en\/golfclubs\/tschechien\/golf-club-ostrava\/#breadcrumb\"},\"inLanguage\":\"en-US\",\"potentialAction\":[{\"@type\":\"ReadAction\",\"target\":[\"https:\/\/fairway2hotel.at\/en\/golfclubs\/tschechien\/golf-club-ostrava\/\"]}]},{\"@type\":\"BreadcrumbList\",\"@id\":\"https:\/\/fairway2hotel.at\/en\/golfclubs\/tschechien\/golf-club-ostrava\/#breadcrumb\",\"itemListElement\":[{\"@type\":\"ListItem\",\"position\":1,\"name\":\"Home\",\"item\":\"https:\/\/fairway2hotel.at\/en\/\"},{\"@type\":\"ListItem\",\"position\":2,\"name\":\"Golfclubs\",\"item\":\"https:\/\/fairway2hotel.at\/en\/golfclubs\/\"},{\"@type\":\"ListItem\",\"position\":3,\"name\":\"Golfclubs Tschechien\",\"item\":\"https:\/\/fairway2hotel.at\/en\/golfclubs\/tschechien\/\"},{\"@type\":\"ListItem\",\"position\":4,\"name\":\"GC Silherovice Park Golf Club Ostrava\"}]},{\"@type\":\"WebSite\",\"@id\":\"https:\/\/fairway2hotel.at\/en\/#website\",\"url\":\"https:\/\/fairway2hotel.at\/en\/\",\"name\":\"Fairway 2 Hotel\",\"description\":\"Golf at half price! 2 play - 1 pays\",\"potentialAction\":[{\"@type\":\"SearchAction\",\"target\":{\"@type\":\"EntryPoint\",\"urlTemplate\":\"https:\/\/fairway2hotel.at\/en\/?s={search_term_string}\"},\"query-input\":{\"@type\":\"PropertyValueSpecification\",\"valueRequired\":true,\"valueName\":\"search_term_string\"}}],\"inLanguage\":\"en-US\"}]}<\/script>\n<!-- \/ Yoast SEO plugin. -->","yoast_head_json":{"title":"GC Silherovice Park Golf Club Ostrava - Fairway 2 Hotel","robots":{"index":"index","follow":"follow","max-snippet":"max-snippet:-1","max-image-preview":"max-image-preview:large","max-video-preview":"max-video-preview:-1"},"canonical":"https:\/\/fairway2hotel.at\/en\/golfclubs\/tschechien\/golf-club-ostrava\/","og_locale":"en_US","og_type":"article","og_title":"GC Silherovice Park Golf Club Ostrava - Fairway 2 Hotel","og_description":"Golfen auf historischem Grund In der malerischen Umgebung des Schlossparks mit der Dominante des Rothschild-Schlosses verbindet sich der Golfplatz in einer seltenen Symbiose mit herrlichen jahrhundertealten Ba\u0308umen aus der ganzen Welt, die einen angenehmen Schatten werfen. Auf dem leicht hu\u0308geligen Gela\u0308nde, wo Genauigkeit und Gefu\u0308hl fu\u0308r das Spiel wichtiger sind als ein kra\u0308ftiger und weiter [&hellip;]","og_url":"https:\/\/fairway2hotel.at\/en\/golfclubs\/tschechien\/golf-club-ostrava\/","og_site_name":"Fairway 2 Hotel","article_modified_time":"2025-04-07T14:38:11+00:00","twitter_card":"summary_large_image","twitter_misc":{"Est. reading time":"2 minutes"},"schema":{"@context":"https:\/\/schema.org","@graph":[{"@type":"WebPage","@id":"https:\/\/fairway2hotel.at\/en\/golfclubs\/tschechien\/golf-club-ostrava\/","url":"https:\/\/fairway2hotel.at\/en\/golfclubs\/tschechien\/golf-club-ostrava\/","name":"GC Silherovice Park Golf Club Ostrava - Fairway 2 Hotel","isPartOf":{"@id":"https:\/\/fairway2hotel.at\/en\/#website"},"datePublished":"2014-10-23T12:29:10+00:00","dateModified":"2025-04-07T14:38:11+00:00","breadcrumb":{"@id":"https:\/\/fairway2hotel.at\/en\/golfclubs\/tschechien\/golf-club-ostrava\/#breadcrumb"},"inLanguage":"en-US","potentialAction":[{"@type":"ReadAction","target":["https:\/\/fairway2hotel.at\/en\/golfclubs\/tschechien\/golf-club-ostrava\/"]}]},{"@type":"BreadcrumbList","@id":"https:\/\/fairway2hotel.at\/en\/golfclubs\/tschechien\/golf-club-ostrava\/#breadcrumb","itemListElement":[{"@type":"ListItem","position":1,"name":"Home","item":"https:\/\/fairway2hotel.at\/en\/"},{"@type":"ListItem","position":2,"name":"Golfclubs","item":"https:\/\/fairway2hotel.at\/en\/golfclubs\/"},{"@type":"ListItem","position":3,"name":"Golfclubs Tschechien","item":"https:\/\/fairway2hotel.at\/en\/golfclubs\/tschechien\/"},{"@type":"ListItem","position":4,"name":"GC Silherovice Park Golf Club Ostrava"}]},{"@type":"WebSite","@id":"https:\/\/fairway2hotel.at\/en\/#website","url":"https:\/\/fairway2hotel.at\/en\/","name":"Fairway 2 Hotel","description":"Golf at half price! 2 play - 1 pays","potentialAction":[{"@type":"SearchAction","target":{"@type":"EntryPoint","urlTemplate":"https:\/\/fairway2hotel.at\/en\/?s={search_term_string}"},"query-input":{"@type":"PropertyValueSpecification","valueRequired":true,"valueName":"search_term_string"}}],"inLanguage":"en-US"}]}},"_links":{"self":[{"href":"https:\/\/fairway2hotel.at\/en\/wp-json\/wp\/v2\/pages\/1173","targetHints":{"allow":["GET"]}}],"collection":[{"href":"https:\/\/fairway2hotel.at\/en\/wp-json\/wp\/v2\/pages"}],"about":[{"href":"https:\/\/fairway2hotel.at\/en\/wp-json\/wp\/v2\/types\/page"}],"author":[{"embeddable":true,"href":"https:\/\/fairway2hotel.at\/en\/wp-json\/wp\/v2\/users\/1"}],"replies":[{"embeddable":true,"href":"https:\/\/fairway2hotel.at\/en\/wp-json\/wp\/v2\/comments?post=1173"}],"version-history":[{"count":9,"href":"https:\/\/fairway2hotel.at\/en\/wp-json\/wp\/v2\/pages\/1173\/revisions"}],"predecessor-version":[{"id":47763,"href":"https:\/\/fairway2hotel.at\/en\/wp-json\/wp\/v2\/pages\/1173\/revisions\/47763"}],"up":[{"embeddable":true,"href":"https:\/\/fairway2hotel.at\/en\/wp-json\/wp\/v2\/pages\/1707"}],"acf:attachment":[{"embeddable":true,"href":"https:\/\/fairway2hotel.at\/en\/wp-json\/wp\/v2\/media\/3492"},{"embeddable":true,"href":"https:\/\/fairway2hotel.at\/en\/wp-json\/wp\/v2\/media\/3491"}],"wp:attachment":[{"href":"https:\/\/fairway2hotel.at\/en\/wp-json\/wp\/v2\/media?parent=1173"}],"curies":[{"name":"wp","href":"https:\/\/api.w.org\/{rel}","templated":true}]}}