{"id":1183,"date":"2014-10-23T14:39:25","date_gmt":"2014-10-23T12:39:25","guid":{"rendered":"https:\/\/f2h.app\/zala-springs-golf-resort\/"},"modified":"2025-05-17T15:18:14","modified_gmt":"2025-05-17T13:18:14","slug":"zala-springs-golf-resort","status":"publish","type":"page","link":"https:\/\/fairway2hotel.at\/en\/golfclubs\/ungarn\/zala-springs-golf-resort\/","title":{"rendered":"GC Zala Springs Golf Resort"},"content":{"rendered":"<h2>Geschaffen, um entdeckt zu werden<\/h2>\n<p>Kommen Sie in das neueste Golf Resort in Europa, entworfen und realisiert vom bekannten Designer Robert Trent Jones Jr., nach USGA Vorgaben. Sie finden einen Kurs von 6.351 Metern, inmitten von Weinbergen und Seen, wo auf die Natur R\u00fccksicht genommen wurde und der Platz herrlich in die Landschaft integriert wurde.<\/p>\n<p>Unser hochmodernes, dreist\u00f6ckiges, 3000 m2 gro\u00dfes Clubhaus wurde Mitte September 2015 er\u00f6ffnet. Es bietet Rezeption, Pro-Shop, Umkleider\u00e4ume und Spike-Bar mit Bistro-Restaurant. Au\u00dferdem befindet sich im ersten Stock ein privater Bereich f\u00fcr die Organisation von Mittag- und Abendessen sowie kleinen Treffen f\u00fcr Unternehmen und Familienfeiern. Ein 18-Loch Puttinggr\u00fcn bei der Terrasse animiert Sie zum \u00dcben, genauso wie die 12 \u00fcberdachten und die 40 freien \u00dcbungspl\u00e4tze. F\u00fcr die Sch\u00fcler der PGA Pros stehen nochmals 30 Extrapl\u00e4tze zur Verf\u00fcgung.<\/p>\n<h2>Created to be discovered<\/h2>\n<p>Come to the newest golf resort in Europe, designed and realised by the famous designer Robert Trent Jones Jr. according to USGA specifications. You will find a course of 6,351 metres, surrounded by vineyards and lakes, where nature has been taken into consideration and the course has been beautifully integrated into the landscape.<\/p>\n<p>Our state of the art, 3-storied, 3000 m2 clubhouse opened in the middle of September, 2015. It offers reception, pro shop, changing rooms and spike bar with bistro restaurant. Also on the first floor a private area to organise lunches, dinners and small meetings for companies, and family occasions. An 18-hole putting green by the terrace encourages you to practise, as do the 12 covered and 40 open practice areas. A further 30 extra practice areas are available for the PGA Pros&#8217; students.<\/p>\n<p>&nbsp;<\/p>\n","protected":false},"excerpt":{"rendered":"<p>Geschaffen, um entdeckt zu werden Kommen Sie in das neueste Golf Resort in Europa, entworfen und realisiert vom bekannten Designer Robert Trent Jones Jr., nach USGA Vorgaben. Sie finden einen Kurs von 6.351 Metern, inmitten von Weinbergen und Seen, wo auf die Natur R\u00fccksicht genommen wurde und der Platz herrlich in die Landschaft integriert wurde. [&hellip;]<\/p>\n","protected":false},"author":1,"featured_media":0,"parent":1725,"menu_order":20,"comment_status":"closed","ping_status":"closed","template":"page-partner.php","meta":{"_acf_changed":false,"footnotes":""},"class_list":["post-1183","page","type-page","status-publish","hentry"],"acf":{"partner_infobox":"<strong>Adresse:\u00a0<\/strong>Csany Laszlo u., H-8782 Zalacsany\r\n\r\n<strong>Tel:\u00a0<\/strong>+36 20 403 4960\r\n\r\n<strong>Web: <\/strong><a href=\"http:\/\/www.zalasprings.hu\" target=\"_blank\" rel=\"nofollow noopener\">www.zalasprings.hu<\/a>\r\n\r\n<strong>E-Mail:<\/strong> <a href=\"mailto:info@zalasprings.hu\">info@zalasprings.hu<\/a>\r\n\r\n<strong>Spielbahnen\/Par: <\/strong>18\/72\r\n\r\n<strong>La\u0308nge:\r\n<\/strong>wei\u00df: 6.351m\r\ngelb: 5.949m\r\n\r\n<strong>Bedingungen:<\/strong>\r\nGreenfee 18 Loch:\u00a0Gutscheine einl\u00f6sbar mit Reservierungsbest\u00e4tigung von Montag\u00a0bis Mittwoch.\r\n\r\n<strong>Anfahrt:\r\n<\/strong>Autobahn A3 \u2013 Bundesstrasse 16 \u2013 Klingenbach\u2013 Hauptstrasse 84 \u2013 Hauptstrasse 76.","partner_logo":1182,"partner_gallery":[47786,3603,47788,47790],"partner_lat":46.822959,"partner_long":17.09914,"partner_type":"golfclub","partner_openings":["1","2","3"],"montag_von_bis":"00:00 - 24:00","dienstag_von_bis":"00:00 - 24:00","mittwoch_von_bis":"00:00 - 24:00","donnerstag_von_bis":"00:00 - 24:00","freitag_von_bis":"00:00 - 24:00","samstag_von_bis":"00:00 - 24:00","sonntag_von_bis":"00:00 - 24:00","partner_adresse":"Csany Laszlo u., 8782 Zalacsany","partner_land_bundesland":"Ungarn","partner_tel_1":"","partner_tel_2":"0036 20 403 4960","partner_web":"http:\/\/www.zalasprings.hu","partner_mail":"info@zalasprings.hu","partner_spielbahnen_par":"18\/72","partner_laenge":"wei\u00df: 6.351m gelb: 5.949m","partner_bedingungen":"Greenfee 18 Loch:\u00a0Gutscheine einl\u00f6sbar mit Reservierungsbest\u00e4tigung von Montag\u00a0bis Mittwoch.\r\nvouchers redeemable from Mon-Wed for 18 holes with booking confirmation","partner_anfahrt":"Autobahn A3 \u2013 Bundesstrasse 16 \u2013 Klingenbach\u2013 Hauptstrasse 84 \u2013 Hauptstrasse 76.","partner_misc":null,"additional_css_classes":""},"yoast_head":"<!-- This site is optimized with the Yoast SEO plugin v26.8 - https:\/\/yoast.com\/product\/yoast-seo-wordpress\/ -->\n<title>GC Zala Springs Golf Resort - Fairway 2 Hotel<\/title>\n<meta name=\"robots\" content=\"index, follow, max-snippet:-1, max-image-preview:large, max-video-preview:-1\" \/>\n<link rel=\"canonical\" href=\"https:\/\/fairway2hotel.at\/en\/golfclubs\/ungarn\/zala-springs-golf-resort\/\" \/>\n<meta property=\"og:locale\" content=\"en_US\" \/>\n<meta property=\"og:type\" content=\"article\" \/>\n<meta property=\"og:title\" content=\"GC Zala Springs Golf Resort - Fairway 2 Hotel\" \/>\n<meta property=\"og:description\" content=\"Geschaffen, um entdeckt zu werden Kommen Sie in das neueste Golf Resort in Europa, entworfen und realisiert vom bekannten Designer Robert Trent Jones Jr., nach USGA Vorgaben. Sie finden einen Kurs von 6.351 Metern, inmitten von Weinbergen und Seen, wo auf die Natur R\u00fccksicht genommen wurde und der Platz herrlich in die Landschaft integriert wurde. [&hellip;]\" \/>\n<meta property=\"og:url\" content=\"https:\/\/fairway2hotel.at\/en\/golfclubs\/ungarn\/zala-springs-golf-resort\/\" \/>\n<meta property=\"og:site_name\" content=\"Fairway 2 Hotel\" \/>\n<meta property=\"article:modified_time\" content=\"2025-05-17T13:18:14+00:00\" \/>\n<meta name=\"twitter:card\" content=\"summary_large_image\" \/>\n<meta name=\"twitter:label1\" content=\"Est. reading time\" \/>\n\t<meta name=\"twitter:data1\" content=\"2 minutes\" \/>\n<script type=\"application\/ld+json\" class=\"yoast-schema-graph\">{\"@context\":\"https:\/\/schema.org\",\"@graph\":[{\"@type\":\"WebPage\",\"@id\":\"https:\/\/fairway2hotel.at\/en\/golfclubs\/ungarn\/zala-springs-golf-resort\/\",\"url\":\"https:\/\/fairway2hotel.at\/en\/golfclubs\/ungarn\/zala-springs-golf-resort\/\",\"name\":\"GC Zala Springs Golf Resort - Fairway 2 Hotel\",\"isPartOf\":{\"@id\":\"https:\/\/fairway2hotel.at\/en\/#website\"},\"datePublished\":\"2014-10-23T12:39:25+00:00\",\"dateModified\":\"2025-05-17T13:18:14+00:00\",\"breadcrumb\":{\"@id\":\"https:\/\/fairway2hotel.at\/en\/golfclubs\/ungarn\/zala-springs-golf-resort\/#breadcrumb\"},\"inLanguage\":\"en-US\",\"potentialAction\":[{\"@type\":\"ReadAction\",\"target\":[\"https:\/\/fairway2hotel.at\/en\/golfclubs\/ungarn\/zala-springs-golf-resort\/\"]}]},{\"@type\":\"BreadcrumbList\",\"@id\":\"https:\/\/fairway2hotel.at\/en\/golfclubs\/ungarn\/zala-springs-golf-resort\/#breadcrumb\",\"itemListElement\":[{\"@type\":\"ListItem\",\"position\":1,\"name\":\"Home\",\"item\":\"https:\/\/fairway2hotel.at\/en\/\"},{\"@type\":\"ListItem\",\"position\":2,\"name\":\"Golfclubs\",\"item\":\"https:\/\/fairway2hotel.at\/en\/golfclubs\/\"},{\"@type\":\"ListItem\",\"position\":3,\"name\":\"Golfclubs Ungarn\",\"item\":\"https:\/\/fairway2hotel.at\/en\/golfclubs\/ungarn\/\"},{\"@type\":\"ListItem\",\"position\":4,\"name\":\"GC Zala Springs Golf Resort\"}]},{\"@type\":\"WebSite\",\"@id\":\"https:\/\/fairway2hotel.at\/en\/#website\",\"url\":\"https:\/\/fairway2hotel.at\/en\/\",\"name\":\"Fairway 2 Hotel\",\"description\":\"Golf at half price! 2 play - 1 pays\",\"potentialAction\":[{\"@type\":\"SearchAction\",\"target\":{\"@type\":\"EntryPoint\",\"urlTemplate\":\"https:\/\/fairway2hotel.at\/en\/?s={search_term_string}\"},\"query-input\":{\"@type\":\"PropertyValueSpecification\",\"valueRequired\":true,\"valueName\":\"search_term_string\"}}],\"inLanguage\":\"en-US\"}]}<\/script>\n<!-- \/ Yoast SEO plugin. -->","yoast_head_json":{"title":"GC Zala Springs Golf Resort - Fairway 2 Hotel","robots":{"index":"index","follow":"follow","max-snippet":"max-snippet:-1","max-image-preview":"max-image-preview:large","max-video-preview":"max-video-preview:-1"},"canonical":"https:\/\/fairway2hotel.at\/en\/golfclubs\/ungarn\/zala-springs-golf-resort\/","og_locale":"en_US","og_type":"article","og_title":"GC Zala Springs Golf Resort - Fairway 2 Hotel","og_description":"Geschaffen, um entdeckt zu werden Kommen Sie in das neueste Golf Resort in Europa, entworfen und realisiert vom bekannten Designer Robert Trent Jones Jr., nach USGA Vorgaben. Sie finden einen Kurs von 6.351 Metern, inmitten von Weinbergen und Seen, wo auf die Natur R\u00fccksicht genommen wurde und der Platz herrlich in die Landschaft integriert wurde. [&hellip;]","og_url":"https:\/\/fairway2hotel.at\/en\/golfclubs\/ungarn\/zala-springs-golf-resort\/","og_site_name":"Fairway 2 Hotel","article_modified_time":"2025-05-17T13:18:14+00:00","twitter_card":"summary_large_image","twitter_misc":{"Est. reading time":"2 minutes"},"schema":{"@context":"https:\/\/schema.org","@graph":[{"@type":"WebPage","@id":"https:\/\/fairway2hotel.at\/en\/golfclubs\/ungarn\/zala-springs-golf-resort\/","url":"https:\/\/fairway2hotel.at\/en\/golfclubs\/ungarn\/zala-springs-golf-resort\/","name":"GC Zala Springs Golf Resort - Fairway 2 Hotel","isPartOf":{"@id":"https:\/\/fairway2hotel.at\/en\/#website"},"datePublished":"2014-10-23T12:39:25+00:00","dateModified":"2025-05-17T13:18:14+00:00","breadcrumb":{"@id":"https:\/\/fairway2hotel.at\/en\/golfclubs\/ungarn\/zala-springs-golf-resort\/#breadcrumb"},"inLanguage":"en-US","potentialAction":[{"@type":"ReadAction","target":["https:\/\/fairway2hotel.at\/en\/golfclubs\/ungarn\/zala-springs-golf-resort\/"]}]},{"@type":"BreadcrumbList","@id":"https:\/\/fairway2hotel.at\/en\/golfclubs\/ungarn\/zala-springs-golf-resort\/#breadcrumb","itemListElement":[{"@type":"ListItem","position":1,"name":"Home","item":"https:\/\/fairway2hotel.at\/en\/"},{"@type":"ListItem","position":2,"name":"Golfclubs","item":"https:\/\/fairway2hotel.at\/en\/golfclubs\/"},{"@type":"ListItem","position":3,"name":"Golfclubs Ungarn","item":"https:\/\/fairway2hotel.at\/en\/golfclubs\/ungarn\/"},{"@type":"ListItem","position":4,"name":"GC Zala Springs Golf Resort"}]},{"@type":"WebSite","@id":"https:\/\/fairway2hotel.at\/en\/#website","url":"https:\/\/fairway2hotel.at\/en\/","name":"Fairway 2 Hotel","description":"Golf at half price! 2 play - 1 pays","potentialAction":[{"@type":"SearchAction","target":{"@type":"EntryPoint","urlTemplate":"https:\/\/fairway2hotel.at\/en\/?s={search_term_string}"},"query-input":{"@type":"PropertyValueSpecification","valueRequired":true,"valueName":"search_term_string"}}],"inLanguage":"en-US"}]}},"_links":{"self":[{"href":"https:\/\/fairway2hotel.at\/en\/wp-json\/wp\/v2\/pages\/1183","targetHints":{"allow":["GET"]}}],"collection":[{"href":"https:\/\/fairway2hotel.at\/en\/wp-json\/wp\/v2\/pages"}],"about":[{"href":"https:\/\/fairway2hotel.at\/en\/wp-json\/wp\/v2\/types\/page"}],"author":[{"embeddable":true,"href":"https:\/\/fairway2hotel.at\/en\/wp-json\/wp\/v2\/users\/1"}],"replies":[{"embeddable":true,"href":"https:\/\/fairway2hotel.at\/en\/wp-json\/wp\/v2\/comments?post=1183"}],"version-history":[{"count":11,"href":"https:\/\/fairway2hotel.at\/en\/wp-json\/wp\/v2\/pages\/1183\/revisions"}],"predecessor-version":[{"id":48436,"href":"https:\/\/fairway2hotel.at\/en\/wp-json\/wp\/v2\/pages\/1183\/revisions\/48436"}],"up":[{"embeddable":true,"href":"https:\/\/fairway2hotel.at\/en\/wp-json\/wp\/v2\/pages\/1725"}],"acf:attachment":[{"embeddable":true,"href":"https:\/\/fairway2hotel.at\/en\/wp-json\/wp\/v2\/media\/47790"},{"embeddable":true,"href":"https:\/\/fairway2hotel.at\/en\/wp-json\/wp\/v2\/media\/47788"},{"embeddable":true,"href":"https:\/\/fairway2hotel.at\/en\/wp-json\/wp\/v2\/media\/3603"},{"embeddable":true,"href":"https:\/\/fairway2hotel.at\/en\/wp-json\/wp\/v2\/media\/47786"}],"wp:attachment":[{"href":"https:\/\/fairway2hotel.at\/en\/wp-json\/wp\/v2\/media?parent=1183"}],"curies":[{"name":"wp","href":"https:\/\/api.w.org\/{rel}","templated":true}]}}