{"id":1200,"date":"2016-10-07T09:22:30","date_gmt":"2016-10-07T07:22:30","guid":{"rendered":"https:\/\/f2h.app\/golfclub-arlberg\/"},"modified":"2025-03-29T17:14:22","modified_gmt":"2025-03-29T16:14:22","slug":"golfclub-arlberg","status":"publish","type":"page","link":"https:\/\/fairway2hotel.at\/en\/golfclubs\/tirol\/golfclub-arlberg\/","title":{"rendered":"GC Arlberg"},"content":{"rendered":"<h2>Fairways in beeindruckender Bergkulisse in St. Anton am Arlberg<\/h2>\n<p>In ca. 1.304 m H\u00f6he befindet sich unsere 9-Loch-Golfanlage im Ortsteil Nasserein. Egal ob Anf\u00e4nger, erfahrener Golfer, Kinder oder Jugendliche, unser Golfplatz bietet f\u00fcr alle Golfspieler die M\u00f6glichkeit Ihr K\u00f6nnen unter Beweis zu stellen. Seit 2016 betreibt der Golf-Club Arlberg nun eine 9-Loch-Golfanlage, welche in das Skigebiet von St. Anton am Arlberg und den Ortsteil Nasserein eingebettet ist. Der landschaftlich reizvolle Golfplatz bietet wundersch\u00f6ne Bahnen f\u00fcr erfahrene Golfspieler und die M\u00f6glichkeit, ersten Kontakt mit Ball und Rasen zu genie\u00dfen. Wir w\u00fcnschen Ihnen viel Vergn\u00fcgen auf unserem alpinen Golfplatz!<\/p>\n<h2>Fairways in an impressive mountain setting in St. Anton am Arlberg<\/h2>\n<p>Our 9-hole golf course is located at an altitude of approx. 1,304 m in the Nasserein district.<br \/>\nWhether you are a beginner, experienced golfer, child or teenager, our golf course offers all golfers the opportunity to put their skills to the test.<br \/>\nSince 2016, the Golf-Club Arlberg has been operating a 9-hole golf course, which is embedded in the ski area of St. Anton am Arlberg and the district of Nasserein. The scenic golf course offers beautiful holes for experienced golfers and the opportunity to enjoy your first contact with the ball and the grass. We wish you lots of fun on our alpine golf course!<\/p>\n<p>&nbsp;<\/p>\n","protected":false},"excerpt":{"rendered":"<p>Fairways in beeindruckender Bergkulisse in St. Anton am Arlberg In ca. 1.304 m H\u00f6he befindet sich unsere 9-Loch-Golfanlage im Ortsteil Nasserein. Egal ob Anf\u00e4nger, erfahrener Golfer, Kinder oder Jugendliche, unser Golfplatz bietet f\u00fcr alle Golfspieler die M\u00f6glichkeit Ihr K\u00f6nnen unter Beweis zu stellen. Seit 2016 betreibt der Golf-Club Arlberg nun eine 9-Loch-Golfanlage, welche in das [&hellip;]<\/p>\n","protected":false},"author":1,"featured_media":0,"parent":1592,"menu_order":0,"comment_status":"closed","ping_status":"closed","template":"page-partner.php","meta":{"_acf_changed":false,"footnotes":""},"class_list":["post-1200","page","type-page","status-publish","hentry"],"acf":{"partner_infobox":"<strong>Adresse:\u00a0<\/strong>Nasserein6580 St. Anton am Arlberg\r\n\r\n<strong>Tel:\u00a0<\/strong>05446\/2103\r\n\r\n<strong>Web: <\/strong><a href=\"http:\/\/www.golfarlberg.at\" target=\"_blank\" rel=\"nofollow noopener\">http:\/\/www.golfarlberg.at<\/a>\r\n\r\n<strong>E-Mail:<\/strong> <a href=\"mailto:golfclub-arlberg@st-anton.at\">golfclub-arlberg@st-anton.at<\/a>\r\n\r\n<strong>Spielbahnen\/Par: <\/strong>9\r\nPAR 3: Loch 1, 2, 4, 5, 6, 7 und 9\r\nPAR 4: Loch 3 und 8\r\n\r\n<strong>La\u0308nge: <\/strong>Gelb: 4188 m,\u00a0Rot: 3730 m\r\n\r\n<em><strong>Bedingungen:\r\n<\/strong>Nur mit reservierter Startzeit. Ausgenommen an Turniertagen<\/em>\r\n\r\n<strong>Anfahrt:\r\n<\/strong>Von Innsbruck: A12 \u2192 Bregenz\u00a0\u2192 \u00a0Ausfahrt S16 St. Anton am Arlberg\u00a0\u2192 B197\u00a0\u2192\u00a0St. Anton am Arlberg, Nassereiner Stra\u00dfe folgen\r\nDer Golf-Club Arlberg befindet sich hinter der Talstation der Nassereiner Bahn (blaue Gondel).","partner_logo":1199,"partner_gallery":[2785,47170],"partner_lat":47.135384,"partner_long":10.272574,"partner_type":"golfclub","partner_openings":["1","2","3","4","5","6","7"],"montag_von_bis":"00:00 - 24:00","dienstag_von_bis":"00:00 - 24:00","mittwoch_von_bis":"00:00 - 24:00","donnerstag_von_bis":"00:00 - 24:00","freitag_von_bis":"00:00 - 24:00","samstag_von_bis":"00:00 - 24:00","sonntag_von_bis":"00:00 - 24:00","partner_adresse":"Nasserein, 6580 St. Anton am Arlberg","partner_land_bundesland":"Tirol","partner_tel_1":"","partner_tel_2":"0043 5446 2103","partner_web":"http:\/\/www.golfarlberg.at","partner_mail":"golfclub-arlberg@st-anton.at","partner_spielbahnen_par":"9\/58","partner_laenge":"Gelb: 4188 m,\u00a0Rot: 3730 m","partner_bedingungen":"","partner_anfahrt":"Von Innsbruck: A12 \u2192 Bregenz\u00a0\u2192 \u00a0Ausfahrt S16 St. Anton am Arlberg\u00a0\u2192 B197\u00a0\u2192\u00a0St. Anton am Arlberg, Nassereiner Stra\u00dfe folgen Der Golf-Club Arlberg befindet sich hinter der Talstation der Nassereiner Bahn (blaue Gondel).","partner_misc":null,"additional_css_classes":""},"yoast_head":"<!-- This site is optimized with the Yoast SEO plugin v26.8 - https:\/\/yoast.com\/product\/yoast-seo-wordpress\/ -->\n<title>GC Arlberg - Fairway 2 Hotel<\/title>\n<meta name=\"robots\" content=\"index, follow, max-snippet:-1, max-image-preview:large, max-video-preview:-1\" \/>\n<link rel=\"canonical\" href=\"https:\/\/fairway2hotel.at\/en\/golfclubs\/tirol\/golfclub-arlberg\/\" \/>\n<meta property=\"og:locale\" content=\"en_US\" \/>\n<meta property=\"og:type\" content=\"article\" \/>\n<meta property=\"og:title\" content=\"GC Arlberg - Fairway 2 Hotel\" \/>\n<meta property=\"og:description\" content=\"Fairways in beeindruckender Bergkulisse in St. Anton am Arlberg In ca. 1.304 m H\u00f6he befindet sich unsere 9-Loch-Golfanlage im Ortsteil Nasserein. Egal ob Anf\u00e4nger, erfahrener Golfer, Kinder oder Jugendliche, unser Golfplatz bietet f\u00fcr alle Golfspieler die M\u00f6glichkeit Ihr K\u00f6nnen unter Beweis zu stellen. Seit 2016 betreibt der Golf-Club Arlberg nun eine 9-Loch-Golfanlage, welche in das [&hellip;]\" \/>\n<meta property=\"og:url\" content=\"https:\/\/fairway2hotel.at\/en\/golfclubs\/tirol\/golfclub-arlberg\/\" \/>\n<meta property=\"og:site_name\" content=\"Fairway 2 Hotel\" \/>\n<meta property=\"article:modified_time\" content=\"2025-03-29T16:14:22+00:00\" \/>\n<meta name=\"twitter:card\" content=\"summary_large_image\" \/>\n<meta name=\"twitter:label1\" content=\"Est. reading time\" \/>\n\t<meta name=\"twitter:data1\" content=\"2 minutes\" \/>\n<script type=\"application\/ld+json\" class=\"yoast-schema-graph\">{\"@context\":\"https:\/\/schema.org\",\"@graph\":[{\"@type\":\"WebPage\",\"@id\":\"https:\/\/fairway2hotel.at\/en\/golfclubs\/tirol\/golfclub-arlberg\/\",\"url\":\"https:\/\/fairway2hotel.at\/en\/golfclubs\/tirol\/golfclub-arlberg\/\",\"name\":\"GC Arlberg - Fairway 2 Hotel\",\"isPartOf\":{\"@id\":\"https:\/\/fairway2hotel.at\/en\/#website\"},\"datePublished\":\"2016-10-07T07:22:30+00:00\",\"dateModified\":\"2025-03-29T16:14:22+00:00\",\"breadcrumb\":{\"@id\":\"https:\/\/fairway2hotel.at\/en\/golfclubs\/tirol\/golfclub-arlberg\/#breadcrumb\"},\"inLanguage\":\"en-US\",\"potentialAction\":[{\"@type\":\"ReadAction\",\"target\":[\"https:\/\/fairway2hotel.at\/en\/golfclubs\/tirol\/golfclub-arlberg\/\"]}]},{\"@type\":\"BreadcrumbList\",\"@id\":\"https:\/\/fairway2hotel.at\/en\/golfclubs\/tirol\/golfclub-arlberg\/#breadcrumb\",\"itemListElement\":[{\"@type\":\"ListItem\",\"position\":1,\"name\":\"Home\",\"item\":\"https:\/\/fairway2hotel.at\/en\/\"},{\"@type\":\"ListItem\",\"position\":2,\"name\":\"Golfclubs\",\"item\":\"https:\/\/fairway2hotel.at\/en\/golfclubs\/\"},{\"@type\":\"ListItem\",\"position\":3,\"name\":\"Golfclubs Tirol\",\"item\":\"https:\/\/fairway2hotel.at\/en\/golfclubs\/tirol\/\"},{\"@type\":\"ListItem\",\"position\":4,\"name\":\"GC Arlberg\"}]},{\"@type\":\"WebSite\",\"@id\":\"https:\/\/fairway2hotel.at\/en\/#website\",\"url\":\"https:\/\/fairway2hotel.at\/en\/\",\"name\":\"Fairway 2 Hotel\",\"description\":\"Golf at half price! 2 play - 1 pays\",\"potentialAction\":[{\"@type\":\"SearchAction\",\"target\":{\"@type\":\"EntryPoint\",\"urlTemplate\":\"https:\/\/fairway2hotel.at\/en\/?s={search_term_string}\"},\"query-input\":{\"@type\":\"PropertyValueSpecification\",\"valueRequired\":true,\"valueName\":\"search_term_string\"}}],\"inLanguage\":\"en-US\"}]}<\/script>\n<!-- \/ Yoast SEO plugin. -->","yoast_head_json":{"title":"GC Arlberg - Fairway 2 Hotel","robots":{"index":"index","follow":"follow","max-snippet":"max-snippet:-1","max-image-preview":"max-image-preview:large","max-video-preview":"max-video-preview:-1"},"canonical":"https:\/\/fairway2hotel.at\/en\/golfclubs\/tirol\/golfclub-arlberg\/","og_locale":"en_US","og_type":"article","og_title":"GC Arlberg - Fairway 2 Hotel","og_description":"Fairways in beeindruckender Bergkulisse in St. Anton am Arlberg In ca. 1.304 m H\u00f6he befindet sich unsere 9-Loch-Golfanlage im Ortsteil Nasserein. Egal ob Anf\u00e4nger, erfahrener Golfer, Kinder oder Jugendliche, unser Golfplatz bietet f\u00fcr alle Golfspieler die M\u00f6glichkeit Ihr K\u00f6nnen unter Beweis zu stellen. Seit 2016 betreibt der Golf-Club Arlberg nun eine 9-Loch-Golfanlage, welche in das [&hellip;]","og_url":"https:\/\/fairway2hotel.at\/en\/golfclubs\/tirol\/golfclub-arlberg\/","og_site_name":"Fairway 2 Hotel","article_modified_time":"2025-03-29T16:14:22+00:00","twitter_card":"summary_large_image","twitter_misc":{"Est. reading time":"2 minutes"},"schema":{"@context":"https:\/\/schema.org","@graph":[{"@type":"WebPage","@id":"https:\/\/fairway2hotel.at\/en\/golfclubs\/tirol\/golfclub-arlberg\/","url":"https:\/\/fairway2hotel.at\/en\/golfclubs\/tirol\/golfclub-arlberg\/","name":"GC Arlberg - Fairway 2 Hotel","isPartOf":{"@id":"https:\/\/fairway2hotel.at\/en\/#website"},"datePublished":"2016-10-07T07:22:30+00:00","dateModified":"2025-03-29T16:14:22+00:00","breadcrumb":{"@id":"https:\/\/fairway2hotel.at\/en\/golfclubs\/tirol\/golfclub-arlberg\/#breadcrumb"},"inLanguage":"en-US","potentialAction":[{"@type":"ReadAction","target":["https:\/\/fairway2hotel.at\/en\/golfclubs\/tirol\/golfclub-arlberg\/"]}]},{"@type":"BreadcrumbList","@id":"https:\/\/fairway2hotel.at\/en\/golfclubs\/tirol\/golfclub-arlberg\/#breadcrumb","itemListElement":[{"@type":"ListItem","position":1,"name":"Home","item":"https:\/\/fairway2hotel.at\/en\/"},{"@type":"ListItem","position":2,"name":"Golfclubs","item":"https:\/\/fairway2hotel.at\/en\/golfclubs\/"},{"@type":"ListItem","position":3,"name":"Golfclubs Tirol","item":"https:\/\/fairway2hotel.at\/en\/golfclubs\/tirol\/"},{"@type":"ListItem","position":4,"name":"GC Arlberg"}]},{"@type":"WebSite","@id":"https:\/\/fairway2hotel.at\/en\/#website","url":"https:\/\/fairway2hotel.at\/en\/","name":"Fairway 2 Hotel","description":"Golf at half price! 2 play - 1 pays","potentialAction":[{"@type":"SearchAction","target":{"@type":"EntryPoint","urlTemplate":"https:\/\/fairway2hotel.at\/en\/?s={search_term_string}"},"query-input":{"@type":"PropertyValueSpecification","valueRequired":true,"valueName":"search_term_string"}}],"inLanguage":"en-US"}]}},"_links":{"self":[{"href":"https:\/\/fairway2hotel.at\/en\/wp-json\/wp\/v2\/pages\/1200","targetHints":{"allow":["GET"]}}],"collection":[{"href":"https:\/\/fairway2hotel.at\/en\/wp-json\/wp\/v2\/pages"}],"about":[{"href":"https:\/\/fairway2hotel.at\/en\/wp-json\/wp\/v2\/types\/page"}],"author":[{"embeddable":true,"href":"https:\/\/fairway2hotel.at\/en\/wp-json\/wp\/v2\/users\/1"}],"replies":[{"embeddable":true,"href":"https:\/\/fairway2hotel.at\/en\/wp-json\/wp\/v2\/comments?post=1200"}],"version-history":[{"count":13,"href":"https:\/\/fairway2hotel.at\/en\/wp-json\/wp\/v2\/pages\/1200\/revisions"}],"predecessor-version":[{"id":47172,"href":"https:\/\/fairway2hotel.at\/en\/wp-json\/wp\/v2\/pages\/1200\/revisions\/47172"}],"up":[{"embeddable":true,"href":"https:\/\/fairway2hotel.at\/en\/wp-json\/wp\/v2\/pages\/1592"}],"acf:attachment":[{"embeddable":true,"href":"https:\/\/fairway2hotel.at\/en\/wp-json\/wp\/v2\/media\/47170"},{"embeddable":true,"href":"https:\/\/fairway2hotel.at\/en\/wp-json\/wp\/v2\/media\/2785"}],"wp:attachment":[{"href":"https:\/\/fairway2hotel.at\/en\/wp-json\/wp\/v2\/media?parent=1200"}],"curies":[{"name":"wp","href":"https:\/\/api.w.org\/{rel}","templated":true}]}}